{"id":800,"date":"2020-08-07T11:14:14","date_gmt":"2020-08-07T08:14:14","guid":{"rendered":"https:\/\/sites.uef.fi\/flippaus\/?page_id=800"},"modified":"2023-10-31T09:19:02","modified_gmt":"2023-10-31T07:19:02","slug":"esiintyminen-videolla","status":"publish","type":"page","link":"https:\/\/sites.uef.fi\/flippaus\/flippauksen-toteutus\/ennakkomateriaalit\/esiintyminen-videolla\/","title":{"rendered":"Esiintyminen videolla"},"content":{"rendered":"\n<h1 class=\"wp-block-heading\">Esiintyminen ja esitt\u00e4minen videoilla<\/h1>\n\n\n\n<p>Luennoimisen muuttuminen taltioinniksi ja yleis\u00f6n vaihtuminen tietokoneen ruuduksi saattaa aiheuttaa tunteen siit\u00e4, ettei esiintyminen ole kovin oleellista. Toisaalta saattaa tuntua, ett\u00e4 videoiden tekeminen on esiintymisen kannalta hankalaa. N\u00e4in ei kuitenkaan ole.&nbsp; Esitysmateriaalia voi el\u00e4v\u00f6itt\u00e4\u00e4 ja havainnollistaa eri tavoin, lis\u00e4ksi puhe ja materiaalin havainnollisuus ovat merkityksellisess\u00e4 roolissa, kun kasvokkaisviestint\u00e4\u00e4 ei ole. Seuraavilla videoilla puheviestinn\u00e4n yliopisto-opettaja Sanna Niskanen k\u00e4sittelee esitt\u00e4miseen, esiintymiseen ja opettamiseen liittyvi\u00e4 asioita, jotka soveltuvat my\u00f6s perinteiseen opetukseen.<\/p>\n\n\n\n<h2 class=\"wp-block-heading\" id=\"videosuunn\">Videoiden suunnittelun pohjaksi<\/h2>\n\n\n\n<p>Videolla k\u00e4sitell\u00e4\u00e4n esitt\u00e4misen ja opetuksen yhtenev\u00e4isyyksi\u00e4 ja eroja. Lis\u00e4ksi perehdyt\u00e4\u00e4n videon merkitykseen opetuksessa ja oppimisessa, sek\u00e4 opettajan merkityksellist\u00e4 roolia oppimisen tukena. Videon kesto on 6:18.<\/p>\n\n\n<iframe loading=\"lazy\" src=\"https:\/\/uef.cloud.panopto.eu\/Panopto\/Pages\/Embed.aspx?id=6ec51aec-4785-4f1b-a25f-b06700c91691&autoplay=false&offerviewer=false&showtitle=false&showbrand=false&captions=false&interactivity=none\" height=\"375\" width=\"500\" style=\"border: 1px solid #464646;\" allowfullscreen allow=\"autoplay\" aria-label=\"Panopto Embedded Video Player\"><\/iframe>\n\n\n\n<h2 class=\"wp-block-heading\" id=\"opetusviestutkimus\">Tiivis katsaus opetusviestinn\u00e4n tutkimukseen<\/h2>\n\n\n\n<p>Videolla (kesto 10:17) esitell\u00e4\u00e4n tutkimuksissa esiin tulleita viestinn\u00e4llisi\u00e4 asioita, joilla on vaikutusta oppimiseen ja vuorovaikutukseen ja joita kannattaa pohtia niin materiaalia laadittaessa kuin kontaktiopetuksenkin osalta.<\/p>\n\n\n<iframe loading=\"lazy\" src=\"https:\/\/uef.cloud.panopto.eu\/Panopto\/Pages\/Embed.aspx?id=fb0aef5f-59da-47ca-93fc-b06800589c9d&autoplay=false&offerviewer=false&showtitle=false&showbrand=false&captions=false&interactivity=none\" height=\"375\" width=\"500\" style=\"border: 1px solid #464646;\" allowfullscreen allow=\"autoplay\" aria-label=\"Panopto Embedded Video Player\"><\/iframe>\n\n\n\n<h2 class=\"wp-block-heading\" id=\"opettaminenvideolla\">Opettaminen videolla<\/h2>\n\n\n\n<p>Miten esit\u00e4n asioita videolla? Kuvaanko itse\u00e4ni vai n\u00e4yt\u00e4nk\u00f6 dioja? Videolla, jonka kesto on 10:36, k\u00e4sitell\u00e4\u00e4n videon suunnittelua opetuksen n\u00e4k\u00f6kulmasta ja siin\u00e4 huomioitavia asioita.<\/p>\n\n\n<iframe loading=\"lazy\" src=\"https:\/\/uef.cloud.panopto.eu\/Panopto\/Pages\/Embed.aspx?id=f98053c3-0def-4a4c-94ca-b06800565cc7&autoplay=false&offerviewer=false&showtitle=false&showbrand=false&captions=false&interactivity=none\" height=\"375\" width=\"500\" style=\"border: 1px solid #464646;\" allowfullscreen allow=\"autoplay\" aria-label=\"Panopto Embedded Video Player\"><\/iframe>\n\n\n\n<h2 class=\"wp-block-heading\" id=\"kuvavideo\">Kuva video-opetuksessa<\/h2>\n\n\n\n<p>Milloin k\u00e4ytt\u00e4\u00e4 puhuvaa p\u00e4\u00e4t\u00e4? Pohdittavia asioita videon sis\u00e4ll\u00f6n suunnitteluun ja tuottamiseen (videon kesto 05:40):<\/p>\n\n\n<iframe loading=\"lazy\" src=\"https:\/\/uef.cloud.panopto.eu\/Panopto\/Pages\/Embed.aspx?id=d2d1f294-afc0-49b8-8f31-b06700ce5e9c&autoplay=false&offerviewer=false&showtitle=false&showbrand=false&captions=false&interactivity=none\" height=\"375\" width=\"500\" style=\"border: 1px solid #464646;\" allowfullscreen allow=\"autoplay\" aria-label=\"Panopto Embedded Video Player\"><\/iframe>\n\n\n\n<h2 class=\"wp-block-heading\" id=\"diasuunnittelu\">Muutamia vinkkej\u00e4 luentovideoiden tekemiseen<\/h2>\n\n\n\n<p>Asiasta ja aiheesta riippuen on esitystapoja ja ohjelmia useita. Opetusvideoita tehdess\u00e4 kannattaa huomiota kiinnitt\u00e4\u00e4 esitykseen, sill\u00e4 opiskelijat katsovat materiaaleja erikokoisilta n\u00e4yt\u00f6ilt\u00e4 eik\u00e4 diaa siksi kannata t\u00e4ytt\u00e4\u00e4 tekstill\u00e4. Videolla Jenni Kankaanp\u00e4\u00e4 k\u00e4y l\u00e4pi luentotyyppisten diaesitysten laatimiseen liittyvi\u00e4 asioita sek\u00e4 toisaalta esitt\u00e4mist\u00e4 \u2013kuinka viitata dioihin, kun ei kasvokkaisviestint\u00e4\u00e4 tai pointteria ole k\u00e4ytett\u00e4viss\u00e4. Koska videot ovat katsottavissa uudelleen ja niit\u00e4 voi kelata, voi asiat selitt\u00e4\u00e4 puhuen ja laittaa vain p\u00e4\u00e4asiat dioille.<\/p>\n\n\n<iframe loading=\"lazy\" src=\"https:\/\/uef.cloud.panopto.eu\/Panopto\/Pages\/Embed.aspx?id=d60c1300-fed4-4f07-80a7-b098006e08ca&autoplay=false&offerviewer=false&showtitle=false&showbrand=false&captions=false&interactivity=none\" height=\"375\" width=\"500\" style=\"border: 1px solid #464646;\" allowfullscreen allow=\"autoplay\" aria-label=\"Panopto Embedded Video Player\"><\/iframe>\n\n\n\n<p>Erityisesti julkisesti saatavilla olevissa videoissa tulisi huomioida saavutettavuus. Edellinen video on tekstitetty j\u00e4lkik\u00e4teen Screencast-O-Matic -ohjelmalla. Dioja suunniteltaessa kannattaakin huomioida tekstityksen tarvitsema tila, ettei tekstitys mene p\u00e4\u00e4llekk\u00e4in muun dian sis\u00e4ll\u00f6n kanssa!<\/p>\n","protected":false},"excerpt":{"rendered":"<p>Esiintyminen ja esitt\u00e4minen videoilla Luennoimisen muuttuminen taltioinniksi ja yleis\u00f6n vaihtuminen tietokoneen ruuduksi saattaa aiheuttaa tunteen siit\u00e4, ettei esiintyminen ole kovin oleellista. Toisaalta saattaa tuntua, ett\u00e4 videoiden tekeminen on esiintymisen kannalta hankalaa. N\u00e4in ei kuitenkaan ole.&nbsp; Esitysmateriaalia voi el\u00e4v\u00f6itt\u00e4\u00e4 ja havainnollistaa eri tavoin, lis\u00e4ksi puhe ja materiaalin havainnollisuus ovat merkityksellisess\u00e4 roolissa, kun kasvokkaisviestint\u00e4\u00e4 ei ole. Seuraavilla &hellip; <\/p>\n<p class=\"link-more\"><a href=\"https:\/\/sites.uef.fi\/flippaus\/flippauksen-toteutus\/ennakkomateriaalit\/esiintyminen-videolla\/\" class=\"more-link\">Jatka lukemista<span class=\"screen-reader-text\"> &#8221;Esiintyminen videolla&#8221;<\/span><\/a><\/p>\n","protected":false},"author":176,"featured_media":0,"parent":788,"menu_order":1,"comment_status":"closed","ping_status":"closed","template":"","meta":{"_acf_changed":false,"_monsterinsights_skip_tracking":false,"_monsterinsights_sitenote_active":false,"_monsterinsights_sitenote_note":"","_monsterinsights_sitenote_category":0,"footnotes":""},"class_list":["post-800","page","type-page","status-publish","hentry"],"acf":[],"yoast_head":"<!-- This site is optimized with the Yoast SEO plugin v27.1.1 - https:\/\/yoast.com\/product\/yoast-seo-wordpress\/ -->\n<title>Esiintyminen videolla - Flipped Learning<\/title>\n<meta name=\"robots\" content=\"index, follow, max-snippet:-1, max-image-preview:large, max-video-preview:-1\" \/>\n<link rel=\"canonical\" href=\"https:\/\/sites.uef.fi\/flippaus\/flippauksen-toteutus\/ennakkomateriaalit\/esiintyminen-videolla\/\" \/>\n<meta property=\"og:locale\" content=\"fi_FI\" \/>\n<meta property=\"og:type\" content=\"article\" \/>\n<meta property=\"og:title\" content=\"Esiintyminen videolla - Flipped Learning\" \/>\n<meta property=\"og:description\" content=\"Esiintyminen ja esitt\u00e4minen videoilla Luennoimisen muuttuminen taltioinniksi ja yleis\u00f6n vaihtuminen tietokoneen ruuduksi saattaa aiheuttaa tunteen siit\u00e4, ettei esiintyminen ole kovin oleellista. Toisaalta saattaa tuntua, ett\u00e4 videoiden tekeminen on esiintymisen kannalta hankalaa. N\u00e4in ei kuitenkaan ole.&nbsp; Esitysmateriaalia voi el\u00e4v\u00f6itt\u00e4\u00e4 ja havainnollistaa eri tavoin, lis\u00e4ksi puhe ja materiaalin havainnollisuus ovat merkityksellisess\u00e4 roolissa, kun kasvokkaisviestint\u00e4\u00e4 ei ole. Seuraavilla &hellip; Jatka lukemista &quot;Esiintyminen videolla&quot;\" \/>\n<meta property=\"og:url\" content=\"https:\/\/sites.uef.fi\/flippaus\/flippauksen-toteutus\/ennakkomateriaalit\/esiintyminen-videolla\/\" \/>\n<meta property=\"og:site_name\" content=\"Flipped Learning\" \/>\n<meta property=\"article:modified_time\" content=\"2023-10-31T07:19:02+00:00\" \/>\n<meta name=\"twitter:card\" content=\"summary_large_image\" \/>\n<meta name=\"twitter:label1\" content=\"Arvioitu lukuaika\" \/>\n\t<meta name=\"twitter:data1\" content=\"2 minuuttia\" \/>\n<script type=\"application\/ld+json\" class=\"yoast-schema-graph\">{\"@context\":\"https:\/\/schema.org\",\"@graph\":[{\"@type\":\"WebPage\",\"@id\":\"https:\/\/sites.uef.fi\/flippaus\/flippauksen-toteutus\/ennakkomateriaalit\/esiintyminen-videolla\/\",\"url\":\"https:\/\/sites.uef.fi\/flippaus\/flippauksen-toteutus\/ennakkomateriaalit\/esiintyminen-videolla\/\",\"name\":\"Esiintyminen videolla - Flipped Learning\",\"isPartOf\":{\"@id\":\"https:\/\/sites.uef.fi\/flippaus\/#website\"},\"datePublished\":\"2020-08-07T08:14:14+00:00\",\"dateModified\":\"2023-10-31T07:19:02+00:00\",\"breadcrumb\":{\"@id\":\"https:\/\/sites.uef.fi\/flippaus\/flippauksen-toteutus\/ennakkomateriaalit\/esiintyminen-videolla\/#breadcrumb\"},\"inLanguage\":\"fi\",\"potentialAction\":[{\"@type\":\"ReadAction\",\"target\":[\"https:\/\/sites.uef.fi\/flippaus\/flippauksen-toteutus\/ennakkomateriaalit\/esiintyminen-videolla\/\"]}]},{\"@type\":\"BreadcrumbList\",\"@id\":\"https:\/\/sites.uef.fi\/flippaus\/flippauksen-toteutus\/ennakkomateriaalit\/esiintyminen-videolla\/#breadcrumb\",\"itemListElement\":[{\"@type\":\"ListItem\",\"position\":1,\"name\":\"Home\",\"item\":\"https:\/\/sites.uef.fi\/flippaus\/\"},{\"@type\":\"ListItem\",\"position\":2,\"name\":\"Flippauksen toteutus\",\"item\":\"https:\/\/sites.uef.fi\/flippaus\/flippauksen-toteutus\/\"},{\"@type\":\"ListItem\",\"position\":3,\"name\":\"Ennakkomateriaalit\",\"item\":\"https:\/\/sites.uef.fi\/flippaus\/flippauksen-toteutus\/ennakkomateriaalit\/\"},{\"@type\":\"ListItem\",\"position\":4,\"name\":\"Esiintyminen videolla\"}]},{\"@type\":\"WebSite\",\"@id\":\"https:\/\/sites.uef.fi\/flippaus\/#website\",\"url\":\"https:\/\/sites.uef.fi\/flippaus\/\",\"name\":\"Flipped Learning\",\"description\":\"\",\"publisher\":{\"@id\":\"https:\/\/sites.uef.fi\/flippaus\/#organization\"},\"potentialAction\":[{\"@type\":\"SearchAction\",\"target\":{\"@type\":\"EntryPoint\",\"urlTemplate\":\"https:\/\/sites.uef.fi\/flippaus\/?s={search_term_string}\"},\"query-input\":{\"@type\":\"PropertyValueSpecification\",\"valueRequired\":true,\"valueName\":\"search_term_string\"}}],\"inLanguage\":\"fi\"},{\"@type\":\"Organization\",\"@id\":\"https:\/\/sites.uef.fi\/flippaus\/#organization\",\"name\":\"Flipped Learning\",\"url\":\"https:\/\/sites.uef.fi\/flippaus\/\",\"logo\":{\"@type\":\"ImageObject\",\"inLanguage\":\"fi\",\"@id\":\"https:\/\/sites.uef.fi\/flippaus\/#\/schema\/logo\/image\/\",\"url\":\"https:\/\/sites.uef.fi\/flippaus\/wp-content\/uploads\/sites\/83\/2020\/05\/cropped-UEF_wordpress_white.png\",\"contentUrl\":\"https:\/\/sites.uef.fi\/flippaus\/wp-content\/uploads\/sites\/83\/2020\/05\/cropped-UEF_wordpress_white.png\",\"width\":250,\"height\":250,\"caption\":\"Flipped Learning\"},\"image\":{\"@id\":\"https:\/\/sites.uef.fi\/flippaus\/#\/schema\/logo\/image\/\"}}]}<\/script>\n<!-- \/ Yoast SEO plugin. -->","yoast_head_json":{"title":"Esiintyminen videolla - Flipped Learning","robots":{"index":"index","follow":"follow","max-snippet":"max-snippet:-1","max-image-preview":"max-image-preview:large","max-video-preview":"max-video-preview:-1"},"canonical":"https:\/\/sites.uef.fi\/flippaus\/flippauksen-toteutus\/ennakkomateriaalit\/esiintyminen-videolla\/","og_locale":"fi_FI","og_type":"article","og_title":"Esiintyminen videolla - Flipped Learning","og_description":"Esiintyminen ja esitt\u00e4minen videoilla Luennoimisen muuttuminen taltioinniksi ja yleis\u00f6n vaihtuminen tietokoneen ruuduksi saattaa aiheuttaa tunteen siit\u00e4, ettei esiintyminen ole kovin oleellista. Toisaalta saattaa tuntua, ett\u00e4 videoiden tekeminen on esiintymisen kannalta hankalaa. N\u00e4in ei kuitenkaan ole.&nbsp; Esitysmateriaalia voi el\u00e4v\u00f6itt\u00e4\u00e4 ja havainnollistaa eri tavoin, lis\u00e4ksi puhe ja materiaalin havainnollisuus ovat merkityksellisess\u00e4 roolissa, kun kasvokkaisviestint\u00e4\u00e4 ei ole. Seuraavilla &hellip; Jatka lukemista \"Esiintyminen videolla\"","og_url":"https:\/\/sites.uef.fi\/flippaus\/flippauksen-toteutus\/ennakkomateriaalit\/esiintyminen-videolla\/","og_site_name":"Flipped Learning","article_modified_time":"2023-10-31T07:19:02+00:00","twitter_card":"summary_large_image","twitter_misc":{"Arvioitu lukuaika":"2 minuuttia"},"schema":{"@context":"https:\/\/schema.org","@graph":[{"@type":"WebPage","@id":"https:\/\/sites.uef.fi\/flippaus\/flippauksen-toteutus\/ennakkomateriaalit\/esiintyminen-videolla\/","url":"https:\/\/sites.uef.fi\/flippaus\/flippauksen-toteutus\/ennakkomateriaalit\/esiintyminen-videolla\/","name":"Esiintyminen videolla - Flipped Learning","isPartOf":{"@id":"https:\/\/sites.uef.fi\/flippaus\/#website"},"datePublished":"2020-08-07T08:14:14+00:00","dateModified":"2023-10-31T07:19:02+00:00","breadcrumb":{"@id":"https:\/\/sites.uef.fi\/flippaus\/flippauksen-toteutus\/ennakkomateriaalit\/esiintyminen-videolla\/#breadcrumb"},"inLanguage":"fi","potentialAction":[{"@type":"ReadAction","target":["https:\/\/sites.uef.fi\/flippaus\/flippauksen-toteutus\/ennakkomateriaalit\/esiintyminen-videolla\/"]}]},{"@type":"BreadcrumbList","@id":"https:\/\/sites.uef.fi\/flippaus\/flippauksen-toteutus\/ennakkomateriaalit\/esiintyminen-videolla\/#breadcrumb","itemListElement":[{"@type":"ListItem","position":1,"name":"Home","item":"https:\/\/sites.uef.fi\/flippaus\/"},{"@type":"ListItem","position":2,"name":"Flippauksen toteutus","item":"https:\/\/sites.uef.fi\/flippaus\/flippauksen-toteutus\/"},{"@type":"ListItem","position":3,"name":"Ennakkomateriaalit","item":"https:\/\/sites.uef.fi\/flippaus\/flippauksen-toteutus\/ennakkomateriaalit\/"},{"@type":"ListItem","position":4,"name":"Esiintyminen videolla"}]},{"@type":"WebSite","@id":"https:\/\/sites.uef.fi\/flippaus\/#website","url":"https:\/\/sites.uef.fi\/flippaus\/","name":"Flipped Learning","description":"","publisher":{"@id":"https:\/\/sites.uef.fi\/flippaus\/#organization"},"potentialAction":[{"@type":"SearchAction","target":{"@type":"EntryPoint","urlTemplate":"https:\/\/sites.uef.fi\/flippaus\/?s={search_term_string}"},"query-input":{"@type":"PropertyValueSpecification","valueRequired":true,"valueName":"search_term_string"}}],"inLanguage":"fi"},{"@type":"Organization","@id":"https:\/\/sites.uef.fi\/flippaus\/#organization","name":"Flipped Learning","url":"https:\/\/sites.uef.fi\/flippaus\/","logo":{"@type":"ImageObject","inLanguage":"fi","@id":"https:\/\/sites.uef.fi\/flippaus\/#\/schema\/logo\/image\/","url":"https:\/\/sites.uef.fi\/flippaus\/wp-content\/uploads\/sites\/83\/2020\/05\/cropped-UEF_wordpress_white.png","contentUrl":"https:\/\/sites.uef.fi\/flippaus\/wp-content\/uploads\/sites\/83\/2020\/05\/cropped-UEF_wordpress_white.png","width":250,"height":250,"caption":"Flipped Learning"},"image":{"@id":"https:\/\/sites.uef.fi\/flippaus\/#\/schema\/logo\/image\/"}}]}},"_links":{"self":[{"href":"https:\/\/sites.uef.fi\/flippaus\/wp-json\/wp\/v2\/pages\/800","targetHints":{"allow":["GET"]}}],"collection":[{"href":"https:\/\/sites.uef.fi\/flippaus\/wp-json\/wp\/v2\/pages"}],"about":[{"href":"https:\/\/sites.uef.fi\/flippaus\/wp-json\/wp\/v2\/types\/page"}],"author":[{"embeddable":true,"href":"https:\/\/sites.uef.fi\/flippaus\/wp-json\/wp\/v2\/users\/176"}],"replies":[{"embeddable":true,"href":"https:\/\/sites.uef.fi\/flippaus\/wp-json\/wp\/v2\/comments?post=800"}],"version-history":[{"count":2,"href":"https:\/\/sites.uef.fi\/flippaus\/wp-json\/wp\/v2\/pages\/800\/revisions"}],"predecessor-version":[{"id":3433,"href":"https:\/\/sites.uef.fi\/flippaus\/wp-json\/wp\/v2\/pages\/800\/revisions\/3433"}],"up":[{"embeddable":true,"href":"https:\/\/sites.uef.fi\/flippaus\/wp-json\/wp\/v2\/pages\/788"}],"wp:attachment":[{"href":"https:\/\/sites.uef.fi\/flippaus\/wp-json\/wp\/v2\/media?parent=800"}],"curies":[{"name":"wp","href":"https:\/\/api.w.org\/{rel}","templated":true}]}}