{"id":818,"date":"2020-08-07T11:21:12","date_gmt":"2020-08-07T08:21:12","guid":{"rendered":"https:\/\/sites.uef.fi\/flippaus\/?page_id=818"},"modified":"2023-10-31T09:19:18","modified_gmt":"2023-10-31T07:19:18","slug":"kontaktiopetus","status":"publish","type":"page","link":"https:\/\/sites.uef.fi\/flippaus\/flippauksen-toteutus\/kontaktiopetus\/","title":{"rendered":"Kontaktiopetus"},"content":{"rendered":"\n<h1 class=\"wp-block-heading\">Mit\u00e4 tehd\u00e4 kontaktiopetuksessa?<\/h1>\n\n\n\n<p>Kontaktiopetus on flippauksen toinen eritt\u00e4in t\u00e4rke\u00e4 osa, jota kaikki ennakkomateriaali palvelee. T\u00e4m\u00e4 yht\u00e4l\u00f6 on flippauksen ydin, toisin sanoen flippaukseen tarvitaan hyvin suunnitellut ennakkomateriaalit, jotka palvelevat hyvin suunniteltua kontaktiopetusta.<\/p>\n\n\n\n<p>Flippaus ei ole yksi yksitt\u00e4inen pedagoginen l\u00e4hestymistapa, vaan se on ennemminkin sateenvarjo kontaktiopetuksen ratkaisuihin. P\u00e4\u00e4asia on, ett\u00e4  kontaktiopetuksessa painotetaan opiskelijan aktiivista roolia oppimisessa, opiskelijal\u00e4ht\u00f6ist\u00e4 opetusta painottavaa. Opintojakson aikana on siis mahdollista k\u00e4ytt\u00e4\u00e4 kontaktiopetuksessa esimerkiksi projektityyppist\u00e4 ty\u00f6skentely\u00e4, ryhm\u00e4- ja parity\u00f6skentely\u00e4, keskustelua tai soveltavia ja syvent\u00e4vi\u00e4 harjoitusteht\u00e4vi\u00e4. Jokaisen kerran ei siis tarvitse edet\u00e4 samalla tavalla. Mik\u00e4li opintojakson kontaktikerroilla on mukana my\u00f6s et\u00e4opiskelijoita, kannattaa kiinnitt\u00e4\u00e4 huomiota vuorovaikutteisuuteen. T\u00e4rke\u00e4\u00e4 on kuitenkin muistaa se, ett\u00e4 kontaktikerralla ei en\u00e4\u00e4 luennoida!<\/p>\n\n\n\n<p>T\u00e4ll\u00e4 sivulla esittelemme muutamia kontaktiopetuksen menetelmi\u00e4, joiden avulla opiskeltua asioita voi k\u00e4sitell\u00e4.<\/p>\n\n\n\n<h2 class=\"wp-block-heading\" id=\"pbl\">Ongelmaperustainen oppiminen (Problem-Based Learning, PBL)<\/h2>\n\n\n\n<p>Videolla (kesto 10:13) Erkko Sointu kertoo ongelmaperustaisesta oppimisesta ja erityisesti sen syklisest\u00e4 mallista. L\u00e4ht\u00f6kohtana ongelmaperustaisessa oppimisessa on  ty\u00f6el\u00e4m\u00e4l\u00e4ht\u00f6isyys sek\u00e4 teorian ja k\u00e4yt\u00e4nn\u00f6n yhdist\u00e4minen.<\/p>\n\n\n<iframe loading=\"lazy\" src=\"https:\/\/uef.cloud.panopto.eu\/Panopto\/Pages\/Embed.aspx?id=dca196c1-9eac-46e6-815e-b06800565954&autoplay=false&offerviewer=false&showtitle=false&showbrand=false&captions=false&interactivity=none\" height=\"375\" width=\"500\" style=\"border: 1px solid #464646;\" allowfullscreen allow=\"autoplay\" aria-label=\"Panopto Embedded Video Player\"><\/iframe>\n\n\n\n<h2 class=\"wp-block-heading\" id=\"tutkivaoppiminen\">Tutkiva oppiminen<\/h2>\n\n\n\n<p>Videolla (kesto 07:35) akatemiatutkija Teemu Valtonen kertoo tutkivasta oppimisesta, jossa aiheen k\u00e4sittelyss\u00e4 edet\u00e4\u00e4n syvemm\u00e4lle tutkimusprosessin ja tutkimusryhm\u00e4n toiminnan kaltaisesti.<\/p>\n\n\n<iframe loading=\"lazy\" src=\"https:\/\/uef.cloud.panopto.eu\/Panopto\/Pages\/Embed.aspx?id=64783e8d-c173-4598-9796-b06700c8c21c&autoplay=false&offerviewer=false&showtitle=false&showbrand=false&captions=false&interactivity=none\" height=\"375\" width=\"500\" style=\"border: 1px solid #464646;\" allowfullscreen allow=\"autoplay\" aria-label=\"Panopto Embedded Video Player\"><\/iframe>\n\n\n\n<h2 class=\"wp-block-heading\" id=\"cbl\">Case-Based Learning<\/h2>\n\n\n\n<p>Case-Based Learning (case-opetus, tapausopetus) perustuu tutkivan oppimisen \nmalliin. L\u00e4ht\u00f6kohtana on ty\u00f6el\u00e4m\u00e4, joten tavoitteena on k\u00e4sitell\u00e4 sellaisia tapauksia, joita opiskelijat tulevaisuudessa ty\u00f6ss\u00e4\u00e4n kohtaamaan. Videolla tutkimusjohtaja Kati M\u00e4kitalo kertoo tarkemmin, mist\u00e4 on kysymys:<\/p>\n\n\n<iframe loading=\"lazy\" src=\"https:\/\/uef.cloud.panopto.eu\/Panopto\/Pages\/Embed.aspx?id=e89a1f79-df4d-449e-93d4-b06700c65950&autoplay=false&offerviewer=true&showtitle=true&showbrand=true&captions=false&interactivity=none\" height=\"375\" width=\"500\" style=\"border: 1px solid #464646;\" allowfullscreen allow=\"autoplay\" aria-label=\"Panopto Embedded Video Player\"><\/iframe>\n\n\n\n<h2 class=\"wp-block-heading\" id=\"peerinstruction\">Vertaisoppiminen (Peer Instruction)<\/h2>\n\n\n\n<p>Vertaisoppiminen tai vertaisohjaus (peer instruction) on opiskelijakeskeinen  opetusmenetelm\u00e4, jossa sovelletaan k\u00e4\u00e4nteist\u00e4 opetusmenetelm\u00e4\u00e4 ja jossa luentoaika k\u00e4ytet\u00e4\u00e4n tiedon syvent\u00e4miseen kysymysten avulla. Opiskelijat vastaavat kysymyksiin s\u00e4hk\u00f6isesti esimerkiksi \u00e4lypuhelimillaan ja keskustelevat niist\u00e4 toistensa ja opettajan kanssa. Vertaisoppimisessa on n\u00e4in kyse oppimisesta yhdess\u00e4 muiden kanssa. Seuraavalla videolla (kesto 15:59) yliopistonlehtori ja flippari Tapio Nevalainen Farmasian laitokselta kertoo vertaisohjauksesta lis\u00e4\u00e4:<\/p>\n\n\n\n<p>Videoesityksen diat voit ladata <a href=\"https:\/\/sites.uef.fi\/flippaus\/wp-content\/uploads\/sites\/83\/2020\/12\/vertaisohjaus.pdf\">t\u00e4st\u00e4<\/a><strong>.<\/strong> <\/p>\n\n\n<iframe loading=\"lazy\" src=\"https:\/\/uef.cloud.panopto.eu\/Panopto\/Pages\/Embed.aspx?id=70b21168-c752-4eca-851e-b06700c8d9df&autoplay=false&offerviewer=false&showtitle=false&showbrand=false&captions=false&interactivity=none\" height=\"375\" width=\"500\" style=\"border: 1px solid #464646;\" allowfullscreen allow=\"autoplay\" aria-label=\"Panopto Embedded Video Player\"><\/iframe>\n\n\n\n<h2 class=\"wp-block-heading\" id=\"kotitehtavat\">Kotiteht\u00e4vien l\u00e4pik\u00e4ynti pienryhmiss\u00e4<\/h2>\n\n\n\n<p>Kontaktiopetuksessa  voi k\u00e4yd\u00e4 l\u00e4pi my\u00f6s kotiteht\u00e4vi\u00e4. Koska opiskelijat saattavat olla  arkoja kertomaan vastauksia tai ajatuksiaan \u00e4\u00e4neen, voi kynnyst\u00e4  madaltaa esimerkiksi teht\u00e4vien l\u00e4pik\u00e4ymisell\u00e4 pienryhmiss\u00e4.  Keskustellessa haasteet ja ongelmakohdat tulevat esille toisella  tavalla, mink\u00e4 vuoksi my\u00f6s yhteisess\u00e4 keskustelussa vaikeampien asioiden  k\u00e4sittely helpottuu. Seuraavalla videolla (kesto 07:09) Erkki Pesonen kertoo aiheesta  lis\u00e4\u00e4:<\/p>\n\n\n<iframe loading=\"lazy\" src=\"https:\/\/uef.cloud.panopto.eu\/Panopto\/Pages\/Embed.aspx?id=4e6fd80c-d572-48e0-90c6-b06700c6c6b2&autoplay=false&offerviewer=false&showtitle=false&showbrand=false&captions=false&interactivity=none\" height=\"375\" width=\"500\" style=\"border: 1px solid #464646;\" allowfullscreen allow=\"autoplay\" aria-label=\"Panopto Embedded Video Player\"><\/iframe>\n","protected":false},"excerpt":{"rendered":"<p>Mit\u00e4 tehd\u00e4 kontaktiopetuksessa? Kontaktiopetus on flippauksen toinen eritt\u00e4in t\u00e4rke\u00e4 osa, jota kaikki ennakkomateriaali palvelee. T\u00e4m\u00e4 yht\u00e4l\u00f6 on flippauksen ydin, toisin sanoen flippaukseen tarvitaan hyvin suunnitellut ennakkomateriaalit, jotka palvelevat hyvin suunniteltua kontaktiopetusta. Flippaus ei ole yksi yksitt\u00e4inen pedagoginen l\u00e4hestymistapa, vaan se on ennemminkin sateenvarjo kontaktiopetuksen ratkaisuihin. P\u00e4\u00e4asia on, ett\u00e4 kontaktiopetuksessa painotetaan opiskelijan aktiivista roolia oppimisessa, opiskelijal\u00e4ht\u00f6ist\u00e4 &hellip; <\/p>\n<p class=\"link-more\"><a href=\"https:\/\/sites.uef.fi\/flippaus\/flippauksen-toteutus\/kontaktiopetus\/\" class=\"more-link\">Jatka lukemista<span class=\"screen-reader-text\"> &#8221;Kontaktiopetus&#8221;<\/span><\/a><\/p>\n","protected":false},"author":176,"featured_media":0,"parent":477,"menu_order":3,"comment_status":"closed","ping_status":"closed","template":"","meta":{"_acf_changed":false,"_monsterinsights_skip_tracking":false,"_monsterinsights_sitenote_active":false,"_monsterinsights_sitenote_note":"","_monsterinsights_sitenote_category":0,"footnotes":""},"class_list":["post-818","page","type-page","status-publish","hentry"],"acf":[],"yoast_head":"<!-- This site is optimized with the Yoast SEO plugin v27.1.1 - https:\/\/yoast.com\/product\/yoast-seo-wordpress\/ -->\n<title>Kontaktiopetus - Flipped Learning<\/title>\n<meta name=\"robots\" content=\"index, follow, max-snippet:-1, max-image-preview:large, max-video-preview:-1\" \/>\n<link rel=\"canonical\" href=\"https:\/\/sites.uef.fi\/flippaus\/flippauksen-toteutus\/kontaktiopetus\/\" \/>\n<meta property=\"og:locale\" content=\"fi_FI\" \/>\n<meta property=\"og:type\" content=\"article\" \/>\n<meta property=\"og:title\" content=\"Kontaktiopetus - Flipped Learning\" \/>\n<meta property=\"og:description\" content=\"Mit\u00e4 tehd\u00e4 kontaktiopetuksessa? Kontaktiopetus on flippauksen toinen eritt\u00e4in t\u00e4rke\u00e4 osa, jota kaikki ennakkomateriaali palvelee. T\u00e4m\u00e4 yht\u00e4l\u00f6 on flippauksen ydin, toisin sanoen flippaukseen tarvitaan hyvin suunnitellut ennakkomateriaalit, jotka palvelevat hyvin suunniteltua kontaktiopetusta. Flippaus ei ole yksi yksitt\u00e4inen pedagoginen l\u00e4hestymistapa, vaan se on ennemminkin sateenvarjo kontaktiopetuksen ratkaisuihin. P\u00e4\u00e4asia on, ett\u00e4 kontaktiopetuksessa painotetaan opiskelijan aktiivista roolia oppimisessa, opiskelijal\u00e4ht\u00f6ist\u00e4 &hellip; Jatka lukemista &quot;Kontaktiopetus&quot;\" \/>\n<meta property=\"og:url\" content=\"https:\/\/sites.uef.fi\/flippaus\/flippauksen-toteutus\/kontaktiopetus\/\" \/>\n<meta property=\"og:site_name\" content=\"Flipped Learning\" \/>\n<meta property=\"article:modified_time\" content=\"2023-10-31T07:19:18+00:00\" \/>\n<meta name=\"twitter:card\" content=\"summary_large_image\" \/>\n<meta name=\"twitter:label1\" content=\"Arvioitu lukuaika\" \/>\n\t<meta name=\"twitter:data1\" content=\"3 minuuttia\" \/>\n<script type=\"application\/ld+json\" class=\"yoast-schema-graph\">{\"@context\":\"https:\/\/schema.org\",\"@graph\":[{\"@type\":\"WebPage\",\"@id\":\"https:\/\/sites.uef.fi\/flippaus\/flippauksen-toteutus\/kontaktiopetus\/\",\"url\":\"https:\/\/sites.uef.fi\/flippaus\/flippauksen-toteutus\/kontaktiopetus\/\",\"name\":\"Kontaktiopetus - Flipped Learning\",\"isPartOf\":{\"@id\":\"https:\/\/sites.uef.fi\/flippaus\/#website\"},\"datePublished\":\"2020-08-07T08:21:12+00:00\",\"dateModified\":\"2023-10-31T07:19:18+00:00\",\"breadcrumb\":{\"@id\":\"https:\/\/sites.uef.fi\/flippaus\/flippauksen-toteutus\/kontaktiopetus\/#breadcrumb\"},\"inLanguage\":\"fi\",\"potentialAction\":[{\"@type\":\"ReadAction\",\"target\":[\"https:\/\/sites.uef.fi\/flippaus\/flippauksen-toteutus\/kontaktiopetus\/\"]}]},{\"@type\":\"BreadcrumbList\",\"@id\":\"https:\/\/sites.uef.fi\/flippaus\/flippauksen-toteutus\/kontaktiopetus\/#breadcrumb\",\"itemListElement\":[{\"@type\":\"ListItem\",\"position\":1,\"name\":\"Home\",\"item\":\"https:\/\/sites.uef.fi\/flippaus\/\"},{\"@type\":\"ListItem\",\"position\":2,\"name\":\"Flippauksen toteutus\",\"item\":\"https:\/\/sites.uef.fi\/flippaus\/flippauksen-toteutus\/\"},{\"@type\":\"ListItem\",\"position\":3,\"name\":\"Kontaktiopetus\"}]},{\"@type\":\"WebSite\",\"@id\":\"https:\/\/sites.uef.fi\/flippaus\/#website\",\"url\":\"https:\/\/sites.uef.fi\/flippaus\/\",\"name\":\"Flipped Learning\",\"description\":\"\",\"publisher\":{\"@id\":\"https:\/\/sites.uef.fi\/flippaus\/#organization\"},\"potentialAction\":[{\"@type\":\"SearchAction\",\"target\":{\"@type\":\"EntryPoint\",\"urlTemplate\":\"https:\/\/sites.uef.fi\/flippaus\/?s={search_term_string}\"},\"query-input\":{\"@type\":\"PropertyValueSpecification\",\"valueRequired\":true,\"valueName\":\"search_term_string\"}}],\"inLanguage\":\"fi\"},{\"@type\":\"Organization\",\"@id\":\"https:\/\/sites.uef.fi\/flippaus\/#organization\",\"name\":\"Flipped Learning\",\"url\":\"https:\/\/sites.uef.fi\/flippaus\/\",\"logo\":{\"@type\":\"ImageObject\",\"inLanguage\":\"fi\",\"@id\":\"https:\/\/sites.uef.fi\/flippaus\/#\/schema\/logo\/image\/\",\"url\":\"https:\/\/sites.uef.fi\/flippaus\/wp-content\/uploads\/sites\/83\/2020\/05\/cropped-UEF_wordpress_white.png\",\"contentUrl\":\"https:\/\/sites.uef.fi\/flippaus\/wp-content\/uploads\/sites\/83\/2020\/05\/cropped-UEF_wordpress_white.png\",\"width\":250,\"height\":250,\"caption\":\"Flipped Learning\"},\"image\":{\"@id\":\"https:\/\/sites.uef.fi\/flippaus\/#\/schema\/logo\/image\/\"}}]}<\/script>\n<!-- \/ Yoast SEO plugin. -->","yoast_head_json":{"title":"Kontaktiopetus - Flipped Learning","robots":{"index":"index","follow":"follow","max-snippet":"max-snippet:-1","max-image-preview":"max-image-preview:large","max-video-preview":"max-video-preview:-1"},"canonical":"https:\/\/sites.uef.fi\/flippaus\/flippauksen-toteutus\/kontaktiopetus\/","og_locale":"fi_FI","og_type":"article","og_title":"Kontaktiopetus - Flipped Learning","og_description":"Mit\u00e4 tehd\u00e4 kontaktiopetuksessa? Kontaktiopetus on flippauksen toinen eritt\u00e4in t\u00e4rke\u00e4 osa, jota kaikki ennakkomateriaali palvelee. T\u00e4m\u00e4 yht\u00e4l\u00f6 on flippauksen ydin, toisin sanoen flippaukseen tarvitaan hyvin suunnitellut ennakkomateriaalit, jotka palvelevat hyvin suunniteltua kontaktiopetusta. Flippaus ei ole yksi yksitt\u00e4inen pedagoginen l\u00e4hestymistapa, vaan se on ennemminkin sateenvarjo kontaktiopetuksen ratkaisuihin. P\u00e4\u00e4asia on, ett\u00e4 kontaktiopetuksessa painotetaan opiskelijan aktiivista roolia oppimisessa, opiskelijal\u00e4ht\u00f6ist\u00e4 &hellip; Jatka lukemista \"Kontaktiopetus\"","og_url":"https:\/\/sites.uef.fi\/flippaus\/flippauksen-toteutus\/kontaktiopetus\/","og_site_name":"Flipped Learning","article_modified_time":"2023-10-31T07:19:18+00:00","twitter_card":"summary_large_image","twitter_misc":{"Arvioitu lukuaika":"3 minuuttia"},"schema":{"@context":"https:\/\/schema.org","@graph":[{"@type":"WebPage","@id":"https:\/\/sites.uef.fi\/flippaus\/flippauksen-toteutus\/kontaktiopetus\/","url":"https:\/\/sites.uef.fi\/flippaus\/flippauksen-toteutus\/kontaktiopetus\/","name":"Kontaktiopetus - Flipped Learning","isPartOf":{"@id":"https:\/\/sites.uef.fi\/flippaus\/#website"},"datePublished":"2020-08-07T08:21:12+00:00","dateModified":"2023-10-31T07:19:18+00:00","breadcrumb":{"@id":"https:\/\/sites.uef.fi\/flippaus\/flippauksen-toteutus\/kontaktiopetus\/#breadcrumb"},"inLanguage":"fi","potentialAction":[{"@type":"ReadAction","target":["https:\/\/sites.uef.fi\/flippaus\/flippauksen-toteutus\/kontaktiopetus\/"]}]},{"@type":"BreadcrumbList","@id":"https:\/\/sites.uef.fi\/flippaus\/flippauksen-toteutus\/kontaktiopetus\/#breadcrumb","itemListElement":[{"@type":"ListItem","position":1,"name":"Home","item":"https:\/\/sites.uef.fi\/flippaus\/"},{"@type":"ListItem","position":2,"name":"Flippauksen toteutus","item":"https:\/\/sites.uef.fi\/flippaus\/flippauksen-toteutus\/"},{"@type":"ListItem","position":3,"name":"Kontaktiopetus"}]},{"@type":"WebSite","@id":"https:\/\/sites.uef.fi\/flippaus\/#website","url":"https:\/\/sites.uef.fi\/flippaus\/","name":"Flipped Learning","description":"","publisher":{"@id":"https:\/\/sites.uef.fi\/flippaus\/#organization"},"potentialAction":[{"@type":"SearchAction","target":{"@type":"EntryPoint","urlTemplate":"https:\/\/sites.uef.fi\/flippaus\/?s={search_term_string}"},"query-input":{"@type":"PropertyValueSpecification","valueRequired":true,"valueName":"search_term_string"}}],"inLanguage":"fi"},{"@type":"Organization","@id":"https:\/\/sites.uef.fi\/flippaus\/#organization","name":"Flipped Learning","url":"https:\/\/sites.uef.fi\/flippaus\/","logo":{"@type":"ImageObject","inLanguage":"fi","@id":"https:\/\/sites.uef.fi\/flippaus\/#\/schema\/logo\/image\/","url":"https:\/\/sites.uef.fi\/flippaus\/wp-content\/uploads\/sites\/83\/2020\/05\/cropped-UEF_wordpress_white.png","contentUrl":"https:\/\/sites.uef.fi\/flippaus\/wp-content\/uploads\/sites\/83\/2020\/05\/cropped-UEF_wordpress_white.png","width":250,"height":250,"caption":"Flipped Learning"},"image":{"@id":"https:\/\/sites.uef.fi\/flippaus\/#\/schema\/logo\/image\/"}}]}},"_links":{"self":[{"href":"https:\/\/sites.uef.fi\/flippaus\/wp-json\/wp\/v2\/pages\/818","targetHints":{"allow":["GET"]}}],"collection":[{"href":"https:\/\/sites.uef.fi\/flippaus\/wp-json\/wp\/v2\/pages"}],"about":[{"href":"https:\/\/sites.uef.fi\/flippaus\/wp-json\/wp\/v2\/types\/page"}],"author":[{"embeddable":true,"href":"https:\/\/sites.uef.fi\/flippaus\/wp-json\/wp\/v2\/users\/176"}],"replies":[{"embeddable":true,"href":"https:\/\/sites.uef.fi\/flippaus\/wp-json\/wp\/v2\/comments?post=818"}],"version-history":[{"count":2,"href":"https:\/\/sites.uef.fi\/flippaus\/wp-json\/wp\/v2\/pages\/818\/revisions"}],"predecessor-version":[{"id":3436,"href":"https:\/\/sites.uef.fi\/flippaus\/wp-json\/wp\/v2\/pages\/818\/revisions\/3436"}],"up":[{"embeddable":true,"href":"https:\/\/sites.uef.fi\/flippaus\/wp-json\/wp\/v2\/pages\/477"}],"wp:attachment":[{"href":"https:\/\/sites.uef.fi\/flippaus\/wp-json\/wp\/v2\/media?parent=818"}],"curies":[{"name":"wp","href":"https:\/\/api.w.org\/{rel}","templated":true}]}}