{"id":926,"date":"2020-08-07T13:13:17","date_gmt":"2020-08-07T10:13:17","guid":{"rendered":"https:\/\/sites.uef.fi\/flippaus\/?page_id=926"},"modified":"2023-10-10T15:16:34","modified_gmt":"2023-10-10T12:16:34","slug":"laitteet-ja-ohjelmistot","status":"publish","type":"page","link":"https:\/\/sites.uef.fi\/flippaus\/flippauksen-toteutus\/laitteet-ja-ohjelmistot\/","title":{"rendered":"Laitteet ja ohjelmistot"},"content":{"rendered":"\n<p class=\"has-vivid-red-color has-text-color has-medium-font-size\"><strong>Hyv\u00e4 vierailija! Mediapalvelimen vaihdoksen vuoksi p\u00e4ivit\u00e4mme sivustoa ja videoiden toiminnassa on h\u00e4iri\u00f6t\u00e4 lokakuun aikana. Pahoittelemme t\u00e4st\u00e4 aiheutuvaa haittaa.<\/strong><\/p>\n\n\n\n<h1 class=\"wp-block-heading\">Flippauksessa k\u00e4ytettyj\u00e4 laitteita ja sovelluksia<\/h1>\n\n\n\n<p>Niin opetuksessa kuin flippauksessa k\u00e4ytett\u00e4v\u00e4t sovellukset ja teknologia riippuvat oman organisaation k\u00e4yt\u00f6ss\u00e4 olevista ohjelmistoista ja laitteista. Siin\u00e4 mieless\u00e4 emme yksiselitteisi\u00e4 vastauksia voi tarjota.<\/p>\n\n\n\n<p>Opetettavasta asiasta ja oppiaineesta riippuen saattaa asian havainnollistamiseen tarvita erin\u00e4isi\u00e4 laitteita. Mobiiliteknologian mukanaan tuomat mahdollisuudet kuitenkin helpottavat materiaalin laadintaa, joten v\u00e4ltt\u00e4m\u00e4tt\u00e4 suuriin investointeihin ei tarvitse ryhty\u00e4. Jos esimerkiksi tarkoitus on havainnollistaa tietty\u00e4 tapahtumaa tai vaikkapa jonkin laitteen k\u00e4ytt\u00f6\u00e4, saattaa tarvetta olla (video)kameralle. Pelk\u00e4n \u00e4\u00e4nen taltiointiin voi k\u00e4ytt\u00e4\u00e4 sanelukonetta tai vaikkapa puhelinta. Piirt\u00e4miseen ja k\u00e4sinkirjoittamiseen saattaa tarvita piirtop\u00f6yt\u00e4\u00e4, mutta tablettitietokone, sopiva kyn\u00e4 ja sovellus saattavat auttaa. Mik\u00e4li haluat esityksiin tallentaa &#8221;puhuvan p\u00e4\u00e4n&#8221;, tarvitset lis\u00e4ksi webbikameran. Kokeile rohkeasti eri toteutusvaihtoehtoja ja muista, ett\u00e4 pienill\u00e4kin ratkaisuilla voi p\u00e4\u00e4st\u00e4 hyviin tuloksiin!<\/p>\n\n\n\n<h2 class=\"wp-block-heading\" id=\"verkkoymparisto\">Verkkoymp\u00e4rist\u00f6j\u00e4 oppimiselle<\/h2>\n\n\n\n<p>UEFissa on k\u00e4yt\u00f6ss\u00e4 Moodle ja O365 -ymp\u00e4rist\u00f6t, joihin opettajat valintansa \nmukaan opintojaksoalustansa luovat. Jotkut opettajat suosivat blogialustoja opintojaksonsa rakentamisessa ja tarvittaessa k\u00e4ytt\u00e4v\u00e4t muuta ymp\u00e4rist\u00f6\u00e4 ty\u00f6skentelyyn. Muita oppimisessa ja flippauksessa k\u00e4ytett\u00e4vi\u00e4 ymp\u00e4rist\u00f6j\u00e4 ovat esimerkiksi Optima, Blackboard ja Itslearning. Tarkempia lis\u00e4tietoja verkkoymp\u00e4rist\u00f6ist\u00e4 saat oman organisaatiosi tietotekniikkapalveluista.<\/p>\n\n\n\n<h2 class=\"wp-block-heading\" id=\"ennakkomateriaaliohjelma\">Ennakkomateriaalin tekemiseen k\u00e4ytettyj\u00e4 ohjelmia<\/h2>\n\n\n\n<p>Yksiselitteist\u00e4 vastausta ennakkomateriaalien laatimisessa k\u00e4ytettyihin ohjelmiin ei ole. Tarpeellista voi olla opastaa tietyn ohjelman k\u00e4ytt\u00f6\u00f6n tai esitt\u00e4\u00e4 opiskeltava asia tietty\u00e4 tarvittavaa ohjelmaa k\u00e4ytt\u00e4en. Niin sanotun luentomateriaalin laatimisessa voi erin\u00e4isi\u00e4 sovelluksia, joista PowerPoint (tai Keynote Mac-k\u00e4ytt\u00e4jill\u00e4) voi olla flippausta aloittaessa itselle &#8221;helpoin&#8221; tapa esitt\u00e4\u00e4 asiat.<\/p>\n\n\n\n<h3 class=\"wp-block-heading\">PowerPoint<\/h3>\n\n\n\n<p>Flippauksen luentomateriaalien esitt\u00e4misess\u00e4 on PowerPoint ehk\u00e4 yleisimmin k\u00e4ytetty ohjelma. Se on useimmille tuttu, joten siksi my\u00f6s \u201dturvallinen\u201d. Erilaisilla tehosteilla ja siirtymill\u00e4 on mahdollisuus tehd\u00e4 esityksest\u00e4 el\u00e4v\u00e4, mink\u00e4 lis\u00e4ksi dioihin voi liitt\u00e4\u00e4 kuvia ja videoita.<\/p>\n\n\n\n<p>PowerPointiin vanhempiin versioihin on ollut saatavilla OfficeMix-lis\u00e4osa, jonka avulla on mahdollista tallentaa luento suoraan PowerPointista. T\u00e4m\u00e4 ominaisuus l\u00f6ytyy nyt jatkuvasti p\u00e4ivittyv\u00e4st\u00e4 O365-versiosta. Hy\u00f6tyn\u00e4 PowerPointilla nauhoitettaessa on se, ett\u00e4 kunkin dian osuuden voi tallentaa erikseen, eik\u00e4 koko videota tarvitse aina aloittaa alusta. Editointimahdollisuudet ovat niukat, joten siihen kannattaa k\u00e4ytt\u00e4\u00e4 muita ohjelmia. Lis\u00e4\u00e4 videon tekemisest\u00e4 l\u00f6ytyy professori Pasi Vahimaan video <a href=\"https:\/\/sites.uef.fi\/flippaus\/flippauksen-toteutus\/laitteet-ja-ohjelmistot\/office-365\/\">Office 365-sivulta<\/a>.<\/p>\n\n\n\n<h3 class=\"wp-block-heading\">Keynote<\/h3>\n\n\n\n<p>Applen laitteissa olevalla Keynote toimii luentomateriaalien laatimiseen ja \nesitt\u00e4miseen PowerPointin tavoin (ks. yll\u00e4). Ohjelmasta l\u00f6ytyy my\u00f6s esityksen nauhoitusmahdollisuus valmiina.<\/p>\n\n\n\n<p>My\u00f6sk\u00e4\u00e4n Keyonotessa ei juuri editointity\u00f6kaluja ole, joten mahdollisten virheiden korjaamiseksi on esitys nauhoitettava uudelleen halutusta kohdasta tai k\u00e4ytett\u00e4v\u00e4 editointiin muita ohjelmia.<\/p>\n\n\n\n<h3 class=\"wp-block-heading\">Kuvallinen ilmaisu<\/h3>\n\n\n\n<p>Luentodiojen ohella voi k\u00e4ytt\u00e4\u00e4 mainiosti my\u00f6s kuvallista ilmaisua. Apuna voi olla piirtop\u00f6yt\u00e4, tabletti, tai muu sovellus. Kyn\u00e4 (stylus) parantaa hallittavuutta ja tarkkuutta.<\/p>\n\n\n\n<p><a href=\"https:\/\/www.thinglink.com\/edu\" target=\"_blank\" rel=\"noreferrer noopener\">Thinglink<\/a> &#8211; Asian havinnollistaminen kuvien avulla, mink\u00e4 lis\u00e4ksi kuvaan on mahdollista tallentaa esimerkiksi selitetekstej\u00e4, linkkej\u00e4 tai videoita. Kuvan voi upottaa suoraan oppimisymp\u00e4rist\u00f6\u00f6n, varsinaista esityst\u00e4 ei tarvitse tehd\u00e4. Perusk\u00e4ytt\u00f6 on ilmaista, maksullisessa versiossa on enemm\u00e4n ominaisuuksia.<\/p>\n\n\n\n<p><a href=\"https:\/\/explaineverything.com\/\" target=\"_blank\" rel=\"noreferrer noopener\">Explain Everything<\/a> (maksullinen) -videoesitysten tekeminen k\u00e4ytt\u00e4en kuvia, luentomateriaalia ja \u00e4\u00e4nt\u00e4. Saatavilla eri k\u00e4ytt\u00f6j\u00e4rjestelmille.<\/p>\n\n\n\n<p><a href=\"https:\/\/www.videoscribe.co\/en\/\" target=\"_blank\" rel=\"noreferrer noopener\">VideoScribe<\/a>\n (maksullinen) -Asian esitt\u00e4minen piirrosten ja tekstin avulla. Itse ei \ntarvitse piirt\u00e4\u00e4, vaan sopivat kuvat voi hakea ohjelman kuvapankista ja \npiirtonopeuden ajastaa halutulle nopeudelle. Esitystilassa kuvat ja \nteksti piirtyv\u00e4t ruutuun.<\/p>\n\n\n\n<h3 class=\"wp-block-heading\" id=\"naytontallennus\">N\u00e4yt\u00f6n tapahtumien tallentaminen (Planet eStream)<\/h3>\n\n\n\n<p>Mik\u00e4li tarkoituksena on k\u00e4ytt\u00e4\u00e4 tietokonetta videon tekemiseen, voi esityksen tallentaa suoraan n\u00e4yt\u00f6lt\u00e4. T\u00e4ll\u00f6in on mahdollista tallentaa esityksi\u00e4 tai ohjelmia, joissa videotallennus ei ole mahdollista. Tallennukseen k\u00e4ytettyj\u00e4 ohjelmia ovat ovat esimerkiksi Planet eStream (josta lis\u00e4\u00e4 <a href=\"https:\/\/sites.uef.fi\/flippaus\/flippauksen-toteutus\/laitteet-ja-ohjelmistot\/videomateriaalin-editointi-ja-tallennus\/\">videon tekemist\u00e4 k\u00e4sittelev\u00e4ll\u00e4 sivulla<\/a>), Camtasia ja Echo Capture. Kaikki mainitut ovat maksullisia, lis\u00e4tietoja saa oman organisaation tietotekniikkapalveluista. Ilmaisia ruuduntallennusohjelmiakin on, esimerkkin\u00e4 CamStudio.<\/p>\n\n\n\n<p>UEF:ssa on henkil\u00f6kunnan ja opiskelijoiden k\u00e4yt\u00f6ss\u00e4 Planet eStream ja mediapalvelin, jossa videoita voi s\u00e4ilytt\u00e4\u00e4 ja halutessaan jakaa tarvittaville sivustoille. Omalle tietokoneelle ladattavissa olevan encoderin avulla on mahdollista tallentaa tietokoneen n\u00e4yt\u00f6n tapahtumia, mink\u00e4 j\u00e4lkeen taltioinnin vieminen palvelimelle onnistuu vaivattomasti. Mediapalvelimelta on mahdollisuus jakaa videot joko linkkin\u00e4 tai upottamalla esimerkiksi k\u00e4yt\u00f6ss\u00e4 oleviin Moodle- tai O365-ymp\u00e4rist\u00f6ihin.<\/p>\n\n\n\n<p>Planet eStreamin editointity\u00f6kalulla voi tallenteesta leikata esimerkiksi \npieleen menneit\u00e4 osuuksia, mutta \u00e4\u00e4nen ja kuvan erikseen editointi ei onnistu.<\/p>\n\n\n\n<h2 class=\"wp-block-heading\" id=\"sovelluksia\">Sovelluksia kontaktiopetukseen ja yhteiseen ty\u00f6skentelyyn<\/h2>\n\n\n\n<p><a href=\"https:\/\/padlet.com\/\" target=\"_blank\" rel=\"noreferrer noopener\">Padlet<\/a> -Sovelluksella voi luoda yhteistoiminnallisia seini\u00e4, blogeja ja portfolioita ja se soveltuu my\u00f6s tietyn aiheen k\u00e4sittelyyn kontaktiopetuksen aikana. Perusk\u00e4ytt\u00f6 on ilmaista, mutta maksullisia versioitakin on saatavilla. Toimii verkossa ja mobiililaitteisiin saatavilla sovelluksilla.<\/p>\n\n\n\n<p><a href=\"https:\/\/kahoot.com\" target=\"_blank\" rel=\"noreferrer noopener\">Kahoot!<\/a>\n -Kahootilla voi tehd\u00e4 tietovisoja ja \u00e4\u00e4nestyksi\u00e4, joilla aktivoida \nosallistujia kontaktikerran aikana. Testin voi tehd\u00e4 valmiiksi ja \nopiskelijat p\u00e4\u00e4sev\u00e4t siihen testin PIN-koodin avulla. Toimii verkossa ja\n mobiililaitteisiin saatavilla sovelluksilla. Perusk\u00e4ytt\u00f6 on ilmaista, \nmutta maksullisia versioitakin on saatavilla.<\/p>\n\n\n\n<p><a rel=\"noreferrer noopener\" href=\"https:\/\/slack.com\/\" target=\"_blank\">Slack<\/a>  -P\u00e4\u00e4osin ilmainen verkkoty\u00f6skentely- ja keskusteluymp\u00e4rist\u00f6. Toimii  verkossa ja mobiililaitteisiin saatavilla sovelluksilla. Perusk\u00e4ytt\u00f6 on  ilmaista, mutta maksullisia versioitakin on saatavilla. Kokemuksia  Slackista <a href=\"https:\/\/sites.uef.fi\/flippaus\/flippauksen-toteutus\/kontaktiopetus\/vuorovaikutus-verkkokurssilla\/\">t\u00e4m\u00e4n manuaalin Vuorovaikutus verkkokurssilla-sivulla.<\/a><\/p>\n\n\n\n<p><a href=\"https:\/\/elearn.uef.fi\/mod\/book\/view.php?id=109481&amp;chapterid=6319\" data-type=\"URL\" data-id=\"https:\/\/elearn.uef.fi\/mod\/book\/view.php?id=109481&amp;chapterid=6319\">Presemo <\/a> -Ty\u00f6kalu opiskelijoiden aktivointiin. Sen avulla on mahdollista esitt\u00e4\u00e4  kommentteja ja kysymyksi\u00e4 tai tehd\u00e4 \u00e4\u00e4nestyksi\u00e4. Osallistujilla on  mahdollisuus osallistua nimett\u00f6m\u00e4n\u00e4. Edell\u00e4 mainittu inkki vie UEF:n ohjeisiin,  tarkista Presemon saatavuus ja tarkempi ohjeistus omasta  organisaatiostasi.<\/p>\n","protected":false},"excerpt":{"rendered":"<p>Hyv\u00e4 vierailija! Mediapalvelimen vaihdoksen vuoksi p\u00e4ivit\u00e4mme sivustoa ja videoiden toiminnassa on h\u00e4iri\u00f6t\u00e4 lokakuun aikana. Pahoittelemme t\u00e4st\u00e4 aiheutuvaa haittaa. Flippauksessa k\u00e4ytettyj\u00e4 laitteita ja sovelluksia Niin opetuksessa kuin flippauksessa k\u00e4ytett\u00e4v\u00e4t sovellukset ja teknologia riippuvat oman organisaation k\u00e4yt\u00f6ss\u00e4 olevista ohjelmistoista ja laitteista. Siin\u00e4 mieless\u00e4 emme yksiselitteisi\u00e4 vastauksia voi tarjota. Opetettavasta asiasta ja oppiaineesta riippuen saattaa asian havainnollistamiseen tarvita &hellip; <\/p>\n<p class=\"link-more\"><a href=\"https:\/\/sites.uef.fi\/flippaus\/flippauksen-toteutus\/laitteet-ja-ohjelmistot\/\" class=\"more-link\">Jatka lukemista<span class=\"screen-reader-text\"> &#8221;Laitteet ja ohjelmistot&#8221;<\/span><\/a><\/p>\n","protected":false},"author":176,"featured_media":0,"parent":477,"menu_order":4,"comment_status":"closed","ping_status":"closed","template":"","meta":{"_acf_changed":false,"_monsterinsights_skip_tracking":false,"_monsterinsights_sitenote_active":false,"_monsterinsights_sitenote_note":"","_monsterinsights_sitenote_category":0,"footnotes":""},"class_list":["post-926","page","type-page","status-publish","hentry"],"acf":[],"yoast_head":"<!-- This site is optimized with the Yoast SEO plugin v27.1.1 - https:\/\/yoast.com\/product\/yoast-seo-wordpress\/ -->\n<title>Laitteet ja ohjelmistot - Flipped Learning<\/title>\n<meta name=\"robots\" content=\"index, follow, max-snippet:-1, max-image-preview:large, max-video-preview:-1\" \/>\n<link rel=\"canonical\" href=\"https:\/\/sites.uef.fi\/flippaus\/flippauksen-toteutus\/laitteet-ja-ohjelmistot\/\" \/>\n<meta property=\"og:locale\" content=\"fi_FI\" \/>\n<meta property=\"og:type\" content=\"article\" \/>\n<meta property=\"og:title\" content=\"Laitteet ja ohjelmistot - Flipped Learning\" \/>\n<meta property=\"og:description\" content=\"Hyv\u00e4 vierailija! Mediapalvelimen vaihdoksen vuoksi p\u00e4ivit\u00e4mme sivustoa ja videoiden toiminnassa on h\u00e4iri\u00f6t\u00e4 lokakuun aikana. Pahoittelemme t\u00e4st\u00e4 aiheutuvaa haittaa. Flippauksessa k\u00e4ytettyj\u00e4 laitteita ja sovelluksia Niin opetuksessa kuin flippauksessa k\u00e4ytett\u00e4v\u00e4t sovellukset ja teknologia riippuvat oman organisaation k\u00e4yt\u00f6ss\u00e4 olevista ohjelmistoista ja laitteista. Siin\u00e4 mieless\u00e4 emme yksiselitteisi\u00e4 vastauksia voi tarjota. Opetettavasta asiasta ja oppiaineesta riippuen saattaa asian havainnollistamiseen tarvita &hellip; Jatka lukemista &quot;Laitteet ja ohjelmistot&quot;\" \/>\n<meta property=\"og:url\" content=\"https:\/\/sites.uef.fi\/flippaus\/flippauksen-toteutus\/laitteet-ja-ohjelmistot\/\" \/>\n<meta property=\"og:site_name\" content=\"Flipped Learning\" \/>\n<meta property=\"article:modified_time\" content=\"2023-10-10T12:16:34+00:00\" \/>\n<meta name=\"twitter:card\" content=\"summary_large_image\" \/>\n<meta name=\"twitter:label1\" content=\"Arvioitu lukuaika\" \/>\n\t<meta name=\"twitter:data1\" content=\"5 minuuttia\" \/>\n<script type=\"application\/ld+json\" class=\"yoast-schema-graph\">{\"@context\":\"https:\/\/schema.org\",\"@graph\":[{\"@type\":\"WebPage\",\"@id\":\"https:\/\/sites.uef.fi\/flippaus\/flippauksen-toteutus\/laitteet-ja-ohjelmistot\/\",\"url\":\"https:\/\/sites.uef.fi\/flippaus\/flippauksen-toteutus\/laitteet-ja-ohjelmistot\/\",\"name\":\"Laitteet ja ohjelmistot - Flipped Learning\",\"isPartOf\":{\"@id\":\"https:\/\/sites.uef.fi\/flippaus\/#website\"},\"datePublished\":\"2020-08-07T10:13:17+00:00\",\"dateModified\":\"2023-10-10T12:16:34+00:00\",\"breadcrumb\":{\"@id\":\"https:\/\/sites.uef.fi\/flippaus\/flippauksen-toteutus\/laitteet-ja-ohjelmistot\/#breadcrumb\"},\"inLanguage\":\"fi\",\"potentialAction\":[{\"@type\":\"ReadAction\",\"target\":[\"https:\/\/sites.uef.fi\/flippaus\/flippauksen-toteutus\/laitteet-ja-ohjelmistot\/\"]}]},{\"@type\":\"BreadcrumbList\",\"@id\":\"https:\/\/sites.uef.fi\/flippaus\/flippauksen-toteutus\/laitteet-ja-ohjelmistot\/#breadcrumb\",\"itemListElement\":[{\"@type\":\"ListItem\",\"position\":1,\"name\":\"Home\",\"item\":\"https:\/\/sites.uef.fi\/flippaus\/\"},{\"@type\":\"ListItem\",\"position\":2,\"name\":\"Flippauksen toteutus\",\"item\":\"https:\/\/sites.uef.fi\/flippaus\/flippauksen-toteutus\/\"},{\"@type\":\"ListItem\",\"position\":3,\"name\":\"Laitteet ja ohjelmistot\"}]},{\"@type\":\"WebSite\",\"@id\":\"https:\/\/sites.uef.fi\/flippaus\/#website\",\"url\":\"https:\/\/sites.uef.fi\/flippaus\/\",\"name\":\"Flipped Learning\",\"description\":\"\",\"publisher\":{\"@id\":\"https:\/\/sites.uef.fi\/flippaus\/#organization\"},\"potentialAction\":[{\"@type\":\"SearchAction\",\"target\":{\"@type\":\"EntryPoint\",\"urlTemplate\":\"https:\/\/sites.uef.fi\/flippaus\/?s={search_term_string}\"},\"query-input\":{\"@type\":\"PropertyValueSpecification\",\"valueRequired\":true,\"valueName\":\"search_term_string\"}}],\"inLanguage\":\"fi\"},{\"@type\":\"Organization\",\"@id\":\"https:\/\/sites.uef.fi\/flippaus\/#organization\",\"name\":\"Flipped Learning\",\"url\":\"https:\/\/sites.uef.fi\/flippaus\/\",\"logo\":{\"@type\":\"ImageObject\",\"inLanguage\":\"fi\",\"@id\":\"https:\/\/sites.uef.fi\/flippaus\/#\/schema\/logo\/image\/\",\"url\":\"https:\/\/sites.uef.fi\/flippaus\/wp-content\/uploads\/sites\/83\/2020\/05\/cropped-UEF_wordpress_white.png\",\"contentUrl\":\"https:\/\/sites.uef.fi\/flippaus\/wp-content\/uploads\/sites\/83\/2020\/05\/cropped-UEF_wordpress_white.png\",\"width\":250,\"height\":250,\"caption\":\"Flipped Learning\"},\"image\":{\"@id\":\"https:\/\/sites.uef.fi\/flippaus\/#\/schema\/logo\/image\/\"}}]}<\/script>\n<!-- \/ Yoast SEO plugin. -->","yoast_head_json":{"title":"Laitteet ja ohjelmistot - Flipped Learning","robots":{"index":"index","follow":"follow","max-snippet":"max-snippet:-1","max-image-preview":"max-image-preview:large","max-video-preview":"max-video-preview:-1"},"canonical":"https:\/\/sites.uef.fi\/flippaus\/flippauksen-toteutus\/laitteet-ja-ohjelmistot\/","og_locale":"fi_FI","og_type":"article","og_title":"Laitteet ja ohjelmistot - Flipped Learning","og_description":"Hyv\u00e4 vierailija! Mediapalvelimen vaihdoksen vuoksi p\u00e4ivit\u00e4mme sivustoa ja videoiden toiminnassa on h\u00e4iri\u00f6t\u00e4 lokakuun aikana. Pahoittelemme t\u00e4st\u00e4 aiheutuvaa haittaa. Flippauksessa k\u00e4ytettyj\u00e4 laitteita ja sovelluksia Niin opetuksessa kuin flippauksessa k\u00e4ytett\u00e4v\u00e4t sovellukset ja teknologia riippuvat oman organisaation k\u00e4yt\u00f6ss\u00e4 olevista ohjelmistoista ja laitteista. Siin\u00e4 mieless\u00e4 emme yksiselitteisi\u00e4 vastauksia voi tarjota. Opetettavasta asiasta ja oppiaineesta riippuen saattaa asian havainnollistamiseen tarvita &hellip; Jatka lukemista \"Laitteet ja ohjelmistot\"","og_url":"https:\/\/sites.uef.fi\/flippaus\/flippauksen-toteutus\/laitteet-ja-ohjelmistot\/","og_site_name":"Flipped Learning","article_modified_time":"2023-10-10T12:16:34+00:00","twitter_card":"summary_large_image","twitter_misc":{"Arvioitu lukuaika":"5 minuuttia"},"schema":{"@context":"https:\/\/schema.org","@graph":[{"@type":"WebPage","@id":"https:\/\/sites.uef.fi\/flippaus\/flippauksen-toteutus\/laitteet-ja-ohjelmistot\/","url":"https:\/\/sites.uef.fi\/flippaus\/flippauksen-toteutus\/laitteet-ja-ohjelmistot\/","name":"Laitteet ja ohjelmistot - Flipped Learning","isPartOf":{"@id":"https:\/\/sites.uef.fi\/flippaus\/#website"},"datePublished":"2020-08-07T10:13:17+00:00","dateModified":"2023-10-10T12:16:34+00:00","breadcrumb":{"@id":"https:\/\/sites.uef.fi\/flippaus\/flippauksen-toteutus\/laitteet-ja-ohjelmistot\/#breadcrumb"},"inLanguage":"fi","potentialAction":[{"@type":"ReadAction","target":["https:\/\/sites.uef.fi\/flippaus\/flippauksen-toteutus\/laitteet-ja-ohjelmistot\/"]}]},{"@type":"BreadcrumbList","@id":"https:\/\/sites.uef.fi\/flippaus\/flippauksen-toteutus\/laitteet-ja-ohjelmistot\/#breadcrumb","itemListElement":[{"@type":"ListItem","position":1,"name":"Home","item":"https:\/\/sites.uef.fi\/flippaus\/"},{"@type":"ListItem","position":2,"name":"Flippauksen toteutus","item":"https:\/\/sites.uef.fi\/flippaus\/flippauksen-toteutus\/"},{"@type":"ListItem","position":3,"name":"Laitteet ja ohjelmistot"}]},{"@type":"WebSite","@id":"https:\/\/sites.uef.fi\/flippaus\/#website","url":"https:\/\/sites.uef.fi\/flippaus\/","name":"Flipped Learning","description":"","publisher":{"@id":"https:\/\/sites.uef.fi\/flippaus\/#organization"},"potentialAction":[{"@type":"SearchAction","target":{"@type":"EntryPoint","urlTemplate":"https:\/\/sites.uef.fi\/flippaus\/?s={search_term_string}"},"query-input":{"@type":"PropertyValueSpecification","valueRequired":true,"valueName":"search_term_string"}}],"inLanguage":"fi"},{"@type":"Organization","@id":"https:\/\/sites.uef.fi\/flippaus\/#organization","name":"Flipped Learning","url":"https:\/\/sites.uef.fi\/flippaus\/","logo":{"@type":"ImageObject","inLanguage":"fi","@id":"https:\/\/sites.uef.fi\/flippaus\/#\/schema\/logo\/image\/","url":"https:\/\/sites.uef.fi\/flippaus\/wp-content\/uploads\/sites\/83\/2020\/05\/cropped-UEF_wordpress_white.png","contentUrl":"https:\/\/sites.uef.fi\/flippaus\/wp-content\/uploads\/sites\/83\/2020\/05\/cropped-UEF_wordpress_white.png","width":250,"height":250,"caption":"Flipped Learning"},"image":{"@id":"https:\/\/sites.uef.fi\/flippaus\/#\/schema\/logo\/image\/"}}]}},"_links":{"self":[{"href":"https:\/\/sites.uef.fi\/flippaus\/wp-json\/wp\/v2\/pages\/926","targetHints":{"allow":["GET"]}}],"collection":[{"href":"https:\/\/sites.uef.fi\/flippaus\/wp-json\/wp\/v2\/pages"}],"about":[{"href":"https:\/\/sites.uef.fi\/flippaus\/wp-json\/wp\/v2\/types\/page"}],"author":[{"embeddable":true,"href":"https:\/\/sites.uef.fi\/flippaus\/wp-json\/wp\/v2\/users\/176"}],"replies":[{"embeddable":true,"href":"https:\/\/sites.uef.fi\/flippaus\/wp-json\/wp\/v2\/comments?post=926"}],"version-history":[{"count":2,"href":"https:\/\/sites.uef.fi\/flippaus\/wp-json\/wp\/v2\/pages\/926\/revisions"}],"predecessor-version":[{"id":3298,"href":"https:\/\/sites.uef.fi\/flippaus\/wp-json\/wp\/v2\/pages\/926\/revisions\/3298"}],"up":[{"embeddable":true,"href":"https:\/\/sites.uef.fi\/flippaus\/wp-json\/wp\/v2\/pages\/477"}],"wp:attachment":[{"href":"https:\/\/sites.uef.fi\/flippaus\/wp-json\/wp\/v2\/media?parent=926"}],"curies":[{"name":"wp","href":"https:\/\/api.w.org\/{rel}","templated":true}]}}