{"id":950,"date":"2020-08-07T14:46:40","date_gmt":"2020-08-07T11:46:40","guid":{"rendered":"https:\/\/sites.uef.fi\/flippaus\/?page_id=950"},"modified":"2023-10-10T15:22:28","modified_gmt":"2023-10-10T12:22:28","slug":"videomateriaalin-editointi-ja-tallennus","status":"publish","type":"page","link":"https:\/\/sites.uef.fi\/flippaus\/flippauksen-toteutus\/laitteet-ja-ohjelmistot\/videomateriaalin-editointi-ja-tallennus\/","title":{"rendered":"Videomateriaalin editointi ja tallennus"},"content":{"rendered":"\n<p class=\"has-vivid-red-color has-text-color has-medium-font-size\"><strong>Hyv\u00e4 vierailija! Mediapalvelimen vaihdoksen vuoksi p\u00e4ivit\u00e4mme sivustoa ja videoiden toiminnassa on h\u00e4iri\u00f6it\u00e4 lokakuun aikana. Pahoittelemme t\u00e4st\u00e4 aiheutuvaa haittaa.<\/strong><\/p>\n\n\n\n<h1 class=\"wp-block-heading\" id=\"thingl\">Videon tekeminen, editointi ja julkaiseminen<\/h1>\n\n\n\n<p>Alla  oleva kuva havainnollistaa videon tekemisen prosessia UEF:issa k\u00e4yt\u00f6ss\u00e4  olevan Planet eStreamin ja mediapalvelimen n\u00e4k\u00f6kulmasta, mutta toimii  samalla yleisen\u00e4 prosessikuvauksena v\u00e4lineist\u00e4 riippumatta.  K\u00e4ytett\u00e4vist\u00e4 ohjelmista ja laitteista riippuen voi videon tallentaa ja  editoida ennen verkkoon tai k\u00e4yt\u00f6ss\u00e4 olevalle palvelimelle lataamista,  joten prosessi ei v\u00e4ltt\u00e4m\u00e4tt\u00e4 etene absoluuttisesti kuvan tavalla. Kuvan  ympyr\u00f6it\u00e4 klikkaamalla avautuvat ohjevideot eStreamin k\u00e4yt\u00f6st\u00e4.<\/p>\n\n\n<img decoding=\"async\" class=\"alwaysThinglink\" src=\"\/\/cdn.thinglink.me\/api\/image\/1157325360208019459\/1024\/10\/scaletowidth#tl-1157325360208019459;'\" style=\"max-width:100%\" \/><script async charset=\"utf-8\" src=\"\/\/cdn.thinglink.me\/jse\/embed.js\"><\/script>\n\n\n\n<h2 class=\"wp-block-heading\">Videon tuottaminen<\/h2>\n\n\n\n<p>Videoesityksen voi tehd\u00e4 diaesityksen\u00e4, piirroksina tai k\u00e4ytt\u00e4en muita asian esitt\u00e4miseen soveltuvia menetelmi\u00e4.&nbsp; Videon voi tallentaa n\u00e4yt\u00f6lt\u00e4 k\u00e4ytt\u00e4en tietty\u00e4 ohjelmaa (esim. Planet eStream) ja esimerkiksi tablettitietokoneissa on mahdollisuus n\u00e4yt\u00f6n tallennukseen. Mik\u00e4li esitys kuvataan (video)kameralla tai taltioidaan \u00e4\u00e4nen\u00e4, tulee materiaali siirt\u00e4\u00e4 pilveen tai tietokoneelle editointia tai muissa sovelluksissa k\u00e4ytt\u00f6\u00e4 varten.<\/p>\n\n\n\n<h2 class=\"wp-block-heading\">Editointi ja lataaminen palvelimelle<\/h2>\n\n\n\n<p>Editointi ja lataaminen palvelimelle vai lataaminen palvelimelle ja editointi? \nJ\u00e4rjestys riippuu k\u00e4ytett\u00e4vist\u00e4 ohjelmista sek\u00e4 opintojaksolla k\u00e4ytett\u00e4v\u00e4st\u00e4 oppimisymp\u00e4rist\u00f6st\u00e4. Esimerkiksi eStreamin encoderilla tallennettu video ladataan palvelimelle, jossa sit\u00e4 voi my\u00f6s editoida. Toisaalta editoinnin voi tehd\u00e4 muilla ohjelmilla ja vasta sitten ladata verkkoon.<\/p>\n\n\n\n<p>Ohjelmasta riippuen voi olla mahdollista editoida kuvaa ja \u00e4\u00e4nt\u00e4 erillisin\u00e4 raitoina, jolloin muokkaaminen on helpompaa. Valmiin videon voi ladata mediapalvelimelle (UEF) tai vastaavaan ymp\u00e4rist\u00f6\u00f6n, josta sen voi jakaa eteenp\u00e4in. My\u00f6s sosiaalinen media tarjoaa mahdollisuuksia videoiden s\u00e4ilytt\u00e4miseen ja jakamiseen, jos se on mielest\u00e4si soveltuva paikka videon s\u00e4ilytt\u00e4miselle. T\u00e4llaisia palveluita ovat esimerkiksi Youtube ja Vimeo.<\/p>\n\n\n\n<h2 class=\"wp-block-heading\">Videon upottaminen sivustolle<\/h2>\n\n\n\n<p>Olipa videosi tietyll\u00e4 palvelimella tai Youtubessa, sen voi upottaa (embedding) opintojakson verkkoalustalle tietty\u00e4 koodia k\u00e4ytt\u00e4en. Yll\u00e4olevan kuvan kohdassa 4 avautuvassa videossa kerrotaan videon upottamisesta Moodleen ja <a href=\"https:\/\/sites.uef.fi\/flippaus\/flippauksen-toteutus\/laitteet-ja-ohjelmistot\/moodle\/\" data-type=\"page\" data-id=\"1082\">Moodlea tarkemmin k\u00e4sittelev\u00e4ll\u00e4 sivulla<\/a> n\u00e4ytet\u00e4\u00e4n, mist\u00e4 upotuskoodin l\u00f6yt\u00e4\u00e4.<\/p>\n\n\n\n<p>Huomioi tekij\u00e4noikeudet, mik\u00e4li olet aikeissa k\u00e4ytt\u00e4\u00e4 toisten tekemi\u00e4 videoita. Suositeltavampaa on kopioida linkki ja laittaa se verkkoalustalle.<\/p>\n","protected":false},"excerpt":{"rendered":"<p>Hyv\u00e4 vierailija! Mediapalvelimen vaihdoksen vuoksi p\u00e4ivit\u00e4mme sivustoa ja videoiden toiminnassa on h\u00e4iri\u00f6it\u00e4 lokakuun aikana. Pahoittelemme t\u00e4st\u00e4 aiheutuvaa haittaa. Videon tekeminen, editointi ja julkaiseminen Alla oleva kuva havainnollistaa videon tekemisen prosessia UEF:issa k\u00e4yt\u00f6ss\u00e4 olevan Planet eStreamin ja mediapalvelimen n\u00e4k\u00f6kulmasta, mutta toimii samalla yleisen\u00e4 prosessikuvauksena v\u00e4lineist\u00e4 riippumatta. K\u00e4ytett\u00e4vist\u00e4 ohjelmista ja laitteista riippuen voi videon tallentaa ja editoida &hellip; <\/p>\n<p class=\"link-more\"><a href=\"https:\/\/sites.uef.fi\/flippaus\/flippauksen-toteutus\/laitteet-ja-ohjelmistot\/videomateriaalin-editointi-ja-tallennus\/\" class=\"more-link\">Jatka lukemista<span class=\"screen-reader-text\"> &#8221;Videomateriaalin editointi ja tallennus&#8221;<\/span><\/a><\/p>\n","protected":false},"author":176,"featured_media":0,"parent":926,"menu_order":1,"comment_status":"closed","ping_status":"closed","template":"","meta":{"_acf_changed":false,"_monsterinsights_skip_tracking":false,"_monsterinsights_sitenote_active":false,"_monsterinsights_sitenote_note":"","_monsterinsights_sitenote_category":0,"footnotes":""},"class_list":["post-950","page","type-page","status-publish","hentry"],"acf":[],"yoast_head":"<!-- This site is optimized with the Yoast SEO plugin v27.1.1 - https:\/\/yoast.com\/product\/yoast-seo-wordpress\/ -->\n<title>Videomateriaalin editointi ja tallennus - Flipped Learning<\/title>\n<meta name=\"robots\" content=\"index, follow, max-snippet:-1, max-image-preview:large, max-video-preview:-1\" \/>\n<link rel=\"canonical\" href=\"https:\/\/sites.uef.fi\/flippaus\/flippauksen-toteutus\/laitteet-ja-ohjelmistot\/videomateriaalin-editointi-ja-tallennus\/\" \/>\n<meta property=\"og:locale\" content=\"fi_FI\" \/>\n<meta property=\"og:type\" content=\"article\" \/>\n<meta property=\"og:title\" content=\"Videomateriaalin editointi ja tallennus - Flipped Learning\" \/>\n<meta property=\"og:description\" content=\"Hyv\u00e4 vierailija! Mediapalvelimen vaihdoksen vuoksi p\u00e4ivit\u00e4mme sivustoa ja videoiden toiminnassa on h\u00e4iri\u00f6it\u00e4 lokakuun aikana. Pahoittelemme t\u00e4st\u00e4 aiheutuvaa haittaa. Videon tekeminen, editointi ja julkaiseminen Alla oleva kuva havainnollistaa videon tekemisen prosessia UEF:issa k\u00e4yt\u00f6ss\u00e4 olevan Planet eStreamin ja mediapalvelimen n\u00e4k\u00f6kulmasta, mutta toimii samalla yleisen\u00e4 prosessikuvauksena v\u00e4lineist\u00e4 riippumatta. K\u00e4ytett\u00e4vist\u00e4 ohjelmista ja laitteista riippuen voi videon tallentaa ja editoida &hellip; Jatka lukemista &quot;Videomateriaalin editointi ja tallennus&quot;\" \/>\n<meta property=\"og:url\" content=\"https:\/\/sites.uef.fi\/flippaus\/flippauksen-toteutus\/laitteet-ja-ohjelmistot\/videomateriaalin-editointi-ja-tallennus\/\" \/>\n<meta property=\"og:site_name\" content=\"Flipped Learning\" \/>\n<meta property=\"article:modified_time\" content=\"2023-10-10T12:22:28+00:00\" \/>\n<meta name=\"twitter:card\" content=\"summary_large_image\" \/>\n<meta name=\"twitter:label1\" content=\"Arvioitu lukuaika\" \/>\n\t<meta name=\"twitter:data1\" content=\"2 minuuttia\" \/>\n<script type=\"application\/ld+json\" class=\"yoast-schema-graph\">{\"@context\":\"https:\/\/schema.org\",\"@graph\":[{\"@type\":\"WebPage\",\"@id\":\"https:\/\/sites.uef.fi\/flippaus\/flippauksen-toteutus\/laitteet-ja-ohjelmistot\/videomateriaalin-editointi-ja-tallennus\/\",\"url\":\"https:\/\/sites.uef.fi\/flippaus\/flippauksen-toteutus\/laitteet-ja-ohjelmistot\/videomateriaalin-editointi-ja-tallennus\/\",\"name\":\"Videomateriaalin editointi ja tallennus - Flipped Learning\",\"isPartOf\":{\"@id\":\"https:\/\/sites.uef.fi\/flippaus\/#website\"},\"datePublished\":\"2020-08-07T11:46:40+00:00\",\"dateModified\":\"2023-10-10T12:22:28+00:00\",\"breadcrumb\":{\"@id\":\"https:\/\/sites.uef.fi\/flippaus\/flippauksen-toteutus\/laitteet-ja-ohjelmistot\/videomateriaalin-editointi-ja-tallennus\/#breadcrumb\"},\"inLanguage\":\"fi\",\"potentialAction\":[{\"@type\":\"ReadAction\",\"target\":[\"https:\/\/sites.uef.fi\/flippaus\/flippauksen-toteutus\/laitteet-ja-ohjelmistot\/videomateriaalin-editointi-ja-tallennus\/\"]}]},{\"@type\":\"BreadcrumbList\",\"@id\":\"https:\/\/sites.uef.fi\/flippaus\/flippauksen-toteutus\/laitteet-ja-ohjelmistot\/videomateriaalin-editointi-ja-tallennus\/#breadcrumb\",\"itemListElement\":[{\"@type\":\"ListItem\",\"position\":1,\"name\":\"Home\",\"item\":\"https:\/\/sites.uef.fi\/flippaus\/\"},{\"@type\":\"ListItem\",\"position\":2,\"name\":\"Flippauksen toteutus\",\"item\":\"https:\/\/sites.uef.fi\/flippaus\/flippauksen-toteutus\/\"},{\"@type\":\"ListItem\",\"position\":3,\"name\":\"Laitteet ja ohjelmistot\",\"item\":\"https:\/\/sites.uef.fi\/flippaus\/flippauksen-toteutus\/laitteet-ja-ohjelmistot\/\"},{\"@type\":\"ListItem\",\"position\":4,\"name\":\"Videomateriaalin editointi ja tallennus\"}]},{\"@type\":\"WebSite\",\"@id\":\"https:\/\/sites.uef.fi\/flippaus\/#website\",\"url\":\"https:\/\/sites.uef.fi\/flippaus\/\",\"name\":\"Flipped Learning\",\"description\":\"\",\"publisher\":{\"@id\":\"https:\/\/sites.uef.fi\/flippaus\/#organization\"},\"potentialAction\":[{\"@type\":\"SearchAction\",\"target\":{\"@type\":\"EntryPoint\",\"urlTemplate\":\"https:\/\/sites.uef.fi\/flippaus\/?s={search_term_string}\"},\"query-input\":{\"@type\":\"PropertyValueSpecification\",\"valueRequired\":true,\"valueName\":\"search_term_string\"}}],\"inLanguage\":\"fi\"},{\"@type\":\"Organization\",\"@id\":\"https:\/\/sites.uef.fi\/flippaus\/#organization\",\"name\":\"Flipped Learning\",\"url\":\"https:\/\/sites.uef.fi\/flippaus\/\",\"logo\":{\"@type\":\"ImageObject\",\"inLanguage\":\"fi\",\"@id\":\"https:\/\/sites.uef.fi\/flippaus\/#\/schema\/logo\/image\/\",\"url\":\"https:\/\/sites.uef.fi\/flippaus\/wp-content\/uploads\/sites\/83\/2020\/05\/cropped-UEF_wordpress_white.png\",\"contentUrl\":\"https:\/\/sites.uef.fi\/flippaus\/wp-content\/uploads\/sites\/83\/2020\/05\/cropped-UEF_wordpress_white.png\",\"width\":250,\"height\":250,\"caption\":\"Flipped Learning\"},\"image\":{\"@id\":\"https:\/\/sites.uef.fi\/flippaus\/#\/schema\/logo\/image\/\"}}]}<\/script>\n<!-- \/ Yoast SEO plugin. -->","yoast_head_json":{"title":"Videomateriaalin editointi ja tallennus - Flipped Learning","robots":{"index":"index","follow":"follow","max-snippet":"max-snippet:-1","max-image-preview":"max-image-preview:large","max-video-preview":"max-video-preview:-1"},"canonical":"https:\/\/sites.uef.fi\/flippaus\/flippauksen-toteutus\/laitteet-ja-ohjelmistot\/videomateriaalin-editointi-ja-tallennus\/","og_locale":"fi_FI","og_type":"article","og_title":"Videomateriaalin editointi ja tallennus - Flipped Learning","og_description":"Hyv\u00e4 vierailija! Mediapalvelimen vaihdoksen vuoksi p\u00e4ivit\u00e4mme sivustoa ja videoiden toiminnassa on h\u00e4iri\u00f6it\u00e4 lokakuun aikana. Pahoittelemme t\u00e4st\u00e4 aiheutuvaa haittaa. Videon tekeminen, editointi ja julkaiseminen Alla oleva kuva havainnollistaa videon tekemisen prosessia UEF:issa k\u00e4yt\u00f6ss\u00e4 olevan Planet eStreamin ja mediapalvelimen n\u00e4k\u00f6kulmasta, mutta toimii samalla yleisen\u00e4 prosessikuvauksena v\u00e4lineist\u00e4 riippumatta. K\u00e4ytett\u00e4vist\u00e4 ohjelmista ja laitteista riippuen voi videon tallentaa ja editoida &hellip; Jatka lukemista \"Videomateriaalin editointi ja tallennus\"","og_url":"https:\/\/sites.uef.fi\/flippaus\/flippauksen-toteutus\/laitteet-ja-ohjelmistot\/videomateriaalin-editointi-ja-tallennus\/","og_site_name":"Flipped Learning","article_modified_time":"2023-10-10T12:22:28+00:00","twitter_card":"summary_large_image","twitter_misc":{"Arvioitu lukuaika":"2 minuuttia"},"schema":{"@context":"https:\/\/schema.org","@graph":[{"@type":"WebPage","@id":"https:\/\/sites.uef.fi\/flippaus\/flippauksen-toteutus\/laitteet-ja-ohjelmistot\/videomateriaalin-editointi-ja-tallennus\/","url":"https:\/\/sites.uef.fi\/flippaus\/flippauksen-toteutus\/laitteet-ja-ohjelmistot\/videomateriaalin-editointi-ja-tallennus\/","name":"Videomateriaalin editointi ja tallennus - Flipped Learning","isPartOf":{"@id":"https:\/\/sites.uef.fi\/flippaus\/#website"},"datePublished":"2020-08-07T11:46:40+00:00","dateModified":"2023-10-10T12:22:28+00:00","breadcrumb":{"@id":"https:\/\/sites.uef.fi\/flippaus\/flippauksen-toteutus\/laitteet-ja-ohjelmistot\/videomateriaalin-editointi-ja-tallennus\/#breadcrumb"},"inLanguage":"fi","potentialAction":[{"@type":"ReadAction","target":["https:\/\/sites.uef.fi\/flippaus\/flippauksen-toteutus\/laitteet-ja-ohjelmistot\/videomateriaalin-editointi-ja-tallennus\/"]}]},{"@type":"BreadcrumbList","@id":"https:\/\/sites.uef.fi\/flippaus\/flippauksen-toteutus\/laitteet-ja-ohjelmistot\/videomateriaalin-editointi-ja-tallennus\/#breadcrumb","itemListElement":[{"@type":"ListItem","position":1,"name":"Home","item":"https:\/\/sites.uef.fi\/flippaus\/"},{"@type":"ListItem","position":2,"name":"Flippauksen toteutus","item":"https:\/\/sites.uef.fi\/flippaus\/flippauksen-toteutus\/"},{"@type":"ListItem","position":3,"name":"Laitteet ja ohjelmistot","item":"https:\/\/sites.uef.fi\/flippaus\/flippauksen-toteutus\/laitteet-ja-ohjelmistot\/"},{"@type":"ListItem","position":4,"name":"Videomateriaalin editointi ja tallennus"}]},{"@type":"WebSite","@id":"https:\/\/sites.uef.fi\/flippaus\/#website","url":"https:\/\/sites.uef.fi\/flippaus\/","name":"Flipped Learning","description":"","publisher":{"@id":"https:\/\/sites.uef.fi\/flippaus\/#organization"},"potentialAction":[{"@type":"SearchAction","target":{"@type":"EntryPoint","urlTemplate":"https:\/\/sites.uef.fi\/flippaus\/?s={search_term_string}"},"query-input":{"@type":"PropertyValueSpecification","valueRequired":true,"valueName":"search_term_string"}}],"inLanguage":"fi"},{"@type":"Organization","@id":"https:\/\/sites.uef.fi\/flippaus\/#organization","name":"Flipped Learning","url":"https:\/\/sites.uef.fi\/flippaus\/","logo":{"@type":"ImageObject","inLanguage":"fi","@id":"https:\/\/sites.uef.fi\/flippaus\/#\/schema\/logo\/image\/","url":"https:\/\/sites.uef.fi\/flippaus\/wp-content\/uploads\/sites\/83\/2020\/05\/cropped-UEF_wordpress_white.png","contentUrl":"https:\/\/sites.uef.fi\/flippaus\/wp-content\/uploads\/sites\/83\/2020\/05\/cropped-UEF_wordpress_white.png","width":250,"height":250,"caption":"Flipped Learning"},"image":{"@id":"https:\/\/sites.uef.fi\/flippaus\/#\/schema\/logo\/image\/"}}]}},"_links":{"self":[{"href":"https:\/\/sites.uef.fi\/flippaus\/wp-json\/wp\/v2\/pages\/950","targetHints":{"allow":["GET"]}}],"collection":[{"href":"https:\/\/sites.uef.fi\/flippaus\/wp-json\/wp\/v2\/pages"}],"about":[{"href":"https:\/\/sites.uef.fi\/flippaus\/wp-json\/wp\/v2\/types\/page"}],"author":[{"embeddable":true,"href":"https:\/\/sites.uef.fi\/flippaus\/wp-json\/wp\/v2\/users\/176"}],"replies":[{"embeddable":true,"href":"https:\/\/sites.uef.fi\/flippaus\/wp-json\/wp\/v2\/comments?post=950"}],"version-history":[{"count":2,"href":"https:\/\/sites.uef.fi\/flippaus\/wp-json\/wp\/v2\/pages\/950\/revisions"}],"predecessor-version":[{"id":3331,"href":"https:\/\/sites.uef.fi\/flippaus\/wp-json\/wp\/v2\/pages\/950\/revisions\/3331"}],"up":[{"embeddable":true,"href":"https:\/\/sites.uef.fi\/flippaus\/wp-json\/wp\/v2\/pages\/926"}],"wp:attachment":[{"href":"https:\/\/sites.uef.fi\/flippaus\/wp-json\/wp\/v2\/media?parent=950"}],"curies":[{"name":"wp","href":"https:\/\/api.w.org\/{rel}","templated":true}]}}