{"id":986,"date":"2020-08-07T15:12:17","date_gmt":"2020-08-07T12:12:17","guid":{"rendered":"https:\/\/sites.uef.fi\/flippaus\/?page_id=986"},"modified":"2023-10-31T09:20:27","modified_gmt":"2023-10-31T07:20:27","slug":"opetuksen-kehittajalle","status":"publish","type":"page","link":"https:\/\/sites.uef.fi\/flippaus\/opetuksen-kehittajalle\/","title":{"rendered":"Opetuksen kehitt\u00e4j\u00e4lle"},"content":{"rendered":"\n<h1 class=\"wp-block-heading\">Flippaus ja opetuksen kehitt\u00e4minen<\/h1>\n\n\n\n<p>Vaikka Flipped Classroom eli flippaus on opetusmenetelm\u00e4, vaikuttaa muutos perinteisest\u00e4 opetuksesta kohti opiskelijakeskeisyytt\u00e4 my\u00f6s laajemmin paitsi opetus- ja oppimiskulttuuriin, my\u00f6s oppimisymp\u00e4rist\u00f6ihin. T\u00e4lle sivulle on koottu niin opettajille kuin muissa opetuksen kehitt\u00e4miseen liittyviss\u00e4 teht\u00e4viss\u00e4 toimiville tietoa flippauksesta eri n\u00e4k\u00f6kulmista.<\/p>\n\n\n\n<h2 class=\"wp-block-heading\" id=\"flipope\">Mit\u00e4 opettajan ja opetuksen kehitt\u00e4j\u00e4n tulisi huomioida opiskelijoiden kannalta?<\/h2>\n\n\n\n<p>Flippaus lis\u00e4\u00e4 opetuksen ja oppimisen aika- ja paikkajoustavuutta ja opiskelijat kokevat sen yleisesti ottaen mielekk\u00e4\u00e4n\u00e4 tapana opiskella. Flippaus vaatii opiskelijalta suunnitelmallisuutta ja itsen\u00e4isyytt\u00e4. Luentojen v\u00e4heneminen ei suinkaan v\u00e4henn\u00e4 opettajan merkityst\u00e4 tai sit\u00e4, ett\u00e4 opiskelija j\u00e4tett\u00e4isiin yksin. Seuraavalla videolla (kesto 04.04) yliopistonlehtori Markku Saarelainen avaa opiskelijoiden n\u00e4k\u00f6kulmia ja kokemuksia, joita opettajien ja opetuksen kehitt\u00e4jien tulisi huomioida opetusta suunniteltaessa.<\/p>\n\n\n<iframe loading=\"lazy\" src=\"https:\/\/uef.cloud.panopto.eu\/Panopto\/Pages\/Embed.aspx?id=468811a7-2f69-4b9b-8fd8-b06700c7d852&autoplay=false&offerviewer=false&showtitle=false&showbrand=false&captions=false&interactivity=none\" height=\"375\" width=\"500\" style=\"border: 1px solid #464646;\" allowfullscreen allow=\"autoplay\" aria-label=\"Panopto Embedded Video Player\"><\/iframe>\n\n\n\n<h2 class=\"wp-block-heading\" id=\"kehprosessit\">Opetuksen kehitt\u00e4minen ja organisaatio<\/h2>\n\n\n\n<p>Opetuksen kehitt\u00e4misess\u00e4 yhdistyv\u00e4t opetussuunnitelmaty\u00f6, osaamisen ja k\u00e4yt\u00e4nt\u00f6jen kehitt\u00e4minen sek\u00e4 strategiaty\u00f6. Se on varsin monitahoinen ja organisaation eri tahojen v\u00e4list\u00e4 yhteisty\u00f6t\u00e4 vaativa prosessi. Yliopistonlehtori ja tutkimusjohtaja Laura Hirsto avaa seuraavalla videolla opetuksen kehitt\u00e4misen ydinprosesseja ja miten ne ovat konkretisoituneet UEF:n flippaustoiminnassa ja Flipped Learning -hankkeessa. Videon kesto on 12:24.<\/p>\n\n\n<iframe loading=\"lazy\" src=\"https:\/\/uef.cloud.panopto.eu\/Panopto\/Pages\/Embed.aspx?id=722c7d94-75fd-440f-a62a-b06700c78f22&autoplay=false&offerviewer=false&showtitle=false&showbrand=false&captions=false&interactivity=none\" height=\"375\" width=\"500\" style=\"border: 1px solid #464646;\" allowfullscreen allow=\"autoplay\" aria-label=\"Panopto Embedded Video Player\"><\/iframe>\n\n\n\n<h2 class=\"wp-block-heading\" id=\"opympdidakt\">Oppimisymp\u00e4rist\u00f6t ja didaktiset l\u00e4hestymistavat<\/h2>\n\n\n\n<p><em>Videot laatinut: professori Jyri Manninen, Kasvatustieteen ja psykologian osasto<\/em><\/p>\n\n\n\n<p>Vaikka flippaus on opetusmenetelm\u00e4, vaikuttaa muutos opiskelijakeskeisemp\u00e4\u00e4n suuntaan my\u00f6s oppimisymp\u00e4rist\u00f6ihin ja siihen, miten ja miss\u00e4 opitaan. Jotta opettaja ty\u00f6ss\u00e4\u00e4n voisi paremmin mahdollistaa oppimista, tulisi my\u00f6s muun organisaation henkil\u00f6st\u00f6n kiinnitt\u00e4\u00e4 huomiota oppimisymp\u00e4rist\u00f6ihin sek\u00e4 pedagogisiin ja didaktisiin l\u00e4hestymistapoihin.<\/p>\n\n\n\n<h3 class=\"wp-block-heading\" id=\"oppympajattelu\">Oppimisymp\u00e4rist\u00f6ajattelu<\/h3>\n\n\n\n<p>Oppimisymp\u00e4rist\u00f6ajattelu on opetuksen ja koulutuksen suunnittelua ohjaava ajattelutapa, jossa ei mietit\u00e4 \u201dmiten opetetaan\u201d, vaan enemm\u00e4n \u201dmiten ja miss\u00e4 opitaan\u201d. Painotetaan siis enemm\u00e4n oppijan roolia ja erilaisia tilanteita ja ymp\u00e4rist\u00f6j\u00e4, joissa oppimista voisi tapahtua. Videolla kerrotaan tarkemmin, mist\u00e4 oikein on kyse.<\/p>\n\n\n<iframe loading=\"lazy\" src=\"https:\/\/uef.cloud.panopto.eu\/Panopto\/Pages\/Embed.aspx?id=aa70325e-d4e2-4510-9e10-b06700c80b02&autoplay=false&offerviewer=false&showtitle=false&showbrand=false&captions=false&interactivity=none\" height=\"375\" width=\"500\" style=\"border: 1px solid #464646;\" allowfullscreen allow=\"autoplay\" aria-label=\"Panopto Embedded Video Player\"><\/iframe>\n\n\n\n<h3 class=\"wp-block-heading\" id=\"5nakokulmaa\">Viisi n\u00e4k\u00f6kulmaa oppimisymp\u00e4rist\u00f6ihin<\/h3>\n\n\n\n<p>Oppimisymp\u00e4rist\u00f6\u00e4 voidaan tarkastella viidest\u00e4 eri n\u00e4k\u00f6kulmasta: fyysinen, didaktinen, sosiaalinen, tekninen ja paikallinen. Oppimisymp\u00e4rist\u00f6jen kehitt\u00e4misty\u00f6ss\u00e4 tulisi huomioida kaikki n\u00e4k\u00f6kulmat, jotta ratkaisut olisivat toimivia.<\/p>\n\n\n<iframe loading=\"lazy\" src=\"https:\/\/uef.cloud.panopto.eu\/Panopto\/Pages\/Embed.aspx?id=a17d406b-3d23-42a0-b58a-b06700c94e0c&autoplay=false&offerviewer=false&showtitle=false&showbrand=false&captions=false&interactivity=none\" height=\"375\" width=\"500\" style=\"border: 1px solid #464646;\" allowfullscreen allow=\"autoplay\" aria-label=\"Panopto Embedded Video Player\"><\/iframe>\n\n\n\n<h3 class=\"wp-block-heading\" id=\"didakt\">Didaktiset l\u00e4hestymistavat<\/h3>\n\n\n\n<p>Opetusta ohjaavat erilaiset opetus- ja oppimisk\u00e4sitykset, jotka voivat olla tiedostamattomia tai tietoisia, opettajan omasta pedagogisesta ja didaktisesta osaamisesta riippuen. Lis\u00e4ksi taustalla saattavat vaikuttaa perinteet sek\u00e4 omat aiemmat kokemukset oppimisesta ja opetuksesta. Videolla perehdyt\u00e4\u00e4n opetukseen ja oppimiseen liittyviin k\u00e4sitteisiin ja k\u00e4sityksiin.<\/p>\n\n\n<iframe loading=\"lazy\" src=\"https:\/\/uef.cloud.panopto.eu\/Panopto\/Pages\/Embed.aspx?id=17cbc4c3-5861-41d2-bf3c-b06700c65fc2&autoplay=false&offerviewer=false&showtitle=false&showbrand=false&captions=false&interactivity=none\" height=\"375\" width=\"500\" style=\"border: 1px solid #464646;\" allowfullscreen allow=\"autoplay\" aria-label=\"Panopto Embedded Video Player\"><\/iframe>\n","protected":false},"excerpt":{"rendered":"<p>Flippaus ja opetuksen kehitt\u00e4minen Vaikka Flipped Classroom eli flippaus on opetusmenetelm\u00e4, vaikuttaa muutos perinteisest\u00e4 opetuksesta kohti opiskelijakeskeisyytt\u00e4 my\u00f6s laajemmin paitsi opetus- ja oppimiskulttuuriin, my\u00f6s oppimisymp\u00e4rist\u00f6ihin. T\u00e4lle sivulle on koottu niin opettajille kuin muissa opetuksen kehitt\u00e4miseen liittyviss\u00e4 teht\u00e4viss\u00e4 toimiville tietoa flippauksesta eri n\u00e4k\u00f6kulmista. Mit\u00e4 opettajan ja opetuksen kehitt\u00e4j\u00e4n tulisi huomioida opiskelijoiden kannalta? Flippaus lis\u00e4\u00e4 opetuksen ja &hellip; <\/p>\n<p class=\"link-more\"><a href=\"https:\/\/sites.uef.fi\/flippaus\/opetuksen-kehittajalle\/\" class=\"more-link\">Jatka lukemista<span class=\"screen-reader-text\"> &#8221;Opetuksen kehitt\u00e4j\u00e4lle&#8221;<\/span><\/a><\/p>\n","protected":false},"author":176,"featured_media":0,"parent":0,"menu_order":0,"comment_status":"closed","ping_status":"closed","template":"","meta":{"_acf_changed":false,"_monsterinsights_skip_tracking":false,"_monsterinsights_sitenote_active":false,"_monsterinsights_sitenote_note":"","_monsterinsights_sitenote_category":0,"footnotes":""},"class_list":["post-986","page","type-page","status-publish","hentry"],"acf":[],"yoast_head":"<!-- This site is optimized with the Yoast SEO plugin v27.1.1 - https:\/\/yoast.com\/product\/yoast-seo-wordpress\/ -->\n<title>Opetuksen kehitt\u00e4j\u00e4lle - Flipped Learning<\/title>\n<meta name=\"robots\" content=\"index, follow, max-snippet:-1, max-image-preview:large, max-video-preview:-1\" \/>\n<link rel=\"canonical\" href=\"https:\/\/sites.uef.fi\/flippaus\/opetuksen-kehittajalle\/\" \/>\n<meta property=\"og:locale\" content=\"fi_FI\" \/>\n<meta property=\"og:type\" content=\"article\" \/>\n<meta property=\"og:title\" content=\"Opetuksen kehitt\u00e4j\u00e4lle - Flipped Learning\" \/>\n<meta property=\"og:description\" content=\"Flippaus ja opetuksen kehitt\u00e4minen Vaikka Flipped Classroom eli flippaus on opetusmenetelm\u00e4, vaikuttaa muutos perinteisest\u00e4 opetuksesta kohti opiskelijakeskeisyytt\u00e4 my\u00f6s laajemmin paitsi opetus- ja oppimiskulttuuriin, my\u00f6s oppimisymp\u00e4rist\u00f6ihin. T\u00e4lle sivulle on koottu niin opettajille kuin muissa opetuksen kehitt\u00e4miseen liittyviss\u00e4 teht\u00e4viss\u00e4 toimiville tietoa flippauksesta eri n\u00e4k\u00f6kulmista. Mit\u00e4 opettajan ja opetuksen kehitt\u00e4j\u00e4n tulisi huomioida opiskelijoiden kannalta? Flippaus lis\u00e4\u00e4 opetuksen ja &hellip; Jatka lukemista &quot;Opetuksen kehitt\u00e4j\u00e4lle&quot;\" \/>\n<meta property=\"og:url\" content=\"https:\/\/sites.uef.fi\/flippaus\/opetuksen-kehittajalle\/\" \/>\n<meta property=\"og:site_name\" content=\"Flipped Learning\" \/>\n<meta property=\"article:modified_time\" content=\"2023-10-31T07:20:27+00:00\" \/>\n<meta name=\"twitter:card\" content=\"summary_large_image\" \/>\n<meta name=\"twitter:label1\" content=\"Arvioitu lukuaika\" \/>\n\t<meta name=\"twitter:data1\" content=\"3 minuuttia\" \/>\n<script type=\"application\/ld+json\" class=\"yoast-schema-graph\">{\"@context\":\"https:\/\/schema.org\",\"@graph\":[{\"@type\":\"WebPage\",\"@id\":\"https:\/\/sites.uef.fi\/flippaus\/opetuksen-kehittajalle\/\",\"url\":\"https:\/\/sites.uef.fi\/flippaus\/opetuksen-kehittajalle\/\",\"name\":\"Opetuksen kehitt\u00e4j\u00e4lle - Flipped Learning\",\"isPartOf\":{\"@id\":\"https:\/\/sites.uef.fi\/flippaus\/#website\"},\"datePublished\":\"2020-08-07T12:12:17+00:00\",\"dateModified\":\"2023-10-31T07:20:27+00:00\",\"breadcrumb\":{\"@id\":\"https:\/\/sites.uef.fi\/flippaus\/opetuksen-kehittajalle\/#breadcrumb\"},\"inLanguage\":\"fi\",\"potentialAction\":[{\"@type\":\"ReadAction\",\"target\":[\"https:\/\/sites.uef.fi\/flippaus\/opetuksen-kehittajalle\/\"]}]},{\"@type\":\"BreadcrumbList\",\"@id\":\"https:\/\/sites.uef.fi\/flippaus\/opetuksen-kehittajalle\/#breadcrumb\",\"itemListElement\":[{\"@type\":\"ListItem\",\"position\":1,\"name\":\"Home\",\"item\":\"https:\/\/sites.uef.fi\/flippaus\/\"},{\"@type\":\"ListItem\",\"position\":2,\"name\":\"Opetuksen kehitt\u00e4j\u00e4lle\"}]},{\"@type\":\"WebSite\",\"@id\":\"https:\/\/sites.uef.fi\/flippaus\/#website\",\"url\":\"https:\/\/sites.uef.fi\/flippaus\/\",\"name\":\"Flipped Learning\",\"description\":\"\",\"publisher\":{\"@id\":\"https:\/\/sites.uef.fi\/flippaus\/#organization\"},\"potentialAction\":[{\"@type\":\"SearchAction\",\"target\":{\"@type\":\"EntryPoint\",\"urlTemplate\":\"https:\/\/sites.uef.fi\/flippaus\/?s={search_term_string}\"},\"query-input\":{\"@type\":\"PropertyValueSpecification\",\"valueRequired\":true,\"valueName\":\"search_term_string\"}}],\"inLanguage\":\"fi\"},{\"@type\":\"Organization\",\"@id\":\"https:\/\/sites.uef.fi\/flippaus\/#organization\",\"name\":\"Flipped Learning\",\"url\":\"https:\/\/sites.uef.fi\/flippaus\/\",\"logo\":{\"@type\":\"ImageObject\",\"inLanguage\":\"fi\",\"@id\":\"https:\/\/sites.uef.fi\/flippaus\/#\/schema\/logo\/image\/\",\"url\":\"https:\/\/sites.uef.fi\/flippaus\/wp-content\/uploads\/sites\/83\/2020\/05\/cropped-UEF_wordpress_white.png\",\"contentUrl\":\"https:\/\/sites.uef.fi\/flippaus\/wp-content\/uploads\/sites\/83\/2020\/05\/cropped-UEF_wordpress_white.png\",\"width\":250,\"height\":250,\"caption\":\"Flipped Learning\"},\"image\":{\"@id\":\"https:\/\/sites.uef.fi\/flippaus\/#\/schema\/logo\/image\/\"}}]}<\/script>\n<!-- \/ Yoast SEO plugin. -->","yoast_head_json":{"title":"Opetuksen kehitt\u00e4j\u00e4lle - Flipped Learning","robots":{"index":"index","follow":"follow","max-snippet":"max-snippet:-1","max-image-preview":"max-image-preview:large","max-video-preview":"max-video-preview:-1"},"canonical":"https:\/\/sites.uef.fi\/flippaus\/opetuksen-kehittajalle\/","og_locale":"fi_FI","og_type":"article","og_title":"Opetuksen kehitt\u00e4j\u00e4lle - Flipped Learning","og_description":"Flippaus ja opetuksen kehitt\u00e4minen Vaikka Flipped Classroom eli flippaus on opetusmenetelm\u00e4, vaikuttaa muutos perinteisest\u00e4 opetuksesta kohti opiskelijakeskeisyytt\u00e4 my\u00f6s laajemmin paitsi opetus- ja oppimiskulttuuriin, my\u00f6s oppimisymp\u00e4rist\u00f6ihin. T\u00e4lle sivulle on koottu niin opettajille kuin muissa opetuksen kehitt\u00e4miseen liittyviss\u00e4 teht\u00e4viss\u00e4 toimiville tietoa flippauksesta eri n\u00e4k\u00f6kulmista. Mit\u00e4 opettajan ja opetuksen kehitt\u00e4j\u00e4n tulisi huomioida opiskelijoiden kannalta? Flippaus lis\u00e4\u00e4 opetuksen ja &hellip; Jatka lukemista \"Opetuksen kehitt\u00e4j\u00e4lle\"","og_url":"https:\/\/sites.uef.fi\/flippaus\/opetuksen-kehittajalle\/","og_site_name":"Flipped Learning","article_modified_time":"2023-10-31T07:20:27+00:00","twitter_card":"summary_large_image","twitter_misc":{"Arvioitu lukuaika":"3 minuuttia"},"schema":{"@context":"https:\/\/schema.org","@graph":[{"@type":"WebPage","@id":"https:\/\/sites.uef.fi\/flippaus\/opetuksen-kehittajalle\/","url":"https:\/\/sites.uef.fi\/flippaus\/opetuksen-kehittajalle\/","name":"Opetuksen kehitt\u00e4j\u00e4lle - Flipped Learning","isPartOf":{"@id":"https:\/\/sites.uef.fi\/flippaus\/#website"},"datePublished":"2020-08-07T12:12:17+00:00","dateModified":"2023-10-31T07:20:27+00:00","breadcrumb":{"@id":"https:\/\/sites.uef.fi\/flippaus\/opetuksen-kehittajalle\/#breadcrumb"},"inLanguage":"fi","potentialAction":[{"@type":"ReadAction","target":["https:\/\/sites.uef.fi\/flippaus\/opetuksen-kehittajalle\/"]}]},{"@type":"BreadcrumbList","@id":"https:\/\/sites.uef.fi\/flippaus\/opetuksen-kehittajalle\/#breadcrumb","itemListElement":[{"@type":"ListItem","position":1,"name":"Home","item":"https:\/\/sites.uef.fi\/flippaus\/"},{"@type":"ListItem","position":2,"name":"Opetuksen kehitt\u00e4j\u00e4lle"}]},{"@type":"WebSite","@id":"https:\/\/sites.uef.fi\/flippaus\/#website","url":"https:\/\/sites.uef.fi\/flippaus\/","name":"Flipped Learning","description":"","publisher":{"@id":"https:\/\/sites.uef.fi\/flippaus\/#organization"},"potentialAction":[{"@type":"SearchAction","target":{"@type":"EntryPoint","urlTemplate":"https:\/\/sites.uef.fi\/flippaus\/?s={search_term_string}"},"query-input":{"@type":"PropertyValueSpecification","valueRequired":true,"valueName":"search_term_string"}}],"inLanguage":"fi"},{"@type":"Organization","@id":"https:\/\/sites.uef.fi\/flippaus\/#organization","name":"Flipped Learning","url":"https:\/\/sites.uef.fi\/flippaus\/","logo":{"@type":"ImageObject","inLanguage":"fi","@id":"https:\/\/sites.uef.fi\/flippaus\/#\/schema\/logo\/image\/","url":"https:\/\/sites.uef.fi\/flippaus\/wp-content\/uploads\/sites\/83\/2020\/05\/cropped-UEF_wordpress_white.png","contentUrl":"https:\/\/sites.uef.fi\/flippaus\/wp-content\/uploads\/sites\/83\/2020\/05\/cropped-UEF_wordpress_white.png","width":250,"height":250,"caption":"Flipped Learning"},"image":{"@id":"https:\/\/sites.uef.fi\/flippaus\/#\/schema\/logo\/image\/"}}]}},"_links":{"self":[{"href":"https:\/\/sites.uef.fi\/flippaus\/wp-json\/wp\/v2\/pages\/986","targetHints":{"allow":["GET"]}}],"collection":[{"href":"https:\/\/sites.uef.fi\/flippaus\/wp-json\/wp\/v2\/pages"}],"about":[{"href":"https:\/\/sites.uef.fi\/flippaus\/wp-json\/wp\/v2\/types\/page"}],"author":[{"embeddable":true,"href":"https:\/\/sites.uef.fi\/flippaus\/wp-json\/wp\/v2\/users\/176"}],"replies":[{"embeddable":true,"href":"https:\/\/sites.uef.fi\/flippaus\/wp-json\/wp\/v2\/comments?post=986"}],"version-history":[{"count":2,"href":"https:\/\/sites.uef.fi\/flippaus\/wp-json\/wp\/v2\/pages\/986\/revisions"}],"predecessor-version":[{"id":3448,"href":"https:\/\/sites.uef.fi\/flippaus\/wp-json\/wp\/v2\/pages\/986\/revisions\/3448"}],"wp:attachment":[{"href":"https:\/\/sites.uef.fi\/flippaus\/wp-json\/wp\/v2\/media?parent=986"}],"curies":[{"name":"wp","href":"https:\/\/api.w.org\/{rel}","templated":true}]}}