{"id":225,"date":"2024-10-08T10:23:03","date_gmt":"2024-10-08T10:23:03","guid":{"rendered":"https:\/\/sites.uef.fi\/forpolday\/?page_id=225"},"modified":"2024-10-08T10:23:04","modified_gmt":"2024-10-08T10:23:04","slug":"etusivu","status":"publish","type":"page","link":"https:\/\/sites.uef.fi\/forpolday\/","title":{"rendered":"Etusivu"},"content":{"rendered":"","protected":false},"excerpt":{"rendered":"","protected":false},"author":2,"featured_media":0,"parent":0,"menu_order":0,"comment_status":"closed","ping_status":"closed","template":"","meta":{"_acf_changed":false,"footnotes":""},"class_list":["post-225","page","type-page","status-publish","hentry"],"acf":[],"yoast_head":"<!-- This site is optimized with the Yoast SEO plugin v27.3 - https:\/\/yoast.com\/product\/yoast-seo-wordpress\/ -->\n<title>Etusivu - Mets\u00e4politiikan ajankohtaisp\u00e4iv\u00e4<\/title>\n<meta name=\"robots\" content=\"index, follow, max-snippet:-1, max-image-preview:large, max-video-preview:-1\" \/>\n<link rel=\"canonical\" href=\"https:\/\/sites.uef.fi\/forpolday\/\" \/>\n<meta property=\"og:locale\" content=\"fi_FI\" \/>\n<meta property=\"og:type\" content=\"article\" \/>\n<meta property=\"og:title\" content=\"Etusivu - Mets\u00e4politiikan ajankohtaisp\u00e4iv\u00e4\" \/>\n<meta property=\"og:url\" content=\"https:\/\/sites.uef.fi\/forpolday\/\" \/>\n<meta property=\"og:site_name\" content=\"Mets\u00e4politiikan ajankohtaisp\u00e4iv\u00e4\" \/>\n<meta property=\"article:modified_time\" content=\"2024-10-08T10:23:04+00:00\" \/>\n<meta name=\"twitter:card\" content=\"summary_large_image\" \/>\n<script type=\"application\/ld+json\" class=\"yoast-schema-graph\">{\"@context\":\"https:\\\/\\\/schema.org\",\"@graph\":[{\"@type\":\"WebPage\",\"@id\":\"https:\\\/\\\/sites.uef.fi\\\/forpolday\\\/\",\"url\":\"https:\\\/\\\/sites.uef.fi\\\/forpolday\\\/\",\"name\":\"Etusivu - Mets\u00e4politiikan ajankohtaisp\u00e4iv\u00e4\",\"isPartOf\":{\"@id\":\"https:\\\/\\\/sites.uef.fi\\\/forpolday\\\/#website\"},\"datePublished\":\"2024-10-08T10:23:03+00:00\",\"dateModified\":\"2024-10-08T10:23:04+00:00\",\"breadcrumb\":{\"@id\":\"https:\\\/\\\/sites.uef.fi\\\/forpolday\\\/#breadcrumb\"},\"inLanguage\":\"fi\",\"potentialAction\":[{\"@type\":\"ReadAction\",\"target\":[\"https:\\\/\\\/sites.uef.fi\\\/forpolday\\\/\"]}]},{\"@type\":\"BreadcrumbList\",\"@id\":\"https:\\\/\\\/sites.uef.fi\\\/forpolday\\\/#breadcrumb\",\"itemListElement\":[{\"@type\":\"ListItem\",\"position\":1,\"name\":\"Home\",\"item\":\"https:\\\/\\\/sites.uef.fi\\\/forpolday\\\/\"},{\"@type\":\"ListItem\",\"position\":2,\"name\":\"Etusivu\"}]},{\"@type\":\"WebSite\",\"@id\":\"https:\\\/\\\/sites.uef.fi\\\/forpolday\\\/#website\",\"url\":\"https:\\\/\\\/sites.uef.fi\\\/forpolday\\\/\",\"name\":\"Mets\u00e4politiikan ajankohtaisp\u00e4iv\u00e4\",\"description\":\"\",\"potentialAction\":[{\"@type\":\"SearchAction\",\"target\":{\"@type\":\"EntryPoint\",\"urlTemplate\":\"https:\\\/\\\/sites.uef.fi\\\/forpolday\\\/?s={search_term_string}\"},\"query-input\":{\"@type\":\"PropertyValueSpecification\",\"valueRequired\":true,\"valueName\":\"search_term_string\"}}],\"inLanguage\":\"fi\"}]}<\/script>\n<!-- \/ Yoast SEO plugin. -->","yoast_head_json":{"title":"Etusivu - Mets\u00e4politiikan ajankohtaisp\u00e4iv\u00e4","robots":{"index":"index","follow":"follow","max-snippet":"max-snippet:-1","max-image-preview":"max-image-preview:large","max-video-preview":"max-video-preview:-1"},"canonical":"https:\/\/sites.uef.fi\/forpolday\/","og_locale":"fi_FI","og_type":"article","og_title":"Etusivu - Mets\u00e4politiikan ajankohtaisp\u00e4iv\u00e4","og_url":"https:\/\/sites.uef.fi\/forpolday\/","og_site_name":"Mets\u00e4politiikan ajankohtaisp\u00e4iv\u00e4","article_modified_time":"2024-10-08T10:23:04+00:00","twitter_card":"summary_large_image","schema":{"@context":"https:\/\/schema.org","@graph":[{"@type":"WebPage","@id":"https:\/\/sites.uef.fi\/forpolday\/","url":"https:\/\/sites.uef.fi\/forpolday\/","name":"Etusivu - Mets\u00e4politiikan ajankohtaisp\u00e4iv\u00e4","isPartOf":{"@id":"https:\/\/sites.uef.fi\/forpolday\/#website"},"datePublished":"2024-10-08T10:23:03+00:00","dateModified":"2024-10-08T10:23:04+00:00","breadcrumb":{"@id":"https:\/\/sites.uef.fi\/forpolday\/#breadcrumb"},"inLanguage":"fi","potentialAction":[{"@type":"ReadAction","target":["https:\/\/sites.uef.fi\/forpolday\/"]}]},{"@type":"BreadcrumbList","@id":"https:\/\/sites.uef.fi\/forpolday\/#breadcrumb","itemListElement":[{"@type":"ListItem","position":1,"name":"Home","item":"https:\/\/sites.uef.fi\/forpolday\/"},{"@type":"ListItem","position":2,"name":"Etusivu"}]},{"@type":"WebSite","@id":"https:\/\/sites.uef.fi\/forpolday\/#website","url":"https:\/\/sites.uef.fi\/forpolday\/","name":"Mets\u00e4politiikan ajankohtaisp\u00e4iv\u00e4","description":"","potentialAction":[{"@type":"SearchAction","target":{"@type":"EntryPoint","urlTemplate":"https:\/\/sites.uef.fi\/forpolday\/?s={search_term_string}"},"query-input":{"@type":"PropertyValueSpecification","valueRequired":true,"valueName":"search_term_string"}}],"inLanguage":"fi"}]}},"_links":{"self":[{"href":"https:\/\/sites.uef.fi\/forpolday\/wp-json\/wp\/v2\/pages\/225","targetHints":{"allow":["GET"]}}],"collection":[{"href":"https:\/\/sites.uef.fi\/forpolday\/wp-json\/wp\/v2\/pages"}],"about":[{"href":"https:\/\/sites.uef.fi\/forpolday\/wp-json\/wp\/v2\/types\/page"}],"author":[{"embeddable":true,"href":"https:\/\/sites.uef.fi\/forpolday\/wp-json\/wp\/v2\/users\/2"}],"replies":[{"embeddable":true,"href":"https:\/\/sites.uef.fi\/forpolday\/wp-json\/wp\/v2\/comments?post=225"}],"version-history":[{"count":1,"href":"https:\/\/sites.uef.fi\/forpolday\/wp-json\/wp\/v2\/pages\/225\/revisions"}],"predecessor-version":[{"id":231,"href":"https:\/\/sites.uef.fi\/forpolday\/wp-json\/wp\/v2\/pages\/225\/revisions\/231"}],"wp:attachment":[{"href":"https:\/\/sites.uef.fi\/forpolday\/wp-json\/wp\/v2\/media?parent=225"}],"curies":[{"name":"wp","href":"https:\/\/api.w.org\/{rel}","templated":true}]}}