{"id":304,"date":"2025-09-23T19:48:31","date_gmt":"2025-09-23T16:48:31","guid":{"rendered":"https:\/\/sites.uef.fi\/forpolday\/?page_id=304"},"modified":"2025-11-17T09:23:42","modified_gmt":"2025-11-17T06:23:42","slug":"metsapolitiikan-ajankohtaispaiva-joensuussa-12-11-2025","status":"publish","type":"page","link":"https:\/\/sites.uef.fi\/forpolday\/metsapolitiikan-ajankohtaispaiva-joensuussa-12-11-2025\/","title":{"rendered":"Mets\u00e4politiikan ajankohtaisp\u00e4iv\u00e4"},"content":{"rendered":"\n<h1 class=\"wp-block-heading\"><em>Forest Policy Day<\/em><\/h1>\n\n\n\n<h1 class=\"wp-block-heading\">Joensuu 12.11.2025<\/h1>\n\n\n\n<p><strong>Suomi ja EU:n mets\u00e4politiikka<\/strong><\/p>\n\n\n\n<p>It\u00e4-Suomen Yliopisto, Metria rakennus, huone M101, Yliopistokatu 7,&nbsp;Joensuu<\/p>\n\n\n\n<p>Toisilla vuotuisilla mets\u00e4politiikan ajankohtaisp\u00e4ivill\u00e4 jatkettiin Suomen ja EU:n mets\u00e4politiikan ajankohtaisaiheiden ruotimista asiantuntijaesitelmill\u00e4 ja niiden pohjalta k\u00e4yt\u00e4vien keskustelujen muodossa. Tapahtuma on osa Mets\u00e4miesten S\u00e4\u00e4ti\u00f6n tukemaa verkostohanketta, jonka tavoitteena on lis\u00e4t\u00e4 EU:n metsi\u00e4 koskevan p\u00e4\u00e4t\u00f6ksenteon tuntemusta ja kehitt\u00e4\u00e4 sit\u00e4 koskevaa tutkimusta ja opetusta.<\/p>\n\n\n\n<p>Jatkoimme muun muassa viime vuonna alkanutta keskustelua EU:n ennallistamisasetuksesta: Miten mets\u00e4nomistajat voisivat hy\u00f6ty\u00e4 siit\u00e4, ja mit\u00e4 yhtym\u00e4kohtia ennallistamisella voi olla maanpuolustukseen? Muita teemoja ovat kansainv\u00e4linen mets\u00e4poliitiikka sek\u00e4 mets\u00e4biotalous sek\u00e4 siihen liittyv\u00e4t konfliktit.<\/p>\n\n\n\n<p>Linkit p\u00e4ivien esitysten tallenteisiin l\u00f6ytyy alta<\/p>\n\n\n\n<p><strong>Finland and EU Forest Policy<\/strong><\/p>\n\n\n\n<p><em>The second annual Forest Policy Day continued to address current issues in Finnish and EU forest policy through expert presentations and discussions based on them. The event is part of a network project supported by the Foresters&#8217; Foundation, which aims to increase knowledge of decision-making regarding EU forests and develop related research and teaching.<\/em><\/p>\n\n\n\n<p><em>We continued the discussion that began last year on the EU Restoration Regulation: How could forest owners benefit from it, and what connections can restoration have with national defense? Other themes include international forest policy and forest bioeconomy and related conflicts.<\/em><\/p>\n\n\n\n<p><em>Links to the recordings of the presentations can be found below.<\/em><\/p>\n\n\n\n<p>9:45 \u2013 10:30 EU:n mets\u00e4s\u00e4\u00e4ntelyn vaikutukset mets\u00e4biotalouteen, Hanna Siiskonen, v\u00e4it\u00f6skirjatutkija, It\u00e4-Suomen yliopisto&nbsp;<a href=\"https:\/\/uef.cloud.panopto.eu\/Panopto\/Pages\/Viewer.aspx?id=143f9e70-0fb9-4742-8325-b39300e53ee7\">https:\/\/uef.cloud.panopto.eu\/Panopto\/Pages\/Viewer.aspx?id=143f9e70-0fb9-4742-8325-b39300e53ee7<\/a><\/p>\n\n\n\n<p>10:30\u201311.15 Kansainv\u00e4linen mets\u00e4politiikka ja sen vaikutukset Suomeen, Teemu Sepp\u00e4, Kansainv\u00e4listen asioiden p\u00e4\u00e4llikk\u00f6, Mets\u00e4hallitus. <a href=\"https:\/\/uef.cloud.panopto.eu\/Panopto\/Pages\/Viewer.aspx?id=9ecc151e-61e2-4e7c-92df-b39300e5606e\">https:\/\/uef.cloud.panopto.eu\/Panopto\/Pages\/Viewer.aspx?id=9ecc151e-61e2-4e7c-92df-b39300e5606e<\/a><\/p>\n\n\n\n<p>11:15-12:00 Aluetalouden boostaus ennallistamisasetuksen&nbsp;mahdollisuutena &#8211; samalla tuetaan hiilinieluja ja biodiversiteetti\u00e4. Risto Sulkava FT, Hiilip\u00f6rssi Oy, ennallistamisen asiantuntija <a href=\"https:\/\/uef.cloud.panopto.eu\/Panopto\/Pages\/Viewer.aspx?id=066f9124-4be6-4cd5-8ffb-b39300e58bf5\">https:\/\/uef.cloud.panopto.eu\/Panopto\/Pages\/Viewer.aspx?id=066f9124-4be6-4cd5-8ffb-b39300e58bf5<\/a><\/p>\n\n\n\n<div class=\"links-block\">\n\n    \n    <ul class=\"link-list\">\n            <\/ul>\n<\/div>\n\n\n<p><strong>13\u201316.00 English afternoon session<\/strong><\/p>\n\n\n\n<p>13.00-14.00 Restoring the Eastern Border as a Way to Combine the EU Restoration Regulation and National Defense Needs, Jan Kunnas, UEF<\/p>\n\n\n\n<p><a href=\"https:\/\/uef.cloud.panopto.eu\/Panopto\/Pages\/Viewer.aspx?id=4a6ecd04-091f-4bd3-8257-b39500ac42f9&amp;start=110.227606\">https:\/\/uef.cloud.panopto.eu\/Panopto\/Pages\/Viewer.aspx?id=4a6ecd04-091f-4bd3-8257-b39500ac42f9&amp;start=110.227606<\/a><\/p>\n\n\n\n<div class=\"links-block\">\n\n    \n    <ul class=\"link-list\">\n            <\/ul>\n<\/div>\n\n\n<p>14.00-15.00 Forest and bioeconomy related conflicts in the EU, Daniela Nousiainen, UEF<\/p>\n\n\n\n<p><a href=\"https:\/\/uef.cloud.panopto.eu\/Panopto\/Pages\/Viewer.aspx?id=1a1f8886-2a3a-4ee9-8a02-b39500ac42fd\">https:\/\/uef.cloud.panopto.eu\/Panopto\/Pages\/Viewer.aspx?id=1a1f8886-2a3a-4ee9-8a02-b39500ac42fd<\/a><\/p>\n\n\n\n<p>15-16.00 EU Construction Products Regulation: Early Implementation and Potential Impact on Mass Timber Construction, Sandra Lupien, Michigan State University &amp; Fulbright Finland Scholar, UEF<\/p>\n\n\n\n<p><a href=\"https:\/\/uef.cloud.panopto.eu\/Panopto\/Pages\/Viewer.aspx?id=6971babf-0ae5-4ad3-bdca-b39500ac4304\">https:\/\/uef.cloud.panopto.eu\/Panopto\/Pages\/Viewer.aspx?id=6971babf-0ae5-4ad3-bdca-b39500ac4304<\/a><\/p>\n\n\n\n<p><\/p>\n\n\n\n<figure class=\"wp-block-image size-full\"><img loading=\"lazy\" decoding=\"async\" width=\"188\" height=\"102\" src=\"https:\/\/sites.uef.fi\/forpolday\/wp-content\/uploads\/sites\/510\/2025\/09\/image.png\" alt=\"\" class=\"wp-image-306\" \/><\/figure>\n\n\n\n<p>Hanketta on rahoittanut Mets\u00e4miesten S\u00e4\u00e4ti\u00f6. Lahjoitukset ja s\u00e4\u00e4ti\u00f6fuusiot ovat t\u00e4rke\u00e4 osa S\u00e4\u00e4ti\u00f6n yleishy\u00f6dyllisen toiminnan vaikuttavuutta. Lis\u00e4tietoa www.mmsaatio.fi<\/p>\n\n\n\n<p><\/p>\n","protected":false},"excerpt":{"rendered":"<p>Forest Policy Day Joensuu 12.11.2025 Suomi ja EU:n mets\u00e4politiikka It\u00e4-Suomen Yliopisto, Metria rakennus, huone M101, Yliopistokatu 7,&nbsp;Joensuu Toisilla vuotuisilla mets\u00e4politiikan ajankohtaisp\u00e4ivill\u00e4 jatkettiin Suomen ja EU:n mets\u00e4politiikan ajankohtaisaiheiden ruotimista asiantuntijaesitelmill\u00e4 ja niiden pohjalta k\u00e4yt\u00e4vien keskustelujen muodossa. Tapahtuma on osa Mets\u00e4miesten S\u00e4\u00e4ti\u00f6n tukemaa verkostohanketta, jonka tavoitteena on lis\u00e4t\u00e4 EU:n metsi\u00e4 koskevan p\u00e4\u00e4t\u00f6ksenteon tuntemusta ja kehitt\u00e4\u00e4 sit\u00e4 koskevaa [&hellip;]<\/p>\n","protected":false},"author":1229,"featured_media":311,"parent":0,"menu_order":0,"comment_status":"closed","ping_status":"closed","template":"","meta":{"_acf_changed":false,"footnotes":""},"class_list":["post-304","page","type-page","status-publish","has-post-thumbnail","hentry"],"acf":[],"yoast_head":"<!-- This site is optimized with the Yoast SEO plugin v27.3 - https:\/\/yoast.com\/product\/yoast-seo-wordpress\/ -->\n<title>Mets\u00e4politiikan ajankohtaisp\u00e4iv\u00e4 - Mets\u00e4politiikan ajankohtaisp\u00e4iv\u00e4<\/title>\n<meta name=\"robots\" content=\"index, follow, max-snippet:-1, max-image-preview:large, max-video-preview:-1\" \/>\n<link rel=\"canonical\" href=\"https:\/\/sites.uef.fi\/forpolday\/metsapolitiikan-ajankohtaispaiva-joensuussa-12-11-2025\/\" \/>\n<meta property=\"og:locale\" content=\"fi_FI\" \/>\n<meta property=\"og:type\" content=\"article\" \/>\n<meta property=\"og:title\" content=\"Mets\u00e4politiikan ajankohtaisp\u00e4iv\u00e4 - Mets\u00e4politiikan ajankohtaisp\u00e4iv\u00e4\" \/>\n<meta property=\"og:description\" content=\"Forest Policy Day Joensuu 12.11.2025 Suomi ja EU:n mets\u00e4politiikka It\u00e4-Suomen Yliopisto, Metria rakennus, huone M101, Yliopistokatu 7,&nbsp;Joensuu Toisilla vuotuisilla mets\u00e4politiikan ajankohtaisp\u00e4ivill\u00e4 jatkettiin Suomen ja EU:n mets\u00e4politiikan ajankohtaisaiheiden ruotimista asiantuntijaesitelmill\u00e4 ja niiden pohjalta k\u00e4yt\u00e4vien keskustelujen muodossa. Tapahtuma on osa Mets\u00e4miesten S\u00e4\u00e4ti\u00f6n tukemaa verkostohanketta, jonka tavoitteena on lis\u00e4t\u00e4 EU:n metsi\u00e4 koskevan p\u00e4\u00e4t\u00f6ksenteon tuntemusta ja kehitt\u00e4\u00e4 sit\u00e4 koskevaa [&hellip;]\" \/>\n<meta property=\"og:url\" content=\"https:\/\/sites.uef.fi\/forpolday\/metsapolitiikan-ajankohtaispaiva-joensuussa-12-11-2025\/\" \/>\n<meta property=\"og:site_name\" content=\"Mets\u00e4politiikan ajankohtaisp\u00e4iv\u00e4\" \/>\n<meta property=\"article:modified_time\" content=\"2025-11-17T06:23:42+00:00\" \/>\n<meta property=\"og:image\" content=\"https:\/\/sites.uef.fi\/forpolday\/wp-content\/uploads\/sites\/510\/2025\/09\/IMG_5970-scaled.jpg\" \/>\n\t<meta property=\"og:image:width\" content=\"2560\" \/>\n\t<meta property=\"og:image:height\" content=\"1707\" \/>\n\t<meta property=\"og:image:type\" content=\"image\/jpeg\" \/>\n<meta name=\"twitter:card\" content=\"summary_large_image\" \/>\n<meta name=\"twitter:label1\" content=\"Arvioitu lukuaika\" \/>\n\t<meta name=\"twitter:data1\" content=\"3 minuuttia\" \/>\n<script type=\"application\/ld+json\" class=\"yoast-schema-graph\">{\"@context\":\"https:\\\/\\\/schema.org\",\"@graph\":[{\"@type\":\"WebPage\",\"@id\":\"https:\\\/\\\/sites.uef.fi\\\/forpolday\\\/metsapolitiikan-ajankohtaispaiva-joensuussa-12-11-2025\\\/\",\"url\":\"https:\\\/\\\/sites.uef.fi\\\/forpolday\\\/metsapolitiikan-ajankohtaispaiva-joensuussa-12-11-2025\\\/\",\"name\":\"Mets\u00e4politiikan ajankohtaisp\u00e4iv\u00e4 - Mets\u00e4politiikan ajankohtaisp\u00e4iv\u00e4\",\"isPartOf\":{\"@id\":\"https:\\\/\\\/sites.uef.fi\\\/forpolday\\\/#website\"},\"primaryImageOfPage\":{\"@id\":\"https:\\\/\\\/sites.uef.fi\\\/forpolday\\\/metsapolitiikan-ajankohtaispaiva-joensuussa-12-11-2025\\\/#primaryimage\"},\"image\":{\"@id\":\"https:\\\/\\\/sites.uef.fi\\\/forpolday\\\/metsapolitiikan-ajankohtaispaiva-joensuussa-12-11-2025\\\/#primaryimage\"},\"thumbnailUrl\":\"https:\\\/\\\/sites.uef.fi\\\/forpolday\\\/wp-content\\\/uploads\\\/sites\\\/510\\\/2025\\\/09\\\/IMG_5970-scaled.jpg\",\"datePublished\":\"2025-09-23T16:48:31+00:00\",\"dateModified\":\"2025-11-17T06:23:42+00:00\",\"breadcrumb\":{\"@id\":\"https:\\\/\\\/sites.uef.fi\\\/forpolday\\\/metsapolitiikan-ajankohtaispaiva-joensuussa-12-11-2025\\\/#breadcrumb\"},\"inLanguage\":\"fi\",\"potentialAction\":[{\"@type\":\"ReadAction\",\"target\":[\"https:\\\/\\\/sites.uef.fi\\\/forpolday\\\/metsapolitiikan-ajankohtaispaiva-joensuussa-12-11-2025\\\/\"]}]},{\"@type\":\"ImageObject\",\"inLanguage\":\"fi\",\"@id\":\"https:\\\/\\\/sites.uef.fi\\\/forpolday\\\/metsapolitiikan-ajankohtaispaiva-joensuussa-12-11-2025\\\/#primaryimage\",\"url\":\"https:\\\/\\\/sites.uef.fi\\\/forpolday\\\/wp-content\\\/uploads\\\/sites\\\/510\\\/2025\\\/09\\\/IMG_5970-scaled.jpg\",\"contentUrl\":\"https:\\\/\\\/sites.uef.fi\\\/forpolday\\\/wp-content\\\/uploads\\\/sites\\\/510\\\/2025\\\/09\\\/IMG_5970-scaled.jpg\",\"width\":2560,\"height\":1707},{\"@type\":\"BreadcrumbList\",\"@id\":\"https:\\\/\\\/sites.uef.fi\\\/forpolday\\\/metsapolitiikan-ajankohtaispaiva-joensuussa-12-11-2025\\\/#breadcrumb\",\"itemListElement\":[{\"@type\":\"ListItem\",\"position\":1,\"name\":\"Home\",\"item\":\"https:\\\/\\\/sites.uef.fi\\\/forpolday\\\/\"},{\"@type\":\"ListItem\",\"position\":2,\"name\":\"Mets\u00e4politiikan ajankohtaisp\u00e4iv\u00e4\"}]},{\"@type\":\"WebSite\",\"@id\":\"https:\\\/\\\/sites.uef.fi\\\/forpolday\\\/#website\",\"url\":\"https:\\\/\\\/sites.uef.fi\\\/forpolday\\\/\",\"name\":\"Mets\u00e4politiikan ajankohtaisp\u00e4iv\u00e4\",\"description\":\"\",\"potentialAction\":[{\"@type\":\"SearchAction\",\"target\":{\"@type\":\"EntryPoint\",\"urlTemplate\":\"https:\\\/\\\/sites.uef.fi\\\/forpolday\\\/?s={search_term_string}\"},\"query-input\":{\"@type\":\"PropertyValueSpecification\",\"valueRequired\":true,\"valueName\":\"search_term_string\"}}],\"inLanguage\":\"fi\"}]}<\/script>\n<!-- \/ Yoast SEO plugin. -->","yoast_head_json":{"title":"Mets\u00e4politiikan ajankohtaisp\u00e4iv\u00e4 - Mets\u00e4politiikan ajankohtaisp\u00e4iv\u00e4","robots":{"index":"index","follow":"follow","max-snippet":"max-snippet:-1","max-image-preview":"max-image-preview:large","max-video-preview":"max-video-preview:-1"},"canonical":"https:\/\/sites.uef.fi\/forpolday\/metsapolitiikan-ajankohtaispaiva-joensuussa-12-11-2025\/","og_locale":"fi_FI","og_type":"article","og_title":"Mets\u00e4politiikan ajankohtaisp\u00e4iv\u00e4 - Mets\u00e4politiikan ajankohtaisp\u00e4iv\u00e4","og_description":"Forest Policy Day Joensuu 12.11.2025 Suomi ja EU:n mets\u00e4politiikka It\u00e4-Suomen Yliopisto, Metria rakennus, huone M101, Yliopistokatu 7,&nbsp;Joensuu Toisilla vuotuisilla mets\u00e4politiikan ajankohtaisp\u00e4ivill\u00e4 jatkettiin Suomen ja EU:n mets\u00e4politiikan ajankohtaisaiheiden ruotimista asiantuntijaesitelmill\u00e4 ja niiden pohjalta k\u00e4yt\u00e4vien keskustelujen muodossa. Tapahtuma on osa Mets\u00e4miesten S\u00e4\u00e4ti\u00f6n tukemaa verkostohanketta, jonka tavoitteena on lis\u00e4t\u00e4 EU:n metsi\u00e4 koskevan p\u00e4\u00e4t\u00f6ksenteon tuntemusta ja kehitt\u00e4\u00e4 sit\u00e4 koskevaa [&hellip;]","og_url":"https:\/\/sites.uef.fi\/forpolday\/metsapolitiikan-ajankohtaispaiva-joensuussa-12-11-2025\/","og_site_name":"Mets\u00e4politiikan ajankohtaisp\u00e4iv\u00e4","article_modified_time":"2025-11-17T06:23:42+00:00","og_image":[{"width":2560,"height":1707,"url":"https:\/\/sites.uef.fi\/forpolday\/wp-content\/uploads\/sites\/510\/2025\/09\/IMG_5970-scaled.jpg","type":"image\/jpeg"}],"twitter_card":"summary_large_image","twitter_misc":{"Arvioitu lukuaika":"3 minuuttia"},"schema":{"@context":"https:\/\/schema.org","@graph":[{"@type":"WebPage","@id":"https:\/\/sites.uef.fi\/forpolday\/metsapolitiikan-ajankohtaispaiva-joensuussa-12-11-2025\/","url":"https:\/\/sites.uef.fi\/forpolday\/metsapolitiikan-ajankohtaispaiva-joensuussa-12-11-2025\/","name":"Mets\u00e4politiikan ajankohtaisp\u00e4iv\u00e4 - Mets\u00e4politiikan ajankohtaisp\u00e4iv\u00e4","isPartOf":{"@id":"https:\/\/sites.uef.fi\/forpolday\/#website"},"primaryImageOfPage":{"@id":"https:\/\/sites.uef.fi\/forpolday\/metsapolitiikan-ajankohtaispaiva-joensuussa-12-11-2025\/#primaryimage"},"image":{"@id":"https:\/\/sites.uef.fi\/forpolday\/metsapolitiikan-ajankohtaispaiva-joensuussa-12-11-2025\/#primaryimage"},"thumbnailUrl":"https:\/\/sites.uef.fi\/forpolday\/wp-content\/uploads\/sites\/510\/2025\/09\/IMG_5970-scaled.jpg","datePublished":"2025-09-23T16:48:31+00:00","dateModified":"2025-11-17T06:23:42+00:00","breadcrumb":{"@id":"https:\/\/sites.uef.fi\/forpolday\/metsapolitiikan-ajankohtaispaiva-joensuussa-12-11-2025\/#breadcrumb"},"inLanguage":"fi","potentialAction":[{"@type":"ReadAction","target":["https:\/\/sites.uef.fi\/forpolday\/metsapolitiikan-ajankohtaispaiva-joensuussa-12-11-2025\/"]}]},{"@type":"ImageObject","inLanguage":"fi","@id":"https:\/\/sites.uef.fi\/forpolday\/metsapolitiikan-ajankohtaispaiva-joensuussa-12-11-2025\/#primaryimage","url":"https:\/\/sites.uef.fi\/forpolday\/wp-content\/uploads\/sites\/510\/2025\/09\/IMG_5970-scaled.jpg","contentUrl":"https:\/\/sites.uef.fi\/forpolday\/wp-content\/uploads\/sites\/510\/2025\/09\/IMG_5970-scaled.jpg","width":2560,"height":1707},{"@type":"BreadcrumbList","@id":"https:\/\/sites.uef.fi\/forpolday\/metsapolitiikan-ajankohtaispaiva-joensuussa-12-11-2025\/#breadcrumb","itemListElement":[{"@type":"ListItem","position":1,"name":"Home","item":"https:\/\/sites.uef.fi\/forpolday\/"},{"@type":"ListItem","position":2,"name":"Mets\u00e4politiikan ajankohtaisp\u00e4iv\u00e4"}]},{"@type":"WebSite","@id":"https:\/\/sites.uef.fi\/forpolday\/#website","url":"https:\/\/sites.uef.fi\/forpolday\/","name":"Mets\u00e4politiikan ajankohtaisp\u00e4iv\u00e4","description":"","potentialAction":[{"@type":"SearchAction","target":{"@type":"EntryPoint","urlTemplate":"https:\/\/sites.uef.fi\/forpolday\/?s={search_term_string}"},"query-input":{"@type":"PropertyValueSpecification","valueRequired":true,"valueName":"search_term_string"}}],"inLanguage":"fi"}]}},"_links":{"self":[{"href":"https:\/\/sites.uef.fi\/forpolday\/wp-json\/wp\/v2\/pages\/304","targetHints":{"allow":["GET"]}}],"collection":[{"href":"https:\/\/sites.uef.fi\/forpolday\/wp-json\/wp\/v2\/pages"}],"about":[{"href":"https:\/\/sites.uef.fi\/forpolday\/wp-json\/wp\/v2\/types\/page"}],"author":[{"embeddable":true,"href":"https:\/\/sites.uef.fi\/forpolday\/wp-json\/wp\/v2\/users\/1229"}],"replies":[{"embeddable":true,"href":"https:\/\/sites.uef.fi\/forpolday\/wp-json\/wp\/v2\/comments?post=304"}],"version-history":[{"count":1,"href":"https:\/\/sites.uef.fi\/forpolday\/wp-json\/wp\/v2\/pages\/304\/revisions"}],"predecessor-version":[{"id":348,"href":"https:\/\/sites.uef.fi\/forpolday\/wp-json\/wp\/v2\/pages\/304\/revisions\/348"}],"wp:featuredmedia":[{"embeddable":true,"href":"https:\/\/sites.uef.fi\/forpolday\/wp-json\/wp\/v2\/media\/311"}],"wp:attachment":[{"href":"https:\/\/sites.uef.fi\/forpolday\/wp-json\/wp\/v2\/media?parent=304"}],"curies":[{"name":"wp","href":"https:\/\/api.w.org\/{rel}","templated":true}]}}