{"id":152,"date":"2020-06-29T08:34:33","date_gmt":"2020-06-29T05:34:33","guid":{"rendered":"https:\/\/sites.uef.fi\/genediagnostics\/?page_id=152"},"modified":"2025-12-17T16:03:24","modified_gmt":"2025-12-17T14:03:24","slug":"naytteenotto-ja-lahetys","status":"publish","type":"page","link":"https:\/\/sites.uef.fi\/genediagnostics\/naytteenotto-ja-lahetys\/","title":{"rendered":"N\u00e4ytteenotto ja l\u00e4hetys"},"content":{"rendered":"\n<h3 class=\"wp-block-heading\">Olethan yhteydess\u00e4 laboratorioon ennen n\u00e4ytteenl\u00e4hetyst\u00e4!<\/h3>\n\n\n\n<p>e-mail:&nbsp;<a href=\"mailto:genediagnostics@uef.fi\">genediagnostics@uef.fi<\/a><br>p. (040) 355 2739<br>p. (044) 716 2202<\/p>\n\n\n\n<h3 class=\"wp-block-heading\"><strong>FFPE-kudosn\u00e4yte<\/strong> <strong>(<a href=\"https:\/\/sites.uef.fi\/genediagnostics\/kiinteat-kasvaimet\/\">KiTu1<\/a>)<\/strong><\/h3>\n\n\n\n<p>FFPE-kudosn\u00e4ytteenotto- ja l\u00e4hetysohjeet l\u00f6ytyv\u00e4t oheisesta linkist\u00e4: <a href=\"https:\/\/sites.uef.fi\/genediagnostics\/wp-content\/uploads\/sites\/100\/2025\/01\/Naytteenlahetysohje-FFPE-kudosnayte_asiakasversio.pdf\">N\u00e4ytteenl\u00e4hetysohje<\/a>. N\u00e4ytteen mukana l\u00e4hetet\u00e4\u00e4n t\u00e4ytetty <a href=\"https:\/\/sites.uef.fi\/genediagnostics\/wp-content\/uploads\/sites\/100\/2025\/05\/KiTu1_tutkimuspyynto_2025-1.pdf\">tutkimuspyynt\u00f6lomake<\/a>. Annamme mielell\u00e4mme lis\u00e4tietoja ja autamme lomakkeen t\u00e4ytt\u00e4misess\u00e4. <\/p>\n\n\n\n<h3 class=\"wp-block-heading\"><strong>Verin\u00e4yte (<a href=\"https:\/\/sites.uef.fi\/genediagnostics\/monogeeniset-sairaudet\/\">Monogeeniset sairaudet<\/a> ja <a href=\"https:\/\/sites.uef.fi\/genediagnostics\/farmakogenomiikka\/\">farmakogenomiikka<\/a>)<\/strong><\/h3>\n\n\n\n<p>N\u00e4ytteeksi tarvitaan kaksi EDTA-putkea kokoverta (2 x 3-7 ml), vastasyntyneelt\u00e4 lapselta yksi EDTA-putki (1 x 0,5-3&nbsp;ml).&nbsp;Kudos- ja solun\u00e4ytteist\u00e4 tarvitaan valmiiksi eristetty DNA (&gt;50ng\/\u00b5l, &gt;100\u00b5l).<\/p>\n\n\n\n<p>N\u00e4yteputkesta tulee l\u00f6yty\u00e4 seuraavat tiedot:<\/p>\n\n\n\n<ul class=\"wp-block-list\">\n<li>potilaan nimi<\/li>\n\n\n\n<li>henkil\u00f6tunnus<\/li>\n\n\n\n<li>n\u00e4ytteenottop\u00e4iv\u00e4m\u00e4\u00e4r\u00e4<\/li>\n<\/ul>\n\n\n\n<p>N\u00e4ytteet s\u00e4ilytet\u00e4\u00e4n j\u00e4\u00e4kaapissa ja postitetaan mahdollisimman pian huoneenl\u00e4mp\u00f6isin\u00e4. N\u00e4ytteet postitetaan mielell\u00e4\u00e4n alkuviikolla ma-ke. Jos n\u00e4ytteenottop\u00e4iv\u00e4 on loppuviikolla to-pe, s\u00e4ilytet\u00e4\u00e4n n\u00e4ytteet j\u00e4\u00e4kaapissa viikonlopun yli ja postitetaan huoneenl\u00e4mp\u00f6isin\u00e4 seuraavana maanantaina.<\/p>\n\n\n\n<p>N\u00e4ytteen mukana l\u00e4hetet\u00e4\u00e4n t\u00e4ytetty tutkimuspyynt\u00f6lomake. Toimitamme lomakkeen t\u00e4ytett\u00e4v\u00e4ksi viipym\u00e4tt\u00e4 yhteydenoton j\u00e4lkeen. <\/p>\n\n\n\n<h3 class=\"wp-block-heading\"><strong>N\u00e4ytteiden postitusosoite<\/strong><\/h3>\n\n\n\n<p>It\u00e4-Suomen yliopisto <br>Kliinisen l\u00e4\u00e4ketieteen yksikk\u00f6 \/ It\u00e4-Suomen Genomikeskus <br>Geenidiagnostiikkalaboratorio <br>Yliopistonrinne 3 (Mediteknia)<br>PL 1627, 70211 KUOPIO<\/p>\n","protected":false},"excerpt":{"rendered":"<p>Olethan yhteydess\u00e4 laboratorioon ennen n\u00e4ytteenl\u00e4hetyst\u00e4! e-mail:&nbsp;genediagnostics@uef.fip. (040) 355 2739p. (044) 716 2202 FFPE-kudosn\u00e4yte (KiTu1) FFPE-kudosn\u00e4ytteenotto- ja l\u00e4hetysohjeet l\u00f6ytyv\u00e4t oheisesta linkist\u00e4: N\u00e4ytteenl\u00e4hetysohje. N\u00e4ytteen mukana l\u00e4hetet\u00e4\u00e4n t\u00e4ytetty tutkimuspyynt\u00f6lomake. Annamme mielell\u00e4mme lis\u00e4tietoja ja autamme lomakkeen t\u00e4ytt\u00e4misess\u00e4. Verin\u00e4yte (Monogeeniset sairaudet ja farmakogenomiikka) N\u00e4ytteeksi tarvitaan kaksi EDTA-putkea kokoverta (2 x 3-7 ml), vastasyntyneelt\u00e4 lapselta yksi EDTA-putki (1 x 0,5-3&nbsp;ml).&nbsp;Kudos- ja [&hellip;]<\/p>\n","protected":false},"author":203,"featured_media":0,"parent":0,"menu_order":0,"comment_status":"closed","ping_status":"closed","template":"","meta":{"_acf_changed":false,"_monsterinsights_skip_tracking":false,"_monsterinsights_sitenote_active":false,"_monsterinsights_sitenote_note":"","_monsterinsights_sitenote_category":0,"footnotes":""},"class_list":["post-152","page","type-page","status-publish","hentry"],"acf":[],"yoast_head":"<!-- This site is optimized with the Yoast SEO plugin v27.1.1 - https:\/\/yoast.com\/product\/yoast-seo-wordpress\/ -->\n<title>N\u00e4ytteenotto ja l\u00e4hetys - Geenidiagnostiikka<\/title>\n<meta name=\"robots\" content=\"index, follow, max-snippet:-1, max-image-preview:large, max-video-preview:-1\" \/>\n<link rel=\"canonical\" href=\"https:\/\/sites.uef.fi\/genediagnostics\/naytteenotto-ja-lahetys\/\" \/>\n<meta property=\"og:locale\" content=\"fi_FI\" \/>\n<meta property=\"og:type\" content=\"article\" \/>\n<meta property=\"og:title\" content=\"N\u00e4ytteenotto ja l\u00e4hetys - Geenidiagnostiikka\" \/>\n<meta property=\"og:description\" content=\"Olethan yhteydess\u00e4 laboratorioon ennen n\u00e4ytteenl\u00e4hetyst\u00e4! e-mail:&nbsp;genediagnostics@uef.fip. (040) 355 2739p. (044) 716 2202 FFPE-kudosn\u00e4yte (KiTu1) FFPE-kudosn\u00e4ytteenotto- ja l\u00e4hetysohjeet l\u00f6ytyv\u00e4t oheisesta linkist\u00e4: N\u00e4ytteenl\u00e4hetysohje. N\u00e4ytteen mukana l\u00e4hetet\u00e4\u00e4n t\u00e4ytetty tutkimuspyynt\u00f6lomake. Annamme mielell\u00e4mme lis\u00e4tietoja ja autamme lomakkeen t\u00e4ytt\u00e4misess\u00e4. Verin\u00e4yte (Monogeeniset sairaudet ja farmakogenomiikka) N\u00e4ytteeksi tarvitaan kaksi EDTA-putkea kokoverta (2 x 3-7 ml), vastasyntyneelt\u00e4 lapselta yksi EDTA-putki (1 x 0,5-3&nbsp;ml).&nbsp;Kudos- ja [&hellip;]\" \/>\n<meta property=\"og:url\" content=\"https:\/\/sites.uef.fi\/genediagnostics\/naytteenotto-ja-lahetys\/\" \/>\n<meta property=\"og:site_name\" content=\"Geenidiagnostiikka\" \/>\n<meta property=\"article:modified_time\" content=\"2025-12-17T14:03:24+00:00\" \/>\n<meta name=\"twitter:card\" content=\"summary_large_image\" \/>\n<meta name=\"twitter:label1\" content=\"Arvioitu lukuaika\" \/>\n\t<meta name=\"twitter:data1\" content=\"1 minuutti\" \/>\n<script type=\"application\/ld+json\" class=\"yoast-schema-graph\">{\"@context\":\"https:\/\/schema.org\",\"@graph\":[{\"@type\":\"WebPage\",\"@id\":\"https:\/\/sites.uef.fi\/genediagnostics\/naytteenotto-ja-lahetys\/\",\"url\":\"https:\/\/sites.uef.fi\/genediagnostics\/naytteenotto-ja-lahetys\/\",\"name\":\"N\u00e4ytteenotto ja l\u00e4hetys - Geenidiagnostiikka\",\"isPartOf\":{\"@id\":\"https:\/\/sites.uef.fi\/genediagnostics\/#website\"},\"datePublished\":\"2020-06-29T05:34:33+00:00\",\"dateModified\":\"2025-12-17T14:03:24+00:00\",\"breadcrumb\":{\"@id\":\"https:\/\/sites.uef.fi\/genediagnostics\/naytteenotto-ja-lahetys\/#breadcrumb\"},\"inLanguage\":\"fi\",\"potentialAction\":[{\"@type\":\"ReadAction\",\"target\":[\"https:\/\/sites.uef.fi\/genediagnostics\/naytteenotto-ja-lahetys\/\"]}]},{\"@type\":\"BreadcrumbList\",\"@id\":\"https:\/\/sites.uef.fi\/genediagnostics\/naytteenotto-ja-lahetys\/#breadcrumb\",\"itemListElement\":[{\"@type\":\"ListItem\",\"position\":1,\"name\":\"Home\",\"item\":\"https:\/\/sites.uef.fi\/genediagnostics\/\"},{\"@type\":\"ListItem\",\"position\":2,\"name\":\"N\u00e4ytteenotto ja l\u00e4hetys\"}]},{\"@type\":\"WebSite\",\"@id\":\"https:\/\/sites.uef.fi\/genediagnostics\/#website\",\"url\":\"https:\/\/sites.uef.fi\/genediagnostics\/\",\"name\":\"Geenidiagnostiikka\",\"description\":\"\",\"potentialAction\":[{\"@type\":\"SearchAction\",\"target\":{\"@type\":\"EntryPoint\",\"urlTemplate\":\"https:\/\/sites.uef.fi\/genediagnostics\/?s={search_term_string}\"},\"query-input\":{\"@type\":\"PropertyValueSpecification\",\"valueRequired\":true,\"valueName\":\"search_term_string\"}}],\"inLanguage\":\"fi\"}]}<\/script>\n<!-- \/ Yoast SEO plugin. -->","yoast_head_json":{"title":"N\u00e4ytteenotto ja l\u00e4hetys - Geenidiagnostiikka","robots":{"index":"index","follow":"follow","max-snippet":"max-snippet:-1","max-image-preview":"max-image-preview:large","max-video-preview":"max-video-preview:-1"},"canonical":"https:\/\/sites.uef.fi\/genediagnostics\/naytteenotto-ja-lahetys\/","og_locale":"fi_FI","og_type":"article","og_title":"N\u00e4ytteenotto ja l\u00e4hetys - Geenidiagnostiikka","og_description":"Olethan yhteydess\u00e4 laboratorioon ennen n\u00e4ytteenl\u00e4hetyst\u00e4! e-mail:&nbsp;genediagnostics@uef.fip. (040) 355 2739p. (044) 716 2202 FFPE-kudosn\u00e4yte (KiTu1) FFPE-kudosn\u00e4ytteenotto- ja l\u00e4hetysohjeet l\u00f6ytyv\u00e4t oheisesta linkist\u00e4: N\u00e4ytteenl\u00e4hetysohje. N\u00e4ytteen mukana l\u00e4hetet\u00e4\u00e4n t\u00e4ytetty tutkimuspyynt\u00f6lomake. Annamme mielell\u00e4mme lis\u00e4tietoja ja autamme lomakkeen t\u00e4ytt\u00e4misess\u00e4. Verin\u00e4yte (Monogeeniset sairaudet ja farmakogenomiikka) N\u00e4ytteeksi tarvitaan kaksi EDTA-putkea kokoverta (2 x 3-7 ml), vastasyntyneelt\u00e4 lapselta yksi EDTA-putki (1 x 0,5-3&nbsp;ml).&nbsp;Kudos- ja [&hellip;]","og_url":"https:\/\/sites.uef.fi\/genediagnostics\/naytteenotto-ja-lahetys\/","og_site_name":"Geenidiagnostiikka","article_modified_time":"2025-12-17T14:03:24+00:00","twitter_card":"summary_large_image","twitter_misc":{"Arvioitu lukuaika":"1 minuutti"},"schema":{"@context":"https:\/\/schema.org","@graph":[{"@type":"WebPage","@id":"https:\/\/sites.uef.fi\/genediagnostics\/naytteenotto-ja-lahetys\/","url":"https:\/\/sites.uef.fi\/genediagnostics\/naytteenotto-ja-lahetys\/","name":"N\u00e4ytteenotto ja l\u00e4hetys - Geenidiagnostiikka","isPartOf":{"@id":"https:\/\/sites.uef.fi\/genediagnostics\/#website"},"datePublished":"2020-06-29T05:34:33+00:00","dateModified":"2025-12-17T14:03:24+00:00","breadcrumb":{"@id":"https:\/\/sites.uef.fi\/genediagnostics\/naytteenotto-ja-lahetys\/#breadcrumb"},"inLanguage":"fi","potentialAction":[{"@type":"ReadAction","target":["https:\/\/sites.uef.fi\/genediagnostics\/naytteenotto-ja-lahetys\/"]}]},{"@type":"BreadcrumbList","@id":"https:\/\/sites.uef.fi\/genediagnostics\/naytteenotto-ja-lahetys\/#breadcrumb","itemListElement":[{"@type":"ListItem","position":1,"name":"Home","item":"https:\/\/sites.uef.fi\/genediagnostics\/"},{"@type":"ListItem","position":2,"name":"N\u00e4ytteenotto ja l\u00e4hetys"}]},{"@type":"WebSite","@id":"https:\/\/sites.uef.fi\/genediagnostics\/#website","url":"https:\/\/sites.uef.fi\/genediagnostics\/","name":"Geenidiagnostiikka","description":"","potentialAction":[{"@type":"SearchAction","target":{"@type":"EntryPoint","urlTemplate":"https:\/\/sites.uef.fi\/genediagnostics\/?s={search_term_string}"},"query-input":{"@type":"PropertyValueSpecification","valueRequired":true,"valueName":"search_term_string"}}],"inLanguage":"fi"}]}},"_links":{"self":[{"href":"https:\/\/sites.uef.fi\/genediagnostics\/wp-json\/wp\/v2\/pages\/152","targetHints":{"allow":["GET"]}}],"collection":[{"href":"https:\/\/sites.uef.fi\/genediagnostics\/wp-json\/wp\/v2\/pages"}],"about":[{"href":"https:\/\/sites.uef.fi\/genediagnostics\/wp-json\/wp\/v2\/types\/page"}],"author":[{"embeddable":true,"href":"https:\/\/sites.uef.fi\/genediagnostics\/wp-json\/wp\/v2\/users\/203"}],"replies":[{"embeddable":true,"href":"https:\/\/sites.uef.fi\/genediagnostics\/wp-json\/wp\/v2\/comments?post=152"}],"version-history":[{"count":1,"href":"https:\/\/sites.uef.fi\/genediagnostics\/wp-json\/wp\/v2\/pages\/152\/revisions"}],"predecessor-version":[{"id":5095,"href":"https:\/\/sites.uef.fi\/genediagnostics\/wp-json\/wp\/v2\/pages\/152\/revisions\/5095"}],"wp:attachment":[{"href":"https:\/\/sites.uef.fi\/genediagnostics\/wp-json\/wp\/v2\/media?parent=152"}],"curies":[{"name":"wp","href":"https:\/\/api.w.org\/{rel}","templated":true}]}}