{"id":179,"date":"2020-06-29T08:35:13","date_gmt":"2020-06-29T05:35:13","guid":{"rendered":"https:\/\/sites.uef.fi\/genediagnostics\/?page_id=179"},"modified":"2025-12-17T15:49:21","modified_gmt":"2025-12-17T13:49:21","slug":"hinnasto","status":"publish","type":"page","link":"https:\/\/sites.uef.fi\/genediagnostics\/hinnasto\/","title":{"rendered":"Hinnasto"},"content":{"rendered":"\n<p><a href=\"https:\/\/sites.uef.fi\/genediagnostics\/kiinteat-kasvaimet-kitu1\/\">Kiinteiden kasvainten sy\u00f6p\u00e4geenipaneeli (Kitu1)<\/a>: <strong>700 \u20ac\/n\u00e4yte<\/strong><\/p>\n\n\n\n<p><a href=\"https:\/\/sites.uef.fi\/genediagnostics\/monogeeniset-sairaudet\/hypertrofinen-kardiomyopatia\/\">Hypertrofinen kardiomyopatia<\/a><\/p>\n\n\n\n<ul class=\"wp-block-list\">\n<li>MYBPC3 p.Gln1061Ter (rs397516005), TPM1 p.Asp175Asn (rs104894503) ja MYH7 p.Arg1053Gln (rs587782962) varianttien analyysi: <strong>660 \u20ac<\/strong><\/li>\n\n\n\n<li>Alfa-tropomyosiinigeenin (TPM1) variantin p.Asp175Asn (rs104894503) analyysi: <strong>220 \u20ac<\/strong><\/li>\n\n\n\n<li>Myosiinia sitovan proteiini C-geenin (MYBPC3) variantin p.Gln1061Ter (rs397516005) analyysi: <strong>220 \u20ac<\/strong><\/li>\n\n\n\n<li>Beta-myosiiniraskasketjun (MYH7) variantin p.Arg1053Gln (rs587782962) analyysi: <strong>220 \u20ac<\/strong><\/li>\n\n\n\n<li>Tunnetun geenivariantin tutkimus: <strong><strong>220 \u20ac\/kpl<\/strong><\/strong><\/li>\n<\/ul>\n\n\n\n<p><a href=\"https:\/\/sites.uef.fi\/genediagnostics\/monogeeniset-sairaudet\/polykystinen-munuaistauti\/\">Polykystinen munuaistauti<\/a><\/p>\n\n\n\n<ul class=\"wp-block-list\">\n<li>PKD1- ja PKD2-geenien koodaavan alueen sekvensointi ja deleetioanalyysi: <strong>1300 \u20ac<\/strong><\/li>\n\n\n\n<li>Tunnetun geenivariantin tutkimus: <strong>220 \u20ac\/kpl<\/strong><\/li>\n\n\n\n<li>Tunnetun deleetion tai insertion osoittaminen: <strong>400 \u20ac\/kpl<\/strong><\/li>\n<\/ul>\n\n\n\n<p><a href=\"https:\/\/sites.uef.fi\/genediagnostics\/monogeeniset-sairaudet\/481-2\/\">Synnynn\u00e4inen hyperinsulinemia<\/a><\/p>\n\n\n\n<ul class=\"wp-block-list\">\n<li>Valtavarianttien ABCC8 (SUR1) p.Val187Asp (rs137852672) ja p.Glu1506Lys (rs137852671) tutkimus: <strong>440 \u20ac<\/strong><\/li>\n\n\n\n<li>ABCC8 (SUR1) ja KCNJ11 (Kir6.2) -geenien koodaavan alueen sekvensointi: <strong>990 \u20ac<\/strong><\/li>\n\n\n\n<li>GCK-geenin koodaavan alueen sekvensointi: <strong>890 \u20ac<\/strong><\/li>\n\n\n\n<li>Tunnetun geenivariantin tutkimus: <strong>220 \u20ac\/kpl<\/strong><\/li>\n\n\n\n<li>Tunnetun deleetion tai insertion osoittaminen: <strong>400 \u20ac<\/strong><\/li>\n<\/ul>\n\n\n\n<p><\/p>\n\n\n\n<p>Vastauskopio aiemmin tehdyst\u00e4 tutkimuksesta: <strong>50 \u20ac<\/strong><\/p>\n\n\n\n<p><strong><a href=\"https:\/\/sites.uef.fi\/genediagnostics\/yhteydenotto\/\">Ota meihin rohkeasti yhteytt\u00e4 tiedustellaksesi muiden tutkimustemme hintoja!<\/a><\/strong><\/p>\n\n\n\n<p><\/p>\n","protected":false},"excerpt":{"rendered":"<p>Kiinteiden kasvainten sy\u00f6p\u00e4geenipaneeli (Kitu1): 700 \u20ac\/n\u00e4yte Hypertrofinen kardiomyopatia Polykystinen munuaistauti Synnynn\u00e4inen hyperinsulinemia Vastauskopio aiemmin tehdyst\u00e4 tutkimuksesta: 50 \u20ac Ota meihin rohkeasti yhteytt\u00e4 tiedustellaksesi muiden tutkimustemme hintoja!<\/p>\n","protected":false},"author":203,"featured_media":0,"parent":0,"menu_order":0,"comment_status":"closed","ping_status":"closed","template":"","meta":{"_acf_changed":false,"_monsterinsights_skip_tracking":false,"_monsterinsights_sitenote_active":false,"_monsterinsights_sitenote_note":"","_monsterinsights_sitenote_category":0,"footnotes":""},"class_list":["post-179","page","type-page","status-publish","hentry"],"acf":[],"yoast_head":"<!-- This site is optimized with the Yoast SEO plugin v27.1.1 - https:\/\/yoast.com\/product\/yoast-seo-wordpress\/ -->\n<title>Hinnasto - Geenidiagnostiikka<\/title>\n<meta name=\"robots\" content=\"index, follow, max-snippet:-1, max-image-preview:large, max-video-preview:-1\" \/>\n<link rel=\"canonical\" href=\"https:\/\/sites.uef.fi\/genediagnostics\/hinnasto\/\" \/>\n<meta property=\"og:locale\" content=\"fi_FI\" \/>\n<meta property=\"og:type\" content=\"article\" \/>\n<meta property=\"og:title\" content=\"Hinnasto - Geenidiagnostiikka\" \/>\n<meta property=\"og:description\" content=\"Kiinteiden kasvainten sy\u00f6p\u00e4geenipaneeli (Kitu1): 700 \u20ac\/n\u00e4yte Hypertrofinen kardiomyopatia Polykystinen munuaistauti Synnynn\u00e4inen hyperinsulinemia Vastauskopio aiemmin tehdyst\u00e4 tutkimuksesta: 50 \u20ac Ota meihin rohkeasti yhteytt\u00e4 tiedustellaksesi muiden tutkimustemme hintoja!\" \/>\n<meta property=\"og:url\" content=\"https:\/\/sites.uef.fi\/genediagnostics\/hinnasto\/\" \/>\n<meta property=\"og:site_name\" content=\"Geenidiagnostiikka\" \/>\n<meta property=\"article:modified_time\" content=\"2025-12-17T13:49:21+00:00\" \/>\n<meta name=\"twitter:card\" content=\"summary_large_image\" \/>\n<meta name=\"twitter:label1\" content=\"Arvioitu lukuaika\" \/>\n\t<meta name=\"twitter:data1\" content=\"1 minuutti\" \/>\n<script type=\"application\/ld+json\" class=\"yoast-schema-graph\">{\"@context\":\"https:\/\/schema.org\",\"@graph\":[{\"@type\":\"WebPage\",\"@id\":\"https:\/\/sites.uef.fi\/genediagnostics\/hinnasto\/\",\"url\":\"https:\/\/sites.uef.fi\/genediagnostics\/hinnasto\/\",\"name\":\"Hinnasto - Geenidiagnostiikka\",\"isPartOf\":{\"@id\":\"https:\/\/sites.uef.fi\/genediagnostics\/#website\"},\"datePublished\":\"2020-06-29T05:35:13+00:00\",\"dateModified\":\"2025-12-17T13:49:21+00:00\",\"breadcrumb\":{\"@id\":\"https:\/\/sites.uef.fi\/genediagnostics\/hinnasto\/#breadcrumb\"},\"inLanguage\":\"fi\",\"potentialAction\":[{\"@type\":\"ReadAction\",\"target\":[\"https:\/\/sites.uef.fi\/genediagnostics\/hinnasto\/\"]}]},{\"@type\":\"BreadcrumbList\",\"@id\":\"https:\/\/sites.uef.fi\/genediagnostics\/hinnasto\/#breadcrumb\",\"itemListElement\":[{\"@type\":\"ListItem\",\"position\":1,\"name\":\"Home\",\"item\":\"https:\/\/sites.uef.fi\/genediagnostics\/\"},{\"@type\":\"ListItem\",\"position\":2,\"name\":\"Hinnasto\"}]},{\"@type\":\"WebSite\",\"@id\":\"https:\/\/sites.uef.fi\/genediagnostics\/#website\",\"url\":\"https:\/\/sites.uef.fi\/genediagnostics\/\",\"name\":\"Geenidiagnostiikka\",\"description\":\"\",\"potentialAction\":[{\"@type\":\"SearchAction\",\"target\":{\"@type\":\"EntryPoint\",\"urlTemplate\":\"https:\/\/sites.uef.fi\/genediagnostics\/?s={search_term_string}\"},\"query-input\":{\"@type\":\"PropertyValueSpecification\",\"valueRequired\":true,\"valueName\":\"search_term_string\"}}],\"inLanguage\":\"fi\"}]}<\/script>\n<!-- \/ Yoast SEO plugin. -->","yoast_head_json":{"title":"Hinnasto - Geenidiagnostiikka","robots":{"index":"index","follow":"follow","max-snippet":"max-snippet:-1","max-image-preview":"max-image-preview:large","max-video-preview":"max-video-preview:-1"},"canonical":"https:\/\/sites.uef.fi\/genediagnostics\/hinnasto\/","og_locale":"fi_FI","og_type":"article","og_title":"Hinnasto - Geenidiagnostiikka","og_description":"Kiinteiden kasvainten sy\u00f6p\u00e4geenipaneeli (Kitu1): 700 \u20ac\/n\u00e4yte Hypertrofinen kardiomyopatia Polykystinen munuaistauti Synnynn\u00e4inen hyperinsulinemia Vastauskopio aiemmin tehdyst\u00e4 tutkimuksesta: 50 \u20ac Ota meihin rohkeasti yhteytt\u00e4 tiedustellaksesi muiden tutkimustemme hintoja!","og_url":"https:\/\/sites.uef.fi\/genediagnostics\/hinnasto\/","og_site_name":"Geenidiagnostiikka","article_modified_time":"2025-12-17T13:49:21+00:00","twitter_card":"summary_large_image","twitter_misc":{"Arvioitu lukuaika":"1 minuutti"},"schema":{"@context":"https:\/\/schema.org","@graph":[{"@type":"WebPage","@id":"https:\/\/sites.uef.fi\/genediagnostics\/hinnasto\/","url":"https:\/\/sites.uef.fi\/genediagnostics\/hinnasto\/","name":"Hinnasto - Geenidiagnostiikka","isPartOf":{"@id":"https:\/\/sites.uef.fi\/genediagnostics\/#website"},"datePublished":"2020-06-29T05:35:13+00:00","dateModified":"2025-12-17T13:49:21+00:00","breadcrumb":{"@id":"https:\/\/sites.uef.fi\/genediagnostics\/hinnasto\/#breadcrumb"},"inLanguage":"fi","potentialAction":[{"@type":"ReadAction","target":["https:\/\/sites.uef.fi\/genediagnostics\/hinnasto\/"]}]},{"@type":"BreadcrumbList","@id":"https:\/\/sites.uef.fi\/genediagnostics\/hinnasto\/#breadcrumb","itemListElement":[{"@type":"ListItem","position":1,"name":"Home","item":"https:\/\/sites.uef.fi\/genediagnostics\/"},{"@type":"ListItem","position":2,"name":"Hinnasto"}]},{"@type":"WebSite","@id":"https:\/\/sites.uef.fi\/genediagnostics\/#website","url":"https:\/\/sites.uef.fi\/genediagnostics\/","name":"Geenidiagnostiikka","description":"","potentialAction":[{"@type":"SearchAction","target":{"@type":"EntryPoint","urlTemplate":"https:\/\/sites.uef.fi\/genediagnostics\/?s={search_term_string}"},"query-input":{"@type":"PropertyValueSpecification","valueRequired":true,"valueName":"search_term_string"}}],"inLanguage":"fi"}]}},"_links":{"self":[{"href":"https:\/\/sites.uef.fi\/genediagnostics\/wp-json\/wp\/v2\/pages\/179","targetHints":{"allow":["GET"]}}],"collection":[{"href":"https:\/\/sites.uef.fi\/genediagnostics\/wp-json\/wp\/v2\/pages"}],"about":[{"href":"https:\/\/sites.uef.fi\/genediagnostics\/wp-json\/wp\/v2\/types\/page"}],"author":[{"embeddable":true,"href":"https:\/\/sites.uef.fi\/genediagnostics\/wp-json\/wp\/v2\/users\/203"}],"replies":[{"embeddable":true,"href":"https:\/\/sites.uef.fi\/genediagnostics\/wp-json\/wp\/v2\/comments?post=179"}],"version-history":[{"count":2,"href":"https:\/\/sites.uef.fi\/genediagnostics\/wp-json\/wp\/v2\/pages\/179\/revisions"}],"predecessor-version":[{"id":5091,"href":"https:\/\/sites.uef.fi\/genediagnostics\/wp-json\/wp\/v2\/pages\/179\/revisions\/5091"}],"wp:attachment":[{"href":"https:\/\/sites.uef.fi\/genediagnostics\/wp-json\/wp\/v2\/media?parent=179"}],"curies":[{"name":"wp","href":"https:\/\/api.w.org\/{rel}","templated":true}]}}