{"id":31,"date":"2020-06-18T04:22:23","date_gmt":"2020-06-18T04:22:23","guid":{"rendered":"https:\/\/sites.uef.fi\/genediagnostics\/?page_id=31"},"modified":"2026-02-02T15:39:45","modified_gmt":"2026-02-02T13:39:45","slug":"etusivu","status":"publish","type":"page","link":"https:\/\/sites.uef.fi\/genediagnostics\/","title":{"rendered":"Geenidiagnostiikka"},"content":{"rendered":"\n<p>It\u00e4-Suomen Genomikeskuksen Geenidiagnostiikkalaboratorio on FINAS-akkreditointipalvelun akkreditoima testauslaboratorio T321 (akkreditointivaatimus SFS-EN ISO 15189:2022). Tarjoamme monogeenisten sairauksien geenidiagnostiikkapalveluita sek\u00e4 <strong>53 geeni\u00e4 sis\u00e4lt\u00e4v\u00e4n kiinteiden kasvainten geenipaneelin (KiTu1). <\/strong>N\u00e4m\u00e4 tutkimukset kuuluvat akkreditoituun p\u00e4tevyysalueeseen. Analyysin tuloksena annamme tutkimusvastauksen (ei sis\u00e4ll\u00e4 l\u00e4\u00e4k\u00e4rin lausuntoa). Lis\u00e4ksi tarjoamme farmakogenomiikan geneettisi\u00e4 tutkimuksia. <\/p>\n\n\n\n<p><strong>Ota meihin rohkeasti yhteytt\u00e4!&nbsp;&nbsp;&nbsp;<\/strong><\/p>\n\n\n\n<p>S\u00e4hk\u00f6posti <a href=\"mailto:genediagnostics@uef.fi\" target=\"_blank\" rel=\"noreferrer noopener\">genediagnostics@uef.fi<\/a><br>Puhelin (040) 355 2739 \/ (044) 716 2202&nbsp;<\/p>\n\n\n\n<div class=\"links-block\">\n\n            <h3>Tutkimukset<\/h3>\n    \n    <ul class=\"link-list\">\n        \n            \n            <li class=\"link-list-item\">\n                <a href=\"https:\/\/sites.uef.fi\/genediagnostics\/kiinteat-kasvaimet-kitu1\/\" class=\"link-reset link hover-scale-down\">\n                    <svg\n        width=\"43\" height=\"25\"\n        viewBox=\"0 0 43 25\"\n        xmlns=\"http:\/\/www.w3.org\/2000\/svg\">\n    <path\n        d=\"M30.027 0 43 12.5 30.027 25 27 22.083 34.351 15H0v-5h34.351L27 2.917z\"\n        fill=\"currentColor\"\n        fill-rule=\"evenodd\"\/>\n<\/svg>                    <div>Kiinte\u00e4t kasvaimet<\/div>\n                <\/a>\n                <div class=\"link-info\">\n                                    <\/div>\n            <\/li>\n\n        \n            <li class=\"link-list-item\">\n                <a href=\"https:\/\/sites.uef.fi\/genediagnostics\/monogeeniset-sairaudet\/\" class=\"link-reset link hover-scale-down\">\n                    <svg\n        width=\"43\" height=\"25\"\n        viewBox=\"0 0 43 25\"\n        xmlns=\"http:\/\/www.w3.org\/2000\/svg\">\n    <path\n        d=\"M30.027 0 43 12.5 30.027 25 27 22.083 34.351 15H0v-5h34.351L27 2.917z\"\n        fill=\"currentColor\"\n        fill-rule=\"evenodd\"\/>\n<\/svg>                    <div>Monogeeniset sairaudet<\/div>\n                <\/a>\n                <div class=\"link-info\">\n                                    <\/div>\n            <\/li>\n\n        \n            <li class=\"link-list-item\">\n                <a href=\"https:\/\/sites.uef.fi\/genediagnostics\/farmakogenomiikka\/\" class=\"link-reset link hover-scale-down\">\n                    <svg\n        width=\"43\" height=\"25\"\n        viewBox=\"0 0 43 25\"\n        xmlns=\"http:\/\/www.w3.org\/2000\/svg\">\n    <path\n        d=\"M30.027 0 43 12.5 30.027 25 27 22.083 34.351 15H0v-5h34.351L27 2.917z\"\n        fill=\"currentColor\"\n        fill-rule=\"evenodd\"\/>\n<\/svg>                    <div>Farmakogenomiikka<\/div>\n                <\/a>\n                <div class=\"link-info\">\n                                    <\/div>\n            <\/li>\n\n                <\/ul>\n<\/div>\n\n\n<p><\/p>\n\n\n\n<h3 class=\"wp-block-heading\">Uutiset<\/h3>\n\n\n\n<p>13.3.2025<\/p>\n\n\n\n<h5 class=\"wp-block-heading\">RAD51B-geeni lis\u00e4tty kiinteiden kasvainten geenipaneeliin (KiTu1)<\/h5>\n\n\n\n<p>It\u00e4-Suomen Genomikeskuksen akkreditoitu kiinteiden kasvainten geenipaneeli (KiTu1) kattaa nyt 53 geeni\u00e4. Uusimpana lis\u00e4yksen\u00e4 paneeliin on otettu mukaan <strong>RAD51B<\/strong>.<\/p>\n\n\n\n<p>Kuten muidenkin paneelin geenien kohdalla, tutkimuksessa analysoidaan variantit RAD51B-geenin proteiinia koodaavalta alueelta (eksonit) sek\u00e4 10 em\u00e4sparia intronialueilta eksonin molemmin puolin. T\u00e4m\u00e4 kattaa silmukointialueet.<\/p>\n\n\n\n<p>RAD51B kuuluu <strong>HRR-geeneihin<\/strong> (homologous recombination repair), jotka osallistuvat homologiseen rekombinaatiokorjaukseen &#8211; mekanismiin, jolla solut korjaavat DNA:n kaksoisjuosteen katkeamia (DSB). T\u00e4ll\u00e4 mekanismilla on keskeinen rooli genomisen stabiilisuuden yll\u00e4pit\u00e4misess\u00e4. Virheet HRR-geeneiss\u00e4 voivat heikent\u00e4\u00e4 tai est\u00e4\u00e4 korjausmekanismin toimintaa ja altistaa solut kasvainten muodostumiselle.<\/p>\n\n\n\n<p>RAD51B:n lis\u00e4\u00e4misen my\u00f6t\u00e4 KiTu1-paneeli tunnistaa pistemutaatiot ja lyhyet insertiot\/deleetiot seuraavissa HRR-geeneiss\u00e4, joiden mutaatiotutkimusta suositellaan esim. &nbsp;PARP-inhibiittorihoidon aloittamiseksi tietyiss\u00e4 sy\u00f6p\u00e4tyypeiss\u00e4:<\/p>\n\n\n\n<p>BRCA1, BRCA2, ATM, BRIP1, BARD1, CDK12, CHEK1, CHEK2, FANCL, PALB2, PPP2R2A, RAD51B, RAD51C, RAD51D, RAD54L<\/p>\n\n\n\n<p>Geenilis\u00e4yksest\u00e4 huolimatta KiTu1-paneelin hinta pysyy ennallaan.<\/p>\n\n\n\n<p>Lis\u00e4tietoja KiTu1-tutkimuksesta l\u00f6yd\u00e4t seuraavista linkeist\u00e4:<\/p>\n\n\n\n<div class=\"links-block\">\n\n    \n    <ul class=\"link-list\">\n        \n            \n            <li class=\"link-list-item\">\n                <a href=\"https:\/\/sites.uef.fi\/genediagnostics\/kiinteat-kasvaimet-kitu1\/\" class=\"link-reset link hover-scale-down\">\n                    <svg\n        width=\"43\" height=\"25\"\n        viewBox=\"0 0 43 25\"\n        xmlns=\"http:\/\/www.w3.org\/2000\/svg\">\n    <path\n        d=\"M30.027 0 43 12.5 30.027 25 27 22.083 34.351 15H0v-5h34.351L27 2.917z\"\n        fill=\"currentColor\"\n        fill-rule=\"evenodd\"\/>\n<\/svg>                    <div>Tutkimuskuvaus<\/div>\n                <\/a>\n                <div class=\"link-info\">\n                                    <\/div>\n            <\/li>\n\n        \n            <li class=\"link-list-item\">\n                <a href=\"https:\/\/sites.uef.fi\/genediagnostics\/wp-content\/uploads\/sites\/100\/2025\/05\/KiTu1_tutkimuspyynto_2025-1.pdf\" class=\"link-reset link hover-scale-down\">\n                    <svg\n        width=\"43\" height=\"25\"\n        viewBox=\"0 0 43 25\"\n        xmlns=\"http:\/\/www.w3.org\/2000\/svg\">\n    <path\n        d=\"M30.027 0 43 12.5 30.027 25 27 22.083 34.351 15H0v-5h34.351L27 2.917z\"\n        fill=\"currentColor\"\n        fill-rule=\"evenodd\"\/>\n<\/svg>                    <div>Tutkimuspyynt\u00f6lomake<\/div>\n                <\/a>\n                <div class=\"link-info\">\n                                    <\/div>\n            <\/li>\n\n        \n            <li class=\"link-list-item\">\n                <a href=\"https:\/\/sites.uef.fi\/genediagnostics\/wp-content\/uploads\/sites\/100\/2025\/01\/Naytteenlahetysohje-FFPE-kudosnayte_asiakasversio.pdf\" class=\"link-reset link hover-scale-down\">\n                    <svg\n        width=\"43\" height=\"25\"\n        viewBox=\"0 0 43 25\"\n        xmlns=\"http:\/\/www.w3.org\/2000\/svg\">\n    <path\n        d=\"M30.027 0 43 12.5 30.027 25 27 22.083 34.351 15H0v-5h34.351L27 2.917z\"\n        fill=\"currentColor\"\n        fill-rule=\"evenodd\"\/>\n<\/svg>                    <div>N\u00e4ytteenl\u00e4hetysohje<\/div>\n                <\/a>\n                <div class=\"link-info\">\n                                    <\/div>\n            <\/li>\n\n        \n            <li class=\"link-list-item\">\n                <a href=\"https:\/\/sites.uef.fi\/genediagnostics\/menetelmat-kitu1\/\" class=\"link-reset link hover-scale-down\">\n                    <svg\n        width=\"43\" height=\"25\"\n        viewBox=\"0 0 43 25\"\n        xmlns=\"http:\/\/www.w3.org\/2000\/svg\">\n    <path\n        d=\"M30.027 0 43 12.5 30.027 25 27 22.083 34.351 15H0v-5h34.351L27 2.917z\"\n        fill=\"currentColor\"\n        fill-rule=\"evenodd\"\/>\n<\/svg>                    <div>Menetelm\u00e4kuvaus<\/div>\n                <\/a>\n                <div class=\"link-info\">\n                                    <\/div>\n            <\/li>\n\n                <\/ul>\n<\/div>\n\n\n<div class=\"links-block\">\n\n    \n    <ul class=\"link-list\">\n            <\/ul>\n<\/div>\n\n\n<p>10.6.2025<\/p>\n\n\n\n<h5 class=\"wp-block-heading\">Vastauskopio aiemmin tehdyst\u00e4 tutkimuksesta<\/h5>\n\n\n\n<p>It\u00e4-Suomen Genomikeskukselta on mahdollista tilata <strong>vastauskopio aiemmin suoritetusta tutkimuksesta. <\/strong>Palvelun hinta on:<\/p>\n\n\n\n<ul class=\"wp-block-list\">\n<li><strong>50 \u20ac\/vastaus<\/strong><\/li>\n\n\n\n<li><strong>50 \u20ac\/tunti<\/strong> monimutkaisemmista selvityksist\u00e4<\/li>\n<\/ul>\n\n\n\n<p>Geenidiagnostiikkalaboratorion suorittamien geenidiagnostisten tutkimusten tulokset s\u00e4ilytet\u00e4\u00e4n asianmukaisesti ja tietoturvallisesti Genomikeskuksessa, ja ne ovat tarvittaessa saatavilla terveydenhuollon k\u00e4ytt\u00f6\u00f6n. Geenidiagnostisia tutkimuksia on laboratoriossa suoritettu yli 15 vuoden ajan ja ne kohdistuvat monogeenisiin sairauksiin, farmakogenomiikkaan ja kiinteiden kasvainten geeniprofilointiin (Kitu1).<\/p>\n\n\n\n<p><a href=\"https:\/\/sites.uef.fi\/genediagnostics\/yhteydenotto\/\">Otathan meihin yhteytt\u00e4<\/a>, mik\u00e4li tarvitset vastauskopion jostakin aiemmin suoritetuista tutkimuksista!<\/p>\n\n\n\n<p><\/p>\n","protected":false},"excerpt":{"rendered":"<p>It\u00e4-Suomen Genomikeskuksen Geenidiagnostiikkalaboratorio on FINAS-akkreditointipalvelun akkreditoima testauslaboratorio T321 (akkreditointivaatimus SFS-EN ISO 15189:2022). Tarjoamme monogeenisten sairauksien geenidiagnostiikkapalveluita sek\u00e4 53 geeni\u00e4 sis\u00e4lt\u00e4v\u00e4n kiinteiden kasvainten geenipaneelin (KiTu1). N\u00e4m\u00e4 tutkimukset kuuluvat akkreditoituun p\u00e4tevyysalueeseen. Analyysin tuloksena annamme tutkimusvastauksen (ei sis\u00e4ll\u00e4 l\u00e4\u00e4k\u00e4rin lausuntoa). Lis\u00e4ksi tarjoamme farmakogenomiikan geneettisi\u00e4 tutkimuksia. Ota meihin rohkeasti yhteytt\u00e4!&nbsp;&nbsp;&nbsp; S\u00e4hk\u00f6posti genediagnostics@uef.fiPuhelin (040) 355 2739 \/ (044) 716 2202&nbsp; [&hellip;]<\/p>\n","protected":false},"author":2,"featured_media":0,"parent":0,"menu_order":0,"comment_status":"closed","ping_status":"closed","template":"","meta":{"_acf_changed":false,"_monsterinsights_skip_tracking":false,"_monsterinsights_sitenote_active":false,"_monsterinsights_sitenote_note":"","_monsterinsights_sitenote_category":0,"footnotes":""},"class_list":["post-31","page","type-page","status-publish","hentry"],"acf":[],"yoast_head":"<!-- This site is optimized with the Yoast SEO plugin v27.1.1 - https:\/\/yoast.com\/product\/yoast-seo-wordpress\/ -->\n<title>Geenidiagnostiikka - Geenidiagnostiikka<\/title>\n<meta name=\"robots\" content=\"index, follow, max-snippet:-1, max-image-preview:large, max-video-preview:-1\" \/>\n<link rel=\"canonical\" href=\"https:\/\/sites.uef.fi\/genediagnostics\/\" \/>\n<meta property=\"og:locale\" content=\"fi_FI\" \/>\n<meta property=\"og:type\" content=\"article\" \/>\n<meta property=\"og:title\" content=\"Geenidiagnostiikka - Geenidiagnostiikka\" \/>\n<meta property=\"og:description\" content=\"It\u00e4-Suomen Genomikeskuksen Geenidiagnostiikkalaboratorio on FINAS-akkreditointipalvelun akkreditoima testauslaboratorio T321 (akkreditointivaatimus SFS-EN ISO 15189:2022). Tarjoamme monogeenisten sairauksien geenidiagnostiikkapalveluita sek\u00e4 53 geeni\u00e4 sis\u00e4lt\u00e4v\u00e4n kiinteiden kasvainten geenipaneelin (KiTu1). N\u00e4m\u00e4 tutkimukset kuuluvat akkreditoituun p\u00e4tevyysalueeseen. Analyysin tuloksena annamme tutkimusvastauksen (ei sis\u00e4ll\u00e4 l\u00e4\u00e4k\u00e4rin lausuntoa). Lis\u00e4ksi tarjoamme farmakogenomiikan geneettisi\u00e4 tutkimuksia. Ota meihin rohkeasti yhteytt\u00e4!&nbsp;&nbsp;&nbsp; S\u00e4hk\u00f6posti genediagnostics@uef.fiPuhelin (040) 355 2739 \/ (044) 716 2202&nbsp; [&hellip;]\" \/>\n<meta property=\"og:url\" content=\"https:\/\/sites.uef.fi\/genediagnostics\/\" \/>\n<meta property=\"og:site_name\" content=\"Geenidiagnostiikka\" \/>\n<meta property=\"article:modified_time\" content=\"2026-02-02T13:39:45+00:00\" \/>\n<meta name=\"twitter:card\" content=\"summary_large_image\" \/>\n<meta name=\"twitter:label1\" content=\"Arvioitu lukuaika\" \/>\n\t<meta name=\"twitter:data1\" content=\"2 minuuttia\" \/>\n<script type=\"application\/ld+json\" class=\"yoast-schema-graph\">{\"@context\":\"https:\/\/schema.org\",\"@graph\":[{\"@type\":\"WebPage\",\"@id\":\"https:\/\/sites.uef.fi\/genediagnostics\/\",\"url\":\"https:\/\/sites.uef.fi\/genediagnostics\/\",\"name\":\"Geenidiagnostiikka - Geenidiagnostiikka\",\"isPartOf\":{\"@id\":\"https:\/\/sites.uef.fi\/genediagnostics\/#website\"},\"datePublished\":\"2020-06-18T04:22:23+00:00\",\"dateModified\":\"2026-02-02T13:39:45+00:00\",\"breadcrumb\":{\"@id\":\"https:\/\/sites.uef.fi\/genediagnostics\/#breadcrumb\"},\"inLanguage\":\"fi\",\"potentialAction\":[{\"@type\":\"ReadAction\",\"target\":[\"https:\/\/sites.uef.fi\/genediagnostics\/\"]}]},{\"@type\":\"BreadcrumbList\",\"@id\":\"https:\/\/sites.uef.fi\/genediagnostics\/#breadcrumb\",\"itemListElement\":[{\"@type\":\"ListItem\",\"position\":1,\"name\":\"Home\",\"item\":\"https:\/\/sites.uef.fi\/genediagnostics\/\"},{\"@type\":\"ListItem\",\"position\":2,\"name\":\"Geenidiagnostiikka\"}]},{\"@type\":\"WebSite\",\"@id\":\"https:\/\/sites.uef.fi\/genediagnostics\/#website\",\"url\":\"https:\/\/sites.uef.fi\/genediagnostics\/\",\"name\":\"Geenidiagnostiikka\",\"description\":\"\",\"potentialAction\":[{\"@type\":\"SearchAction\",\"target\":{\"@type\":\"EntryPoint\",\"urlTemplate\":\"https:\/\/sites.uef.fi\/genediagnostics\/?s={search_term_string}\"},\"query-input\":{\"@type\":\"PropertyValueSpecification\",\"valueRequired\":true,\"valueName\":\"search_term_string\"}}],\"inLanguage\":\"fi\"}]}<\/script>\n<!-- \/ Yoast SEO plugin. -->","yoast_head_json":{"title":"Geenidiagnostiikka - Geenidiagnostiikka","robots":{"index":"index","follow":"follow","max-snippet":"max-snippet:-1","max-image-preview":"max-image-preview:large","max-video-preview":"max-video-preview:-1"},"canonical":"https:\/\/sites.uef.fi\/genediagnostics\/","og_locale":"fi_FI","og_type":"article","og_title":"Geenidiagnostiikka - Geenidiagnostiikka","og_description":"It\u00e4-Suomen Genomikeskuksen Geenidiagnostiikkalaboratorio on FINAS-akkreditointipalvelun akkreditoima testauslaboratorio T321 (akkreditointivaatimus SFS-EN ISO 15189:2022). Tarjoamme monogeenisten sairauksien geenidiagnostiikkapalveluita sek\u00e4 53 geeni\u00e4 sis\u00e4lt\u00e4v\u00e4n kiinteiden kasvainten geenipaneelin (KiTu1). N\u00e4m\u00e4 tutkimukset kuuluvat akkreditoituun p\u00e4tevyysalueeseen. Analyysin tuloksena annamme tutkimusvastauksen (ei sis\u00e4ll\u00e4 l\u00e4\u00e4k\u00e4rin lausuntoa). Lis\u00e4ksi tarjoamme farmakogenomiikan geneettisi\u00e4 tutkimuksia. Ota meihin rohkeasti yhteytt\u00e4!&nbsp;&nbsp;&nbsp; S\u00e4hk\u00f6posti genediagnostics@uef.fiPuhelin (040) 355 2739 \/ (044) 716 2202&nbsp; [&hellip;]","og_url":"https:\/\/sites.uef.fi\/genediagnostics\/","og_site_name":"Geenidiagnostiikka","article_modified_time":"2026-02-02T13:39:45+00:00","twitter_card":"summary_large_image","twitter_misc":{"Arvioitu lukuaika":"2 minuuttia"},"schema":{"@context":"https:\/\/schema.org","@graph":[{"@type":"WebPage","@id":"https:\/\/sites.uef.fi\/genediagnostics\/","url":"https:\/\/sites.uef.fi\/genediagnostics\/","name":"Geenidiagnostiikka - Geenidiagnostiikka","isPartOf":{"@id":"https:\/\/sites.uef.fi\/genediagnostics\/#website"},"datePublished":"2020-06-18T04:22:23+00:00","dateModified":"2026-02-02T13:39:45+00:00","breadcrumb":{"@id":"https:\/\/sites.uef.fi\/genediagnostics\/#breadcrumb"},"inLanguage":"fi","potentialAction":[{"@type":"ReadAction","target":["https:\/\/sites.uef.fi\/genediagnostics\/"]}]},{"@type":"BreadcrumbList","@id":"https:\/\/sites.uef.fi\/genediagnostics\/#breadcrumb","itemListElement":[{"@type":"ListItem","position":1,"name":"Home","item":"https:\/\/sites.uef.fi\/genediagnostics\/"},{"@type":"ListItem","position":2,"name":"Geenidiagnostiikka"}]},{"@type":"WebSite","@id":"https:\/\/sites.uef.fi\/genediagnostics\/#website","url":"https:\/\/sites.uef.fi\/genediagnostics\/","name":"Geenidiagnostiikka","description":"","potentialAction":[{"@type":"SearchAction","target":{"@type":"EntryPoint","urlTemplate":"https:\/\/sites.uef.fi\/genediagnostics\/?s={search_term_string}"},"query-input":{"@type":"PropertyValueSpecification","valueRequired":true,"valueName":"search_term_string"}}],"inLanguage":"fi"}]}},"_links":{"self":[{"href":"https:\/\/sites.uef.fi\/genediagnostics\/wp-json\/wp\/v2\/pages\/31","targetHints":{"allow":["GET"]}}],"collection":[{"href":"https:\/\/sites.uef.fi\/genediagnostics\/wp-json\/wp\/v2\/pages"}],"about":[{"href":"https:\/\/sites.uef.fi\/genediagnostics\/wp-json\/wp\/v2\/types\/page"}],"author":[{"embeddable":true,"href":"https:\/\/sites.uef.fi\/genediagnostics\/wp-json\/wp\/v2\/users\/2"}],"replies":[{"embeddable":true,"href":"https:\/\/sites.uef.fi\/genediagnostics\/wp-json\/wp\/v2\/comments?post=31"}],"version-history":[{"count":2,"href":"https:\/\/sites.uef.fi\/genediagnostics\/wp-json\/wp\/v2\/pages\/31\/revisions"}],"predecessor-version":[{"id":5103,"href":"https:\/\/sites.uef.fi\/genediagnostics\/wp-json\/wp\/v2\/pages\/31\/revisions\/5103"}],"wp:attachment":[{"href":"https:\/\/sites.uef.fi\/genediagnostics\/wp-json\/wp\/v2\/media?parent=31"}],"curies":[{"name":"wp","href":"https:\/\/api.w.org\/{rel}","templated":true}]}}