{"id":334,"date":"2020-06-30T12:56:59","date_gmt":"2020-06-30T09:56:59","guid":{"rendered":"https:\/\/sites.uef.fi\/genediagnostics\/?page_id=334"},"modified":"2025-01-28T21:09:55","modified_gmt":"2025-01-28T19:09:55","slug":"klopidogreelihoidon-tehon-arviointi","status":"publish","type":"page","link":"https:\/\/sites.uef.fi\/genediagnostics\/farmakogenomiikka\/klopidogreelihoidon-tehon-arviointi\/","title":{"rendered":"Klopidogreelihoidon tehon arviointi"},"content":{"rendered":"<p class=\"genediag_paragraph\">Klopidogreeli on verihiutaleiden takertumista ehk\u00e4isev\u00e4 l\u00e4\u00e4keaine (tiklopidiinijohdos), jota k\u00e4ytet\u00e4\u00e4n aivohalvauksen ja syd\u00e4ninfarktin uusiutumisen ehk\u00e4isyyn. Sytokromi P-450 -entsyymit (CYP) muuntavat klopidogreelin aktiiviseksi metaboliitiksi, joka s\u00e4\u00e4telee l\u00e4\u00e4kkeen verihiutaleiden takertumista ehk\u00e4isev\u00e4\u00e4 vaikutusta.<\/p>\n<p><em>CYP2C19<\/em>-geenin verihiutalevaikutusta pienent\u00e4v\u00e4 alleeli (esiintyy n. 30 %:lla v\u00e4est\u00f6st\u00e4) alensi klopidogreelin aktiivista metaboliittia 32.4 % (Mega JL ym. New Engl J Med 360:354\u201362, 2009).\u00a0<em>CYP2C19*2<\/em>-geenimuutos c.681G&gt;A on liitetty my\u00f6s syd\u00e4n- ja verisuonitautien suurempaan riskiin kahdessa tutkimuksessa (Simon T yms. New Engl J Med 360;363\u2013375, 2009; Collet J-P ym. Lancet 373:309\u2013317, 2009). N\u00e4in ollen edell\u00e4 mainitun geenimuutoksen m\u00e4\u00e4ritt\u00e4misest\u00e4 on hy\u00f6ty\u00e4 klopidogreelihoidon tehon arvioinnissa.<\/p>\n<ul>\n<li class=\"genediag_paragraph\">NC_000010.10:g.96541616G&gt;A, NM_000769.4:c.681G&gt;A, NP_000760.1:p.Pro227=, <a href=\"https:\/\/www.ncbi.nlm.nih.gov\/clinvar\/variation\/16897\/\">rs4244285<\/a>)<\/li>\n<\/ul>\n<p class=\"genediag_paragraph\">Geenimuutos analysoidaan TaqMan-menetelm\u00e4ll\u00e4.<\/p>\n<p>\u00a0<\/p>\n\n\n<p><strong>Ota meihin rohkeasti yhteytt\u00e4 saadaksesi lis\u00e4tietoja tutkimuksista ja niiden hinnoista!<\/strong><\/p>\n\n\n\n<p><a href=\"https:\/\/sites.uef.fi\/genediagnostics\/yhteydenotto\/\">Yhteystiedot<\/a><\/p>\n\n\n\n<p><\/p>\n\n\n\n<p><\/p>\n\n\n\n<p><\/p>\n","protected":false},"excerpt":{"rendered":"<p>Klopidogreeli on verihiutaleiden takertumista ehk\u00e4isev\u00e4 l\u00e4\u00e4keaine (tiklopidiinijohdos), jota k\u00e4ytet\u00e4\u00e4n aivohalvauksen ja syd\u00e4ninfarktin uusiutumisen ehk\u00e4isyyn. Sytokromi P-450 -entsyymit (CYP) muuntavat klopidogreelin aktiiviseksi metaboliitiksi, joka s\u00e4\u00e4telee l\u00e4\u00e4kkeen verihiutaleiden takertumista ehk\u00e4isev\u00e4\u00e4 vaikutusta. CYP2C19-geenin verihiutalevaikutusta pienent\u00e4v\u00e4 alleeli (esiintyy n. 30 %:lla v\u00e4est\u00f6st\u00e4) alensi klopidogreelin aktiivista metaboliittia 32.4 % (Mega JL ym. New Engl J Med 360:354\u201362, 2009).\u00a0CYP2C19*2-geenimuutos c.681G&gt;A on [&hellip;]<\/p>\n","protected":false},"author":203,"featured_media":511,"parent":146,"menu_order":0,"comment_status":"closed","ping_status":"closed","template":"","meta":{"_acf_changed":false,"_monsterinsights_skip_tracking":false,"_monsterinsights_sitenote_active":false,"_monsterinsights_sitenote_note":"","_monsterinsights_sitenote_category":0,"footnotes":""},"class_list":["post-334","page","type-page","status-publish","has-post-thumbnail","hentry"],"acf":[],"yoast_head":"<!-- This site is optimized with the Yoast SEO plugin v27.1.1 - https:\/\/yoast.com\/product\/yoast-seo-wordpress\/ -->\n<title>Klopidogreelihoidon tehon arviointi - Geenidiagnostiikka<\/title>\n<meta name=\"robots\" content=\"index, follow, max-snippet:-1, max-image-preview:large, max-video-preview:-1\" \/>\n<link rel=\"canonical\" href=\"https:\/\/sites.uef.fi\/genediagnostics\/farmakogenomiikka\/klopidogreelihoidon-tehon-arviointi\/\" \/>\n<meta property=\"og:locale\" content=\"fi_FI\" \/>\n<meta property=\"og:type\" content=\"article\" \/>\n<meta property=\"og:title\" content=\"Klopidogreelihoidon tehon arviointi - Geenidiagnostiikka\" \/>\n<meta property=\"og:description\" content=\"Klopidogreeli on verihiutaleiden takertumista ehk\u00e4isev\u00e4 l\u00e4\u00e4keaine (tiklopidiinijohdos), jota k\u00e4ytet\u00e4\u00e4n aivohalvauksen ja syd\u00e4ninfarktin uusiutumisen ehk\u00e4isyyn. Sytokromi P-450 -entsyymit (CYP) muuntavat klopidogreelin aktiiviseksi metaboliitiksi, joka s\u00e4\u00e4telee l\u00e4\u00e4kkeen verihiutaleiden takertumista ehk\u00e4isev\u00e4\u00e4 vaikutusta. CYP2C19-geenin verihiutalevaikutusta pienent\u00e4v\u00e4 alleeli (esiintyy n. 30 %:lla v\u00e4est\u00f6st\u00e4) alensi klopidogreelin aktiivista metaboliittia 32.4 % (Mega JL ym. New Engl J Med 360:354\u201362, 2009).\u00a0CYP2C19*2-geenimuutos c.681G&gt;A on [&hellip;]\" \/>\n<meta property=\"og:url\" content=\"https:\/\/sites.uef.fi\/genediagnostics\/farmakogenomiikka\/klopidogreelihoidon-tehon-arviointi\/\" \/>\n<meta property=\"og:site_name\" content=\"Geenidiagnostiikka\" \/>\n<meta property=\"article:modified_time\" content=\"2025-01-28T19:09:55+00:00\" \/>\n<meta property=\"og:image\" content=\"https:\/\/sites.uef.fi\/genediagnostics\/wp-content\/uploads\/sites\/100\/2020\/06\/T321_cmyk_15189-3-e1593515084545.jpg\" \/>\n\t<meta property=\"og:image:width\" content=\"169\" \/>\n\t<meta property=\"og:image:height\" content=\"107\" \/>\n\t<meta property=\"og:image:type\" content=\"image\/jpeg\" \/>\n<meta name=\"twitter:card\" content=\"summary_large_image\" \/>\n<meta name=\"twitter:label1\" content=\"Arvioitu lukuaika\" \/>\n\t<meta name=\"twitter:data1\" content=\"1 minuutti\" \/>\n<script type=\"application\/ld+json\" class=\"yoast-schema-graph\">{\"@context\":\"https:\/\/schema.org\",\"@graph\":[{\"@type\":\"WebPage\",\"@id\":\"https:\/\/sites.uef.fi\/genediagnostics\/farmakogenomiikka\/klopidogreelihoidon-tehon-arviointi\/\",\"url\":\"https:\/\/sites.uef.fi\/genediagnostics\/farmakogenomiikka\/klopidogreelihoidon-tehon-arviointi\/\",\"name\":\"Klopidogreelihoidon tehon arviointi - Geenidiagnostiikka\",\"isPartOf\":{\"@id\":\"https:\/\/sites.uef.fi\/genediagnostics\/#website\"},\"primaryImageOfPage\":{\"@id\":\"https:\/\/sites.uef.fi\/genediagnostics\/farmakogenomiikka\/klopidogreelihoidon-tehon-arviointi\/#primaryimage\"},\"image\":{\"@id\":\"https:\/\/sites.uef.fi\/genediagnostics\/farmakogenomiikka\/klopidogreelihoidon-tehon-arviointi\/#primaryimage\"},\"thumbnailUrl\":\"https:\/\/sites.uef.fi\/genediagnostics\/wp-content\/uploads\/sites\/100\/2020\/06\/T321_cmyk_15189-3-e1593515084545.jpg\",\"datePublished\":\"2020-06-30T09:56:59+00:00\",\"dateModified\":\"2025-01-28T19:09:55+00:00\",\"breadcrumb\":{\"@id\":\"https:\/\/sites.uef.fi\/genediagnostics\/farmakogenomiikka\/klopidogreelihoidon-tehon-arviointi\/#breadcrumb\"},\"inLanguage\":\"fi\",\"potentialAction\":[{\"@type\":\"ReadAction\",\"target\":[\"https:\/\/sites.uef.fi\/genediagnostics\/farmakogenomiikka\/klopidogreelihoidon-tehon-arviointi\/\"]}]},{\"@type\":\"ImageObject\",\"inLanguage\":\"fi\",\"@id\":\"https:\/\/sites.uef.fi\/genediagnostics\/farmakogenomiikka\/klopidogreelihoidon-tehon-arviointi\/#primaryimage\",\"url\":\"https:\/\/sites.uef.fi\/genediagnostics\/wp-content\/uploads\/sites\/100\/2020\/06\/T321_cmyk_15189-3-e1593515084545.jpg\",\"contentUrl\":\"https:\/\/sites.uef.fi\/genediagnostics\/wp-content\/uploads\/sites\/100\/2020\/06\/T321_cmyk_15189-3-e1593515084545.jpg\",\"width\":169,\"height\":107,\"caption\":\"T321_cmyk_15189.jpg\"},{\"@type\":\"BreadcrumbList\",\"@id\":\"https:\/\/sites.uef.fi\/genediagnostics\/farmakogenomiikka\/klopidogreelihoidon-tehon-arviointi\/#breadcrumb\",\"itemListElement\":[{\"@type\":\"ListItem\",\"position\":1,\"name\":\"Home\",\"item\":\"https:\/\/sites.uef.fi\/genediagnostics\/\"},{\"@type\":\"ListItem\",\"position\":2,\"name\":\"Farmakogenomiikka\",\"item\":\"https:\/\/sites.uef.fi\/genediagnostics\/farmakogenomiikka\/\"},{\"@type\":\"ListItem\",\"position\":3,\"name\":\"Klopidogreelihoidon tehon arviointi\"}]},{\"@type\":\"WebSite\",\"@id\":\"https:\/\/sites.uef.fi\/genediagnostics\/#website\",\"url\":\"https:\/\/sites.uef.fi\/genediagnostics\/\",\"name\":\"Geenidiagnostiikka\",\"description\":\"\",\"potentialAction\":[{\"@type\":\"SearchAction\",\"target\":{\"@type\":\"EntryPoint\",\"urlTemplate\":\"https:\/\/sites.uef.fi\/genediagnostics\/?s={search_term_string}\"},\"query-input\":{\"@type\":\"PropertyValueSpecification\",\"valueRequired\":true,\"valueName\":\"search_term_string\"}}],\"inLanguage\":\"fi\"}]}<\/script>\n<!-- \/ Yoast SEO plugin. -->","yoast_head_json":{"title":"Klopidogreelihoidon tehon arviointi - Geenidiagnostiikka","robots":{"index":"index","follow":"follow","max-snippet":"max-snippet:-1","max-image-preview":"max-image-preview:large","max-video-preview":"max-video-preview:-1"},"canonical":"https:\/\/sites.uef.fi\/genediagnostics\/farmakogenomiikka\/klopidogreelihoidon-tehon-arviointi\/","og_locale":"fi_FI","og_type":"article","og_title":"Klopidogreelihoidon tehon arviointi - Geenidiagnostiikka","og_description":"Klopidogreeli on verihiutaleiden takertumista ehk\u00e4isev\u00e4 l\u00e4\u00e4keaine (tiklopidiinijohdos), jota k\u00e4ytet\u00e4\u00e4n aivohalvauksen ja syd\u00e4ninfarktin uusiutumisen ehk\u00e4isyyn. Sytokromi P-450 -entsyymit (CYP) muuntavat klopidogreelin aktiiviseksi metaboliitiksi, joka s\u00e4\u00e4telee l\u00e4\u00e4kkeen verihiutaleiden takertumista ehk\u00e4isev\u00e4\u00e4 vaikutusta. CYP2C19-geenin verihiutalevaikutusta pienent\u00e4v\u00e4 alleeli (esiintyy n. 30 %:lla v\u00e4est\u00f6st\u00e4) alensi klopidogreelin aktiivista metaboliittia 32.4 % (Mega JL ym. New Engl J Med 360:354\u201362, 2009).\u00a0CYP2C19*2-geenimuutos c.681G&gt;A on [&hellip;]","og_url":"https:\/\/sites.uef.fi\/genediagnostics\/farmakogenomiikka\/klopidogreelihoidon-tehon-arviointi\/","og_site_name":"Geenidiagnostiikka","article_modified_time":"2025-01-28T19:09:55+00:00","og_image":[{"width":169,"height":107,"url":"https:\/\/sites.uef.fi\/genediagnostics\/wp-content\/uploads\/sites\/100\/2020\/06\/T321_cmyk_15189-3-e1593515084545.jpg","type":"image\/jpeg"}],"twitter_card":"summary_large_image","twitter_misc":{"Arvioitu lukuaika":"1 minuutti"},"schema":{"@context":"https:\/\/schema.org","@graph":[{"@type":"WebPage","@id":"https:\/\/sites.uef.fi\/genediagnostics\/farmakogenomiikka\/klopidogreelihoidon-tehon-arviointi\/","url":"https:\/\/sites.uef.fi\/genediagnostics\/farmakogenomiikka\/klopidogreelihoidon-tehon-arviointi\/","name":"Klopidogreelihoidon tehon arviointi - Geenidiagnostiikka","isPartOf":{"@id":"https:\/\/sites.uef.fi\/genediagnostics\/#website"},"primaryImageOfPage":{"@id":"https:\/\/sites.uef.fi\/genediagnostics\/farmakogenomiikka\/klopidogreelihoidon-tehon-arviointi\/#primaryimage"},"image":{"@id":"https:\/\/sites.uef.fi\/genediagnostics\/farmakogenomiikka\/klopidogreelihoidon-tehon-arviointi\/#primaryimage"},"thumbnailUrl":"https:\/\/sites.uef.fi\/genediagnostics\/wp-content\/uploads\/sites\/100\/2020\/06\/T321_cmyk_15189-3-e1593515084545.jpg","datePublished":"2020-06-30T09:56:59+00:00","dateModified":"2025-01-28T19:09:55+00:00","breadcrumb":{"@id":"https:\/\/sites.uef.fi\/genediagnostics\/farmakogenomiikka\/klopidogreelihoidon-tehon-arviointi\/#breadcrumb"},"inLanguage":"fi","potentialAction":[{"@type":"ReadAction","target":["https:\/\/sites.uef.fi\/genediagnostics\/farmakogenomiikka\/klopidogreelihoidon-tehon-arviointi\/"]}]},{"@type":"ImageObject","inLanguage":"fi","@id":"https:\/\/sites.uef.fi\/genediagnostics\/farmakogenomiikka\/klopidogreelihoidon-tehon-arviointi\/#primaryimage","url":"https:\/\/sites.uef.fi\/genediagnostics\/wp-content\/uploads\/sites\/100\/2020\/06\/T321_cmyk_15189-3-e1593515084545.jpg","contentUrl":"https:\/\/sites.uef.fi\/genediagnostics\/wp-content\/uploads\/sites\/100\/2020\/06\/T321_cmyk_15189-3-e1593515084545.jpg","width":169,"height":107,"caption":"T321_cmyk_15189.jpg"},{"@type":"BreadcrumbList","@id":"https:\/\/sites.uef.fi\/genediagnostics\/farmakogenomiikka\/klopidogreelihoidon-tehon-arviointi\/#breadcrumb","itemListElement":[{"@type":"ListItem","position":1,"name":"Home","item":"https:\/\/sites.uef.fi\/genediagnostics\/"},{"@type":"ListItem","position":2,"name":"Farmakogenomiikka","item":"https:\/\/sites.uef.fi\/genediagnostics\/farmakogenomiikka\/"},{"@type":"ListItem","position":3,"name":"Klopidogreelihoidon tehon arviointi"}]},{"@type":"WebSite","@id":"https:\/\/sites.uef.fi\/genediagnostics\/#website","url":"https:\/\/sites.uef.fi\/genediagnostics\/","name":"Geenidiagnostiikka","description":"","potentialAction":[{"@type":"SearchAction","target":{"@type":"EntryPoint","urlTemplate":"https:\/\/sites.uef.fi\/genediagnostics\/?s={search_term_string}"},"query-input":{"@type":"PropertyValueSpecification","valueRequired":true,"valueName":"search_term_string"}}],"inLanguage":"fi"}]}},"_links":{"self":[{"href":"https:\/\/sites.uef.fi\/genediagnostics\/wp-json\/wp\/v2\/pages\/334","targetHints":{"allow":["GET"]}}],"collection":[{"href":"https:\/\/sites.uef.fi\/genediagnostics\/wp-json\/wp\/v2\/pages"}],"about":[{"href":"https:\/\/sites.uef.fi\/genediagnostics\/wp-json\/wp\/v2\/types\/page"}],"author":[{"embeddable":true,"href":"https:\/\/sites.uef.fi\/genediagnostics\/wp-json\/wp\/v2\/users\/203"}],"replies":[{"embeddable":true,"href":"https:\/\/sites.uef.fi\/genediagnostics\/wp-json\/wp\/v2\/comments?post=334"}],"version-history":[{"count":1,"href":"https:\/\/sites.uef.fi\/genediagnostics\/wp-json\/wp\/v2\/pages\/334\/revisions"}],"predecessor-version":[{"id":4950,"href":"https:\/\/sites.uef.fi\/genediagnostics\/wp-json\/wp\/v2\/pages\/334\/revisions\/4950"}],"up":[{"embeddable":true,"href":"https:\/\/sites.uef.fi\/genediagnostics\/wp-json\/wp\/v2\/pages\/146"}],"wp:featuredmedia":[{"embeddable":true,"href":"https:\/\/sites.uef.fi\/genediagnostics\/wp-json\/wp\/v2\/media\/511"}],"wp:attachment":[{"href":"https:\/\/sites.uef.fi\/genediagnostics\/wp-json\/wp\/v2\/media?parent=334"}],"curies":[{"name":"wp","href":"https:\/\/api.w.org\/{rel}","templated":true}]}}