{"id":340,"date":"2020-06-30T12:57:56","date_gmt":"2020-06-30T09:57:56","guid":{"rendered":"https:\/\/sites.uef.fi\/genediagnostics\/?page_id=340"},"modified":"2025-01-28T21:10:44","modified_gmt":"2025-01-28T19:10:44","slug":"myopatiariski-statiinihoidon-aikana","status":"publish","type":"page","link":"https:\/\/sites.uef.fi\/genediagnostics\/farmakogenomiikka\/myopatiariski-statiinihoidon-aikana\/","title":{"rendered":"Myopatiariski statiinihoidon aikana"},"content":{"rendered":"<p class=\"genediag_paragraph\">Statiineja k\u00e4ytet\u00e4\u00e4n korkean LDL-kolesterolitason alentamiseen. Harvoissa tapauksissa statiinihoito aiheuttaa myopatian.<\/p>\n<p>The SEARCH Collaborative Group (New Engj J Med 359:789\u2013799, 2008) on julkaissut tutkimuksen, jossa selvitettiin koko genomin kartoituksella niit\u00e4 geenivariantteja, jotka lis\u00e4\u00e4v\u00e4t riski\u00e4 saada myopatia statiinihoidon aikana. Ainoastaan kromosomissa 12 sijaitsevan\u00a0<em>SLCO1B1<\/em>-geenin variantti c.1498-1331T&gt;C liitettiin myopatiaan t\u00e4ss\u00e4 tutkimuksessa. T\u00e4m\u00e4 geeni s\u00e4\u00e4telee proteiinia (OATP1B1), mik\u00e4 vastaa statiinien kuljetuksesta maksasoluun. Myopatiariski oli 4.5-kertainen yhden riskialleelin kantajilla ja 16.9-kertainen kahden riskialleelin kantajilla.<\/p>\n<ul>\n<li class=\"genediag_paragraph\">NC_000012.11:g.21368722T&gt;C, NM_006446.5:c.1498-1331T&gt;C, NP_006437.3:n.1498-1331T&gt;C, <a href=\"https:\/\/www.ncbi.nlm.nih.gov\/snp\/rs4363657\/#clinical_significance\">rs4363657<\/a><\/li>\n<\/ul>\n<p class=\"genediag_paragraph\">Myopatiariski voidaan arvioida\u00a0<em>SLCO1B1<\/em>-geenin yhden variantin (rs4363657) tutkimuksella (TaqMan-menetelm\u00e4ll\u00e4), jolla m\u00e4\u00e4ritet\u00e4\u00e4n riski\u00e4 lis\u00e4\u00e4v\u00e4n C-alleelin kantajuus.<\/p>\n\n\n<p><\/p>\n\n\n\n<p><strong>Ota meihin rohkeasti yhteytt\u00e4 saadaksesi lis\u00e4tietoja tutkimuksista ja niiden hinnoista!<\/strong><\/p>\n\n\n\n<p><a href=\"https:\/\/sites.uef.fi\/genediagnostics\/yhteydenotto\/\">Yhteystiedot<\/a><\/p>\n","protected":false},"excerpt":{"rendered":"<p>Statiineja k\u00e4ytet\u00e4\u00e4n korkean LDL-kolesterolitason alentamiseen. Harvoissa tapauksissa statiinihoito aiheuttaa myopatian. The SEARCH Collaborative Group (New Engj J Med 359:789\u2013799, 2008) on julkaissut tutkimuksen, jossa selvitettiin koko genomin kartoituksella niit\u00e4 geenivariantteja, jotka lis\u00e4\u00e4v\u00e4t riski\u00e4 saada myopatia statiinihoidon aikana. Ainoastaan kromosomissa 12 sijaitsevan\u00a0SLCO1B1-geenin variantti c.1498-1331T&gt;C liitettiin myopatiaan t\u00e4ss\u00e4 tutkimuksessa. T\u00e4m\u00e4 geeni s\u00e4\u00e4telee proteiinia (OATP1B1), mik\u00e4 vastaa statiinien [&hellip;]<\/p>\n","protected":false},"author":203,"featured_media":511,"parent":146,"menu_order":0,"comment_status":"closed","ping_status":"closed","template":"","meta":{"_acf_changed":false,"_monsterinsights_skip_tracking":false,"_monsterinsights_sitenote_active":false,"_monsterinsights_sitenote_note":"","_monsterinsights_sitenote_category":0,"footnotes":""},"class_list":["post-340","page","type-page","status-publish","has-post-thumbnail","hentry"],"acf":[],"yoast_head":"<!-- This site is optimized with the Yoast SEO plugin v27.1.1 - https:\/\/yoast.com\/product\/yoast-seo-wordpress\/ -->\n<title>Myopatiariski statiinihoidon aikana - Geenidiagnostiikka<\/title>\n<meta name=\"robots\" content=\"index, follow, max-snippet:-1, max-image-preview:large, max-video-preview:-1\" \/>\n<link rel=\"canonical\" href=\"https:\/\/sites.uef.fi\/genediagnostics\/farmakogenomiikka\/myopatiariski-statiinihoidon-aikana\/\" \/>\n<meta property=\"og:locale\" content=\"fi_FI\" \/>\n<meta property=\"og:type\" content=\"article\" \/>\n<meta property=\"og:title\" content=\"Myopatiariski statiinihoidon aikana - Geenidiagnostiikka\" \/>\n<meta property=\"og:description\" content=\"Statiineja k\u00e4ytet\u00e4\u00e4n korkean LDL-kolesterolitason alentamiseen. Harvoissa tapauksissa statiinihoito aiheuttaa myopatian. The SEARCH Collaborative Group (New Engj J Med 359:789\u2013799, 2008) on julkaissut tutkimuksen, jossa selvitettiin koko genomin kartoituksella niit\u00e4 geenivariantteja, jotka lis\u00e4\u00e4v\u00e4t riski\u00e4 saada myopatia statiinihoidon aikana. Ainoastaan kromosomissa 12 sijaitsevan\u00a0SLCO1B1-geenin variantti c.1498-1331T&gt;C liitettiin myopatiaan t\u00e4ss\u00e4 tutkimuksessa. T\u00e4m\u00e4 geeni s\u00e4\u00e4telee proteiinia (OATP1B1), mik\u00e4 vastaa statiinien [&hellip;]\" \/>\n<meta property=\"og:url\" content=\"https:\/\/sites.uef.fi\/genediagnostics\/farmakogenomiikka\/myopatiariski-statiinihoidon-aikana\/\" \/>\n<meta property=\"og:site_name\" content=\"Geenidiagnostiikka\" \/>\n<meta property=\"article:modified_time\" content=\"2025-01-28T19:10:44+00:00\" \/>\n<meta property=\"og:image\" content=\"https:\/\/sites.uef.fi\/genediagnostics\/wp-content\/uploads\/sites\/100\/2020\/06\/T321_cmyk_15189-3-e1593515084545.jpg\" \/>\n\t<meta property=\"og:image:width\" content=\"169\" \/>\n\t<meta property=\"og:image:height\" content=\"107\" \/>\n\t<meta property=\"og:image:type\" content=\"image\/jpeg\" \/>\n<meta name=\"twitter:card\" content=\"summary_large_image\" \/>\n<meta name=\"twitter:label1\" content=\"Arvioitu lukuaika\" \/>\n\t<meta name=\"twitter:data1\" content=\"1 minuutti\" \/>\n<script type=\"application\/ld+json\" class=\"yoast-schema-graph\">{\"@context\":\"https:\/\/schema.org\",\"@graph\":[{\"@type\":\"WebPage\",\"@id\":\"https:\/\/sites.uef.fi\/genediagnostics\/farmakogenomiikka\/myopatiariski-statiinihoidon-aikana\/\",\"url\":\"https:\/\/sites.uef.fi\/genediagnostics\/farmakogenomiikka\/myopatiariski-statiinihoidon-aikana\/\",\"name\":\"Myopatiariski statiinihoidon aikana - Geenidiagnostiikka\",\"isPartOf\":{\"@id\":\"https:\/\/sites.uef.fi\/genediagnostics\/#website\"},\"primaryImageOfPage\":{\"@id\":\"https:\/\/sites.uef.fi\/genediagnostics\/farmakogenomiikka\/myopatiariski-statiinihoidon-aikana\/#primaryimage\"},\"image\":{\"@id\":\"https:\/\/sites.uef.fi\/genediagnostics\/farmakogenomiikka\/myopatiariski-statiinihoidon-aikana\/#primaryimage\"},\"thumbnailUrl\":\"https:\/\/sites.uef.fi\/genediagnostics\/wp-content\/uploads\/sites\/100\/2020\/06\/T321_cmyk_15189-3-e1593515084545.jpg\",\"datePublished\":\"2020-06-30T09:57:56+00:00\",\"dateModified\":\"2025-01-28T19:10:44+00:00\",\"breadcrumb\":{\"@id\":\"https:\/\/sites.uef.fi\/genediagnostics\/farmakogenomiikka\/myopatiariski-statiinihoidon-aikana\/#breadcrumb\"},\"inLanguage\":\"fi\",\"potentialAction\":[{\"@type\":\"ReadAction\",\"target\":[\"https:\/\/sites.uef.fi\/genediagnostics\/farmakogenomiikka\/myopatiariski-statiinihoidon-aikana\/\"]}]},{\"@type\":\"ImageObject\",\"inLanguage\":\"fi\",\"@id\":\"https:\/\/sites.uef.fi\/genediagnostics\/farmakogenomiikka\/myopatiariski-statiinihoidon-aikana\/#primaryimage\",\"url\":\"https:\/\/sites.uef.fi\/genediagnostics\/wp-content\/uploads\/sites\/100\/2020\/06\/T321_cmyk_15189-3-e1593515084545.jpg\",\"contentUrl\":\"https:\/\/sites.uef.fi\/genediagnostics\/wp-content\/uploads\/sites\/100\/2020\/06\/T321_cmyk_15189-3-e1593515084545.jpg\",\"width\":169,\"height\":107,\"caption\":\"T321_cmyk_15189.jpg\"},{\"@type\":\"BreadcrumbList\",\"@id\":\"https:\/\/sites.uef.fi\/genediagnostics\/farmakogenomiikka\/myopatiariski-statiinihoidon-aikana\/#breadcrumb\",\"itemListElement\":[{\"@type\":\"ListItem\",\"position\":1,\"name\":\"Home\",\"item\":\"https:\/\/sites.uef.fi\/genediagnostics\/\"},{\"@type\":\"ListItem\",\"position\":2,\"name\":\"Farmakogenomiikka\",\"item\":\"https:\/\/sites.uef.fi\/genediagnostics\/farmakogenomiikka\/\"},{\"@type\":\"ListItem\",\"position\":3,\"name\":\"Myopatiariski statiinihoidon aikana\"}]},{\"@type\":\"WebSite\",\"@id\":\"https:\/\/sites.uef.fi\/genediagnostics\/#website\",\"url\":\"https:\/\/sites.uef.fi\/genediagnostics\/\",\"name\":\"Geenidiagnostiikka\",\"description\":\"\",\"potentialAction\":[{\"@type\":\"SearchAction\",\"target\":{\"@type\":\"EntryPoint\",\"urlTemplate\":\"https:\/\/sites.uef.fi\/genediagnostics\/?s={search_term_string}\"},\"query-input\":{\"@type\":\"PropertyValueSpecification\",\"valueRequired\":true,\"valueName\":\"search_term_string\"}}],\"inLanguage\":\"fi\"}]}<\/script>\n<!-- \/ Yoast SEO plugin. -->","yoast_head_json":{"title":"Myopatiariski statiinihoidon aikana - Geenidiagnostiikka","robots":{"index":"index","follow":"follow","max-snippet":"max-snippet:-1","max-image-preview":"max-image-preview:large","max-video-preview":"max-video-preview:-1"},"canonical":"https:\/\/sites.uef.fi\/genediagnostics\/farmakogenomiikka\/myopatiariski-statiinihoidon-aikana\/","og_locale":"fi_FI","og_type":"article","og_title":"Myopatiariski statiinihoidon aikana - Geenidiagnostiikka","og_description":"Statiineja k\u00e4ytet\u00e4\u00e4n korkean LDL-kolesterolitason alentamiseen. Harvoissa tapauksissa statiinihoito aiheuttaa myopatian. The SEARCH Collaborative Group (New Engj J Med 359:789\u2013799, 2008) on julkaissut tutkimuksen, jossa selvitettiin koko genomin kartoituksella niit\u00e4 geenivariantteja, jotka lis\u00e4\u00e4v\u00e4t riski\u00e4 saada myopatia statiinihoidon aikana. Ainoastaan kromosomissa 12 sijaitsevan\u00a0SLCO1B1-geenin variantti c.1498-1331T&gt;C liitettiin myopatiaan t\u00e4ss\u00e4 tutkimuksessa. T\u00e4m\u00e4 geeni s\u00e4\u00e4telee proteiinia (OATP1B1), mik\u00e4 vastaa statiinien [&hellip;]","og_url":"https:\/\/sites.uef.fi\/genediagnostics\/farmakogenomiikka\/myopatiariski-statiinihoidon-aikana\/","og_site_name":"Geenidiagnostiikka","article_modified_time":"2025-01-28T19:10:44+00:00","og_image":[{"width":169,"height":107,"url":"https:\/\/sites.uef.fi\/genediagnostics\/wp-content\/uploads\/sites\/100\/2020\/06\/T321_cmyk_15189-3-e1593515084545.jpg","type":"image\/jpeg"}],"twitter_card":"summary_large_image","twitter_misc":{"Arvioitu lukuaika":"1 minuutti"},"schema":{"@context":"https:\/\/schema.org","@graph":[{"@type":"WebPage","@id":"https:\/\/sites.uef.fi\/genediagnostics\/farmakogenomiikka\/myopatiariski-statiinihoidon-aikana\/","url":"https:\/\/sites.uef.fi\/genediagnostics\/farmakogenomiikka\/myopatiariski-statiinihoidon-aikana\/","name":"Myopatiariski statiinihoidon aikana - Geenidiagnostiikka","isPartOf":{"@id":"https:\/\/sites.uef.fi\/genediagnostics\/#website"},"primaryImageOfPage":{"@id":"https:\/\/sites.uef.fi\/genediagnostics\/farmakogenomiikka\/myopatiariski-statiinihoidon-aikana\/#primaryimage"},"image":{"@id":"https:\/\/sites.uef.fi\/genediagnostics\/farmakogenomiikka\/myopatiariski-statiinihoidon-aikana\/#primaryimage"},"thumbnailUrl":"https:\/\/sites.uef.fi\/genediagnostics\/wp-content\/uploads\/sites\/100\/2020\/06\/T321_cmyk_15189-3-e1593515084545.jpg","datePublished":"2020-06-30T09:57:56+00:00","dateModified":"2025-01-28T19:10:44+00:00","breadcrumb":{"@id":"https:\/\/sites.uef.fi\/genediagnostics\/farmakogenomiikka\/myopatiariski-statiinihoidon-aikana\/#breadcrumb"},"inLanguage":"fi","potentialAction":[{"@type":"ReadAction","target":["https:\/\/sites.uef.fi\/genediagnostics\/farmakogenomiikka\/myopatiariski-statiinihoidon-aikana\/"]}]},{"@type":"ImageObject","inLanguage":"fi","@id":"https:\/\/sites.uef.fi\/genediagnostics\/farmakogenomiikka\/myopatiariski-statiinihoidon-aikana\/#primaryimage","url":"https:\/\/sites.uef.fi\/genediagnostics\/wp-content\/uploads\/sites\/100\/2020\/06\/T321_cmyk_15189-3-e1593515084545.jpg","contentUrl":"https:\/\/sites.uef.fi\/genediagnostics\/wp-content\/uploads\/sites\/100\/2020\/06\/T321_cmyk_15189-3-e1593515084545.jpg","width":169,"height":107,"caption":"T321_cmyk_15189.jpg"},{"@type":"BreadcrumbList","@id":"https:\/\/sites.uef.fi\/genediagnostics\/farmakogenomiikka\/myopatiariski-statiinihoidon-aikana\/#breadcrumb","itemListElement":[{"@type":"ListItem","position":1,"name":"Home","item":"https:\/\/sites.uef.fi\/genediagnostics\/"},{"@type":"ListItem","position":2,"name":"Farmakogenomiikka","item":"https:\/\/sites.uef.fi\/genediagnostics\/farmakogenomiikka\/"},{"@type":"ListItem","position":3,"name":"Myopatiariski statiinihoidon aikana"}]},{"@type":"WebSite","@id":"https:\/\/sites.uef.fi\/genediagnostics\/#website","url":"https:\/\/sites.uef.fi\/genediagnostics\/","name":"Geenidiagnostiikka","description":"","potentialAction":[{"@type":"SearchAction","target":{"@type":"EntryPoint","urlTemplate":"https:\/\/sites.uef.fi\/genediagnostics\/?s={search_term_string}"},"query-input":{"@type":"PropertyValueSpecification","valueRequired":true,"valueName":"search_term_string"}}],"inLanguage":"fi"}]}},"_links":{"self":[{"href":"https:\/\/sites.uef.fi\/genediagnostics\/wp-json\/wp\/v2\/pages\/340","targetHints":{"allow":["GET"]}}],"collection":[{"href":"https:\/\/sites.uef.fi\/genediagnostics\/wp-json\/wp\/v2\/pages"}],"about":[{"href":"https:\/\/sites.uef.fi\/genediagnostics\/wp-json\/wp\/v2\/types\/page"}],"author":[{"embeddable":true,"href":"https:\/\/sites.uef.fi\/genediagnostics\/wp-json\/wp\/v2\/users\/203"}],"replies":[{"embeddable":true,"href":"https:\/\/sites.uef.fi\/genediagnostics\/wp-json\/wp\/v2\/comments?post=340"}],"version-history":[{"count":2,"href":"https:\/\/sites.uef.fi\/genediagnostics\/wp-json\/wp\/v2\/pages\/340\/revisions"}],"predecessor-version":[{"id":4951,"href":"https:\/\/sites.uef.fi\/genediagnostics\/wp-json\/wp\/v2\/pages\/340\/revisions\/4951"}],"up":[{"embeddable":true,"href":"https:\/\/sites.uef.fi\/genediagnostics\/wp-json\/wp\/v2\/pages\/146"}],"wp:featuredmedia":[{"embeddable":true,"href":"https:\/\/sites.uef.fi\/genediagnostics\/wp-json\/wp\/v2\/media\/511"}],"wp:attachment":[{"href":"https:\/\/sites.uef.fi\/genediagnostics\/wp-json\/wp\/v2\/media?parent=340"}],"curies":[{"name":"wp","href":"https:\/\/api.w.org\/{rel}","templated":true}]}}