{"id":349,"date":"2020-06-30T12:58:20","date_gmt":"2020-06-30T09:58:20","guid":{"rendered":"https:\/\/sites.uef.fi\/genediagnostics\/?page_id=349"},"modified":"2025-12-17T15:47:01","modified_gmt":"2025-12-17T13:47:01","slug":"varfariinihoidon-tehon-arviointi","status":"publish","type":"page","link":"https:\/\/sites.uef.fi\/genediagnostics\/farmakogenomiikka\/varfariinihoidon-tehon-arviointi\/","title":{"rendered":"Varfariinihoidon tehon arviointi"},"content":{"rendered":"<p class=\"genediag_paragraph\">Varfariini on antikoagulantti eli verenohennusl\u00e4\u00e4ke, jota k\u00e4ytet\u00e4\u00e4n sen veren hyytymist\u00e4 v\u00e4hent\u00e4v\u00e4n ominaisuuden vuoksi mm. alaraajojen laskimotukkeuman ja keuhkoveritulpan hoidossa. Varfariini est\u00e4\u00e4 K-vitamiinin vaikutuksen hyytymistekij\u00f6iden synteesiin maksassa. Vaikutuksen saavuttamiseksi tarvittava annos vaihtelee suuresti. Varfariinin aineenvaihduntanopeudessa on todettu jopa 20-kertaisia eroja eri henkil\u00f6iden v\u00e4lill\u00e4. Tutkimukset ovat osoittaneet, ett\u00e4 n. 30 % annoksen vaihteluista selittyy\u00a0<em>VKORC1<\/em>\u00a0(vitamin K epoxide reductase complex, subunit 1) -geenin varianteilla ja n. 12 % varfariinin metabolia s\u00e4\u00e4telev\u00e4n\u00a0<em>CYP2C9<\/em>-geenin (cytochrome P450 warfarin-metabolizing gene) varianteilla (Takeuchi F et al. PLoS Genetics 5:e1000433, 2009) (<a href=\"https:\/\/www.omim.org\/entry\/122700\">OMIM 122700<\/a>). T\u00e4m\u00e4n vuoksi jokaisen potilaan annostaso t\u00e4ytyy m\u00e4\u00e4ritt\u00e4\u00e4 yksil\u00f6llisesti.<\/p>\n<p>N\u00e4in ollen tunnettujen\u00a0<em>VKORC1<\/em>\u00a0c.-1639G&gt;A ja\u00a0<em>CYP2C9<\/em>\u00a0c.1075A&gt;C varianttien m\u00e4\u00e4ritt\u00e4misest\u00e4 on hy\u00f6ty\u00e4 varfariinihoidon tehon arvioinnissa.<\/p>\n<ul>\n<li class=\"genediag_paragraph\"><em>VKORC1<\/em>: NC_000016.9:g.31107689C&gt;T, <a href=\"https:\/\/www.ncbi.nlm.nih.gov\/clinvar\/RCV000002295.7\/\">rs9923231<\/a><\/li>\n<li class=\"genediag_paragraph\"><em>CYP2C9<\/em>: NC_000010.10:g.96741053A&gt;C, NM_000771.4:c.1075A&gt;C, NP_000762.2:p.Ile359Leu, <a href=\"https:\/\/www.ncbi.nlm.nih.gov\/clinvar\/RCV000008917.5\/\">rs1057910<\/a><\/li>\n<\/ul>\n<p class=\"genediag_paragraph\">Valtavariantit analysoidaan TaqMan-menetelm\u00e4ll\u00e4.<\/p>\n\n\n<p><\/p>\n\n\n\n<p><strong>Ota meihin rohkeasti yhteytt\u00e4 saadaksesi lis\u00e4tietoja tutkimuksista ja niiden hinnoista!<\/strong><\/p>\n\n\n\n<p><a href=\"https:\/\/sites.uef.fi\/genediagnostics\/yhteydenotto\/\">Yhteystiedot<\/a><\/p>\n\n\n\n<p><\/p>\n","protected":false},"excerpt":{"rendered":"<p>Varfariini on antikoagulantti eli verenohennusl\u00e4\u00e4ke, jota k\u00e4ytet\u00e4\u00e4n sen veren hyytymist\u00e4 v\u00e4hent\u00e4v\u00e4n ominaisuuden vuoksi mm. alaraajojen laskimotukkeuman ja keuhkoveritulpan hoidossa. Varfariini est\u00e4\u00e4 K-vitamiinin vaikutuksen hyytymistekij\u00f6iden synteesiin maksassa. Vaikutuksen saavuttamiseksi tarvittava annos vaihtelee suuresti. Varfariinin aineenvaihduntanopeudessa on todettu jopa 20-kertaisia eroja eri henkil\u00f6iden v\u00e4lill\u00e4. Tutkimukset ovat osoittaneet, ett\u00e4 n. 30 % annoksen vaihteluista selittyy\u00a0VKORC1\u00a0(vitamin K epoxide reductase [&hellip;]<\/p>\n","protected":false},"author":203,"featured_media":511,"parent":146,"menu_order":0,"comment_status":"closed","ping_status":"closed","template":"","meta":{"_acf_changed":false,"_monsterinsights_skip_tracking":false,"_monsterinsights_sitenote_active":false,"_monsterinsights_sitenote_note":"","_monsterinsights_sitenote_category":0,"footnotes":""},"class_list":["post-349","page","type-page","status-publish","has-post-thumbnail","hentry"],"acf":[],"yoast_head":"<!-- This site is optimized with the Yoast SEO plugin v27.1.1 - https:\/\/yoast.com\/product\/yoast-seo-wordpress\/ -->\n<title>Varfariinihoidon tehon arviointi - Geenidiagnostiikka<\/title>\n<meta name=\"robots\" content=\"index, follow, max-snippet:-1, max-image-preview:large, max-video-preview:-1\" \/>\n<link rel=\"canonical\" href=\"https:\/\/sites.uef.fi\/genediagnostics\/farmakogenomiikka\/varfariinihoidon-tehon-arviointi\/\" \/>\n<meta property=\"og:locale\" content=\"fi_FI\" \/>\n<meta property=\"og:type\" content=\"article\" \/>\n<meta property=\"og:title\" content=\"Varfariinihoidon tehon arviointi - Geenidiagnostiikka\" \/>\n<meta property=\"og:description\" content=\"Varfariini on antikoagulantti eli verenohennusl\u00e4\u00e4ke, jota k\u00e4ytet\u00e4\u00e4n sen veren hyytymist\u00e4 v\u00e4hent\u00e4v\u00e4n ominaisuuden vuoksi mm. alaraajojen laskimotukkeuman ja keuhkoveritulpan hoidossa. Varfariini est\u00e4\u00e4 K-vitamiinin vaikutuksen hyytymistekij\u00f6iden synteesiin maksassa. Vaikutuksen saavuttamiseksi tarvittava annos vaihtelee suuresti. Varfariinin aineenvaihduntanopeudessa on todettu jopa 20-kertaisia eroja eri henkil\u00f6iden v\u00e4lill\u00e4. Tutkimukset ovat osoittaneet, ett\u00e4 n. 30 % annoksen vaihteluista selittyy\u00a0VKORC1\u00a0(vitamin K epoxide reductase [&hellip;]\" \/>\n<meta property=\"og:url\" content=\"https:\/\/sites.uef.fi\/genediagnostics\/farmakogenomiikka\/varfariinihoidon-tehon-arviointi\/\" \/>\n<meta property=\"og:site_name\" content=\"Geenidiagnostiikka\" \/>\n<meta property=\"article:modified_time\" content=\"2025-12-17T13:47:01+00:00\" \/>\n<meta property=\"og:image\" content=\"https:\/\/sites.uef.fi\/genediagnostics\/wp-content\/uploads\/sites\/100\/2020\/06\/T321_cmyk_15189-3-e1593515084545.jpg\" \/>\n\t<meta property=\"og:image:width\" content=\"169\" \/>\n\t<meta property=\"og:image:height\" content=\"107\" \/>\n\t<meta property=\"og:image:type\" content=\"image\/jpeg\" \/>\n<meta name=\"twitter:card\" content=\"summary_large_image\" \/>\n<meta name=\"twitter:label1\" content=\"Arvioitu lukuaika\" \/>\n\t<meta name=\"twitter:data1\" content=\"2 minuuttia\" \/>\n<script type=\"application\/ld+json\" class=\"yoast-schema-graph\">{\"@context\":\"https:\/\/schema.org\",\"@graph\":[{\"@type\":\"WebPage\",\"@id\":\"https:\/\/sites.uef.fi\/genediagnostics\/farmakogenomiikka\/varfariinihoidon-tehon-arviointi\/\",\"url\":\"https:\/\/sites.uef.fi\/genediagnostics\/farmakogenomiikka\/varfariinihoidon-tehon-arviointi\/\",\"name\":\"Varfariinihoidon tehon arviointi - Geenidiagnostiikka\",\"isPartOf\":{\"@id\":\"https:\/\/sites.uef.fi\/genediagnostics\/#website\"},\"primaryImageOfPage\":{\"@id\":\"https:\/\/sites.uef.fi\/genediagnostics\/farmakogenomiikka\/varfariinihoidon-tehon-arviointi\/#primaryimage\"},\"image\":{\"@id\":\"https:\/\/sites.uef.fi\/genediagnostics\/farmakogenomiikka\/varfariinihoidon-tehon-arviointi\/#primaryimage\"},\"thumbnailUrl\":\"https:\/\/sites.uef.fi\/genediagnostics\/wp-content\/uploads\/sites\/100\/2020\/06\/T321_cmyk_15189-3-e1593515084545.jpg\",\"datePublished\":\"2020-06-30T09:58:20+00:00\",\"dateModified\":\"2025-12-17T13:47:01+00:00\",\"breadcrumb\":{\"@id\":\"https:\/\/sites.uef.fi\/genediagnostics\/farmakogenomiikka\/varfariinihoidon-tehon-arviointi\/#breadcrumb\"},\"inLanguage\":\"fi\",\"potentialAction\":[{\"@type\":\"ReadAction\",\"target\":[\"https:\/\/sites.uef.fi\/genediagnostics\/farmakogenomiikka\/varfariinihoidon-tehon-arviointi\/\"]}]},{\"@type\":\"ImageObject\",\"inLanguage\":\"fi\",\"@id\":\"https:\/\/sites.uef.fi\/genediagnostics\/farmakogenomiikka\/varfariinihoidon-tehon-arviointi\/#primaryimage\",\"url\":\"https:\/\/sites.uef.fi\/genediagnostics\/wp-content\/uploads\/sites\/100\/2020\/06\/T321_cmyk_15189-3-e1593515084545.jpg\",\"contentUrl\":\"https:\/\/sites.uef.fi\/genediagnostics\/wp-content\/uploads\/sites\/100\/2020\/06\/T321_cmyk_15189-3-e1593515084545.jpg\",\"width\":169,\"height\":107,\"caption\":\"T321_cmyk_15189.jpg\"},{\"@type\":\"BreadcrumbList\",\"@id\":\"https:\/\/sites.uef.fi\/genediagnostics\/farmakogenomiikka\/varfariinihoidon-tehon-arviointi\/#breadcrumb\",\"itemListElement\":[{\"@type\":\"ListItem\",\"position\":1,\"name\":\"Home\",\"item\":\"https:\/\/sites.uef.fi\/genediagnostics\/\"},{\"@type\":\"ListItem\",\"position\":2,\"name\":\"Farmakogenomiikka\",\"item\":\"https:\/\/sites.uef.fi\/genediagnostics\/farmakogenomiikka\/\"},{\"@type\":\"ListItem\",\"position\":3,\"name\":\"Varfariinihoidon tehon arviointi\"}]},{\"@type\":\"WebSite\",\"@id\":\"https:\/\/sites.uef.fi\/genediagnostics\/#website\",\"url\":\"https:\/\/sites.uef.fi\/genediagnostics\/\",\"name\":\"Geenidiagnostiikka\",\"description\":\"\",\"potentialAction\":[{\"@type\":\"SearchAction\",\"target\":{\"@type\":\"EntryPoint\",\"urlTemplate\":\"https:\/\/sites.uef.fi\/genediagnostics\/?s={search_term_string}\"},\"query-input\":{\"@type\":\"PropertyValueSpecification\",\"valueRequired\":true,\"valueName\":\"search_term_string\"}}],\"inLanguage\":\"fi\"}]}<\/script>\n<!-- \/ Yoast SEO plugin. -->","yoast_head_json":{"title":"Varfariinihoidon tehon arviointi - Geenidiagnostiikka","robots":{"index":"index","follow":"follow","max-snippet":"max-snippet:-1","max-image-preview":"max-image-preview:large","max-video-preview":"max-video-preview:-1"},"canonical":"https:\/\/sites.uef.fi\/genediagnostics\/farmakogenomiikka\/varfariinihoidon-tehon-arviointi\/","og_locale":"fi_FI","og_type":"article","og_title":"Varfariinihoidon tehon arviointi - Geenidiagnostiikka","og_description":"Varfariini on antikoagulantti eli verenohennusl\u00e4\u00e4ke, jota k\u00e4ytet\u00e4\u00e4n sen veren hyytymist\u00e4 v\u00e4hent\u00e4v\u00e4n ominaisuuden vuoksi mm. alaraajojen laskimotukkeuman ja keuhkoveritulpan hoidossa. Varfariini est\u00e4\u00e4 K-vitamiinin vaikutuksen hyytymistekij\u00f6iden synteesiin maksassa. Vaikutuksen saavuttamiseksi tarvittava annos vaihtelee suuresti. Varfariinin aineenvaihduntanopeudessa on todettu jopa 20-kertaisia eroja eri henkil\u00f6iden v\u00e4lill\u00e4. Tutkimukset ovat osoittaneet, ett\u00e4 n. 30 % annoksen vaihteluista selittyy\u00a0VKORC1\u00a0(vitamin K epoxide reductase [&hellip;]","og_url":"https:\/\/sites.uef.fi\/genediagnostics\/farmakogenomiikka\/varfariinihoidon-tehon-arviointi\/","og_site_name":"Geenidiagnostiikka","article_modified_time":"2025-12-17T13:47:01+00:00","og_image":[{"width":169,"height":107,"url":"https:\/\/sites.uef.fi\/genediagnostics\/wp-content\/uploads\/sites\/100\/2020\/06\/T321_cmyk_15189-3-e1593515084545.jpg","type":"image\/jpeg"}],"twitter_card":"summary_large_image","twitter_misc":{"Arvioitu lukuaika":"2 minuuttia"},"schema":{"@context":"https:\/\/schema.org","@graph":[{"@type":"WebPage","@id":"https:\/\/sites.uef.fi\/genediagnostics\/farmakogenomiikka\/varfariinihoidon-tehon-arviointi\/","url":"https:\/\/sites.uef.fi\/genediagnostics\/farmakogenomiikka\/varfariinihoidon-tehon-arviointi\/","name":"Varfariinihoidon tehon arviointi - Geenidiagnostiikka","isPartOf":{"@id":"https:\/\/sites.uef.fi\/genediagnostics\/#website"},"primaryImageOfPage":{"@id":"https:\/\/sites.uef.fi\/genediagnostics\/farmakogenomiikka\/varfariinihoidon-tehon-arviointi\/#primaryimage"},"image":{"@id":"https:\/\/sites.uef.fi\/genediagnostics\/farmakogenomiikka\/varfariinihoidon-tehon-arviointi\/#primaryimage"},"thumbnailUrl":"https:\/\/sites.uef.fi\/genediagnostics\/wp-content\/uploads\/sites\/100\/2020\/06\/T321_cmyk_15189-3-e1593515084545.jpg","datePublished":"2020-06-30T09:58:20+00:00","dateModified":"2025-12-17T13:47:01+00:00","breadcrumb":{"@id":"https:\/\/sites.uef.fi\/genediagnostics\/farmakogenomiikka\/varfariinihoidon-tehon-arviointi\/#breadcrumb"},"inLanguage":"fi","potentialAction":[{"@type":"ReadAction","target":["https:\/\/sites.uef.fi\/genediagnostics\/farmakogenomiikka\/varfariinihoidon-tehon-arviointi\/"]}]},{"@type":"ImageObject","inLanguage":"fi","@id":"https:\/\/sites.uef.fi\/genediagnostics\/farmakogenomiikka\/varfariinihoidon-tehon-arviointi\/#primaryimage","url":"https:\/\/sites.uef.fi\/genediagnostics\/wp-content\/uploads\/sites\/100\/2020\/06\/T321_cmyk_15189-3-e1593515084545.jpg","contentUrl":"https:\/\/sites.uef.fi\/genediagnostics\/wp-content\/uploads\/sites\/100\/2020\/06\/T321_cmyk_15189-3-e1593515084545.jpg","width":169,"height":107,"caption":"T321_cmyk_15189.jpg"},{"@type":"BreadcrumbList","@id":"https:\/\/sites.uef.fi\/genediagnostics\/farmakogenomiikka\/varfariinihoidon-tehon-arviointi\/#breadcrumb","itemListElement":[{"@type":"ListItem","position":1,"name":"Home","item":"https:\/\/sites.uef.fi\/genediagnostics\/"},{"@type":"ListItem","position":2,"name":"Farmakogenomiikka","item":"https:\/\/sites.uef.fi\/genediagnostics\/farmakogenomiikka\/"},{"@type":"ListItem","position":3,"name":"Varfariinihoidon tehon arviointi"}]},{"@type":"WebSite","@id":"https:\/\/sites.uef.fi\/genediagnostics\/#website","url":"https:\/\/sites.uef.fi\/genediagnostics\/","name":"Geenidiagnostiikka","description":"","potentialAction":[{"@type":"SearchAction","target":{"@type":"EntryPoint","urlTemplate":"https:\/\/sites.uef.fi\/genediagnostics\/?s={search_term_string}"},"query-input":{"@type":"PropertyValueSpecification","valueRequired":true,"valueName":"search_term_string"}}],"inLanguage":"fi"}]}},"_links":{"self":[{"href":"https:\/\/sites.uef.fi\/genediagnostics\/wp-json\/wp\/v2\/pages\/349","targetHints":{"allow":["GET"]}}],"collection":[{"href":"https:\/\/sites.uef.fi\/genediagnostics\/wp-json\/wp\/v2\/pages"}],"about":[{"href":"https:\/\/sites.uef.fi\/genediagnostics\/wp-json\/wp\/v2\/types\/page"}],"author":[{"embeddable":true,"href":"https:\/\/sites.uef.fi\/genediagnostics\/wp-json\/wp\/v2\/users\/203"}],"replies":[{"embeddable":true,"href":"https:\/\/sites.uef.fi\/genediagnostics\/wp-json\/wp\/v2\/comments?post=349"}],"version-history":[{"count":2,"href":"https:\/\/sites.uef.fi\/genediagnostics\/wp-json\/wp\/v2\/pages\/349\/revisions"}],"predecessor-version":[{"id":5090,"href":"https:\/\/sites.uef.fi\/genediagnostics\/wp-json\/wp\/v2\/pages\/349\/revisions\/5090"}],"up":[{"embeddable":true,"href":"https:\/\/sites.uef.fi\/genediagnostics\/wp-json\/wp\/v2\/pages\/146"}],"wp:featuredmedia":[{"embeddable":true,"href":"https:\/\/sites.uef.fi\/genediagnostics\/wp-json\/wp\/v2\/media\/511"}],"wp:attachment":[{"href":"https:\/\/sites.uef.fi\/genediagnostics\/wp-json\/wp\/v2\/media?parent=349"}],"curies":[{"name":"wp","href":"https:\/\/api.w.org\/{rel}","templated":true}]}}