{"id":4344,"date":"2024-06-26T22:20:21","date_gmt":"2024-06-26T19:20:21","guid":{"rendered":"https:\/\/sites.uef.fi\/genediagnostics\/?page_id=4344"},"modified":"2026-02-02T15:40:39","modified_gmt":"2026-02-02T13:40:39","slug":"kiinteat-kasvaimet-kitu1","status":"publish","type":"page","link":"https:\/\/sites.uef.fi\/genediagnostics\/kiinteat-kasvaimet-kitu1\/","title":{"rendered":"Kiinte\u00e4t kasvaimet (KiTu1)"},"content":{"rendered":"\n<p>Akkreditoitu sy\u00f6p\u00e4geenipaneeli (KiTu1) kiinteiden kasvainten tutkimukseen on suunniteltu yhteisty\u00f6ss\u00e4 kliinikoiden kanssa kattamaan yhdell\u00e4 paneelilla mahdollisimman monen sy\u00f6v\u00e4n osalta olennaiset geenimuutokset.<\/p>\n\n\n\n<p>Paneeli kattaa seuraavat 53 geeni\u00e4:<br>ALK, ARID1A, ARID5B, ATM, BARD1, BRAF, BRCA1, BRCA2, BRIP1, CDK12, CDKN2A, CHEK1, CHEK2, CTNNB1, DICER1, EGFR, EPCAM, ERBB2, FANCL, FGFR2, FGFR3, KEAP1, KIT, KRAS, MET, MLH1, MRE11A, MSH2, MSH6, NBN, NF1, NFE2L2, NRAS, NTRK1, NTRK2, NTRK3, PALB2, PDGFRA, PIK3CA, PMS2, POLE, PPP2R2A, PTEN, RAD50, RAD51B, RAD51C, RAD51D, RAD54L, RET, ROS1, SMARCA4, STK11, TP53.<\/p>\n\n\n\n<p>N\u00e4ist\u00e4 geeneist\u00e4 tutkimukseen sis\u00e4ltyy proteiinia koodaava alue (eksonit) sek\u00e4 10 em\u00e4sparia intronisekvenssi\u00e4 eksonin molemmin puolin (kattaa silmukointialueet). Tutkimuksessa analysoidaan DNA:n mutaatiot kyseisilt\u00e4 alueilta. Analyysiss\u00e4 voidaan havaita v\u00e4hint\u00e4\u00e4n 5 prosentin taajuudella (VAF) esiintyv\u00e4t yhden em\u00e4ksen muutokset (SNV, Single Nucleotide Variant) sek\u00e4 lyhyet deleetiot ja insertiot. Tietyiss\u00e4 tapauksissa sekvensoinnin lukusyvyyden ollessa riitt\u00e4v\u00e4, voidaan raportoida my\u00f6s alle VAF 5 % olevat patogeeniset mutaatiot.<\/p>\n\n\n\n<p>KiTu1-paneeli on akkreditoitu FFPE (formaliinifiksoitu parafiiniin valettu) -tuumorikudosn\u00e4ytteille, mutta paneelilla on mahdollista tutkia my\u00f6s ituradan mutaatioita verin\u00e4ytteest\u00e4.<\/p>\n\n\n\n<p>Tutkimuksen vastausaika on 10 arkip\u00e4iv\u00e4\u00e4 n\u00e4ytteen vastaanottamisesta.<\/p>\n\n\n\n<p>N\u00e4ytteen k\u00e4sittelyyn ja l\u00e4hett\u00e4miseen on olemassa erillinen ohje. Toivomme yhteydenottoanne, mik\u00e4li olette kiinnostuneita palvelustamme.<\/p>\n\n\n\n<div class=\"links-block\">\n\n            <h3>Linkit<\/h3>\n    \n    <ul class=\"link-list\">\n        \n            \n            <li class=\"link-list-item\">\n                <a href=\"https:\/\/sites.uef.fi\/genediagnostics\/wp-content\/uploads\/sites\/100\/2025\/01\/Naytteenlahetysohje-FFPE-kudosnayte_asiakasversio.pdf\" class=\"link-reset link hover-scale-down\">\n                    <svg\n        width=\"43\" height=\"25\"\n        viewBox=\"0 0 43 25\"\n        xmlns=\"http:\/\/www.w3.org\/2000\/svg\">\n    <path\n        d=\"M30.027 0 43 12.5 30.027 25 27 22.083 34.351 15H0v-5h34.351L27 2.917z\"\n        fill=\"currentColor\"\n        fill-rule=\"evenodd\"\/>\n<\/svg>                    <div>N\u00e4ytteenl\u00e4hestysohje<\/div>\n                <\/a>\n                <div class=\"link-info\">\n                                    <\/div>\n            <\/li>\n\n        \n            <li class=\"link-list-item\">\n                <a href=\"https:\/\/sites.uef.fi\/genediagnostics\/menetelmat-kitu1\/\" class=\"link-reset link hover-scale-down\">\n                    <svg\n        width=\"43\" height=\"25\"\n        viewBox=\"0 0 43 25\"\n        xmlns=\"http:\/\/www.w3.org\/2000\/svg\">\n    <path\n        d=\"M30.027 0 43 12.5 30.027 25 27 22.083 34.351 15H0v-5h34.351L27 2.917z\"\n        fill=\"currentColor\"\n        fill-rule=\"evenodd\"\/>\n<\/svg>                    <div>Menetelm\u00e4kuvaus<\/div>\n                <\/a>\n                <div class=\"link-info\">\n                                    <\/div>\n            <\/li>\n\n        \n            <li class=\"link-list-item\">\n                <a href=\"https:\/\/sites.uef.fi\/genediagnostics\/wp-content\/uploads\/sites\/100\/2025\/05\/KiTu1_tutkimuspyynto_2025-1.pdf\" class=\"link-reset link hover-scale-down\">\n                    <svg\n        width=\"43\" height=\"25\"\n        viewBox=\"0 0 43 25\"\n        xmlns=\"http:\/\/www.w3.org\/2000\/svg\">\n    <path\n        d=\"M30.027 0 43 12.5 30.027 25 27 22.083 34.351 15H0v-5h34.351L27 2.917z\"\n        fill=\"currentColor\"\n        fill-rule=\"evenodd\"\/>\n<\/svg>                    <div>Tutkimuspyynt\u00f6lomake<\/div>\n                <\/a>\n                <div class=\"link-info\">\n                                    <\/div>\n            <\/li>\n\n        \n            <li class=\"link-list-item\">\n                <a href=\"https:\/\/sites.uef.fi\/genediagnostics\/yhteydenotto\/\" class=\"link-reset link hover-scale-down\">\n                    <svg\n        width=\"43\" height=\"25\"\n        viewBox=\"0 0 43 25\"\n        xmlns=\"http:\/\/www.w3.org\/2000\/svg\">\n    <path\n        d=\"M30.027 0 43 12.5 30.027 25 27 22.083 34.351 15H0v-5h34.351L27 2.917z\"\n        fill=\"currentColor\"\n        fill-rule=\"evenodd\"\/>\n<\/svg>                    <div>Yhteystiedot<\/div>\n                <\/a>\n                <div class=\"link-info\">\n                                    <\/div>\n            <\/li>\n\n                <\/ul>\n<\/div>\n\n\n<p><\/p>\n","protected":false},"excerpt":{"rendered":"<p>Akkreditoitu sy\u00f6p\u00e4geenipaneeli (KiTu1) kiinteiden kasvainten tutkimukseen on suunniteltu yhteisty\u00f6ss\u00e4 kliinikoiden kanssa kattamaan yhdell\u00e4 paneelilla mahdollisimman monen sy\u00f6v\u00e4n osalta olennaiset geenimuutokset. Paneeli kattaa seuraavat 53 geeni\u00e4:ALK, ARID1A, ARID5B, ATM, BARD1, BRAF, BRCA1, BRCA2, BRIP1, CDK12, CDKN2A, CHEK1, CHEK2, CTNNB1, DICER1, EGFR, EPCAM, ERBB2, FANCL, FGFR2, FGFR3, KEAP1, KIT, KRAS, MET, MLH1, MRE11A, MSH2, MSH6, NBN, NF1, [&hellip;]<\/p>\n","protected":false},"author":203,"featured_media":0,"parent":0,"menu_order":0,"comment_status":"closed","ping_status":"closed","template":"","meta":{"_acf_changed":false,"_monsterinsights_skip_tracking":false,"_monsterinsights_sitenote_active":false,"_monsterinsights_sitenote_note":"","_monsterinsights_sitenote_category":0,"footnotes":""},"class_list":["post-4344","page","type-page","status-publish","hentry"],"acf":[],"yoast_head":"<!-- This site is optimized with the Yoast SEO plugin v27.1.1 - https:\/\/yoast.com\/product\/yoast-seo-wordpress\/ -->\n<title>Kiinte\u00e4t kasvaimet (KiTu1) - Geenidiagnostiikka<\/title>\n<meta name=\"robots\" content=\"index, follow, max-snippet:-1, max-image-preview:large, max-video-preview:-1\" \/>\n<link rel=\"canonical\" href=\"https:\/\/sites.uef.fi\/genediagnostics\/kiinteat-kasvaimet-kitu1\/\" \/>\n<meta property=\"og:locale\" content=\"fi_FI\" \/>\n<meta property=\"og:type\" content=\"article\" \/>\n<meta property=\"og:title\" content=\"Kiinte\u00e4t kasvaimet (KiTu1) - Geenidiagnostiikka\" \/>\n<meta property=\"og:description\" content=\"Akkreditoitu sy\u00f6p\u00e4geenipaneeli (KiTu1) kiinteiden kasvainten tutkimukseen on suunniteltu yhteisty\u00f6ss\u00e4 kliinikoiden kanssa kattamaan yhdell\u00e4 paneelilla mahdollisimman monen sy\u00f6v\u00e4n osalta olennaiset geenimuutokset. Paneeli kattaa seuraavat 53 geeni\u00e4:ALK, ARID1A, ARID5B, ATM, BARD1, BRAF, BRCA1, BRCA2, BRIP1, CDK12, CDKN2A, CHEK1, CHEK2, CTNNB1, DICER1, EGFR, EPCAM, ERBB2, FANCL, FGFR2, FGFR3, KEAP1, KIT, KRAS, MET, MLH1, MRE11A, MSH2, MSH6, NBN, NF1, [&hellip;]\" \/>\n<meta property=\"og:url\" content=\"https:\/\/sites.uef.fi\/genediagnostics\/kiinteat-kasvaimet-kitu1\/\" \/>\n<meta property=\"og:site_name\" content=\"Geenidiagnostiikka\" \/>\n<meta property=\"article:modified_time\" content=\"2026-02-02T13:40:39+00:00\" \/>\n<meta name=\"twitter:card\" content=\"summary_large_image\" \/>\n<meta name=\"twitter:label1\" content=\"Arvioitu lukuaika\" \/>\n\t<meta name=\"twitter:data1\" content=\"2 minuuttia\" \/>\n<script type=\"application\/ld+json\" class=\"yoast-schema-graph\">{\"@context\":\"https:\/\/schema.org\",\"@graph\":[{\"@type\":\"WebPage\",\"@id\":\"https:\/\/sites.uef.fi\/genediagnostics\/kiinteat-kasvaimet-kitu1\/\",\"url\":\"https:\/\/sites.uef.fi\/genediagnostics\/kiinteat-kasvaimet-kitu1\/\",\"name\":\"Kiinte\u00e4t kasvaimet (KiTu1) - Geenidiagnostiikka\",\"isPartOf\":{\"@id\":\"https:\/\/sites.uef.fi\/genediagnostics\/#website\"},\"datePublished\":\"2024-06-26T19:20:21+00:00\",\"dateModified\":\"2026-02-02T13:40:39+00:00\",\"breadcrumb\":{\"@id\":\"https:\/\/sites.uef.fi\/genediagnostics\/kiinteat-kasvaimet-kitu1\/#breadcrumb\"},\"inLanguage\":\"fi\",\"potentialAction\":[{\"@type\":\"ReadAction\",\"target\":[\"https:\/\/sites.uef.fi\/genediagnostics\/kiinteat-kasvaimet-kitu1\/\"]}]},{\"@type\":\"BreadcrumbList\",\"@id\":\"https:\/\/sites.uef.fi\/genediagnostics\/kiinteat-kasvaimet-kitu1\/#breadcrumb\",\"itemListElement\":[{\"@type\":\"ListItem\",\"position\":1,\"name\":\"Home\",\"item\":\"https:\/\/sites.uef.fi\/genediagnostics\/\"},{\"@type\":\"ListItem\",\"position\":2,\"name\":\"Kiinte\u00e4t kasvaimet (KiTu1)\"}]},{\"@type\":\"WebSite\",\"@id\":\"https:\/\/sites.uef.fi\/genediagnostics\/#website\",\"url\":\"https:\/\/sites.uef.fi\/genediagnostics\/\",\"name\":\"Geenidiagnostiikka\",\"description\":\"\",\"potentialAction\":[{\"@type\":\"SearchAction\",\"target\":{\"@type\":\"EntryPoint\",\"urlTemplate\":\"https:\/\/sites.uef.fi\/genediagnostics\/?s={search_term_string}\"},\"query-input\":{\"@type\":\"PropertyValueSpecification\",\"valueRequired\":true,\"valueName\":\"search_term_string\"}}],\"inLanguage\":\"fi\"}]}<\/script>\n<!-- \/ Yoast SEO plugin. -->","yoast_head_json":{"title":"Kiinte\u00e4t kasvaimet (KiTu1) - Geenidiagnostiikka","robots":{"index":"index","follow":"follow","max-snippet":"max-snippet:-1","max-image-preview":"max-image-preview:large","max-video-preview":"max-video-preview:-1"},"canonical":"https:\/\/sites.uef.fi\/genediagnostics\/kiinteat-kasvaimet-kitu1\/","og_locale":"fi_FI","og_type":"article","og_title":"Kiinte\u00e4t kasvaimet (KiTu1) - Geenidiagnostiikka","og_description":"Akkreditoitu sy\u00f6p\u00e4geenipaneeli (KiTu1) kiinteiden kasvainten tutkimukseen on suunniteltu yhteisty\u00f6ss\u00e4 kliinikoiden kanssa kattamaan yhdell\u00e4 paneelilla mahdollisimman monen sy\u00f6v\u00e4n osalta olennaiset geenimuutokset. Paneeli kattaa seuraavat 53 geeni\u00e4:ALK, ARID1A, ARID5B, ATM, BARD1, BRAF, BRCA1, BRCA2, BRIP1, CDK12, CDKN2A, CHEK1, CHEK2, CTNNB1, DICER1, EGFR, EPCAM, ERBB2, FANCL, FGFR2, FGFR3, KEAP1, KIT, KRAS, MET, MLH1, MRE11A, MSH2, MSH6, NBN, NF1, [&hellip;]","og_url":"https:\/\/sites.uef.fi\/genediagnostics\/kiinteat-kasvaimet-kitu1\/","og_site_name":"Geenidiagnostiikka","article_modified_time":"2026-02-02T13:40:39+00:00","twitter_card":"summary_large_image","twitter_misc":{"Arvioitu lukuaika":"2 minuuttia"},"schema":{"@context":"https:\/\/schema.org","@graph":[{"@type":"WebPage","@id":"https:\/\/sites.uef.fi\/genediagnostics\/kiinteat-kasvaimet-kitu1\/","url":"https:\/\/sites.uef.fi\/genediagnostics\/kiinteat-kasvaimet-kitu1\/","name":"Kiinte\u00e4t kasvaimet (KiTu1) - Geenidiagnostiikka","isPartOf":{"@id":"https:\/\/sites.uef.fi\/genediagnostics\/#website"},"datePublished":"2024-06-26T19:20:21+00:00","dateModified":"2026-02-02T13:40:39+00:00","breadcrumb":{"@id":"https:\/\/sites.uef.fi\/genediagnostics\/kiinteat-kasvaimet-kitu1\/#breadcrumb"},"inLanguage":"fi","potentialAction":[{"@type":"ReadAction","target":["https:\/\/sites.uef.fi\/genediagnostics\/kiinteat-kasvaimet-kitu1\/"]}]},{"@type":"BreadcrumbList","@id":"https:\/\/sites.uef.fi\/genediagnostics\/kiinteat-kasvaimet-kitu1\/#breadcrumb","itemListElement":[{"@type":"ListItem","position":1,"name":"Home","item":"https:\/\/sites.uef.fi\/genediagnostics\/"},{"@type":"ListItem","position":2,"name":"Kiinte\u00e4t kasvaimet (KiTu1)"}]},{"@type":"WebSite","@id":"https:\/\/sites.uef.fi\/genediagnostics\/#website","url":"https:\/\/sites.uef.fi\/genediagnostics\/","name":"Geenidiagnostiikka","description":"","potentialAction":[{"@type":"SearchAction","target":{"@type":"EntryPoint","urlTemplate":"https:\/\/sites.uef.fi\/genediagnostics\/?s={search_term_string}"},"query-input":{"@type":"PropertyValueSpecification","valueRequired":true,"valueName":"search_term_string"}}],"inLanguage":"fi"}]}},"_links":{"self":[{"href":"https:\/\/sites.uef.fi\/genediagnostics\/wp-json\/wp\/v2\/pages\/4344","targetHints":{"allow":["GET"]}}],"collection":[{"href":"https:\/\/sites.uef.fi\/genediagnostics\/wp-json\/wp\/v2\/pages"}],"about":[{"href":"https:\/\/sites.uef.fi\/genediagnostics\/wp-json\/wp\/v2\/types\/page"}],"author":[{"embeddable":true,"href":"https:\/\/sites.uef.fi\/genediagnostics\/wp-json\/wp\/v2\/users\/203"}],"replies":[{"embeddable":true,"href":"https:\/\/sites.uef.fi\/genediagnostics\/wp-json\/wp\/v2\/comments?post=4344"}],"version-history":[{"count":2,"href":"https:\/\/sites.uef.fi\/genediagnostics\/wp-json\/wp\/v2\/pages\/4344\/revisions"}],"predecessor-version":[{"id":5104,"href":"https:\/\/sites.uef.fi\/genediagnostics\/wp-json\/wp\/v2\/pages\/4344\/revisions\/5104"}],"wp:attachment":[{"href":"https:\/\/sites.uef.fi\/genediagnostics\/wp-json\/wp\/v2\/media?parent=4344"}],"curies":[{"name":"wp","href":"https:\/\/api.w.org\/{rel}","templated":true}]}}