{"id":802,"date":"2021-01-14T13:22:57","date_gmt":"2021-01-14T11:22:57","guid":{"rendered":"https:\/\/sites.uef.fi\/genediagnostics\/?page_id=802"},"modified":"2025-11-06T15:04:05","modified_gmt":"2025-11-06T13:04:05","slug":"palaute","status":"publish","type":"page","link":"https:\/\/sites.uef.fi\/genediagnostics\/palaute\/","title":{"rendered":"Palaute"},"content":{"rendered":"<p>Voit l\u00e4hett\u00e4\u00e4 palautetta oheisella <a href=\"https:\/\/link.webropolsurveys.com\/S\/A902DAE23EA8A75B\"><strong>lomakkeella<\/strong><\/a> tai s\u00e4hk\u00f6postitse osoitteeseen <a href=\"mailto:genediagnostics@uef.fi\">genediagnostics@uef.fi<\/a>.<\/p>\n\n\n<p><\/p>\n\n\n\n<p>Mielipiteesi palveluistamme on meille arvokas \u2013 sen avulla voimme tunnistaa mahdolliset ep\u00e4kohdat ja kehitt\u00e4\u00e4 toimintaamme.<\/p>\n\n\n\n<p>Reklamaatiot kirjataan ja k\u00e4sitell\u00e4\u00e4n luottamuksellisesti, ja koko k\u00e4sittelyprosessi on j\u00e4ljitett\u00e4viss\u00e4. K\u00e4sittelyn aluksi selvitet\u00e4\u00e4n reklamaation paikkansapit\u00e4vyys ja kohde. Asia siirret\u00e4\u00e4n k\u00e4sitelt\u00e4v\u00e4ksi oikealle asiantuntijalle tai vastuuhenkil\u00f6lle, joka p\u00e4\u00e4tt\u00e4\u00e4 tarvittavista toimenpiteist\u00e4. Toimenpiteet voivat sis\u00e4lt\u00e4\u00e4 esimerkiksi virheen korjaamisen, prosessin tarkastelun tai lis\u00e4selvitysten tekemisen.<\/p>\n\n\n\n<p>Asiakkaalle annetaan palaute k\u00e4sittelyn etenemisest\u00e4 ja lopputuloksesta kohtuullisessa ajassa. Palautteet ja reklamaatiot k\u00e4sitell\u00e4\u00e4n laboratorion palavereissa.<\/p>\n\n\n\n<p>Pyrimme siihen, ett\u00e4 reklamaation kohteena olevassa asiassa osallisena olevat henkil\u00f6t eiv\u00e4t ole mukana asian k\u00e4sittelyss\u00e4. Mik\u00e4li t\u00e4m\u00e4 ei ole mahdollista, varmistamme, ettei puolueettomuus vaarannu.<\/p>\n\n\n\n<p>Tavoitteenamme on k\u00e4sitell\u00e4 reklamaatiot viivytyksett\u00e4 ja oikeudenmukaisesti sek\u00e4 hy\u00f6dynt\u00e4\u00e4 palautetta toimintamme kehitt\u00e4misess\u00e4.<\/p>\n","protected":false},"excerpt":{"rendered":"<p>Voit l\u00e4hett\u00e4\u00e4 palautetta oheisella lomakkeella tai s\u00e4hk\u00f6postitse osoitteeseen genediagnostics@uef.fi. Mielipiteesi palveluistamme on meille arvokas \u2013 sen avulla voimme tunnistaa mahdolliset ep\u00e4kohdat ja kehitt\u00e4\u00e4 toimintaamme. Reklamaatiot kirjataan ja k\u00e4sitell\u00e4\u00e4n luottamuksellisesti, ja koko k\u00e4sittelyprosessi on j\u00e4ljitett\u00e4viss\u00e4. K\u00e4sittelyn aluksi selvitet\u00e4\u00e4n reklamaation paikkansapit\u00e4vyys ja kohde. Asia siirret\u00e4\u00e4n k\u00e4sitelt\u00e4v\u00e4ksi oikealle asiantuntijalle tai vastuuhenkil\u00f6lle, joka p\u00e4\u00e4tt\u00e4\u00e4 tarvittavista toimenpiteist\u00e4. Toimenpiteet voivat sis\u00e4lt\u00e4\u00e4 [&hellip;]<\/p>\n","protected":false},"author":203,"featured_media":0,"parent":0,"menu_order":0,"comment_status":"closed","ping_status":"closed","template":"","meta":{"_acf_changed":false,"_monsterinsights_skip_tracking":false,"_monsterinsights_sitenote_active":false,"_monsterinsights_sitenote_note":"","_monsterinsights_sitenote_category":0,"footnotes":""},"class_list":["post-802","page","type-page","status-publish","hentry"],"acf":[],"yoast_head":"<!-- This site is optimized with the Yoast SEO plugin v27.1.1 - https:\/\/yoast.com\/product\/yoast-seo-wordpress\/ -->\n<title>Palaute - Geenidiagnostiikka<\/title>\n<meta name=\"robots\" content=\"index, follow, max-snippet:-1, max-image-preview:large, max-video-preview:-1\" \/>\n<link rel=\"canonical\" href=\"https:\/\/sites.uef.fi\/genediagnostics\/palaute\/\" \/>\n<meta property=\"og:locale\" content=\"fi_FI\" \/>\n<meta property=\"og:type\" content=\"article\" \/>\n<meta property=\"og:title\" content=\"Palaute - Geenidiagnostiikka\" \/>\n<meta property=\"og:description\" content=\"Voit l\u00e4hett\u00e4\u00e4 palautetta oheisella lomakkeella tai s\u00e4hk\u00f6postitse osoitteeseen genediagnostics@uef.fi. Mielipiteesi palveluistamme on meille arvokas \u2013 sen avulla voimme tunnistaa mahdolliset ep\u00e4kohdat ja kehitt\u00e4\u00e4 toimintaamme. Reklamaatiot kirjataan ja k\u00e4sitell\u00e4\u00e4n luottamuksellisesti, ja koko k\u00e4sittelyprosessi on j\u00e4ljitett\u00e4viss\u00e4. K\u00e4sittelyn aluksi selvitet\u00e4\u00e4n reklamaation paikkansapit\u00e4vyys ja kohde. Asia siirret\u00e4\u00e4n k\u00e4sitelt\u00e4v\u00e4ksi oikealle asiantuntijalle tai vastuuhenkil\u00f6lle, joka p\u00e4\u00e4tt\u00e4\u00e4 tarvittavista toimenpiteist\u00e4. Toimenpiteet voivat sis\u00e4lt\u00e4\u00e4 [&hellip;]\" \/>\n<meta property=\"og:url\" content=\"https:\/\/sites.uef.fi\/genediagnostics\/palaute\/\" \/>\n<meta property=\"og:site_name\" content=\"Geenidiagnostiikka\" \/>\n<meta property=\"article:modified_time\" content=\"2025-11-06T13:04:05+00:00\" \/>\n<meta name=\"twitter:card\" content=\"summary_large_image\" \/>\n<meta name=\"twitter:label1\" content=\"Arvioitu lukuaika\" \/>\n\t<meta name=\"twitter:data1\" content=\"1 minuutti\" \/>\n<script type=\"application\/ld+json\" class=\"yoast-schema-graph\">{\"@context\":\"https:\/\/schema.org\",\"@graph\":[{\"@type\":\"WebPage\",\"@id\":\"https:\/\/sites.uef.fi\/genediagnostics\/palaute\/\",\"url\":\"https:\/\/sites.uef.fi\/genediagnostics\/palaute\/\",\"name\":\"Palaute - Geenidiagnostiikka\",\"isPartOf\":{\"@id\":\"https:\/\/sites.uef.fi\/genediagnostics\/#website\"},\"datePublished\":\"2021-01-14T11:22:57+00:00\",\"dateModified\":\"2025-11-06T13:04:05+00:00\",\"breadcrumb\":{\"@id\":\"https:\/\/sites.uef.fi\/genediagnostics\/palaute\/#breadcrumb\"},\"inLanguage\":\"fi\",\"potentialAction\":[{\"@type\":\"ReadAction\",\"target\":[\"https:\/\/sites.uef.fi\/genediagnostics\/palaute\/\"]}]},{\"@type\":\"BreadcrumbList\",\"@id\":\"https:\/\/sites.uef.fi\/genediagnostics\/palaute\/#breadcrumb\",\"itemListElement\":[{\"@type\":\"ListItem\",\"position\":1,\"name\":\"Home\",\"item\":\"https:\/\/sites.uef.fi\/genediagnostics\/\"},{\"@type\":\"ListItem\",\"position\":2,\"name\":\"Palaute\"}]},{\"@type\":\"WebSite\",\"@id\":\"https:\/\/sites.uef.fi\/genediagnostics\/#website\",\"url\":\"https:\/\/sites.uef.fi\/genediagnostics\/\",\"name\":\"Geenidiagnostiikka\",\"description\":\"\",\"potentialAction\":[{\"@type\":\"SearchAction\",\"target\":{\"@type\":\"EntryPoint\",\"urlTemplate\":\"https:\/\/sites.uef.fi\/genediagnostics\/?s={search_term_string}\"},\"query-input\":{\"@type\":\"PropertyValueSpecification\",\"valueRequired\":true,\"valueName\":\"search_term_string\"}}],\"inLanguage\":\"fi\"}]}<\/script>\n<!-- \/ Yoast SEO plugin. -->","yoast_head_json":{"title":"Palaute - Geenidiagnostiikka","robots":{"index":"index","follow":"follow","max-snippet":"max-snippet:-1","max-image-preview":"max-image-preview:large","max-video-preview":"max-video-preview:-1"},"canonical":"https:\/\/sites.uef.fi\/genediagnostics\/palaute\/","og_locale":"fi_FI","og_type":"article","og_title":"Palaute - Geenidiagnostiikka","og_description":"Voit l\u00e4hett\u00e4\u00e4 palautetta oheisella lomakkeella tai s\u00e4hk\u00f6postitse osoitteeseen genediagnostics@uef.fi. Mielipiteesi palveluistamme on meille arvokas \u2013 sen avulla voimme tunnistaa mahdolliset ep\u00e4kohdat ja kehitt\u00e4\u00e4 toimintaamme. Reklamaatiot kirjataan ja k\u00e4sitell\u00e4\u00e4n luottamuksellisesti, ja koko k\u00e4sittelyprosessi on j\u00e4ljitett\u00e4viss\u00e4. K\u00e4sittelyn aluksi selvitet\u00e4\u00e4n reklamaation paikkansapit\u00e4vyys ja kohde. Asia siirret\u00e4\u00e4n k\u00e4sitelt\u00e4v\u00e4ksi oikealle asiantuntijalle tai vastuuhenkil\u00f6lle, joka p\u00e4\u00e4tt\u00e4\u00e4 tarvittavista toimenpiteist\u00e4. Toimenpiteet voivat sis\u00e4lt\u00e4\u00e4 [&hellip;]","og_url":"https:\/\/sites.uef.fi\/genediagnostics\/palaute\/","og_site_name":"Geenidiagnostiikka","article_modified_time":"2025-11-06T13:04:05+00:00","twitter_card":"summary_large_image","twitter_misc":{"Arvioitu lukuaika":"1 minuutti"},"schema":{"@context":"https:\/\/schema.org","@graph":[{"@type":"WebPage","@id":"https:\/\/sites.uef.fi\/genediagnostics\/palaute\/","url":"https:\/\/sites.uef.fi\/genediagnostics\/palaute\/","name":"Palaute - Geenidiagnostiikka","isPartOf":{"@id":"https:\/\/sites.uef.fi\/genediagnostics\/#website"},"datePublished":"2021-01-14T11:22:57+00:00","dateModified":"2025-11-06T13:04:05+00:00","breadcrumb":{"@id":"https:\/\/sites.uef.fi\/genediagnostics\/palaute\/#breadcrumb"},"inLanguage":"fi","potentialAction":[{"@type":"ReadAction","target":["https:\/\/sites.uef.fi\/genediagnostics\/palaute\/"]}]},{"@type":"BreadcrumbList","@id":"https:\/\/sites.uef.fi\/genediagnostics\/palaute\/#breadcrumb","itemListElement":[{"@type":"ListItem","position":1,"name":"Home","item":"https:\/\/sites.uef.fi\/genediagnostics\/"},{"@type":"ListItem","position":2,"name":"Palaute"}]},{"@type":"WebSite","@id":"https:\/\/sites.uef.fi\/genediagnostics\/#website","url":"https:\/\/sites.uef.fi\/genediagnostics\/","name":"Geenidiagnostiikka","description":"","potentialAction":[{"@type":"SearchAction","target":{"@type":"EntryPoint","urlTemplate":"https:\/\/sites.uef.fi\/genediagnostics\/?s={search_term_string}"},"query-input":{"@type":"PropertyValueSpecification","valueRequired":true,"valueName":"search_term_string"}}],"inLanguage":"fi"}]}},"_links":{"self":[{"href":"https:\/\/sites.uef.fi\/genediagnostics\/wp-json\/wp\/v2\/pages\/802","targetHints":{"allow":["GET"]}}],"collection":[{"href":"https:\/\/sites.uef.fi\/genediagnostics\/wp-json\/wp\/v2\/pages"}],"about":[{"href":"https:\/\/sites.uef.fi\/genediagnostics\/wp-json\/wp\/v2\/types\/page"}],"author":[{"embeddable":true,"href":"https:\/\/sites.uef.fi\/genediagnostics\/wp-json\/wp\/v2\/users\/203"}],"replies":[{"embeddable":true,"href":"https:\/\/sites.uef.fi\/genediagnostics\/wp-json\/wp\/v2\/comments?post=802"}],"version-history":[{"count":1,"href":"https:\/\/sites.uef.fi\/genediagnostics\/wp-json\/wp\/v2\/pages\/802\/revisions"}],"predecessor-version":[{"id":5029,"href":"https:\/\/sites.uef.fi\/genediagnostics\/wp-json\/wp\/v2\/pages\/802\/revisions\/5029"}],"wp:attachment":[{"href":"https:\/\/sites.uef.fi\/genediagnostics\/wp-json\/wp\/v2\/media?parent=802"}],"curies":[{"name":"wp","href":"https:\/\/api.w.org\/{rel}","templated":true}]}}