{"id":103,"date":"2020-07-07T13:48:30","date_gmt":"2020-07-07T10:48:30","guid":{"rendered":"https:\/\/sites.uef.fi\/genommed\/?page_id=103"},"modified":"2023-02-24T15:53:20","modified_gmt":"2023-02-24T13:53:20","slug":"early-stage-researchers","status":"publish","type":"page","link":"https:\/\/sites.uef.fi\/genommed\/front-page\/early-stage-researchers\/","title":{"rendered":"Early stage researchers"},"content":{"rendered":"<div class=\"journal-content-article\">\n<h1>Early Stage Researchers (ESRs)<\/h1>\n<p>The recruitment process targeted talented and highly motivated ESRs from all over the world. GenomMed selected the researchers following open, merit-based, transparent, impartial and equitable selection procedures. The recruitment of 12 ESRs was done in two calls with identical processes.<\/p>\n<p>Each ESR is a part of one local research group, and each ESR has at least two supervisors. The main supervisor, who is the principal investigator (PI) of the research group, has a full responsibility for the overall management of the ESRs training and research project. Additional supervisors guide the ESR related to their own scientific expertise. The main supervisor together with co-supervisors offer advice and guidance to the ESR towards the completion of their PhD degree.<\/p>\n<\/div>\n<table id=\"yui_patched_v3_11_0_1_1587979927434_522\" style=\"height: 1072px\" border=\"0\" width=\"685\" cellspacing=\"4\" cellpadding=\"4\">\n<tbody id=\"yui_patched_v3_11_0_1_1587979927434_521\">\n<tr id=\"yui_patched_v3_11_0_1_1587979927434_520\">\n<td id=\"yui_patched_v3_11_0_1_1587979927434_519\"><strong>ESR<\/strong><\/td>\n<td><strong>THESIS PROJECT TITLE<\/strong><\/td>\n<td><strong><br \/>\nMAIN SUPERVISOR<br \/>\n<\/strong><\/td>\n<\/tr>\n<tr>\n<td><a href=\"https:\/\/uefconnect.uef.fi\/en\/person\/simone.adinolfi\/\">Simone Adinolfi<\/a><\/td>\n<td>Metabolic effects of redox transcription factor NRF2 in NSCLCs<\/td>\n<td><a href=\"https:\/\/uefconnect.uef.fi\/en\/person\/anna-liisa.levonen\/\">Prof. Anna-Liisa Levonen<\/a><\/td>\n<\/tr>\n<tr>\n<td><a href=\"https:\/\/uefconnect.uef.fi\/en\/person\/bhanu.bandlamudi\/\">Bhanu Prasad Bandlamudi<\/a><\/td>\n<td>Elucidating the effect of different sarcomere protein mutations in hypertrophic cardiomyopathy using iPSC disease models<\/td>\n<td><a href=\"https:\/\/uefconnect.uef.fi\/en\/person\/pasi.tavi\/\">Prof. Pasi Tavi<\/a><\/td>\n<\/tr>\n<tr>\n<td><a href=\"https:\/\/uefconnect.uef.fi\/en\/person\/mustafa.beter\/\">Mustafa Beter<\/a><\/td>\n<td>Non-coding RNA modulation of angiogenesis<\/td>\n<td><a href=\"https:\/\/uefconnect.uef.fi\/en\/person\/seppo.yla-herttuala\/\">Prof. Seppo Yl\u00e4-Herttuala<\/a><\/td>\n<\/tr>\n<tr>\n<td><a href=\"https:\/\/uefconnect.uef.fi\/en\/person\/lenka.dvorakova\/\">Lenka Dvor\u00e1kov\u00e1<\/a><\/td>\n<td>Dynamic functional connectivity assessment of consequences of traumatic brain injury<\/td>\n<td><a href=\"https:\/\/uefconnect.uef.fi\/en\/person\/olli.grohn\/\">Prof. Olli Gr\u00f6hn<\/a><\/td>\n<\/tr>\n<tr>\n<td><a href=\"https:\/\/uefconnect.uef.fi\/en\/person\/natallie.kajevu\/\">Natallie Kajevu<\/a><\/td>\n<td>Systems biology derived drug discovery to improve recovery from traumatic brain injury: in vitro and in vivo validation<\/td>\n<td><a href=\"https:\/\/uefconnect.uef.fi\/en\/person\/asla.pitkanen\/\">Prof. Asla Pitk\u00e4nen<\/a><\/td>\n<\/tr>\n<tr>\n<td><a href=\"https:\/\/uefconnect.uef.fi\/en\/person\/rowmika.ravi\/\">Rowmika Ravi<\/a><\/td>\n<td>Hypertrophic and dilated cardiomyopathy: genetic basis and phenotype<\/td>\n<td><a href=\"https:\/\/uefconnect.uef.fi\/en\/person\/markku.laakso\/\">Prof. Markku Laakso<\/a><\/td>\n<\/tr>\n<tr>\n<td><a href=\"https:\/\/uefconnect.uef.fi\/en\/person\/aarthi.ravindran\/\">Aarthi Ravindran<\/a><\/td>\n<td>Study of gene regulatory mechanisms driving the expression of CAD-associated genes<\/td>\n<td><a href=\"https:\/\/uefconnect.uef.fi\/en\/person\/minna.kaikkonen-maatta\/\">Prof. Minna Kaikkonen-M\u00e4\u00e4tt\u00e4<\/a><\/td>\n<\/tr>\n<tr>\n<td><a href=\"https:\/\/uefconnect.uef.fi\/en\/person\/hannah.rostalski\/\">Hannah Rostalski<\/a><\/td>\n<td>Effects of the C9orf72 hexanucleotide repeat expansion on neurodegeneration<\/td>\n<td><a href=\"https:\/\/uefconnect.uef.fi\/en\/person\/annakaisa.haapasalo\/\">Research Director Annakaisa Haapasalo<\/a><\/td>\n<\/tr>\n<tr>\n<td><a href=\"https:\/\/uefconnect.uef.fi\/en\/person\/flavia.scoyni\/\">Flavia Scoyni<\/a><\/td>\n<td>The role of non-coding RNAs network in CNs disease<\/td>\n<td><a href=\"https:\/\/uefconnect.uef.fi\/en\/person\/tarja.malm\/\">Prof. Tarja Malm<\/a><\/td>\n<\/tr>\n<tr>\n<td><a href=\"https:\/\/uefconnect.uef.fi\/en\/person\/ratika.sehgal\/\">Ratika Sehgal<\/a><\/td>\n<td>Deciphering the molecular and cellular interactions of nutrient- derived metabolites in high-risk type II diabetes individuals<\/td>\n<td><a href=\"https:\/\/uefconnect.uef.fi\/en\/person\/jussi.pihlajamaki\/\">Prof. Jussi Pihlajam\u00e4ki<\/a><\/td>\n<\/tr>\n<tr>\n<td><a href=\"https:\/\/uefconnect.uef.fi\/en\/person\/juan-miguel.valverde-martinez\/\">Juan Miguel Valverde Mart\u00ednez<\/a><\/td>\n<td>Rodent MRI brain segmentation<\/td>\n<td><a href=\"https:\/\/uefconnect.uef.fi\/en\/person\/jussi.tohka\/\">Prof. Jussi Tohka<\/a><\/td>\n<\/tr>\n<tr>\n<td><a href=\"https:\/\/uefconnect.uef.fi\/en\/person\/rebekka.wittrahm\/\">Rebekka Wittrahm<\/a><\/td>\n<td>Elucidating molecular mechanisms of Alzheimer\u2019s disease-associated risk genes<\/td>\n<td><a href=\"https:\/\/uefconnect.uef.fi\/en\/person\/mikko.hiltunen\/\">Prof. Mikko Hiltunen<\/a><\/td>\n<\/tr>\n<\/tbody>\n<\/table>\n<p>&nbsp;<\/p>\n","protected":false},"excerpt":{"rendered":"<p>Early Stage Researchers (ESRs) The recruitment process targeted talented and highly motivated ESRs from all over the world. GenomMed selected the researchers following open, merit-based, transparent, impartial and equitable selection procedures. The recruitment of 12 ESRs was done in two calls with identical processes. Each ESR is a part of one local research group, and [&hellip;]<\/p>\n","protected":false},"author":162,"featured_media":0,"parent":21,"menu_order":2,"comment_status":"closed","ping_status":"closed","template":"","meta":{"_acf_changed":false,"_monsterinsights_skip_tracking":false,"_monsterinsights_sitenote_active":false,"_monsterinsights_sitenote_note":"","_monsterinsights_sitenote_category":0,"footnotes":""},"class_list":["post-103","page","type-page","status-publish","hentry"],"acf":[],"yoast_head":"<!-- This site is optimized with the Yoast SEO plugin v27.1.1 - https:\/\/yoast.com\/product\/yoast-seo-wordpress\/ -->\n<title>Early stage researchers - Genetics and Mechanisms in Translational Medicine Doctoral programme<\/title>\n<meta name=\"robots\" content=\"index, follow, max-snippet:-1, max-image-preview:large, max-video-preview:-1\" \/>\n<link rel=\"canonical\" href=\"https:\/\/sites.uef.fi\/genommed\/front-page\/early-stage-researchers\/\" \/>\n<meta property=\"og:locale\" content=\"en_US\" \/>\n<meta property=\"og:type\" content=\"article\" \/>\n<meta property=\"og:title\" content=\"Early stage researchers - Genetics and Mechanisms in Translational Medicine Doctoral programme\" \/>\n<meta property=\"og:description\" content=\"Early Stage Researchers (ESRs) The recruitment process targeted talented and highly motivated ESRs from all over the world. GenomMed selected the researchers following open, merit-based, transparent, impartial and equitable selection procedures. The recruitment of 12 ESRs was done in two calls with identical processes. Each ESR is a part of one local research group, and [&hellip;]\" \/>\n<meta property=\"og:url\" content=\"https:\/\/sites.uef.fi\/genommed\/front-page\/early-stage-researchers\/\" \/>\n<meta property=\"og:site_name\" content=\"Genetics and Mechanisms in Translational Medicine Doctoral programme\" \/>\n<meta property=\"article:modified_time\" content=\"2023-02-24T13:53:20+00:00\" \/>\n<meta name=\"twitter:card\" content=\"summary_large_image\" \/>\n<meta name=\"twitter:label1\" content=\"Est. reading time\" \/>\n\t<meta name=\"twitter:data1\" content=\"2 minutes\" \/>\n<script type=\"application\/ld+json\" class=\"yoast-schema-graph\">{\"@context\":\"https:\/\/schema.org\",\"@graph\":[{\"@type\":\"WebPage\",\"@id\":\"https:\/\/sites.uef.fi\/genommed\/front-page\/early-stage-researchers\/\",\"url\":\"https:\/\/sites.uef.fi\/genommed\/front-page\/early-stage-researchers\/\",\"name\":\"Early stage researchers - Genetics and Mechanisms in Translational Medicine Doctoral programme\",\"isPartOf\":{\"@id\":\"https:\/\/sites.uef.fi\/genommed\/#website\"},\"datePublished\":\"2020-07-07T10:48:30+00:00\",\"dateModified\":\"2023-02-24T13:53:20+00:00\",\"breadcrumb\":{\"@id\":\"https:\/\/sites.uef.fi\/genommed\/front-page\/early-stage-researchers\/#breadcrumb\"},\"inLanguage\":\"en-US\",\"potentialAction\":[{\"@type\":\"ReadAction\",\"target\":[\"https:\/\/sites.uef.fi\/genommed\/front-page\/early-stage-researchers\/\"]}]},{\"@type\":\"BreadcrumbList\",\"@id\":\"https:\/\/sites.uef.fi\/genommed\/front-page\/early-stage-researchers\/#breadcrumb\",\"itemListElement\":[{\"@type\":\"ListItem\",\"position\":1,\"name\":\"Home\",\"item\":\"https:\/\/sites.uef.fi\/genommed\/\"},{\"@type\":\"ListItem\",\"position\":2,\"name\":\"GenomMed home\",\"item\":\"https:\/\/sites.uef.fi\/genommed\/\"},{\"@type\":\"ListItem\",\"position\":3,\"name\":\"Early stage researchers\"}]},{\"@type\":\"WebSite\",\"@id\":\"https:\/\/sites.uef.fi\/genommed\/#website\",\"url\":\"https:\/\/sites.uef.fi\/genommed\/\",\"name\":\"Genetics and Mechanisms in Translational Medicine Doctoral programme\",\"description\":\"\",\"potentialAction\":[{\"@type\":\"SearchAction\",\"target\":{\"@type\":\"EntryPoint\",\"urlTemplate\":\"https:\/\/sites.uef.fi\/genommed\/?s={search_term_string}\"},\"query-input\":{\"@type\":\"PropertyValueSpecification\",\"valueRequired\":true,\"valueName\":\"search_term_string\"}}],\"inLanguage\":\"en-US\"}]}<\/script>\n<!-- \/ Yoast SEO plugin. -->","yoast_head_json":{"title":"Early stage researchers - Genetics and Mechanisms in Translational Medicine Doctoral programme","robots":{"index":"index","follow":"follow","max-snippet":"max-snippet:-1","max-image-preview":"max-image-preview:large","max-video-preview":"max-video-preview:-1"},"canonical":"https:\/\/sites.uef.fi\/genommed\/front-page\/early-stage-researchers\/","og_locale":"en_US","og_type":"article","og_title":"Early stage researchers - Genetics and Mechanisms in Translational Medicine Doctoral programme","og_description":"Early Stage Researchers (ESRs) The recruitment process targeted talented and highly motivated ESRs from all over the world. GenomMed selected the researchers following open, merit-based, transparent, impartial and equitable selection procedures. The recruitment of 12 ESRs was done in two calls with identical processes. Each ESR is a part of one local research group, and [&hellip;]","og_url":"https:\/\/sites.uef.fi\/genommed\/front-page\/early-stage-researchers\/","og_site_name":"Genetics and Mechanisms in Translational Medicine Doctoral programme","article_modified_time":"2023-02-24T13:53:20+00:00","twitter_card":"summary_large_image","twitter_misc":{"Est. reading time":"2 minutes"},"schema":{"@context":"https:\/\/schema.org","@graph":[{"@type":"WebPage","@id":"https:\/\/sites.uef.fi\/genommed\/front-page\/early-stage-researchers\/","url":"https:\/\/sites.uef.fi\/genommed\/front-page\/early-stage-researchers\/","name":"Early stage researchers - Genetics and Mechanisms in Translational Medicine Doctoral programme","isPartOf":{"@id":"https:\/\/sites.uef.fi\/genommed\/#website"},"datePublished":"2020-07-07T10:48:30+00:00","dateModified":"2023-02-24T13:53:20+00:00","breadcrumb":{"@id":"https:\/\/sites.uef.fi\/genommed\/front-page\/early-stage-researchers\/#breadcrumb"},"inLanguage":"en-US","potentialAction":[{"@type":"ReadAction","target":["https:\/\/sites.uef.fi\/genommed\/front-page\/early-stage-researchers\/"]}]},{"@type":"BreadcrumbList","@id":"https:\/\/sites.uef.fi\/genommed\/front-page\/early-stage-researchers\/#breadcrumb","itemListElement":[{"@type":"ListItem","position":1,"name":"Home","item":"https:\/\/sites.uef.fi\/genommed\/"},{"@type":"ListItem","position":2,"name":"GenomMed home","item":"https:\/\/sites.uef.fi\/genommed\/"},{"@type":"ListItem","position":3,"name":"Early stage researchers"}]},{"@type":"WebSite","@id":"https:\/\/sites.uef.fi\/genommed\/#website","url":"https:\/\/sites.uef.fi\/genommed\/","name":"Genetics and Mechanisms in Translational Medicine Doctoral programme","description":"","potentialAction":[{"@type":"SearchAction","target":{"@type":"EntryPoint","urlTemplate":"https:\/\/sites.uef.fi\/genommed\/?s={search_term_string}"},"query-input":{"@type":"PropertyValueSpecification","valueRequired":true,"valueName":"search_term_string"}}],"inLanguage":"en-US"}]}},"_links":{"self":[{"href":"https:\/\/sites.uef.fi\/genommed\/wp-json\/wp\/v2\/pages\/103","targetHints":{"allow":["GET"]}}],"collection":[{"href":"https:\/\/sites.uef.fi\/genommed\/wp-json\/wp\/v2\/pages"}],"about":[{"href":"https:\/\/sites.uef.fi\/genommed\/wp-json\/wp\/v2\/types\/page"}],"author":[{"embeddable":true,"href":"https:\/\/sites.uef.fi\/genommed\/wp-json\/wp\/v2\/users\/162"}],"replies":[{"embeddable":true,"href":"https:\/\/sites.uef.fi\/genommed\/wp-json\/wp\/v2\/comments?post=103"}],"version-history":[{"count":3,"href":"https:\/\/sites.uef.fi\/genommed\/wp-json\/wp\/v2\/pages\/103\/revisions"}],"predecessor-version":[{"id":567,"href":"https:\/\/sites.uef.fi\/genommed\/wp-json\/wp\/v2\/pages\/103\/revisions\/567"}],"up":[{"embeddable":true,"href":"https:\/\/sites.uef.fi\/genommed\/wp-json\/wp\/v2\/pages\/21"}],"wp:attachment":[{"href":"https:\/\/sites.uef.fi\/genommed\/wp-json\/wp\/v2\/media?parent=103"}],"curies":[{"name":"wp","href":"https:\/\/api.w.org\/{rel}","templated":true}]}}