{"id":224,"date":"2020-07-08T09:10:58","date_gmt":"2020-07-08T06:10:58","guid":{"rendered":"https:\/\/sites.uef.fi\/genommed\/?page_id=224"},"modified":"2023-03-07T15:15:22","modified_gmt":"2023-03-07T13:15:22","slug":"publications","status":"publish","type":"page","link":"https:\/\/sites.uef.fi\/genommed\/front-page\/publications\/","title":{"rendered":"Publications"},"content":{"rendered":"<h1>Publications<\/h1>\n<p>All publications made in the GenomMed doctoral program are open access.<\/p>\n<h2>2023<\/h2>\n<p><a class=\"ng-star-inserted\" href=\"https:\/\/doi.org\/10.1016\/j.patcog.2022.109208\">Region-wise loss for biomedical image segmentation <\/a><br \/>\n<span class=\"t-text-bold ng-star-inserted\">Authors: <\/span><strong>J.M. Valverde<\/strong>, J. Tohka<br \/>\n<span class=\"t-text-bold ng-star-inserted\">Published in: <\/span>Pattern Recognition, 136, 2023<br \/>\n<span class=\"t-text-bold ng-star-inserted\">DOI: <\/span>10.1016\/j.patcog.2022.109208<\/p>\n<p><a class=\"ng-star-inserted\" href=\"https:\/\/doi.org\/10.1186\/s13148-023-01431-x\">Liver saturated fat content associates with hepatic DNA methylation in obese individuals <\/a><br \/>\n<span class=\"t-text-bold ng-star-inserted\">Authors: <\/span><strong>Ratika Sehgal<\/strong>, Alexander Perfilyev, Ville M\u00e4nnist\u00f6, Jyrki \u00c5gren, Emma Nilsson, Pirjo K\u00e4kel\u00e4, Charlotte Ling, Vanessa D. de Mello, Jussi Pihlajam\u00e4ki<br \/>\n<span class=\"t-text-bold ng-star-inserted\">Published in: <\/span>Clinical Epigenetics, 15, 2023<br \/>\n<span class=\"t-text-bold ng-star-inserted\">DOI: <\/span>10.1186\/s13148-023-01431-x<\/p>\n<h2>2022<\/h2>\n<p><a class=\"ng-star-inserted\" href=\"https:\/\/doi.org\/10.3389\/fneur.2022.820267\">Convolutional Neural Networks Enable Robust Automatic Segmentation of the Rat Hippocampus in MRI After Traumatic Brain Injury <\/a><span class=\"t-text-bold ng-star-inserted\"><br \/>\nAuthors: <\/span>De Feo, Riccardo; H\u00e4m\u00e4l\u00e4inen, Elina; Manninen, Eppu; Immonen, Riikka; <strong>Valverde, Juan Miguel<\/strong>; Ndode-Ekane, Xavier Ekolle; Gr\u00f6hn, Olli; Pitk\u00e4nen, Asla; Tohka, Jussi<br \/>\n<span class=\"t-text-bold ng-star-inserted\">Published in: <\/span>Frontiers in Neurology, 13, 2022, Page 820267<br \/>\n<span class=\"t-text-bold ng-star-inserted\">DOI: <\/span>10.3389\/fneur.2022.820267<\/p>\n<p><a class=\"ng-star-inserted\" href=\"https:\/\/doi.org\/10.1007\/s12021-022-09607-1\">Automatic Cerebral Hemisphere Segmentation in Rat MRI with Ischemic Lesions via Attention-based Convolutional Neural Networks <\/a><br \/>\n<span class=\"t-text-bold ng-star-inserted\">Authors: <\/span><strong>Juan Miguel Valverde<\/strong>, Artem Shatillo, Riccardo De Feo, and Jussi Tohka<br \/>\n<span class=\"t-text-bold ng-star-inserted\">Published in: <\/span>Neuroinformatics, 2022<br \/>\n<span class=\"t-text-bold ng-star-inserted\">DOI: <\/span>10.1007\/s12021-022-09607-1<\/p>\n<p><a class=\"ng-star-inserted\" href=\"https:\/\/doi.org\/10.1002\/1878-0261.13342\">PI3K\u03b2 inhibition enhances ALK-inhibitor sensitivity in ALK-rearranged lung cancer <\/a><br \/>\n<span class=\"t-text-bold ng-star-inserted\">Authors: <\/span>Sarang S. Talwelkar, Mikko I. M\u00e4yr\u00e4np\u00e4\u00e4, Julia Sch\u00fcler, Nora Linnavirta, Annabrita Hemmes, <strong>Simone Adinolfi<\/strong>, Matti Kankainen, Wolfgang Sommergruber, Anna-Liisa Levonen, Jari R\u00e4s\u00e4nen, Aija Knuuttila, Emmy W. Verschuren, Krister Wennerberg<br \/>\n<span class=\"t-text-bold ng-star-inserted\">Published in: <\/span>Molecular Oncology, 2022<br \/>\n<span class=\"t-text-bold ng-star-inserted\">DOI: <\/span>10.1002\/1878-0261.13342<\/p>\n<p><a class=\"ng-star-inserted\" href=\"https:\/\/doi.org\/10.3390\/nu14214695\">Indolepropionic Acid, a Gut Bacteria-Produced Tryptophan Metabolite and the Risk of Type 2 Diabetes and Non-Alcoholic Fatty Liver Disease <\/a><br \/>\n<span class=\"t-text-bold ng-star-inserted\">Authors: <\/span><strong>Sehgal, R<\/strong>., de Mello, V. D., M\u00e4nnist\u00f6, V., Lindstr\u00f6m, J., Tuomilehto, J., Pihlajam\u00e4ki, J., Uusitupa, M<br \/>\n<span class=\"t-text-bold ng-star-inserted\">Published in: <\/span>Nutrients, 14, 2022<br \/>\n<span class=\"t-text-bold ng-star-inserted\">DOI: <\/span>10.3390\/nu14214695<\/p>\n<p><a class=\"ng-star-inserted\" href=\"https:\/\/doi.org\/10.1038\/s41380-021-01384-8\">Deficient neurotransmitter systems and synaptic function in frontotemporal lobar degeneration\u2014Insights into disease mechanisms and current therapeutic approaches <\/a><br \/>\n<span class=\"t-text-bold ng-star-inserted\">Authors: <\/span>Nadine Huber, Sonja Korhonen, Dorit Hoffmann, Stina Leskel\u00e4, <strong>Hannah Rostalski<\/strong>, Anne M. Remes, Paavo Honkakoski, Eino Solje, Annakaisa Haapasalo<br \/>\n<span class=\"t-text-bold ng-star-inserted\">Published in: <\/span>Molecular Psychiatry, 27, 2022<br \/>\n<span class=\"t-text-bold ng-star-inserted\">DOI: <\/span>10.1038\/s41380-021-01384-8<\/p>\n<p><a class=\"ng-star-inserted\" href=\"https:\/\/doi.org\/10.1016\/j.nbd.2021.105584\">C9orf72 hexanucleotide repeat expansion leads to altered neuronal and dendritic spine morphology and synaptic dysfunction <\/a><br \/>\n<span class=\"t-text-bold ng-star-inserted\">Authors: <\/span>Huber N, Hoffmann D, Giniatullina R, <strong>Rostalski H<\/strong>, Leskel\u00e4 S, Takalo M, Natunen T, Solje E, Remes AM, Giniatullin R, Hiltunen M, Haapasalo A<br \/>\n<span class=\"t-text-bold ng-star-inserted\">Published in: <\/span>Neurobiology of Disease, 162, 2022<br \/>\n<span class=\"t-text-bold ng-star-inserted\">DOI: <\/span>10.1016\/j.nbd.2021.105584<\/p>\n<p><a class=\"ng-star-inserted\" href=\"https:\/\/doi.org\/10.3390\/metabo12050437\">Metabolite Signature in the Carriers of Pathogenic Genetic Variants for Cardiomyopathy: A Population-Based METSIM Study <\/a><br \/>\n<span class=\"t-text-bold ng-star-inserted\">Authors: <\/span><strong>Ravi R<\/strong>, Fernandes Silva L, Vangipurapu J, Maria M, Raivo J, Helisalmi S, Laakso M<br \/>\n<span class=\"t-text-bold ng-star-inserted\">Published in: <\/span>Metabolites, 12, 2022<br \/>\n<span class=\"t-text-bold ng-star-inserted\">DOI: <\/span>10.3390\/metabo12050437<\/p>\n<h2>2021<\/h2>\n<p><a class=\"ng-star-inserted\" href=\"https:\/\/doi.org\/10.3390\/nu13103509\">Indole-3-Propionic Acid, a Gut-Derived Tryptophan Metabolite, Associates with Hepatic Fibrosis\u00a0 <\/a><br \/>\nA<span class=\"ng-star-inserted\">uthors: <\/span><strong>Sehgal, Ratika<\/strong>, Mariana Ilha, Maija Vaittinen, Dorota Kaminska, Ville M\u00e4nnist\u00f6, Vesa K\u00e4rj\u00e4, Marjo Tuomainen, Kati Hanhineva, Stefano Romeo, P\u00e4ivi Pajukanta, Jussi Pihlajam\u00e4ki, and Vanessa D. de Mello<br \/>\n<span class=\"t-text-bold ng-star-inserted\">Published in: <\/span>Nutrients, 13, 2021<br \/>\n<span class=\"t-text-bold ng-star-inserted\">DOI: <\/span>10.3390\/nu13103509<\/p>\n<p><a class=\"ng-star-inserted\" href=\"https:\/\/doi.org\/10.3390\/jimaging7040066\">Transfer Learning in Magnetic Resonance Brain Imaging: A Systematic Review. <\/a><br \/>\n<span class=\"t-text-bold ng-star-inserted\">Authors: <\/span><strong>Juan Miguel Valverde<\/strong>; Vandad Imani; Ali Abdollahzadeh; Riccardo De Feo; Mithilesh Prakash; Robert Ciszek; Jussi Tohka<br \/>\n<span class=\"t-text-bold ng-star-inserted\">Published in: <\/span>Journal of Imaging, 7, 2021,<br \/>\n<span class=\"t-text-bold ng-star-inserted\">DOI: <\/span>10.3390\/jimaging7040066<\/p>\n<p><a class=\"ng-star-inserted\" href=\"https:\/\/doi.org\/10.1016\/j.neuroimage.2021.117734\">Automated joint skull-stripping and segmentation with Multi-Task U-Net in large mouse brain MRI databases <\/a><br \/>\n<span class=\"t-text-bold ng-star-inserted\">Authors: <\/span>Riccardo De Feo, Artem Shatillo, Alejandra Sierra, <strong>Juan Miguel Valverde<\/strong>, Olli Gr\u00f6hn, Federico Giove, Jussi Tohka<br \/>\n<span class=\"t-text-bold ng-star-inserted\">Published in: <\/span>NeuroImage, 229, 2021<br \/>\n<span class=\"t-text-bold ng-star-inserted\">DOI: <\/span>10.1016\/j.neuroimage.2021.117734<\/p>\n<p><a class=\"ng-star-inserted\" href=\"https:\/\/doi.org\/10.3390\/cells10040860\">MECP2 Increases the Pro-Inflammatory Response of Microglial Cells and Phosphorylation at Serine 423 Regulates Neuronal Gene Expression upon Neuroinflammation. <\/a><br \/>\n<span class=\"t-text-bold ng-star-inserted\">Authors: <\/span><strong>Rebekka Wittrahm<\/strong>; Mari Takalo; Mikael Marttinen; Teemu Kuulasmaa; Petra M\u00e4kinen; Susanna Kemppainen; Henna Martiskainen; Tuomas Rauramaa; Ian Pike; Ville Leinonen; Teemu Natunen; Annakaisa Haapasalo; Mikko Hiltunen<br \/>\n<span class=\"t-text-bold ng-star-inserted\">Published in: <\/span>Cells, 10, 2021<br \/>\n<span class=\"t-text-bold ng-star-inserted\">DOI: <\/span>10.3390\/cells10040860<\/p>\n<p><a class=\"ng-star-inserted\" href=\"https:\/\/doi.org\/10.1136\/jnnp-2021-326487\">GFAP as a biomarker in frontotemporal dementia and primary psychiatric disorders: diagnostic and prognostic performance <\/a><br \/>\n<span class=\"t-text-bold ng-star-inserted\">Authors: <\/span>Katisko K, Cajanus A, Huber N, J\u00e4\u00e4skel\u00e4inen O, Kokkola T, K\u00e4rkk\u00e4inen V, <strong>Rostalski H<\/strong>, Hartikainen P, Koivisto AM, Hannonen S, Lehtola JM, Korhonen VE, Helisalmi S, Koivumaa-Honkanen H, Herukka SK, Remes AM, Solje E, Haapasalo A<br \/>\n<span class=\"t-text-bold ng-star-inserted\">Published in: <\/span>Journal of Neurology, Neurosurgery and Psychiatry, 92, 2021<br \/>\n<span class=\"t-text-bold ng-star-inserted\">DOI: <\/span>10.1136\/jnnp-2021-326487<\/p>\n<p><a class=\"ng-star-inserted\" href=\"https:\/\/doi.org\/10.1093\/nar\/gkab633\">Characterization of a functional endothelial super-enhancer that regulates ADAMTS18 and angiogenesis <\/a><br \/>\n<span class=\"t-text-bold ng-star-inserted\">Authors: <\/span>Isidore Mushimiyimana, Henri Niskanen,<strong> Mustafa Beter<\/strong>, Johanna P Laakkonen, Minna U Kaikkonen, Seppo Yl\u00e4-Herttuala, Nihay Laham-Karam<br \/>\n<span class=\"t-text-bold ng-star-inserted\">Published in: <\/span>Nucleic Acids Research, 49, 2021<br \/>\n<span class=\"t-text-bold ng-star-inserted\">DOI: <\/span>10.1093\/nar\/gkab633<\/p>\n<p><a class=\"ng-star-inserted\" href=\"https:\/\/doi.org\/10.1002\/nbm.4679\">Light sedation with short habituation time for large-scale functional magnetic resonance imaging studies in rats <\/a><br \/>\n<span class=\"t-text-bold ng-star-inserted\">Authors: <\/span><strong>Lenka Dvo\u0159\u00e1kov\u00e1<\/strong>, Petteri Stenroos, Ekaterina Paasonen, Raimo A. Salo, Jaakko Paasonen, Olli Gr\u00f6hn<br \/>\n<span class=\"t-text-bold ng-star-inserted\">Published in: <\/span>NMR in Biomedicine, 35, 2021<br \/>\n<span class=\"t-text-bold ng-star-inserted\">DOI: <\/span>10.1002\/nbm.4679<\/p>\n<p><a class=\"ng-star-inserted\" href=\"https:\/\/doi.org\/10.1007\/s10456-020-09748-4\">BMP6\/TAZ-Hippo signaling modulates angiogenesis and endothelialcell response to VEGF <\/a><br \/>\n<span class=\"t-text-bold ng-star-inserted\">Authors: H. <\/span>H. Pulkkinen, M. Kiema, J. P. Lappalainen, A. Toropainen, <strong>M. Beter<\/strong>, A. Tirronen, L. Holappa, H. Niskanen, M. U. Kaikkonen, S. Yl\u00e4-Herttuala &amp; Johanna P. Laakkonen<br \/>\n<span class=\"t-text-bold ng-star-inserted\">Published in: <\/span>Angiogenesis, 24, 2021<br \/>\n<span class=\"t-text-bold ng-star-inserted\">DOI: <\/span>10.1007\/s10456-020-09748-4<\/p>\n<p><a class=\"ng-star-inserted\" href=\"https:\/\/doi.org\/10.3233\/jad-210599\">A Novel Genetic Marker for the C9orf72 Repeat Expansion in the Finnish Population <\/a><br \/>\n<span class=\"t-text-bold ng-star-inserted\">Authors: <\/span><strong>Rostalski H<\/strong>, Korhonen V, Kuulasmaa T, Solje E, Kr\u00fcger J, Gen F, Kaivola K, Eide PK, Lambert JC, Julkunen V, Tienari PJ, Remes AM, Leinonen V, Hiltunen M, Haapasalo A<br \/>\n<span class=\"t-text-bold ng-star-inserted\">Published in: <\/span>Journal of Alzheimer&#8217;s Disease, 83, 2021<br \/>\n<span class=\"t-text-bold ng-star-inserted\">DOI: <\/span>10.3233\/jad-210599<\/p>\n<p><a class=\"ng-star-inserted\" href=\"https:\/\/doi.org\/10.1016\/j.bbamcr.2021.119021\">Expression of C9orf72 hexanucleotide repeat expansion leads to formation of RNA foci and dipeptide repeat proteins but does not influence autophagy or proteasomal function in neuronal cells <\/a><br \/>\n<span class=\"t-text-bold ng-star-inserted\">Authors: <\/span>Leskel\u00e4 S, Huber N, Hoffmann D, <strong>Rostalski H<\/strong>, Remes AM, Takalo M, Hiltunen M, Haapasalo A<br \/>\n<span class=\"t-text-bold ng-star-inserted\">Published in: <\/span>Biochimica et Biophysica Acta (BBA) &#8211; Molecular Cell Research, 1868, 2021<br \/>\n<span class=\"t-text-bold ng-star-inserted\">DOI: <\/span>10.1016\/j.bbamcr.2021.119021<\/p>\n<h2>2020<\/h2>\n<p><a class=\"ng-star-inserted\" href=\"https:\/\/doi.org\/10.3389\/fnins.2020.610239\">RatLesNetv2: A Fully Convolutional Network for Rodent Brain Lesion Segmentation <\/a><br \/>\n<span class=\"t-text-bold ng-star-inserted\">Authors: <\/span><strong>Juan Miguel Valverde<\/strong>; Artem, Shatillo; De Feo, Riccardo; Olli, Gr\u00f6hn; Alejandra, Sierra; Jussi, Tohka<br \/>\n<span class=\"t-text-bold ng-star-inserted\">Published in: <\/span>Frontiers in Neuroscience, 14, 2020<br \/>\n<span class=\"t-text-bold ng-star-inserted\">DOI: <\/span>10.3389\/fnins.2020.610239<\/p>\n<p><a class=\"ng-star-inserted\" href=\"https:\/\/doi.org\/10.1186\/s13024-020-00402-7\">The Alzheimer\u2019s disease-associated protective Plc\u03b32-P522R variant promotes immune functions <\/a><br \/>\n<span class=\"t-text-bold ng-star-inserted\">Authors: <\/span>Mari Takalo, <strong>Rebekka Wittrahm<\/strong>, Benedikt Wefers, Samira Parhizkar, Kimmo Jokivarsi, Teemu Kuulasmaa, Petra M\u00e4kinen, Henna Martiskainen, Wolfgang Wurst, Xianyuan Xiang, Mikael Marttinen, Pekka Poutiainen, Annakaisa Haapasalo, Mikko Hiltunen, and Christian Haass<br \/>\n<span class=\"t-text-bold ng-star-inserted\">Published in: <\/span>Molecular Neurodegeneration, 15, 2020<br \/>\n<span class=\"t-text-bold ng-star-inserted\">DOI: <\/span>10.1186\/s13024-020-00402-7<\/p>\n<p><a class=\"ng-star-inserted\" href=\"https:\/\/doi.org\/10.1161\/atvbaha.120.315214\">Hypoxia-Mediated Regulation of Histone Demethylases Affects Angiogenesis-Associated Functions in Endothelial Cells <\/a><br \/>\n<span class=\"t-text-bold ng-star-inserted\">Authors: <\/span>Liu, O. H. F., Kiema, M., <strong>Beter, M.<\/strong>, Yl\u00e4-Herttuala, S., Laakkonen, J. P., Kaikkonen, M. U.<br \/>\n<span class=\"t-text-bold ng-star-inserted\">Published in: <\/span>Arteriosclerosis, Thrombosis, and Vascular Biology, 40, 2020<br \/>\n<span class=\"t-text-bold ng-star-inserted\">DOI: <\/span>10.1161\/atvbaha.120.315214<\/p>\n<p><a class=\"ng-star-inserted\" href=\"https:\/\/doi.org\/10.3389\/fneur.2020.550140\">BV-2 Microglial Cells Overexpressing C9orf72 Hexanucleotide Repeat Expansion Produce DPR Proteins and Show Normal Functionality but No RNA Foci <\/a><br \/>\n<span class=\"t-text-bold ng-star-inserted\">Authors: <\/span><strong>Hannah Rostalski<\/strong>, Tomi Hietanen, Stina Leskel\u00e4, Andrea Beh\u00e1nov\u00e1, Ali Abdollahzadeh, <strong>Rebekka Wittrahm<\/strong>, Petra M\u00e4kinen, Nadine Huber, Dorit Hoffmann, Eino Solje, Anne M. Remes, Teemu Natunen, Mari Takalo, Jussi Tohka, Mikko Hiltunen and Annakaisa Haapasalo<br \/>\n<span class=\"t-text-bold ng-star-inserted\">Published in: <\/span>Frontiers in Neurology, 11, 2020<br \/>\n<span class=\"t-text-bold ng-star-inserted\">DOI: <\/span>10.3389\/fneur.2020.550140<\/p>\n<h2>2019<\/h2>\n<p><a class=\"ng-star-inserted\" href=\"https:\/\/doi.org\/10.3390\/cells8101233\">C9orf72 proteins regulate autophagy and undergo autophagosomal or proteasomal degradation in a cell type-dependent manner <\/a><br \/>\n<span class=\"t-text-bold ng-star-inserted\">Authors: <\/span>Leskel\u00e4; Huber; <strong>Rostalski<\/strong>; Natunen; Remes; Takalo; Hiltunen; Haapasalo<br \/>\n<span class=\"t-text-bold ng-star-inserted\">Published in: <\/span>Cells, 84, 2019<br \/>\n<span class=\"t-text-bold ng-star-inserted\">DOI: <\/span>10.3390\/cells8101233<\/p>\n<p><a class=\"ng-star-inserted\" href=\"https:\/\/doi.org\/10.3389\/fnins.2019.00486\"> Astrocytes and Microglia as Potential Contributors to the Pathogenesis of C9orf72 Repeat Expansion-Associated FTLD and ALS <\/a><br \/>\n<span class=\"t-text-bold ng-star-inserted\">Authors: <\/span><strong>Hannah Rostalski<\/strong>, Stina Leskel\u00e4, Nadine Huber, Kasper Katisko, Antti Cajanus, Eino Solje, Mikael Marttinen, Teemu Natunen, Anne M. Remes, Mikko Hiltunen, Annakaisa Haapasalo<br \/>\n<span class=\"t-text-bold ng-star-inserted\">Published in: <\/span>Frontiers in Neuroscience, 13, 2019<br \/>\n<span class=\"t-text-bold ng-star-inserted\">DOI: <\/span>10.3389\/fnins.2019.00486<\/p>\n","protected":false},"excerpt":{"rendered":"<p>Publications All publications made in the GenomMed doctoral program are open access. 2023 Region-wise loss for biomedical image segmentation Authors: J.M. Valverde, J. Tohka Published in: Pattern Recognition, 136, 2023 DOI: 10.1016\/j.patcog.2022.109208 Liver saturated fat content associates with hepatic DNA methylation in obese individuals Authors: Ratika Sehgal, Alexander Perfilyev, Ville M\u00e4nnist\u00f6, Jyrki \u00c5gren, Emma Nilsson, [&hellip;]<\/p>\n","protected":false},"author":162,"featured_media":0,"parent":21,"menu_order":3,"comment_status":"closed","ping_status":"closed","template":"","meta":{"_acf_changed":false,"_monsterinsights_skip_tracking":false,"_monsterinsights_sitenote_active":false,"_monsterinsights_sitenote_note":"","_monsterinsights_sitenote_category":0,"footnotes":""},"class_list":["post-224","page","type-page","status-publish","hentry"],"acf":[],"yoast_head":"<!-- This site is optimized with the Yoast SEO plugin v27.1.1 - https:\/\/yoast.com\/product\/yoast-seo-wordpress\/ -->\n<title>Publications - Genetics and Mechanisms in Translational Medicine Doctoral programme<\/title>\n<meta name=\"robots\" content=\"index, follow, max-snippet:-1, max-image-preview:large, max-video-preview:-1\" \/>\n<link rel=\"canonical\" href=\"https:\/\/sites.uef.fi\/genommed\/front-page\/publications\/\" \/>\n<meta property=\"og:locale\" content=\"en_US\" \/>\n<meta property=\"og:type\" content=\"article\" \/>\n<meta property=\"og:title\" content=\"Publications - Genetics and Mechanisms in Translational Medicine Doctoral programme\" \/>\n<meta property=\"og:description\" content=\"Publications All publications made in the GenomMed doctoral program are open access. 2023 Region-wise loss for biomedical image segmentation Authors: J.M. Valverde, J. Tohka Published in: Pattern Recognition, 136, 2023 DOI: 10.1016\/j.patcog.2022.109208 Liver saturated fat content associates with hepatic DNA methylation in obese individuals Authors: Ratika Sehgal, Alexander Perfilyev, Ville M\u00e4nnist\u00f6, Jyrki \u00c5gren, Emma Nilsson, [&hellip;]\" \/>\n<meta property=\"og:url\" content=\"https:\/\/sites.uef.fi\/genommed\/front-page\/publications\/\" \/>\n<meta property=\"og:site_name\" content=\"Genetics and Mechanisms in Translational Medicine Doctoral programme\" \/>\n<meta property=\"article:modified_time\" content=\"2023-03-07T13:15:22+00:00\" \/>\n<meta name=\"twitter:card\" content=\"summary_large_image\" \/>\n<meta name=\"twitter:label1\" content=\"Est. reading time\" \/>\n\t<meta name=\"twitter:data1\" content=\"6 minutes\" \/>\n<script type=\"application\/ld+json\" class=\"yoast-schema-graph\">{\"@context\":\"https:\/\/schema.org\",\"@graph\":[{\"@type\":\"WebPage\",\"@id\":\"https:\/\/sites.uef.fi\/genommed\/front-page\/publications\/\",\"url\":\"https:\/\/sites.uef.fi\/genommed\/front-page\/publications\/\",\"name\":\"Publications - Genetics and Mechanisms in Translational Medicine Doctoral programme\",\"isPartOf\":{\"@id\":\"https:\/\/sites.uef.fi\/genommed\/#website\"},\"datePublished\":\"2020-07-08T06:10:58+00:00\",\"dateModified\":\"2023-03-07T13:15:22+00:00\",\"breadcrumb\":{\"@id\":\"https:\/\/sites.uef.fi\/genommed\/front-page\/publications\/#breadcrumb\"},\"inLanguage\":\"en-US\",\"potentialAction\":[{\"@type\":\"ReadAction\",\"target\":[\"https:\/\/sites.uef.fi\/genommed\/front-page\/publications\/\"]}]},{\"@type\":\"BreadcrumbList\",\"@id\":\"https:\/\/sites.uef.fi\/genommed\/front-page\/publications\/#breadcrumb\",\"itemListElement\":[{\"@type\":\"ListItem\",\"position\":1,\"name\":\"Home\",\"item\":\"https:\/\/sites.uef.fi\/genommed\/\"},{\"@type\":\"ListItem\",\"position\":2,\"name\":\"GenomMed home\",\"item\":\"https:\/\/sites.uef.fi\/genommed\/\"},{\"@type\":\"ListItem\",\"position\":3,\"name\":\"Publications\"}]},{\"@type\":\"WebSite\",\"@id\":\"https:\/\/sites.uef.fi\/genommed\/#website\",\"url\":\"https:\/\/sites.uef.fi\/genommed\/\",\"name\":\"Genetics and Mechanisms in Translational Medicine Doctoral programme\",\"description\":\"\",\"potentialAction\":[{\"@type\":\"SearchAction\",\"target\":{\"@type\":\"EntryPoint\",\"urlTemplate\":\"https:\/\/sites.uef.fi\/genommed\/?s={search_term_string}\"},\"query-input\":{\"@type\":\"PropertyValueSpecification\",\"valueRequired\":true,\"valueName\":\"search_term_string\"}}],\"inLanguage\":\"en-US\"}]}<\/script>\n<!-- \/ Yoast SEO plugin. -->","yoast_head_json":{"title":"Publications - Genetics and Mechanisms in Translational Medicine Doctoral programme","robots":{"index":"index","follow":"follow","max-snippet":"max-snippet:-1","max-image-preview":"max-image-preview:large","max-video-preview":"max-video-preview:-1"},"canonical":"https:\/\/sites.uef.fi\/genommed\/front-page\/publications\/","og_locale":"en_US","og_type":"article","og_title":"Publications - Genetics and Mechanisms in Translational Medicine Doctoral programme","og_description":"Publications All publications made in the GenomMed doctoral program are open access. 2023 Region-wise loss for biomedical image segmentation Authors: J.M. Valverde, J. Tohka Published in: Pattern Recognition, 136, 2023 DOI: 10.1016\/j.patcog.2022.109208 Liver saturated fat content associates with hepatic DNA methylation in obese individuals Authors: Ratika Sehgal, Alexander Perfilyev, Ville M\u00e4nnist\u00f6, Jyrki \u00c5gren, Emma Nilsson, [&hellip;]","og_url":"https:\/\/sites.uef.fi\/genommed\/front-page\/publications\/","og_site_name":"Genetics and Mechanisms in Translational Medicine Doctoral programme","article_modified_time":"2023-03-07T13:15:22+00:00","twitter_card":"summary_large_image","twitter_misc":{"Est. reading time":"6 minutes"},"schema":{"@context":"https:\/\/schema.org","@graph":[{"@type":"WebPage","@id":"https:\/\/sites.uef.fi\/genommed\/front-page\/publications\/","url":"https:\/\/sites.uef.fi\/genommed\/front-page\/publications\/","name":"Publications - Genetics and Mechanisms in Translational Medicine Doctoral programme","isPartOf":{"@id":"https:\/\/sites.uef.fi\/genommed\/#website"},"datePublished":"2020-07-08T06:10:58+00:00","dateModified":"2023-03-07T13:15:22+00:00","breadcrumb":{"@id":"https:\/\/sites.uef.fi\/genommed\/front-page\/publications\/#breadcrumb"},"inLanguage":"en-US","potentialAction":[{"@type":"ReadAction","target":["https:\/\/sites.uef.fi\/genommed\/front-page\/publications\/"]}]},{"@type":"BreadcrumbList","@id":"https:\/\/sites.uef.fi\/genommed\/front-page\/publications\/#breadcrumb","itemListElement":[{"@type":"ListItem","position":1,"name":"Home","item":"https:\/\/sites.uef.fi\/genommed\/"},{"@type":"ListItem","position":2,"name":"GenomMed home","item":"https:\/\/sites.uef.fi\/genommed\/"},{"@type":"ListItem","position":3,"name":"Publications"}]},{"@type":"WebSite","@id":"https:\/\/sites.uef.fi\/genommed\/#website","url":"https:\/\/sites.uef.fi\/genommed\/","name":"Genetics and Mechanisms in Translational Medicine Doctoral programme","description":"","potentialAction":[{"@type":"SearchAction","target":{"@type":"EntryPoint","urlTemplate":"https:\/\/sites.uef.fi\/genommed\/?s={search_term_string}"},"query-input":{"@type":"PropertyValueSpecification","valueRequired":true,"valueName":"search_term_string"}}],"inLanguage":"en-US"}]}},"_links":{"self":[{"href":"https:\/\/sites.uef.fi\/genommed\/wp-json\/wp\/v2\/pages\/224","targetHints":{"allow":["GET"]}}],"collection":[{"href":"https:\/\/sites.uef.fi\/genommed\/wp-json\/wp\/v2\/pages"}],"about":[{"href":"https:\/\/sites.uef.fi\/genommed\/wp-json\/wp\/v2\/types\/page"}],"author":[{"embeddable":true,"href":"https:\/\/sites.uef.fi\/genommed\/wp-json\/wp\/v2\/users\/162"}],"replies":[{"embeddable":true,"href":"https:\/\/sites.uef.fi\/genommed\/wp-json\/wp\/v2\/comments?post=224"}],"version-history":[{"count":3,"href":"https:\/\/sites.uef.fi\/genommed\/wp-json\/wp\/v2\/pages\/224\/revisions"}],"predecessor-version":[{"id":643,"href":"https:\/\/sites.uef.fi\/genommed\/wp-json\/wp\/v2\/pages\/224\/revisions\/643"}],"up":[{"embeddable":true,"href":"https:\/\/sites.uef.fi\/genommed\/wp-json\/wp\/v2\/pages\/21"}],"wp:attachment":[{"href":"https:\/\/sites.uef.fi\/genommed\/wp-json\/wp\/v2\/media?parent=224"}],"curies":[{"name":"wp","href":"https:\/\/api.w.org\/{rel}","templated":true}]}}