{"id":373,"date":"2021-02-04T13:12:21","date_gmt":"2021-02-04T11:12:21","guid":{"rendered":"https:\/\/sites.uef.fi\/genommed\/?page_id=373"},"modified":"2021-02-24T08:36:07","modified_gmt":"2021-02-24T06:36:07","slug":"seminar-program-2021","status":"publish","type":"page","link":"https:\/\/sites.uef.fi\/genommed\/seminar-program-2021\/","title":{"rendered":"Seminar Program"},"content":{"rendered":"<p>All times are EET (UTC+2), Finnish time<\/p>\n<h1>Wednesday 24 February 2021<\/h1>\n<p><strong>Please note that Wednesday&#8217;s program is for GenomMed and BioMEP early stage researchers only!<\/strong><\/p>\n<p>11:30-12:00 Testing connections<\/p>\n<p>12:00-12:10 Opening, Heli Kaarniemi, Tiina Juurela (Center for Continuous Learning, UEF)<\/p>\n<p>12:10-12.40 Talk &amp; discussion &#8220;What does biotech industry offer and expect from doctoral degree level positions?&#8221;, Professor of Practice Juha Yrj\u00e4nheikki, <a href=\"https:\/\/uefconnect.uef.fi\/henkilo\/juha.yrjanheikki\/\" target=\"_blank\" rel=\"noopener noreferrer\">UEF<\/a> and <a href=\"https:\/\/aurealistherapeutics.com\/about\/#elementor-action%3Aaction%3Dpopup%3Aopen%26settings%3DeyJpZCI6IjE1MTIiLCJ0b2dnbGUiOmZhbHNlfQ%3D%3D\" target=\"_blank\" rel=\"noopener noreferrer\">Aurealis Therapeutics<\/a><\/p>\n<p>12:45-13:15 Lecture &#8220;Identification of personal competences&#8221;, Heli Kaarniemi (Center for Continuous Learning, UEF)<\/p>\n<p>13:15- 14:45 &#8220;Recognizing transferable skills&#8221;, hands-on practice in small groups<\/p>\n<p>14:45-15:00 Break<\/p>\n<p>15:00- 16:30 Lecture &#8220;From personal skills to work opportunities?&#8221;, Tiina Juurela, Terhi Keltanen (Center for Continuous Learning, UEF)<\/p>\n<p>16:30-17:00 Discussion &#8220;How can I advance my career right now?&#8221;<\/p>\n<h1>Thursday 25 February 2021<\/h1>\n<p>12:00-12:10 Welcome, Directors of GenomMed and BioMEP<\/p>\n<p>12:10-12:55 Plenary lecture,<a href=\"https:\/\/sites.uef.fi\/genommed\/keynote-speakers\/#keynote-hyttinen\"> Body on-chip systems for future personalized medicine<\/a>, Prof. Jari Hyttinen, BioMEP, Tampere University<\/p>\n<p>12:55-13:55 Session 1, Chairs: Natallie Kajevu and Jaakko Syrj\u00e4l\u00e4<\/p>\n<ul>\n<li style=\"list-style-type: none\">\n<ul>\n<li style=\"list-style-type: none\">\n<ul>\n<li>Lenka Dvo\u0159\u00e1kov\u00e1, GenomMed, <a href=\"https:\/\/sites.uef.fi\/genommed\/synopses\/#lenka-synopsis\">Dynamic functional connectivity assessment of\u00a0 traumatic brain injury in rats<\/a><\/li>\n<li>Flavia Scoyni, GenomMed, <a href=\"https:\/\/sites.uef.fi\/genommed\/synopses\/#flavia-synopsis\">Non-coding RNAs network as potential therapeutic targets for central nervous system diseases<\/a><\/li>\n<li>Barbara Genocchi, BioMEP, <a href=\"https:\/\/sites.uef.fi\/genommed\/synopses\/#barbara-synopsis\">Simulation of astrocytic roles in neural networks and hyperactivity<\/a><\/li>\n<li>Dao Nguyen, BioMEP, <a href=\"https:\/\/sites.uef.fi\/genommed\/synopses\/#dao-synopsis\">Trajectory Optimization for Robot Arm in controlling the stimulation coil in Transcranial Magnetic Stimulation<\/a><\/li>\n<\/ul>\n<\/li>\n<\/ul>\n<\/li>\n<\/ul>\n<p>13:55-14:15 Break<\/p>\n<p>14:15-15:30 Session 2, Chairs: Ratika Sehgal and Vahid Farrahi<\/p>\n<ul>\n<li style=\"list-style-type: none\">\n<ul>\n<li style=\"list-style-type: none\">\n<ul>\n<li>Lingwei Huang, BioMEP, <a href=\"https:\/\/sites.uef.fi\/genommed\/synopses\/#lingwei-synopsis\">Osteochondral modifications during the development of post-traumatic osteoarthritis in a rabbit model<\/a><\/li>\n<li>Shuvashis Das Gupta, BioMEP, <a href=\"https:\/\/sites.uef.fi\/genommed\/synopses\/#shuvashis-synopsis\">Developing novel micro-imaging tools to assess calcified cartilage: implications for better understanding of osteoarthritis<\/a><\/li>\n<li>Simone Adinolfi, GenomMed, <a href=\"https:\/\/sites.uef.fi\/genommed\/synopses\/#simone-synopsis\">Nrf2 as regulator of metabolic pathways<\/a><\/li>\n<li>Golestan Karami, BioMEP, <a href=\"https:\/\/sites.uef.fi\/genommed\/synopses\/#golestan-synopsis\">Survival Time Prediction of Brain Tumor Patients by an end-to-end Attention-based multitask 3D CNN<\/a><\/li>\n<li>Sumanta Samanta, BioMEP, <a href=\"https:\/\/sites.uef.fi\/genommed\/synopses\/#sumanta-synopsis\">Engineering Glycosaminoglycan Derived Hydrogels and Nanoparticles for Biomedical Applications<\/a><\/li>\n<\/ul>\n<\/li>\n<\/ul>\n<\/li>\n<\/ul>\n<p>15:30-15:45 Break<\/p>\n<p>15:45-16:45 Session 3, Chairs: Juan Miguel Valverde and Thomas Notermans<\/p>\n<ul>\n<li style=\"list-style-type: none\">\n<ul>\n<li style=\"list-style-type: none\">\n<ul>\n<li>Hannah Rostalski, GenomMed, <a href=\"https:\/\/sites.uef.fi\/genommed\/synopses\/#hannah-synopsis\">Effects of the C9orf72 repeat expansion on neurodegeneration<\/a><\/li>\n<li>Rebekka Wittrahm, GenomMed,<a href=\"https:\/\/sites.uef.fi\/genommed\/synopses\/#rebekka-synopsis\"> Elucidating molecular mechanisms of Alzheimer\u2019s disease-associated risk genes<\/a><\/li>\n<li>Yike Huang, BioMEP, <a href=\"https:\/\/sites.uef.fi\/genommed\/synopses\/#yike-synopsis\">A DNA origami-based platform for characterizing aptamers<\/a><\/li>\n<li>Aarthi Ravindran, GenomMed, <a href=\"https:\/\/sites.uef.fi\/genommed\/synopses\/#aarthi-synopsis\">Translating Ribosome Affinity Purification Identifies Markers of Atherosclerosis-Associated Smooth Muscle Cells<\/a><\/li>\n<\/ul>\n<\/li>\n<\/ul>\n<\/li>\n<\/ul>\n<h1>Friday 26 February 2021<\/h1>\n<p>12:00-12:45 Plenary lecture, <a href=\"https:\/\/sites.uef.fi\/genommed\/keynote-speakers\/#keynote-tohka\">Machine learning in neuroimaging<\/a>, Prof. Jussi Tohka, GenomMed, University of Eastern Finland<\/p>\n<p>12:45-13:45 Session 4, Chairs: Rebekka Wittrahm and Yike Huang<\/p>\n<ul>\n<li style=\"list-style-type: none\">\n<ul>\n<li style=\"list-style-type: none\">\n<ul>\n<li>Gustavo Orozco, BioMEP, <a href=\"https:\/\/sites.uef.fi\/genommed\/synopses\/#gustavo-synopsis\">Computational modeling of articular cartilage: predicting post-traumatic knee osteoarthritis<\/a><\/li>\n<li>Thomas Notermans, BioMEP, <a href=\"https:\/\/sites.uef.fi\/genommed\/synopses\/#thomas-synopsis\">Computational modeling of Achilles tendon biomechanics and mechanobiology<\/a><\/li>\n<li>Juan Miguel Valverde, GenomMed, <a href=\"https:\/\/sites.uef.fi\/genommed\/synopses\/#miguel-synopsis\">Rodent MRI brain segmentation<\/a><\/li>\n<li>Joeri Kok, BioMEP, <a href=\"https:\/\/sites.uef.fi\/genommed\/synopses\/#joeri-synopsis\">Biomechanical analysis of hip fracture risk prediction, prevention, and repair<\/a><\/li>\n<\/ul>\n<\/li>\n<\/ul>\n<\/li>\n<\/ul>\n<p>13:45-14:00 Break<\/p>\n<p>14:00-15:30 Session 5, Chairs: Simone Adinolfi and Shuvashis Das Gupta<\/p>\n<ul>\n<li style=\"list-style-type: none\">\n<ul>\n<li style=\"list-style-type: none\">\n<ul>\n<li>Vahid Farrahi, BioMEP,\u00a0 <a href=\"https:\/\/sites.uef.fi\/genommed\/synopses\/#vahid-synopsis\">How adults should distribute their time in the 24-hour day between sleep, sedentary behaviors, and physical activities for a more favorable cardiometabolic health profile? Findings from NFBC1966 device-based measurement of daily activities<\/a><\/li>\n<li>Mustafa Beter, GenomMed, <a href=\"https:\/\/sites.uef.fi\/genommed\/synopses\/#mustafa-synopsis\">Epigenetic Modulation of Angiogenesis<\/a><\/li>\n<li>Ratika Sehgal, GenomMed, <a href=\"https:\/\/sites.uef.fi\/genommed\/synopses\/#ratika-synopsis\">Deciphering the systemic and molecular interactions of nutrient-related metabolites in individuals with NASH<\/a><\/li>\n<li>Amir Esrafilian, BioMEP, <a href=\"https:\/\/sites.uef.fi\/genommed\/synopses\/#amir-synopsis\">An EMG-assisted Muscle-Force Driven Finite Element Analysis Pipeline to Investigate Multiscale Knee Joint Mechanics in Functional Movements: Towards a Rapid Multiscale Modeling Toolbox<\/a><\/li>\n<li>Bhanu Prasad Bandlamudi, GenomMed, <a href=\"https:\/\/sites.uef.fi\/genommed\/synopses\/#bhanu-synopsis\">Disease modelling of Hypertrophic Cardiomyopathy using patient-derived iPSC-CMs<\/a><\/li>\n<li>Rowmika Ravi, GenomMed, <a href=\"https:\/\/sites.uef.fi\/genommed\/synopses\/#rowmika-synopsis\"><span class=\"at1 readonly-multiline\">Exploring at molecular level in Finnish population &#8211; The Hypertrophic Cardiomyopathy, a thick heart wall disorder<\/span><\/a><\/li>\n<\/ul>\n<\/li>\n<\/ul>\n<\/li>\n<\/ul>\n<p>15:30-15:45 Break<\/p>\n<p>15:45-16:45 Session 6, Chairs: Flavia Scoyni and Dao Nguyen<\/p>\n<ul>\n<li style=\"list-style-type: none\">\n<ul>\n<li style=\"list-style-type: none\">\n<ul>\n<li>Jaakko Syrj\u00e4l\u00e4, BioMEP,<a href=\"https:\/\/sites.uef.fi\/genommed\/synopses\/#jaakko-synopsis\"> Phase coupling of neuronal oscillations in working memory<\/a><\/li>\n<li>Natallie Kajevu, GenomMed, <a href=\"https:\/\/sites.uef.fi\/genommed\/synopses\/#natallie-synopsis\">Systems biology\u2014based drug repositioning to promote recovery from Traumatic Brain Injury: in vitro and in vivo validation<\/a><\/li>\n<li>Ruhunur \u00d6zdemir, BioMEP, <a href=\"https:\/\/sites.uef.fi\/genommed\/synopses\/#ruhunur-synopsis\">A connectivity study on anterior nucleolus of the thalamus deep brain stimulation surgery (ANT-DBS) in epilepsy<\/a><\/li>\n<li>Nataliia Martyniuk, BioMEP, <a href=\"https:\/\/sites.uef.fi\/genommed\/synopses\/#nataliia-synopsis\">Resolving functional connections between visually guided behavior and the retinal signals in dim light<\/a><\/li>\n<\/ul>\n<\/li>\n<\/ul>\n<\/li>\n<\/ul>\n<p><strong>\u00a0<\/strong><\/p>\n<p><strong>\u00a0<\/strong><\/p>\n","protected":false},"excerpt":{"rendered":"<p>All times are EET (UTC+2), Finnish time Wednesday 24 February 2021 Please note that Wednesday&#8217;s program is for GenomMed and BioMEP early stage researchers only! 11:30-12:00 Testing connections 12:00-12:10 Opening, Heli Kaarniemi, Tiina Juurela (Center for Continuous Learning, UEF) 12:10-12.40 Talk &amp; discussion &#8220;What does biotech industry offer and expect from doctoral degree level positions?&#8221;, [&hellip;]<\/p>\n","protected":false},"author":162,"featured_media":0,"parent":0,"menu_order":0,"comment_status":"closed","ping_status":"closed","template":"","meta":{"_acf_changed":false,"_monsterinsights_skip_tracking":false,"_monsterinsights_sitenote_active":false,"_monsterinsights_sitenote_note":"","_monsterinsights_sitenote_category":0,"footnotes":""},"class_list":["post-373","page","type-page","status-publish","hentry"],"acf":[],"yoast_head":"<!-- This site is optimized with the Yoast SEO plugin v27.1.1 - https:\/\/yoast.com\/product\/yoast-seo-wordpress\/ -->\n<title>Seminar Program - Genetics and Mechanisms in Translational Medicine Doctoral programme<\/title>\n<meta name=\"robots\" content=\"index, follow, max-snippet:-1, max-image-preview:large, max-video-preview:-1\" \/>\n<link rel=\"canonical\" href=\"https:\/\/sites.uef.fi\/genommed\/seminar-program-2021\/\" \/>\n<meta property=\"og:locale\" content=\"en_US\" \/>\n<meta property=\"og:type\" content=\"article\" \/>\n<meta property=\"og:title\" content=\"Seminar Program - Genetics and Mechanisms in Translational Medicine Doctoral programme\" \/>\n<meta property=\"og:description\" content=\"All times are EET (UTC+2), Finnish time Wednesday 24 February 2021 Please note that Wednesday&#8217;s program is for GenomMed and BioMEP early stage researchers only! 11:30-12:00 Testing connections 12:00-12:10 Opening, Heli Kaarniemi, Tiina Juurela (Center for Continuous Learning, UEF) 12:10-12.40 Talk &amp; discussion &#8220;What does biotech industry offer and expect from doctoral degree level positions?&#8221;, [&hellip;]\" \/>\n<meta property=\"og:url\" content=\"https:\/\/sites.uef.fi\/genommed\/seminar-program-2021\/\" \/>\n<meta property=\"og:site_name\" content=\"Genetics and Mechanisms in Translational Medicine Doctoral programme\" \/>\n<meta property=\"article:modified_time\" content=\"2021-02-24T06:36:07+00:00\" \/>\n<meta name=\"twitter:card\" content=\"summary_large_image\" \/>\n<meta name=\"twitter:label1\" content=\"Est. reading time\" \/>\n\t<meta name=\"twitter:data1\" content=\"3 minutes\" \/>\n<script type=\"application\/ld+json\" class=\"yoast-schema-graph\">{\"@context\":\"https:\/\/schema.org\",\"@graph\":[{\"@type\":\"WebPage\",\"@id\":\"https:\/\/sites.uef.fi\/genommed\/seminar-program-2021\/\",\"url\":\"https:\/\/sites.uef.fi\/genommed\/seminar-program-2021\/\",\"name\":\"Seminar Program - Genetics and Mechanisms in Translational Medicine Doctoral programme\",\"isPartOf\":{\"@id\":\"https:\/\/sites.uef.fi\/genommed\/#website\"},\"datePublished\":\"2021-02-04T11:12:21+00:00\",\"dateModified\":\"2021-02-24T06:36:07+00:00\",\"breadcrumb\":{\"@id\":\"https:\/\/sites.uef.fi\/genommed\/seminar-program-2021\/#breadcrumb\"},\"inLanguage\":\"en-US\",\"potentialAction\":[{\"@type\":\"ReadAction\",\"target\":[\"https:\/\/sites.uef.fi\/genommed\/seminar-program-2021\/\"]}]},{\"@type\":\"BreadcrumbList\",\"@id\":\"https:\/\/sites.uef.fi\/genommed\/seminar-program-2021\/#breadcrumb\",\"itemListElement\":[{\"@type\":\"ListItem\",\"position\":1,\"name\":\"Home\",\"item\":\"https:\/\/sites.uef.fi\/genommed\/\"},{\"@type\":\"ListItem\",\"position\":2,\"name\":\"Seminar Program\"}]},{\"@type\":\"WebSite\",\"@id\":\"https:\/\/sites.uef.fi\/genommed\/#website\",\"url\":\"https:\/\/sites.uef.fi\/genommed\/\",\"name\":\"Genetics and Mechanisms in Translational Medicine Doctoral programme\",\"description\":\"\",\"potentialAction\":[{\"@type\":\"SearchAction\",\"target\":{\"@type\":\"EntryPoint\",\"urlTemplate\":\"https:\/\/sites.uef.fi\/genommed\/?s={search_term_string}\"},\"query-input\":{\"@type\":\"PropertyValueSpecification\",\"valueRequired\":true,\"valueName\":\"search_term_string\"}}],\"inLanguage\":\"en-US\"}]}<\/script>\n<!-- \/ Yoast SEO plugin. -->","yoast_head_json":{"title":"Seminar Program - Genetics and Mechanisms in Translational Medicine Doctoral programme","robots":{"index":"index","follow":"follow","max-snippet":"max-snippet:-1","max-image-preview":"max-image-preview:large","max-video-preview":"max-video-preview:-1"},"canonical":"https:\/\/sites.uef.fi\/genommed\/seminar-program-2021\/","og_locale":"en_US","og_type":"article","og_title":"Seminar Program - Genetics and Mechanisms in Translational Medicine Doctoral programme","og_description":"All times are EET (UTC+2), Finnish time Wednesday 24 February 2021 Please note that Wednesday&#8217;s program is for GenomMed and BioMEP early stage researchers only! 11:30-12:00 Testing connections 12:00-12:10 Opening, Heli Kaarniemi, Tiina Juurela (Center for Continuous Learning, UEF) 12:10-12.40 Talk &amp; discussion &#8220;What does biotech industry offer and expect from doctoral degree level positions?&#8221;, [&hellip;]","og_url":"https:\/\/sites.uef.fi\/genommed\/seminar-program-2021\/","og_site_name":"Genetics and Mechanisms in Translational Medicine Doctoral programme","article_modified_time":"2021-02-24T06:36:07+00:00","twitter_card":"summary_large_image","twitter_misc":{"Est. reading time":"3 minutes"},"schema":{"@context":"https:\/\/schema.org","@graph":[{"@type":"WebPage","@id":"https:\/\/sites.uef.fi\/genommed\/seminar-program-2021\/","url":"https:\/\/sites.uef.fi\/genommed\/seminar-program-2021\/","name":"Seminar Program - Genetics and Mechanisms in Translational Medicine Doctoral programme","isPartOf":{"@id":"https:\/\/sites.uef.fi\/genommed\/#website"},"datePublished":"2021-02-04T11:12:21+00:00","dateModified":"2021-02-24T06:36:07+00:00","breadcrumb":{"@id":"https:\/\/sites.uef.fi\/genommed\/seminar-program-2021\/#breadcrumb"},"inLanguage":"en-US","potentialAction":[{"@type":"ReadAction","target":["https:\/\/sites.uef.fi\/genommed\/seminar-program-2021\/"]}]},{"@type":"BreadcrumbList","@id":"https:\/\/sites.uef.fi\/genommed\/seminar-program-2021\/#breadcrumb","itemListElement":[{"@type":"ListItem","position":1,"name":"Home","item":"https:\/\/sites.uef.fi\/genommed\/"},{"@type":"ListItem","position":2,"name":"Seminar Program"}]},{"@type":"WebSite","@id":"https:\/\/sites.uef.fi\/genommed\/#website","url":"https:\/\/sites.uef.fi\/genommed\/","name":"Genetics and Mechanisms in Translational Medicine Doctoral programme","description":"","potentialAction":[{"@type":"SearchAction","target":{"@type":"EntryPoint","urlTemplate":"https:\/\/sites.uef.fi\/genommed\/?s={search_term_string}"},"query-input":{"@type":"PropertyValueSpecification","valueRequired":true,"valueName":"search_term_string"}}],"inLanguage":"en-US"}]}},"_links":{"self":[{"href":"https:\/\/sites.uef.fi\/genommed\/wp-json\/wp\/v2\/pages\/373","targetHints":{"allow":["GET"]}}],"collection":[{"href":"https:\/\/sites.uef.fi\/genommed\/wp-json\/wp\/v2\/pages"}],"about":[{"href":"https:\/\/sites.uef.fi\/genommed\/wp-json\/wp\/v2\/types\/page"}],"author":[{"embeddable":true,"href":"https:\/\/sites.uef.fi\/genommed\/wp-json\/wp\/v2\/users\/162"}],"replies":[{"embeddable":true,"href":"https:\/\/sites.uef.fi\/genommed\/wp-json\/wp\/v2\/comments?post=373"}],"version-history":[{"count":3,"href":"https:\/\/sites.uef.fi\/genommed\/wp-json\/wp\/v2\/pages\/373\/revisions"}],"predecessor-version":[{"id":532,"href":"https:\/\/sites.uef.fi\/genommed\/wp-json\/wp\/v2\/pages\/373\/revisions\/532"}],"wp:attachment":[{"href":"https:\/\/sites.uef.fi\/genommed\/wp-json\/wp\/v2\/media?parent=373"}],"curies":[{"name":"wp","href":"https:\/\/api.w.org\/{rel}","templated":true}]}}