{"id":486,"date":"2023-08-24T12:44:08","date_gmt":"2023-08-24T09:44:08","guid":{"rendered":"https:\/\/sites.uef.fi\/geonordbalt\/?page_id=486"},"modified":"2023-08-28T10:40:35","modified_gmt":"2023-08-28T07:40:35","slug":"group-presentations-reports-2023","status":"publish","type":"page","link":"https:\/\/sites.uef.fi\/geonordbalt\/geonordbalt-ip-2023-lithuania-latvia\/group-presentations-reports-2023\/","title":{"rendered":"Group Presentations &amp; Reports 2023"},"content":{"rendered":"\n<p>Below you find the final presentations and reports from the 5 international student groups that were conducted in shrinking localities in Latvia and Lithuania during the GEONORDBALT Nord+ IP 2023. <\/p>\n\n\n\n<h2 class=\"wp-block-heading\"><strong>Group work and case Study Jekabpils (Latvia)<\/strong><\/h2>\n\n\n\n<p>Final presentation:<\/p>\n\n\n\n<div data-wp-interactive=\"core\/file\" class=\"wp-block-file\"><object data-wp-bind--hidden=\"!state.hasPdfPreview\" hidden class=\"wp-block-file__embed\" data=\"https:\/\/sites.uef.fi\/geonordbalt\/wp-content\/uploads\/sites\/385\/2023\/08\/Jekabpils-Presentation-2023.pdf\" type=\"application\/pdf\" style=\"width:100%;height:600px\" aria-label=\"Embed of Jekabpils-Presentation-2023.\"><\/object><a id=\"wp-block-file--media-6db61fce-f274-44e6-add3-e1cc1bff2f9e\" href=\"https:\/\/sites.uef.fi\/geonordbalt\/wp-content\/uploads\/sites\/385\/2023\/08\/Jekabpils-Presentation-2023.pdf\">Jekabpils-Presentation-2023<\/a><a href=\"https:\/\/sites.uef.fi\/geonordbalt\/wp-content\/uploads\/sites\/385\/2023\/08\/Jekabpils-Presentation-2023.pdf\" class=\"wp-block-file__button wp-element-button\" download aria-describedby=\"wp-block-file--media-6db61fce-f274-44e6-add3-e1cc1bff2f9e\">Download<\/a><\/div>\n\n\n\n<p><\/p>\n\n\n\n<p><strong>You can download the full report of the Jekabpils group below<\/strong>:<\/p>\n\n\n\n<div class=\"wp-block-file\"><a id=\"wp-block-file--media-b313d4b3-5373-4aad-99e4-0350b7a6e741\" href=\"https:\/\/sites.uef.fi\/geonordbalt\/wp-content\/uploads\/sites\/385\/2023\/08\/JEKABPILS_report_2023-1.pdf\">JEKABPILS_report_2023-1<\/a><a href=\"https:\/\/sites.uef.fi\/geonordbalt\/wp-content\/uploads\/sites\/385\/2023\/08\/JEKABPILS_report_2023-1.pdf\" class=\"wp-block-file__button wp-element-button\" download aria-describedby=\"wp-block-file--media-b313d4b3-5373-4aad-99e4-0350b7a6e741\">Download<\/a><\/div>\n\n\n\n<p><\/p>\n\n\n\n<h2 class=\"wp-block-heading has-medium-font-size\"><strong>Group work and case study Daugavpils (Latvia)<\/strong><\/h2>\n\n\n\n<p>Final presentation:<\/p>\n\n\n\n<div data-wp-interactive=\"core\/file\" class=\"wp-block-file\"><object data-wp-bind--hidden=\"!state.hasPdfPreview\" hidden class=\"wp-block-file__embed\" data=\"https:\/\/sites.uef.fi\/geonordbalt\/wp-content\/uploads\/sites\/385\/2023\/08\/Daugavpils_Presentation.pdf\" type=\"application\/pdf\" style=\"width:100%;height:600px\" aria-label=\"Embed of Daugavpils_Presentation.\"><\/object><a id=\"wp-block-file--media-ecfdac71-22da-4e41-80ee-ac4431e2d92d\" href=\"https:\/\/sites.uef.fi\/geonordbalt\/wp-content\/uploads\/sites\/385\/2023\/08\/Daugavpils_Presentation.pdf\">Daugavpils_Presentation<\/a><a href=\"https:\/\/sites.uef.fi\/geonordbalt\/wp-content\/uploads\/sites\/385\/2023\/08\/Daugavpils_Presentation.pdf\" class=\"wp-block-file__button wp-element-button\" download aria-describedby=\"wp-block-file--media-ecfdac71-22da-4e41-80ee-ac4431e2d92d\">Download<\/a><\/div>\n\n\n\n<p><\/p>\n\n\n\n<p><strong>You can download the full report of the Daugavpils group below<\/strong>:<\/p>\n\n\n\n<div class=\"wp-block-file\"><a id=\"wp-block-file--media-fc9bb876-64e1-4d1c-bf9f-ceefacc75181\" href=\"https:\/\/sites.uef.fi\/geonordbalt\/wp-content\/uploads\/sites\/385\/2023\/08\/DAUGAVPILS_REPORT.pdf\">DAUGAVPILS_REPORT<\/a><a href=\"https:\/\/sites.uef.fi\/geonordbalt\/wp-content\/uploads\/sites\/385\/2023\/08\/DAUGAVPILS_REPORT.pdf\" class=\"wp-block-file__button wp-element-button\" download aria-describedby=\"wp-block-file--media-fc9bb876-64e1-4d1c-bf9f-ceefacc75181\">Download<\/a><\/div>\n\n\n\n<p><\/p>\n\n\n\n<h2 class=\"wp-block-heading\"><strong>Group work and Case Study Zarasai (Lithuania)<\/strong><\/h2>\n\n\n\n<p>Final presentation:<\/p>\n\n\n\n<div data-wp-interactive=\"core\/file\" class=\"wp-block-file\"><object data-wp-bind--hidden=\"!state.hasPdfPreview\" hidden class=\"wp-block-file__embed\" data=\"https:\/\/sites.uef.fi\/geonordbalt\/wp-content\/uploads\/sites\/385\/2023\/08\/Zarasai_smart_shrinking_final.pdf\" type=\"application\/pdf\" style=\"width:100%;height:600px\" aria-label=\"Embed of Zarasai_smart_shrinking_final.\"><\/object><a id=\"wp-block-file--media-c67c7546-aac6-442a-95a5-ffa63ee70541\" href=\"https:\/\/sites.uef.fi\/geonordbalt\/wp-content\/uploads\/sites\/385\/2023\/08\/Zarasai_smart_shrinking_final.pdf\">Zarasai_smart_shrinking_final<\/a><a href=\"https:\/\/sites.uef.fi\/geonordbalt\/wp-content\/uploads\/sites\/385\/2023\/08\/Zarasai_smart_shrinking_final.pdf\" class=\"wp-block-file__button wp-element-button\" download aria-describedby=\"wp-block-file--media-c67c7546-aac6-442a-95a5-ffa63ee70541\">Download<\/a><\/div>\n\n\n\n<p><\/p>\n\n\n\n<p><strong>You can download the full report of the Zarasai group below<\/strong>:<\/p>\n\n\n\n<div class=\"wp-block-file\"><a id=\"wp-block-file--media-b176441c-c995-4945-abe2-1ef62175e128\" href=\"https:\/\/sites.uef.fi\/geonordbalt\/wp-content\/uploads\/sites\/385\/2023\/08\/Research-Report-Zarasai.pdf\">Research-Report-Zarasai<\/a><a href=\"https:\/\/sites.uef.fi\/geonordbalt\/wp-content\/uploads\/sites\/385\/2023\/08\/Research-Report-Zarasai.pdf\" class=\"wp-block-file__button wp-element-button\" download aria-describedby=\"wp-block-file--media-b176441c-c995-4945-abe2-1ef62175e128\">Download<\/a><\/div>\n\n\n\n<p><\/p>\n\n\n\n<h2 class=\"wp-block-heading\"><strong>Group work and Case Study Roki\u0161kis (Lithuania)<\/strong><\/h2>\n\n\n\n<p>Final presentation:<\/p>\n\n\n\n<div data-wp-interactive=\"core\/file\" class=\"wp-block-file\"><object data-wp-bind--hidden=\"!state.hasPdfPreview\" hidden class=\"wp-block-file__embed\" data=\"https:\/\/sites.uef.fi\/geonordbalt\/wp-content\/uploads\/sites\/385\/2023\/08\/Presentation_Rokiskis.pdf\" type=\"application\/pdf\" style=\"width:100%;height:600px\" aria-label=\"Embed of Presentation_Rokiskis.\"><\/object><a id=\"wp-block-file--media-31f30181-b8dc-42ad-9349-024a7db5f717\" href=\"https:\/\/sites.uef.fi\/geonordbalt\/wp-content\/uploads\/sites\/385\/2023\/08\/Presentation_Rokiskis.pdf\">Presentation_Rokiskis<\/a><a href=\"https:\/\/sites.uef.fi\/geonordbalt\/wp-content\/uploads\/sites\/385\/2023\/08\/Presentation_Rokiskis.pdf\" class=\"wp-block-file__button wp-element-button\" download aria-describedby=\"wp-block-file--media-31f30181-b8dc-42ad-9349-024a7db5f717\">Download<\/a><\/div>\n\n\n\n<p><\/p>\n\n\n\n<p><strong>You can download the full report of the <strong> Roki\u0161kis<\/strong>  group below<\/strong>:<\/p>\n\n\n\n<div class=\"wp-block-file\"><a id=\"wp-block-file--media-b4f32ef5-3fe3-42b8-9a67-002ea9b9090d\" href=\"https:\/\/sites.uef.fi\/geonordbalt\/wp-content\/uploads\/sites\/385\/2023\/08\/Final-report_Rokiskis_group_3.pdf\">Final-report_Rokiskis_group_3<\/a><a href=\"https:\/\/sites.uef.fi\/geonordbalt\/wp-content\/uploads\/sites\/385\/2023\/08\/Final-report_Rokiskis_group_3.pdf\" class=\"wp-block-file__button wp-element-button\" download aria-describedby=\"wp-block-file--media-b4f32ef5-3fe3-42b8-9a67-002ea9b9090d\">Download<\/a><\/div>\n\n\n\n<p><\/p>\n\n\n\n<h2 class=\"wp-block-heading\"><strong>Group work and Case Study Ignalina\/<strong>Pal\u016b\u0161\u0117<\/strong> (Lithuania)<\/strong><\/h2>\n\n\n\n<p>Final presentation:<\/p>\n\n\n\n<div data-wp-interactive=\"core\/file\" class=\"wp-block-file\"><object data-wp-bind--hidden=\"!state.hasPdfPreview\" hidden class=\"wp-block-file__embed\" data=\"https:\/\/sites.uef.fi\/geonordbalt\/wp-content\/uploads\/sites\/385\/2023\/08\/IGNALINA-Paluse-presentation.pdf\" type=\"application\/pdf\" style=\"width:100%;height:600px\" aria-label=\"Embed of IGNALINA-Paluse-presentation.\"><\/object><a id=\"wp-block-file--media-f8ec704b-08fc-46a6-8f7b-85de27706105\" href=\"https:\/\/sites.uef.fi\/geonordbalt\/wp-content\/uploads\/sites\/385\/2023\/08\/IGNALINA-Paluse-presentation.pdf\">IGNALINA-Paluse-presentation<\/a><a href=\"https:\/\/sites.uef.fi\/geonordbalt\/wp-content\/uploads\/sites\/385\/2023\/08\/IGNALINA-Paluse-presentation.pdf\" class=\"wp-block-file__button wp-element-button\" download aria-describedby=\"wp-block-file--media-f8ec704b-08fc-46a6-8f7b-85de27706105\">Download<\/a><\/div>\n\n\n\n<p><\/p>\n\n\n\n<p><strong>You can download the full report of the <strong> Ignalina\/Pal\u016b\u0161\u0117<\/strong>  group below<\/strong>:<\/p>\n\n\n\n<div class=\"wp-block-file\"><a id=\"wp-block-file--media-47f9004e-e900-4a50-8c01-555b90864ef1\" href=\"https:\/\/sites.uef.fi\/geonordbalt\/wp-content\/uploads\/sites\/385\/2023\/08\/Report_ignalina-1.pdf\">Report_ignalina-1<\/a><a href=\"https:\/\/sites.uef.fi\/geonordbalt\/wp-content\/uploads\/sites\/385\/2023\/08\/Report_ignalina-1.pdf\" class=\"wp-block-file__button wp-element-button\" download aria-describedby=\"wp-block-file--media-47f9004e-e900-4a50-8c01-555b90864ef1\">Download<\/a><\/div>\n","protected":false},"excerpt":{"rendered":"<p>Below you find the final presentations and reports from the 5 international student groups that were conducted in shrinking localities in Latvia and Lithuania during the GEONORDBALT Nord+ IP 2023. Group work and case Study Jekabpils (Latvia) Final presentation: You can download the full report of the Jekabpils group below: Group work and case study [&hellip;]<\/p>\n","protected":false},"author":855,"featured_media":0,"parent":434,"menu_order":0,"comment_status":"closed","ping_status":"closed","template":"","meta":{"_acf_changed":false,"footnotes":""},"class_list":["post-486","page","type-page","status-publish","hentry"],"acf":[],"yoast_head":"<!-- This site is optimized with the Yoast SEO plugin v27.3 - https:\/\/yoast.com\/product\/yoast-seo-wordpress\/ -->\n<title>Group Presentations &amp; Reports 2023 - GEONORDBALT<\/title>\n<meta name=\"robots\" content=\"index, follow, max-snippet:-1, max-image-preview:large, max-video-preview:-1\" \/>\n<link rel=\"canonical\" href=\"https:\/\/sites.uef.fi\/geonordbalt\/geonordbalt-ip-2023-lithuania-latvia\/group-presentations-reports-2023\/\" \/>\n<meta property=\"og:locale\" content=\"en_US\" \/>\n<meta property=\"og:type\" content=\"article\" \/>\n<meta property=\"og:title\" content=\"Group Presentations &amp; Reports 2023 - GEONORDBALT\" \/>\n<meta property=\"og:description\" content=\"Below you find the final presentations and reports from the 5 international student groups that were conducted in shrinking localities in Latvia and Lithuania during the GEONORDBALT Nord+ IP 2023. Group work and case Study Jekabpils (Latvia) Final presentation: You can download the full report of the Jekabpils group below: Group work and case study [&hellip;]\" \/>\n<meta property=\"og:url\" content=\"https:\/\/sites.uef.fi\/geonordbalt\/geonordbalt-ip-2023-lithuania-latvia\/group-presentations-reports-2023\/\" \/>\n<meta property=\"og:site_name\" content=\"GEONORDBALT\" \/>\n<meta property=\"article:modified_time\" content=\"2023-08-28T07:40:35+00:00\" \/>\n<meta name=\"twitter:card\" content=\"summary_large_image\" \/>\n<meta name=\"twitter:label1\" content=\"Est. reading time\" \/>\n\t<meta name=\"twitter:data1\" content=\"1 minute\" \/>\n<script type=\"application\/ld+json\" class=\"yoast-schema-graph\">{\"@context\":\"https:\\\/\\\/schema.org\",\"@graph\":[{\"@type\":\"WebPage\",\"@id\":\"https:\\\/\\\/sites.uef.fi\\\/geonordbalt\\\/geonordbalt-ip-2023-lithuania-latvia\\\/group-presentations-reports-2023\\\/\",\"url\":\"https:\\\/\\\/sites.uef.fi\\\/geonordbalt\\\/geonordbalt-ip-2023-lithuania-latvia\\\/group-presentations-reports-2023\\\/\",\"name\":\"Group Presentations &amp; Reports 2023 - GEONORDBALT\",\"isPartOf\":{\"@id\":\"https:\\\/\\\/sites.uef.fi\\\/geonordbalt\\\/#website\"},\"datePublished\":\"2023-08-24T09:44:08+00:00\",\"dateModified\":\"2023-08-28T07:40:35+00:00\",\"breadcrumb\":{\"@id\":\"https:\\\/\\\/sites.uef.fi\\\/geonordbalt\\\/geonordbalt-ip-2023-lithuania-latvia\\\/group-presentations-reports-2023\\\/#breadcrumb\"},\"inLanguage\":\"en-US\",\"potentialAction\":[{\"@type\":\"ReadAction\",\"target\":[\"https:\\\/\\\/sites.uef.fi\\\/geonordbalt\\\/geonordbalt-ip-2023-lithuania-latvia\\\/group-presentations-reports-2023\\\/\"]}]},{\"@type\":\"BreadcrumbList\",\"@id\":\"https:\\\/\\\/sites.uef.fi\\\/geonordbalt\\\/geonordbalt-ip-2023-lithuania-latvia\\\/group-presentations-reports-2023\\\/#breadcrumb\",\"itemListElement\":[{\"@type\":\"ListItem\",\"position\":1,\"name\":\"Home\",\"item\":\"https:\\\/\\\/sites.uef.fi\\\/geonordbalt\\\/\"},{\"@type\":\"ListItem\",\"position\":2,\"name\":\"GEONORDBALT\\\/Nord+ IP 2023 Lithuania\\\/Latvia\",\"item\":\"https:\\\/\\\/sites.uef.fi\\\/geonordbalt\\\/geonordbalt-ip-2023-lithuania-latvia\\\/\"},{\"@type\":\"ListItem\",\"position\":3,\"name\":\"Group Presentations &amp; Reports 2023\"}]},{\"@type\":\"WebSite\",\"@id\":\"https:\\\/\\\/sites.uef.fi\\\/geonordbalt\\\/#website\",\"url\":\"https:\\\/\\\/sites.uef.fi\\\/geonordbalt\\\/\",\"name\":\"GEONORDBALT\",\"description\":\"\",\"potentialAction\":[{\"@type\":\"SearchAction\",\"target\":{\"@type\":\"EntryPoint\",\"urlTemplate\":\"https:\\\/\\\/sites.uef.fi\\\/geonordbalt\\\/?s={search_term_string}\"},\"query-input\":{\"@type\":\"PropertyValueSpecification\",\"valueRequired\":true,\"valueName\":\"search_term_string\"}}],\"inLanguage\":\"en-US\"}]}<\/script>\n<!-- \/ Yoast SEO plugin. -->","yoast_head_json":{"title":"Group Presentations &amp; Reports 2023 - GEONORDBALT","robots":{"index":"index","follow":"follow","max-snippet":"max-snippet:-1","max-image-preview":"max-image-preview:large","max-video-preview":"max-video-preview:-1"},"canonical":"https:\/\/sites.uef.fi\/geonordbalt\/geonordbalt-ip-2023-lithuania-latvia\/group-presentations-reports-2023\/","og_locale":"en_US","og_type":"article","og_title":"Group Presentations &amp; Reports 2023 - GEONORDBALT","og_description":"Below you find the final presentations and reports from the 5 international student groups that were conducted in shrinking localities in Latvia and Lithuania during the GEONORDBALT Nord+ IP 2023. Group work and case Study Jekabpils (Latvia) Final presentation: You can download the full report of the Jekabpils group below: Group work and case study [&hellip;]","og_url":"https:\/\/sites.uef.fi\/geonordbalt\/geonordbalt-ip-2023-lithuania-latvia\/group-presentations-reports-2023\/","og_site_name":"GEONORDBALT","article_modified_time":"2023-08-28T07:40:35+00:00","twitter_card":"summary_large_image","twitter_misc":{"Est. reading time":"1 minute"},"schema":{"@context":"https:\/\/schema.org","@graph":[{"@type":"WebPage","@id":"https:\/\/sites.uef.fi\/geonordbalt\/geonordbalt-ip-2023-lithuania-latvia\/group-presentations-reports-2023\/","url":"https:\/\/sites.uef.fi\/geonordbalt\/geonordbalt-ip-2023-lithuania-latvia\/group-presentations-reports-2023\/","name":"Group Presentations &amp; Reports 2023 - GEONORDBALT","isPartOf":{"@id":"https:\/\/sites.uef.fi\/geonordbalt\/#website"},"datePublished":"2023-08-24T09:44:08+00:00","dateModified":"2023-08-28T07:40:35+00:00","breadcrumb":{"@id":"https:\/\/sites.uef.fi\/geonordbalt\/geonordbalt-ip-2023-lithuania-latvia\/group-presentations-reports-2023\/#breadcrumb"},"inLanguage":"en-US","potentialAction":[{"@type":"ReadAction","target":["https:\/\/sites.uef.fi\/geonordbalt\/geonordbalt-ip-2023-lithuania-latvia\/group-presentations-reports-2023\/"]}]},{"@type":"BreadcrumbList","@id":"https:\/\/sites.uef.fi\/geonordbalt\/geonordbalt-ip-2023-lithuania-latvia\/group-presentations-reports-2023\/#breadcrumb","itemListElement":[{"@type":"ListItem","position":1,"name":"Home","item":"https:\/\/sites.uef.fi\/geonordbalt\/"},{"@type":"ListItem","position":2,"name":"GEONORDBALT\/Nord+ IP 2023 Lithuania\/Latvia","item":"https:\/\/sites.uef.fi\/geonordbalt\/geonordbalt-ip-2023-lithuania-latvia\/"},{"@type":"ListItem","position":3,"name":"Group Presentations &amp; Reports 2023"}]},{"@type":"WebSite","@id":"https:\/\/sites.uef.fi\/geonordbalt\/#website","url":"https:\/\/sites.uef.fi\/geonordbalt\/","name":"GEONORDBALT","description":"","potentialAction":[{"@type":"SearchAction","target":{"@type":"EntryPoint","urlTemplate":"https:\/\/sites.uef.fi\/geonordbalt\/?s={search_term_string}"},"query-input":{"@type":"PropertyValueSpecification","valueRequired":true,"valueName":"search_term_string"}}],"inLanguage":"en-US"}]}},"_links":{"self":[{"href":"https:\/\/sites.uef.fi\/geonordbalt\/wp-json\/wp\/v2\/pages\/486","targetHints":{"allow":["GET"]}}],"collection":[{"href":"https:\/\/sites.uef.fi\/geonordbalt\/wp-json\/wp\/v2\/pages"}],"about":[{"href":"https:\/\/sites.uef.fi\/geonordbalt\/wp-json\/wp\/v2\/types\/page"}],"author":[{"embeddable":true,"href":"https:\/\/sites.uef.fi\/geonordbalt\/wp-json\/wp\/v2\/users\/855"}],"replies":[{"embeddable":true,"href":"https:\/\/sites.uef.fi\/geonordbalt\/wp-json\/wp\/v2\/comments?post=486"}],"version-history":[{"count":1,"href":"https:\/\/sites.uef.fi\/geonordbalt\/wp-json\/wp\/v2\/pages\/486\/revisions"}],"predecessor-version":[{"id":565,"href":"https:\/\/sites.uef.fi\/geonordbalt\/wp-json\/wp\/v2\/pages\/486\/revisions\/565"}],"up":[{"embeddable":true,"href":"https:\/\/sites.uef.fi\/geonordbalt\/wp-json\/wp\/v2\/pages\/434"}],"wp:attachment":[{"href":"https:\/\/sites.uef.fi\/geonordbalt\/wp-json\/wp\/v2\/media?parent=486"}],"curies":[{"name":"wp","href":"https:\/\/api.w.org\/{rel}","templated":true}]}}