{"id":109,"date":"2022-12-05T10:41:03","date_gmt":"2022-12-05T08:41:03","guid":{"rendered":"https:\/\/sites.uef.fi\/gin-symposium2023\/?page_id=109"},"modified":"2023-03-14T18:26:27","modified_gmt":"2023-03-14T16:26:27","slug":"program","status":"publish","type":"page","link":"https:\/\/sites.uef.fi\/gin-symposium2023\/program\/","title":{"rendered":"Program"},"content":{"rendered":"\n<figure class=\"wp-block-pullquote has-border-color has-vivid-purple-border-color\"><blockquote><p>The 1<sup>st<\/sup>&nbsp;Genomics-Informed Nursing Symposium will be organized  in collaboration with University of Eastern Finland, Faculty of Health Sciences, Department of Nursing Science and Tampere University of Applied Sciences and GenoNurse Project.<\/p><cite><em>on March 15-16, 2023 in Kuopio, Finland<\/em><\/cite><\/blockquote><\/figure>\n\n\n\n<p class=\"has-text-align-center has-medium-font-size\"><strong>Venue: Medistudia, Yliopistonranta 1 A, Room MS301 Auditorium<\/strong><\/p>\n\n\n\n<hr class=\"wp-block-separator has-alpha-channel-opacity is-style-wide\" \/>\n\n\n\n<h2 class=\"wp-block-heading\"><strong>Program<\/strong><br><strong>Day 1 &#8211; Wednesday 15<sup>th<\/sup> March 2023<\/strong>, <strong>Eastern European Time (EET)<\/strong><\/h2>\n\n\n\n<figure class=\"wp-block-table alignleft\"><table><tbody><tr><td><strong>8.30-9.45<\/strong><\/td><td><strong>Registration on-site and online admission<\/strong><\/td><\/tr><tr><td><strong>10:00-10:15<\/strong><\/td><td><strong>Welcome Remarks<\/strong><br>Dean Jussi Pihlajam\u00e4ki, University of Eastern Finland<br>Professor Katri Vehvil\u00e4inen-Julkunen, University of Eastern Finland<\/td><\/tr><tr><td><strong>10.15-10.45<\/strong><\/td><td><strong>Keynote Speaker 1: Genomics in Finland &#8211; Where are we now and where do we see Finland in the future?<\/strong><br>Research Professor Perola Markus, Finnish Institute for Health and Welfare<\/td><\/tr><tr><td><strong>10.45-11.15<\/strong><\/td><td><strong>Keynote Speaker 2: Integration of Genomics in Nursing Education<\/strong><br>Associate Professor Emma Tonkin, Faculty of Life Sciences and Education; University of South Wales, UK<\/td><\/tr><tr><td><strong>11.15-11:45<\/strong><\/td><td><strong>Importance of collaboration in advancing genomics<\/strong><br>RDI specialist Dr. Maria Salomaa, Tampere University of Applied Sciences<\/td><\/tr><tr><td><strong>11:45-13.00<\/strong><\/td><td><strong>Lunch Break (self-paid)<\/strong><\/td><\/tr><tr><td><strong>13.00-13.30<\/strong><\/td><td><strong>Presentation 1: Precision medicine revolutionizing clinical work<\/strong><br>Adjunct Professor, Research Director Eino Solje, University of Eastern Finland<\/td><\/tr><tr><td><strong>13.30-14.30<\/strong><\/td><td><strong>Keynote Speaker 3: Genomic translation into nursing education and practice<\/strong><br>Dr. Kathleen Calzone, Research Geneticist and Head of the Genomic Healthcare Section in the Genetics Branch, Center for Cancer Research, National Cancer Institute, National Institutes of Health, USA<\/td><\/tr><tr><td><strong>14:30-14:45<\/strong><\/td><td><strong>Coffee Break<\/strong><\/td><\/tr><tr><td><strong>14.45-15.15<\/strong><\/td><td><strong>Presentation 2: Genetic-genomic education for nurses<\/strong><br>Associate Professor Linda D. Ward, Clemson University School of Nursing, USA<\/td><\/tr><tr><td><strong>15.15-17.15<\/strong><\/td><td><strong>Workshop: Storytelling as a Method in Genomics-Informed Nursing Education&nbsp;<\/strong><br>Associate Professor Emma Tonkin, Faculty of Life Sciences and Education; University of South Wales, UK<br>Dr Rhian Morgan, Education and Engagement Manager, Wales Gene Park, UK<br><em>Workshop Facilitators<\/em><\/td><\/tr><tr><td><\/td><td><\/td><\/tr><\/tbody><\/table><\/figure>\n\n\n\n<h2 class=\"wp-block-heading\"><strong><u>Day 2 &#8211; Thursday, 16<sup>th<\/sup> March 2023<\/u><\/strong>, <strong>Eastern European Time (EET)<\/strong><\/h2>\n\n\n\n<figure class=\"wp-block-table\"><table><tbody><tr><td><strong>9.00-9.15<\/strong><\/td><td><strong>Registration onsite and online admission<\/strong><\/td><\/tr><tr><td><strong>9.15-10.15<\/strong><\/td><td><strong>Keynote Speaker 4: Storytelling in genomic informed nursing care<\/strong><br>Associate Professor Emma Tonkin, Faculty of Life Sciences and Education; University of South Wales, UK <\/td><\/tr><tr><td><strong>10.15-10.30<\/strong><\/td><td><strong>Coffee Break<\/strong><\/td><\/tr><tr><td><strong>10.30-11.00<\/strong><\/td><td><strong>Presentation 3: Genomics Curriculum Development: Case TAMK<\/strong><br>Adjunct Professor, Principal Lecturer Arja Halkoaho, University of Eastern Finland, Tampere University of Applied Sciences<\/td><\/tr><tr><td><strong>11:00-11:15<\/strong><\/td><td><strong>Research Presentation 1: &nbsp;Ethical aspects of genomics in nursing<\/strong><br>Doctoral researcher, Senior Lecturer Mari Laaksonen, Tampere University, Tampere University of Applied Sciences<br>&nbsp;<\/td><\/tr><tr><td><strong>11:15-11:30<\/strong><\/td><td><strong>Research Presentation 2: &nbsp;Ethical aspects in longitudinal studies<\/strong><br>Doctoral Researcher, Senior Lecturer Nina Smolander,<br>University of Eastern Finland, Tampere University of Applied<br>Science<\/td><\/tr><tr><td><strong>11:30-11:45<\/strong><\/td><td><strong>Research Presentation 3: Effectiveness of web-based genomics nursing education intervention for undergraduate nursing students: a randomized controlled trial&nbsp;<\/strong><br>Doctoral researcher, Project Researcher Anndra Parviainen, University of Eastern Finland<\/td><\/tr><tr><td><strong>11:45-12:00<\/strong><\/td><td><strong>Research Presentation 4: Genomic risk perceptions of multifactorial disease<\/strong><br>Doctoral researcher, Senior Lecturer Elisa Airikkala, Tampere University, Tampere University of Applied Sciences<\/td><\/tr><tr><td><strong>12.00-13.00<\/strong><\/td><td><strong>Lunch Break (self-paid)<\/strong><\/td><\/tr><tr><td><strong>13.00-13.30<\/strong><\/td><td><strong>Presentation 4: Clinical Practice \u2013 Nurse&#8217;s expertise in supporting patients with a genetic condition<\/strong><br>Mari V\u00e4\u00e4t\u00e4inen, RN, Clinically specialized nurse, genetics nurse, Kuopio University Hospital <\/td><\/tr><tr><td><strong>13.30-14:45<\/strong><\/td><td><strong>Panel Discussion: What we have learnt? Closing the day<\/strong><br><strong>Panel hosts: <\/strong>Nina Smolander, UEF, TAMK<br><strong>Panel Members:<\/strong><br>Emma Tonkin, University of South Wales, UK<br>Arja Halkoaho, TAMK<br>Dr. Maria Salomaa, RDI specialist, TAMK<br>Katri Vehvil\u00e4inen-Julkunen, UEF<br>Anndra Parviainen,UEF<\/td><\/tr><tr><td><strong>14:45-15:00<\/strong><\/td><td><strong>Closing Remarks \u2013 Moving forward!<\/strong><br>Professor Katri Vehvil\u00e4inen-Julkunen, UEF<\/td><\/tr><tr><td><strong>15:00&nbsp;<\/strong><\/td><td><strong>Closing Coffee<\/strong><\/td><\/tr><\/tbody><\/table><\/figure>\n","protected":false},"excerpt":{"rendered":"<p>The 1st&nbsp;Genomics-Informed Nursing Symposium will be organized in collaboration with University of Eastern Finland, Faculty of Health Sciences, Department of Nursing Science and Tampere University of Applied Sciences and GenoNurse Project. on March 15-16, 2023 in Kuopio, Finland Venue: Medistudia, Yliopistonranta 1 A, Room MS301 Auditorium ProgramDay 1 &#8211; Wednesday 15th March 2023, Eastern European [&hellip;]<\/p>\n","protected":false},"author":902,"featured_media":0,"parent":0,"menu_order":0,"comment_status":"closed","ping_status":"closed","template":"","meta":{"_acf_changed":false,"footnotes":""},"class_list":["post-109","page","type-page","status-publish","hentry"],"acf":[],"yoast_head":"<!-- This site is optimized with the Yoast SEO plugin v27.1.1 - https:\/\/yoast.com\/product\/yoast-seo-wordpress\/ -->\n<title>Program - Genomics-Informed Nursing Symposium 2023<\/title>\n<meta name=\"robots\" content=\"index, follow, max-snippet:-1, max-image-preview:large, max-video-preview:-1\" \/>\n<link rel=\"canonical\" href=\"https:\/\/sites.uef.fi\/gin-symposium2023\/program\/\" \/>\n<meta property=\"og:locale\" content=\"en_US\" \/>\n<meta property=\"og:type\" content=\"article\" \/>\n<meta property=\"og:title\" content=\"Program - Genomics-Informed Nursing Symposium 2023\" \/>\n<meta property=\"og:description\" content=\"The 1st&nbsp;Genomics-Informed Nursing Symposium will be organized in collaboration with University of Eastern Finland, Faculty of Health Sciences, Department of Nursing Science and Tampere University of Applied Sciences and GenoNurse Project. on March 15-16, 2023 in Kuopio, Finland Venue: Medistudia, Yliopistonranta 1 A, Room MS301 Auditorium ProgramDay 1 &#8211; Wednesday 15th March 2023, Eastern European [&hellip;]\" \/>\n<meta property=\"og:url\" content=\"https:\/\/sites.uef.fi\/gin-symposium2023\/program\/\" \/>\n<meta property=\"og:site_name\" content=\"Genomics-Informed Nursing Symposium 2023\" \/>\n<meta property=\"article:modified_time\" content=\"2023-03-14T16:26:27+00:00\" \/>\n<meta name=\"twitter:card\" content=\"summary_large_image\" \/>\n<meta name=\"twitter:label1\" content=\"Est. reading time\" \/>\n\t<meta name=\"twitter:data1\" content=\"2 minutes\" \/>\n<script type=\"application\/ld+json\" class=\"yoast-schema-graph\">{\"@context\":\"https:\/\/schema.org\",\"@graph\":[{\"@type\":\"WebPage\",\"@id\":\"https:\/\/sites.uef.fi\/gin-symposium2023\/program\/\",\"url\":\"https:\/\/sites.uef.fi\/gin-symposium2023\/program\/\",\"name\":\"Program - Genomics-Informed Nursing Symposium 2023\",\"isPartOf\":{\"@id\":\"https:\/\/sites.uef.fi\/gin-symposium2023\/#website\"},\"datePublished\":\"2022-12-05T08:41:03+00:00\",\"dateModified\":\"2023-03-14T16:26:27+00:00\",\"breadcrumb\":{\"@id\":\"https:\/\/sites.uef.fi\/gin-symposium2023\/program\/#breadcrumb\"},\"inLanguage\":\"en-US\",\"potentialAction\":[{\"@type\":\"ReadAction\",\"target\":[\"https:\/\/sites.uef.fi\/gin-symposium2023\/program\/\"]}]},{\"@type\":\"BreadcrumbList\",\"@id\":\"https:\/\/sites.uef.fi\/gin-symposium2023\/program\/#breadcrumb\",\"itemListElement\":[{\"@type\":\"ListItem\",\"position\":1,\"name\":\"Home\",\"item\":\"https:\/\/sites.uef.fi\/gin-symposium2023\/\"},{\"@type\":\"ListItem\",\"position\":2,\"name\":\"Program\"}]},{\"@type\":\"WebSite\",\"@id\":\"https:\/\/sites.uef.fi\/gin-symposium2023\/#website\",\"url\":\"https:\/\/sites.uef.fi\/gin-symposium2023\/\",\"name\":\"Genomics-Informed Nursing Symposium 2023\",\"description\":\"\",\"publisher\":{\"@id\":\"https:\/\/sites.uef.fi\/gin-symposium2023\/#organization\"},\"potentialAction\":[{\"@type\":\"SearchAction\",\"target\":{\"@type\":\"EntryPoint\",\"urlTemplate\":\"https:\/\/sites.uef.fi\/gin-symposium2023\/?s={search_term_string}\"},\"query-input\":{\"@type\":\"PropertyValueSpecification\",\"valueRequired\":true,\"valueName\":\"search_term_string\"}}],\"inLanguage\":\"en-US\"},{\"@type\":\"Organization\",\"@id\":\"https:\/\/sites.uef.fi\/gin-symposium2023\/#organization\",\"name\":\"Genomics-Informed Nursing Symposium 2023\",\"url\":\"https:\/\/sites.uef.fi\/gin-symposium2023\/\",\"logo\":{\"@type\":\"ImageObject\",\"inLanguage\":\"en-US\",\"@id\":\"https:\/\/sites.uef.fi\/gin-symposium2023\/#\/schema\/logo\/image\/\",\"url\":\"https:\/\/sites.uef.fi\/gin-symposium2023\/wp-content\/uploads\/sites\/399\/2022\/12\/cropped-UEF_wordpress_white.png\",\"contentUrl\":\"https:\/\/sites.uef.fi\/gin-symposium2023\/wp-content\/uploads\/sites\/399\/2022\/12\/cropped-UEF_wordpress_white.png\",\"width\":250,\"height\":250,\"caption\":\"Genomics-Informed Nursing Symposium 2023\"},\"image\":{\"@id\":\"https:\/\/sites.uef.fi\/gin-symposium2023\/#\/schema\/logo\/image\/\"}}]}<\/script>\n<!-- \/ Yoast SEO plugin. -->","yoast_head_json":{"title":"Program - Genomics-Informed Nursing Symposium 2023","robots":{"index":"index","follow":"follow","max-snippet":"max-snippet:-1","max-image-preview":"max-image-preview:large","max-video-preview":"max-video-preview:-1"},"canonical":"https:\/\/sites.uef.fi\/gin-symposium2023\/program\/","og_locale":"en_US","og_type":"article","og_title":"Program - Genomics-Informed Nursing Symposium 2023","og_description":"The 1st&nbsp;Genomics-Informed Nursing Symposium will be organized in collaboration with University of Eastern Finland, Faculty of Health Sciences, Department of Nursing Science and Tampere University of Applied Sciences and GenoNurse Project. on March 15-16, 2023 in Kuopio, Finland Venue: Medistudia, Yliopistonranta 1 A, Room MS301 Auditorium ProgramDay 1 &#8211; Wednesday 15th March 2023, Eastern European [&hellip;]","og_url":"https:\/\/sites.uef.fi\/gin-symposium2023\/program\/","og_site_name":"Genomics-Informed Nursing Symposium 2023","article_modified_time":"2023-03-14T16:26:27+00:00","twitter_card":"summary_large_image","twitter_misc":{"Est. reading time":"2 minutes"},"schema":{"@context":"https:\/\/schema.org","@graph":[{"@type":"WebPage","@id":"https:\/\/sites.uef.fi\/gin-symposium2023\/program\/","url":"https:\/\/sites.uef.fi\/gin-symposium2023\/program\/","name":"Program - Genomics-Informed Nursing Symposium 2023","isPartOf":{"@id":"https:\/\/sites.uef.fi\/gin-symposium2023\/#website"},"datePublished":"2022-12-05T08:41:03+00:00","dateModified":"2023-03-14T16:26:27+00:00","breadcrumb":{"@id":"https:\/\/sites.uef.fi\/gin-symposium2023\/program\/#breadcrumb"},"inLanguage":"en-US","potentialAction":[{"@type":"ReadAction","target":["https:\/\/sites.uef.fi\/gin-symposium2023\/program\/"]}]},{"@type":"BreadcrumbList","@id":"https:\/\/sites.uef.fi\/gin-symposium2023\/program\/#breadcrumb","itemListElement":[{"@type":"ListItem","position":1,"name":"Home","item":"https:\/\/sites.uef.fi\/gin-symposium2023\/"},{"@type":"ListItem","position":2,"name":"Program"}]},{"@type":"WebSite","@id":"https:\/\/sites.uef.fi\/gin-symposium2023\/#website","url":"https:\/\/sites.uef.fi\/gin-symposium2023\/","name":"Genomics-Informed Nursing Symposium 2023","description":"","publisher":{"@id":"https:\/\/sites.uef.fi\/gin-symposium2023\/#organization"},"potentialAction":[{"@type":"SearchAction","target":{"@type":"EntryPoint","urlTemplate":"https:\/\/sites.uef.fi\/gin-symposium2023\/?s={search_term_string}"},"query-input":{"@type":"PropertyValueSpecification","valueRequired":true,"valueName":"search_term_string"}}],"inLanguage":"en-US"},{"@type":"Organization","@id":"https:\/\/sites.uef.fi\/gin-symposium2023\/#organization","name":"Genomics-Informed Nursing Symposium 2023","url":"https:\/\/sites.uef.fi\/gin-symposium2023\/","logo":{"@type":"ImageObject","inLanguage":"en-US","@id":"https:\/\/sites.uef.fi\/gin-symposium2023\/#\/schema\/logo\/image\/","url":"https:\/\/sites.uef.fi\/gin-symposium2023\/wp-content\/uploads\/sites\/399\/2022\/12\/cropped-UEF_wordpress_white.png","contentUrl":"https:\/\/sites.uef.fi\/gin-symposium2023\/wp-content\/uploads\/sites\/399\/2022\/12\/cropped-UEF_wordpress_white.png","width":250,"height":250,"caption":"Genomics-Informed Nursing Symposium 2023"},"image":{"@id":"https:\/\/sites.uef.fi\/gin-symposium2023\/#\/schema\/logo\/image\/"}}]}},"_links":{"self":[{"href":"https:\/\/sites.uef.fi\/gin-symposium2023\/wp-json\/wp\/v2\/pages\/109","targetHints":{"allow":["GET"]}}],"collection":[{"href":"https:\/\/sites.uef.fi\/gin-symposium2023\/wp-json\/wp\/v2\/pages"}],"about":[{"href":"https:\/\/sites.uef.fi\/gin-symposium2023\/wp-json\/wp\/v2\/types\/page"}],"author":[{"embeddable":true,"href":"https:\/\/sites.uef.fi\/gin-symposium2023\/wp-json\/wp\/v2\/users\/902"}],"replies":[{"embeddable":true,"href":"https:\/\/sites.uef.fi\/gin-symposium2023\/wp-json\/wp\/v2\/comments?post=109"}],"version-history":[{"count":1,"href":"https:\/\/sites.uef.fi\/gin-symposium2023\/wp-json\/wp\/v2\/pages\/109\/revisions"}],"predecessor-version":[{"id":355,"href":"https:\/\/sites.uef.fi\/gin-symposium2023\/wp-json\/wp\/v2\/pages\/109\/revisions\/355"}],"wp:attachment":[{"href":"https:\/\/sites.uef.fi\/gin-symposium2023\/wp-json\/wp\/v2\/media?parent=109"}],"curies":[{"name":"wp","href":"https:\/\/api.w.org\/{rel}","templated":true}]}}