{"id":201,"date":"2021-11-02T12:38:25","date_gmt":"2021-11-02T09:38:25","guid":{"rendered":"https:\/\/sites.uef.fi\/globalfoodnet\/?page_id=201"},"modified":"2024-01-22T11:16:42","modified_gmt":"2024-01-22T09:16:42","slug":"quienes-somos","status":"publish","type":"page","link":"https:\/\/sites.uef.fi\/globalfoodnet\/quienes-somos\/?lang=es","title":{"rendered":"QUI\u00c9NES SOMOS"},"content":{"rendered":"\n<p>Global Foodnet re\u00fane a innovadores alimentarios de Kenia, \u00c1frica del Sur, Per\u00fa y Finlandia para el desarrollo de productos alimenticios a partir de alimentos y conocimiento nativos.<\/p>\n\n\n\n<p>Global Foodnet est\u00e1 formada por la <a href=\"http:\/\/www.uef.fi\/\" target=\"_blank\" rel=\"noreferrer noopener\">Universidad de Finlandia Oriental<\/a>, <a href=\"https:\/\/www.facebook.com\/Ciinca-Centro-de-Investigaci%C3%B3n-e-Innovaci%C3%B3n-en-Granos-Andinos-2039508836284462\/?ref=page_internal\" target=\"_blank\" rel=\"noreferrer noopener\">el Centro de Investigaci\u00f3n e Innovaci\u00f3n en Granos Andinos<\/a> en la <a href=\"http:\/\/www.lamolina.edu.pe\/\" target=\"_blank\" rel=\"noreferrer noopener\">Universidad Nacional Agraria La Molina<\/a>, <a href=\"https:\/\/www.tut.ac.za\/\" target=\"_blank\" rel=\"noreferrer noopener\">la Universidad Tecnol\u00f3gica de Tschwane,<\/a> <a href=\"https:\/\/www.jkuat.ac.ke\/\" target=\"_blank\" rel=\"noreferrer noopener\">la Universidad de Agricultura y Tecnolog\u00eda Jomo Kenyatta<\/a>, <a href=\"https:\/\/ui-global.com\/\" target=\"_blank\" rel=\"noreferrer noopener\">UI Global<\/a> y la <a href=\"https:\/\/www.nepadsanbio.org\/\" target=\"_blank\" rel=\"noreferrer noopener\">Red Sudafricana de Biociencias<\/a> (SANBio).<\/p>\n\n\n\n<p>Global Foodnet comparte historias de innovaci\u00f3n alimentaria a partir de alimentos y conocimiento nativos. Global Foodnet ha recibido financiaci\u00f3n gracias a la beca <a rel=\"noreferrer noopener\" href=\"https:\/\/www.unipid.fi\/finceal\/what-is-finceal\/\" target=\"_blank\">FinCEAL Plus Bridges<\/a> Partnership Support Grant, coordinada por la <a rel=\"noreferrer noopener\" href=\"http:\/\/www.unipid.fi\" target=\"_blank\">asociaci\u00f3n de universidades finlandesas para el desarrollo internacional <\/a>(UniPID)<\/p>\n\n\n\n<figure class=\"wp-block-image size-large\"><img loading=\"lazy\" decoding=\"async\" width=\"1024\" height=\"576\" src=\"https:\/\/sites.uef.fi\/globalfoodnet\/wp-content\/uploads\/sites\/308\/2021\/10\/globalfoodnet_logos-1024x576.jpg\" alt=\"\" class=\"wp-image-200\" srcset=\"https:\/\/sites.uef.fi\/globalfoodnet\/wp-content\/uploads\/sites\/308\/2021\/10\/globalfoodnet_logos-1024x576.jpg 1024w, https:\/\/sites.uef.fi\/globalfoodnet\/wp-content\/uploads\/sites\/308\/2021\/10\/globalfoodnet_logos-300x169.jpg 300w, https:\/\/sites.uef.fi\/globalfoodnet\/wp-content\/uploads\/sites\/308\/2021\/10\/globalfoodnet_logos-768x432.jpg 768w, https:\/\/sites.uef.fi\/globalfoodnet\/wp-content\/uploads\/sites\/308\/2021\/10\/globalfoodnet_logos.jpg 1280w\" sizes=\"auto, (max-width: 1024px) 100vw, 1024px\" \/><\/figure>\n","protected":false},"excerpt":{"rendered":"<p>Global Foodnet re\u00fane a innovadores alimentarios de Kenia, \u00c1frica del Sur, Per\u00fa y Finlandia para el desarrollo de productos alimenticios a partir de alimentos y conocimiento nativos. Global Foodnet est\u00e1 formada por la Universidad de Finlandia Oriental, el Centro de Investigaci\u00f3n e Innovaci\u00f3n en Granos Andinos en la Universidad Nacional Agraria La Molina, la Universidad [&hellip;]<\/p>\n","protected":false},"author":587,"featured_media":0,"parent":0,"menu_order":0,"comment_status":"closed","ping_status":"closed","template":"","meta":{"_acf_changed":false,"footnotes":""},"class_list":["post-201","page","type-page","status-publish","hentry"],"acf":[],"yoast_head":"<!-- This site is optimized with the Yoast SEO plugin v27.3 - https:\/\/yoast.com\/product\/yoast-seo-wordpress\/ -->\n<title>QUI\u00c9NES SOMOS - Global Foodnet<\/title>\n<meta name=\"robots\" content=\"index, follow, max-snippet:-1, max-image-preview:large, max-video-preview:-1\" \/>\n<link rel=\"canonical\" href=\"https:\/\/sites.uef.fi\/globalfoodnet\/?lang=es\" \/>\n<meta property=\"og:locale\" content=\"en_US\" \/>\n<meta property=\"og:type\" content=\"article\" \/>\n<meta property=\"og:title\" content=\"QUI\u00c9NES SOMOS - Global Foodnet\" \/>\n<meta property=\"og:description\" content=\"Global Foodnet re\u00fane a innovadores alimentarios de Kenia, \u00c1frica del Sur, Per\u00fa y Finlandia para el desarrollo de productos alimenticios a partir de alimentos y conocimiento nativos. Global Foodnet est\u00e1 formada por la Universidad de Finlandia Oriental, el Centro de Investigaci\u00f3n e Innovaci\u00f3n en Granos Andinos en la Universidad Nacional Agraria La Molina, la Universidad [&hellip;]\" \/>\n<meta property=\"og:url\" content=\"https:\/\/sites.uef.fi\/globalfoodnet\/?lang=es\" \/>\n<meta property=\"og:site_name\" content=\"Global Foodnet\" \/>\n<meta property=\"article:modified_time\" content=\"2024-01-22T09:16:42+00:00\" \/>\n<meta property=\"og:image\" content=\"https:\/\/sites.uef.fi\/globalfoodnet\/wp-content\/uploads\/sites\/308\/2021\/10\/globalfoodnet_logos-1024x576.jpg\" \/>\n<meta name=\"twitter:card\" content=\"summary_large_image\" \/>\n<meta name=\"twitter:label1\" content=\"Est. reading time\" \/>\n\t<meta name=\"twitter:data1\" content=\"1 minute\" \/>\n<script type=\"application\/ld+json\" class=\"yoast-schema-graph\">{\"@context\":\"https:\\\/\\\/schema.org\",\"@graph\":[{\"@type\":\"WebPage\",\"@id\":\"https:\\\/\\\/sites.uef.fi\\\/globalfoodnet\\\/?lang=es\",\"url\":\"https:\\\/\\\/sites.uef.fi\\\/globalfoodnet\\\/?lang=es\",\"name\":\"QUI\u00c9NES SOMOS - Global Foodnet\",\"isPartOf\":{\"@id\":\"https:\\\/\\\/sites.uef.fi\\\/globalfoodnet\\\/#website\"},\"primaryImageOfPage\":{\"@id\":\"https:\\\/\\\/sites.uef.fi\\\/globalfoodnet\\\/?lang=es#primaryimage\"},\"image\":{\"@id\":\"https:\\\/\\\/sites.uef.fi\\\/globalfoodnet\\\/?lang=es#primaryimage\"},\"thumbnailUrl\":\"https:\\\/\\\/sites.uef.fi\\\/globalfoodnet\\\/wp-content\\\/uploads\\\/sites\\\/308\\\/2021\\\/10\\\/globalfoodnet_logos-1024x576.jpg\",\"datePublished\":\"2021-11-02T09:38:25+00:00\",\"dateModified\":\"2024-01-22T09:16:42+00:00\",\"breadcrumb\":{\"@id\":\"https:\\\/\\\/sites.uef.fi\\\/globalfoodnet\\\/?lang=es#breadcrumb\"},\"inLanguage\":\"en-US\",\"potentialAction\":[{\"@type\":\"ReadAction\",\"target\":[\"https:\\\/\\\/sites.uef.fi\\\/globalfoodnet\\\/?lang=es\"]}]},{\"@type\":\"ImageObject\",\"inLanguage\":\"en-US\",\"@id\":\"https:\\\/\\\/sites.uef.fi\\\/globalfoodnet\\\/?lang=es#primaryimage\",\"url\":\"https:\\\/\\\/sites.uef.fi\\\/globalfoodnet\\\/wp-content\\\/uploads\\\/sites\\\/308\\\/2021\\\/10\\\/globalfoodnet_logos.jpg\",\"contentUrl\":\"https:\\\/\\\/sites.uef.fi\\\/globalfoodnet\\\/wp-content\\\/uploads\\\/sites\\\/308\\\/2021\\\/10\\\/globalfoodnet_logos.jpg\",\"width\":1280,\"height\":720,\"caption\":\"Global Foodnet Partner Logos\"},{\"@type\":\"BreadcrumbList\",\"@id\":\"https:\\\/\\\/sites.uef.fi\\\/globalfoodnet\\\/?lang=es#breadcrumb\",\"itemListElement\":[{\"@type\":\"ListItem\",\"position\":1,\"name\":\"Home\",\"item\":\"https:\\\/\\\/sites.uef.fi\\\/globalfoodnet\\\/\"},{\"@type\":\"ListItem\",\"position\":2,\"name\":\"QUI\u00c9NES SOMOS\"}]},{\"@type\":\"WebSite\",\"@id\":\"https:\\\/\\\/sites.uef.fi\\\/globalfoodnet\\\/#website\",\"url\":\"https:\\\/\\\/sites.uef.fi\\\/globalfoodnet\\\/\",\"name\":\"Global Foodnet\",\"description\":\"\",\"potentialAction\":[{\"@type\":\"SearchAction\",\"target\":{\"@type\":\"EntryPoint\",\"urlTemplate\":\"https:\\\/\\\/sites.uef.fi\\\/globalfoodnet\\\/?s={search_term_string}\"},\"query-input\":{\"@type\":\"PropertyValueSpecification\",\"valueRequired\":true,\"valueName\":\"search_term_string\"}}],\"inLanguage\":\"en-US\"}]}<\/script>\n<!-- \/ Yoast SEO plugin. -->","yoast_head_json":{"title":"QUI\u00c9NES SOMOS - Global Foodnet","robots":{"index":"index","follow":"follow","max-snippet":"max-snippet:-1","max-image-preview":"max-image-preview:large","max-video-preview":"max-video-preview:-1"},"canonical":"https:\/\/sites.uef.fi\/globalfoodnet\/?lang=es","og_locale":"en_US","og_type":"article","og_title":"QUI\u00c9NES SOMOS - Global Foodnet","og_description":"Global Foodnet re\u00fane a innovadores alimentarios de Kenia, \u00c1frica del Sur, Per\u00fa y Finlandia para el desarrollo de productos alimenticios a partir de alimentos y conocimiento nativos. Global Foodnet est\u00e1 formada por la Universidad de Finlandia Oriental, el Centro de Investigaci\u00f3n e Innovaci\u00f3n en Granos Andinos en la Universidad Nacional Agraria La Molina, la Universidad [&hellip;]","og_url":"https:\/\/sites.uef.fi\/globalfoodnet\/?lang=es","og_site_name":"Global Foodnet","article_modified_time":"2024-01-22T09:16:42+00:00","og_image":[{"url":"https:\/\/sites.uef.fi\/globalfoodnet\/wp-content\/uploads\/sites\/308\/2021\/10\/globalfoodnet_logos-1024x576.jpg","type":"","width":"","height":""}],"twitter_card":"summary_large_image","twitter_misc":{"Est. reading time":"1 minute"},"schema":{"@context":"https:\/\/schema.org","@graph":[{"@type":"WebPage","@id":"https:\/\/sites.uef.fi\/globalfoodnet\/?lang=es","url":"https:\/\/sites.uef.fi\/globalfoodnet\/?lang=es","name":"QUI\u00c9NES SOMOS - Global Foodnet","isPartOf":{"@id":"https:\/\/sites.uef.fi\/globalfoodnet\/#website"},"primaryImageOfPage":{"@id":"https:\/\/sites.uef.fi\/globalfoodnet\/?lang=es#primaryimage"},"image":{"@id":"https:\/\/sites.uef.fi\/globalfoodnet\/?lang=es#primaryimage"},"thumbnailUrl":"https:\/\/sites.uef.fi\/globalfoodnet\/wp-content\/uploads\/sites\/308\/2021\/10\/globalfoodnet_logos-1024x576.jpg","datePublished":"2021-11-02T09:38:25+00:00","dateModified":"2024-01-22T09:16:42+00:00","breadcrumb":{"@id":"https:\/\/sites.uef.fi\/globalfoodnet\/?lang=es#breadcrumb"},"inLanguage":"en-US","potentialAction":[{"@type":"ReadAction","target":["https:\/\/sites.uef.fi\/globalfoodnet\/?lang=es"]}]},{"@type":"ImageObject","inLanguage":"en-US","@id":"https:\/\/sites.uef.fi\/globalfoodnet\/?lang=es#primaryimage","url":"https:\/\/sites.uef.fi\/globalfoodnet\/wp-content\/uploads\/sites\/308\/2021\/10\/globalfoodnet_logos.jpg","contentUrl":"https:\/\/sites.uef.fi\/globalfoodnet\/wp-content\/uploads\/sites\/308\/2021\/10\/globalfoodnet_logos.jpg","width":1280,"height":720,"caption":"Global Foodnet Partner Logos"},{"@type":"BreadcrumbList","@id":"https:\/\/sites.uef.fi\/globalfoodnet\/?lang=es#breadcrumb","itemListElement":[{"@type":"ListItem","position":1,"name":"Home","item":"https:\/\/sites.uef.fi\/globalfoodnet\/"},{"@type":"ListItem","position":2,"name":"QUI\u00c9NES SOMOS"}]},{"@type":"WebSite","@id":"https:\/\/sites.uef.fi\/globalfoodnet\/#website","url":"https:\/\/sites.uef.fi\/globalfoodnet\/","name":"Global Foodnet","description":"","potentialAction":[{"@type":"SearchAction","target":{"@type":"EntryPoint","urlTemplate":"https:\/\/sites.uef.fi\/globalfoodnet\/?s={search_term_string}"},"query-input":{"@type":"PropertyValueSpecification","valueRequired":true,"valueName":"search_term_string"}}],"inLanguage":"en-US"}]}},"_links":{"self":[{"href":"https:\/\/sites.uef.fi\/globalfoodnet\/wp-json\/wp\/v2\/pages\/201","targetHints":{"allow":["GET"]}}],"collection":[{"href":"https:\/\/sites.uef.fi\/globalfoodnet\/wp-json\/wp\/v2\/pages"}],"about":[{"href":"https:\/\/sites.uef.fi\/globalfoodnet\/wp-json\/wp\/v2\/types\/page"}],"author":[{"embeddable":true,"href":"https:\/\/sites.uef.fi\/globalfoodnet\/wp-json\/wp\/v2\/users\/587"}],"replies":[{"embeddable":true,"href":"https:\/\/sites.uef.fi\/globalfoodnet\/wp-json\/wp\/v2\/comments?post=201"}],"version-history":[{"count":2,"href":"https:\/\/sites.uef.fi\/globalfoodnet\/wp-json\/wp\/v2\/pages\/201\/revisions"}],"predecessor-version":[{"id":751,"href":"https:\/\/sites.uef.fi\/globalfoodnet\/wp-json\/wp\/v2\/pages\/201\/revisions\/751"}],"wp:attachment":[{"href":"https:\/\/sites.uef.fi\/globalfoodnet\/wp-json\/wp\/v2\/media?parent=201"}],"curies":[{"name":"wp","href":"https:\/\/api.w.org\/{rel}","templated":true}]}}