{"id":228,"date":"2021-11-02T12:47:47","date_gmt":"2021-11-02T09:47:47","guid":{"rendered":"https:\/\/sites.uef.fi\/globalfoodnet\/?page_id=228"},"modified":"2024-01-22T11:23:48","modified_gmt":"2024-01-22T09:23:48","slug":"eventos","status":"publish","type":"page","link":"https:\/\/sites.uef.fi\/globalfoodnet\/eventos\/?lang=es","title":{"rendered":"Eventos"},"content":{"rendered":"\n<p><strong><strong>Global Foodnet en los webinarios de UI-SouthVation<\/strong><\/strong><\/p>\n\n\n\n<p>Los innovadores alimentarios cuentan sus historias de innovaci\u00f3n alimentaria y comparten sus experiencias en cooperaci\u00f3n Sur-Sur.<\/p>\n\n\n\n<p><a href=\"https:\/\/sites.uef.fi\/globalfoodnet\/webinario-1\/?lang=es\">Traiga tu propio producto alimenticio: 18 de noviembre de 2021<\/a><\/p>\n\n\n\n<p><a href=\"https:\/\/sites.uef.fi\/globalfoodnet\/webinario-2\/?lang=es\">Gastronom\u00eda innovadora: 24 de noviembre de 2021<\/a><\/p>\n\n\n\n<p><a href=\"https:\/\/sites.uef.fi\/globalfoodnet\/webinario-3\/?lang=es\">Bon app\u00e9tit, propiedad intelectual para empresas alimentarias emergentes: 2 de diciembre de 2021<\/a><\/p>\n\n\n\n<p><\/p>\n\n\n\n<p><strong><strong>Reto UI-SouthVation<\/strong> <strong>2021<\/strong><\/strong><\/p>\n\n\n\n<p>El Reto UI-SouthVation 2021 se basa en la idea de poner en marcha innovaciones alimentarias graduales en el hemisferio sur y est\u00e1 abierto a innovadores, investigadores, organizaciones comunitarias, empresas emergentes y peque\u00f1os y medianos negocios. En particular, buscamos participantes de Kenia, \u00c1frica del Sur y Per\u00fa. Los solicitantes ubicados fuera de estos pa\u00edses pueden ser elegibles siempre que tengan un asociado en el pa\u00eds y puedan demostrar de qu\u00e9 modo puede resultar beneficiosa la innovaci\u00f3n propuesta en uno de los pa\u00edses o regiones mencionados.<\/p>\n\n\n\n<p>UI-SouthVation es un reto de innovaci\u00f3n impulsado por UI Global que se centra en las innovaciones para abordar los Objetivos de Desarrollo Sostenible de las Naciones Unidas.<\/p>\n\n\n\n<p>UI Global y Global Foodnet hacen posible el Reto UI SouthVation 2021.<\/p>\n\n\n\n<p>El env\u00edo de solicitudes para el Reto UI-SouthVation 2021 se ha cerrado y la final del reto tendr\u00e1 lugat el 14 de diciembre.  <a href=\"https:\/\/sites.uef.fi\/globalfoodnet\/reto-ui-southvation-2021\/?lang=es\" data-type=\"URL\" data-id=\"https:\/\/sites.uef.fi\/globalfoodnet\/reto-ui-southvation-2021\/?lang=es\">Queden atentos al programa.<\/a><\/p>\n","protected":false},"excerpt":{"rendered":"<p>Global Foodnet en los webinarios de UI-SouthVation Los innovadores alimentarios cuentan sus historias de innovaci\u00f3n alimentaria y comparten sus experiencias en cooperaci\u00f3n Sur-Sur. Traiga tu propio producto alimenticio: 18 de noviembre de 2021 Gastronom\u00eda innovadora: 24 de noviembre de 2021 Bon app\u00e9tit, propiedad intelectual para empresas alimentarias emergentes: 2 de diciembre de 2021 Reto UI-SouthVation [&hellip;]<\/p>\n","protected":false},"author":587,"featured_media":0,"parent":0,"menu_order":0,"comment_status":"closed","ping_status":"closed","template":"","meta":{"_acf_changed":false,"footnotes":""},"class_list":["post-228","page","type-page","status-publish","hentry"],"acf":[],"yoast_head":"<!-- This site is optimized with the Yoast SEO plugin v27.3 - https:\/\/yoast.com\/product\/yoast-seo-wordpress\/ -->\n<title>Eventos - Global Foodnet<\/title>\n<meta name=\"robots\" content=\"index, follow, max-snippet:-1, max-image-preview:large, max-video-preview:-1\" \/>\n<link rel=\"canonical\" href=\"https:\/\/sites.uef.fi\/globalfoodnet\/eventos\/?lang=es\" \/>\n<meta property=\"og:locale\" content=\"en_US\" \/>\n<meta property=\"og:type\" content=\"article\" \/>\n<meta property=\"og:title\" content=\"Eventos - Global Foodnet\" \/>\n<meta property=\"og:description\" content=\"Global Foodnet en los webinarios de UI-SouthVation Los innovadores alimentarios cuentan sus historias de innovaci\u00f3n alimentaria y comparten sus experiencias en cooperaci\u00f3n Sur-Sur. Traiga tu propio producto alimenticio: 18 de noviembre de 2021 Gastronom\u00eda innovadora: 24 de noviembre de 2021 Bon app\u00e9tit, propiedad intelectual para empresas alimentarias emergentes: 2 de diciembre de 2021 Reto UI-SouthVation [&hellip;]\" \/>\n<meta property=\"og:url\" content=\"https:\/\/sites.uef.fi\/globalfoodnet\/eventos\/?lang=es\" \/>\n<meta property=\"og:site_name\" content=\"Global Foodnet\" \/>\n<meta property=\"article:modified_time\" content=\"2024-01-22T09:23:48+00:00\" \/>\n<meta name=\"twitter:card\" content=\"summary_large_image\" \/>\n<meta name=\"twitter:label1\" content=\"Est. reading time\" \/>\n\t<meta name=\"twitter:data1\" content=\"1 minute\" \/>\n<script type=\"application\/ld+json\" class=\"yoast-schema-graph\">{\"@context\":\"https:\\\/\\\/schema.org\",\"@graph\":[{\"@type\":\"WebPage\",\"@id\":\"https:\\\/\\\/sites.uef.fi\\\/globalfoodnet\\\/eventos\\\/?lang=es\",\"url\":\"https:\\\/\\\/sites.uef.fi\\\/globalfoodnet\\\/eventos\\\/?lang=es\",\"name\":\"Eventos - Global Foodnet\",\"isPartOf\":{\"@id\":\"https:\\\/\\\/sites.uef.fi\\\/globalfoodnet\\\/#website\"},\"datePublished\":\"2021-11-02T09:47:47+00:00\",\"dateModified\":\"2024-01-22T09:23:48+00:00\",\"breadcrumb\":{\"@id\":\"https:\\\/\\\/sites.uef.fi\\\/globalfoodnet\\\/eventos\\\/?lang=es#breadcrumb\"},\"inLanguage\":\"en-US\",\"potentialAction\":[{\"@type\":\"ReadAction\",\"target\":[\"https:\\\/\\\/sites.uef.fi\\\/globalfoodnet\\\/eventos\\\/?lang=es\"]}]},{\"@type\":\"BreadcrumbList\",\"@id\":\"https:\\\/\\\/sites.uef.fi\\\/globalfoodnet\\\/eventos\\\/?lang=es#breadcrumb\",\"itemListElement\":[{\"@type\":\"ListItem\",\"position\":1,\"name\":\"Home\",\"item\":\"https:\\\/\\\/sites.uef.fi\\\/globalfoodnet\\\/\"},{\"@type\":\"ListItem\",\"position\":2,\"name\":\"Eventos\"}]},{\"@type\":\"WebSite\",\"@id\":\"https:\\\/\\\/sites.uef.fi\\\/globalfoodnet\\\/#website\",\"url\":\"https:\\\/\\\/sites.uef.fi\\\/globalfoodnet\\\/\",\"name\":\"Global Foodnet\",\"description\":\"\",\"potentialAction\":[{\"@type\":\"SearchAction\",\"target\":{\"@type\":\"EntryPoint\",\"urlTemplate\":\"https:\\\/\\\/sites.uef.fi\\\/globalfoodnet\\\/?s={search_term_string}\"},\"query-input\":{\"@type\":\"PropertyValueSpecification\",\"valueRequired\":true,\"valueName\":\"search_term_string\"}}],\"inLanguage\":\"en-US\"}]}<\/script>\n<!-- \/ Yoast SEO plugin. -->","yoast_head_json":{"title":"Eventos - Global Foodnet","robots":{"index":"index","follow":"follow","max-snippet":"max-snippet:-1","max-image-preview":"max-image-preview:large","max-video-preview":"max-video-preview:-1"},"canonical":"https:\/\/sites.uef.fi\/globalfoodnet\/eventos\/?lang=es","og_locale":"en_US","og_type":"article","og_title":"Eventos - Global Foodnet","og_description":"Global Foodnet en los webinarios de UI-SouthVation Los innovadores alimentarios cuentan sus historias de innovaci\u00f3n alimentaria y comparten sus experiencias en cooperaci\u00f3n Sur-Sur. Traiga tu propio producto alimenticio: 18 de noviembre de 2021 Gastronom\u00eda innovadora: 24 de noviembre de 2021 Bon app\u00e9tit, propiedad intelectual para empresas alimentarias emergentes: 2 de diciembre de 2021 Reto UI-SouthVation [&hellip;]","og_url":"https:\/\/sites.uef.fi\/globalfoodnet\/eventos\/?lang=es","og_site_name":"Global Foodnet","article_modified_time":"2024-01-22T09:23:48+00:00","twitter_card":"summary_large_image","twitter_misc":{"Est. reading time":"1 minute"},"schema":{"@context":"https:\/\/schema.org","@graph":[{"@type":"WebPage","@id":"https:\/\/sites.uef.fi\/globalfoodnet\/eventos\/?lang=es","url":"https:\/\/sites.uef.fi\/globalfoodnet\/eventos\/?lang=es","name":"Eventos - Global Foodnet","isPartOf":{"@id":"https:\/\/sites.uef.fi\/globalfoodnet\/#website"},"datePublished":"2021-11-02T09:47:47+00:00","dateModified":"2024-01-22T09:23:48+00:00","breadcrumb":{"@id":"https:\/\/sites.uef.fi\/globalfoodnet\/eventos\/?lang=es#breadcrumb"},"inLanguage":"en-US","potentialAction":[{"@type":"ReadAction","target":["https:\/\/sites.uef.fi\/globalfoodnet\/eventos\/?lang=es"]}]},{"@type":"BreadcrumbList","@id":"https:\/\/sites.uef.fi\/globalfoodnet\/eventos\/?lang=es#breadcrumb","itemListElement":[{"@type":"ListItem","position":1,"name":"Home","item":"https:\/\/sites.uef.fi\/globalfoodnet\/"},{"@type":"ListItem","position":2,"name":"Eventos"}]},{"@type":"WebSite","@id":"https:\/\/sites.uef.fi\/globalfoodnet\/#website","url":"https:\/\/sites.uef.fi\/globalfoodnet\/","name":"Global Foodnet","description":"","potentialAction":[{"@type":"SearchAction","target":{"@type":"EntryPoint","urlTemplate":"https:\/\/sites.uef.fi\/globalfoodnet\/?s={search_term_string}"},"query-input":{"@type":"PropertyValueSpecification","valueRequired":true,"valueName":"search_term_string"}}],"inLanguage":"en-US"}]}},"_links":{"self":[{"href":"https:\/\/sites.uef.fi\/globalfoodnet\/wp-json\/wp\/v2\/pages\/228","targetHints":{"allow":["GET"]}}],"collection":[{"href":"https:\/\/sites.uef.fi\/globalfoodnet\/wp-json\/wp\/v2\/pages"}],"about":[{"href":"https:\/\/sites.uef.fi\/globalfoodnet\/wp-json\/wp\/v2\/types\/page"}],"author":[{"embeddable":true,"href":"https:\/\/sites.uef.fi\/globalfoodnet\/wp-json\/wp\/v2\/users\/587"}],"replies":[{"embeddable":true,"href":"https:\/\/sites.uef.fi\/globalfoodnet\/wp-json\/wp\/v2\/comments?post=228"}],"version-history":[{"count":2,"href":"https:\/\/sites.uef.fi\/globalfoodnet\/wp-json\/wp\/v2\/pages\/228\/revisions"}],"predecessor-version":[{"id":757,"href":"https:\/\/sites.uef.fi\/globalfoodnet\/wp-json\/wp\/v2\/pages\/228\/revisions\/757"}],"wp:attachment":[{"href":"https:\/\/sites.uef.fi\/globalfoodnet\/wp-json\/wp\/v2\/media?parent=228"}],"curies":[{"name":"wp","href":"https:\/\/api.w.org\/{rel}","templated":true}]}}