{"id":406,"date":"2021-11-18T18:54:10","date_gmt":"2021-11-18T15:54:10","guid":{"rendered":"https:\/\/sites.uef.fi\/globalfoodnet\/?page_id=406"},"modified":"2021-11-18T19:02:30","modified_gmt":"2021-11-18T16:02:30","slug":"webinario-1","status":"publish","type":"page","link":"https:\/\/sites.uef.fi\/globalfoodnet\/webinario-1\/?lang=es","title":{"rendered":"Webinario 1"},"content":{"rendered":"\n<p><strong>Webinario 1: Traiga su propio producto alimenticio<\/strong><\/p>\n\n\n\n<p><strong>Jueves, 18 de noviembre de 2021<\/strong><br>08.00 &#8211; 09.30 PET, EST<br>15.00 &#8211; 16.30 EET,SAST<br>16.00 &#8211; 17.30 EAT<br>21.00 &#8211; 22.30 SGT<\/p>\n\n\n\n<p><strong>Discurso de apertura<br>Kgaladi Thema Sethoga<\/strong><br>Fundadora de House of Indiza<\/p>\n\n\n\n<p><strong>Conocimiento local de insectos paraalimentaci\u00f3n<\/strong><br>Dr. John Kinyuru, Universidad de Agricultura y Tecnolog\u00eda Jomo Kenyatta<\/p>\n\n\n\n<p><strong>Productos de panader\u00eda innovadores<\/strong><br>Dra. Jimena Correa, Universidad Nacionalde La Plata<\/p>\n\n\n\n<p><strong>Dese un capricho sin sentirse culpable<\/strong><br>Profesor Unathi Kolanisi, Universidad of Zululand<\/p>\n\n\n\n<p>Preguntas y respuestas<\/p>\n\n\n\n<p>Debate en sala de grupos<\/p>\n\n\n\n<p>Conclusi\u00f3n<\/p>\n","protected":false},"excerpt":{"rendered":"<p>Webinario 1: Traiga su propio producto alimenticio Jueves, 18 de noviembre de 202108.00 &#8211; 09.30 PET, EST15.00 &#8211; 16.30 EET,SAST16.00 &#8211; 17.30 EAT21.00 &#8211; 22.30 SGT Discurso de aperturaKgaladi Thema SethogaFundadora de House of Indiza Conocimiento local de insectos paraalimentaci\u00f3nDr. John Kinyuru, Universidad de Agricultura y Tecnolog\u00eda Jomo Kenyatta Productos de panader\u00eda innovadoresDra. Jimena Correa, [&hellip;]<\/p>\n","protected":false},"author":587,"featured_media":0,"parent":0,"menu_order":0,"comment_status":"closed","ping_status":"closed","template":"","meta":{"_acf_changed":false,"footnotes":""},"class_list":["post-406","page","type-page","status-publish","hentry"],"acf":[],"yoast_head":"<!-- This site is optimized with the Yoast SEO plugin v27.3 - https:\/\/yoast.com\/product\/yoast-seo-wordpress\/ -->\n<title>Webinario 1 - Global Foodnet<\/title>\n<meta name=\"robots\" content=\"index, follow, max-snippet:-1, max-image-preview:large, max-video-preview:-1\" \/>\n<link rel=\"canonical\" href=\"https:\/\/sites.uef.fi\/globalfoodnet\/webinario-1\/?lang=es\" \/>\n<meta property=\"og:locale\" content=\"en_US\" \/>\n<meta property=\"og:type\" content=\"article\" \/>\n<meta property=\"og:title\" content=\"Webinario 1 - Global Foodnet\" \/>\n<meta property=\"og:description\" content=\"Webinario 1: Traiga su propio producto alimenticio Jueves, 18 de noviembre de 202108.00 &#8211; 09.30 PET, EST15.00 &#8211; 16.30 EET,SAST16.00 &#8211; 17.30 EAT21.00 &#8211; 22.30 SGT Discurso de aperturaKgaladi Thema SethogaFundadora de House of Indiza Conocimiento local de insectos paraalimentaci\u00f3nDr. John Kinyuru, Universidad de Agricultura y Tecnolog\u00eda Jomo Kenyatta Productos de panader\u00eda innovadoresDra. Jimena Correa, [&hellip;]\" \/>\n<meta property=\"og:url\" content=\"https:\/\/sites.uef.fi\/globalfoodnet\/webinario-1\/?lang=es\" \/>\n<meta property=\"og:site_name\" content=\"Global Foodnet\" \/>\n<meta property=\"article:modified_time\" content=\"2021-11-18T16:02:30+00:00\" \/>\n<meta name=\"twitter:card\" content=\"summary_large_image\" \/>\n<script type=\"application\/ld+json\" class=\"yoast-schema-graph\">{\"@context\":\"https:\\\/\\\/schema.org\",\"@graph\":[{\"@type\":\"WebPage\",\"@id\":\"https:\\\/\\\/sites.uef.fi\\\/globalfoodnet\\\/webinario-1\\\/?lang=es\",\"url\":\"https:\\\/\\\/sites.uef.fi\\\/globalfoodnet\\\/webinario-1\\\/?lang=es\",\"name\":\"Webinario 1 - Global Foodnet\",\"isPartOf\":{\"@id\":\"https:\\\/\\\/sites.uef.fi\\\/globalfoodnet\\\/#website\"},\"datePublished\":\"2021-11-18T15:54:10+00:00\",\"dateModified\":\"2021-11-18T16:02:30+00:00\",\"breadcrumb\":{\"@id\":\"https:\\\/\\\/sites.uef.fi\\\/globalfoodnet\\\/webinario-1\\\/?lang=es#breadcrumb\"},\"inLanguage\":\"en-US\",\"potentialAction\":[{\"@type\":\"ReadAction\",\"target\":[\"https:\\\/\\\/sites.uef.fi\\\/globalfoodnet\\\/webinario-1\\\/?lang=es\"]}]},{\"@type\":\"BreadcrumbList\",\"@id\":\"https:\\\/\\\/sites.uef.fi\\\/globalfoodnet\\\/webinario-1\\\/?lang=es#breadcrumb\",\"itemListElement\":[{\"@type\":\"ListItem\",\"position\":1,\"name\":\"Home\",\"item\":\"https:\\\/\\\/sites.uef.fi\\\/globalfoodnet\\\/\"},{\"@type\":\"ListItem\",\"position\":2,\"name\":\"Webinario 1\"}]},{\"@type\":\"WebSite\",\"@id\":\"https:\\\/\\\/sites.uef.fi\\\/globalfoodnet\\\/#website\",\"url\":\"https:\\\/\\\/sites.uef.fi\\\/globalfoodnet\\\/\",\"name\":\"Global Foodnet\",\"description\":\"\",\"potentialAction\":[{\"@type\":\"SearchAction\",\"target\":{\"@type\":\"EntryPoint\",\"urlTemplate\":\"https:\\\/\\\/sites.uef.fi\\\/globalfoodnet\\\/?s={search_term_string}\"},\"query-input\":{\"@type\":\"PropertyValueSpecification\",\"valueRequired\":true,\"valueName\":\"search_term_string\"}}],\"inLanguage\":\"en-US\"}]}<\/script>\n<!-- \/ Yoast SEO plugin. -->","yoast_head_json":{"title":"Webinario 1 - Global Foodnet","robots":{"index":"index","follow":"follow","max-snippet":"max-snippet:-1","max-image-preview":"max-image-preview:large","max-video-preview":"max-video-preview:-1"},"canonical":"https:\/\/sites.uef.fi\/globalfoodnet\/webinario-1\/?lang=es","og_locale":"en_US","og_type":"article","og_title":"Webinario 1 - Global Foodnet","og_description":"Webinario 1: Traiga su propio producto alimenticio Jueves, 18 de noviembre de 202108.00 &#8211; 09.30 PET, EST15.00 &#8211; 16.30 EET,SAST16.00 &#8211; 17.30 EAT21.00 &#8211; 22.30 SGT Discurso de aperturaKgaladi Thema SethogaFundadora de House of Indiza Conocimiento local de insectos paraalimentaci\u00f3nDr. John Kinyuru, Universidad de Agricultura y Tecnolog\u00eda Jomo Kenyatta Productos de panader\u00eda innovadoresDra. Jimena Correa, [&hellip;]","og_url":"https:\/\/sites.uef.fi\/globalfoodnet\/webinario-1\/?lang=es","og_site_name":"Global Foodnet","article_modified_time":"2021-11-18T16:02:30+00:00","twitter_card":"summary_large_image","schema":{"@context":"https:\/\/schema.org","@graph":[{"@type":"WebPage","@id":"https:\/\/sites.uef.fi\/globalfoodnet\/webinario-1\/?lang=es","url":"https:\/\/sites.uef.fi\/globalfoodnet\/webinario-1\/?lang=es","name":"Webinario 1 - Global Foodnet","isPartOf":{"@id":"https:\/\/sites.uef.fi\/globalfoodnet\/#website"},"datePublished":"2021-11-18T15:54:10+00:00","dateModified":"2021-11-18T16:02:30+00:00","breadcrumb":{"@id":"https:\/\/sites.uef.fi\/globalfoodnet\/webinario-1\/?lang=es#breadcrumb"},"inLanguage":"en-US","potentialAction":[{"@type":"ReadAction","target":["https:\/\/sites.uef.fi\/globalfoodnet\/webinario-1\/?lang=es"]}]},{"@type":"BreadcrumbList","@id":"https:\/\/sites.uef.fi\/globalfoodnet\/webinario-1\/?lang=es#breadcrumb","itemListElement":[{"@type":"ListItem","position":1,"name":"Home","item":"https:\/\/sites.uef.fi\/globalfoodnet\/"},{"@type":"ListItem","position":2,"name":"Webinario 1"}]},{"@type":"WebSite","@id":"https:\/\/sites.uef.fi\/globalfoodnet\/#website","url":"https:\/\/sites.uef.fi\/globalfoodnet\/","name":"Global Foodnet","description":"","potentialAction":[{"@type":"SearchAction","target":{"@type":"EntryPoint","urlTemplate":"https:\/\/sites.uef.fi\/globalfoodnet\/?s={search_term_string}"},"query-input":{"@type":"PropertyValueSpecification","valueRequired":true,"valueName":"search_term_string"}}],"inLanguage":"en-US"}]}},"_links":{"self":[{"href":"https:\/\/sites.uef.fi\/globalfoodnet\/wp-json\/wp\/v2\/pages\/406","targetHints":{"allow":["GET"]}}],"collection":[{"href":"https:\/\/sites.uef.fi\/globalfoodnet\/wp-json\/wp\/v2\/pages"}],"about":[{"href":"https:\/\/sites.uef.fi\/globalfoodnet\/wp-json\/wp\/v2\/types\/page"}],"author":[{"embeddable":true,"href":"https:\/\/sites.uef.fi\/globalfoodnet\/wp-json\/wp\/v2\/users\/587"}],"replies":[{"embeddable":true,"href":"https:\/\/sites.uef.fi\/globalfoodnet\/wp-json\/wp\/v2\/comments?post=406"}],"version-history":[{"count":2,"href":"https:\/\/sites.uef.fi\/globalfoodnet\/wp-json\/wp\/v2\/pages\/406\/revisions"}],"predecessor-version":[{"id":415,"href":"https:\/\/sites.uef.fi\/globalfoodnet\/wp-json\/wp\/v2\/pages\/406\/revisions\/415"}],"wp:attachment":[{"href":"https:\/\/sites.uef.fi\/globalfoodnet\/wp-json\/wp\/v2\/media?parent=406"}],"curies":[{"name":"wp","href":"https:\/\/api.w.org\/{rel}","templated":true}]}}