{"id":103,"date":"2020-11-27T15:36:52","date_gmt":"2020-11-27T13:36:52","guid":{"rendered":"https:\/\/sites.uef.fi\/heatclim\/?page_id=103"},"modified":"2022-10-25T10:09:51","modified_gmt":"2022-10-25T08:09:51","slug":"news","status":"publish","type":"page","link":"https:\/\/sites.uef.fi\/heatclim\/news\/","title":{"rendered":"News"},"content":{"rendered":"\n<p>Uutinen: Toimistorakennusten j\u00e4\u00e4hdytysj\u00e4rjestelmien suorituskyky riitt\u00e4\u00e4, mutta j\u00e4\u00e4hdytystarve kasvaa ilmaston l\u00e4mmetess\u00e4 (<a href=\"https:\/\/www.ilmatieteenlaitos.fi\/uutinen\/2v6df3klXoSeVfAfUdHwCj\" target=\"_blank\" rel=\"noreferrer noopener\">Ilmatieteen laitos 13.10.2022<\/a>)<\/p>\n\n\n\n<p>Uutinen: Helteet tekev\u00e4t kodeista jopa hengenvaarallisia p\u00e4tsej\u00e4 \u2013 nyt tutkijat selvitt\u00e4v\u00e4t tulevaisuuden j\u00e4\u00e4hdytystarpeita (<a rel=\"noreferrer noopener\" href=\"https:\/\/www.aalto.fi\/fi\/uutiset\/helteet-tekevat-kodeista-jopa-hengenvaarallisia-patseja-nyt-tutkijat-selvittavat\" target=\"_blank\">Aalto-yliopisto 4.5.2022<\/a>)<\/p>\n\n\n\n<p>News: Hot weather can turn homes into perilous infernos \u2013 researchers are now examining future needs for cooling (<a href=\"https:\/\/www.aalto.fi\/en\/news\/hot-weather-can-turn-homes-into-perilous-infernos-researchers-are-now-examining-future-needs\" target=\"_blank\" rel=\"noreferrer noopener\">Aalto university 4.5.2022<\/a>)<\/p>\n\n\n\n<p>HEATCLIM -projektin tuloksia tullaan hy\u00f6dynt\u00e4m\u00e4\u00e4n uudessa Valtioneuvoston rahoittamassa hankkeessa \u201d<a href=\"https:\/\/eur03.safelinks.protection.outlook.com\/?url=https%3A%2F%2Ftietokayttoon.fi%2F-%2Frakennusten-kosteusvauriot-ja-ylilampeneminen-muuttuvassa-ilmastossa-rail-&amp;data=04%7C01%7C%7C1476580edd3e4ac7effe08d98f17c0f9%7C87879f2e73044bf2baf263e7f83f3c34%7C0%7C0%7C637698154442758780%7CUnknown%7CTWFpbGZsb3d8eyJWIjoiMC4wLjAwMDAiLCJQIjoiV2luMzIiLCJBTiI6Ik1haWwiLCJXVCI6Mn0%3D%7C1000&amp;sdata=7vmypazl5lQrNahRclJA3Xlb4DZYbZsVi1lISDvEI%2BQ%3D&amp;reserved=0\">Rakennusten kosteusvauriot ja ylil\u00e4mpeneminen muuttuvassa ilmastossa<\/a>\u201d. HEATCLIMist\u00e4 mukana uudessa projektissa ovat It\u00e4-Suomen yliopisto, Aalto-yliopisto ja THL.<\/p>\n\n\n\n<p>Haastattelu: Ovatko superhelteet uusi normaali?  (<a rel=\"noreferrer noopener\" href=\"https:\/\/areena.yle.fi\/1-50885451\" data-type=\"URL\" target=\"_blank\">Ylen aamu 22.6.2021<\/a>)<\/p>\n\n\n\n<p>Tiedote: L\u00e4hip\u00e4iville ennustettu voimakasta hellett\u00e4 &#8211; muista suojata itse\u00e4si ja l\u00e4heisi\u00e4si helteen haitoilta (<a rel=\"noreferrer noopener\" href=\"https:\/\/thl.fi\/fi\/-\/lahipaiville-ennustettu-voimakasta-helletta-muista-suojata-itseasi-ja-laheisiasi-helteen-haitoilta\" target=\"_blank\">THL 18.6.2021<\/a>)<\/p>\n\n\n\n<p>Uutinen: Ilmaston l\u00e4mpeneminen lis\u00e4\u00e4 helteit\u00e4 ja asuntojen ylil\u00e4mpenemisen riski\u00e4 (<a rel=\"noreferrer noopener\" href=\"https:\/\/www.ilmatieteenlaitos.fi\/uutinen\/4WqNPvTyDfbOyWzFyt573v\" data-type=\"URL\" data-id=\"https:\/\/www.ilmatieteenlaitos.fi\/uutinen\/4WqNPvTyDfbOyWzFyt573v\" target=\"_blank\">Ilmatieteen laitos 10.6.2021<\/a>)<\/p>\n\n\n\n<p>Uutinen: Uudet s\u00e4\u00e4tietoaineistot tukevat kest\u00e4vien rakennusten suunnittelua muuttuvassa ilmastossa (<a rel=\"noreferrer noopener\" href=\"https:\/\/www.ilmatieteenlaitos.fi\/uutinen\/irqwNpW34z4xKZqSWjCsr\" target=\"_blank\">Ilmatieteen laitos 13.11.2020<\/a>) <\/p>\n","protected":false},"excerpt":{"rendered":"<p>Uutinen: Toimistorakennusten j\u00e4\u00e4hdytysj\u00e4rjestelmien suorituskyky riitt\u00e4\u00e4, mutta j\u00e4\u00e4hdytystarve kasvaa ilmaston l\u00e4mmetess\u00e4 (Ilmatieteen laitos 13.10.2022) Uutinen: Helteet tekev\u00e4t kodeista jopa hengenvaarallisia p\u00e4tsej\u00e4 \u2013 nyt tutkijat selvitt\u00e4v\u00e4t tulevaisuuden j\u00e4\u00e4hdytystarpeita (Aalto-yliopisto 4.5.2022) News: Hot weather can turn homes into perilous infernos \u2013 researchers are now examining future needs for cooling (Aalto university 4.5.2022) HEATCLIM -projektin tuloksia tullaan hy\u00f6dynt\u00e4m\u00e4\u00e4n uudessa [&hellip;]<\/p>\n","protected":false},"author":291,"featured_media":0,"parent":0,"menu_order":5,"comment_status":"closed","ping_status":"closed","template":"","meta":{"_acf_changed":false,"_monsterinsights_skip_tracking":false,"_monsterinsights_sitenote_active":false,"_monsterinsights_sitenote_note":"","_monsterinsights_sitenote_category":0,"footnotes":""},"class_list":["post-103","page","type-page","status-publish","hentry"],"acf":[],"yoast_head":"<!-- This site is optimized with the Yoast SEO plugin v27.1.1 - https:\/\/yoast.com\/product\/yoast-seo-wordpress\/ -->\n<title>News - HEATCLIM<\/title>\n<meta name=\"robots\" content=\"index, follow, max-snippet:-1, max-image-preview:large, max-video-preview:-1\" \/>\n<link rel=\"canonical\" href=\"https:\/\/sites.uef.fi\/heatclim\/news\/\" \/>\n<meta property=\"og:locale\" content=\"fi_FI\" \/>\n<meta property=\"og:type\" content=\"article\" \/>\n<meta property=\"og:title\" content=\"News - HEATCLIM\" \/>\n<meta property=\"og:description\" content=\"Uutinen: Toimistorakennusten j\u00e4\u00e4hdytysj\u00e4rjestelmien suorituskyky riitt\u00e4\u00e4, mutta j\u00e4\u00e4hdytystarve kasvaa ilmaston l\u00e4mmetess\u00e4 (Ilmatieteen laitos 13.10.2022) Uutinen: Helteet tekev\u00e4t kodeista jopa hengenvaarallisia p\u00e4tsej\u00e4 \u2013 nyt tutkijat selvitt\u00e4v\u00e4t tulevaisuuden j\u00e4\u00e4hdytystarpeita (Aalto-yliopisto 4.5.2022) News: Hot weather can turn homes into perilous infernos \u2013 researchers are now examining future needs for cooling (Aalto university 4.5.2022) HEATCLIM -projektin tuloksia tullaan hy\u00f6dynt\u00e4m\u00e4\u00e4n uudessa [&hellip;]\" \/>\n<meta property=\"og:url\" content=\"https:\/\/sites.uef.fi\/heatclim\/news\/\" \/>\n<meta property=\"og:site_name\" content=\"HEATCLIM\" \/>\n<meta property=\"article:modified_time\" content=\"2022-10-25T08:09:51+00:00\" \/>\n<meta name=\"twitter:card\" content=\"summary_large_image\" \/>\n<meta name=\"twitter:label1\" content=\"Arvioitu lukuaika\" \/>\n\t<meta name=\"twitter:data1\" content=\"1 minuutti\" \/>\n<script type=\"application\/ld+json\" class=\"yoast-schema-graph\">{\"@context\":\"https:\/\/schema.org\",\"@graph\":[{\"@type\":\"WebPage\",\"@id\":\"https:\/\/sites.uef.fi\/heatclim\/news\/\",\"url\":\"https:\/\/sites.uef.fi\/heatclim\/news\/\",\"name\":\"News - HEATCLIM\",\"isPartOf\":{\"@id\":\"https:\/\/sites.uef.fi\/heatclim\/#website\"},\"datePublished\":\"2020-11-27T13:36:52+00:00\",\"dateModified\":\"2022-10-25T08:09:51+00:00\",\"breadcrumb\":{\"@id\":\"https:\/\/sites.uef.fi\/heatclim\/news\/#breadcrumb\"},\"inLanguage\":\"fi\",\"potentialAction\":[{\"@type\":\"ReadAction\",\"target\":[\"https:\/\/sites.uef.fi\/heatclim\/news\/\"]}]},{\"@type\":\"BreadcrumbList\",\"@id\":\"https:\/\/sites.uef.fi\/heatclim\/news\/#breadcrumb\",\"itemListElement\":[{\"@type\":\"ListItem\",\"position\":1,\"name\":\"Home\",\"item\":\"https:\/\/sites.uef.fi\/heatclim\/\"},{\"@type\":\"ListItem\",\"position\":2,\"name\":\"News\"}]},{\"@type\":\"WebSite\",\"@id\":\"https:\/\/sites.uef.fi\/heatclim\/#website\",\"url\":\"https:\/\/sites.uef.fi\/heatclim\/\",\"name\":\"HEATCLIM\",\"description\":\"\",\"potentialAction\":[{\"@type\":\"SearchAction\",\"target\":{\"@type\":\"EntryPoint\",\"urlTemplate\":\"https:\/\/sites.uef.fi\/heatclim\/?s={search_term_string}\"},\"query-input\":{\"@type\":\"PropertyValueSpecification\",\"valueRequired\":true,\"valueName\":\"search_term_string\"}}],\"inLanguage\":\"fi\"}]}<\/script>\n<!-- \/ Yoast SEO plugin. -->","yoast_head_json":{"title":"News - HEATCLIM","robots":{"index":"index","follow":"follow","max-snippet":"max-snippet:-1","max-image-preview":"max-image-preview:large","max-video-preview":"max-video-preview:-1"},"canonical":"https:\/\/sites.uef.fi\/heatclim\/news\/","og_locale":"fi_FI","og_type":"article","og_title":"News - HEATCLIM","og_description":"Uutinen: Toimistorakennusten j\u00e4\u00e4hdytysj\u00e4rjestelmien suorituskyky riitt\u00e4\u00e4, mutta j\u00e4\u00e4hdytystarve kasvaa ilmaston l\u00e4mmetess\u00e4 (Ilmatieteen laitos 13.10.2022) Uutinen: Helteet tekev\u00e4t kodeista jopa hengenvaarallisia p\u00e4tsej\u00e4 \u2013 nyt tutkijat selvitt\u00e4v\u00e4t tulevaisuuden j\u00e4\u00e4hdytystarpeita (Aalto-yliopisto 4.5.2022) News: Hot weather can turn homes into perilous infernos \u2013 researchers are now examining future needs for cooling (Aalto university 4.5.2022) HEATCLIM -projektin tuloksia tullaan hy\u00f6dynt\u00e4m\u00e4\u00e4n uudessa [&hellip;]","og_url":"https:\/\/sites.uef.fi\/heatclim\/news\/","og_site_name":"HEATCLIM","article_modified_time":"2022-10-25T08:09:51+00:00","twitter_card":"summary_large_image","twitter_misc":{"Arvioitu lukuaika":"1 minuutti"},"schema":{"@context":"https:\/\/schema.org","@graph":[{"@type":"WebPage","@id":"https:\/\/sites.uef.fi\/heatclim\/news\/","url":"https:\/\/sites.uef.fi\/heatclim\/news\/","name":"News - HEATCLIM","isPartOf":{"@id":"https:\/\/sites.uef.fi\/heatclim\/#website"},"datePublished":"2020-11-27T13:36:52+00:00","dateModified":"2022-10-25T08:09:51+00:00","breadcrumb":{"@id":"https:\/\/sites.uef.fi\/heatclim\/news\/#breadcrumb"},"inLanguage":"fi","potentialAction":[{"@type":"ReadAction","target":["https:\/\/sites.uef.fi\/heatclim\/news\/"]}]},{"@type":"BreadcrumbList","@id":"https:\/\/sites.uef.fi\/heatclim\/news\/#breadcrumb","itemListElement":[{"@type":"ListItem","position":1,"name":"Home","item":"https:\/\/sites.uef.fi\/heatclim\/"},{"@type":"ListItem","position":2,"name":"News"}]},{"@type":"WebSite","@id":"https:\/\/sites.uef.fi\/heatclim\/#website","url":"https:\/\/sites.uef.fi\/heatclim\/","name":"HEATCLIM","description":"","potentialAction":[{"@type":"SearchAction","target":{"@type":"EntryPoint","urlTemplate":"https:\/\/sites.uef.fi\/heatclim\/?s={search_term_string}"},"query-input":{"@type":"PropertyValueSpecification","valueRequired":true,"valueName":"search_term_string"}}],"inLanguage":"fi"}]}},"_links":{"self":[{"href":"https:\/\/sites.uef.fi\/heatclim\/wp-json\/wp\/v2\/pages\/103","targetHints":{"allow":["GET"]}}],"collection":[{"href":"https:\/\/sites.uef.fi\/heatclim\/wp-json\/wp\/v2\/pages"}],"about":[{"href":"https:\/\/sites.uef.fi\/heatclim\/wp-json\/wp\/v2\/types\/page"}],"author":[{"embeddable":true,"href":"https:\/\/sites.uef.fi\/heatclim\/wp-json\/wp\/v2\/users\/291"}],"replies":[{"embeddable":true,"href":"https:\/\/sites.uef.fi\/heatclim\/wp-json\/wp\/v2\/comments?post=103"}],"version-history":[{"count":2,"href":"https:\/\/sites.uef.fi\/heatclim\/wp-json\/wp\/v2\/pages\/103\/revisions"}],"predecessor-version":[{"id":381,"href":"https:\/\/sites.uef.fi\/heatclim\/wp-json\/wp\/v2\/pages\/103\/revisions\/381"}],"wp:attachment":[{"href":"https:\/\/sites.uef.fi\/heatclim\/wp-json\/wp\/v2\/media?parent=103"}],"curies":[{"name":"wp","href":"https:\/\/api.w.org\/{rel}","templated":true}]}}