{"id":94,"date":"2020-11-27T15:35:52","date_gmt":"2020-11-27T13:35:52","guid":{"rendered":"https:\/\/sites.uef.fi\/heatclim\/?page_id=94"},"modified":"2025-01-09T10:51:42","modified_gmt":"2025-01-09T08:51:42","slug":"publications","status":"publish","type":"page","link":"https:\/\/sites.uef.fi\/heatclim\/publications\/","title":{"rendered":"Publications"},"content":{"rendered":"\n<h2 class=\"wp-block-heading\">Scientific articles<\/h2>\n\n\n\n<p>Lipponen, AH., Mikkonen, S., Kollanus, V., Tiittanen, P., Lanki T. (2024) <br>Increase in summertime ambient temperature is associated with decreased sick leave risk in Helsinki, Finland. Environmental research 2024; 117396. Available online: <a href=\"https:\/\/doi.org\/10.1016\/j.envres.2023.117396\" target=\"_blank\" rel=\"noreferrer noopener\">https:\/\/doi.org\/10.1016\/j.envres.2023.117396<\/a><\/p>\n\n\n\n<p>Sohail H., S. Zhang, U. Kraus, S. Mikkonen, S. Breitner, K. Wolf, N. Nikolaou, A. Peters, T. Lanki, and A. Schneider (2024)<br>Association between air temperature and self-perceived health status in Southern Germany: Results from KORA FIT study<br>International Journal of Hygiene and Environmental Health, 262, 114431, <a href=\"https:\/\/doi.org\/10.1016\/j.ijheh.2024.114431\">doi:10.1016\/j.ijheh.2024.114431<\/a>.<\/p>\n\n\n\n<p>Farahani, A. V., Jokisalo, J., Korhonen, N., Jylh\u00e4, K., &amp; Kosonen, R. (2024) <br>Hot Summers in Nordic Apartments: Exploring the Correlation between Outdoor Weather Conditions and Indoor Temperature. <br>Buildings, 14(4), 1053. <a href=\"https:\/\/doi.org\/10.3390\/buildings14041053\">https:\/\/doi.org\/10.3390\/buildings14041053<\/a>.<\/p>\n\n\n\n<p>Farahani, A. V., kravchenko, I., Jokisalo, J., Korhonen, N., Jylh\u00e4, K., &amp; Kosonen, R. (2023). Overheating assessment for apartments during average and hot summers in the Nordic climate. <em>Building Research &amp; Information<\/em>, <em>52<\/em>(3), 273\u2013291. <br><a href=\"https:\/\/doi.org\/10.1080\/09613218.2023.2253338\">https:\/\/doi.org\/10.1080\/09613218.2023.2253338<\/a><\/p>\n\n\n\n<p>Ruosteenoja, K.,  Jylh\u00e4, K. (2023)<br>Average and extreme heatwaves in Europe at 0.5-2.0\u00b0C global warming levels in CMIP6 model simulations. <br>Climate Dynamics, 2023 Available online:&nbsp;<a href=\"https:\/\/doi.org\/10.1007\/s00382-023-06798-4\" target=\"_blank\" rel=\"noreferrer noopener\">online<\/a>.<\/p>\n\n\n\n<p>Drebs A., Suomi J., M\u00e4kel\u00e4 A. (2023)<br>Urban heat island research at high latitudes \u2014 utilising Finland as an example. <br>Boreal Environment Research 2023; 28: 81\u201396. Available online:&nbsp;<a href=\"https:\/\/eur03.safelinks.protection.outlook.com\/?url=http%3A%2F%2Fwww.borenv.net%2FBER%2Farchive%2Fpdfs%2Fber28%2Fber28-081-096.pdf&amp;data=05%7C01%7C%7Cedf28bc1eae942b6e8fe08db2c7d7b82%7C87879f2e73044bf2baf263e7f83f3c34%7C0%7C0%7C638152689674321199%7CUnknown%7CTWFpbGZsb3d8eyJWIjoiMC4wLjAwMDAiLCJQIjoiV2luMzIiLCJBTiI6Ik1haWwiLCJXVCI6Mn0%3D%7C3000%7C%7C%7C&amp;sdata=j%2B0D0MzGq53ZNnYK%2Bxe2%2FD0B5lCYDlTxmPIJOG9h9hw%3D&amp;reserved=0\" target=\"_blank\" rel=\"noreferrer noopener\">http:\/\/www.borenv.net\/BER\/archive\/pdfs\/ber28\/ber28-081-096.pdf<\/a><\/p>\n\n\n\n<p>Chen, M., Farahani, A. V., Kilpel\u00e4inen, S., Kosonen, R., Younes, J., Ghaddar, N., Ghali, K., Melikov, A. K. (2023)<br>Thermal comfort chamber study of Nordic elderly people with local cooling devices in warm conditions. <br>Building and Environment 2023, 110213. Available <a href=\"https:\/\/doi.org\/10.1016\/j.buildenv.2023.110213\" target=\"_blank\" rel=\"noreferrer noopener\">online<\/a>.<\/p>\n\n\n\n<p>Younes J., M. Chen, K. Ghali, R. Kosonen, A. K. Melikov, A. V. Farahani, S. Kilpel\u00e4inen, N. Ghaddar (2023)<br>Enhancing sustainability and resilience of elderly dwellings: Optimized refurbishing parameters and air conditioning operation<br>Energy and Buildings, Volume 289, 2023, 113065, <a href=\"https:\/\/doi.org\/10.1016\/j.enbuild.2023.113065\" target=\"_blank\" rel=\"noreferrer noopener\">https:\/\/doi.org\/10.1016\/j.enbuild.2023.113065<\/a>.<\/p>\n\n\n\n<p>Younes J., M. Chen, K. Ghali, R. Kosonen, A. K. Melikov, N. Ghaddar (2023)<br>A thermal sensation model for elderly under steady and transient uniform conditions<br>Building and Environment, Volume 227, Part 2, 2023, 109797, <a href=\"https:\/\/doi.org\/10.1016\/j.buildenv.2022.109797\" target=\"_blank\" rel=\"noreferrer noopener\">https:\/\/doi.org\/10.1016\/j.buildenv.2022.109797<\/a>.<\/p>\n\n\n\n<p>Farahani A.V., I. Kravchenko, J. Jokisalo, N. Korhonen, K. Jylh\u00e4 &amp; R. Kosonen (2023)<br>Overheating assessment for apartments during average and hot summers in the Nordic climate<br>Building Research &amp; Information,DOI: <a href=\"https:\/\/doi.org\/10.1080\/09613218.2023.2253338\">10.1080\/09613218.2023.2253338<\/a>.<\/p>\n\n\n\n<p>Kravchenko I., A. V. Farahani, R. Kosonen, S. Kilpel\u00e4inen, O. Saranko, C. Fortelius (2023)<br>Effect of the urban microenvironment on the indoor air temperature of the residential building stock in the Helsinki region <br>Building and Environment, Volume 246, 2023, 110971, <a href=\"https:\/\/doi.org\/10.1016\/j.buildenv.2023.110971\" target=\"_blank\" rel=\"noreferrer noopener\">https:\/\/doi.org\/10.1016\/j.buildenv.2023.110971<\/a>.<\/p>\n\n\n\n<p>Ruosteenoja, K., Jylh\u00e4 K. (2023)<br>Heatwave projections for Finland at different levels of global warming derived from CMIP6 simulations<br>Geophysica, 58, 2023, 58, 47-75, <a href=\"https:\/\/www.geophysica.fi\/article\/id-58-1-047-ruosteenoja\/\" target=\"_blank\" rel=\"noreferrer noopener\">https:\/\/www.geophysica.fi\/article\/id-58-1-047-ruosteenoja\/<\/a><\/p>\n\n\n\n<p>Farahani A.V., J. Jokisalo, N. Korhonen, K. Jylh\u00e4, R. Kosonen, S. Lestinen (2022)<br>Performance assessment of ventilative and radiant cooling systems in office buildings during extreme weather conditions under a changing climate, Journal of Building Engineering, Volume 57, 2022, 104951, <a href=\"https:\/\/doi.org\/10.1016\/j.jobe.2022.104951\" target=\"_blank\" rel=\"noreferrer noopener\">https:\/\/doi.org\/10.1016\/j.jobe.2022.104951<\/a>.<\/p>\n\n\n\n<p>Rutgersson, A., Kjellstr\u00f6m, E., Haapala, J., Stendel, M., Danilovich, I., Drews, M., Jylh\u00e4, K., Kujala, P., Lars\u00e9n, X. G., Halsn\u00e6s, K., Lehtonen, I., Luomaranta, A., Nilsson, E., Olsson, T., S\u00e4rkk\u00e4, J., Tuomi, L., and Wasmund, N. (2022) <br>Natural hazards and extreme events in the Baltic Sea region <br>Earth Syst. Dynam., 13, 251\u2013301, https:\/\/doi.org\/10.5194\/esd-13-251-2022.<\/p>\n\n\n\n<p>Kravchenko I, Kosonen R, Jokisalo J, Kilpel\u00e4inen S. (2022)<br>Performance of Modern Passive Stack Ventilation in a Retrofitted Nordic Apartment Building. <br>Buildings. 2022; 12(2):96. <a href=\"https:\/\/doi.org\/10.3390\/buildings12020096\" target=\"_blank\" rel=\"noreferrer noopener\">https:\/\/doi.org\/10.3390\/buildings12020096<\/a>.<\/p>\n\n\n\n<p>Ruuhela, R., Votsis, A., Kukkonen, J., Jylh\u00e4, K., Kankaanp\u00e4\u00e4, S., &amp; Perrels, A. (2021) <br>Temperature-Related Mortality in Helsinki Compared to Its Surrounding Region Over Two Decades, with Special Emphasis on Intensive Heatwaves. <br>Atmosphere, 12(1), 46. https:\/\/doi.org\/10.3390\/atmos12010046.<\/p>\n\n\n\n<p>Velashjerdi Farahani A., Jokisalo J., Korhonen N., Jylh\u00e4 K., Ruostenoja K., Kosonen R. (2021)<br>Overheating Risk and Energy Demand of Nordic Old and New Apartment Buildings during Average and Extreme Weather Conditions under a Changing Climate. <br>Applied Sciences, 2021; 11:3972. Available <a href=\"https:\/\/www.mdpi.com\/2076-3417\/11\/9\/3972\" target=\"_blank\" rel=\"noreferrer noopener\">online<\/a>.<\/p>\n\n\n\n<p>Kollanus V., Tiittanen P., Lanki T. (2021)<br>Mortality risk related to heatwaves in Finland \u2013 Factors affecting vulnerability. <br>Environmental Research, 2021; 201:111503. Available <a href=\"https:\/\/doi.org\/10.1016\/j.envres.2021.111503\" target=\"_blank\" rel=\"noreferrer noopener\">online<\/a>.<\/p>\n\n\n\n<p>Sohail H., Kollanus V., Tiittanen P., Schneider A., Lanki T. (2020)<br>Heat, heatwaves and cardiorespiratory hospital admissions in Helsinki, Finland. <br>International Journal of Environmental Research and Public Health 2020; 17:7892. Available <a href=\"https:\/\/www.mdpi.com\/1660-4601\/17\/21\/7892\" target=\"_blank\" rel=\"noreferrer noopener\">online<\/a>.<\/p>\n\n\n\n<h2 class=\"wp-block-heading\">Publications for professional communities<\/h2>\n\n\n\n<p>Jylh\u00e4 K.,&nbsp;Ruosteenoja K.,&nbsp;B\u00f6\u00f6k H., Lindfors A.,&nbsp;Pirinen P.,&nbsp;Laapas M.,&nbsp;M\u00e4kel\u00e4 A. Nykyisen ja tulevan ilmaston s\u00e4\u00e4tietoja rakennusfysikaalisia laskelmia ja energialaskennan testivuotta 2020 varten. Ilmatieteen laitos, Raportteja 2020:6. Available <a rel=\"noreferrer noopener\" href=\"http:\/\/hdl.handle.net\/10138\/321164\" target=\"_blank\">online<\/a>. <\/p>\n\n\n\n<p>Hannikainen K., H\u00e4rm\u00e4 V., Karvonen S., Saikkonen P. Helteet aiheuttavat terveyshaittoja my\u00f6s Suomessa: Mit\u00e4 tied\u00e4mme taustalla olevista tekij\u00f6ist\u00e4? Tutkimuksesta tiiviisti 7\/2021. Suomen sosiaalinen tila 3\/2021. Terveyden ja hyvinvoinnin laitos, Helsinki. Available&nbsp;<a rel=\"noreferrer noopener\" href=\"https:\/\/www.julkari.fi\/bitstream\/handle\/10024\/140968\/URN_ISBN_978-952-343-626-8.pdf\" target=\"_blank\">online<\/a>.<\/p>\n\n\n\n<p>Ruosteenoja K. Applicability of CMIP6 models for building climate projections for northern Europe. Ilmatieteen laitos, Raportteja 2021:7. Available <a rel=\"noreferrer noopener\" href=\"http:\/\/hdl.handle.net\/10138\/334477\" target=\"_blank\">online<\/a>. <\/p>\n\n\n\n<h2 class=\"wp-block-heading\">Conference abstracts<\/h2>\n\n\n\n<p>Sohail H., Tiittanen P., Kollanus V., Lanki T. Heat, heatwaves and cardiorespiratory hospital admissions in Helsinki, Finland.&nbsp; 16th World Congress on Public Health 2020. European Journal of Public Health, Vol. 30, Issue Supplement 5, September 2020, ckaa166.140. Available <a rel=\"noreferrer noopener\" href=\"https:\/\/doi.org\/10.1093\/eurpub\/ckaa166.140\" target=\"_blank\">online<\/a>.<\/p>\n\n\n\n<p>Korhonen N., Hyv\u00e4rinen O., K\u00e4m\u00e4r\u00e4inen M., Jylh\u00e4 K. Evaluating sub-seasonal heatwave reforecasts of the ECMWF over Europe. EMS Annual Meeting Abstracts, 2021. Vol. 18, EMS2021-146.  Available <a href=\"https:\/\/doi.org\/10.5194\/ems2021-146\" target=\"_blank\" rel=\"noreferrer noopener\">online<\/a>.<\/p>\n\n\n\n<p>K\u00e4m\u00e4r\u00e4inen M., Jylh\u00e4 K., Korhonen N., Nyv\u00e4rinen O. Forecasting monthly numbers of hot days in Europe with a convolutional neural network. EMS Annual Meeting Abstracts, 2021. Vol. 18, EMS2021-90. Available <a href=\"https:\/\/doi.org\/10.5194\/ems2021-90\" target=\"_blank\" rel=\"noreferrer noopener\">online<\/a>. <\/p>\n\n\n\n<p>Jylh\u00e4 K., Ruosteenoja K., B\u00f6\u00f6k H., Lindfors A., Pirinen P., Laapas M., M\u00e4kel\u00e4 A. Tailored climate information for assessing energy demand and physical functioning of buildings. EMS Annual Meeting Abstracts, 2021. Vol. 18, EMS2021-243. Available <a href=\"https:\/\/doi.org\/10.5194\/ems2021-243\" target=\"_blank\" rel=\"noreferrer noopener\">online<\/a>. <\/p>\n\n\n\n<p>Derbs A., Sinsel T., Jylh\u00e4 K. About simulated influence of roof- and wall-greening on an old people\u2019s home in Helsinki, Finland, during the 2018 heatwave event. EMS Annual Meeting Abstracts, 2021. Vol. 18, EMS2021-221. Available <a href=\"https:\/\/doi.org\/10.5194\/ems2021-22\" target=\"_blank\" rel=\"noreferrer noopener\">online<\/a>.<\/p>\n\n\n\n<p>Derbs A., Sinsel T., Jylh\u00e4 K. Micro-climatological influences on temperature condition in an old people\u2019s home in Helsinki, Finland, caused by extended heat-waves. EGU General Assembly 2021. EGU21-10897. Available <a href=\"https:\/\/doi.org\/10.5194\/egusphere-egu21-10897\" target=\"_blank\" rel=\"noreferrer noopener\">online<\/a>. <\/p>\n\n\n\n<p><\/p>\n","protected":false},"excerpt":{"rendered":"<p>Scientific articles Lipponen, AH., Mikkonen, S., Kollanus, V., Tiittanen, P., Lanki T. (2024) Increase in summertime ambient temperature is associated with decreased sick leave risk in Helsinki, Finland. Environmental research 2024; 117396. Available online: https:\/\/doi.org\/10.1016\/j.envres.2023.117396 Sohail H., S. Zhang, U. Kraus, S. Mikkonen, S. Breitner, K. Wolf, N. Nikolaou, A. Peters, T. Lanki, and A. [&hellip;]<\/p>\n","protected":false},"author":291,"featured_media":0,"parent":0,"menu_order":0,"comment_status":"closed","ping_status":"closed","template":"","meta":{"_acf_changed":false,"_monsterinsights_skip_tracking":false,"_monsterinsights_sitenote_active":false,"_monsterinsights_sitenote_note":"","_monsterinsights_sitenote_category":0,"footnotes":""},"class_list":["post-94","page","type-page","status-publish","hentry"],"acf":[],"yoast_head":"<!-- This site is optimized with the Yoast SEO plugin v27.3 - https:\/\/yoast.com\/product\/yoast-seo-wordpress\/ -->\n<title>Publications - HEATCLIM<\/title>\n<meta name=\"robots\" content=\"index, follow, max-snippet:-1, max-image-preview:large, max-video-preview:-1\" \/>\n<link rel=\"canonical\" href=\"https:\/\/sites.uef.fi\/heatclim\/publications\/\" \/>\n<meta property=\"og:locale\" content=\"fi_FI\" \/>\n<meta property=\"og:type\" content=\"article\" \/>\n<meta property=\"og:title\" content=\"Publications - HEATCLIM\" \/>\n<meta property=\"og:description\" content=\"Scientific articles Lipponen, AH., Mikkonen, S., Kollanus, V., Tiittanen, P., Lanki T. (2024) Increase in summertime ambient temperature is associated with decreased sick leave risk in Helsinki, Finland. Environmental research 2024; 117396. Available online: https:\/\/doi.org\/10.1016\/j.envres.2023.117396 Sohail H., S. Zhang, U. Kraus, S. Mikkonen, S. Breitner, K. Wolf, N. Nikolaou, A. Peters, T. Lanki, and A. [&hellip;]\" \/>\n<meta property=\"og:url\" content=\"https:\/\/sites.uef.fi\/heatclim\/publications\/\" \/>\n<meta property=\"og:site_name\" content=\"HEATCLIM\" \/>\n<meta property=\"article:modified_time\" content=\"2025-01-09T08:51:42+00:00\" \/>\n<meta name=\"twitter:card\" content=\"summary_large_image\" \/>\n<meta name=\"twitter:label1\" content=\"Arvioitu lukuaika\" \/>\n\t<meta name=\"twitter:data1\" content=\"6 minuuttia\" \/>\n<script type=\"application\/ld+json\" class=\"yoast-schema-graph\">{\"@context\":\"https:\\\/\\\/schema.org\",\"@graph\":[{\"@type\":\"WebPage\",\"@id\":\"https:\\\/\\\/sites.uef.fi\\\/heatclim\\\/publications\\\/\",\"url\":\"https:\\\/\\\/sites.uef.fi\\\/heatclim\\\/publications\\\/\",\"name\":\"Publications - HEATCLIM\",\"isPartOf\":{\"@id\":\"https:\\\/\\\/sites.uef.fi\\\/heatclim\\\/#website\"},\"datePublished\":\"2020-11-27T13:35:52+00:00\",\"dateModified\":\"2025-01-09T08:51:42+00:00\",\"breadcrumb\":{\"@id\":\"https:\\\/\\\/sites.uef.fi\\\/heatclim\\\/publications\\\/#breadcrumb\"},\"inLanguage\":\"fi\",\"potentialAction\":[{\"@type\":\"ReadAction\",\"target\":[\"https:\\\/\\\/sites.uef.fi\\\/heatclim\\\/publications\\\/\"]}]},{\"@type\":\"BreadcrumbList\",\"@id\":\"https:\\\/\\\/sites.uef.fi\\\/heatclim\\\/publications\\\/#breadcrumb\",\"itemListElement\":[{\"@type\":\"ListItem\",\"position\":1,\"name\":\"Home\",\"item\":\"https:\\\/\\\/sites.uef.fi\\\/heatclim\\\/\"},{\"@type\":\"ListItem\",\"position\":2,\"name\":\"Publications\"}]},{\"@type\":\"WebSite\",\"@id\":\"https:\\\/\\\/sites.uef.fi\\\/heatclim\\\/#website\",\"url\":\"https:\\\/\\\/sites.uef.fi\\\/heatclim\\\/\",\"name\":\"HEATCLIM\",\"description\":\"\",\"potentialAction\":[{\"@type\":\"SearchAction\",\"target\":{\"@type\":\"EntryPoint\",\"urlTemplate\":\"https:\\\/\\\/sites.uef.fi\\\/heatclim\\\/?s={search_term_string}\"},\"query-input\":{\"@type\":\"PropertyValueSpecification\",\"valueRequired\":true,\"valueName\":\"search_term_string\"}}],\"inLanguage\":\"fi\"}]}<\/script>\n<!-- \/ Yoast SEO plugin. -->","yoast_head_json":{"title":"Publications - HEATCLIM","robots":{"index":"index","follow":"follow","max-snippet":"max-snippet:-1","max-image-preview":"max-image-preview:large","max-video-preview":"max-video-preview:-1"},"canonical":"https:\/\/sites.uef.fi\/heatclim\/publications\/","og_locale":"fi_FI","og_type":"article","og_title":"Publications - HEATCLIM","og_description":"Scientific articles Lipponen, AH., Mikkonen, S., Kollanus, V., Tiittanen, P., Lanki T. (2024) Increase in summertime ambient temperature is associated with decreased sick leave risk in Helsinki, Finland. Environmental research 2024; 117396. Available online: https:\/\/doi.org\/10.1016\/j.envres.2023.117396 Sohail H., S. Zhang, U. Kraus, S. Mikkonen, S. Breitner, K. Wolf, N. Nikolaou, A. Peters, T. Lanki, and A. [&hellip;]","og_url":"https:\/\/sites.uef.fi\/heatclim\/publications\/","og_site_name":"HEATCLIM","article_modified_time":"2025-01-09T08:51:42+00:00","twitter_card":"summary_large_image","twitter_misc":{"Arvioitu lukuaika":"6 minuuttia"},"schema":{"@context":"https:\/\/schema.org","@graph":[{"@type":"WebPage","@id":"https:\/\/sites.uef.fi\/heatclim\/publications\/","url":"https:\/\/sites.uef.fi\/heatclim\/publications\/","name":"Publications - HEATCLIM","isPartOf":{"@id":"https:\/\/sites.uef.fi\/heatclim\/#website"},"datePublished":"2020-11-27T13:35:52+00:00","dateModified":"2025-01-09T08:51:42+00:00","breadcrumb":{"@id":"https:\/\/sites.uef.fi\/heatclim\/publications\/#breadcrumb"},"inLanguage":"fi","potentialAction":[{"@type":"ReadAction","target":["https:\/\/sites.uef.fi\/heatclim\/publications\/"]}]},{"@type":"BreadcrumbList","@id":"https:\/\/sites.uef.fi\/heatclim\/publications\/#breadcrumb","itemListElement":[{"@type":"ListItem","position":1,"name":"Home","item":"https:\/\/sites.uef.fi\/heatclim\/"},{"@type":"ListItem","position":2,"name":"Publications"}]},{"@type":"WebSite","@id":"https:\/\/sites.uef.fi\/heatclim\/#website","url":"https:\/\/sites.uef.fi\/heatclim\/","name":"HEATCLIM","description":"","potentialAction":[{"@type":"SearchAction","target":{"@type":"EntryPoint","urlTemplate":"https:\/\/sites.uef.fi\/heatclim\/?s={search_term_string}"},"query-input":{"@type":"PropertyValueSpecification","valueRequired":true,"valueName":"search_term_string"}}],"inLanguage":"fi"}]}},"_links":{"self":[{"href":"https:\/\/sites.uef.fi\/heatclim\/wp-json\/wp\/v2\/pages\/94","targetHints":{"allow":["GET"]}}],"collection":[{"href":"https:\/\/sites.uef.fi\/heatclim\/wp-json\/wp\/v2\/pages"}],"about":[{"href":"https:\/\/sites.uef.fi\/heatclim\/wp-json\/wp\/v2\/types\/page"}],"author":[{"embeddable":true,"href":"https:\/\/sites.uef.fi\/heatclim\/wp-json\/wp\/v2\/users\/291"}],"replies":[{"embeddable":true,"href":"https:\/\/sites.uef.fi\/heatclim\/wp-json\/wp\/v2\/comments?post=94"}],"version-history":[{"count":1,"href":"https:\/\/sites.uef.fi\/heatclim\/wp-json\/wp\/v2\/pages\/94\/revisions"}],"predecessor-version":[{"id":634,"href":"https:\/\/sites.uef.fi\/heatclim\/wp-json\/wp\/v2\/pages\/94\/revisions\/634"}],"wp:attachment":[{"href":"https:\/\/sites.uef.fi\/heatclim\/wp-json\/wp\/v2\/media?parent=94"}],"curies":[{"name":"wp","href":"https:\/\/api.w.org\/{rel}","templated":true}]}}