{"id":132,"date":"2021-03-18T13:06:12","date_gmt":"2021-03-18T11:06:12","guid":{"rendered":"https:\/\/sites.uef.fi\/highemploy\/?page_id=132"},"modified":"2021-06-10T09:45:47","modified_gmt":"2021-06-10T06:45:47","slug":"previous-research-in-the-field","status":"publish","type":"page","link":"https:\/\/sites.uef.fi\/highemploy\/previous-research-in-the-field\/?lang=en","title":{"rendered":"Previous research in the field"},"content":{"rendered":"\n<p>Aro, M. (2014). Koulutusinflaatio. Koulutusekspansio ja koulutuksen arvo Suomessa 1970\u20132008 [Educational inflation. The expansion of education and the value of degrees in Finland 1970\u2013 2008]. Turku: University of Turku.<\/p>\n\n\n\n<p>Aro, M. (2014). Koulutusekspansiosta koulutusinflaatioon. [From educational expansion to inflation of education]. Hyvinvointikatsaus 3\/2014, s. 2-8.<\/p>\n\n\n\n<p>Haltia, N., Leskinen, L. &amp; Rahiala, E. (2014). Avoimen korkeakoulun opiskelijamuotokuva 2010-luvulla: Opiskelijoiden taustojen, motiivien ja koettujen hy\u00f6tyjen tarkastelua. Aikuiskasvatus 23 (4), 244-258.<\/p>\n\n\n\n<p>Haltia, N. (2015). Avoimen yliopiston tutkintov\u00e4yl\u00e4 koulutuspoliittisessa keskustelussa. Aikuiskasvatus 35 (4), 254-265.<\/p>\n\n\n\n<p>Rinne, R., Haltia, N., Nori, H. &amp; Jauhiainen, A. (2007). Yliopiston porteilla. Aikuiset ja nuoret hakijat ja sis\u00e4\u00e4n p\u00e4\u00e4sseet 2000-luvun alun Suomessa. Kasvatusalan julkaisuja 36.<\/p>\n\n\n\n<p>Isopahkala-Bouret, U. (2015a) \u2018It\u2019s Considered a Second Class Thing\u2019. The Differences in Status between Traditional and Newly Established Higher Education Credentials. Studies in Higher Education 40(7), 1291\u20131306.<\/p>\n\n\n\n<p>Isopahkala-Bouret, U. (2018). Stratification through a binary degree structure in Finnish higher education. In R. Bloch, A. Mitterle, C. Paradeise &amp; T. Peter (eds.) Universities and the production of Elites: Discourses, Policies, and Strategies of Excellence and Stratification in Higher Education (pp. 83\u2013101). London: Palgrave Macmillan.<\/p>\n\n\n\n<p>Isopahkala-Bouret, U. (2017). Benefits of higher education in mid-life: A life course agency perspective. Journal of Adult and Continuing Education 23(1), 15-31.<\/p>\n\n\n\n<p>Komulainen, Katri, Keskitalo\u2013Foley, Seija, Korhonen, Maija ja Lappalainen, Sirpa (toim.) (2010). Yritt\u00e4jyyskasvatus hallintana. Tampere: Vastapaino.<\/p>\n\n\n\n<p>Korhonen, M., Komulainen, K., R\u00e4ty, H., Mattanen, J. &amp; Hirva, L. (2016). Do \u2018good students\u2019 make better entrepreneurs than \u2018bad learners\u2019? Ninth-grade pupils\u2019 perceptions of entrepreneurial abilities within the school\u2019s discursive practices. European Journal of Educational Research, 15(2), 175\u2013192.<\/p>\n\n\n\n<p>Korhonen, M. (2012). Entrepreneurship for everyone? Neoliberal governance, educability and social differences in the school\u2019s entrepreneurship education. Publications of the University of Eastern Finland. Dissertations in Education, Humanities, and Theology No 29. University of Eastern Finland, Joensuu.<\/p>\n\n\n\n<p>Nori, H. (2011). Keille yliopiston portit avautuvat? Tutkimus suomalaisiin yliopistoihin ja eri tieteenaloille valikoitumisesta 2000-luvun alussa [For whom will the university gates open? A study of the selection for admission to Finnish universities and fields of study in the beginning of the 21st century]. Turku: University of Turku.<\/p>\n\n\n\n<p>Ojala, K. (2017). Ylemm\u00e4t ammattikorkeakoulututkinnot ty\u00f6markkinoilla ja korkeakouluj\u00e4rjestelm\u00e4ss\u00e4 [The university of applied sciences master\u2019s degree in the labor market and higher education]. Turku: University of Turku.<\/p>\n\n\n\n<p>Ojala, K. &amp; Isopahkala-Bouret, U. (2015). Ylemm\u00e4n ammattikorkeakoulututkinnon ja maisterin tutkinnon suorittaneet ty\u00f6markkinoilla &#8211; tutkintojen statuserot, ty\u00f6kokemus ja ty\u00f6teht\u00e4vien eriytyminen kilpailuasetelman m\u00e4\u00e4ritt\u00e4jin\u00e4. Teoksessa H. Aittola &amp; J. Ursin (toim.) Eriarvoistuva korkeakoulutus? Artikkelikokoelma Korkeakoulututkimuksen XII kansallisesta symposiumista 19.-20.8.2014. Koulutuksen tutkimuslaitos. Jyv\u00e4skyl\u00e4n yliopisto.<\/p>\n\n\n\n<p>Ojala, K., Isopahkala-Bouret, U. &amp; Haltia, N. (2018). Osaaminen ja kilpailukyky YAMK-tutkinnon suorittaneiden suhteellisen ty\u00f6markkina-aseman m\u00e4\u00e4ritt\u00e4jin\u00e4. Aikuiskasvatus (painossa).Siivonen, P. (2017). Who is to be positioned as employable? Adult graduates\u2019 educational and working life pathways. In M. Tomlinson &amp; L. Holmes (Eds.), Graduate employability in context (pp. 237\u2013254). London: Palgrave Macmillan.<\/p>\n\n\n\n<p>Siivonen, P., Komulainen, K., R\u00e4ty, H., Korhonen, M., Kasanen, K. &amp; Rautiainen, R. (2016). Salvation or a Broken Promise? Two adult graduates\u2019 social positioning in education and working life.Scandinavian Journal of Educational Research 60 (1), 110\u2013125.<\/p>\n\n\n\n<p>Siivonen, P. &amp; Isopahkala-Bouret, U. (2016). Adult graduates\u2019 negotiations of age(ing) and employability. Journal of Education and Work 29(3), 352\u2013372.<\/p>\n\n\n\n<p>Siivonen, P. &amp; Brunila, K. (2014). The making of entrepreneurial subjectivity in adult education. Studies in Continuing Education 36 (2),160\u2013172.<\/p>\n","protected":false},"excerpt":{"rendered":"<p>Aro, M. (2014). Koulutusinflaatio. Koulutusekspansio ja koulutuksen arvo Suomessa 1970\u20132008 [Educational inflation. The expansion of education and the value of degrees in Finland 1970\u2013 2008]. Turku: University of Turku. Aro, M. (2014). Koulutusekspansiosta koulutusinflaatioon. [From educational expansion to inflation of education]. Hyvinvointikatsaus 3\/2014, s. 2-8. Haltia, N., Leskinen, L. &amp; Rahiala, E. (2014). Avoimen korkeakoulun [&hellip;]<\/p>\n","protected":false},"author":500,"featured_media":0,"parent":0,"menu_order":0,"comment_status":"closed","ping_status":"closed","template":"","meta":{"_acf_changed":false,"_monsterinsights_skip_tracking":false,"_monsterinsights_sitenote_active":false,"_monsterinsights_sitenote_note":"","_monsterinsights_sitenote_category":0,"footnotes":""},"class_list":["post-132","page","type-page","status-publish","hentry"],"acf":[],"yoast_head":"<!-- This site is optimized with the Yoast SEO plugin v27.1.1 - https:\/\/yoast.com\/product\/yoast-seo-wordpress\/ -->\n<title>Previous research in the field - HighEmploy<\/title>\n<meta name=\"robots\" content=\"index, follow, max-snippet:-1, max-image-preview:large, max-video-preview:-1\" \/>\n<link rel=\"canonical\" href=\"https:\/\/sites.uef.fi\/highemploy\/previous-research-in-the-field\/?lang=en\" \/>\n<meta property=\"og:locale\" content=\"fi_FI\" \/>\n<meta property=\"og:type\" content=\"article\" \/>\n<meta property=\"og:title\" content=\"Previous research in the field - HighEmploy\" \/>\n<meta property=\"og:description\" content=\"Aro, M. (2014). Koulutusinflaatio. Koulutusekspansio ja koulutuksen arvo Suomessa 1970\u20132008 [Educational inflation. The expansion of education and the value of degrees in Finland 1970\u2013 2008]. Turku: University of Turku. Aro, M. (2014). Koulutusekspansiosta koulutusinflaatioon. [From educational expansion to inflation of education]. Hyvinvointikatsaus 3\/2014, s. 2-8. Haltia, N., Leskinen, L. &amp; Rahiala, E. (2014). Avoimen korkeakoulun [&hellip;]\" \/>\n<meta property=\"og:url\" content=\"https:\/\/sites.uef.fi\/highemploy\/previous-research-in-the-field\/?lang=en\" \/>\n<meta property=\"og:site_name\" content=\"HighEmploy\" \/>\n<meta property=\"article:modified_time\" content=\"2021-06-10T06:45:47+00:00\" \/>\n<meta name=\"twitter:card\" content=\"summary_large_image\" \/>\n<meta name=\"twitter:label1\" content=\"Arvioitu lukuaika\" \/>\n\t<meta name=\"twitter:data1\" content=\"3 minuuttia\" \/>\n<script type=\"application\/ld+json\" class=\"yoast-schema-graph\">{\"@context\":\"https:\/\/schema.org\",\"@graph\":[{\"@type\":\"WebPage\",\"@id\":\"https:\/\/sites.uef.fi\/highemploy\/previous-research-in-the-field\/?lang=en\",\"url\":\"https:\/\/sites.uef.fi\/highemploy\/previous-research-in-the-field\/?lang=en\",\"name\":\"Previous research in the field - HighEmploy\",\"isPartOf\":{\"@id\":\"https:\/\/sites.uef.fi\/highemploy\/#website\"},\"datePublished\":\"2021-03-18T11:06:12+00:00\",\"dateModified\":\"2021-06-10T06:45:47+00:00\",\"breadcrumb\":{\"@id\":\"https:\/\/sites.uef.fi\/highemploy\/previous-research-in-the-field\/?lang=en#breadcrumb\"},\"inLanguage\":\"fi\",\"potentialAction\":[{\"@type\":\"ReadAction\",\"target\":[\"https:\/\/sites.uef.fi\/highemploy\/previous-research-in-the-field\/?lang=en\"]}]},{\"@type\":\"BreadcrumbList\",\"@id\":\"https:\/\/sites.uef.fi\/highemploy\/previous-research-in-the-field\/?lang=en#breadcrumb\",\"itemListElement\":[{\"@type\":\"ListItem\",\"position\":1,\"name\":\"Home\",\"item\":\"https:\/\/sites.uef.fi\/highemploy\/\"},{\"@type\":\"ListItem\",\"position\":2,\"name\":\"Previous research in the field\"}]},{\"@type\":\"WebSite\",\"@id\":\"https:\/\/sites.uef.fi\/highemploy\/#website\",\"url\":\"https:\/\/sites.uef.fi\/highemploy\/\",\"name\":\"HighEmploy\",\"description\":\"\",\"potentialAction\":[{\"@type\":\"SearchAction\",\"target\":{\"@type\":\"EntryPoint\",\"urlTemplate\":\"https:\/\/sites.uef.fi\/highemploy\/?s={search_term_string}\"},\"query-input\":{\"@type\":\"PropertyValueSpecification\",\"valueRequired\":true,\"valueName\":\"search_term_string\"}}],\"inLanguage\":\"fi\"}]}<\/script>\n<!-- \/ Yoast SEO plugin. -->","yoast_head_json":{"title":"Previous research in the field - HighEmploy","robots":{"index":"index","follow":"follow","max-snippet":"max-snippet:-1","max-image-preview":"max-image-preview:large","max-video-preview":"max-video-preview:-1"},"canonical":"https:\/\/sites.uef.fi\/highemploy\/previous-research-in-the-field\/?lang=en","og_locale":"fi_FI","og_type":"article","og_title":"Previous research in the field - HighEmploy","og_description":"Aro, M. (2014). Koulutusinflaatio. Koulutusekspansio ja koulutuksen arvo Suomessa 1970\u20132008 [Educational inflation. The expansion of education and the value of degrees in Finland 1970\u2013 2008]. Turku: University of Turku. Aro, M. (2014). Koulutusekspansiosta koulutusinflaatioon. [From educational expansion to inflation of education]. Hyvinvointikatsaus 3\/2014, s. 2-8. Haltia, N., Leskinen, L. &amp; Rahiala, E. (2014). Avoimen korkeakoulun [&hellip;]","og_url":"https:\/\/sites.uef.fi\/highemploy\/previous-research-in-the-field\/?lang=en","og_site_name":"HighEmploy","article_modified_time":"2021-06-10T06:45:47+00:00","twitter_card":"summary_large_image","twitter_misc":{"Arvioitu lukuaika":"3 minuuttia"},"schema":{"@context":"https:\/\/schema.org","@graph":[{"@type":"WebPage","@id":"https:\/\/sites.uef.fi\/highemploy\/previous-research-in-the-field\/?lang=en","url":"https:\/\/sites.uef.fi\/highemploy\/previous-research-in-the-field\/?lang=en","name":"Previous research in the field - HighEmploy","isPartOf":{"@id":"https:\/\/sites.uef.fi\/highemploy\/#website"},"datePublished":"2021-03-18T11:06:12+00:00","dateModified":"2021-06-10T06:45:47+00:00","breadcrumb":{"@id":"https:\/\/sites.uef.fi\/highemploy\/previous-research-in-the-field\/?lang=en#breadcrumb"},"inLanguage":"fi","potentialAction":[{"@type":"ReadAction","target":["https:\/\/sites.uef.fi\/highemploy\/previous-research-in-the-field\/?lang=en"]}]},{"@type":"BreadcrumbList","@id":"https:\/\/sites.uef.fi\/highemploy\/previous-research-in-the-field\/?lang=en#breadcrumb","itemListElement":[{"@type":"ListItem","position":1,"name":"Home","item":"https:\/\/sites.uef.fi\/highemploy\/"},{"@type":"ListItem","position":2,"name":"Previous research in the field"}]},{"@type":"WebSite","@id":"https:\/\/sites.uef.fi\/highemploy\/#website","url":"https:\/\/sites.uef.fi\/highemploy\/","name":"HighEmploy","description":"","potentialAction":[{"@type":"SearchAction","target":{"@type":"EntryPoint","urlTemplate":"https:\/\/sites.uef.fi\/highemploy\/?s={search_term_string}"},"query-input":{"@type":"PropertyValueSpecification","valueRequired":true,"valueName":"search_term_string"}}],"inLanguage":"fi"}]}},"_links":{"self":[{"href":"https:\/\/sites.uef.fi\/highemploy\/wp-json\/wp\/v2\/pages\/132","targetHints":{"allow":["GET"]}}],"collection":[{"href":"https:\/\/sites.uef.fi\/highemploy\/wp-json\/wp\/v2\/pages"}],"about":[{"href":"https:\/\/sites.uef.fi\/highemploy\/wp-json\/wp\/v2\/types\/page"}],"author":[{"embeddable":true,"href":"https:\/\/sites.uef.fi\/highemploy\/wp-json\/wp\/v2\/users\/500"}],"replies":[{"embeddable":true,"href":"https:\/\/sites.uef.fi\/highemploy\/wp-json\/wp\/v2\/comments?post=132"}],"version-history":[{"count":2,"href":"https:\/\/sites.uef.fi\/highemploy\/wp-json\/wp\/v2\/pages\/132\/revisions"}],"predecessor-version":[{"id":294,"href":"https:\/\/sites.uef.fi\/highemploy\/wp-json\/wp\/v2\/pages\/132\/revisions\/294"}],"wp:attachment":[{"href":"https:\/\/sites.uef.fi\/highemploy\/wp-json\/wp\/v2\/media?parent=132"}],"curies":[{"name":"wp","href":"https:\/\/api.w.org\/{rel}","templated":true}]}}