{"id":150,"date":"2021-03-03T14:21:28","date_gmt":"2021-03-03T12:21:28","guid":{"rendered":"https:\/\/sites.uef.fi\/highemploy\/?page_id=150"},"modified":"2021-03-03T14:21:29","modified_gmt":"2021-03-03T12:21:29","slug":"osatutkimus-2","status":"publish","type":"page","link":"https:\/\/sites.uef.fi\/highemploy\/osatutkimus-2\/","title":{"rendered":"Osatutkimus 2"},"content":{"rendered":"\n<h1 class=\"wp-block-heading\">Kontekstuaalinen seurantatutkimus korkeakoulusta valmistuneiden ty\u00f6llistett\u00e4vyydest\u00e4 ja ty\u00f6markkinatrajektoreista<\/h1>\n\n\n\n<p>Korkeasti koulutettujen ty\u00f6llistett\u00e4vyytt\u00e4 ei juurikaan ole tutkittu pitkitt\u00e4isasetelmalla ja ajallisena prosessina. Osatutkimuksessa 2 selvitet\u00e4\u00e4n, miten korkeakoulusta valmistuneet kohtaavat ty\u00f6markkinat ja ty\u00f6el\u00e4m\u00e4n ja millaisia neuvotteluja ja j\u00e4nnitteit\u00e4 t\u00e4h\u00e4n liittyy. Osatutkimuksessa (lue lis\u00e4\u00e4 englanniksi) kysyt\u00e4\u00e4n:<\/p>\n\n\n\n<ol class=\"wp-block-list\"><li>Miten korkeakoulusta valmistuneet navigoivat kilpailullisilla ty\u00f6markkinoilla? Miten he tulkitsevatm neuvottelevat ja s\u00e4\u00e4telev\u00e4t omaa ty\u00f6llistett\u00e4vyytt\u00e4\u00e4n ja ty\u00f6markkinatrajektorejaan sek\u00e4 niihin sis\u00e4ltyvi\u00e4 siirtymi\u00e4 ja liikkuvuutta?<\/li><li>Mill\u00e4 tavoin tutkinnon taso (kandidaatti\/maisteri), institutionaalinen konteksti (yliopisto\/AMK) ja koulutuksen alueellinen sijoittuminen ovat yhteydess\u00e4 korkeakoulusta valmistuneiden tulkintoihin ty\u00f6llistett\u00e4vyydest\u00e4\u00e4n ja heid\u00e4n ty\u00f6el\u00e4m\u00e4trajektoreihinsa?<\/li><li>Millaisia ty\u00f6identiteettej\u00e4 ja niihin liittyvi\u00e4 kykyj\u00e4 korkeakoulusta valmistuneet rakentavat ja millaisista ty\u00f6identiteeteist\u00e4 kykyineen ja ominaisuuksineen he neuvottelevat suhteessa menneeseen, nykyiseen ja tulevaan?<\/li><li>Miten korkeakoulusta valmistuneet tulkitsevat ja neuvottelevat sosiaalisista eroista (kuten sukupuoli, luokka, ik\u00e4 ja n\u00e4iden riste\u00e4m\u00e4t) suhteessa ty\u00f6llistett\u00e4vyyteens\u00e4?<\/li><\/ol>\n","protected":false},"excerpt":{"rendered":"<p>Kontekstuaalinen seurantatutkimus korkeakoulusta valmistuneiden ty\u00f6llistett\u00e4vyydest\u00e4 ja ty\u00f6markkinatrajektoreista Korkeasti koulutettujen ty\u00f6llistett\u00e4vyytt\u00e4 ei juurikaan ole tutkittu pitkitt\u00e4isasetelmalla ja ajallisena prosessina. Osatutkimuksessa 2 selvitet\u00e4\u00e4n, miten korkeakoulusta valmistuneet kohtaavat ty\u00f6markkinat ja ty\u00f6el\u00e4m\u00e4n ja millaisia neuvotteluja ja j\u00e4nnitteit\u00e4 t\u00e4h\u00e4n liittyy. Osatutkimuksessa (lue lis\u00e4\u00e4 englanniksi) kysyt\u00e4\u00e4n: Miten korkeakoulusta valmistuneet navigoivat kilpailullisilla ty\u00f6markkinoilla? Miten he tulkitsevatm neuvottelevat ja s\u00e4\u00e4telev\u00e4t omaa ty\u00f6llistett\u00e4vyytt\u00e4\u00e4n ja [&hellip;]<\/p>\n","protected":false},"author":500,"featured_media":0,"parent":0,"menu_order":0,"comment_status":"closed","ping_status":"closed","template":"","meta":{"_acf_changed":false,"_monsterinsights_skip_tracking":false,"_monsterinsights_sitenote_active":false,"_monsterinsights_sitenote_note":"","_monsterinsights_sitenote_category":0,"footnotes":""},"class_list":["post-150","page","type-page","status-publish","hentry"],"acf":[],"yoast_head":"<!-- This site is optimized with the Yoast SEO plugin v27.1.1 - https:\/\/yoast.com\/product\/yoast-seo-wordpress\/ -->\n<title>Osatutkimus 2 - HighEmploy<\/title>\n<meta name=\"robots\" content=\"index, follow, max-snippet:-1, max-image-preview:large, max-video-preview:-1\" \/>\n<link rel=\"canonical\" href=\"https:\/\/sites.uef.fi\/highemploy\/osatutkimus-2\/\" \/>\n<meta property=\"og:locale\" content=\"fi_FI\" \/>\n<meta property=\"og:type\" content=\"article\" \/>\n<meta property=\"og:title\" content=\"Osatutkimus 2 - HighEmploy\" \/>\n<meta property=\"og:description\" content=\"Kontekstuaalinen seurantatutkimus korkeakoulusta valmistuneiden ty\u00f6llistett\u00e4vyydest\u00e4 ja ty\u00f6markkinatrajektoreista Korkeasti koulutettujen ty\u00f6llistett\u00e4vyytt\u00e4 ei juurikaan ole tutkittu pitkitt\u00e4isasetelmalla ja ajallisena prosessina. Osatutkimuksessa 2 selvitet\u00e4\u00e4n, miten korkeakoulusta valmistuneet kohtaavat ty\u00f6markkinat ja ty\u00f6el\u00e4m\u00e4n ja millaisia neuvotteluja ja j\u00e4nnitteit\u00e4 t\u00e4h\u00e4n liittyy. Osatutkimuksessa (lue lis\u00e4\u00e4 englanniksi) kysyt\u00e4\u00e4n: Miten korkeakoulusta valmistuneet navigoivat kilpailullisilla ty\u00f6markkinoilla? Miten he tulkitsevatm neuvottelevat ja s\u00e4\u00e4telev\u00e4t omaa ty\u00f6llistett\u00e4vyytt\u00e4\u00e4n ja [&hellip;]\" \/>\n<meta property=\"og:url\" content=\"https:\/\/sites.uef.fi\/highemploy\/osatutkimus-2\/\" \/>\n<meta property=\"og:site_name\" content=\"HighEmploy\" \/>\n<meta property=\"article:modified_time\" content=\"2021-03-03T12:21:29+00:00\" \/>\n<meta name=\"twitter:card\" content=\"summary_large_image\" \/>\n<meta name=\"twitter:label1\" content=\"Arvioitu lukuaika\" \/>\n\t<meta name=\"twitter:data1\" content=\"1 minuutti\" \/>\n<script type=\"application\/ld+json\" class=\"yoast-schema-graph\">{\"@context\":\"https:\/\/schema.org\",\"@graph\":[{\"@type\":\"WebPage\",\"@id\":\"https:\/\/sites.uef.fi\/highemploy\/osatutkimus-2\/\",\"url\":\"https:\/\/sites.uef.fi\/highemploy\/osatutkimus-2\/\",\"name\":\"Osatutkimus 2 - HighEmploy\",\"isPartOf\":{\"@id\":\"https:\/\/sites.uef.fi\/highemploy\/#website\"},\"datePublished\":\"2021-03-03T12:21:28+00:00\",\"dateModified\":\"2021-03-03T12:21:29+00:00\",\"breadcrumb\":{\"@id\":\"https:\/\/sites.uef.fi\/highemploy\/osatutkimus-2\/#breadcrumb\"},\"inLanguage\":\"fi\",\"potentialAction\":[{\"@type\":\"ReadAction\",\"target\":[\"https:\/\/sites.uef.fi\/highemploy\/osatutkimus-2\/\"]}]},{\"@type\":\"BreadcrumbList\",\"@id\":\"https:\/\/sites.uef.fi\/highemploy\/osatutkimus-2\/#breadcrumb\",\"itemListElement\":[{\"@type\":\"ListItem\",\"position\":1,\"name\":\"Home\",\"item\":\"https:\/\/sites.uef.fi\/highemploy\/\"},{\"@type\":\"ListItem\",\"position\":2,\"name\":\"Osatutkimus 2\"}]},{\"@type\":\"WebSite\",\"@id\":\"https:\/\/sites.uef.fi\/highemploy\/#website\",\"url\":\"https:\/\/sites.uef.fi\/highemploy\/\",\"name\":\"HighEmploy\",\"description\":\"\",\"potentialAction\":[{\"@type\":\"SearchAction\",\"target\":{\"@type\":\"EntryPoint\",\"urlTemplate\":\"https:\/\/sites.uef.fi\/highemploy\/?s={search_term_string}\"},\"query-input\":{\"@type\":\"PropertyValueSpecification\",\"valueRequired\":true,\"valueName\":\"search_term_string\"}}],\"inLanguage\":\"fi\"}]}<\/script>\n<!-- \/ Yoast SEO plugin. -->","yoast_head_json":{"title":"Osatutkimus 2 - HighEmploy","robots":{"index":"index","follow":"follow","max-snippet":"max-snippet:-1","max-image-preview":"max-image-preview:large","max-video-preview":"max-video-preview:-1"},"canonical":"https:\/\/sites.uef.fi\/highemploy\/osatutkimus-2\/","og_locale":"fi_FI","og_type":"article","og_title":"Osatutkimus 2 - HighEmploy","og_description":"Kontekstuaalinen seurantatutkimus korkeakoulusta valmistuneiden ty\u00f6llistett\u00e4vyydest\u00e4 ja ty\u00f6markkinatrajektoreista Korkeasti koulutettujen ty\u00f6llistett\u00e4vyytt\u00e4 ei juurikaan ole tutkittu pitkitt\u00e4isasetelmalla ja ajallisena prosessina. Osatutkimuksessa 2 selvitet\u00e4\u00e4n, miten korkeakoulusta valmistuneet kohtaavat ty\u00f6markkinat ja ty\u00f6el\u00e4m\u00e4n ja millaisia neuvotteluja ja j\u00e4nnitteit\u00e4 t\u00e4h\u00e4n liittyy. Osatutkimuksessa (lue lis\u00e4\u00e4 englanniksi) kysyt\u00e4\u00e4n: Miten korkeakoulusta valmistuneet navigoivat kilpailullisilla ty\u00f6markkinoilla? Miten he tulkitsevatm neuvottelevat ja s\u00e4\u00e4telev\u00e4t omaa ty\u00f6llistett\u00e4vyytt\u00e4\u00e4n ja [&hellip;]","og_url":"https:\/\/sites.uef.fi\/highemploy\/osatutkimus-2\/","og_site_name":"HighEmploy","article_modified_time":"2021-03-03T12:21:29+00:00","twitter_card":"summary_large_image","twitter_misc":{"Arvioitu lukuaika":"1 minuutti"},"schema":{"@context":"https:\/\/schema.org","@graph":[{"@type":"WebPage","@id":"https:\/\/sites.uef.fi\/highemploy\/osatutkimus-2\/","url":"https:\/\/sites.uef.fi\/highemploy\/osatutkimus-2\/","name":"Osatutkimus 2 - HighEmploy","isPartOf":{"@id":"https:\/\/sites.uef.fi\/highemploy\/#website"},"datePublished":"2021-03-03T12:21:28+00:00","dateModified":"2021-03-03T12:21:29+00:00","breadcrumb":{"@id":"https:\/\/sites.uef.fi\/highemploy\/osatutkimus-2\/#breadcrumb"},"inLanguage":"fi","potentialAction":[{"@type":"ReadAction","target":["https:\/\/sites.uef.fi\/highemploy\/osatutkimus-2\/"]}]},{"@type":"BreadcrumbList","@id":"https:\/\/sites.uef.fi\/highemploy\/osatutkimus-2\/#breadcrumb","itemListElement":[{"@type":"ListItem","position":1,"name":"Home","item":"https:\/\/sites.uef.fi\/highemploy\/"},{"@type":"ListItem","position":2,"name":"Osatutkimus 2"}]},{"@type":"WebSite","@id":"https:\/\/sites.uef.fi\/highemploy\/#website","url":"https:\/\/sites.uef.fi\/highemploy\/","name":"HighEmploy","description":"","potentialAction":[{"@type":"SearchAction","target":{"@type":"EntryPoint","urlTemplate":"https:\/\/sites.uef.fi\/highemploy\/?s={search_term_string}"},"query-input":{"@type":"PropertyValueSpecification","valueRequired":true,"valueName":"search_term_string"}}],"inLanguage":"fi"}]}},"_links":{"self":[{"href":"https:\/\/sites.uef.fi\/highemploy\/wp-json\/wp\/v2\/pages\/150","targetHints":{"allow":["GET"]}}],"collection":[{"href":"https:\/\/sites.uef.fi\/highemploy\/wp-json\/wp\/v2\/pages"}],"about":[{"href":"https:\/\/sites.uef.fi\/highemploy\/wp-json\/wp\/v2\/types\/page"}],"author":[{"embeddable":true,"href":"https:\/\/sites.uef.fi\/highemploy\/wp-json\/wp\/v2\/users\/500"}],"replies":[{"embeddable":true,"href":"https:\/\/sites.uef.fi\/highemploy\/wp-json\/wp\/v2\/comments?post=150"}],"version-history":[{"count":1,"href":"https:\/\/sites.uef.fi\/highemploy\/wp-json\/wp\/v2\/pages\/150\/revisions"}],"predecessor-version":[{"id":153,"href":"https:\/\/sites.uef.fi\/highemploy\/wp-json\/wp\/v2\/pages\/150\/revisions\/153"}],"wp:attachment":[{"href":"https:\/\/sites.uef.fi\/highemploy\/wp-json\/wp\/v2\/media?parent=150"}],"curies":[{"name":"wp","href":"https:\/\/api.w.org\/{rel}","templated":true}]}}