{"id":363,"date":"2021-06-10T10:07:41","date_gmt":"2021-06-10T07:07:41","guid":{"rendered":"https:\/\/sites.uef.fi\/highemploy\/?page_id=363"},"modified":"2021-09-15T10:11:29","modified_gmt":"2021-09-15T07:11:29","slug":"tapahtumat","status":"publish","type":"page","link":"https:\/\/sites.uef.fi\/highemploy\/tapahtumat\/","title":{"rendered":"HighEmploy-aloitusseminaari 7.2.2019"},"content":{"rendered":"\n<p><strong>HighEmploy -aloitusseminaari 7.2.2019<\/strong><\/p>\n\n\n\n<p>Korkeakoulusta ty\u00f6el\u00e4m\u00e4\u00e4n: j\u00e4nnitteisi\u00e4 asemia ja suhteita<\/p>\n\n\n\n<p><em>P\u00e4ivi Siivonen<\/em><\/p>\n\n\n\n<p><\/p>\n\n\n\n<p>Videotallenne tapahtumasta: <strong><a href=\"https:\/\/media.uef.fi\/View.aspx?id=39967~5v~QlhvlA8hSF&amp;code=vK~l9Wjq3KSJLcV7ycbViHcGbokCbUvsR6s7Xwgt5ndUxPvQA8Yuzwq&amp;ax=7G~oPiFjFsWVeirkS\">HighEmploy -aloitusseminaari 7.2.2019<\/a><\/strong><\/p>\n\n\n\n<figure class=\"wp-block-image size-large is-resized\"><img loading=\"lazy\" decoding=\"async\" src=\"https:\/\/sites.uef.fi\/highemploy\/wp-content\/uploads\/sites\/283\/2021\/07\/HighEmploy_aloitusseminaari_07022019_ps-01-1024x640.jpg\" alt=\"\" class=\"wp-image-416\" width=\"674\" height=\"421\" srcset=\"https:\/\/sites.uef.fi\/highemploy\/wp-content\/uploads\/sites\/283\/2021\/07\/HighEmploy_aloitusseminaari_07022019_ps-01-1024x640.jpg 1024w, https:\/\/sites.uef.fi\/highemploy\/wp-content\/uploads\/sites\/283\/2021\/07\/HighEmploy_aloitusseminaari_07022019_ps-01-300x188.jpg 300w, https:\/\/sites.uef.fi\/highemploy\/wp-content\/uploads\/sites\/283\/2021\/07\/HighEmploy_aloitusseminaari_07022019_ps-01-768x480.jpg 768w, https:\/\/sites.uef.fi\/highemploy\/wp-content\/uploads\/sites\/283\/2021\/07\/HighEmploy_aloitusseminaari_07022019_ps-01-1536x960.jpg 1536w, https:\/\/sites.uef.fi\/highemploy\/wp-content\/uploads\/sites\/283\/2021\/07\/HighEmploy_aloitusseminaari_07022019_ps-01.jpg 2000w\" sizes=\"auto, (max-width: 674px) 100vw, 674px\" \/><\/figure>\n\n\n\n<figure class=\"wp-block-image size-large\"><img loading=\"lazy\" decoding=\"async\" width=\"1024\" height=\"640\" src=\"https:\/\/sites.uef.fi\/highemploy\/wp-content\/uploads\/sites\/283\/2021\/07\/HighEmploy_aloitusseminaari_07022019_ps-02-1024x640.jpg\" alt=\"\" class=\"wp-image-422\" srcset=\"https:\/\/sites.uef.fi\/highemploy\/wp-content\/uploads\/sites\/283\/2021\/07\/HighEmploy_aloitusseminaari_07022019_ps-02-1024x640.jpg 1024w, https:\/\/sites.uef.fi\/highemploy\/wp-content\/uploads\/sites\/283\/2021\/07\/HighEmploy_aloitusseminaari_07022019_ps-02-300x188.jpg 300w, https:\/\/sites.uef.fi\/highemploy\/wp-content\/uploads\/sites\/283\/2021\/07\/HighEmploy_aloitusseminaari_07022019_ps-02-768x480.jpg 768w, https:\/\/sites.uef.fi\/highemploy\/wp-content\/uploads\/sites\/283\/2021\/07\/HighEmploy_aloitusseminaari_07022019_ps-02-1536x960.jpg 1536w, https:\/\/sites.uef.fi\/highemploy\/wp-content\/uploads\/sites\/283\/2021\/07\/HighEmploy_aloitusseminaari_07022019_ps-02.jpg 2000w\" sizes=\"auto, (max-width: 1024px) 100vw, 1024px\" \/><\/figure>\n\n\n\n<figure class=\"wp-block-image size-large\"><img loading=\"lazy\" decoding=\"async\" width=\"1024\" height=\"640\" src=\"https:\/\/sites.uef.fi\/highemploy\/wp-content\/uploads\/sites\/283\/2021\/07\/HighEmploy_aloitusseminaari_07022019_ps-03-1024x640.jpg\" alt=\"\" class=\"wp-image-428\" srcset=\"https:\/\/sites.uef.fi\/highemploy\/wp-content\/uploads\/sites\/283\/2021\/07\/HighEmploy_aloitusseminaari_07022019_ps-03-1024x640.jpg 1024w, https:\/\/sites.uef.fi\/highemploy\/wp-content\/uploads\/sites\/283\/2021\/07\/HighEmploy_aloitusseminaari_07022019_ps-03-300x188.jpg 300w, https:\/\/sites.uef.fi\/highemploy\/wp-content\/uploads\/sites\/283\/2021\/07\/HighEmploy_aloitusseminaari_07022019_ps-03-768x480.jpg 768w, https:\/\/sites.uef.fi\/highemploy\/wp-content\/uploads\/sites\/283\/2021\/07\/HighEmploy_aloitusseminaari_07022019_ps-03-1536x960.jpg 1536w, https:\/\/sites.uef.fi\/highemploy\/wp-content\/uploads\/sites\/283\/2021\/07\/HighEmploy_aloitusseminaari_07022019_ps-03.jpg 2000w\" sizes=\"auto, (max-width: 1024px) 100vw, 1024px\" \/><\/figure>\n\n\n\n<figure class=\"wp-block-image size-large\"><img loading=\"lazy\" decoding=\"async\" width=\"1024\" height=\"640\" src=\"https:\/\/sites.uef.fi\/highemploy\/wp-content\/uploads\/sites\/283\/2021\/07\/HighEmploy_aloitusseminaari_07022019_ps-04-1024x640.jpg\" alt=\"\" class=\"wp-image-434\" srcset=\"https:\/\/sites.uef.fi\/highemploy\/wp-content\/uploads\/sites\/283\/2021\/07\/HighEmploy_aloitusseminaari_07022019_ps-04-1024x640.jpg 1024w, https:\/\/sites.uef.fi\/highemploy\/wp-content\/uploads\/sites\/283\/2021\/07\/HighEmploy_aloitusseminaari_07022019_ps-04-300x188.jpg 300w, https:\/\/sites.uef.fi\/highemploy\/wp-content\/uploads\/sites\/283\/2021\/07\/HighEmploy_aloitusseminaari_07022019_ps-04-768x480.jpg 768w, https:\/\/sites.uef.fi\/highemploy\/wp-content\/uploads\/sites\/283\/2021\/07\/HighEmploy_aloitusseminaari_07022019_ps-04-1536x960.jpg 1536w, https:\/\/sites.uef.fi\/highemploy\/wp-content\/uploads\/sites\/283\/2021\/07\/HighEmploy_aloitusseminaari_07022019_ps-04.jpg 2000w\" sizes=\"auto, (max-width: 1024px) 100vw, 1024px\" \/><\/figure>\n\n\n\n<figure class=\"wp-block-image size-large\"><img loading=\"lazy\" decoding=\"async\" width=\"1024\" height=\"640\" src=\"https:\/\/sites.uef.fi\/highemploy\/wp-content\/uploads\/sites\/283\/2021\/07\/HighEmploy_aloitusseminaari_07022019_ps-05-1024x640.jpg\" alt=\"\" class=\"wp-image-440\" srcset=\"https:\/\/sites.uef.fi\/highemploy\/wp-content\/uploads\/sites\/283\/2021\/07\/HighEmploy_aloitusseminaari_07022019_ps-05-1024x640.jpg 1024w, https:\/\/sites.uef.fi\/highemploy\/wp-content\/uploads\/sites\/283\/2021\/07\/HighEmploy_aloitusseminaari_07022019_ps-05-300x188.jpg 300w, https:\/\/sites.uef.fi\/highemploy\/wp-content\/uploads\/sites\/283\/2021\/07\/HighEmploy_aloitusseminaari_07022019_ps-05-768x480.jpg 768w, https:\/\/sites.uef.fi\/highemploy\/wp-content\/uploads\/sites\/283\/2021\/07\/HighEmploy_aloitusseminaari_07022019_ps-05-1536x960.jpg 1536w, https:\/\/sites.uef.fi\/highemploy\/wp-content\/uploads\/sites\/283\/2021\/07\/HighEmploy_aloitusseminaari_07022019_ps-05.jpg 2000w\" sizes=\"auto, (max-width: 1024px) 100vw, 1024px\" \/><\/figure>\n\n\n\n<figure class=\"wp-block-image size-large\"><img loading=\"lazy\" decoding=\"async\" width=\"1024\" height=\"640\" src=\"https:\/\/sites.uef.fi\/highemploy\/wp-content\/uploads\/sites\/283\/2021\/07\/HighEmploy_aloitusseminaari_07022019_ps-06-1024x640.jpg\" alt=\"\" class=\"wp-image-446\" srcset=\"https:\/\/sites.uef.fi\/highemploy\/wp-content\/uploads\/sites\/283\/2021\/07\/HighEmploy_aloitusseminaari_07022019_ps-06-1024x640.jpg 1024w, https:\/\/sites.uef.fi\/highemploy\/wp-content\/uploads\/sites\/283\/2021\/07\/HighEmploy_aloitusseminaari_07022019_ps-06-300x188.jpg 300w, https:\/\/sites.uef.fi\/highemploy\/wp-content\/uploads\/sites\/283\/2021\/07\/HighEmploy_aloitusseminaari_07022019_ps-06-768x480.jpg 768w, https:\/\/sites.uef.fi\/highemploy\/wp-content\/uploads\/sites\/283\/2021\/07\/HighEmploy_aloitusseminaari_07022019_ps-06-1536x960.jpg 1536w, https:\/\/sites.uef.fi\/highemploy\/wp-content\/uploads\/sites\/283\/2021\/07\/HighEmploy_aloitusseminaari_07022019_ps-06.jpg 2000w\" sizes=\"auto, (max-width: 1024px) 100vw, 1024px\" \/><\/figure>\n\n\n\n<figure class=\"wp-block-image size-large\"><img loading=\"lazy\" decoding=\"async\" width=\"1024\" height=\"640\" src=\"https:\/\/sites.uef.fi\/highemploy\/wp-content\/uploads\/sites\/283\/2021\/07\/HighEmploy_aloitusseminaari_07022019_ps-07-1024x640.jpg\" alt=\"\" class=\"wp-image-452\" srcset=\"https:\/\/sites.uef.fi\/highemploy\/wp-content\/uploads\/sites\/283\/2021\/07\/HighEmploy_aloitusseminaari_07022019_ps-07-1024x640.jpg 1024w, https:\/\/sites.uef.fi\/highemploy\/wp-content\/uploads\/sites\/283\/2021\/07\/HighEmploy_aloitusseminaari_07022019_ps-07-300x188.jpg 300w, https:\/\/sites.uef.fi\/highemploy\/wp-content\/uploads\/sites\/283\/2021\/07\/HighEmploy_aloitusseminaari_07022019_ps-07-768x480.jpg 768w, https:\/\/sites.uef.fi\/highemploy\/wp-content\/uploads\/sites\/283\/2021\/07\/HighEmploy_aloitusseminaari_07022019_ps-07-1536x960.jpg 1536w, https:\/\/sites.uef.fi\/highemploy\/wp-content\/uploads\/sites\/283\/2021\/07\/HighEmploy_aloitusseminaari_07022019_ps-07.jpg 2000w\" sizes=\"auto, (max-width: 1024px) 100vw, 1024px\" \/><\/figure>\n\n\n\n<figure class=\"wp-block-image size-large\"><img loading=\"lazy\" decoding=\"async\" width=\"1024\" height=\"640\" src=\"https:\/\/sites.uef.fi\/highemploy\/wp-content\/uploads\/sites\/283\/2021\/07\/HighEmploy_aloitusseminaari_07022019_ps-08-1024x640.jpg\" alt=\"\" class=\"wp-image-458\" srcset=\"https:\/\/sites.uef.fi\/highemploy\/wp-content\/uploads\/sites\/283\/2021\/07\/HighEmploy_aloitusseminaari_07022019_ps-08-1024x640.jpg 1024w, https:\/\/sites.uef.fi\/highemploy\/wp-content\/uploads\/sites\/283\/2021\/07\/HighEmploy_aloitusseminaari_07022019_ps-08-300x188.jpg 300w, https:\/\/sites.uef.fi\/highemploy\/wp-content\/uploads\/sites\/283\/2021\/07\/HighEmploy_aloitusseminaari_07022019_ps-08-768x480.jpg 768w, https:\/\/sites.uef.fi\/highemploy\/wp-content\/uploads\/sites\/283\/2021\/07\/HighEmploy_aloitusseminaari_07022019_ps-08-1536x960.jpg 1536w, https:\/\/sites.uef.fi\/highemploy\/wp-content\/uploads\/sites\/283\/2021\/07\/HighEmploy_aloitusseminaari_07022019_ps-08.jpg 2000w\" sizes=\"auto, (max-width: 1024px) 100vw, 1024px\" \/><\/figure>\n\n\n\n<figure class=\"wp-block-image size-large\"><img loading=\"lazy\" decoding=\"async\" width=\"1024\" height=\"640\" src=\"https:\/\/sites.uef.fi\/highemploy\/wp-content\/uploads\/sites\/283\/2021\/07\/HighEmploy_aloitusseminaari_07022019_ps-09-1024x640.jpg\" alt=\"\" class=\"wp-image-464\" srcset=\"https:\/\/sites.uef.fi\/highemploy\/wp-content\/uploads\/sites\/283\/2021\/07\/HighEmploy_aloitusseminaari_07022019_ps-09-1024x640.jpg 1024w, https:\/\/sites.uef.fi\/highemploy\/wp-content\/uploads\/sites\/283\/2021\/07\/HighEmploy_aloitusseminaari_07022019_ps-09-300x188.jpg 300w, https:\/\/sites.uef.fi\/highemploy\/wp-content\/uploads\/sites\/283\/2021\/07\/HighEmploy_aloitusseminaari_07022019_ps-09-768x480.jpg 768w, https:\/\/sites.uef.fi\/highemploy\/wp-content\/uploads\/sites\/283\/2021\/07\/HighEmploy_aloitusseminaari_07022019_ps-09-1536x960.jpg 1536w, https:\/\/sites.uef.fi\/highemploy\/wp-content\/uploads\/sites\/283\/2021\/07\/HighEmploy_aloitusseminaari_07022019_ps-09.jpg 2000w\" sizes=\"auto, (max-width: 1024px) 100vw, 1024px\" \/><\/figure>\n\n\n\n<figure class=\"wp-block-image size-large\"><img loading=\"lazy\" decoding=\"async\" width=\"1024\" height=\"640\" src=\"https:\/\/sites.uef.fi\/highemploy\/wp-content\/uploads\/sites\/283\/2021\/07\/HighEmploy_aloitusseminaari_07022019_ps-10-1024x640.jpg\" alt=\"\" class=\"wp-image-470\" srcset=\"https:\/\/sites.uef.fi\/highemploy\/wp-content\/uploads\/sites\/283\/2021\/07\/HighEmploy_aloitusseminaari_07022019_ps-10-1024x640.jpg 1024w, https:\/\/sites.uef.fi\/highemploy\/wp-content\/uploads\/sites\/283\/2021\/07\/HighEmploy_aloitusseminaari_07022019_ps-10-300x188.jpg 300w, https:\/\/sites.uef.fi\/highemploy\/wp-content\/uploads\/sites\/283\/2021\/07\/HighEmploy_aloitusseminaari_07022019_ps-10-768x480.jpg 768w, https:\/\/sites.uef.fi\/highemploy\/wp-content\/uploads\/sites\/283\/2021\/07\/HighEmploy_aloitusseminaari_07022019_ps-10-1536x960.jpg 1536w, https:\/\/sites.uef.fi\/highemploy\/wp-content\/uploads\/sites\/283\/2021\/07\/HighEmploy_aloitusseminaari_07022019_ps-10.jpg 2000w\" sizes=\"auto, (max-width: 1024px) 100vw, 1024px\" \/><\/figure>\n\n\n\n<figure class=\"wp-block-image size-large\"><img loading=\"lazy\" decoding=\"async\" width=\"1024\" height=\"640\" src=\"https:\/\/sites.uef.fi\/highemploy\/wp-content\/uploads\/sites\/283\/2021\/07\/HighEmploy_aloitusseminaari_07022019_ps-11-1024x640.jpg\" alt=\"\" class=\"wp-image-476\" srcset=\"https:\/\/sites.uef.fi\/highemploy\/wp-content\/uploads\/sites\/283\/2021\/07\/HighEmploy_aloitusseminaari_07022019_ps-11-1024x640.jpg 1024w, https:\/\/sites.uef.fi\/highemploy\/wp-content\/uploads\/sites\/283\/2021\/07\/HighEmploy_aloitusseminaari_07022019_ps-11-300x188.jpg 300w, https:\/\/sites.uef.fi\/highemploy\/wp-content\/uploads\/sites\/283\/2021\/07\/HighEmploy_aloitusseminaari_07022019_ps-11-768x480.jpg 768w, https:\/\/sites.uef.fi\/highemploy\/wp-content\/uploads\/sites\/283\/2021\/07\/HighEmploy_aloitusseminaari_07022019_ps-11-1536x960.jpg 1536w, https:\/\/sites.uef.fi\/highemploy\/wp-content\/uploads\/sites\/283\/2021\/07\/HighEmploy_aloitusseminaari_07022019_ps-11.jpg 2000w\" sizes=\"auto, (max-width: 1024px) 100vw, 1024px\" \/><\/figure>\n","protected":false},"excerpt":{"rendered":"<p>HighEmploy -aloitusseminaari 7.2.2019 Korkeakoulusta ty\u00f6el\u00e4m\u00e4\u00e4n: j\u00e4nnitteisi\u00e4 asemia ja suhteita P\u00e4ivi Siivonen Videotallenne tapahtumasta: HighEmploy -aloitusseminaari 7.2.2019<\/p>\n","protected":false},"author":500,"featured_media":0,"parent":0,"menu_order":0,"comment_status":"closed","ping_status":"closed","template":"","meta":{"_acf_changed":false,"_monsterinsights_skip_tracking":false,"_monsterinsights_sitenote_active":false,"_monsterinsights_sitenote_note":"","_monsterinsights_sitenote_category":0,"footnotes":""},"class_list":["post-363","page","type-page","status-publish","hentry"],"acf":[],"yoast_head":"<!-- This site is optimized with the Yoast SEO plugin v27.1.1 - https:\/\/yoast.com\/product\/yoast-seo-wordpress\/ -->\n<title>HighEmploy-aloitusseminaari 7.2.2019 - HighEmploy<\/title>\n<meta name=\"robots\" content=\"index, follow, max-snippet:-1, max-image-preview:large, max-video-preview:-1\" \/>\n<link rel=\"canonical\" href=\"https:\/\/sites.uef.fi\/highemploy\/tapahtumat\/\" \/>\n<meta property=\"og:locale\" content=\"fi_FI\" \/>\n<meta property=\"og:type\" content=\"article\" \/>\n<meta property=\"og:title\" content=\"HighEmploy-aloitusseminaari 7.2.2019 - HighEmploy\" \/>\n<meta property=\"og:description\" content=\"HighEmploy -aloitusseminaari 7.2.2019 Korkeakoulusta ty\u00f6el\u00e4m\u00e4\u00e4n: j\u00e4nnitteisi\u00e4 asemia ja suhteita P\u00e4ivi Siivonen Videotallenne tapahtumasta: HighEmploy -aloitusseminaari 7.2.2019\" \/>\n<meta property=\"og:url\" content=\"https:\/\/sites.uef.fi\/highemploy\/tapahtumat\/\" \/>\n<meta property=\"og:site_name\" content=\"HighEmploy\" \/>\n<meta property=\"article:modified_time\" content=\"2021-09-15T07:11:29+00:00\" \/>\n<meta property=\"og:image\" content=\"https:\/\/sites.uef.fi\/highemploy\/wp-content\/uploads\/sites\/283\/2021\/07\/HighEmploy_aloitusseminaari_07022019_ps-01-1024x640.jpg\" \/>\n<meta name=\"twitter:card\" content=\"summary_large_image\" \/>\n<script type=\"application\/ld+json\" class=\"yoast-schema-graph\">{\"@context\":\"https:\/\/schema.org\",\"@graph\":[{\"@type\":\"WebPage\",\"@id\":\"https:\/\/sites.uef.fi\/highemploy\/tapahtumat\/\",\"url\":\"https:\/\/sites.uef.fi\/highemploy\/tapahtumat\/\",\"name\":\"HighEmploy-aloitusseminaari 7.2.2019 - HighEmploy\",\"isPartOf\":{\"@id\":\"https:\/\/sites.uef.fi\/highemploy\/#website\"},\"primaryImageOfPage\":{\"@id\":\"https:\/\/sites.uef.fi\/highemploy\/tapahtumat\/#primaryimage\"},\"image\":{\"@id\":\"https:\/\/sites.uef.fi\/highemploy\/tapahtumat\/#primaryimage\"},\"thumbnailUrl\":\"https:\/\/sites.uef.fi\/highemploy\/wp-content\/uploads\/sites\/283\/2021\/07\/HighEmploy_aloitusseminaari_07022019_ps-01-1024x640.jpg\",\"datePublished\":\"2021-06-10T07:07:41+00:00\",\"dateModified\":\"2021-09-15T07:11:29+00:00\",\"breadcrumb\":{\"@id\":\"https:\/\/sites.uef.fi\/highemploy\/tapahtumat\/#breadcrumb\"},\"inLanguage\":\"fi\",\"potentialAction\":[{\"@type\":\"ReadAction\",\"target\":[\"https:\/\/sites.uef.fi\/highemploy\/tapahtumat\/\"]}]},{\"@type\":\"ImageObject\",\"inLanguage\":\"fi\",\"@id\":\"https:\/\/sites.uef.fi\/highemploy\/tapahtumat\/#primaryimage\",\"url\":\"https:\/\/sites.uef.fi\/highemploy\/wp-content\/uploads\/sites\/283\/2021\/07\/HighEmploy_aloitusseminaari_07022019_ps-01.jpg\",\"contentUrl\":\"https:\/\/sites.uef.fi\/highemploy\/wp-content\/uploads\/sites\/283\/2021\/07\/HighEmploy_aloitusseminaari_07022019_ps-01.jpg\",\"width\":2000,\"height\":1250},{\"@type\":\"BreadcrumbList\",\"@id\":\"https:\/\/sites.uef.fi\/highemploy\/tapahtumat\/#breadcrumb\",\"itemListElement\":[{\"@type\":\"ListItem\",\"position\":1,\"name\":\"Home\",\"item\":\"https:\/\/sites.uef.fi\/highemploy\/\"},{\"@type\":\"ListItem\",\"position\":2,\"name\":\"HighEmploy-aloitusseminaari 7.2.2019\"}]},{\"@type\":\"WebSite\",\"@id\":\"https:\/\/sites.uef.fi\/highemploy\/#website\",\"url\":\"https:\/\/sites.uef.fi\/highemploy\/\",\"name\":\"HighEmploy\",\"description\":\"\",\"potentialAction\":[{\"@type\":\"SearchAction\",\"target\":{\"@type\":\"EntryPoint\",\"urlTemplate\":\"https:\/\/sites.uef.fi\/highemploy\/?s={search_term_string}\"},\"query-input\":{\"@type\":\"PropertyValueSpecification\",\"valueRequired\":true,\"valueName\":\"search_term_string\"}}],\"inLanguage\":\"fi\"}]}<\/script>\n<!-- \/ Yoast SEO plugin. -->","yoast_head_json":{"title":"HighEmploy-aloitusseminaari 7.2.2019 - HighEmploy","robots":{"index":"index","follow":"follow","max-snippet":"max-snippet:-1","max-image-preview":"max-image-preview:large","max-video-preview":"max-video-preview:-1"},"canonical":"https:\/\/sites.uef.fi\/highemploy\/tapahtumat\/","og_locale":"fi_FI","og_type":"article","og_title":"HighEmploy-aloitusseminaari 7.2.2019 - HighEmploy","og_description":"HighEmploy -aloitusseminaari 7.2.2019 Korkeakoulusta ty\u00f6el\u00e4m\u00e4\u00e4n: j\u00e4nnitteisi\u00e4 asemia ja suhteita P\u00e4ivi Siivonen Videotallenne tapahtumasta: HighEmploy -aloitusseminaari 7.2.2019","og_url":"https:\/\/sites.uef.fi\/highemploy\/tapahtumat\/","og_site_name":"HighEmploy","article_modified_time":"2021-09-15T07:11:29+00:00","og_image":[{"url":"https:\/\/sites.uef.fi\/highemploy\/wp-content\/uploads\/sites\/283\/2021\/07\/HighEmploy_aloitusseminaari_07022019_ps-01-1024x640.jpg","type":"","width":"","height":""}],"twitter_card":"summary_large_image","schema":{"@context":"https:\/\/schema.org","@graph":[{"@type":"WebPage","@id":"https:\/\/sites.uef.fi\/highemploy\/tapahtumat\/","url":"https:\/\/sites.uef.fi\/highemploy\/tapahtumat\/","name":"HighEmploy-aloitusseminaari 7.2.2019 - HighEmploy","isPartOf":{"@id":"https:\/\/sites.uef.fi\/highemploy\/#website"},"primaryImageOfPage":{"@id":"https:\/\/sites.uef.fi\/highemploy\/tapahtumat\/#primaryimage"},"image":{"@id":"https:\/\/sites.uef.fi\/highemploy\/tapahtumat\/#primaryimage"},"thumbnailUrl":"https:\/\/sites.uef.fi\/highemploy\/wp-content\/uploads\/sites\/283\/2021\/07\/HighEmploy_aloitusseminaari_07022019_ps-01-1024x640.jpg","datePublished":"2021-06-10T07:07:41+00:00","dateModified":"2021-09-15T07:11:29+00:00","breadcrumb":{"@id":"https:\/\/sites.uef.fi\/highemploy\/tapahtumat\/#breadcrumb"},"inLanguage":"fi","potentialAction":[{"@type":"ReadAction","target":["https:\/\/sites.uef.fi\/highemploy\/tapahtumat\/"]}]},{"@type":"ImageObject","inLanguage":"fi","@id":"https:\/\/sites.uef.fi\/highemploy\/tapahtumat\/#primaryimage","url":"https:\/\/sites.uef.fi\/highemploy\/wp-content\/uploads\/sites\/283\/2021\/07\/HighEmploy_aloitusseminaari_07022019_ps-01.jpg","contentUrl":"https:\/\/sites.uef.fi\/highemploy\/wp-content\/uploads\/sites\/283\/2021\/07\/HighEmploy_aloitusseminaari_07022019_ps-01.jpg","width":2000,"height":1250},{"@type":"BreadcrumbList","@id":"https:\/\/sites.uef.fi\/highemploy\/tapahtumat\/#breadcrumb","itemListElement":[{"@type":"ListItem","position":1,"name":"Home","item":"https:\/\/sites.uef.fi\/highemploy\/"},{"@type":"ListItem","position":2,"name":"HighEmploy-aloitusseminaari 7.2.2019"}]},{"@type":"WebSite","@id":"https:\/\/sites.uef.fi\/highemploy\/#website","url":"https:\/\/sites.uef.fi\/highemploy\/","name":"HighEmploy","description":"","potentialAction":[{"@type":"SearchAction","target":{"@type":"EntryPoint","urlTemplate":"https:\/\/sites.uef.fi\/highemploy\/?s={search_term_string}"},"query-input":{"@type":"PropertyValueSpecification","valueRequired":true,"valueName":"search_term_string"}}],"inLanguage":"fi"}]}},"_links":{"self":[{"href":"https:\/\/sites.uef.fi\/highemploy\/wp-json\/wp\/v2\/pages\/363","targetHints":{"allow":["GET"]}}],"collection":[{"href":"https:\/\/sites.uef.fi\/highemploy\/wp-json\/wp\/v2\/pages"}],"about":[{"href":"https:\/\/sites.uef.fi\/highemploy\/wp-json\/wp\/v2\/types\/page"}],"author":[{"embeddable":true,"href":"https:\/\/sites.uef.fi\/highemploy\/wp-json\/wp\/v2\/users\/500"}],"replies":[{"embeddable":true,"href":"https:\/\/sites.uef.fi\/highemploy\/wp-json\/wp\/v2\/comments?post=363"}],"version-history":[{"count":1,"href":"https:\/\/sites.uef.fi\/highemploy\/wp-json\/wp\/v2\/pages\/363\/revisions"}],"predecessor-version":[{"id":747,"href":"https:\/\/sites.uef.fi\/highemploy\/wp-json\/wp\/v2\/pages\/363\/revisions\/747"}],"wp:attachment":[{"href":"https:\/\/sites.uef.fi\/highemploy\/wp-json\/wp\/v2\/media?parent=363"}],"curies":[{"name":"wp","href":"https:\/\/api.w.org\/{rel}","templated":true}]}}