{"id":69,"date":"2021-03-03T09:48:14","date_gmt":"2021-03-03T07:48:14","guid":{"rendered":"https:\/\/sites.uef.fi\/highemploy\/?page_id=69"},"modified":"2021-03-18T13:09:08","modified_gmt":"2021-03-18T11:09:08","slug":"hankkeen-kuvaus","status":"publish","type":"page","link":"https:\/\/sites.uef.fi\/highemploy\/hankkeen-kuvaus\/","title":{"rendered":"Hankkeen kuvaus"},"content":{"rendered":"\n<h1 class=\"wp-block-heading\">Korkeakoulusta valmistuneiden ty\u00f6llistett\u00e4vyys ja sosiaalinen positioituminen ty\u00f6markkinoille (HighEmploy)<\/h1>\n\n\n\n<p>Suomen Akatemian rahoittamassa HighEmploy -konsortiohankkeessa tarkastellaan yliopistosta ja ammattikorkeakoulusta alemmilla ja ylemmill\u00e4 tutkinnoilla valmistuneiden ty\u00f6llistett\u00e4vyytt\u00e4 ja asemoitumista ty\u00f6markkinoilla. Tutkimuksessa seurataan ja analysoidaan yliopistosta ja ammattikorkeakoulusta kauppatieteist\u00e4 valmistuneiden ty\u00f6el\u00e4m\u00e4polkuja sek\u00e4 sosiaalista asemoitumista suhteessa ty\u00f6llistett\u00e4vyyteen. Tutkimuksessa yhdistet\u00e4\u00e4n m\u00e4\u00e4r\u00e4llisi\u00e4 ja laadullisia aineistoja (rekisteriaineisto, kysely, seurantahaastattelut) ja menetelmi\u00e4. Tutkimus tuottaa tietoa erilaisten korkeakoulututkintojen suhteellisesta arvosta ja korkeakoulusta eri aloilta valmistuneiden sosiaalisesta valikoitumisesta ty\u00f6markkinoilla.<\/p>\n\n\n\n<h1 class=\"wp-block-heading\">Tutkimuksen fokus ja tavoitteet<\/h1>\n\n\n\n<p>Tutkimuksessa tarkastellaan yliopistosta ja ammattikorkeakoulusta alemmilla ja ylemmill\u00e4 tutkinnoilla valmistuneiden ty\u00f6llistett\u00e4vyytt\u00e4 ja asemoitumista ty\u00f6markkinoilla. Tutkimuksessa yhdistet\u00e4\u00e4n m\u00e4\u00e4r\u00e4llisi\u00e4 ja laadullisia aineistoja (rekisteriaineisto, kysely, seurantahaastattelut) ja menetelmi\u00e4. Tutkimus tuottaa tietoa erilaisten korkeakoulututkintojen suhteellisesta arvosta ja korkeakoulusta eri aloilta valmistuneiden sosiaalisesta valikoitumisesta ty\u00f6markkinoilla. Lis\u00e4ksi tutkimuksessa seurataan ja analysoidaan yliopistosta ja ammattikorkeakoulusta kauppatieteist\u00e4 valmistuneiden ty\u00f6el\u00e4m\u00e4polkuja sek\u00e4 sosiaalista asemoitumista suhteessa ty\u00f6llistett\u00e4vyyteen.<\/p>\n\n\n\n<p>Valmistuneiden ty\u00f6llistett\u00e4vyytt\u00e4 ja asemoitumista ty\u00f6markkinoilla tutkitaan suhteellisena ja sosiaalisesti v\u00e4littyneen\u00e4 prosessina. Tutkimuksen kontekstina ovat suomalainen korkeakoulutus ja korkeasti koulutettujen ty\u00f6markkinat osana globaaleja ty\u00f6markkinoita. Tutkimuksessa selvitet\u00e4\u00e4n, millaisia vaatimuksia ty\u00f6markkinat asettavat korkeakoulusta valmistuneille ja millaista positionaalista kilpailua ja kamppailua ty\u00f6llistett\u00e4vyyteen sis\u00e4ltyy (Brown et al. 2003; Brown et al. 2011; Tomlinson 2010, 2017; Tholen 2015; Siivonen &amp; Isopahkala-Bouret 2016). Empiirinen tutkimus rakentuu kolmen toisiinsa kietoutuvan tavoitteen ja kahden osatutkimuksen ymp\u00e4rille:<\/p>\n\n\n\n<p><strong>Tavoite 1<\/strong>: Tuottaa perusteellista tietoa korkeakoulusta valmistuneiden sosiaalisesta positioitumisesta ty\u00f6markkinoilla tutkimalla, miten korkeakoulututkinnon taso (kandidaatti\/maisteri\/alempi ja ylempi AMK-tutkinto), institutionaalinen konteksti (yliopisto\/AMK), koulutusala sek\u00e4 koulutuksen alueellinen sijoittuminen (It\u00e4-Suomi\/L\u00e4nsi-Suomi) ovat yhteydess\u00e4 ja muovaavat valmistuneiden ty\u00f6llistett\u00e4vyytt\u00e4 ja positioitumista ty\u00f6markkinoilla.<\/p>\n\n\n\n<p><strong>Tavoite 2<\/strong>: Luoda poikkileikkaus- ja pitkitt\u00e4istutkimusta yhdist\u00e4m\u00e4ll\u00e4 kontekstuaalista ymm\u00e4rryst\u00e4 siit\u00e4, miten ty\u00f6llistett\u00e4vyys suhteellisena ja positionaalisena prosessina n\u00e4ytt\u00e4ytyy korkeakoulusta valmistuneiden ty\u00f6llistymisn\u00e4kymiss\u00e4 ja heid\u00e4n ty\u00f6markkinatrajektoreissaan.<\/p>\n\n\n\n<p><strong>Tavoite 3<\/strong>: Rakentaa kuva siit\u00e4, miten sukupuoli, luokka ja ik\u00e4 ja n\u00e4iden riste\u00e4minen ovat yhteydess\u00e4 korkeakoulusta valmistuneiden ty\u00f6llistett\u00e4vyyteen ja sosiaaliseen positioitumiseen ty\u00f6markkinoilla sek\u00e4 siihen, mill\u00e4 tavoin omaa ty\u00f6llistett\u00e4vyytt\u00e4 tulkitaan ja s\u00e4\u00e4dell\u00e4\u00e4n.<\/p>\n","protected":false},"excerpt":{"rendered":"<p>Korkeakoulusta valmistuneiden ty\u00f6llistett\u00e4vyys ja sosiaalinen positioituminen ty\u00f6markkinoille (HighEmploy) Suomen Akatemian rahoittamassa HighEmploy -konsortiohankkeessa tarkastellaan yliopistosta ja ammattikorkeakoulusta alemmilla ja ylemmill\u00e4 tutkinnoilla valmistuneiden ty\u00f6llistett\u00e4vyytt\u00e4 ja asemoitumista ty\u00f6markkinoilla. Tutkimuksessa seurataan ja analysoidaan yliopistosta ja ammattikorkeakoulusta kauppatieteist\u00e4 valmistuneiden ty\u00f6el\u00e4m\u00e4polkuja sek\u00e4 sosiaalista asemoitumista suhteessa ty\u00f6llistett\u00e4vyyteen. Tutkimuksessa yhdistet\u00e4\u00e4n m\u00e4\u00e4r\u00e4llisi\u00e4 ja laadullisia aineistoja (rekisteriaineisto, kysely, seurantahaastattelut) ja menetelmi\u00e4. Tutkimus tuottaa tietoa [&hellip;]<\/p>\n","protected":false},"author":500,"featured_media":0,"parent":0,"menu_order":0,"comment_status":"closed","ping_status":"closed","template":"","meta":{"_acf_changed":false,"_monsterinsights_skip_tracking":false,"_monsterinsights_sitenote_active":false,"_monsterinsights_sitenote_note":"","_monsterinsights_sitenote_category":0,"footnotes":""},"class_list":["post-69","page","type-page","status-publish","hentry"],"acf":[],"yoast_head":"<!-- This site is optimized with the Yoast SEO plugin v27.1.1 - https:\/\/yoast.com\/product\/yoast-seo-wordpress\/ -->\n<title>Hankkeen kuvaus - HighEmploy<\/title>\n<meta name=\"robots\" content=\"index, follow, max-snippet:-1, max-image-preview:large, max-video-preview:-1\" \/>\n<link rel=\"canonical\" href=\"https:\/\/sites.uef.fi\/highemploy\/hankkeen-kuvaus\/\" \/>\n<meta property=\"og:locale\" content=\"fi_FI\" \/>\n<meta property=\"og:type\" content=\"article\" \/>\n<meta property=\"og:title\" content=\"Hankkeen kuvaus - HighEmploy\" \/>\n<meta property=\"og:description\" content=\"Korkeakoulusta valmistuneiden ty\u00f6llistett\u00e4vyys ja sosiaalinen positioituminen ty\u00f6markkinoille (HighEmploy) Suomen Akatemian rahoittamassa HighEmploy -konsortiohankkeessa tarkastellaan yliopistosta ja ammattikorkeakoulusta alemmilla ja ylemmill\u00e4 tutkinnoilla valmistuneiden ty\u00f6llistett\u00e4vyytt\u00e4 ja asemoitumista ty\u00f6markkinoilla. Tutkimuksessa seurataan ja analysoidaan yliopistosta ja ammattikorkeakoulusta kauppatieteist\u00e4 valmistuneiden ty\u00f6el\u00e4m\u00e4polkuja sek\u00e4 sosiaalista asemoitumista suhteessa ty\u00f6llistett\u00e4vyyteen. Tutkimuksessa yhdistet\u00e4\u00e4n m\u00e4\u00e4r\u00e4llisi\u00e4 ja laadullisia aineistoja (rekisteriaineisto, kysely, seurantahaastattelut) ja menetelmi\u00e4. Tutkimus tuottaa tietoa [&hellip;]\" \/>\n<meta property=\"og:url\" content=\"https:\/\/sites.uef.fi\/highemploy\/hankkeen-kuvaus\/\" \/>\n<meta property=\"og:site_name\" content=\"HighEmploy\" \/>\n<meta property=\"article:modified_time\" content=\"2021-03-18T11:09:08+00:00\" \/>\n<meta name=\"twitter:card\" content=\"summary_large_image\" \/>\n<meta name=\"twitter:label1\" content=\"Arvioitu lukuaika\" \/>\n\t<meta name=\"twitter:data1\" content=\"2 minuuttia\" \/>\n<script type=\"application\/ld+json\" class=\"yoast-schema-graph\">{\"@context\":\"https:\/\/schema.org\",\"@graph\":[{\"@type\":\"WebPage\",\"@id\":\"https:\/\/sites.uef.fi\/highemploy\/hankkeen-kuvaus\/\",\"url\":\"https:\/\/sites.uef.fi\/highemploy\/hankkeen-kuvaus\/\",\"name\":\"Hankkeen kuvaus - HighEmploy\",\"isPartOf\":{\"@id\":\"https:\/\/sites.uef.fi\/highemploy\/#website\"},\"datePublished\":\"2021-03-03T07:48:14+00:00\",\"dateModified\":\"2021-03-18T11:09:08+00:00\",\"breadcrumb\":{\"@id\":\"https:\/\/sites.uef.fi\/highemploy\/hankkeen-kuvaus\/#breadcrumb\"},\"inLanguage\":\"fi\",\"potentialAction\":[{\"@type\":\"ReadAction\",\"target\":[\"https:\/\/sites.uef.fi\/highemploy\/hankkeen-kuvaus\/\"]}]},{\"@type\":\"BreadcrumbList\",\"@id\":\"https:\/\/sites.uef.fi\/highemploy\/hankkeen-kuvaus\/#breadcrumb\",\"itemListElement\":[{\"@type\":\"ListItem\",\"position\":1,\"name\":\"Home\",\"item\":\"https:\/\/sites.uef.fi\/highemploy\/\"},{\"@type\":\"ListItem\",\"position\":2,\"name\":\"Hankkeen kuvaus\"}]},{\"@type\":\"WebSite\",\"@id\":\"https:\/\/sites.uef.fi\/highemploy\/#website\",\"url\":\"https:\/\/sites.uef.fi\/highemploy\/\",\"name\":\"HighEmploy\",\"description\":\"\",\"potentialAction\":[{\"@type\":\"SearchAction\",\"target\":{\"@type\":\"EntryPoint\",\"urlTemplate\":\"https:\/\/sites.uef.fi\/highemploy\/?s={search_term_string}\"},\"query-input\":{\"@type\":\"PropertyValueSpecification\",\"valueRequired\":true,\"valueName\":\"search_term_string\"}}],\"inLanguage\":\"fi\"}]}<\/script>\n<!-- \/ Yoast SEO plugin. -->","yoast_head_json":{"title":"Hankkeen kuvaus - HighEmploy","robots":{"index":"index","follow":"follow","max-snippet":"max-snippet:-1","max-image-preview":"max-image-preview:large","max-video-preview":"max-video-preview:-1"},"canonical":"https:\/\/sites.uef.fi\/highemploy\/hankkeen-kuvaus\/","og_locale":"fi_FI","og_type":"article","og_title":"Hankkeen kuvaus - HighEmploy","og_description":"Korkeakoulusta valmistuneiden ty\u00f6llistett\u00e4vyys ja sosiaalinen positioituminen ty\u00f6markkinoille (HighEmploy) Suomen Akatemian rahoittamassa HighEmploy -konsortiohankkeessa tarkastellaan yliopistosta ja ammattikorkeakoulusta alemmilla ja ylemmill\u00e4 tutkinnoilla valmistuneiden ty\u00f6llistett\u00e4vyytt\u00e4 ja asemoitumista ty\u00f6markkinoilla. Tutkimuksessa seurataan ja analysoidaan yliopistosta ja ammattikorkeakoulusta kauppatieteist\u00e4 valmistuneiden ty\u00f6el\u00e4m\u00e4polkuja sek\u00e4 sosiaalista asemoitumista suhteessa ty\u00f6llistett\u00e4vyyteen. Tutkimuksessa yhdistet\u00e4\u00e4n m\u00e4\u00e4r\u00e4llisi\u00e4 ja laadullisia aineistoja (rekisteriaineisto, kysely, seurantahaastattelut) ja menetelmi\u00e4. Tutkimus tuottaa tietoa [&hellip;]","og_url":"https:\/\/sites.uef.fi\/highemploy\/hankkeen-kuvaus\/","og_site_name":"HighEmploy","article_modified_time":"2021-03-18T11:09:08+00:00","twitter_card":"summary_large_image","twitter_misc":{"Arvioitu lukuaika":"2 minuuttia"},"schema":{"@context":"https:\/\/schema.org","@graph":[{"@type":"WebPage","@id":"https:\/\/sites.uef.fi\/highemploy\/hankkeen-kuvaus\/","url":"https:\/\/sites.uef.fi\/highemploy\/hankkeen-kuvaus\/","name":"Hankkeen kuvaus - HighEmploy","isPartOf":{"@id":"https:\/\/sites.uef.fi\/highemploy\/#website"},"datePublished":"2021-03-03T07:48:14+00:00","dateModified":"2021-03-18T11:09:08+00:00","breadcrumb":{"@id":"https:\/\/sites.uef.fi\/highemploy\/hankkeen-kuvaus\/#breadcrumb"},"inLanguage":"fi","potentialAction":[{"@type":"ReadAction","target":["https:\/\/sites.uef.fi\/highemploy\/hankkeen-kuvaus\/"]}]},{"@type":"BreadcrumbList","@id":"https:\/\/sites.uef.fi\/highemploy\/hankkeen-kuvaus\/#breadcrumb","itemListElement":[{"@type":"ListItem","position":1,"name":"Home","item":"https:\/\/sites.uef.fi\/highemploy\/"},{"@type":"ListItem","position":2,"name":"Hankkeen kuvaus"}]},{"@type":"WebSite","@id":"https:\/\/sites.uef.fi\/highemploy\/#website","url":"https:\/\/sites.uef.fi\/highemploy\/","name":"HighEmploy","description":"","potentialAction":[{"@type":"SearchAction","target":{"@type":"EntryPoint","urlTemplate":"https:\/\/sites.uef.fi\/highemploy\/?s={search_term_string}"},"query-input":{"@type":"PropertyValueSpecification","valueRequired":true,"valueName":"search_term_string"}}],"inLanguage":"fi"}]}},"_links":{"self":[{"href":"https:\/\/sites.uef.fi\/highemploy\/wp-json\/wp\/v2\/pages\/69","targetHints":{"allow":["GET"]}}],"collection":[{"href":"https:\/\/sites.uef.fi\/highemploy\/wp-json\/wp\/v2\/pages"}],"about":[{"href":"https:\/\/sites.uef.fi\/highemploy\/wp-json\/wp\/v2\/types\/page"}],"author":[{"embeddable":true,"href":"https:\/\/sites.uef.fi\/highemploy\/wp-json\/wp\/v2\/users\/500"}],"replies":[{"embeddable":true,"href":"https:\/\/sites.uef.fi\/highemploy\/wp-json\/wp\/v2\/comments?post=69"}],"version-history":[{"count":2,"href":"https:\/\/sites.uef.fi\/highemploy\/wp-json\/wp\/v2\/pages\/69\/revisions"}],"predecessor-version":[{"id":195,"href":"https:\/\/sites.uef.fi\/highemploy\/wp-json\/wp\/v2\/pages\/69\/revisions\/195"}],"wp:attachment":[{"href":"https:\/\/sites.uef.fi\/highemploy\/wp-json\/wp\/v2\/media?parent=69"}],"curies":[{"name":"wp","href":"https:\/\/api.w.org\/{rel}","templated":true}]}}