{"id":3997,"date":"2023-12-05T13:14:57","date_gmt":"2023-12-05T11:14:57","guid":{"rendered":"https:\/\/sites.uef.fi\/human-brain-disease-modelling-group\/?page_id=3997"},"modified":"2025-02-26T12:57:42","modified_gmt":"2025-02-26T10:57:42","slug":"pericytes-in-parkinsons-disease","status":"publish","type":"page","link":"https:\/\/sites.uef.fi\/human-brain-disease-modelling-group\/pericytes-in-parkinsons-disease\/","title":{"rendered":"Pericytes in Parkinson\u2019s disease"},"content":{"rendered":"\n<figure class=\"wp-block-image size-large\"><img loading=\"lazy\" decoding=\"async\" width=\"1024\" height=\"407\" src=\"https:\/\/sites.uef.fi\/human-brain-disease-modelling-group\/wp-content\/uploads\/sites\/286\/2025\/02\/Untitled-15-1024x407.jpg\" alt=\"\" class=\"wp-image-4221\" srcset=\"https:\/\/sites.uef.fi\/human-brain-disease-modelling-group\/wp-content\/uploads\/sites\/286\/2025\/02\/Untitled-15-1024x407.jpg 1024w, https:\/\/sites.uef.fi\/human-brain-disease-modelling-group\/wp-content\/uploads\/sites\/286\/2025\/02\/Untitled-15-300x119.jpg 300w, https:\/\/sites.uef.fi\/human-brain-disease-modelling-group\/wp-content\/uploads\/sites\/286\/2025\/02\/Untitled-15-768x305.jpg 768w, https:\/\/sites.uef.fi\/human-brain-disease-modelling-group\/wp-content\/uploads\/sites\/286\/2025\/02\/Untitled-15-1536x610.jpg 1536w, https:\/\/sites.uef.fi\/human-brain-disease-modelling-group\/wp-content\/uploads\/sites\/286\/2025\/02\/Untitled-15-2048x814.jpg 2048w\" sizes=\"auto, (max-width: 1024px) 100vw, 1024px\" \/><\/figure>\n\n\n\n<p>The research aims to determine the role of pericytes in Parkinson\u2019s disease pathology. First, we want to discover how LRRK2 mutation affects the function of pericytes. Later we will assess how changes observed in the pericytes will reflect on the function of the blood-brain barrier. We will also determine the effect of Parkinson\u2019s disease like environment induced by exposure to alpha synuclein pre-formed fibrils, protein aggregating on Parkinson\u2019s disease, and pro-inflammatory cytokine IL-1b, the level of which is increased in cerebrospinal fluid of PD patients.<\/p>\n\n\n\n<h2 class=\"wp-block-heading\">Publications<\/h2>\n\n\n\n<p><strong>Peltonen, S<\/strong>., Sonninen, T.-M., Niskanen, J., Koistinaho, J., Ruponen, M., Lehtonen, \u0160. (2024). Mutated LRRK2 induces a reactive phenotype and alters migration in human iPSC-derived pericyte-like cells. Fluids Barriers CNS 21(1):92. <a href=\"https:\/\/doi.org\/10.1186\/s12987-024-00592-y\">https:\/\/doi.org\/10.1186\/s12987-024-00592-y<\/a><\/p>\n\n\n\n<p>Sonninen, T.-M., <strong>Peltonen, S<\/strong>., Niskanen, J., H\u00e4m\u00e4l\u00e4inen R.-H., Koistinaho, J., Lehtonen, \u0160. (2024) LRRK2 G2019S Mutated iPSC-Derived Endothelial Cells Exhibit Increased \u03b1-Synuclein, Mitochondrial Impairment, and Altered Inflammatory Responses. International Journal of Molecular Sciences 25(23):12874. <a href=\"https:\/\/doi.org\/10.3390\/ijms252312874\">https:\/\/doi.org\/10.3390\/ijms252312874<\/a><\/p>\n\n\n\n<p>Monikh, F. A., Lehtonen, \u0160., Kek\u00e4l\u00e4inen, J., Karkossa, I., Auriola, S., Schubert, K., Zanut, A., <strong>Peltonen, S<\/strong>., Niskanen, J., Bandekar, M., von Bergen, M., Leskinen, J., Bogialli, S., Guo, Z., Chen, C., Lynch, I. (2024) Biotransformation of nanoplastics in human plasma and their permeation through a model in vitro Blood-Brain Barrier: An in-depth quantitative analysis. Nano Today 59, 102466.\u00a0<a href=\"https:\/\/eur03.safelinks.protection.outlook.com\/?url=https%3A%2F%2Fdoi.org%2F10.1016%2Fj.nantod.2024.102466&amp;data=05%7C02%7Cvaltteri.syvanen%40uef.fi%7C04be1c4d74f14923620208dd56365331%7C87879f2e73044bf2baf263e7f83f3c34%7C0%7C0%7C638761513501022346%7CUnknown%7CTWFpbGZsb3d8eyJFbXB0eU1hcGkiOnRydWUsIlYiOiIwLjAuMDAwMCIsIlAiOiJXaW4zMiIsIkFOIjoiTWFpbCIsIldUIjoyfQ%3D%3D%7C0%7C%7C%7C&amp;sdata=wfaKGQq8YVzH5oVQj5pGL%2BvBtdrFGw3DGYtn5M1Few4%3D&amp;reserved=0\" target=\"_blank\" rel=\"noreferrer noopener\">https:\/\/doi.org\/10.1016\/j.nantod.2024.102466<\/a><\/p>\n\n\n\n<p>Albert, K., K\u00e4lv\u00e4l\u00e4, S., Hakosalo, V., Syv\u00e4nen, V., Krupa, P., Niskanen, J., <strong>Peltonen, S.<\/strong>, Sonninen, T.-M. &amp; Lehtonen, \u0160. (2022). Cellular Models of Alpha-Synuclein Aggregation: What Have We Learned and Implications for Future Study. Biomedicines 10, 2649&nbsp;<a href=\"https:\/\/doi.org\/10.3390\/biomedicines10102649\">https:\/\/doi.org\/10.3390\/biomedicines10102649<\/a> <\/p>\n\n\n\n<p>Wu, Y.-C., Sonninen, T.-M., <strong>Peltonen, S<\/strong>., Koistinaho, J., and Lehtonen, \u0160. (2021). Blood\u2013Brain Barrier and Neurodegenerative Diseases\u2014Modeling with iPSC-Derived Brain Cells. International Journal of Molecular Sciences 22, 7710.&nbsp;&nbsp;<a href=\"https:\/\/doi.org\/10.3390\/ijms22147710\">https:\/\/doi.org\/10.3390\/ijms22147710<\/a><\/p>\n","protected":false},"excerpt":{"rendered":"<p>The research aims to determine the role of pericytes in Parkinson\u2019s disease pathology. First, we want to discover how LRRK2 mutation affects the function of pericytes. Later we will assess how changes observed in the pericytes will reflect on the function of the blood-brain barrier. We will also determine the effect of Parkinson\u2019s disease like [&hellip;]<\/p>\n","protected":false},"author":1034,"featured_media":0,"parent":0,"menu_order":0,"comment_status":"closed","ping_status":"closed","template":"","meta":{"_acf_changed":false,"footnotes":""},"class_list":["post-3997","page","type-page","status-publish","hentry"],"acf":[],"yoast_head":"<!-- This site is optimized with the Yoast SEO plugin v27.1.1 - https:\/\/yoast.com\/product\/yoast-seo-wordpress\/ -->\n<title>Pericytes in Parkinson\u2019s disease - Lehtonen lab\/ Human Brain Disease Modelling Research Group<\/title>\n<meta name=\"robots\" content=\"index, follow, max-snippet:-1, max-image-preview:large, max-video-preview:-1\" \/>\n<link rel=\"canonical\" href=\"https:\/\/sites.uef.fi\/human-brain-disease-modelling-group\/pericytes-in-parkinsons-disease\/\" \/>\n<meta property=\"og:locale\" content=\"en_US\" \/>\n<meta property=\"og:type\" content=\"article\" \/>\n<meta property=\"og:title\" content=\"Pericytes in Parkinson\u2019s disease - Lehtonen lab\/ Human Brain Disease Modelling Research Group\" \/>\n<meta property=\"og:description\" content=\"The research aims to determine the role of pericytes in Parkinson\u2019s disease pathology. First, we want to discover how LRRK2 mutation affects the function of pericytes. Later we will assess how changes observed in the pericytes will reflect on the function of the blood-brain barrier. We will also determine the effect of Parkinson\u2019s disease like [&hellip;]\" \/>\n<meta property=\"og:url\" content=\"https:\/\/sites.uef.fi\/human-brain-disease-modelling-group\/pericytes-in-parkinsons-disease\/\" \/>\n<meta property=\"og:site_name\" content=\"Lehtonen lab\/ Human Brain Disease Modelling Research Group\" \/>\n<meta property=\"article:modified_time\" content=\"2025-02-26T10:57:42+00:00\" \/>\n<meta property=\"og:image\" content=\"https:\/\/sites.uef.fi\/human-brain-disease-modelling-group\/wp-content\/uploads\/sites\/286\/2025\/02\/Untitled-15.jpg\" \/>\n\t<meta property=\"og:image:width\" content=\"2061\" \/>\n\t<meta property=\"og:image:height\" content=\"819\" \/>\n\t<meta property=\"og:image:type\" content=\"image\/jpeg\" \/>\n<meta name=\"twitter:card\" content=\"summary_large_image\" \/>\n<meta name=\"twitter:label1\" content=\"Est. reading time\" \/>\n\t<meta name=\"twitter:data1\" content=\"2 minutes\" \/>\n<script type=\"application\/ld+json\" class=\"yoast-schema-graph\">{\"@context\":\"https:\/\/schema.org\",\"@graph\":[{\"@type\":\"WebPage\",\"@id\":\"https:\/\/sites.uef.fi\/human-brain-disease-modelling-group\/pericytes-in-parkinsons-disease\/\",\"url\":\"https:\/\/sites.uef.fi\/human-brain-disease-modelling-group\/pericytes-in-parkinsons-disease\/\",\"name\":\"Pericytes in Parkinson\u2019s disease - Lehtonen lab\/ Human Brain Disease Modelling Research Group\",\"isPartOf\":{\"@id\":\"https:\/\/sites.uef.fi\/human-brain-disease-modelling-group\/#website\"},\"primaryImageOfPage\":{\"@id\":\"https:\/\/sites.uef.fi\/human-brain-disease-modelling-group\/pericytes-in-parkinsons-disease\/#primaryimage\"},\"image\":{\"@id\":\"https:\/\/sites.uef.fi\/human-brain-disease-modelling-group\/pericytes-in-parkinsons-disease\/#primaryimage\"},\"thumbnailUrl\":\"https:\/\/sites.uef.fi\/human-brain-disease-modelling-group\/wp-content\/uploads\/sites\/286\/2025\/02\/Untitled-15-1024x407.jpg\",\"datePublished\":\"2023-12-05T11:14:57+00:00\",\"dateModified\":\"2025-02-26T10:57:42+00:00\",\"breadcrumb\":{\"@id\":\"https:\/\/sites.uef.fi\/human-brain-disease-modelling-group\/pericytes-in-parkinsons-disease\/#breadcrumb\"},\"inLanguage\":\"en-US\",\"potentialAction\":[{\"@type\":\"ReadAction\",\"target\":[\"https:\/\/sites.uef.fi\/human-brain-disease-modelling-group\/pericytes-in-parkinsons-disease\/\"]}]},{\"@type\":\"ImageObject\",\"inLanguage\":\"en-US\",\"@id\":\"https:\/\/sites.uef.fi\/human-brain-disease-modelling-group\/pericytes-in-parkinsons-disease\/#primaryimage\",\"url\":\"https:\/\/sites.uef.fi\/human-brain-disease-modelling-group\/wp-content\/uploads\/sites\/286\/2025\/02\/Untitled-15.jpg\",\"contentUrl\":\"https:\/\/sites.uef.fi\/human-brain-disease-modelling-group\/wp-content\/uploads\/sites\/286\/2025\/02\/Untitled-15.jpg\",\"width\":2061,\"height\":819},{\"@type\":\"BreadcrumbList\",\"@id\":\"https:\/\/sites.uef.fi\/human-brain-disease-modelling-group\/pericytes-in-parkinsons-disease\/#breadcrumb\",\"itemListElement\":[{\"@type\":\"ListItem\",\"position\":1,\"name\":\"Home\",\"item\":\"https:\/\/sites.uef.fi\/human-brain-disease-modelling-group\/\"},{\"@type\":\"ListItem\",\"position\":2,\"name\":\"Pericytes in Parkinson\u2019s disease\"}]},{\"@type\":\"WebSite\",\"@id\":\"https:\/\/sites.uef.fi\/human-brain-disease-modelling-group\/#website\",\"url\":\"https:\/\/sites.uef.fi\/human-brain-disease-modelling-group\/\",\"name\":\"Lehtonen lab\/ Human Brain Disease Modelling Research Group\",\"description\":\"\",\"potentialAction\":[{\"@type\":\"SearchAction\",\"target\":{\"@type\":\"EntryPoint\",\"urlTemplate\":\"https:\/\/sites.uef.fi\/human-brain-disease-modelling-group\/?s={search_term_string}\"},\"query-input\":{\"@type\":\"PropertyValueSpecification\",\"valueRequired\":true,\"valueName\":\"search_term_string\"}}],\"inLanguage\":\"en-US\"}]}<\/script>\n<!-- \/ Yoast SEO plugin. -->","yoast_head_json":{"title":"Pericytes in Parkinson\u2019s disease - Lehtonen lab\/ Human Brain Disease Modelling Research Group","robots":{"index":"index","follow":"follow","max-snippet":"max-snippet:-1","max-image-preview":"max-image-preview:large","max-video-preview":"max-video-preview:-1"},"canonical":"https:\/\/sites.uef.fi\/human-brain-disease-modelling-group\/pericytes-in-parkinsons-disease\/","og_locale":"en_US","og_type":"article","og_title":"Pericytes in Parkinson\u2019s disease - Lehtonen lab\/ Human Brain Disease Modelling Research Group","og_description":"The research aims to determine the role of pericytes in Parkinson\u2019s disease pathology. First, we want to discover how LRRK2 mutation affects the function of pericytes. Later we will assess how changes observed in the pericytes will reflect on the function of the blood-brain barrier. We will also determine the effect of Parkinson\u2019s disease like [&hellip;]","og_url":"https:\/\/sites.uef.fi\/human-brain-disease-modelling-group\/pericytes-in-parkinsons-disease\/","og_site_name":"Lehtonen lab\/ Human Brain Disease Modelling Research Group","article_modified_time":"2025-02-26T10:57:42+00:00","og_image":[{"width":2061,"height":819,"url":"https:\/\/sites.uef.fi\/human-brain-disease-modelling-group\/wp-content\/uploads\/sites\/286\/2025\/02\/Untitled-15.jpg","type":"image\/jpeg"}],"twitter_card":"summary_large_image","twitter_misc":{"Est. reading time":"2 minutes"},"schema":{"@context":"https:\/\/schema.org","@graph":[{"@type":"WebPage","@id":"https:\/\/sites.uef.fi\/human-brain-disease-modelling-group\/pericytes-in-parkinsons-disease\/","url":"https:\/\/sites.uef.fi\/human-brain-disease-modelling-group\/pericytes-in-parkinsons-disease\/","name":"Pericytes in Parkinson\u2019s disease - Lehtonen lab\/ Human Brain Disease Modelling Research Group","isPartOf":{"@id":"https:\/\/sites.uef.fi\/human-brain-disease-modelling-group\/#website"},"primaryImageOfPage":{"@id":"https:\/\/sites.uef.fi\/human-brain-disease-modelling-group\/pericytes-in-parkinsons-disease\/#primaryimage"},"image":{"@id":"https:\/\/sites.uef.fi\/human-brain-disease-modelling-group\/pericytes-in-parkinsons-disease\/#primaryimage"},"thumbnailUrl":"https:\/\/sites.uef.fi\/human-brain-disease-modelling-group\/wp-content\/uploads\/sites\/286\/2025\/02\/Untitled-15-1024x407.jpg","datePublished":"2023-12-05T11:14:57+00:00","dateModified":"2025-02-26T10:57:42+00:00","breadcrumb":{"@id":"https:\/\/sites.uef.fi\/human-brain-disease-modelling-group\/pericytes-in-parkinsons-disease\/#breadcrumb"},"inLanguage":"en-US","potentialAction":[{"@type":"ReadAction","target":["https:\/\/sites.uef.fi\/human-brain-disease-modelling-group\/pericytes-in-parkinsons-disease\/"]}]},{"@type":"ImageObject","inLanguage":"en-US","@id":"https:\/\/sites.uef.fi\/human-brain-disease-modelling-group\/pericytes-in-parkinsons-disease\/#primaryimage","url":"https:\/\/sites.uef.fi\/human-brain-disease-modelling-group\/wp-content\/uploads\/sites\/286\/2025\/02\/Untitled-15.jpg","contentUrl":"https:\/\/sites.uef.fi\/human-brain-disease-modelling-group\/wp-content\/uploads\/sites\/286\/2025\/02\/Untitled-15.jpg","width":2061,"height":819},{"@type":"BreadcrumbList","@id":"https:\/\/sites.uef.fi\/human-brain-disease-modelling-group\/pericytes-in-parkinsons-disease\/#breadcrumb","itemListElement":[{"@type":"ListItem","position":1,"name":"Home","item":"https:\/\/sites.uef.fi\/human-brain-disease-modelling-group\/"},{"@type":"ListItem","position":2,"name":"Pericytes in Parkinson\u2019s disease"}]},{"@type":"WebSite","@id":"https:\/\/sites.uef.fi\/human-brain-disease-modelling-group\/#website","url":"https:\/\/sites.uef.fi\/human-brain-disease-modelling-group\/","name":"Lehtonen lab\/ Human Brain Disease Modelling Research Group","description":"","potentialAction":[{"@type":"SearchAction","target":{"@type":"EntryPoint","urlTemplate":"https:\/\/sites.uef.fi\/human-brain-disease-modelling-group\/?s={search_term_string}"},"query-input":{"@type":"PropertyValueSpecification","valueRequired":true,"valueName":"search_term_string"}}],"inLanguage":"en-US"}]}},"_links":{"self":[{"href":"https:\/\/sites.uef.fi\/human-brain-disease-modelling-group\/wp-json\/wp\/v2\/pages\/3997","targetHints":{"allow":["GET"]}}],"collection":[{"href":"https:\/\/sites.uef.fi\/human-brain-disease-modelling-group\/wp-json\/wp\/v2\/pages"}],"about":[{"href":"https:\/\/sites.uef.fi\/human-brain-disease-modelling-group\/wp-json\/wp\/v2\/types\/page"}],"author":[{"embeddable":true,"href":"https:\/\/sites.uef.fi\/human-brain-disease-modelling-group\/wp-json\/wp\/v2\/users\/1034"}],"replies":[{"embeddable":true,"href":"https:\/\/sites.uef.fi\/human-brain-disease-modelling-group\/wp-json\/wp\/v2\/comments?post=3997"}],"version-history":[{"count":2,"href":"https:\/\/sites.uef.fi\/human-brain-disease-modelling-group\/wp-json\/wp\/v2\/pages\/3997\/revisions"}],"predecessor-version":[{"id":4226,"href":"https:\/\/sites.uef.fi\/human-brain-disease-modelling-group\/wp-json\/wp\/v2\/pages\/3997\/revisions\/4226"}],"wp:attachment":[{"href":"https:\/\/sites.uef.fi\/human-brain-disease-modelling-group\/wp-json\/wp\/v2\/media?parent=3997"}],"curies":[{"name":"wp","href":"https:\/\/api.w.org\/{rel}","templated":true}]}}