{"id":4186,"date":"2025-02-17T13:58:38","date_gmt":"2025-02-17T11:58:38","guid":{"rendered":"https:\/\/sites.uef.fi\/human-brain-disease-modelling-group\/?page_id=4186"},"modified":"2025-02-26T13:10:21","modified_gmt":"2025-02-26T11:10:21","slug":"the-impact-of-environment-polluting-agents-in-parkinsons-disease","status":"publish","type":"page","link":"https:\/\/sites.uef.fi\/human-brain-disease-modelling-group\/the-impact-of-environment-polluting-agents-in-parkinsons-disease\/","title":{"rendered":"The impact of environment polluting agents in Parkinson\u2019s disease\u00a0"},"content":{"rendered":"\n<p>Despite ongoing research, the evidence is inconclusive regarding whether exposure to microparticles induce neuroinflammation and drives neurodegeneration in PD. To address this knowledge gap, the concept idea of the project is illustrated below:&nbsp;<\/p>\n\n\n\n<figure class=\"wp-block-image size-large\"><img loading=\"lazy\" decoding=\"async\" width=\"563\" height=\"1024\" src=\"https:\/\/sites.uef.fi\/human-brain-disease-modelling-group\/wp-content\/uploads\/sites\/286\/2025\/02\/image-8-563x1024.png\" alt=\"\" class=\"wp-image-4194\" srcset=\"https:\/\/sites.uef.fi\/human-brain-disease-modelling-group\/wp-content\/uploads\/sites\/286\/2025\/02\/image-8-563x1024.png 563w, https:\/\/sites.uef.fi\/human-brain-disease-modelling-group\/wp-content\/uploads\/sites\/286\/2025\/02\/image-8-165x300.png 165w, https:\/\/sites.uef.fi\/human-brain-disease-modelling-group\/wp-content\/uploads\/sites\/286\/2025\/02\/image-8.png 618w\" sizes=\"auto, (max-width: 563px) 100vw, 563px\" \/><\/figure>\n\n\n\n<h2 class=\"wp-block-heading\">Publications<\/h2>\n\n\n\n<p>Monikh, FA., <strong>Lehtonen, \u0160<em>.<\/em><\/strong>, Kek\u00e4l\u00e4inen, J., Karkossa, I., et al.&nbsp;<strong>2024<\/strong>&nbsp;Biotransformation of nanoplastics in human plasma and their permeation through a model in vitro blood-brain barrier: An in-depth quantitative analysis.&nbsp;<em>Nanotoday,&nbsp;<\/em>59, 102466&nbsp;<a href=\"https:\/\/eur03.safelinks.protection.outlook.com\/?url=https%3A%2F%2Fdoi.org%2F10.1016%2Fj.nantod.2024.102466&amp;data=05%7C02%7Cvaltteri.syvanen%40uef.fi%7C312d2e4634da4bfa843108dd51f5c3c2%7C87879f2e73044bf2baf263e7f83f3c34%7C0%7C0%7C638756838192382345%7CUnknown%7CTWFpbGZsb3d8eyJFbXB0eU1hcGkiOnRydWUsIlYiOiIwLjAuMDAwMCIsIlAiOiJXaW4zMiIsIkFOIjoiTWFpbCIsIldUIjoyfQ%3D%3D%7C0%7C%7C%7C&amp;sdata=cKnhKgeKfFne3aDivhPWhFNhFas4EWe7wg5XXR2zrTU%3D&amp;reserved=0\" target=\"_blank\" rel=\"noreferrer noopener\">https:\/\/doi.org\/10.1016\/j.nantod.2024.102466<\/a><\/p>\n\n\n\n<p><strong>Guden, D.S.<\/strong>, Temiz-Resitoglu, M., Senol, S.P., Kibar, D., et al.&nbsp;<strong>2021<\/strong>&nbsp;mTOR inhibition as a possible pharmacological target in the management of systemic inflammatory response and associated neuroinflammation by lipopolysaccharide challenge in rats.&nbsp;<em>Can. J. Physiol. Pharmacol.,<\/em>&nbsp;99(9), 921\u2013934&nbsp;<a href=\"https:\/\/eur03.safelinks.protection.outlook.com\/?url=https%3A%2F%2Fdoi.org%2F10.1139%2Fcjpp-2020-0487&amp;data=05%7C02%7Cvaltteri.syvanen%40uef.fi%7C312d2e4634da4bfa843108dd51f5c3c2%7C87879f2e73044bf2baf263e7f83f3c34%7C0%7C0%7C638756838192398006%7CUnknown%7CTWFpbGZsb3d8eyJFbXB0eU1hcGkiOnRydWUsIlYiOiIwLjAuMDAwMCIsIlAiOiJXaW4zMiIsIkFOIjoiTWFpbCIsIldUIjoyfQ%3D%3D%7C0%7C%7C%7C&amp;sdata=S8aaF3DHveqGvP%2BxQc0vRWBVNw%2Bd9rQPDlqmYR4ST2s%3D&amp;reserved=0\" target=\"_blank\" rel=\"noreferrer noopener\">https:\/\/doi.org\/10.1139\/cjpp-2020-0487<\/a><\/p>\n\n\n\n<p><strong>Guden, D.S<\/strong>., Ar\u0131c\u0131oglu, F. &nbsp;<strong>2020<\/strong>. A link between PKR, inflammasome and synaptic plasticity:&nbsp;&nbsp; is it an emerging therapeutic option for cognitive dysfunction?&nbsp;<em>Psychiatry and Clinical Psychopharmacology<\/em>, 30(3), 313&nbsp;<a href=\"https:\/\/eur03.safelinks.protection.outlook.com\/?url=https%3A%2F%2Fdoi.org%2F10.5455%2Fpcp.20200801015342&amp;data=05%7C02%7Cvaltteri.syvanen%40uef.fi%7C312d2e4634da4bfa843108dd51f5c3c2%7C87879f2e73044bf2baf263e7f83f3c34%7C0%7C0%7C638756838192409616%7CUnknown%7CTWFpbGZsb3d8eyJFbXB0eU1hcGkiOnRydWUsIlYiOiIwLjAuMDAwMCIsIlAiOiJXaW4zMiIsIkFOIjoiTWFpbCIsIldUIjoyfQ%3D%3D%7C0%7C%7C%7C&amp;sdata=XpW6dt3Mx8Tqb%2FY1kNYtJ0onRO0hsNbnxa0OjHmFZ6I%3D&amp;reserved=0\" target=\"_blank\" rel=\"noreferrer noopener\">https:\/\/doi.org\/10.5455\/pcp.20200801015342<\/a><\/p>\n","protected":false},"excerpt":{"rendered":"<p>Despite ongoing research, the evidence is inconclusive regarding whether exposure to microparticles induce neuroinflammation and drives neurodegeneration in PD. To address this knowledge gap, the concept idea of the project is illustrated below:&nbsp; Publications Monikh, FA., Lehtonen, \u0160., Kek\u00e4l\u00e4inen, J., Karkossa, I., et al.&nbsp;2024&nbsp;Biotransformation of nanoplastics in human plasma and their permeation through a model [&hellip;]<\/p>\n","protected":false},"author":1034,"featured_media":0,"parent":0,"menu_order":0,"comment_status":"closed","ping_status":"closed","template":"","meta":{"_acf_changed":false,"footnotes":""},"class_list":["post-4186","page","type-page","status-publish","hentry"],"acf":[],"yoast_head":"<!-- This site is optimized with the Yoast SEO plugin v27.1.1 - https:\/\/yoast.com\/product\/yoast-seo-wordpress\/ -->\n<title>The impact of environment polluting agents in Parkinson\u2019s disease\u00a0 - Lehtonen lab\/ Human Brain Disease Modelling Research Group<\/title>\n<meta name=\"robots\" content=\"index, follow, max-snippet:-1, max-image-preview:large, max-video-preview:-1\" \/>\n<link rel=\"canonical\" href=\"https:\/\/sites.uef.fi\/human-brain-disease-modelling-group\/the-impact-of-environment-polluting-agents-in-parkinsons-disease\/\" \/>\n<meta property=\"og:locale\" content=\"en_US\" \/>\n<meta property=\"og:type\" content=\"article\" \/>\n<meta property=\"og:title\" content=\"The impact of environment polluting agents in Parkinson\u2019s disease\u00a0 - Lehtonen lab\/ Human Brain Disease Modelling Research Group\" \/>\n<meta property=\"og:description\" content=\"Despite ongoing research, the evidence is inconclusive regarding whether exposure to microparticles induce neuroinflammation and drives neurodegeneration in PD. To address this knowledge gap, the concept idea of the project is illustrated below:&nbsp; Publications Monikh, FA., Lehtonen, \u0160., Kek\u00e4l\u00e4inen, J., Karkossa, I., et al.&nbsp;2024&nbsp;Biotransformation of nanoplastics in human plasma and their permeation through a model [&hellip;]\" \/>\n<meta property=\"og:url\" content=\"https:\/\/sites.uef.fi\/human-brain-disease-modelling-group\/the-impact-of-environment-polluting-agents-in-parkinsons-disease\/\" \/>\n<meta property=\"og:site_name\" content=\"Lehtonen lab\/ Human Brain Disease Modelling Research Group\" \/>\n<meta property=\"article:modified_time\" content=\"2025-02-26T11:10:21+00:00\" \/>\n<meta property=\"og:image\" content=\"https:\/\/sites.uef.fi\/human-brain-disease-modelling-group\/wp-content\/uploads\/sites\/286\/2025\/02\/image-8.png\" \/>\n\t<meta property=\"og:image:width\" content=\"618\" \/>\n\t<meta property=\"og:image:height\" content=\"1125\" \/>\n\t<meta property=\"og:image:type\" content=\"image\/png\" \/>\n<meta name=\"twitter:card\" content=\"summary_large_image\" \/>\n<meta name=\"twitter:label1\" content=\"Est. reading time\" \/>\n\t<meta name=\"twitter:data1\" content=\"1 minute\" \/>\n<script type=\"application\/ld+json\" class=\"yoast-schema-graph\">{\"@context\":\"https:\/\/schema.org\",\"@graph\":[{\"@type\":\"WebPage\",\"@id\":\"https:\/\/sites.uef.fi\/human-brain-disease-modelling-group\/the-impact-of-environment-polluting-agents-in-parkinsons-disease\/\",\"url\":\"https:\/\/sites.uef.fi\/human-brain-disease-modelling-group\/the-impact-of-environment-polluting-agents-in-parkinsons-disease\/\",\"name\":\"The impact of environment polluting agents in Parkinson\u2019s disease\u00a0 - Lehtonen lab\/ Human Brain Disease Modelling Research Group\",\"isPartOf\":{\"@id\":\"https:\/\/sites.uef.fi\/human-brain-disease-modelling-group\/#website\"},\"primaryImageOfPage\":{\"@id\":\"https:\/\/sites.uef.fi\/human-brain-disease-modelling-group\/the-impact-of-environment-polluting-agents-in-parkinsons-disease\/#primaryimage\"},\"image\":{\"@id\":\"https:\/\/sites.uef.fi\/human-brain-disease-modelling-group\/the-impact-of-environment-polluting-agents-in-parkinsons-disease\/#primaryimage\"},\"thumbnailUrl\":\"https:\/\/sites.uef.fi\/human-brain-disease-modelling-group\/wp-content\/uploads\/sites\/286\/2025\/02\/image-8-563x1024.png\",\"datePublished\":\"2025-02-17T11:58:38+00:00\",\"dateModified\":\"2025-02-26T11:10:21+00:00\",\"breadcrumb\":{\"@id\":\"https:\/\/sites.uef.fi\/human-brain-disease-modelling-group\/the-impact-of-environment-polluting-agents-in-parkinsons-disease\/#breadcrumb\"},\"inLanguage\":\"en-US\",\"potentialAction\":[{\"@type\":\"ReadAction\",\"target\":[\"https:\/\/sites.uef.fi\/human-brain-disease-modelling-group\/the-impact-of-environment-polluting-agents-in-parkinsons-disease\/\"]}]},{\"@type\":\"ImageObject\",\"inLanguage\":\"en-US\",\"@id\":\"https:\/\/sites.uef.fi\/human-brain-disease-modelling-group\/the-impact-of-environment-polluting-agents-in-parkinsons-disease\/#primaryimage\",\"url\":\"https:\/\/sites.uef.fi\/human-brain-disease-modelling-group\/wp-content\/uploads\/sites\/286\/2025\/02\/image-8.png\",\"contentUrl\":\"https:\/\/sites.uef.fi\/human-brain-disease-modelling-group\/wp-content\/uploads\/sites\/286\/2025\/02\/image-8.png\",\"width\":618,\"height\":1125},{\"@type\":\"BreadcrumbList\",\"@id\":\"https:\/\/sites.uef.fi\/human-brain-disease-modelling-group\/the-impact-of-environment-polluting-agents-in-parkinsons-disease\/#breadcrumb\",\"itemListElement\":[{\"@type\":\"ListItem\",\"position\":1,\"name\":\"Home\",\"item\":\"https:\/\/sites.uef.fi\/human-brain-disease-modelling-group\/\"},{\"@type\":\"ListItem\",\"position\":2,\"name\":\"The impact of environment polluting agents in Parkinson\u2019s disease\u00a0\"}]},{\"@type\":\"WebSite\",\"@id\":\"https:\/\/sites.uef.fi\/human-brain-disease-modelling-group\/#website\",\"url\":\"https:\/\/sites.uef.fi\/human-brain-disease-modelling-group\/\",\"name\":\"Lehtonen lab\/ Human Brain Disease Modelling Research Group\",\"description\":\"\",\"potentialAction\":[{\"@type\":\"SearchAction\",\"target\":{\"@type\":\"EntryPoint\",\"urlTemplate\":\"https:\/\/sites.uef.fi\/human-brain-disease-modelling-group\/?s={search_term_string}\"},\"query-input\":{\"@type\":\"PropertyValueSpecification\",\"valueRequired\":true,\"valueName\":\"search_term_string\"}}],\"inLanguage\":\"en-US\"}]}<\/script>\n<!-- \/ Yoast SEO plugin. -->","yoast_head_json":{"title":"The impact of environment polluting agents in Parkinson\u2019s disease\u00a0 - Lehtonen lab\/ Human Brain Disease Modelling Research Group","robots":{"index":"index","follow":"follow","max-snippet":"max-snippet:-1","max-image-preview":"max-image-preview:large","max-video-preview":"max-video-preview:-1"},"canonical":"https:\/\/sites.uef.fi\/human-brain-disease-modelling-group\/the-impact-of-environment-polluting-agents-in-parkinsons-disease\/","og_locale":"en_US","og_type":"article","og_title":"The impact of environment polluting agents in Parkinson\u2019s disease\u00a0 - Lehtonen lab\/ Human Brain Disease Modelling Research Group","og_description":"Despite ongoing research, the evidence is inconclusive regarding whether exposure to microparticles induce neuroinflammation and drives neurodegeneration in PD. To address this knowledge gap, the concept idea of the project is illustrated below:&nbsp; Publications Monikh, FA., Lehtonen, \u0160., Kek\u00e4l\u00e4inen, J., Karkossa, I., et al.&nbsp;2024&nbsp;Biotransformation of nanoplastics in human plasma and their permeation through a model [&hellip;]","og_url":"https:\/\/sites.uef.fi\/human-brain-disease-modelling-group\/the-impact-of-environment-polluting-agents-in-parkinsons-disease\/","og_site_name":"Lehtonen lab\/ Human Brain Disease Modelling Research Group","article_modified_time":"2025-02-26T11:10:21+00:00","og_image":[{"width":618,"height":1125,"url":"https:\/\/sites.uef.fi\/human-brain-disease-modelling-group\/wp-content\/uploads\/sites\/286\/2025\/02\/image-8.png","type":"image\/png"}],"twitter_card":"summary_large_image","twitter_misc":{"Est. reading time":"1 minute"},"schema":{"@context":"https:\/\/schema.org","@graph":[{"@type":"WebPage","@id":"https:\/\/sites.uef.fi\/human-brain-disease-modelling-group\/the-impact-of-environment-polluting-agents-in-parkinsons-disease\/","url":"https:\/\/sites.uef.fi\/human-brain-disease-modelling-group\/the-impact-of-environment-polluting-agents-in-parkinsons-disease\/","name":"The impact of environment polluting agents in Parkinson\u2019s disease\u00a0 - Lehtonen lab\/ Human Brain Disease Modelling Research Group","isPartOf":{"@id":"https:\/\/sites.uef.fi\/human-brain-disease-modelling-group\/#website"},"primaryImageOfPage":{"@id":"https:\/\/sites.uef.fi\/human-brain-disease-modelling-group\/the-impact-of-environment-polluting-agents-in-parkinsons-disease\/#primaryimage"},"image":{"@id":"https:\/\/sites.uef.fi\/human-brain-disease-modelling-group\/the-impact-of-environment-polluting-agents-in-parkinsons-disease\/#primaryimage"},"thumbnailUrl":"https:\/\/sites.uef.fi\/human-brain-disease-modelling-group\/wp-content\/uploads\/sites\/286\/2025\/02\/image-8-563x1024.png","datePublished":"2025-02-17T11:58:38+00:00","dateModified":"2025-02-26T11:10:21+00:00","breadcrumb":{"@id":"https:\/\/sites.uef.fi\/human-brain-disease-modelling-group\/the-impact-of-environment-polluting-agents-in-parkinsons-disease\/#breadcrumb"},"inLanguage":"en-US","potentialAction":[{"@type":"ReadAction","target":["https:\/\/sites.uef.fi\/human-brain-disease-modelling-group\/the-impact-of-environment-polluting-agents-in-parkinsons-disease\/"]}]},{"@type":"ImageObject","inLanguage":"en-US","@id":"https:\/\/sites.uef.fi\/human-brain-disease-modelling-group\/the-impact-of-environment-polluting-agents-in-parkinsons-disease\/#primaryimage","url":"https:\/\/sites.uef.fi\/human-brain-disease-modelling-group\/wp-content\/uploads\/sites\/286\/2025\/02\/image-8.png","contentUrl":"https:\/\/sites.uef.fi\/human-brain-disease-modelling-group\/wp-content\/uploads\/sites\/286\/2025\/02\/image-8.png","width":618,"height":1125},{"@type":"BreadcrumbList","@id":"https:\/\/sites.uef.fi\/human-brain-disease-modelling-group\/the-impact-of-environment-polluting-agents-in-parkinsons-disease\/#breadcrumb","itemListElement":[{"@type":"ListItem","position":1,"name":"Home","item":"https:\/\/sites.uef.fi\/human-brain-disease-modelling-group\/"},{"@type":"ListItem","position":2,"name":"The impact of environment polluting agents in Parkinson\u2019s disease\u00a0"}]},{"@type":"WebSite","@id":"https:\/\/sites.uef.fi\/human-brain-disease-modelling-group\/#website","url":"https:\/\/sites.uef.fi\/human-brain-disease-modelling-group\/","name":"Lehtonen lab\/ Human Brain Disease Modelling Research Group","description":"","potentialAction":[{"@type":"SearchAction","target":{"@type":"EntryPoint","urlTemplate":"https:\/\/sites.uef.fi\/human-brain-disease-modelling-group\/?s={search_term_string}"},"query-input":{"@type":"PropertyValueSpecification","valueRequired":true,"valueName":"search_term_string"}}],"inLanguage":"en-US"}]}},"_links":{"self":[{"href":"https:\/\/sites.uef.fi\/human-brain-disease-modelling-group\/wp-json\/wp\/v2\/pages\/4186","targetHints":{"allow":["GET"]}}],"collection":[{"href":"https:\/\/sites.uef.fi\/human-brain-disease-modelling-group\/wp-json\/wp\/v2\/pages"}],"about":[{"href":"https:\/\/sites.uef.fi\/human-brain-disease-modelling-group\/wp-json\/wp\/v2\/types\/page"}],"author":[{"embeddable":true,"href":"https:\/\/sites.uef.fi\/human-brain-disease-modelling-group\/wp-json\/wp\/v2\/users\/1034"}],"replies":[{"embeddable":true,"href":"https:\/\/sites.uef.fi\/human-brain-disease-modelling-group\/wp-json\/wp\/v2\/comments?post=4186"}],"version-history":[{"count":2,"href":"https:\/\/sites.uef.fi\/human-brain-disease-modelling-group\/wp-json\/wp\/v2\/pages\/4186\/revisions"}],"predecessor-version":[{"id":4232,"href":"https:\/\/sites.uef.fi\/human-brain-disease-modelling-group\/wp-json\/wp\/v2\/pages\/4186\/revisions\/4232"}],"wp:attachment":[{"href":"https:\/\/sites.uef.fi\/human-brain-disease-modelling-group\/wp-json\/wp\/v2\/media?parent=4186"}],"curies":[{"name":"wp","href":"https:\/\/api.w.org\/{rel}","templated":true}]}}