{"id":1453,"date":"2022-09-09T14:24:15","date_gmt":"2022-09-09T11:24:15","guid":{"rendered":"https:\/\/sites.uef.fi\/hyvinvointioikeus\/?page_id=1453"},"modified":"2022-11-07T12:28:07","modified_gmt":"2022-11-07T10:28:07","slug":"hyvinvointioikeuden-paivat-2023","status":"publish","type":"page","link":"https:\/\/sites.uef.fi\/hyvinvointioikeus\/hyvinvointioikeuden-paivat-2023\/","title":{"rendered":"Hyvinvointioikeuden p\u00e4iv\u00e4t"},"content":{"rendered":"<h1><strong>VI HYVINVOINTIOIKEUDEN P\u00c4IV\u00c4T 2023 JOENSUUSSA 18.-20.4.2023<\/strong><\/h1>\n<p>It\u00e4-Suomen yliopiston Hyvinvointioikeuden keskus j\u00e4rjest\u00e4\u00e4 18.4.2023 kaikille avoimen yleis\u00f6seminaarin, jossa esitell\u00e4\u00e4n hyvinvointioikeudellista tutkimusta ja pohditaan uudistuvia hyvinvointipalveluja Pohjois-Karjalassa.<\/p>\n<p>Hyvinvointioikeuden p\u00e4iv\u00e4t 19.-20.4.2023 tuo yhteen hyvinvointioikeudellista tutkimusta tekevi\u00e4 tutkijoita ja hyvinvointioikeudellisista kysymyksist\u00e4 kiinnostuneita asiantuntuntijoita. Vuoden 2023 hyvinvointioikeuden p\u00e4ivien luennoilla ja paneelikeskustelussa pohditaan erityisesti, kenen hyvinvoinnista hyvinvointioikeudellinen ajattelu on kiinnostunut. Keskeinen osa hyvinvointioikeuden p\u00e4ivi\u00e4 on tutkijoiden ja asiantuntijoiden alustukset. Olet tervetullut alustamaan omasta tutkimuksestasi tai kehitt\u00e4misty\u00f6st\u00e4si hyvinvointioikeuden p\u00e4iville riippumatta tieteenalataustasta, tutkijauran vaiheesta, tutkimuksen metodisista valinnoista tai muista vastaavista seikoista. Ilmoittautumisten perusteella alustuksista kootaan temaattisia ty\u00f6ryhmi\u00e4. Hyvinvointioikeuden p\u00e4iville voi osallistua my\u00f6s ilman omaa alustusta.<\/p>\n<p>Osallistuminen yleis\u00f6seminaariin ja hyvinvointioikeuden p\u00e4iville on maksutonta.<\/p>\n<p>P\u00e4ivit\u00e4mme n\u00e4ille sivulle tietoa hyvinvointioikeuden p\u00e4ivist\u00e4. Yll\u00e4olevasta navigaatiopalkista l\u00f6yd\u00e4t muun ohella p\u00e4ivien <a href=\"https:\/\/sites.uef.fi\/hyvinvointioikeus\/ohjelma\/\">ohjelman<\/a> ja ohjeet <a href=\"https:\/\/sites.uef.fi\/hyvinvointioikeus\/abstraktihaku\/\">abstraktin l\u00e4hett\u00e4miseen<\/a>.<\/p>\n<p>Somessa k\u00e4yt\u00e4mme p\u00e4ivist\u00e4 tunnistetta <span style=\"color: #009fb8\">#HVOp\u00e4iv\u00e4t2023<\/span>.<\/p>\n<p><strong>Tervetuloa mukaan!<\/strong><\/p>\n","protected":false},"excerpt":{"rendered":"<p>VI HYVINVOINTIOIKEUDEN P\u00c4IV\u00c4T 2023 JOENSUUSSA 18.-20.4.2023 It\u00e4-Suomen yliopiston Hyvinvointioikeuden keskus j\u00e4rjest\u00e4\u00e4 18.4.2023 kaikille avoimen yleis\u00f6seminaarin, jossa esitell\u00e4\u00e4n hyvinvointioikeudellista tutkimusta ja pohditaan uudistuvia hyvinvointipalveluja Pohjois-Karjalassa. Hyvinvointioikeuden p\u00e4iv\u00e4t 19.-20.4.2023 tuo yhteen hyvinvointioikeudellista tutkimusta tekevi\u00e4 tutkijoita ja hyvinvointioikeudellisista kysymyksist\u00e4 kiinnostuneita asiantuntuntijoita. Vuoden 2023 hyvinvointioikeuden p\u00e4ivien luennoilla ja paneelikeskustelussa pohditaan erityisesti, kenen hyvinvoinnista hyvinvointioikeudellinen ajattelu on kiinnostunut. Keskeinen osa [&hellip;]<\/p>\n","protected":false},"author":248,"featured_media":0,"parent":0,"menu_order":0,"comment_status":"closed","ping_status":"closed","template":"","meta":{"_acf_changed":false,"footnotes":""},"class_list":["post-1453","page","type-page","status-publish","hentry"],"acf":[],"yoast_head":"<!-- This site is optimized with the Yoast SEO plugin v27.3 - https:\/\/yoast.com\/product\/yoast-seo-wordpress\/ -->\n<title>Hyvinvointioikeuden p\u00e4iv\u00e4t - Hyvinvointioikeuden keskus<\/title>\n<meta name=\"robots\" content=\"index, follow, max-snippet:-1, max-image-preview:large, max-video-preview:-1\" \/>\n<link rel=\"canonical\" href=\"https:\/\/sites.uef.fi\/hyvinvointioikeus\/hyvinvointioikeuden-paivat-2023\/\" \/>\n<meta property=\"og:locale\" content=\"fi_FI\" \/>\n<meta property=\"og:type\" content=\"article\" \/>\n<meta property=\"og:title\" content=\"Hyvinvointioikeuden p\u00e4iv\u00e4t - Hyvinvointioikeuden keskus\" \/>\n<meta property=\"og:description\" content=\"VI HYVINVOINTIOIKEUDEN P\u00c4IV\u00c4T 2023 JOENSUUSSA 18.-20.4.2023 It\u00e4-Suomen yliopiston Hyvinvointioikeuden keskus j\u00e4rjest\u00e4\u00e4 18.4.2023 kaikille avoimen yleis\u00f6seminaarin, jossa esitell\u00e4\u00e4n hyvinvointioikeudellista tutkimusta ja pohditaan uudistuvia hyvinvointipalveluja Pohjois-Karjalassa. Hyvinvointioikeuden p\u00e4iv\u00e4t 19.-20.4.2023 tuo yhteen hyvinvointioikeudellista tutkimusta tekevi\u00e4 tutkijoita ja hyvinvointioikeudellisista kysymyksist\u00e4 kiinnostuneita asiantuntuntijoita. Vuoden 2023 hyvinvointioikeuden p\u00e4ivien luennoilla ja paneelikeskustelussa pohditaan erityisesti, kenen hyvinvoinnista hyvinvointioikeudellinen ajattelu on kiinnostunut. Keskeinen osa [&hellip;]\" \/>\n<meta property=\"og:url\" content=\"https:\/\/sites.uef.fi\/hyvinvointioikeus\/hyvinvointioikeuden-paivat-2023\/\" \/>\n<meta property=\"og:site_name\" content=\"Hyvinvointioikeuden keskus\" \/>\n<meta property=\"article:modified_time\" content=\"2022-11-07T10:28:07+00:00\" \/>\n<meta name=\"twitter:card\" content=\"summary_large_image\" \/>\n<meta name=\"twitter:label1\" content=\"Arvioitu lukuaika\" \/>\n\t<meta name=\"twitter:data1\" content=\"1 minuutti\" \/>\n<script type=\"application\/ld+json\" class=\"yoast-schema-graph\">{\"@context\":\"https:\\\/\\\/schema.org\",\"@graph\":[{\"@type\":\"WebPage\",\"@id\":\"https:\\\/\\\/sites.uef.fi\\\/hyvinvointioikeus\\\/hyvinvointioikeuden-paivat-2023\\\/\",\"url\":\"https:\\\/\\\/sites.uef.fi\\\/hyvinvointioikeus\\\/hyvinvointioikeuden-paivat-2023\\\/\",\"name\":\"Hyvinvointioikeuden p\u00e4iv\u00e4t - Hyvinvointioikeuden keskus\",\"isPartOf\":{\"@id\":\"https:\\\/\\\/sites.uef.fi\\\/hyvinvointioikeus\\\/#website\"},\"datePublished\":\"2022-09-09T11:24:15+00:00\",\"dateModified\":\"2022-11-07T10:28:07+00:00\",\"breadcrumb\":{\"@id\":\"https:\\\/\\\/sites.uef.fi\\\/hyvinvointioikeus\\\/hyvinvointioikeuden-paivat-2023\\\/#breadcrumb\"},\"inLanguage\":\"fi\",\"potentialAction\":[{\"@type\":\"ReadAction\",\"target\":[\"https:\\\/\\\/sites.uef.fi\\\/hyvinvointioikeus\\\/hyvinvointioikeuden-paivat-2023\\\/\"]}]},{\"@type\":\"BreadcrumbList\",\"@id\":\"https:\\\/\\\/sites.uef.fi\\\/hyvinvointioikeus\\\/hyvinvointioikeuden-paivat-2023\\\/#breadcrumb\",\"itemListElement\":[{\"@type\":\"ListItem\",\"position\":1,\"name\":\"Home\",\"item\":\"https:\\\/\\\/sites.uef.fi\\\/hyvinvointioikeus\\\/\"},{\"@type\":\"ListItem\",\"position\":2,\"name\":\"Hyvinvointioikeuden p\u00e4iv\u00e4t\"}]},{\"@type\":\"WebSite\",\"@id\":\"https:\\\/\\\/sites.uef.fi\\\/hyvinvointioikeus\\\/#website\",\"url\":\"https:\\\/\\\/sites.uef.fi\\\/hyvinvointioikeus\\\/\",\"name\":\"Hyvinvointioikeuden keskus\",\"description\":\"\",\"potentialAction\":[{\"@type\":\"SearchAction\",\"target\":{\"@type\":\"EntryPoint\",\"urlTemplate\":\"https:\\\/\\\/sites.uef.fi\\\/hyvinvointioikeus\\\/?s={search_term_string}\"},\"query-input\":{\"@type\":\"PropertyValueSpecification\",\"valueRequired\":true,\"valueName\":\"search_term_string\"}}],\"inLanguage\":\"fi\"}]}<\/script>\n<!-- \/ Yoast SEO plugin. -->","yoast_head_json":{"title":"Hyvinvointioikeuden p\u00e4iv\u00e4t - Hyvinvointioikeuden keskus","robots":{"index":"index","follow":"follow","max-snippet":"max-snippet:-1","max-image-preview":"max-image-preview:large","max-video-preview":"max-video-preview:-1"},"canonical":"https:\/\/sites.uef.fi\/hyvinvointioikeus\/hyvinvointioikeuden-paivat-2023\/","og_locale":"fi_FI","og_type":"article","og_title":"Hyvinvointioikeuden p\u00e4iv\u00e4t - Hyvinvointioikeuden keskus","og_description":"VI HYVINVOINTIOIKEUDEN P\u00c4IV\u00c4T 2023 JOENSUUSSA 18.-20.4.2023 It\u00e4-Suomen yliopiston Hyvinvointioikeuden keskus j\u00e4rjest\u00e4\u00e4 18.4.2023 kaikille avoimen yleis\u00f6seminaarin, jossa esitell\u00e4\u00e4n hyvinvointioikeudellista tutkimusta ja pohditaan uudistuvia hyvinvointipalveluja Pohjois-Karjalassa. Hyvinvointioikeuden p\u00e4iv\u00e4t 19.-20.4.2023 tuo yhteen hyvinvointioikeudellista tutkimusta tekevi\u00e4 tutkijoita ja hyvinvointioikeudellisista kysymyksist\u00e4 kiinnostuneita asiantuntuntijoita. Vuoden 2023 hyvinvointioikeuden p\u00e4ivien luennoilla ja paneelikeskustelussa pohditaan erityisesti, kenen hyvinvoinnista hyvinvointioikeudellinen ajattelu on kiinnostunut. Keskeinen osa [&hellip;]","og_url":"https:\/\/sites.uef.fi\/hyvinvointioikeus\/hyvinvointioikeuden-paivat-2023\/","og_site_name":"Hyvinvointioikeuden keskus","article_modified_time":"2022-11-07T10:28:07+00:00","twitter_card":"summary_large_image","twitter_misc":{"Arvioitu lukuaika":"1 minuutti"},"schema":{"@context":"https:\/\/schema.org","@graph":[{"@type":"WebPage","@id":"https:\/\/sites.uef.fi\/hyvinvointioikeus\/hyvinvointioikeuden-paivat-2023\/","url":"https:\/\/sites.uef.fi\/hyvinvointioikeus\/hyvinvointioikeuden-paivat-2023\/","name":"Hyvinvointioikeuden p\u00e4iv\u00e4t - Hyvinvointioikeuden keskus","isPartOf":{"@id":"https:\/\/sites.uef.fi\/hyvinvointioikeus\/#website"},"datePublished":"2022-09-09T11:24:15+00:00","dateModified":"2022-11-07T10:28:07+00:00","breadcrumb":{"@id":"https:\/\/sites.uef.fi\/hyvinvointioikeus\/hyvinvointioikeuden-paivat-2023\/#breadcrumb"},"inLanguage":"fi","potentialAction":[{"@type":"ReadAction","target":["https:\/\/sites.uef.fi\/hyvinvointioikeus\/hyvinvointioikeuden-paivat-2023\/"]}]},{"@type":"BreadcrumbList","@id":"https:\/\/sites.uef.fi\/hyvinvointioikeus\/hyvinvointioikeuden-paivat-2023\/#breadcrumb","itemListElement":[{"@type":"ListItem","position":1,"name":"Home","item":"https:\/\/sites.uef.fi\/hyvinvointioikeus\/"},{"@type":"ListItem","position":2,"name":"Hyvinvointioikeuden p\u00e4iv\u00e4t"}]},{"@type":"WebSite","@id":"https:\/\/sites.uef.fi\/hyvinvointioikeus\/#website","url":"https:\/\/sites.uef.fi\/hyvinvointioikeus\/","name":"Hyvinvointioikeuden keskus","description":"","potentialAction":[{"@type":"SearchAction","target":{"@type":"EntryPoint","urlTemplate":"https:\/\/sites.uef.fi\/hyvinvointioikeus\/?s={search_term_string}"},"query-input":{"@type":"PropertyValueSpecification","valueRequired":true,"valueName":"search_term_string"}}],"inLanguage":"fi"}]}},"_links":{"self":[{"href":"https:\/\/sites.uef.fi\/hyvinvointioikeus\/wp-json\/wp\/v2\/pages\/1453","targetHints":{"allow":["GET"]}}],"collection":[{"href":"https:\/\/sites.uef.fi\/hyvinvointioikeus\/wp-json\/wp\/v2\/pages"}],"about":[{"href":"https:\/\/sites.uef.fi\/hyvinvointioikeus\/wp-json\/wp\/v2\/types\/page"}],"author":[{"embeddable":true,"href":"https:\/\/sites.uef.fi\/hyvinvointioikeus\/wp-json\/wp\/v2\/users\/248"}],"replies":[{"embeddable":true,"href":"https:\/\/sites.uef.fi\/hyvinvointioikeus\/wp-json\/wp\/v2\/comments?post=1453"}],"version-history":[{"count":2,"href":"https:\/\/sites.uef.fi\/hyvinvointioikeus\/wp-json\/wp\/v2\/pages\/1453\/revisions"}],"predecessor-version":[{"id":2656,"href":"https:\/\/sites.uef.fi\/hyvinvointioikeus\/wp-json\/wp\/v2\/pages\/1453\/revisions\/2656"}],"wp:attachment":[{"href":"https:\/\/sites.uef.fi\/hyvinvointioikeus\/wp-json\/wp\/v2\/media?parent=1453"}],"curies":[{"name":"wp","href":"https:\/\/api.w.org\/{rel}","templated":true}]}}