{"id":1462,"date":"2022-09-09T14:28:35","date_gmt":"2022-09-09T11:28:35","guid":{"rendered":"https:\/\/sites.uef.fi\/hyvinvointioikeus\/?page_id=1462"},"modified":"2023-04-18T07:54:07","modified_gmt":"2023-04-18T04:54:07","slug":"ohjelma","status":"publish","type":"page","link":"https:\/\/sites.uef.fi\/hyvinvointioikeus\/ohjelma\/","title":{"rendered":"Ohjelma"},"content":{"rendered":"<h1>VI HYVINVOINTIOIKEUDEN P\u00c4IVIEN OHJELMA 18.-20.4.2023<\/h1>\n<p>#HVOp\u00e4iv\u00e4t2023<strong><br \/>\n<\/strong><\/p>\n<p><span style=\"color: #009fb8\">Vuoden 2023 hyvinvointioikeuden p\u00e4iv\u00e4t koostuvat yleis\u00f6seminaarista tiistaina 18.4.2023 ja tutkijoille suunnatuista tutkimusp\u00e4ivist\u00e4 19.-20.4.2023.<\/span><strong><br \/>\n<\/strong><\/p>\n<h2><strong>HYVINVOINTIA POHJOIS-KARJALASSA YLEIS\u00d6SEMINAARI 18.4.2023<\/strong><\/h2>\n<p>It\u00e4-Suomen yliopiston Hyvinvointioikeuden keskus j\u00e4rjest\u00e4\u00e4 kaikille avoimen yleis\u00f6seminaarin, jossa esitell\u00e4\u00e4n hyvinvointioikeudellista tutkimusta ja pohditaan uudistuvia hyvinvointipalveluja Pohjois-Karjalassa.<\/p>\n<p><strong>Aika: \u00a0<\/strong>\u00a0\u00a0\u00a0\u00a0\u00a0\u00a0\u00a0\u00a0\u00a0\u00a0\u00a0\u00a0\u00a0 tiistai 18.4.2023 klo 11.45-16.00<br \/>\n<strong>Paikka: \u00a0<\/strong> \u00a0\u00a0\u00a0\u00a0\u00a0\u00a0\u00a0 It\u00e4-Suomen yliopisto, Joensuun kampus, Metria-rakennus, sali M100<br \/>\n<strong>Kenelle: \u00a0\u00a0\u00a0<\/strong>\u00a0\u00a0\u00a0\u00a0\u00a0 Kaikille hyvinvoinnista ja siihen liittyvist\u00e4 oikeudellisista kysymyksist\u00e4 kiinnostuneille<\/p>\n<p><strong>11.45-12.20<\/strong> Postereihin tutustuminen Metrian aulassa<\/p>\n<p><strong>12.20-12.45<\/strong> Tervetuliaissanat. Hyvinvointioikeuden opetus ja tutkimus It\u00e4-Suomen yliopistossa<\/p>\n<p><em>Professori Anna M\u00e4ki-Pet\u00e4j\u00e4-Leinonen, Hyvinvointioikeuden keskuksen johtaja<\/em><\/p>\n<p><strong>12.45-13.15<\/strong>\u00a0\u00a0 Paikallistoimijan puheenvuoro. <em>Merja M\u00e4kisalo-Ropponen, Pohjois-Karjalan hyvinvointialueen valtuuston puheenjohtaja.<\/em><\/p>\n<p><strong>13.15-13.45<\/strong>\u00a0\u00a0 P\u00e4ihdepalveluiden saavutettavuus<br \/>\n<em>\u00a0Yliopistonlehtori Heidi Vanjusov, It\u00e4-Suomen yliopisto <\/em><\/p>\n<p><strong>13.45-14.15<\/strong>\u00a0\u00a0 Muistisairaan ihmisen itsem\u00e4\u00e4r\u00e4\u00e4misoikeuden kunnioittaminen<br \/>\n<em>Tutkija Henna Nikumaa, It\u00e4-Suomen yliopisto <\/em><\/p>\n<p><strong>14.15-15.00<\/strong>\u00a0\u00a0 Kahvit ja postereihin tutustuminen<\/p>\n<p><strong>15.00-15.50<\/strong> Keskustelupaneeli: Uudet hyvinvointialueet ja uudistuvat hyvinvointipalvelut Pohjois-Karjalassa<\/p>\n<p class=\"x_paragraph\"><span class=\"x_normaltextrun\"><i>Hyvinvointi- ja koulutusasiantuntija Mari Nupponen, Pohjois-Karjalan maakuntaliitto<\/i><\/span><span class=\"x_eop\">\u00a0<\/span><\/p>\n<p class=\"x_paragraph\"><span class=\"x_normaltextrun\"><i>Toiminnanjohtaja Elina Pajula, Pohjois-Karjalan sosiaaliturvayhdistys ry <\/i><\/span><span class=\"x_eop\">\u00a0<\/span><\/p>\n<p class=\"x_paragraph\"><span class=\"x_normaltextrun\"><i>Aluevaltuutettu LL Laura Tiittanen <\/i><\/span><span class=\"x_eop\">\u00a0<\/span><\/p>\n<p class=\"x_paragraph\"><span class=\"x_normaltextrun\"><i>Paneelin vet\u00e4j\u00e4n\u00e4 Heidi Vanjusov<\/i><\/span><\/p>\n<p><strong>15.50<\/strong>\u00a0\u00a0\u00a0\u00a0\u00a0\u00a0\u00a0 Seminaarin loppusanat, <em>Heidi Vanjusov<\/em><\/p>\n<p>&nbsp;<\/p>\n<p class=\"x_MsoNormal\"><strong>TUTKIJATAPAAMINEN<\/strong><\/p>\n<p class=\"x_MsoNormal\">Hyvinvointioikeuden tutkimusp\u00e4iville saapuville j\u00e4rjestet\u00e4\u00e4n vapaamuotoinen tutkijatapaaminen Mihailin tavernassa (Kauppakatu 23 A) kello 18.00 alkaen. Tapaamisessa on mahdollisuus ruokailla omakustanteisesti. Lis\u00e4tietoja tutkijatapaamisesta saa Heidilt\u00e4 tai Paulilta.<\/p>\n<p><strong>\u00a0<\/strong><\/p>\n<h2><strong>KENEN HYVINVOINTI? HYVINVOINTIOIKEUDEN P\u00c4IV\u00c4T 19.4.-20.4.2023<\/strong><\/h2>\n<p>It\u00e4-Suomen yliopiston Hyvinvointioikeuden keskus j\u00e4rjest\u00e4m\u00e4t hyvinvointioikeuden p\u00e4iv\u00e4t tuo yhteen hyvinvointioikeudellista tutkimusta tekevi\u00e4 tutkijoita ja hyvinvointioikeudellisista kysymyksist\u00e4 kiinnostuneita asiantuntuntijoita. Vuoden 2023 hyvinvointioikeuden p\u00e4ivien luennoilla ja paneelikeskustelussa pohditaan erityisesti, kenen hyvinvoinnista hyvinvointioikeudellinen ajattelu on kiinnostunut. Keskeinen osa hyvinvointioikeuden p\u00e4ivi\u00e4 on tutkijoiden ja asiantuntijoiden alustukset. Olet tervetullut alustamaan omasta tutkimuksestasi tai kehitt\u00e4misty\u00f6st\u00e4si hyvinvointioikeuden p\u00e4iville riippumatta tieteenalataustasta, tutkijauran vaiheesta, tutkimuksen metodisista valinnoista tai muista vastaavista seikoista. Ilmoittautumisten perusteella alustuksista kootaan temaattisia ty\u00f6ryhmi\u00e4. Olet tervetullut hyvinvointioikeuden p\u00e4iville my\u00f6s ilman omaa alustusta.<\/p>\n<p><strong>Aika: \u00a0\u00a0<\/strong>\u00a0\u00a0\u00a0\u00a0\u00a0\u00a0\u00a0\u00a0\u00a0\u00a0\u00a0\u00a0 keskiviikko 19.4.2023 ja torstai 20.4.2023<br \/>\n<strong>Paikka: \u00a0\u00a0<\/strong> \u00a0\u00a0\u00a0\u00a0\u00a0\u00a0 It\u00e4-Suomen yliopisto, Joensuun kampus<br \/>\n<strong>Kenelle: \u00a0\u00a0<\/strong> \u00a0\u00a0 \u00a0\u00a0 tutkijoille ja ajankohtaisesta tutkimuksesta kiinnostuneille asiantuntijoille<br \/>\n<strong>Hinta:<\/strong>\u00a0\u00a0\u00a0\u00a0\u00a0\u00a0\u00a0\u00a0\u00a0\u00a0\u00a0\u00a0\u00a0 ei osallistumismaksua<\/p>\n<p>&nbsp;<\/p>\n<p><strong>Keskiviikko 19.4.2023 Aurora-rakennus, sali AU100<\/strong><\/p>\n<p><strong>8.30<\/strong>\u00a0\u00a0\u00a0\u00a0\u00a0\u00a0\u00a0\u00a0\u00a0\u00a0\u00a0\u00a0\u00a0\u00a0\u00a0\u00a0\u00a0 Ilmoittautuminen avautuu<\/p>\n<p><strong>9.00-9.10<\/strong>\u00a0\u00a0\u00a0\u00a0\u00a0\u00a0 Tervetuloa hyvinvointioikeuden p\u00e4iville<br \/>\n<em>Heidi Vanjusov, yliopistonlehtori, It\u00e4-Suomen yliopisto<br \/>\n<\/em><\/p>\n<p><strong>9.10-9.20<\/strong>\u00a0\u00a0\u00a0\u00a0\u00a0\u00a0\u00a0 Avaussanat<br \/>\n<em>Tapio M\u00e4\u00e4tt\u00e4, akateeminen rehtori, It\u00e4-Suomen yliopisto<\/em><\/p>\n<p><strong>9.20-10.50<\/strong>\u00a0\u00a0\u00a0\u00a0 Kenen hyvinvointi \u2013 keihin oikeus katsoo ja keist\u00e4 se k\u00e4\u00e4nt\u00e4\u00e4 katseensa pois?<br \/>\n<em>Anni-Kristiina Juuso, alkuper\u00e4iskansakysymysten asiantuntija<br \/>\nMarlon Moilanen, sosiaalioikeuden v\u00e4it\u00f6skirjatutkija<br \/>\nMina Mojtahedi, yhdenvertaisuusasioiden asiantuntija<br \/>\nPauli Rautiainen, perus- ja ihmisoikeustutkija (paneelin moderaattori)<\/em><\/p>\n<p><strong>10.50-11.40<\/strong>\u00a0\u00a0 Kenen hyvinvointi \u2013 keihin oikeus katsoo ja keist\u00e4 se k\u00e4\u00e4nt\u00e4\u00e4 katseensa pois?<br \/>\n<em>Anna Kontula, yhteiskuntatutkija, perustuslakivaliokunnan pitk\u00e4aikainen\u00a0 \u00a0 j\u00e4sen<\/em><\/p>\n<p><strong>11.40-12.45\u00a0<\/strong>\u00a0 Lounas<\/p>\n<p><strong>12.45-14.15<\/strong>\u00a0\u00a0 <a href=\"https:\/\/sites.uef.fi\/hyvinvointioikeus\/hyvinvointioikeuden-paivat-2023\/tyoryhmien-aikataulu\/\">Osallistujien alustuksia temaattisissa ty\u00f6ryhmiss\u00e4 (3 rinnakkaista ty\u00f6ryhm\u00e4\u00e4) AU210, AU102, AU111<\/a><br \/>\n(3 x 30 min.)<\/p>\n<p><strong>14.15-14.45<\/strong>\u00a0\u00a0 Kahvi ja postereihin tutustuminen<\/p>\n<p><strong>14.45-16.45<\/strong>\u00a0\u00a0 <a href=\"https:\/\/sites.uef.fi\/hyvinvointioikeus\/hyvinvointioikeuden-paivat-2023\/tyoryhmien-aikataulu\/\">Osallistujien alustuksia temaattisissa ty\u00f6ryhmiss\u00e4 (4 rinnakkaista ty\u00f6ryhm\u00e4\u00e4) AU102, AU202, AU208, AU210<\/a><br \/>\n(4 x 30min.)<\/p>\n<p><strong>16.45-17.00<\/strong>\u00a0 Tauko ja postereihin tutustuminen<\/p>\n<p><strong>17.00-17.15<\/strong>\u00a0 Tutkimusaineistojen saavutettavuus?<br \/>\nVirve Toivonen, yliopistonlehtori, Helsingin yliopisto<\/p>\n<p><strong>17.15-17.30<\/strong>\u00a0 P\u00e4iv\u00e4n keskustelujen koonti yhteisesti<br \/>\n<i>Pauli Rautiainen<\/i><\/p>\n<p><strong>18.30-\u00a0<\/strong> \u00a0\u00a0\u00a0\u00a0\u00a0\u00a0\u00a0\u00a0\u00a0\u00a0\u00a0 Illallinen Ravintola Kerubissa, Siltakatu 1 (Ilosaari)<\/p>\n<p>&nbsp;<\/p>\n<p><strong>Torstai 20.4.2023 (paikka Aurora-rakennus, sali AU206)<\/strong><\/p>\n<p><strong>9.00-9.20<\/strong> \u00a0\u00a0\u00a0\u00a0\u00a0 P\u00e4iv\u00e4n avaus<\/p>\n<p><strong>9.20-10.00<\/strong>\u00a0\u00a0\u00a0\u00a0 Hyvinvointia vai pahoinvointia? Huumeet oikeudellis-yhteiskunnallisena kysymyksen\u00e4<br \/>\n<em>Pekka Hakkarainen, tutkimusprofessori, THL<\/em><\/p>\n<p><strong>10.00-10.15<\/strong> tauko<\/p>\n<p><strong>10.15-12.15<\/strong>\u00a0 <a href=\"https:\/\/sites.uef.fi\/hyvinvointioikeus\/hyvinvointioikeuden-paivat-2023\/tyoryhmien-aikataulu\/\">Osallistujien alustuksia temaattisissa ty\u00f6ryhmiss\u00e4 (4 rinnakkaista ty\u00f6ryhm\u00e4\u00e4 AU102, AU202, AU204, AU206) \u00a0(4 x 30 min.)<\/a><\/p>\n<p><strong>12.15-13.30<\/strong>\u00a0 Lounas<\/p>\n<p><strong>13.30-14.00<\/strong> P\u00e4ivien koonti yhteisesti, kiitossanat, tietoa seuraavista p\u00e4ivist\u00e4<br \/>\n<em>Heidi Vanjusov &amp; Pauli Rautiainen<\/em><\/p>\n<p><strong>Lis\u00e4tiedot<\/strong>: pauli.rautiainen@uef.fi ja heidi.vanjusov@uef.fi<\/p>\n<p>Abstraktikirja l\u00f6ytyy pdf-muodossa seuraavasta linkist\u00e4: <a href=\"https:\/\/sites.uef.fi\/hyvinvointioikeus\/wp-content\/uploads\/sites\/156\/2023\/04\/Abstraktikirja-HVO-paivat-valmis.pdf\">Abstraktikirja, HVO-p\u00e4iv\u00e4t,<\/a><\/p>\n<p>&nbsp;<\/p>\n","protected":false},"excerpt":{"rendered":"<p>VI HYVINVOINTIOIKEUDEN P\u00c4IVIEN OHJELMA 18.-20.4.2023 #HVOp\u00e4iv\u00e4t2023 Vuoden 2023 hyvinvointioikeuden p\u00e4iv\u00e4t koostuvat yleis\u00f6seminaarista tiistaina 18.4.2023 ja tutkijoille suunnatuista tutkimusp\u00e4ivist\u00e4 19.-20.4.2023. HYVINVOINTIA POHJOIS-KARJALASSA YLEIS\u00d6SEMINAARI 18.4.2023 It\u00e4-Suomen yliopiston Hyvinvointioikeuden keskus j\u00e4rjest\u00e4\u00e4 kaikille avoimen yleis\u00f6seminaarin, jossa esitell\u00e4\u00e4n hyvinvointioikeudellista tutkimusta ja pohditaan uudistuvia hyvinvointipalveluja Pohjois-Karjalassa. Aika: \u00a0\u00a0\u00a0\u00a0\u00a0\u00a0\u00a0\u00a0\u00a0\u00a0\u00a0\u00a0\u00a0\u00a0 tiistai 18.4.2023 klo 11.45-16.00 Paikka: \u00a0 \u00a0\u00a0\u00a0\u00a0\u00a0\u00a0\u00a0 It\u00e4-Suomen yliopisto, Joensuun kampus, Metria-rakennus, sali [&hellip;]<\/p>\n","protected":false},"author":248,"featured_media":0,"parent":0,"menu_order":0,"comment_status":"closed","ping_status":"closed","template":"","meta":{"_acf_changed":false,"footnotes":""},"class_list":["post-1462","page","type-page","status-publish","hentry"],"acf":[],"yoast_head":"<!-- This site is optimized with the Yoast SEO plugin v27.3 - https:\/\/yoast.com\/product\/yoast-seo-wordpress\/ -->\n<title>Ohjelma - Hyvinvointioikeuden keskus<\/title>\n<meta name=\"robots\" content=\"index, follow, max-snippet:-1, max-image-preview:large, max-video-preview:-1\" \/>\n<link rel=\"canonical\" href=\"https:\/\/sites.uef.fi\/hyvinvointioikeus\/ohjelma\/\" \/>\n<meta property=\"og:locale\" content=\"fi_FI\" \/>\n<meta property=\"og:type\" content=\"article\" \/>\n<meta property=\"og:title\" content=\"Ohjelma - Hyvinvointioikeuden keskus\" \/>\n<meta property=\"og:description\" content=\"VI HYVINVOINTIOIKEUDEN P\u00c4IVIEN OHJELMA 18.-20.4.2023 #HVOp\u00e4iv\u00e4t2023 Vuoden 2023 hyvinvointioikeuden p\u00e4iv\u00e4t koostuvat yleis\u00f6seminaarista tiistaina 18.4.2023 ja tutkijoille suunnatuista tutkimusp\u00e4ivist\u00e4 19.-20.4.2023. HYVINVOINTIA POHJOIS-KARJALASSA YLEIS\u00d6SEMINAARI 18.4.2023 It\u00e4-Suomen yliopiston Hyvinvointioikeuden keskus j\u00e4rjest\u00e4\u00e4 kaikille avoimen yleis\u00f6seminaarin, jossa esitell\u00e4\u00e4n hyvinvointioikeudellista tutkimusta ja pohditaan uudistuvia hyvinvointipalveluja Pohjois-Karjalassa. Aika: \u00a0\u00a0\u00a0\u00a0\u00a0\u00a0\u00a0\u00a0\u00a0\u00a0\u00a0\u00a0\u00a0\u00a0 tiistai 18.4.2023 klo 11.45-16.00 Paikka: \u00a0 \u00a0\u00a0\u00a0\u00a0\u00a0\u00a0\u00a0 It\u00e4-Suomen yliopisto, Joensuun kampus, Metria-rakennus, sali [&hellip;]\" \/>\n<meta property=\"og:url\" content=\"https:\/\/sites.uef.fi\/hyvinvointioikeus\/ohjelma\/\" \/>\n<meta property=\"og:site_name\" content=\"Hyvinvointioikeuden keskus\" \/>\n<meta property=\"article:modified_time\" content=\"2023-04-18T04:54:07+00:00\" \/>\n<meta name=\"twitter:card\" content=\"summary_large_image\" \/>\n<meta name=\"twitter:label1\" content=\"Arvioitu lukuaika\" \/>\n\t<meta name=\"twitter:data1\" content=\"3 minuuttia\" \/>\n<script type=\"application\/ld+json\" class=\"yoast-schema-graph\">{\"@context\":\"https:\\\/\\\/schema.org\",\"@graph\":[{\"@type\":\"WebPage\",\"@id\":\"https:\\\/\\\/sites.uef.fi\\\/hyvinvointioikeus\\\/ohjelma\\\/\",\"url\":\"https:\\\/\\\/sites.uef.fi\\\/hyvinvointioikeus\\\/ohjelma\\\/\",\"name\":\"Ohjelma - Hyvinvointioikeuden keskus\",\"isPartOf\":{\"@id\":\"https:\\\/\\\/sites.uef.fi\\\/hyvinvointioikeus\\\/#website\"},\"datePublished\":\"2022-09-09T11:28:35+00:00\",\"dateModified\":\"2023-04-18T04:54:07+00:00\",\"breadcrumb\":{\"@id\":\"https:\\\/\\\/sites.uef.fi\\\/hyvinvointioikeus\\\/ohjelma\\\/#breadcrumb\"},\"inLanguage\":\"fi\",\"potentialAction\":[{\"@type\":\"ReadAction\",\"target\":[\"https:\\\/\\\/sites.uef.fi\\\/hyvinvointioikeus\\\/ohjelma\\\/\"]}]},{\"@type\":\"BreadcrumbList\",\"@id\":\"https:\\\/\\\/sites.uef.fi\\\/hyvinvointioikeus\\\/ohjelma\\\/#breadcrumb\",\"itemListElement\":[{\"@type\":\"ListItem\",\"position\":1,\"name\":\"Home\",\"item\":\"https:\\\/\\\/sites.uef.fi\\\/hyvinvointioikeus\\\/\"},{\"@type\":\"ListItem\",\"position\":2,\"name\":\"Ohjelma\"}]},{\"@type\":\"WebSite\",\"@id\":\"https:\\\/\\\/sites.uef.fi\\\/hyvinvointioikeus\\\/#website\",\"url\":\"https:\\\/\\\/sites.uef.fi\\\/hyvinvointioikeus\\\/\",\"name\":\"Hyvinvointioikeuden keskus\",\"description\":\"\",\"potentialAction\":[{\"@type\":\"SearchAction\",\"target\":{\"@type\":\"EntryPoint\",\"urlTemplate\":\"https:\\\/\\\/sites.uef.fi\\\/hyvinvointioikeus\\\/?s={search_term_string}\"},\"query-input\":{\"@type\":\"PropertyValueSpecification\",\"valueRequired\":true,\"valueName\":\"search_term_string\"}}],\"inLanguage\":\"fi\"}]}<\/script>\n<!-- \/ Yoast SEO plugin. -->","yoast_head_json":{"title":"Ohjelma - Hyvinvointioikeuden keskus","robots":{"index":"index","follow":"follow","max-snippet":"max-snippet:-1","max-image-preview":"max-image-preview:large","max-video-preview":"max-video-preview:-1"},"canonical":"https:\/\/sites.uef.fi\/hyvinvointioikeus\/ohjelma\/","og_locale":"fi_FI","og_type":"article","og_title":"Ohjelma - Hyvinvointioikeuden keskus","og_description":"VI HYVINVOINTIOIKEUDEN P\u00c4IVIEN OHJELMA 18.-20.4.2023 #HVOp\u00e4iv\u00e4t2023 Vuoden 2023 hyvinvointioikeuden p\u00e4iv\u00e4t koostuvat yleis\u00f6seminaarista tiistaina 18.4.2023 ja tutkijoille suunnatuista tutkimusp\u00e4ivist\u00e4 19.-20.4.2023. HYVINVOINTIA POHJOIS-KARJALASSA YLEIS\u00d6SEMINAARI 18.4.2023 It\u00e4-Suomen yliopiston Hyvinvointioikeuden keskus j\u00e4rjest\u00e4\u00e4 kaikille avoimen yleis\u00f6seminaarin, jossa esitell\u00e4\u00e4n hyvinvointioikeudellista tutkimusta ja pohditaan uudistuvia hyvinvointipalveluja Pohjois-Karjalassa. Aika: \u00a0\u00a0\u00a0\u00a0\u00a0\u00a0\u00a0\u00a0\u00a0\u00a0\u00a0\u00a0\u00a0\u00a0 tiistai 18.4.2023 klo 11.45-16.00 Paikka: \u00a0 \u00a0\u00a0\u00a0\u00a0\u00a0\u00a0\u00a0 It\u00e4-Suomen yliopisto, Joensuun kampus, Metria-rakennus, sali [&hellip;]","og_url":"https:\/\/sites.uef.fi\/hyvinvointioikeus\/ohjelma\/","og_site_name":"Hyvinvointioikeuden keskus","article_modified_time":"2023-04-18T04:54:07+00:00","twitter_card":"summary_large_image","twitter_misc":{"Arvioitu lukuaika":"3 minuuttia"},"schema":{"@context":"https:\/\/schema.org","@graph":[{"@type":"WebPage","@id":"https:\/\/sites.uef.fi\/hyvinvointioikeus\/ohjelma\/","url":"https:\/\/sites.uef.fi\/hyvinvointioikeus\/ohjelma\/","name":"Ohjelma - Hyvinvointioikeuden keskus","isPartOf":{"@id":"https:\/\/sites.uef.fi\/hyvinvointioikeus\/#website"},"datePublished":"2022-09-09T11:28:35+00:00","dateModified":"2023-04-18T04:54:07+00:00","breadcrumb":{"@id":"https:\/\/sites.uef.fi\/hyvinvointioikeus\/ohjelma\/#breadcrumb"},"inLanguage":"fi","potentialAction":[{"@type":"ReadAction","target":["https:\/\/sites.uef.fi\/hyvinvointioikeus\/ohjelma\/"]}]},{"@type":"BreadcrumbList","@id":"https:\/\/sites.uef.fi\/hyvinvointioikeus\/ohjelma\/#breadcrumb","itemListElement":[{"@type":"ListItem","position":1,"name":"Home","item":"https:\/\/sites.uef.fi\/hyvinvointioikeus\/"},{"@type":"ListItem","position":2,"name":"Ohjelma"}]},{"@type":"WebSite","@id":"https:\/\/sites.uef.fi\/hyvinvointioikeus\/#website","url":"https:\/\/sites.uef.fi\/hyvinvointioikeus\/","name":"Hyvinvointioikeuden keskus","description":"","potentialAction":[{"@type":"SearchAction","target":{"@type":"EntryPoint","urlTemplate":"https:\/\/sites.uef.fi\/hyvinvointioikeus\/?s={search_term_string}"},"query-input":{"@type":"PropertyValueSpecification","valueRequired":true,"valueName":"search_term_string"}}],"inLanguage":"fi"}]}},"_links":{"self":[{"href":"https:\/\/sites.uef.fi\/hyvinvointioikeus\/wp-json\/wp\/v2\/pages\/1462","targetHints":{"allow":["GET"]}}],"collection":[{"href":"https:\/\/sites.uef.fi\/hyvinvointioikeus\/wp-json\/wp\/v2\/pages"}],"about":[{"href":"https:\/\/sites.uef.fi\/hyvinvointioikeus\/wp-json\/wp\/v2\/types\/page"}],"author":[{"embeddable":true,"href":"https:\/\/sites.uef.fi\/hyvinvointioikeus\/wp-json\/wp\/v2\/users\/248"}],"replies":[{"embeddable":true,"href":"https:\/\/sites.uef.fi\/hyvinvointioikeus\/wp-json\/wp\/v2\/comments?post=1462"}],"version-history":[{"count":4,"href":"https:\/\/sites.uef.fi\/hyvinvointioikeus\/wp-json\/wp\/v2\/pages\/1462\/revisions"}],"predecessor-version":[{"id":2323,"href":"https:\/\/sites.uef.fi\/hyvinvointioikeus\/wp-json\/wp\/v2\/pages\/1462\/revisions\/2323"}],"wp:attachment":[{"href":"https:\/\/sites.uef.fi\/hyvinvointioikeus\/wp-json\/wp\/v2\/media?parent=1462"}],"curies":[{"name":"wp","href":"https:\/\/api.w.org\/{rel}","templated":true}]}}