{"id":1468,"date":"2022-09-09T14:29:11","date_gmt":"2022-09-09T11:29:11","guid":{"rendered":"https:\/\/sites.uef.fi\/hyvinvointioikeus\/?page_id=1468"},"modified":"2023-02-12T12:04:34","modified_gmt":"2023-02-12T10:04:34","slug":"ilmoittautuminen","status":"publish","type":"page","link":"https:\/\/sites.uef.fi\/hyvinvointioikeus\/ilmoittautuminen\/","title":{"rendered":"Ilmoittautuminen"},"content":{"rendered":"<p>Ilmoittaudu Hyvinvointioikeuden p\u00e4iville 18.-20.4.2023\u00a0<a href=\"https:\/\/link.webropolsurveys.com\/Participation\/Public\/9cde8c58-3592-42db-9920-4d3d55c57da2?displayId=Fin2743082\" target=\"_blank\" rel=\"noopener\">T\u00c4ST\u00c4<\/a><\/p>\n<p>Ilmoittaudu vain 18.4.2023 j\u00e4rjestett\u00e4v\u00e4\u00e4n: Hyvinvointia Pohjois-Karjalassa yleis\u00f6seminaariin <a href=\"https:\/\/link.webropolsurveys.com\/S\/7C7E4C11A181113A\" target=\"_blank\" rel=\"noopener\">T\u00c4ST\u00c4\u00a0<\/a>(tilaisuus on maksuton)<\/p>\n<p>&nbsp;<\/p>\n","protected":false},"excerpt":{"rendered":"<p>Ilmoittaudu Hyvinvointioikeuden p\u00e4iville 18.-20.4.2023\u00a0T\u00c4ST\u00c4 Ilmoittaudu vain 18.4.2023 j\u00e4rjestett\u00e4v\u00e4\u00e4n: Hyvinvointia Pohjois-Karjalassa yleis\u00f6seminaariin T\u00c4ST\u00c4\u00a0(tilaisuus on maksuton) &nbsp;<\/p>\n","protected":false},"author":248,"featured_media":0,"parent":0,"menu_order":0,"comment_status":"closed","ping_status":"closed","template":"","meta":{"_acf_changed":false,"footnotes":""},"class_list":["post-1468","page","type-page","status-publish","hentry"],"acf":[],"yoast_head":"<!-- This site is optimized with the Yoast SEO plugin v27.3 - https:\/\/yoast.com\/product\/yoast-seo-wordpress\/ -->\n<title>Ilmoittautuminen - Hyvinvointioikeuden keskus<\/title>\n<meta name=\"robots\" content=\"index, follow, max-snippet:-1, max-image-preview:large, max-video-preview:-1\" \/>\n<link rel=\"canonical\" href=\"https:\/\/sites.uef.fi\/hyvinvointioikeus\/ilmoittautuminen\/\" \/>\n<meta property=\"og:locale\" content=\"fi_FI\" \/>\n<meta property=\"og:type\" content=\"article\" \/>\n<meta property=\"og:title\" content=\"Ilmoittautuminen - Hyvinvointioikeuden keskus\" \/>\n<meta property=\"og:description\" content=\"Ilmoittaudu Hyvinvointioikeuden p\u00e4iville 18.-20.4.2023\u00a0T\u00c4ST\u00c4 Ilmoittaudu vain 18.4.2023 j\u00e4rjestett\u00e4v\u00e4\u00e4n: Hyvinvointia Pohjois-Karjalassa yleis\u00f6seminaariin T\u00c4ST\u00c4\u00a0(tilaisuus on maksuton) &nbsp;\" \/>\n<meta property=\"og:url\" content=\"https:\/\/sites.uef.fi\/hyvinvointioikeus\/ilmoittautuminen\/\" \/>\n<meta property=\"og:site_name\" content=\"Hyvinvointioikeuden keskus\" \/>\n<meta property=\"article:modified_time\" content=\"2023-02-12T10:04:34+00:00\" \/>\n<meta name=\"twitter:card\" content=\"summary_large_image\" \/>\n<script type=\"application\/ld+json\" class=\"yoast-schema-graph\">{\"@context\":\"https:\\\/\\\/schema.org\",\"@graph\":[{\"@type\":\"WebPage\",\"@id\":\"https:\\\/\\\/sites.uef.fi\\\/hyvinvointioikeus\\\/ilmoittautuminen\\\/\",\"url\":\"https:\\\/\\\/sites.uef.fi\\\/hyvinvointioikeus\\\/ilmoittautuminen\\\/\",\"name\":\"Ilmoittautuminen - Hyvinvointioikeuden keskus\",\"isPartOf\":{\"@id\":\"https:\\\/\\\/sites.uef.fi\\\/hyvinvointioikeus\\\/#website\"},\"datePublished\":\"2022-09-09T11:29:11+00:00\",\"dateModified\":\"2023-02-12T10:04:34+00:00\",\"breadcrumb\":{\"@id\":\"https:\\\/\\\/sites.uef.fi\\\/hyvinvointioikeus\\\/ilmoittautuminen\\\/#breadcrumb\"},\"inLanguage\":\"fi\",\"potentialAction\":[{\"@type\":\"ReadAction\",\"target\":[\"https:\\\/\\\/sites.uef.fi\\\/hyvinvointioikeus\\\/ilmoittautuminen\\\/\"]}]},{\"@type\":\"BreadcrumbList\",\"@id\":\"https:\\\/\\\/sites.uef.fi\\\/hyvinvointioikeus\\\/ilmoittautuminen\\\/#breadcrumb\",\"itemListElement\":[{\"@type\":\"ListItem\",\"position\":1,\"name\":\"Home\",\"item\":\"https:\\\/\\\/sites.uef.fi\\\/hyvinvointioikeus\\\/\"},{\"@type\":\"ListItem\",\"position\":2,\"name\":\"Ilmoittautuminen\"}]},{\"@type\":\"WebSite\",\"@id\":\"https:\\\/\\\/sites.uef.fi\\\/hyvinvointioikeus\\\/#website\",\"url\":\"https:\\\/\\\/sites.uef.fi\\\/hyvinvointioikeus\\\/\",\"name\":\"Hyvinvointioikeuden keskus\",\"description\":\"\",\"potentialAction\":[{\"@type\":\"SearchAction\",\"target\":{\"@type\":\"EntryPoint\",\"urlTemplate\":\"https:\\\/\\\/sites.uef.fi\\\/hyvinvointioikeus\\\/?s={search_term_string}\"},\"query-input\":{\"@type\":\"PropertyValueSpecification\",\"valueRequired\":true,\"valueName\":\"search_term_string\"}}],\"inLanguage\":\"fi\"}]}<\/script>\n<!-- \/ Yoast SEO plugin. -->","yoast_head_json":{"title":"Ilmoittautuminen - Hyvinvointioikeuden keskus","robots":{"index":"index","follow":"follow","max-snippet":"max-snippet:-1","max-image-preview":"max-image-preview:large","max-video-preview":"max-video-preview:-1"},"canonical":"https:\/\/sites.uef.fi\/hyvinvointioikeus\/ilmoittautuminen\/","og_locale":"fi_FI","og_type":"article","og_title":"Ilmoittautuminen - Hyvinvointioikeuden keskus","og_description":"Ilmoittaudu Hyvinvointioikeuden p\u00e4iville 18.-20.4.2023\u00a0T\u00c4ST\u00c4 Ilmoittaudu vain 18.4.2023 j\u00e4rjestett\u00e4v\u00e4\u00e4n: Hyvinvointia Pohjois-Karjalassa yleis\u00f6seminaariin T\u00c4ST\u00c4\u00a0(tilaisuus on maksuton) &nbsp;","og_url":"https:\/\/sites.uef.fi\/hyvinvointioikeus\/ilmoittautuminen\/","og_site_name":"Hyvinvointioikeuden keskus","article_modified_time":"2023-02-12T10:04:34+00:00","twitter_card":"summary_large_image","schema":{"@context":"https:\/\/schema.org","@graph":[{"@type":"WebPage","@id":"https:\/\/sites.uef.fi\/hyvinvointioikeus\/ilmoittautuminen\/","url":"https:\/\/sites.uef.fi\/hyvinvointioikeus\/ilmoittautuminen\/","name":"Ilmoittautuminen - Hyvinvointioikeuden keskus","isPartOf":{"@id":"https:\/\/sites.uef.fi\/hyvinvointioikeus\/#website"},"datePublished":"2022-09-09T11:29:11+00:00","dateModified":"2023-02-12T10:04:34+00:00","breadcrumb":{"@id":"https:\/\/sites.uef.fi\/hyvinvointioikeus\/ilmoittautuminen\/#breadcrumb"},"inLanguage":"fi","potentialAction":[{"@type":"ReadAction","target":["https:\/\/sites.uef.fi\/hyvinvointioikeus\/ilmoittautuminen\/"]}]},{"@type":"BreadcrumbList","@id":"https:\/\/sites.uef.fi\/hyvinvointioikeus\/ilmoittautuminen\/#breadcrumb","itemListElement":[{"@type":"ListItem","position":1,"name":"Home","item":"https:\/\/sites.uef.fi\/hyvinvointioikeus\/"},{"@type":"ListItem","position":2,"name":"Ilmoittautuminen"}]},{"@type":"WebSite","@id":"https:\/\/sites.uef.fi\/hyvinvointioikeus\/#website","url":"https:\/\/sites.uef.fi\/hyvinvointioikeus\/","name":"Hyvinvointioikeuden keskus","description":"","potentialAction":[{"@type":"SearchAction","target":{"@type":"EntryPoint","urlTemplate":"https:\/\/sites.uef.fi\/hyvinvointioikeus\/?s={search_term_string}"},"query-input":{"@type":"PropertyValueSpecification","valueRequired":true,"valueName":"search_term_string"}}],"inLanguage":"fi"}]}},"_links":{"self":[{"href":"https:\/\/sites.uef.fi\/hyvinvointioikeus\/wp-json\/wp\/v2\/pages\/1468","targetHints":{"allow":["GET"]}}],"collection":[{"href":"https:\/\/sites.uef.fi\/hyvinvointioikeus\/wp-json\/wp\/v2\/pages"}],"about":[{"href":"https:\/\/sites.uef.fi\/hyvinvointioikeus\/wp-json\/wp\/v2\/types\/page"}],"author":[{"embeddable":true,"href":"https:\/\/sites.uef.fi\/hyvinvointioikeus\/wp-json\/wp\/v2\/users\/248"}],"replies":[{"embeddable":true,"href":"https:\/\/sites.uef.fi\/hyvinvointioikeus\/wp-json\/wp\/v2\/comments?post=1468"}],"version-history":[{"count":2,"href":"https:\/\/sites.uef.fi\/hyvinvointioikeus\/wp-json\/wp\/v2\/pages\/1468\/revisions"}],"predecessor-version":[{"id":2185,"href":"https:\/\/sites.uef.fi\/hyvinvointioikeus\/wp-json\/wp\/v2\/pages\/1468\/revisions\/2185"}],"wp:attachment":[{"href":"https:\/\/sites.uef.fi\/hyvinvointioikeus\/wp-json\/wp\/v2\/media?parent=1468"}],"curies":[{"name":"wp","href":"https:\/\/api.w.org\/{rel}","templated":true}]}}