{"id":1474,"date":"2022-09-09T14:29:41","date_gmt":"2022-09-09T11:29:41","guid":{"rendered":"https:\/\/sites.uef.fi\/hyvinvointioikeus\/?page_id=1474"},"modified":"2023-03-03T11:25:10","modified_gmt":"2023-03-03T09:25:10","slug":"abstraktihaku","status":"publish","type":"page","link":"https:\/\/sites.uef.fi\/hyvinvointioikeus\/abstraktihaku\/","title":{"rendered":"Abstraktihaku"},"content":{"rendered":"<h2><strong>ABSTRAKTIHAKU<\/strong><\/h2>\n<p>Ehdota esityst\u00e4 hyvinvointioikeuden p\u00e4iville 2023!<\/p>\n<p>Hyvinvointioikeus kytkeytyy useisiin oikeudenaloihin, kuten lapsi-, perhe-, koulutus-, valtios\u00e4\u00e4nt\u00f6-, ty\u00f6-, hallinto- ja sosiaalioikeuteen. Usein hyvinvointioikeudellinen tutkimus liikkuu oikeus- ja yhteiskuntatieteiden rajapinnassa. Sen keski\u00f6ss\u00e4 ovat ihmisten hyvinvointiin liittyv\u00e4t oikeudet ja palvelut.<\/p>\n<p>Olet tervetullut alustamaan hyvinvointioikeuden p\u00e4iville omasta tutkimuksestasi tai kehitt\u00e4misty\u00f6st\u00e4si riippumatta tieteenalataustastasi, tutkijauran vaiheestasi, tutkimuksen metodisista valinnoistasi tai muista vastaavista seikoista. Ehdotetuista esityksist\u00e4 kootaan p\u00e4iville temaattisia ty\u00f6ryhmi\u00e4.<\/p>\n<p>Yht\u00e4 esityst\u00e4 varten on varattu p\u00e4ivien ohjelmassa noin 30 minuuttia sis\u00e4lt\u00e4en alustuksen ja sit\u00e4 koskevan keskustelun.<\/p>\n<p>Pituudeltaan enint\u00e4\u00e4n 300 sanan mittaisten abstraktien tulee sis\u00e4lt\u00e4\u00e4 tiivis kuvaus tutkimuksesta. Abstraktin voi j\u00e4tt\u00e4\u00e4 joko suomen tai englannin kielell\u00e4. Mahdollisuuksien mukaan j\u00e4rjest\u00e4mme englanninkielisi\u00e4 sessioita. Kuvaa abstraktin palauttamisen yhteydess\u00e4 my\u00f6s tiiviisti abstraktin teema (esim. perusopetus, terveyspalvelut, edunvalvonta). Kuvauksia hy\u00f6dynnet\u00e4\u00e4n temaattisten ty\u00f6ryhmien kokoamisessa.<\/p>\n<p>Pyyd\u00e4mme l\u00e4hett\u00e4m\u00e4\u00e4n abstraktit viimeist\u00e4\u00e4n 31.3.2023 t\u00e4ll\u00e4 <a href=\"https:\/\/link.webropolsurveys.com\/Participation\/Public\/7a5c835a-f860-4696-a34c-1432191a6efe?displayId=Fin2620714\">lomakkeella<\/a>. Abstrakteja k\u00e4sitell\u00e4\u00e4n jatkuvasti ja niiden hyv\u00e4ksynn\u00e4st\u00e4 voidaan ilmoittaa jo ennen niiden j\u00e4tt\u00f6ajan p\u00e4\u00e4ttymist\u00e4.<\/p>\n","protected":false},"excerpt":{"rendered":"<p>ABSTRAKTIHAKU Ehdota esityst\u00e4 hyvinvointioikeuden p\u00e4iville 2023! Hyvinvointioikeus kytkeytyy useisiin oikeudenaloihin, kuten lapsi-, perhe-, koulutus-, valtios\u00e4\u00e4nt\u00f6-, ty\u00f6-, hallinto- ja sosiaalioikeuteen. Usein hyvinvointioikeudellinen tutkimus liikkuu oikeus- ja yhteiskuntatieteiden rajapinnassa. Sen keski\u00f6ss\u00e4 ovat ihmisten hyvinvointiin liittyv\u00e4t oikeudet ja palvelut. Olet tervetullut alustamaan hyvinvointioikeuden p\u00e4iville omasta tutkimuksestasi tai kehitt\u00e4misty\u00f6st\u00e4si riippumatta tieteenalataustastasi, tutkijauran vaiheestasi, tutkimuksen metodisista valinnoistasi tai muista vastaavista [&hellip;]<\/p>\n","protected":false},"author":248,"featured_media":0,"parent":0,"menu_order":0,"comment_status":"closed","ping_status":"closed","template":"","meta":{"_acf_changed":false,"footnotes":""},"class_list":["post-1474","page","type-page","status-publish","hentry"],"acf":[],"yoast_head":"<!-- This site is optimized with the Yoast SEO plugin v27.3 - https:\/\/yoast.com\/product\/yoast-seo-wordpress\/ -->\n<title>Abstraktihaku - Hyvinvointioikeuden keskus<\/title>\n<meta name=\"robots\" content=\"index, follow, max-snippet:-1, max-image-preview:large, max-video-preview:-1\" \/>\n<link rel=\"canonical\" href=\"https:\/\/sites.uef.fi\/hyvinvointioikeus\/abstraktihaku\/\" \/>\n<meta property=\"og:locale\" content=\"fi_FI\" \/>\n<meta property=\"og:type\" content=\"article\" \/>\n<meta property=\"og:title\" content=\"Abstraktihaku - Hyvinvointioikeuden keskus\" \/>\n<meta property=\"og:description\" content=\"ABSTRAKTIHAKU Ehdota esityst\u00e4 hyvinvointioikeuden p\u00e4iville 2023! Hyvinvointioikeus kytkeytyy useisiin oikeudenaloihin, kuten lapsi-, perhe-, koulutus-, valtios\u00e4\u00e4nt\u00f6-, ty\u00f6-, hallinto- ja sosiaalioikeuteen. Usein hyvinvointioikeudellinen tutkimus liikkuu oikeus- ja yhteiskuntatieteiden rajapinnassa. Sen keski\u00f6ss\u00e4 ovat ihmisten hyvinvointiin liittyv\u00e4t oikeudet ja palvelut. Olet tervetullut alustamaan hyvinvointioikeuden p\u00e4iville omasta tutkimuksestasi tai kehitt\u00e4misty\u00f6st\u00e4si riippumatta tieteenalataustastasi, tutkijauran vaiheestasi, tutkimuksen metodisista valinnoistasi tai muista vastaavista [&hellip;]\" \/>\n<meta property=\"og:url\" content=\"https:\/\/sites.uef.fi\/hyvinvointioikeus\/abstraktihaku\/\" \/>\n<meta property=\"og:site_name\" content=\"Hyvinvointioikeuden keskus\" \/>\n<meta property=\"article:modified_time\" content=\"2023-03-03T09:25:10+00:00\" \/>\n<meta name=\"twitter:card\" content=\"summary_large_image\" \/>\n<meta name=\"twitter:label1\" content=\"Arvioitu lukuaika\" \/>\n\t<meta name=\"twitter:data1\" content=\"1 minuutti\" \/>\n<script type=\"application\/ld+json\" class=\"yoast-schema-graph\">{\"@context\":\"https:\\\/\\\/schema.org\",\"@graph\":[{\"@type\":\"WebPage\",\"@id\":\"https:\\\/\\\/sites.uef.fi\\\/hyvinvointioikeus\\\/abstraktihaku\\\/\",\"url\":\"https:\\\/\\\/sites.uef.fi\\\/hyvinvointioikeus\\\/abstraktihaku\\\/\",\"name\":\"Abstraktihaku - Hyvinvointioikeuden keskus\",\"isPartOf\":{\"@id\":\"https:\\\/\\\/sites.uef.fi\\\/hyvinvointioikeus\\\/#website\"},\"datePublished\":\"2022-09-09T11:29:41+00:00\",\"dateModified\":\"2023-03-03T09:25:10+00:00\",\"breadcrumb\":{\"@id\":\"https:\\\/\\\/sites.uef.fi\\\/hyvinvointioikeus\\\/abstraktihaku\\\/#breadcrumb\"},\"inLanguage\":\"fi\",\"potentialAction\":[{\"@type\":\"ReadAction\",\"target\":[\"https:\\\/\\\/sites.uef.fi\\\/hyvinvointioikeus\\\/abstraktihaku\\\/\"]}]},{\"@type\":\"BreadcrumbList\",\"@id\":\"https:\\\/\\\/sites.uef.fi\\\/hyvinvointioikeus\\\/abstraktihaku\\\/#breadcrumb\",\"itemListElement\":[{\"@type\":\"ListItem\",\"position\":1,\"name\":\"Home\",\"item\":\"https:\\\/\\\/sites.uef.fi\\\/hyvinvointioikeus\\\/\"},{\"@type\":\"ListItem\",\"position\":2,\"name\":\"Abstraktihaku\"}]},{\"@type\":\"WebSite\",\"@id\":\"https:\\\/\\\/sites.uef.fi\\\/hyvinvointioikeus\\\/#website\",\"url\":\"https:\\\/\\\/sites.uef.fi\\\/hyvinvointioikeus\\\/\",\"name\":\"Hyvinvointioikeuden keskus\",\"description\":\"\",\"potentialAction\":[{\"@type\":\"SearchAction\",\"target\":{\"@type\":\"EntryPoint\",\"urlTemplate\":\"https:\\\/\\\/sites.uef.fi\\\/hyvinvointioikeus\\\/?s={search_term_string}\"},\"query-input\":{\"@type\":\"PropertyValueSpecification\",\"valueRequired\":true,\"valueName\":\"search_term_string\"}}],\"inLanguage\":\"fi\"}]}<\/script>\n<!-- \/ Yoast SEO plugin. -->","yoast_head_json":{"title":"Abstraktihaku - Hyvinvointioikeuden keskus","robots":{"index":"index","follow":"follow","max-snippet":"max-snippet:-1","max-image-preview":"max-image-preview:large","max-video-preview":"max-video-preview:-1"},"canonical":"https:\/\/sites.uef.fi\/hyvinvointioikeus\/abstraktihaku\/","og_locale":"fi_FI","og_type":"article","og_title":"Abstraktihaku - Hyvinvointioikeuden keskus","og_description":"ABSTRAKTIHAKU Ehdota esityst\u00e4 hyvinvointioikeuden p\u00e4iville 2023! Hyvinvointioikeus kytkeytyy useisiin oikeudenaloihin, kuten lapsi-, perhe-, koulutus-, valtios\u00e4\u00e4nt\u00f6-, ty\u00f6-, hallinto- ja sosiaalioikeuteen. Usein hyvinvointioikeudellinen tutkimus liikkuu oikeus- ja yhteiskuntatieteiden rajapinnassa. Sen keski\u00f6ss\u00e4 ovat ihmisten hyvinvointiin liittyv\u00e4t oikeudet ja palvelut. Olet tervetullut alustamaan hyvinvointioikeuden p\u00e4iville omasta tutkimuksestasi tai kehitt\u00e4misty\u00f6st\u00e4si riippumatta tieteenalataustastasi, tutkijauran vaiheestasi, tutkimuksen metodisista valinnoistasi tai muista vastaavista [&hellip;]","og_url":"https:\/\/sites.uef.fi\/hyvinvointioikeus\/abstraktihaku\/","og_site_name":"Hyvinvointioikeuden keskus","article_modified_time":"2023-03-03T09:25:10+00:00","twitter_card":"summary_large_image","twitter_misc":{"Arvioitu lukuaika":"1 minuutti"},"schema":{"@context":"https:\/\/schema.org","@graph":[{"@type":"WebPage","@id":"https:\/\/sites.uef.fi\/hyvinvointioikeus\/abstraktihaku\/","url":"https:\/\/sites.uef.fi\/hyvinvointioikeus\/abstraktihaku\/","name":"Abstraktihaku - Hyvinvointioikeuden keskus","isPartOf":{"@id":"https:\/\/sites.uef.fi\/hyvinvointioikeus\/#website"},"datePublished":"2022-09-09T11:29:41+00:00","dateModified":"2023-03-03T09:25:10+00:00","breadcrumb":{"@id":"https:\/\/sites.uef.fi\/hyvinvointioikeus\/abstraktihaku\/#breadcrumb"},"inLanguage":"fi","potentialAction":[{"@type":"ReadAction","target":["https:\/\/sites.uef.fi\/hyvinvointioikeus\/abstraktihaku\/"]}]},{"@type":"BreadcrumbList","@id":"https:\/\/sites.uef.fi\/hyvinvointioikeus\/abstraktihaku\/#breadcrumb","itemListElement":[{"@type":"ListItem","position":1,"name":"Home","item":"https:\/\/sites.uef.fi\/hyvinvointioikeus\/"},{"@type":"ListItem","position":2,"name":"Abstraktihaku"}]},{"@type":"WebSite","@id":"https:\/\/sites.uef.fi\/hyvinvointioikeus\/#website","url":"https:\/\/sites.uef.fi\/hyvinvointioikeus\/","name":"Hyvinvointioikeuden keskus","description":"","potentialAction":[{"@type":"SearchAction","target":{"@type":"EntryPoint","urlTemplate":"https:\/\/sites.uef.fi\/hyvinvointioikeus\/?s={search_term_string}"},"query-input":{"@type":"PropertyValueSpecification","valueRequired":true,"valueName":"search_term_string"}}],"inLanguage":"fi"}]}},"_links":{"self":[{"href":"https:\/\/sites.uef.fi\/hyvinvointioikeus\/wp-json\/wp\/v2\/pages\/1474","targetHints":{"allow":["GET"]}}],"collection":[{"href":"https:\/\/sites.uef.fi\/hyvinvointioikeus\/wp-json\/wp\/v2\/pages"}],"about":[{"href":"https:\/\/sites.uef.fi\/hyvinvointioikeus\/wp-json\/wp\/v2\/types\/page"}],"author":[{"embeddable":true,"href":"https:\/\/sites.uef.fi\/hyvinvointioikeus\/wp-json\/wp\/v2\/users\/248"}],"replies":[{"embeddable":true,"href":"https:\/\/sites.uef.fi\/hyvinvointioikeus\/wp-json\/wp\/v2\/comments?post=1474"}],"version-history":[{"count":3,"href":"https:\/\/sites.uef.fi\/hyvinvointioikeus\/wp-json\/wp\/v2\/pages\/1474\/revisions"}],"predecessor-version":[{"id":2218,"href":"https:\/\/sites.uef.fi\/hyvinvointioikeus\/wp-json\/wp\/v2\/pages\/1474\/revisions\/2218"}],"wp:attachment":[{"href":"https:\/\/sites.uef.fi\/hyvinvointioikeus\/wp-json\/wp\/v2\/media?parent=1474"}],"curies":[{"name":"wp","href":"https:\/\/api.w.org\/{rel}","templated":true}]}}