{"id":1492,"date":"2022-09-09T14:45:34","date_gmt":"2022-09-09T11:45:34","guid":{"rendered":"https:\/\/sites.uef.fi\/hyvinvointioikeus\/?page_id=1492"},"modified":"2023-04-13T20:47:32","modified_gmt":"2023-04-13T17:47:32","slug":"yleisia-ohjeita","status":"publish","type":"page","link":"https:\/\/sites.uef.fi\/hyvinvointioikeus\/yleisia-ohjeita\/","title":{"rendered":"Yleisi\u00e4 ohjeita"},"content":{"rendered":"<p>VI Hyvinvointioikeuden p\u00e4iv\u00e4t j\u00e4rjestet\u00e4\u00e4n 19.-20.4.2023 It\u00e4-Suomen yliopiston Joensuun kampuksella.<\/p>\n<p><strong>Saapuminen ja tilat:<\/strong><\/p>\n<p>Joensuun kampus on tiivis ja helppokulkuinen. Se sijaitsee aivan Joensuun keskustan tuntumassa. Useat kampusrakennuksista sijoittuvat Yliopistokadun varrelle. T\u00e4rkeimm\u00e4t tapahtumapaikat (Metria &amp; Aurora) on merkitty allaolevaan karttaan vihre\u00e4ll\u00e4 ympyr\u00e4ll\u00e4.<\/p>\n<p>Kampuksella liikkumisesta, rakennuksista ja kampusravintoloista\u00a0 l\u00f6yd\u00e4t kattavasti lis\u00e4\u00e4 tietoa\u00a0<a href=\"https:\/\/www.uef.fi\/fi\/joensuun-kampus\" target=\"_blank\" rel=\"noopener\">T\u00c4\u00c4LT\u00c4<\/a><\/p>\n<p><img loading=\"lazy\" decoding=\"async\" class=\"alignnone wp-image-2278\" src=\"https:\/\/sites.uef.fi\/hyvinvointioikeus\/wp-content\/uploads\/sites\/156\/2023\/04\/Joensuun-kampus-300x219.png\" alt=\"\" width=\"483\" height=\"353\" srcset=\"https:\/\/sites.uef.fi\/hyvinvointioikeus\/wp-content\/uploads\/sites\/156\/2023\/04\/Joensuun-kampus-300x219.png 300w, https:\/\/sites.uef.fi\/hyvinvointioikeus\/wp-content\/uploads\/sites\/156\/2023\/04\/Joensuun-kampus.png 646w\" sizes=\"auto, (max-width: 483px) 100vw, 483px\" \/><\/p>\n<p><strong>L\u00e4himm\u00e4t kampusravintolat\/kahvilat:<\/strong><\/p>\n<ul>\n<li><a href=\"https:\/\/www.compass-group.fi\/ravintolat-ja-ruokalistat\/foodco\/kaupungit\/joensuu\/aura\/\" target=\"_blank\" rel=\"noopener\">Ravintola Aura<\/a><\/li>\n<li><a href=\"https:\/\/www.compass-group.fi\/ravintolat-ja-ruokalistat\/foodco\/kaupungit\/joensuu\/wicked-rabbit-metria\/\" target=\"_blank\" rel=\"noopener\">Wicked Rabbit, Metria<\/a><\/li>\n<\/ul>\n<p><strong>Majoittuminen:<\/strong><\/p>\n<ul>\n<li><a href=\"https:\/\/www.sokoshotels.fi\/fi\/joensuu\" target=\"_blank\" rel=\"noopener\">Sokos Hotels<\/a><\/li>\n<li><a href=\"https:\/\/www.scandichotels.fi\/hotellit\/suomi\/joensuu\/scandic-joensuu\" target=\"_blank\" rel=\"noopener\">Scandic Joensuu<\/a><\/li>\n<li><a href=\"https:\/\/www.greenstar.fi\/hotellit\/joensuu\/\" target=\"_blank\" rel=\"noopener\">Green Star Joensuu<\/a><\/li>\n<\/ul>\n<p><strong>Illallisravintolat:<\/strong><\/p>\n<p>Mihailin Taverna, Kauppakatu 23 A (keskuskuja), Joensuu <span style=\"font-size: 1rem\">(<em>tiistain illallinen)<\/em><\/span><\/p>\n<p><img loading=\"lazy\" decoding=\"async\" class=\"alignnone wp-image-2284\" src=\"https:\/\/sites.uef.fi\/hyvinvointioikeus\/wp-content\/uploads\/sites\/156\/2023\/04\/Mihailin-Taverna-300x158.png\" alt=\"\" width=\"471\" height=\"248\" srcset=\"https:\/\/sites.uef.fi\/hyvinvointioikeus\/wp-content\/uploads\/sites\/156\/2023\/04\/Mihailin-Taverna-300x158.png 300w, https:\/\/sites.uef.fi\/hyvinvointioikeus\/wp-content\/uploads\/sites\/156\/2023\/04\/Mihailin-Taverna.png 734w\" sizes=\"auto, (max-width: 471px) 100vw, 471px\" \/><\/p>\n<p>Ravintola Kerubi, Siltakatu 1 (Ilosaari), <em>(keskiviikon illallinen)<\/em><\/p>\n<p><img loading=\"lazy\" decoding=\"async\" class=\"alignnone wp-image-2290\" src=\"https:\/\/sites.uef.fi\/hyvinvointioikeus\/wp-content\/uploads\/sites\/156\/2023\/04\/Kerubi-300x192.png\" alt=\"\" width=\"468\" height=\"300\" srcset=\"https:\/\/sites.uef.fi\/hyvinvointioikeus\/wp-content\/uploads\/sites\/156\/2023\/04\/Kerubi-300x192.png 300w, https:\/\/sites.uef.fi\/hyvinvointioikeus\/wp-content\/uploads\/sites\/156\/2023\/04\/Kerubi.png 544w\" sizes=\"auto, (max-width: 468px) 100vw, 468px\" \/><\/p>\n","protected":false},"excerpt":{"rendered":"<p>VI Hyvinvointioikeuden p\u00e4iv\u00e4t j\u00e4rjestet\u00e4\u00e4n 19.-20.4.2023 It\u00e4-Suomen yliopiston Joensuun kampuksella. Saapuminen ja tilat: Joensuun kampus on tiivis ja helppokulkuinen. Se sijaitsee aivan Joensuun keskustan tuntumassa. Useat kampusrakennuksista sijoittuvat Yliopistokadun varrelle. T\u00e4rkeimm\u00e4t tapahtumapaikat (Metria &amp; Aurora) on merkitty allaolevaan karttaan vihre\u00e4ll\u00e4 ympyr\u00e4ll\u00e4. Kampuksella liikkumisesta, rakennuksista ja kampusravintoloista\u00a0 l\u00f6yd\u00e4t kattavasti lis\u00e4\u00e4 tietoa\u00a0T\u00c4\u00c4LT\u00c4 L\u00e4himm\u00e4t kampusravintolat\/kahvilat: Ravintola Aura Wicked Rabbit, [&hellip;]<\/p>\n","protected":false},"author":248,"featured_media":0,"parent":0,"menu_order":0,"comment_status":"closed","ping_status":"closed","template":"","meta":{"_acf_changed":false,"footnotes":""},"class_list":["post-1492","page","type-page","status-publish","hentry"],"acf":[],"yoast_head":"<!-- This site is optimized with the Yoast SEO plugin v27.1.1 - https:\/\/yoast.com\/product\/yoast-seo-wordpress\/ -->\n<title>Yleisi\u00e4 ohjeita - Hyvinvointioikeuden keskus<\/title>\n<meta name=\"robots\" content=\"index, follow, max-snippet:-1, max-image-preview:large, max-video-preview:-1\" \/>\n<link rel=\"canonical\" href=\"https:\/\/sites.uef.fi\/hyvinvointioikeus\/yleisia-ohjeita\/\" \/>\n<meta property=\"og:locale\" content=\"fi_FI\" \/>\n<meta property=\"og:type\" content=\"article\" \/>\n<meta property=\"og:title\" content=\"Yleisi\u00e4 ohjeita - Hyvinvointioikeuden keskus\" \/>\n<meta property=\"og:description\" content=\"VI Hyvinvointioikeuden p\u00e4iv\u00e4t j\u00e4rjestet\u00e4\u00e4n 19.-20.4.2023 It\u00e4-Suomen yliopiston Joensuun kampuksella. Saapuminen ja tilat: Joensuun kampus on tiivis ja helppokulkuinen. Se sijaitsee aivan Joensuun keskustan tuntumassa. Useat kampusrakennuksista sijoittuvat Yliopistokadun varrelle. T\u00e4rkeimm\u00e4t tapahtumapaikat (Metria &amp; Aurora) on merkitty allaolevaan karttaan vihre\u00e4ll\u00e4 ympyr\u00e4ll\u00e4. Kampuksella liikkumisesta, rakennuksista ja kampusravintoloista\u00a0 l\u00f6yd\u00e4t kattavasti lis\u00e4\u00e4 tietoa\u00a0T\u00c4\u00c4LT\u00c4 L\u00e4himm\u00e4t kampusravintolat\/kahvilat: Ravintola Aura Wicked Rabbit, [&hellip;]\" \/>\n<meta property=\"og:url\" content=\"https:\/\/sites.uef.fi\/hyvinvointioikeus\/yleisia-ohjeita\/\" \/>\n<meta property=\"og:site_name\" content=\"Hyvinvointioikeuden keskus\" \/>\n<meta property=\"article:modified_time\" content=\"2023-04-13T17:47:32+00:00\" \/>\n<meta property=\"og:image\" content=\"https:\/\/sites.uef.fi\/hyvinvointioikeus\/wp-content\/uploads\/sites\/156\/2023\/04\/Joensuun-kampus-300x219.png\" \/>\n<meta name=\"twitter:card\" content=\"summary_large_image\" \/>\n<script type=\"application\/ld+json\" class=\"yoast-schema-graph\">{\"@context\":\"https:\/\/schema.org\",\"@graph\":[{\"@type\":\"WebPage\",\"@id\":\"https:\/\/sites.uef.fi\/hyvinvointioikeus\/yleisia-ohjeita\/\",\"url\":\"https:\/\/sites.uef.fi\/hyvinvointioikeus\/yleisia-ohjeita\/\",\"name\":\"Yleisi\u00e4 ohjeita - Hyvinvointioikeuden keskus\",\"isPartOf\":{\"@id\":\"https:\/\/sites.uef.fi\/hyvinvointioikeus\/#website\"},\"primaryImageOfPage\":{\"@id\":\"https:\/\/sites.uef.fi\/hyvinvointioikeus\/yleisia-ohjeita\/#primaryimage\"},\"image\":{\"@id\":\"https:\/\/sites.uef.fi\/hyvinvointioikeus\/yleisia-ohjeita\/#primaryimage\"},\"thumbnailUrl\":\"https:\/\/sites.uef.fi\/hyvinvointioikeus\/wp-content\/uploads\/sites\/156\/2023\/04\/Joensuun-kampus-300x219.png\",\"datePublished\":\"2022-09-09T11:45:34+00:00\",\"dateModified\":\"2023-04-13T17:47:32+00:00\",\"breadcrumb\":{\"@id\":\"https:\/\/sites.uef.fi\/hyvinvointioikeus\/yleisia-ohjeita\/#breadcrumb\"},\"inLanguage\":\"fi\",\"potentialAction\":[{\"@type\":\"ReadAction\",\"target\":[\"https:\/\/sites.uef.fi\/hyvinvointioikeus\/yleisia-ohjeita\/\"]}]},{\"@type\":\"ImageObject\",\"inLanguage\":\"fi\",\"@id\":\"https:\/\/sites.uef.fi\/hyvinvointioikeus\/yleisia-ohjeita\/#primaryimage\",\"url\":\"https:\/\/sites.uef.fi\/hyvinvointioikeus\/wp-content\/uploads\/sites\/156\/2023\/04\/Joensuun-kampus.png\",\"contentUrl\":\"https:\/\/sites.uef.fi\/hyvinvointioikeus\/wp-content\/uploads\/sites\/156\/2023\/04\/Joensuun-kampus.png\",\"width\":646,\"height\":471},{\"@type\":\"BreadcrumbList\",\"@id\":\"https:\/\/sites.uef.fi\/hyvinvointioikeus\/yleisia-ohjeita\/#breadcrumb\",\"itemListElement\":[{\"@type\":\"ListItem\",\"position\":1,\"name\":\"Home\",\"item\":\"https:\/\/sites.uef.fi\/hyvinvointioikeus\/\"},{\"@type\":\"ListItem\",\"position\":2,\"name\":\"Yleisi\u00e4 ohjeita\"}]},{\"@type\":\"WebSite\",\"@id\":\"https:\/\/sites.uef.fi\/hyvinvointioikeus\/#website\",\"url\":\"https:\/\/sites.uef.fi\/hyvinvointioikeus\/\",\"name\":\"Hyvinvointioikeuden keskus\",\"description\":\"\",\"potentialAction\":[{\"@type\":\"SearchAction\",\"target\":{\"@type\":\"EntryPoint\",\"urlTemplate\":\"https:\/\/sites.uef.fi\/hyvinvointioikeus\/?s={search_term_string}\"},\"query-input\":{\"@type\":\"PropertyValueSpecification\",\"valueRequired\":true,\"valueName\":\"search_term_string\"}}],\"inLanguage\":\"fi\"}]}<\/script>\n<!-- \/ Yoast SEO plugin. -->","yoast_head_json":{"title":"Yleisi\u00e4 ohjeita - Hyvinvointioikeuden keskus","robots":{"index":"index","follow":"follow","max-snippet":"max-snippet:-1","max-image-preview":"max-image-preview:large","max-video-preview":"max-video-preview:-1"},"canonical":"https:\/\/sites.uef.fi\/hyvinvointioikeus\/yleisia-ohjeita\/","og_locale":"fi_FI","og_type":"article","og_title":"Yleisi\u00e4 ohjeita - Hyvinvointioikeuden keskus","og_description":"VI Hyvinvointioikeuden p\u00e4iv\u00e4t j\u00e4rjestet\u00e4\u00e4n 19.-20.4.2023 It\u00e4-Suomen yliopiston Joensuun kampuksella. Saapuminen ja tilat: Joensuun kampus on tiivis ja helppokulkuinen. Se sijaitsee aivan Joensuun keskustan tuntumassa. Useat kampusrakennuksista sijoittuvat Yliopistokadun varrelle. T\u00e4rkeimm\u00e4t tapahtumapaikat (Metria &amp; Aurora) on merkitty allaolevaan karttaan vihre\u00e4ll\u00e4 ympyr\u00e4ll\u00e4. Kampuksella liikkumisesta, rakennuksista ja kampusravintoloista\u00a0 l\u00f6yd\u00e4t kattavasti lis\u00e4\u00e4 tietoa\u00a0T\u00c4\u00c4LT\u00c4 L\u00e4himm\u00e4t kampusravintolat\/kahvilat: Ravintola Aura Wicked Rabbit, [&hellip;]","og_url":"https:\/\/sites.uef.fi\/hyvinvointioikeus\/yleisia-ohjeita\/","og_site_name":"Hyvinvointioikeuden keskus","article_modified_time":"2023-04-13T17:47:32+00:00","og_image":[{"url":"https:\/\/sites.uef.fi\/hyvinvointioikeus\/wp-content\/uploads\/sites\/156\/2023\/04\/Joensuun-kampus-300x219.png","type":"","width":"","height":""}],"twitter_card":"summary_large_image","schema":{"@context":"https:\/\/schema.org","@graph":[{"@type":"WebPage","@id":"https:\/\/sites.uef.fi\/hyvinvointioikeus\/yleisia-ohjeita\/","url":"https:\/\/sites.uef.fi\/hyvinvointioikeus\/yleisia-ohjeita\/","name":"Yleisi\u00e4 ohjeita - Hyvinvointioikeuden keskus","isPartOf":{"@id":"https:\/\/sites.uef.fi\/hyvinvointioikeus\/#website"},"primaryImageOfPage":{"@id":"https:\/\/sites.uef.fi\/hyvinvointioikeus\/yleisia-ohjeita\/#primaryimage"},"image":{"@id":"https:\/\/sites.uef.fi\/hyvinvointioikeus\/yleisia-ohjeita\/#primaryimage"},"thumbnailUrl":"https:\/\/sites.uef.fi\/hyvinvointioikeus\/wp-content\/uploads\/sites\/156\/2023\/04\/Joensuun-kampus-300x219.png","datePublished":"2022-09-09T11:45:34+00:00","dateModified":"2023-04-13T17:47:32+00:00","breadcrumb":{"@id":"https:\/\/sites.uef.fi\/hyvinvointioikeus\/yleisia-ohjeita\/#breadcrumb"},"inLanguage":"fi","potentialAction":[{"@type":"ReadAction","target":["https:\/\/sites.uef.fi\/hyvinvointioikeus\/yleisia-ohjeita\/"]}]},{"@type":"ImageObject","inLanguage":"fi","@id":"https:\/\/sites.uef.fi\/hyvinvointioikeus\/yleisia-ohjeita\/#primaryimage","url":"https:\/\/sites.uef.fi\/hyvinvointioikeus\/wp-content\/uploads\/sites\/156\/2023\/04\/Joensuun-kampus.png","contentUrl":"https:\/\/sites.uef.fi\/hyvinvointioikeus\/wp-content\/uploads\/sites\/156\/2023\/04\/Joensuun-kampus.png","width":646,"height":471},{"@type":"BreadcrumbList","@id":"https:\/\/sites.uef.fi\/hyvinvointioikeus\/yleisia-ohjeita\/#breadcrumb","itemListElement":[{"@type":"ListItem","position":1,"name":"Home","item":"https:\/\/sites.uef.fi\/hyvinvointioikeus\/"},{"@type":"ListItem","position":2,"name":"Yleisi\u00e4 ohjeita"}]},{"@type":"WebSite","@id":"https:\/\/sites.uef.fi\/hyvinvointioikeus\/#website","url":"https:\/\/sites.uef.fi\/hyvinvointioikeus\/","name":"Hyvinvointioikeuden keskus","description":"","potentialAction":[{"@type":"SearchAction","target":{"@type":"EntryPoint","urlTemplate":"https:\/\/sites.uef.fi\/hyvinvointioikeus\/?s={search_term_string}"},"query-input":{"@type":"PropertyValueSpecification","valueRequired":true,"valueName":"search_term_string"}}],"inLanguage":"fi"}]}},"_links":{"self":[{"href":"https:\/\/sites.uef.fi\/hyvinvointioikeus\/wp-json\/wp\/v2\/pages\/1492","targetHints":{"allow":["GET"]}}],"collection":[{"href":"https:\/\/sites.uef.fi\/hyvinvointioikeus\/wp-json\/wp\/v2\/pages"}],"about":[{"href":"https:\/\/sites.uef.fi\/hyvinvointioikeus\/wp-json\/wp\/v2\/types\/page"}],"author":[{"embeddable":true,"href":"https:\/\/sites.uef.fi\/hyvinvointioikeus\/wp-json\/wp\/v2\/users\/248"}],"replies":[{"embeddable":true,"href":"https:\/\/sites.uef.fi\/hyvinvointioikeus\/wp-json\/wp\/v2\/comments?post=1492"}],"version-history":[{"count":3,"href":"https:\/\/sites.uef.fi\/hyvinvointioikeus\/wp-json\/wp\/v2\/pages\/1492\/revisions"}],"predecessor-version":[{"id":2299,"href":"https:\/\/sites.uef.fi\/hyvinvointioikeus\/wp-json\/wp\/v2\/pages\/1492\/revisions\/2299"}],"wp:attachment":[{"href":"https:\/\/sites.uef.fi\/hyvinvointioikeus\/wp-json\/wp\/v2\/media?parent=1492"}],"curies":[{"name":"wp","href":"https:\/\/api.w.org\/{rel}","templated":true}]}}