{"id":162,"date":"2020-09-08T09:09:06","date_gmt":"2020-09-08T06:09:06","guid":{"rendered":"https:\/\/sites.uef.fi\/hyvinvointioikeus\/?page_id=162"},"modified":"2024-05-20T11:37:30","modified_gmt":"2024-05-20T08:37:30","slug":"vaasi","status":"publish","type":"page","link":"https:\/\/sites.uef.fi\/hyvinvointioikeus\/vaasi\/","title":{"rendered":"VAASI"},"content":{"rendered":"<h2>Vanhuusoikeuden asiantuntijoiden verkosto &#8211; VAASI<\/h2>\n<p>Hyvinvointioikeuden keskus koordinoi vanhuusoikeuden asiantuntijoiden kansallista verkostoa (VAASI), joka perustettiin syksyll\u00e4 2019. Verkostoon kuuluu vanhuusoikeuden tutkijoita, asiantuntijoita ja muita toimijoita eri tahoilta. Verkosto vaikuttaa muun ohella lains\u00e4\u00e4d\u00e4nn\u00f6n kehitt\u00e4miseen, toimeenpanoon ja soveltamiseen, ik\u00e4\u00e4ntyneiden oikeuksien ja oikeusturvan edist\u00e4miseen, vanhuusoikeuden tutkimuksen kehitt\u00e4miseen sek\u00e4 lains\u00e4\u00e4d\u00e4nn\u00f6n tunnettavuuden vahvistamiseen. Verkosto viestii vanhuusoikeudellisista teemoista sek\u00e4 vahvistaa alan toimijoiden v\u00e4list\u00e4 yhteisty\u00f6t\u00e4.<\/p>\n<p><em><a href=\"https:\/\/sites.uef.fi\/hyvinvointioikeus\/wp-content\/uploads\/sites\/156\/2024\/04\/Vanhuusoikeus-III-OHJELMA-3.pdf\">Vanhuusoikeuden ajankohtaisseminaari III<\/a><\/em> Helsingiss\u00e4 21.5.2024 yhteisty\u00f6ss\u00e4 Suomen sosiaalioikeudellisen seuran kanssa.<\/p>\n<p><a href=\"https:\/\/sites.uef.fi\/hyvinvointioikeus\/wp-content\/uploads\/sites\/156\/2022\/10\/Vanhuusoikeuden-seminaari-I-OHJELMA.pdf\"><em>Vanhuusoikeuden ajankohtaisseminaari 29.11.2022<\/em><\/a> yhteisty\u00f6ss\u00e4 Suomen sosiaalioikeudellisen seuran kanssa.<\/p>\n<p><em><a href=\"https:\/\/sites.uef.fi\/hyvinvointioikeus\/wp-content\/uploads\/sites\/156\/2021\/09\/VAASIn-vanhustenviikon-2021-vaatimus-VALMIS-1.pdf\">VAASin vanhustenviikon 2021 vaatimus<\/a><\/em><\/p>\n<p><em><a href=\"https:\/\/sites.uef.fi\/hyvinvointioikeus\/wp-content\/uploads\/sites\/156\/2020\/12\/VAASI-lausunto-vanhusasiavaltuutettu-15-12-2020.pdf\">VAASin lausunto hallituksen esitysluonnoksesta vanhusasiavaltuutetuksi 15.12.2020<\/a><\/em><\/p>\n<p><em><a href=\"https:\/\/sites.uef.fi\/hyvinvointioikeus\/wp-content\/uploads\/sites\/156\/2020\/09\/VAASIn-vanhustenviikon-2020-vaatimus.pdf\">VAASin vanhustenviikon 2020 vaatimus<\/a><\/em><\/p>\n<p><em><a href=\"https:\/\/sites.uef.fi\/hyvinvointioikeus\/wp-content\/uploads\/sites\/156\/2024\/05\/VAASI-lausunto-iakkaiden-palv-LS-uudistamisesta-10.8.2020.pdf\">VAASin lausunto i\u00e4kk\u00e4iden henkil\u00f6iden palvelukokonaisuutta koskevan lains\u00e4\u00e4d\u00e4nn\u00f6n uudistamisesta 10.8.2020<\/a><\/em><\/p>\n<p>Lis\u00e4tietoja verkostosta: <em>henna.nikumaa@uef.fi<\/em><\/p>\n","protected":false},"excerpt":{"rendered":"<p>Vanhuusoikeuden asiantuntijoiden verkosto &#8211; VAASI Hyvinvointioikeuden keskus koordinoi vanhuusoikeuden asiantuntijoiden kansallista verkostoa (VAASI), joka perustettiin syksyll\u00e4 2019. Verkostoon kuuluu vanhuusoikeuden tutkijoita, asiantuntijoita ja muita toimijoita eri tahoilta. Verkosto vaikuttaa muun ohella lains\u00e4\u00e4d\u00e4nn\u00f6n kehitt\u00e4miseen, toimeenpanoon ja soveltamiseen, ik\u00e4\u00e4ntyneiden oikeuksien ja oikeusturvan edist\u00e4miseen, vanhuusoikeuden tutkimuksen kehitt\u00e4miseen sek\u00e4 lains\u00e4\u00e4d\u00e4nn\u00f6n tunnettavuuden vahvistamiseen. Verkosto viestii vanhuusoikeudellisista teemoista sek\u00e4 vahvistaa alan [&hellip;]<\/p>\n","protected":false},"author":253,"featured_media":0,"parent":0,"menu_order":0,"comment_status":"closed","ping_status":"closed","template":"","meta":{"_acf_changed":false,"footnotes":""},"class_list":["post-162","page","type-page","status-publish","hentry"],"acf":[],"yoast_head":"<!-- This site is optimized with the Yoast SEO plugin v27.1.1 - https:\/\/yoast.com\/product\/yoast-seo-wordpress\/ -->\n<title>VAASI - Hyvinvointioikeuden keskus<\/title>\n<meta name=\"robots\" content=\"index, follow, max-snippet:-1, max-image-preview:large, max-video-preview:-1\" \/>\n<link rel=\"canonical\" href=\"https:\/\/sites.uef.fi\/hyvinvointioikeus\/vaasi\/\" \/>\n<meta property=\"og:locale\" content=\"fi_FI\" \/>\n<meta property=\"og:type\" content=\"article\" \/>\n<meta property=\"og:title\" content=\"VAASI - Hyvinvointioikeuden keskus\" \/>\n<meta property=\"og:description\" content=\"Vanhuusoikeuden asiantuntijoiden verkosto &#8211; VAASI Hyvinvointioikeuden keskus koordinoi vanhuusoikeuden asiantuntijoiden kansallista verkostoa (VAASI), joka perustettiin syksyll\u00e4 2019. Verkostoon kuuluu vanhuusoikeuden tutkijoita, asiantuntijoita ja muita toimijoita eri tahoilta. Verkosto vaikuttaa muun ohella lains\u00e4\u00e4d\u00e4nn\u00f6n kehitt\u00e4miseen, toimeenpanoon ja soveltamiseen, ik\u00e4\u00e4ntyneiden oikeuksien ja oikeusturvan edist\u00e4miseen, vanhuusoikeuden tutkimuksen kehitt\u00e4miseen sek\u00e4 lains\u00e4\u00e4d\u00e4nn\u00f6n tunnettavuuden vahvistamiseen. Verkosto viestii vanhuusoikeudellisista teemoista sek\u00e4 vahvistaa alan [&hellip;]\" \/>\n<meta property=\"og:url\" content=\"https:\/\/sites.uef.fi\/hyvinvointioikeus\/vaasi\/\" \/>\n<meta property=\"og:site_name\" content=\"Hyvinvointioikeuden keskus\" \/>\n<meta property=\"article:modified_time\" content=\"2024-05-20T08:37:30+00:00\" \/>\n<meta name=\"twitter:card\" content=\"summary_large_image\" \/>\n<meta name=\"twitter:label1\" content=\"Arvioitu lukuaika\" \/>\n\t<meta name=\"twitter:data1\" content=\"1 minuutti\" \/>\n<script type=\"application\/ld+json\" class=\"yoast-schema-graph\">{\"@context\":\"https:\/\/schema.org\",\"@graph\":[{\"@type\":\"WebPage\",\"@id\":\"https:\/\/sites.uef.fi\/hyvinvointioikeus\/vaasi\/\",\"url\":\"https:\/\/sites.uef.fi\/hyvinvointioikeus\/vaasi\/\",\"name\":\"VAASI - Hyvinvointioikeuden keskus\",\"isPartOf\":{\"@id\":\"https:\/\/sites.uef.fi\/hyvinvointioikeus\/#website\"},\"datePublished\":\"2020-09-08T06:09:06+00:00\",\"dateModified\":\"2024-05-20T08:37:30+00:00\",\"breadcrumb\":{\"@id\":\"https:\/\/sites.uef.fi\/hyvinvointioikeus\/vaasi\/#breadcrumb\"},\"inLanguage\":\"fi\",\"potentialAction\":[{\"@type\":\"ReadAction\",\"target\":[\"https:\/\/sites.uef.fi\/hyvinvointioikeus\/vaasi\/\"]}]},{\"@type\":\"BreadcrumbList\",\"@id\":\"https:\/\/sites.uef.fi\/hyvinvointioikeus\/vaasi\/#breadcrumb\",\"itemListElement\":[{\"@type\":\"ListItem\",\"position\":1,\"name\":\"Home\",\"item\":\"https:\/\/sites.uef.fi\/hyvinvointioikeus\/\"},{\"@type\":\"ListItem\",\"position\":2,\"name\":\"VAASI\"}]},{\"@type\":\"WebSite\",\"@id\":\"https:\/\/sites.uef.fi\/hyvinvointioikeus\/#website\",\"url\":\"https:\/\/sites.uef.fi\/hyvinvointioikeus\/\",\"name\":\"Hyvinvointioikeuden keskus\",\"description\":\"\",\"potentialAction\":[{\"@type\":\"SearchAction\",\"target\":{\"@type\":\"EntryPoint\",\"urlTemplate\":\"https:\/\/sites.uef.fi\/hyvinvointioikeus\/?s={search_term_string}\"},\"query-input\":{\"@type\":\"PropertyValueSpecification\",\"valueRequired\":true,\"valueName\":\"search_term_string\"}}],\"inLanguage\":\"fi\"}]}<\/script>\n<!-- \/ Yoast SEO plugin. -->","yoast_head_json":{"title":"VAASI - Hyvinvointioikeuden keskus","robots":{"index":"index","follow":"follow","max-snippet":"max-snippet:-1","max-image-preview":"max-image-preview:large","max-video-preview":"max-video-preview:-1"},"canonical":"https:\/\/sites.uef.fi\/hyvinvointioikeus\/vaasi\/","og_locale":"fi_FI","og_type":"article","og_title":"VAASI - Hyvinvointioikeuden keskus","og_description":"Vanhuusoikeuden asiantuntijoiden verkosto &#8211; VAASI Hyvinvointioikeuden keskus koordinoi vanhuusoikeuden asiantuntijoiden kansallista verkostoa (VAASI), joka perustettiin syksyll\u00e4 2019. Verkostoon kuuluu vanhuusoikeuden tutkijoita, asiantuntijoita ja muita toimijoita eri tahoilta. Verkosto vaikuttaa muun ohella lains\u00e4\u00e4d\u00e4nn\u00f6n kehitt\u00e4miseen, toimeenpanoon ja soveltamiseen, ik\u00e4\u00e4ntyneiden oikeuksien ja oikeusturvan edist\u00e4miseen, vanhuusoikeuden tutkimuksen kehitt\u00e4miseen sek\u00e4 lains\u00e4\u00e4d\u00e4nn\u00f6n tunnettavuuden vahvistamiseen. Verkosto viestii vanhuusoikeudellisista teemoista sek\u00e4 vahvistaa alan [&hellip;]","og_url":"https:\/\/sites.uef.fi\/hyvinvointioikeus\/vaasi\/","og_site_name":"Hyvinvointioikeuden keskus","article_modified_time":"2024-05-20T08:37:30+00:00","twitter_card":"summary_large_image","twitter_misc":{"Arvioitu lukuaika":"1 minuutti"},"schema":{"@context":"https:\/\/schema.org","@graph":[{"@type":"WebPage","@id":"https:\/\/sites.uef.fi\/hyvinvointioikeus\/vaasi\/","url":"https:\/\/sites.uef.fi\/hyvinvointioikeus\/vaasi\/","name":"VAASI - Hyvinvointioikeuden keskus","isPartOf":{"@id":"https:\/\/sites.uef.fi\/hyvinvointioikeus\/#website"},"datePublished":"2020-09-08T06:09:06+00:00","dateModified":"2024-05-20T08:37:30+00:00","breadcrumb":{"@id":"https:\/\/sites.uef.fi\/hyvinvointioikeus\/vaasi\/#breadcrumb"},"inLanguage":"fi","potentialAction":[{"@type":"ReadAction","target":["https:\/\/sites.uef.fi\/hyvinvointioikeus\/vaasi\/"]}]},{"@type":"BreadcrumbList","@id":"https:\/\/sites.uef.fi\/hyvinvointioikeus\/vaasi\/#breadcrumb","itemListElement":[{"@type":"ListItem","position":1,"name":"Home","item":"https:\/\/sites.uef.fi\/hyvinvointioikeus\/"},{"@type":"ListItem","position":2,"name":"VAASI"}]},{"@type":"WebSite","@id":"https:\/\/sites.uef.fi\/hyvinvointioikeus\/#website","url":"https:\/\/sites.uef.fi\/hyvinvointioikeus\/","name":"Hyvinvointioikeuden keskus","description":"","potentialAction":[{"@type":"SearchAction","target":{"@type":"EntryPoint","urlTemplate":"https:\/\/sites.uef.fi\/hyvinvointioikeus\/?s={search_term_string}"},"query-input":{"@type":"PropertyValueSpecification","valueRequired":true,"valueName":"search_term_string"}}],"inLanguage":"fi"}]}},"_links":{"self":[{"href":"https:\/\/sites.uef.fi\/hyvinvointioikeus\/wp-json\/wp\/v2\/pages\/162","targetHints":{"allow":["GET"]}}],"collection":[{"href":"https:\/\/sites.uef.fi\/hyvinvointioikeus\/wp-json\/wp\/v2\/pages"}],"about":[{"href":"https:\/\/sites.uef.fi\/hyvinvointioikeus\/wp-json\/wp\/v2\/types\/page"}],"author":[{"embeddable":true,"href":"https:\/\/sites.uef.fi\/hyvinvointioikeus\/wp-json\/wp\/v2\/users\/253"}],"replies":[{"embeddable":true,"href":"https:\/\/sites.uef.fi\/hyvinvointioikeus\/wp-json\/wp\/v2\/comments?post=162"}],"version-history":[{"count":2,"href":"https:\/\/sites.uef.fi\/hyvinvointioikeus\/wp-json\/wp\/v2\/pages\/162\/revisions"}],"predecessor-version":[{"id":3158,"href":"https:\/\/sites.uef.fi\/hyvinvointioikeus\/wp-json\/wp\/v2\/pages\/162\/revisions\/3158"}],"wp:attachment":[{"href":"https:\/\/sites.uef.fi\/hyvinvointioikeus\/wp-json\/wp\/v2\/media?parent=162"}],"curies":[{"name":"wp","href":"https:\/\/api.w.org\/{rel}","templated":true}]}}