{"id":1933,"date":"2023-02-22T17:21:47","date_gmt":"2023-02-22T15:21:47","guid":{"rendered":"https:\/\/sites.uef.fi\/hyvinvointioikeus\/?page_id=1933"},"modified":"2024-04-11T10:13:20","modified_gmt":"2024-04-11T07:13:20","slug":"julkaisuja","status":"publish","type":"page","link":"https:\/\/sites.uef.fi\/hyvinvointioikeus\/julkaisuja\/","title":{"rendered":"Julkaisuja"},"content":{"rendered":"<p>T\u00e4lle sivulle on koottu tutkijoidemme keskeisi\u00e4 hyvinvointioikeudellisia tutkimusjulkaisuja.<\/p>\n<p><strong>Ervasti, Kaijus<\/strong><\/p>\n<p>Ervasti, Kaijus, Yhteiskunnallinen oikeustutkimus. Gaudeamus. Helsinki 2022.<\/p>\n<p><span style=\"font-style: inherit;font-weight: inherit\">Ervasti, Kaijus &#8211; Attias, Miriam, Sovittelu ja sen sovellukset. Edita. Helsinki 2022<\/span><\/p>\n<p><span style=\"font-style: inherit;font-weight: inherit\">Ervasti, Kaijus: Oikeudensaantimahdollisuudet osana hyvinvointioikeutta erityisesti haavoittuvien ryhmien n\u00e4k\u00f6kulmasta. Teoksessa Hyvinvointioikeus \u2013 kirjoituksia oikeudesta ja hyvinvoinnista (toim. Virve Toivonen \u2013 Anna M\u00e4ki-Pet\u00e4j\u00e4-Leinonen &amp; Eeva Nyk\u00e4nen). Kauppakaari. Helsinki 2022, s. 218-248.<\/span><\/p>\n<p><span style=\"font-style: inherit;font-weight: inherit\">Ervasti, Kaijus &#8211; M\u00e4ki-Pet\u00e4j\u00e4-Leinonen, Anna: Ik\u00e4\u00e4ntyvien ihmisten perheoikeudelliset ongelmat ja oikeudensaantimahdollisuudet. Defensor Legis 3\/2021, s. 628-640.<\/span><\/p>\n<p><span style=\"font-style: inherit;font-weight: inherit\">Nylund, Anna \u2013 Ervasti, Kaijus &#8211; Adrian, Lin: Introduction to Nordic Mediation Research. In Nordic Mediation Research (eds. Anna Nylund &amp; Kaijus Ervasti &amp; Lin Adrian). SpringerOpen, Cham 2018, p. 1-5.<\/span><\/p>\n<p><strong>Issakainen, Mervi<\/strong><\/p>\n<p>Issakainen, Mervi &#8211; M\u00e4ki-Pet\u00e4j\u00e4-Leinonen, Anna &#8211;\u00a0 Heimonen, Sirkkaliisa &#8211;\u00a0 Nedlund, Ann-Charlotte &#8211; Astell, Arlene &#8211; Boger, Jennifer &#8211; Rissanen, Sari &#8211;\u00a0 Nyg\u00e5rd, Louise. Experiences of influencing one&#8217;s own life when living with working-age dementia. Ageing &amp; society 2021, 1\u201320.<\/p>\n<p>Karjalainen, Katja &#8211; Issakainen, Mervi &#8211; Ylh\u00e4inen, Marjo &#8211; Marashi, Sheida &#8211; Nedlund, Ann-Charlotte &#8211; Boger, Jennifer &#8211; Astell, Arlene &#8211; M\u00e4ki-Pet\u00e4j\u00e4-Leinonen, Anna &#8211; Nyg\u00e5rd, Louise. Supporting continued work under the UNCRPD: views of employees living with mild cognitive impairment or early onset dementia. International Journal of Discrimination and the Law 22(4), <span style=\"font-size: 1rem\">2022.<\/span><span style=\"font-size: 1rem\">\u00a0371-385.\u00a0<\/span><\/p>\n<p><span style=\"font-style: inherit;font-weight: inherit\">Issakainen, Mervi &#8211; Moisio, Maija &#8211; Ylh\u00e4inen, Marjo &#8211;\u00a0 Rissanen, Sari &#8211;\u00a0 M\u00e4ki-Pet\u00e4j\u00e4-Leinonen, Anna. Kognitiivisen toimintakyvyn heikentyminen ty\u00f6el\u00e4m\u00e4ss\u00e4: ty\u00f6kyky\u00e4 tukevat keinot ja k\u00e4yt\u00e4nn\u00f6t ty\u00f6paikalla. Oikeus 51(4),<\/span><span style=\"font-size: 1rem\">2022.<\/span><span style=\"font-style: inherit;font-weight: inherit;font-size: 1rem\">\u00a0513-539.\u00a0<\/span><\/p>\n<p><strong>M\u00e4ki-Pet\u00e4j\u00e4-Leinonen, Anna<\/strong><\/p>\n<p>Shastri, K., Boger, J, Marashi, S., Astell, A., Dove, E., Nedlund, A-C., M\u00e4ki-Pet\u00e4j\u00e4-Leinonen, A., and Nyg\u00e5rd<em>, L.\u00a0<\/em>Working Towards Inclusion: Creating Technology For and With People Living with Mild Cognitive Impairment or Dementia who are Employed. Dementia\u00a02022, Vol. 21(2) 556\u2013578.<\/p>\n<p>Anttonen, Mirja Sisko \u2013 M\u00e4ki-Pet\u00e4j\u00e4-Leinonen, Anna. Ik\u00e4\u00e4ntyv\u00e4n kuolevan oikeuksien toteutuminen kotisaattohoidossa kuolevan, omaissaattajan ja surevan kokemuksina. Diakonian tutkimus 1- 2022, s. 27-49.<\/p>\n<p>M\u00e4ki-Pet\u00e4j\u00e4-Leinonen, Anna. Autonomy of a person under guardianship: Self-determination in the theory and practice of guardianship law in Finland. In Harding, O\u00b4Donnelly, Tascioglu: Supporting Legal Capacity in Socio-Legal Context. Onati International Series in Law and Society. Hart publications 2022, s. 215-233.<em>\u00a0<\/em><\/p>\n<p>Aalto-Heinil\u00e4, Maija\u00a0\u00a0&#8211;\u00a0M\u00e4ki-Pet\u00e4j\u00e4-Leinonen, Anna.\u00a0P\u00e4\u00e4miehen itsem\u00e4\u00e4r\u00e4\u00e4misoikeuden tukeminen: filosofisesta ideaalista k\u00e4yt\u00e4nn\u00f6n edunvalvontaty\u00f6n tarkasteluun.\u00a0Teoksessa Weckstr\u00f6m, Katja \u2013 M\u00e4ki-Pet\u00e4j\u00e4-Leinonen, Anna \u2013 Niemi, Matti.I. (toim.) Modernit perhesuhteet ja oikeus. AlmaTalent 2021, pp.\u00a0215-241.<\/p>\n<p>Toivonen, Virve &#8211; Muukkonen, Matti \u2013 M\u00e4ki-Pet\u00e4j\u00e4-Leinonen, Anna.Vanhuspalvelujen laatu ja valvonta \u2013 k\u00e4yt\u00e4nt\u00f6\u00e4 ja uudistamistarpeita.\u00a0Oikeus 2:2021. pp. 209-227.<\/p>\n<p>Nyg\u00e5rd, Louise \u2013 Ryd, Charlotta \u2013 Astell, Arlene &#8211; Nedlund, Ann-Charlotte \u2013 Boger, Jennifer &#8211;\u00a0\u00a0Issakainen, Mervi &#8211; M\u00e4ki-Pet\u00e4j\u00e4-Leinonen, Anna &#8211; Larsson Lund, Maria. Self-Initiated Management Approaches and Strategies in Everyday Occupations used by People with Cognitive Impairment. Scandinavian Journal of Occupational Therapy 2022 Feb;29(2):139-151.<\/p>\n<p><strong>Nikumaa, Henna<\/strong><\/p>\n<p><span style=\"font-size: 1rem\">Nikumaa Henna. Muistisairaan autonominen toimijuus \u2013 sairastuneen yksil\u00f6lliset ja termisidonnaiset kokemukset <\/span><span style=\"font-size: 1rem\">s. 365\u2013390 t<\/span><span style=\"font-size: 1rem\">eoksessa <\/span><span style=\"font-size: 1rem\">Tiensuu, <\/span><span style=\"font-size: 1rem\">Paul &#8211;\u00a0<\/span><span style=\"font-size: 1rem\">Aalto-Heinil\u00e4, <\/span><span style=\"font-size: 1rem\">Maija &#8211;\u00a0<\/span><span style=\"font-size: 1rem\">M\u00e4ki-Pet\u00e4j\u00e4-Leinonen, <\/span><span style=\"font-size: 1rem\">Anna\u00a0 (toim.) Itsem\u00e4\u00e4r\u00e4\u00e4misoikeus &#8211; teoriasta k\u00e4yt\u00e4nt\u00f6\u00f6n. Vastapaino <\/span><span style=\"font-size: 1rem\">2023.<\/span><\/p>\n<p>Nikumaa, H. Muistisairaiden ihmisten haastattelututkimus esimerkkin\u00e4 hyvinvointioikeudellisesta empiirisest\u00e4 tutkimuksesta <span style=\"font-size: 1rem\">s. 184\u2013216 t<\/span><span style=\"font-size: 1rem\">eoksessa\u00a0<\/span><span style=\"font-size: 1rem\">Toivonen, <\/span><span style=\"font-size: 1rem\">Virve\u00a0 \u2013\u00a0<\/span><span style=\"font-size: 1rem\">M\u00e4ki-Pet\u00e4j\u00e4-Leinonen, <\/span><span style=\"font-size: 1rem\">Anna\u00a0 \u2013\u00a0<\/span><span style=\"font-size: 1rem\">Nyk\u00e4nen, <\/span><span style=\"font-size: 1rem\">Eeva\u00a0 Hyvinvointioikeus \u2013 kirjoituksia oikeudesta ja hyvinvoinnista. Kauppakamari <\/span><span style=\"font-size: 1rem\">2022.<\/span><\/p>\n<p>Nikumaa Henna &#8211; M\u00e4ki-Pet\u00e4j\u00e4-Leinonen Anna. Counselling of people with dementia in legal matters \u2013 social and health care professionals\u2019 role. European Journal of Social Work 2019, 23(4), s. 685\u2013698.<\/p>\n<p>Nikumaa Henna, M\u00e4ki-Pet\u00e4j\u00e4-Leinonen Anna.\u00a0 Muistisairas ihminen liikenteess\u00e4. Gerontologia 1\/2018, s. 36\u201352.<\/p>\n<p>Hoppania, Hanna-Kaisa &#8211; M\u00e4ki-Pet\u00e4j\u00e4-Leinonen, Anna &#8211; Nikumaa, Henna. 2017. (Un)equal Treatment? People with Dementia Between Elder Care and Disability Services in Finland. European Journal of Social Security 2017, 19(3), s. 225\u2013241.<\/p>\n<p><strong>Rautiainen, Pauli<\/strong><\/p>\n<p>Rautiainen, Pauli &#8211; Koivisto, Ida. Valtio yksil\u00f6n itsem\u00e4\u00e4r\u00e4\u00e4misoikeuden m\u00e4\u00e4ritt\u00e4j\u00e4n\u00e4<em> t<\/em>eoksessa Tiensuu, Paul &#8211; Aalto-Heinil\u00e4, Maija &#8211; M\u00e4ki-Pet\u00e4j\u00e4-Leinonen, Anna (toim.) Itsem\u00e4\u00e4r\u00e4\u00e4misoikeus \u2013 teoriasta k\u00e4yt\u00e4nt\u00f6\u00f6n. Vastapaino 2022.<\/p>\n<p>Rautiainen, Pauli. Hyvinvointioikeus yhteiskuntapoliittisten kamppailujen areenana<em> t<\/em>eoksessa Toivonen, Virve \u2013 M\u00e4ki-Pet\u00e4j\u00e4-Leinonen, Anna \u2013 Nyk\u00e4nen, Eeva (toim.) Hyvinvointioikeus \u2013 kirjoituksia oikeudesta ja hyvinvoinnista. Kauppakamari, Helsinki <span style=\"font-size: 1rem\">2022.\u00a0<\/span><\/p>\n<p>Rautiainen, Pauli. Vammainen ihminen oikeudessa<em>.<\/em> teoksessa Teittinen, Antti &#8211; Kivist\u00f6, Mari -Tarvainen, Merja &#8211; Hautala, Sanna (toim.) Vammaiset ihmiset kansalaisina. Vastapaino, Helsinki <span style=\"font-size: 1rem\">2021.\u00a0<\/span><\/p>\n<p>Nieminen, Elina &#8211;\u00a0 Rautiainen, Pauli. Vammaisen lapsen oikeus henkil\u00f6kohtaiseen apuun<em> t<\/em>eoksessa Pekkarinen, Elina &#8211; Schalin, Anton (toim.) Vammaisuus ja lapsen oikeudet \u2013 Lapsen el\u00e4m\u00e4\u00e4 vamman kanssa.\u00a0Lapsiasiavaltuutetun toimisto, Jyv\u00e4skyl\u00e4 <span style=\"font-size: 1rem\">2021.<\/span><\/p>\n<p>Kivij\u00e4rvi, Sanna &#8211;\u00a0 Rautiainen, Pauli.\u00a0 Contesting Music Education Policies Through the Concept of Reasonable Accommodation: Teacher Autonomy and Equity Enactment in Finnish Music Education.\u00a0Research Studies in Music Education 4\/2020.<\/p>\n<p><strong>Vanjusov, Heidi<\/strong><\/p>\n<p>Vanjusov, Heidi. Saatavilla, mutta ei saavutettavissa? Sosiaalioikeudellinen tutkimus p\u00e4ihdepalveluihin p\u00e4\u00e4syst\u00e4. V\u00e4it\u00f6skirja. It\u00e4-Suomen yliopisto, yhteiskuntatieteiden ja kauppatieteiden tiedekunta 2022.<\/p>\n<p>Vanjusov, Heidi. Sosiaalioikeuden oikeusperiaatteet asiakkaan hyvinvoinnin turvaajana p\u00e4ihdepalveluissa teoksessa Toivonen, Virve \u2013 M\u00e4ki-Pet\u00e4j\u00e4-Leinonen, Anna \u2013 Nyk\u00e4nen, Eeva (toim.) Hyvinvointioikeus: kirjoituksia oikeudesta ja hyvinvoinnista. Kauppakamari 2022, s. 276\u2013313.<\/p>\n<p>Vanjusov, Heidi \u2013 Kekoni, Taru \u2013 Meriluoto, Laura. Asiakasturvallisuus p\u00e4ihdepalveluissa teoksessa Kurki, Taina \u2013 Jylh\u00e4, Virpi \u2013 Kekoni, Taru. Asiakasturvallisuus sosiaali- ja terveysalalla. Gaudeamus 2021, s. 198\u2013208.<\/p>\n<p>Kivinen, Tuula \u2013 Vanjusov, Heidi \u2013 Vornanen, Riitta. Asiakkaan \u00e4\u00e4ni: osallisuus ja vaikuttamisen mahdollisuudet teoksessa Hujala, Anneli \u2013 Taskinen, Helena (toim.). Uudistuva sosiaali- ja terveysala. Tampere University Press 2020, s. 267\u2013293.<\/p>\n<p><strong>Ylh\u00e4inen, Marjo<\/strong><\/p>\n<p><span style=\"font-size: 1rem\">Karjalainen, <\/span>Katja\u00a0 &#8211;\u00a0<span style=\"font-size: 1rem\">Ylh\u00e4inen, <\/span><span style=\"font-size: 1rem\">Marjo. Vammaisten henkil\u00f6iden oikeuksien yleissopimus ja sosiaalinen osallisuus \u2013 oikeus ty\u00f6h\u00f6n. Lakimies 6\/2021<\/span><\/p>\n<p><span style=\"font-size: 1rem\">Karjalainen, <\/span>Katja &#8211;\u00a0\u00a0<span style=\"font-size: 1rem\">Ylh\u00e4inen, <\/span><span style=\"font-size: 1rem\">Marjo. On the Obligation to Make Reasonable Accommodation for an Employee with a Disability. European Journal on Labour Law. First published July 20, 2021.<\/span><\/p>\n<p>Karjalainen, Katja &#8211; Ylh\u00e4inen, Marjo. Toimintavalmiuksien edist\u00e4misest\u00e4 ja yhdenvertaisuusoikeuksien toteuttamisesta yksityisten v\u00e4lisess\u00e4 oikeussuhteessa esimerkkin\u00e4 vammaisuus ja ty\u00f6el\u00e4m\u00e4. Oikeus 3\/2021.<\/p>\n<p><span style=\"font-size: 1rem\">Ylh\u00e4inen, <\/span>Marjo. From obedience to initiative? Precarious work and changing subjectivities in labour law discourse in Griffiths, <span style=\"font-size: 1rem\">Anne<\/span><span style=\"font-size: 1rem\">&#8211; Mustasaari, <\/span><span style=\"font-size: 1rem\">Sanna<\/span><span style=\"font-size: 1rem\"> &#8211; M\u00e4ki-Petaj\u00e4-Leinonen, <\/span><span style=\"font-size: 1rem\">Anna <\/span><span style=\"font-size: 1rem\">(eds), Subjectivity, Citizenship and Belonging in Law. Identities and Intersections (Routledge 2016), pp. 232-252<\/span><\/p>\n<p><span style=\"font-size: 1rem\">Ylh\u00e4inen, <\/span>Marjo. An introduction to the non-discrimination law of the European Union in the Finnish labour law context\u00a0 in Xie Zengyi, <span style=\"font-size: 1rem\">Li Lin <\/span><span style=\"font-size: 1rem\">&#8211; Liukkunen, <\/span><span style=\"font-size: 1rem\">Ulla<\/span><span style=\"font-size: 1rem\">\u00a0(eds), Rule of Law Development and Judicial Reform: A Comparison between China and Finland. Social Sciences Academic Press (China) 2016. pp. 190-204.<\/span><\/p>\n","protected":false},"excerpt":{"rendered":"<p>T\u00e4lle sivulle on koottu tutkijoidemme keskeisi\u00e4 hyvinvointioikeudellisia tutkimusjulkaisuja. Ervasti, Kaijus Ervasti, Kaijus, Yhteiskunnallinen oikeustutkimus. Gaudeamus. Helsinki 2022. Ervasti, Kaijus &#8211; Attias, Miriam, Sovittelu ja sen sovellukset. Edita. Helsinki 2022 Ervasti, Kaijus: Oikeudensaantimahdollisuudet osana hyvinvointioikeutta erityisesti haavoittuvien ryhmien n\u00e4k\u00f6kulmasta. Teoksessa Hyvinvointioikeus \u2013 kirjoituksia oikeudesta ja hyvinvoinnista (toim. Virve Toivonen \u2013 Anna M\u00e4ki-Pet\u00e4j\u00e4-Leinonen &amp; Eeva Nyk\u00e4nen). Kauppakaari. [&hellip;]<\/p>\n","protected":false},"author":248,"featured_media":0,"parent":0,"menu_order":5,"comment_status":"closed","ping_status":"closed","template":"","meta":{"_acf_changed":false,"footnotes":""},"class_list":["post-1933","page","type-page","status-publish","hentry"],"acf":[],"yoast_head":"<!-- This site is optimized with the Yoast SEO plugin v27.1.1 - https:\/\/yoast.com\/product\/yoast-seo-wordpress\/ -->\n<title>Julkaisuja - Hyvinvointioikeuden keskus<\/title>\n<meta name=\"robots\" content=\"index, follow, max-snippet:-1, max-image-preview:large, max-video-preview:-1\" \/>\n<link rel=\"canonical\" href=\"https:\/\/sites.uef.fi\/hyvinvointioikeus\/julkaisuja\/\" \/>\n<meta property=\"og:locale\" content=\"fi_FI\" \/>\n<meta property=\"og:type\" content=\"article\" \/>\n<meta property=\"og:title\" content=\"Julkaisuja - Hyvinvointioikeuden keskus\" \/>\n<meta property=\"og:description\" content=\"T\u00e4lle sivulle on koottu tutkijoidemme keskeisi\u00e4 hyvinvointioikeudellisia tutkimusjulkaisuja. Ervasti, Kaijus Ervasti, Kaijus, Yhteiskunnallinen oikeustutkimus. Gaudeamus. Helsinki 2022. Ervasti, Kaijus &#8211; Attias, Miriam, Sovittelu ja sen sovellukset. Edita. Helsinki 2022 Ervasti, Kaijus: Oikeudensaantimahdollisuudet osana hyvinvointioikeutta erityisesti haavoittuvien ryhmien n\u00e4k\u00f6kulmasta. Teoksessa Hyvinvointioikeus \u2013 kirjoituksia oikeudesta ja hyvinvoinnista (toim. Virve Toivonen \u2013 Anna M\u00e4ki-Pet\u00e4j\u00e4-Leinonen &amp; Eeva Nyk\u00e4nen). Kauppakaari. [&hellip;]\" \/>\n<meta property=\"og:url\" content=\"https:\/\/sites.uef.fi\/hyvinvointioikeus\/julkaisuja\/\" \/>\n<meta property=\"og:site_name\" content=\"Hyvinvointioikeuden keskus\" \/>\n<meta property=\"article:modified_time\" content=\"2024-04-11T07:13:20+00:00\" \/>\n<meta name=\"twitter:card\" content=\"summary_large_image\" \/>\n<meta name=\"twitter:label1\" content=\"Arvioitu lukuaika\" \/>\n\t<meta name=\"twitter:data1\" content=\"4 minuuttia\" \/>\n<script type=\"application\/ld+json\" class=\"yoast-schema-graph\">{\"@context\":\"https:\/\/schema.org\",\"@graph\":[{\"@type\":\"WebPage\",\"@id\":\"https:\/\/sites.uef.fi\/hyvinvointioikeus\/julkaisuja\/\",\"url\":\"https:\/\/sites.uef.fi\/hyvinvointioikeus\/julkaisuja\/\",\"name\":\"Julkaisuja - Hyvinvointioikeuden keskus\",\"isPartOf\":{\"@id\":\"https:\/\/sites.uef.fi\/hyvinvointioikeus\/#website\"},\"datePublished\":\"2023-02-22T15:21:47+00:00\",\"dateModified\":\"2024-04-11T07:13:20+00:00\",\"breadcrumb\":{\"@id\":\"https:\/\/sites.uef.fi\/hyvinvointioikeus\/julkaisuja\/#breadcrumb\"},\"inLanguage\":\"fi\",\"potentialAction\":[{\"@type\":\"ReadAction\",\"target\":[\"https:\/\/sites.uef.fi\/hyvinvointioikeus\/julkaisuja\/\"]}]},{\"@type\":\"BreadcrumbList\",\"@id\":\"https:\/\/sites.uef.fi\/hyvinvointioikeus\/julkaisuja\/#breadcrumb\",\"itemListElement\":[{\"@type\":\"ListItem\",\"position\":1,\"name\":\"Home\",\"item\":\"https:\/\/sites.uef.fi\/hyvinvointioikeus\/\"},{\"@type\":\"ListItem\",\"position\":2,\"name\":\"Julkaisuja\"}]},{\"@type\":\"WebSite\",\"@id\":\"https:\/\/sites.uef.fi\/hyvinvointioikeus\/#website\",\"url\":\"https:\/\/sites.uef.fi\/hyvinvointioikeus\/\",\"name\":\"Hyvinvointioikeuden keskus\",\"description\":\"\",\"potentialAction\":[{\"@type\":\"SearchAction\",\"target\":{\"@type\":\"EntryPoint\",\"urlTemplate\":\"https:\/\/sites.uef.fi\/hyvinvointioikeus\/?s={search_term_string}\"},\"query-input\":{\"@type\":\"PropertyValueSpecification\",\"valueRequired\":true,\"valueName\":\"search_term_string\"}}],\"inLanguage\":\"fi\"}]}<\/script>\n<!-- \/ Yoast SEO plugin. -->","yoast_head_json":{"title":"Julkaisuja - Hyvinvointioikeuden keskus","robots":{"index":"index","follow":"follow","max-snippet":"max-snippet:-1","max-image-preview":"max-image-preview:large","max-video-preview":"max-video-preview:-1"},"canonical":"https:\/\/sites.uef.fi\/hyvinvointioikeus\/julkaisuja\/","og_locale":"fi_FI","og_type":"article","og_title":"Julkaisuja - Hyvinvointioikeuden keskus","og_description":"T\u00e4lle sivulle on koottu tutkijoidemme keskeisi\u00e4 hyvinvointioikeudellisia tutkimusjulkaisuja. Ervasti, Kaijus Ervasti, Kaijus, Yhteiskunnallinen oikeustutkimus. Gaudeamus. Helsinki 2022. Ervasti, Kaijus &#8211; Attias, Miriam, Sovittelu ja sen sovellukset. Edita. Helsinki 2022 Ervasti, Kaijus: Oikeudensaantimahdollisuudet osana hyvinvointioikeutta erityisesti haavoittuvien ryhmien n\u00e4k\u00f6kulmasta. Teoksessa Hyvinvointioikeus \u2013 kirjoituksia oikeudesta ja hyvinvoinnista (toim. Virve Toivonen \u2013 Anna M\u00e4ki-Pet\u00e4j\u00e4-Leinonen &amp; Eeva Nyk\u00e4nen). Kauppakaari. [&hellip;]","og_url":"https:\/\/sites.uef.fi\/hyvinvointioikeus\/julkaisuja\/","og_site_name":"Hyvinvointioikeuden keskus","article_modified_time":"2024-04-11T07:13:20+00:00","twitter_card":"summary_large_image","twitter_misc":{"Arvioitu lukuaika":"4 minuuttia"},"schema":{"@context":"https:\/\/schema.org","@graph":[{"@type":"WebPage","@id":"https:\/\/sites.uef.fi\/hyvinvointioikeus\/julkaisuja\/","url":"https:\/\/sites.uef.fi\/hyvinvointioikeus\/julkaisuja\/","name":"Julkaisuja - Hyvinvointioikeuden keskus","isPartOf":{"@id":"https:\/\/sites.uef.fi\/hyvinvointioikeus\/#website"},"datePublished":"2023-02-22T15:21:47+00:00","dateModified":"2024-04-11T07:13:20+00:00","breadcrumb":{"@id":"https:\/\/sites.uef.fi\/hyvinvointioikeus\/julkaisuja\/#breadcrumb"},"inLanguage":"fi","potentialAction":[{"@type":"ReadAction","target":["https:\/\/sites.uef.fi\/hyvinvointioikeus\/julkaisuja\/"]}]},{"@type":"BreadcrumbList","@id":"https:\/\/sites.uef.fi\/hyvinvointioikeus\/julkaisuja\/#breadcrumb","itemListElement":[{"@type":"ListItem","position":1,"name":"Home","item":"https:\/\/sites.uef.fi\/hyvinvointioikeus\/"},{"@type":"ListItem","position":2,"name":"Julkaisuja"}]},{"@type":"WebSite","@id":"https:\/\/sites.uef.fi\/hyvinvointioikeus\/#website","url":"https:\/\/sites.uef.fi\/hyvinvointioikeus\/","name":"Hyvinvointioikeuden keskus","description":"","potentialAction":[{"@type":"SearchAction","target":{"@type":"EntryPoint","urlTemplate":"https:\/\/sites.uef.fi\/hyvinvointioikeus\/?s={search_term_string}"},"query-input":{"@type":"PropertyValueSpecification","valueRequired":true,"valueName":"search_term_string"}}],"inLanguage":"fi"}]}},"_links":{"self":[{"href":"https:\/\/sites.uef.fi\/hyvinvointioikeus\/wp-json\/wp\/v2\/pages\/1933","targetHints":{"allow":["GET"]}}],"collection":[{"href":"https:\/\/sites.uef.fi\/hyvinvointioikeus\/wp-json\/wp\/v2\/pages"}],"about":[{"href":"https:\/\/sites.uef.fi\/hyvinvointioikeus\/wp-json\/wp\/v2\/types\/page"}],"author":[{"embeddable":true,"href":"https:\/\/sites.uef.fi\/hyvinvointioikeus\/wp-json\/wp\/v2\/users\/248"}],"replies":[{"embeddable":true,"href":"https:\/\/sites.uef.fi\/hyvinvointioikeus\/wp-json\/wp\/v2\/comments?post=1933"}],"version-history":[{"count":2,"href":"https:\/\/sites.uef.fi\/hyvinvointioikeus\/wp-json\/wp\/v2\/pages\/1933\/revisions"}],"predecessor-version":[{"id":3124,"href":"https:\/\/sites.uef.fi\/hyvinvointioikeus\/wp-json\/wp\/v2\/pages\/1933\/revisions\/3124"}],"wp:attachment":[{"href":"https:\/\/sites.uef.fi\/hyvinvointioikeus\/wp-json\/wp\/v2\/media?parent=1933"}],"curies":[{"name":"wp","href":"https:\/\/api.w.org\/{rel}","templated":true}]}}