{"id":2233,"date":"2023-04-03T23:15:14","date_gmt":"2023-04-03T20:15:14","guid":{"rendered":"https:\/\/sites.uef.fi\/hyvinvointioikeus\/?page_id=2233"},"modified":"2023-04-17T16:58:29","modified_gmt":"2023-04-17T13:58:29","slug":"tyoryhmien-aikataulu","status":"publish","type":"page","link":"https:\/\/sites.uef.fi\/hyvinvointioikeus\/hyvinvointioikeuden-paivat-2023\/tyoryhmien-aikataulu\/","title":{"rendered":"Ty\u00f6ryhmien aikataulu"},"content":{"rendered":"<h1 class=\"x_MsoNormal\"><b>TY\u00d6RYHMIEN AIKATAULU<\/b><\/h1>\n<h2 class=\"x_MsoNormal\"><b><u>Keskiviikko 19.4.2023 klo 12.45-14.15\u00a0\u00a0<\/u><\/b><\/h2>\n<p class=\"x_MsoNormal\"><b>Sali AU102 Vammaisuus \u2013 pj. Pauli Rautiainen<\/b><\/p>\n<ol start=\"1\" type=\"1\">\n<li class=\"x_MsoListParagraphCxSpFirst\">Rautiainen:\u00a0Rakennetun ymp\u00e4rist\u00f6n esteett\u00f6myys<\/li>\n<li class=\"x_MsoListParagraphCxSpMiddle\">Kurki: Lapset ja vammaiset aktiivisina oikeussubjekteina<\/li>\n<li class=\"x_MsoListParagraphCxSpLast\">Aalto-Heinil\u00e4: Vammaisuuden ja ei-vammaisuuden rajan h\u00e4ilyvyys<\/li>\n<\/ol>\n<p class=\"x_MsoNormal\"><b>Sali AU111 Ihmisten suhde muunlajisiin \u2013 pj. Anna M\u00e4ki-Pet\u00e4j\u00e4-Leinonen<\/b><\/p>\n<ol start=\"1\" type=\"1\">\n<li class=\"x_MsoListParagraphCxSpFirst\">Kivinen: Hyvinvointioikeus ja el\u00e4inoikeus<\/li>\n<li class=\"x_MsoListParagraphCxSpLast\">Koponen: Hyvinvointilaki el\u00e4imille<\/li>\n<li>Niemi: Universaali ihmisarvo ja erilaisten yksil\u00f6iden ihmisarvon loukkaamattomuus<\/li>\n<\/ol>\n<p class=\"x_MsoNormal\"><b>Sali AU210 Sosiaalioikeus A \u2013 pj. Heidi Vanjusov<\/b><\/p>\n<ol start=\"1\" type=\"1\">\n<li class=\"x_MsoListParagraphCxSpFirst\">Kalliomaa-Puha: Sarjakuvasopimuksia sosiaalihuollossa<\/li>\n<li class=\"x_MsoListParagraphCxSpMiddle\">Perttola: Korkeakouluopiskelun h\u00e4iri\u00f6tekij\u00e4t saavutettavuuskysymyksen\u00e4<\/li>\n<li class=\"x_MsoListParagraphCxSpMiddle\">Korkatti &amp; Airaksinen: Kulttuuri eriarvoisuuden v\u00e4hent\u00e4j\u00e4n\u00e4<\/li>\n<\/ol>\n<h2 class=\"x_MsoNormal\"><b><u>Keskiviikko 19.4.2023 klo 14.45-16.45\u00a0\u00a0<\/u><\/b><\/h2>\n<p class=\"x_MsoNormal\"><b>Sali AU202 Itsem\u00e4\u00e4r\u00e4\u00e4misoikeus \u2013 pj. Maija Aalto-Heinil\u00e4<\/b><\/p>\n<ol start=\"1\" type=\"1\">\n<li class=\"x_MsoListParagraphCxSpFirst\">Kurki: El\u00e4inten itsem\u00e4\u00e4r\u00e4\u00e4misoikeus<\/li>\n<li class=\"x_MsoListParagraphCxSpMiddle\">Nyk\u00e4nen: Potilaan itsem\u00e4\u00e4r\u00e4\u00e4misoikeus<\/li>\n<li class=\"x_MsoListParagraphCxSpMiddle\">Mustasaari: Itsem\u00e4\u00e4r\u00e4\u00e4misoikeus ja autonomia nuorten seksuaalisuhteissa<\/li>\n<li class=\"x_MsoListParagraphCxSpLast\">Tiensuu: Itsem\u00e4\u00e4r\u00e4\u00e4misoikeus kirjoittamattomana oikeutena EIT:n ratkaisuk\u00e4yt\u00e4nn\u00f6ss\u00e4<\/li>\n<\/ol>\n<p class=\"x_MsoNormal\"><b>Sali AU102 Korona-aika \u2013 pj. Pauli Rautiainen<\/b><\/p>\n<ol start=\"1\" type=\"1\">\n<li class=\"x_MsoListParagraphCxSpFirst\">Mutanen: T\u00e4ysi-ik\u00e4isten rokottaminen koronassa<\/li>\n<li class=\"x_MsoListParagraphCxSpMiddle\">J\u00e4rvinen: Lapsen rokottaminen koronassa<\/li>\n<li class=\"x_MsoListParagraphCxSpMiddle\">Hautakorpi: Asumispalveluyksik\u00f6iden tapaamisrajoitukset koronassa<\/li>\n<li class=\"x_MsoListParagraphCxSpLast\">Tuovinen: Koronahallinta pohjoismaissa<\/li>\n<\/ol>\n<p class=\"x_MsoNormal\"><b>Sali AU208 Kanssatutkijuus \u2013 pj. Kaijus Ervasti<\/b><\/p>\n<ol start=\"1\" type=\"1\">\n<li class=\"x_MsoListParagraphCxSpFirst\">Gadd ym.: Kanssatutkijuus ik\u00e4\u00e4ntyneit\u00e4 muistisairaita tutkittaessa<\/li>\n<li class=\"x_MsoListParagraphCxSpLast\">Mietola &amp; Urhonen: T\u00e4ytt\u00e4\u00e4k\u00f6 kanssatutkimus lupauksensa?<\/li>\n<li>Obstbaum:\u00a0Arjen oikeudellisten ongelmien tutkiminen kyselytutkimuksen avulla<\/li>\n<\/ol>\n<p class=\"x_MsoNormal\"><b>Sali AU210 Ty\u00f6oikeus \u2013 pj. Marjo Ylh\u00e4inen &amp; Jenni Varis<\/b><\/p>\n<ol start=\"1\" type=\"1\">\n<li class=\"x_MsoListParagraphCxSpFirst\">Reunam\u00e4ki: Urheiluvalmentajan ty\u00f6suojelu<\/li>\n<li class=\"x_MsoListParagraphCxSpMiddle\">Ylh\u00e4inen: Ty\u00f6suojelusta ty\u00f6hyvinvointiin<\/li>\n<li class=\"x_MsoListParagraphCxSpLast\">Varis: Asiantuntija-asemassa olevan ty\u00f6ntekij\u00e4n toimintavapaus<\/li>\n<\/ol>\n<h2 class=\"x_MsoNormal\"><b><u>Torstai 20.4.2023 klo 10.15-12.15\u00a0<\/u><\/b><\/h2>\n<p class=\"x_MsoNormal\"><b>Sali AU 102 Sosiaalioikeus B \u2013 pj. Pauli Rautiainen<\/b><\/p>\n<ol start=\"1\" type=\"1\">\n<li class=\"x_MsoListParagraphCxSpFirst\">Ignatius: Sote-palveluiden riitt\u00e4vyys ja haavoittuvien ryhmien huomiointi<\/li>\n<li class=\"x_MsoListParagraphCxSpMiddle\">Gr\u00e5sten ym.: Vammaisten lasten oikeus henkil\u00f6kohtaiseen apuun<\/li>\n<li>Juutinen: Palveluintegraatiokokeilun valtionohjaus<\/li>\n<li class=\"x_MsoListParagraphCxSpLast\">Nikumaa ym.: Ik\u00e4\u00e4ntyneiden vammaisten oikeuksien toteutuminen<\/li>\n<\/ol>\n<p class=\"x_MsoNormal\"><b>Sali AU 202 Lapsen oikeudet \u2013 pj. Heidi Vanjusov<\/b><\/p>\n<ol start=\"1\" type=\"1\">\n<li class=\"x_MsoListParagraphCxSpFirst\">Repo: Lastensuojelun laatu lastensuojelulaitoksissa<\/li>\n<li class=\"x_MsoListParagraphCxSpMiddle\">Toivonen: Lasten kaltoinkohtelu ohjatuissa urheiluharrastuksissa<\/li>\n<li class=\"x_MsoListParagraphCxSpMiddle\">Valtonen ym.: Lapsen sosiaalisten ja sivistyksellisten oikeuksien limittyminen<\/li>\n<li class=\"x_MsoListParagraphCxSpLast\">Silvennoinen: V\u00e4liaikaisen edunvalvojan m\u00e4\u00e4r\u00e4\u00e4minen esitutkinnassa<\/li>\n<\/ol>\n<p><b>Sali AU 204 Monialainen hyvinvointi \u2013 pj.\u00a0 Marjo Ylh\u00e4inen<\/b><\/p>\n<ol start=\"1\" type=\"1\">\n<li>Kopperoinen: ALV:n kuntapalautus<\/li>\n<li><span lang=\"en-GB\">Laakkonen &amp; Rinne: The future of European digital identity\u00a0 <\/span><span lang=\"en-US\">\u00a0<\/span><\/li>\n<\/ol>\n<p><span lang=\"en-US\">\u00a0<\/span><b><span lang=\"en-US\">Sali AU 206 Law and welfare \u2013 pj. Anna M\u00e4ki-Pet\u00e4j\u00e4-Leinonen<\/span><\/b><span lang=\"en-US\">\u00a0<\/span><\/p>\n<ol start=\"1\" type=\"1\">\n<li><span lang=\"en-US\">Berg: Older imigrants<\/span><\/li>\n<li><span lang=\"en-US\">Suubi Kayonga: Unmet social and health care needs of older people in Finland<\/span><span lang=\"en-GB\">\u00a0<\/span><\/li>\n<li><span lang=\"en-US\">Roslin: European regulatory approaches to off label use of pharmaceuticals<\/span><span lang=\"en-GB\">\u00a0<\/span><\/li>\n<li><span lang=\"en-US\">Hersi:\u00a0<span class=\"S1PPyQ\">Our Journey to Becoming Laakaari\u2019s- A Look at Finnish Somali Women\u2019s Path to Becoming Medical Doctor\u2019s in Finland<\/span><\/span><\/li>\n<\/ol>\n","protected":false},"excerpt":{"rendered":"<p>TY\u00d6RYHMIEN AIKATAULU Keskiviikko 19.4.2023 klo 12.45-14.15\u00a0\u00a0 Sali AU102 Vammaisuus \u2013 pj. Pauli Rautiainen Rautiainen:\u00a0Rakennetun ymp\u00e4rist\u00f6n esteett\u00f6myys Kurki: Lapset ja vammaiset aktiivisina oikeussubjekteina Aalto-Heinil\u00e4: Vammaisuuden ja ei-vammaisuuden rajan h\u00e4ilyvyys Sali AU111 Ihmisten suhde muunlajisiin \u2013 pj. Anna M\u00e4ki-Pet\u00e4j\u00e4-Leinonen Kivinen: Hyvinvointioikeus ja el\u00e4inoikeus Koponen: Hyvinvointilaki el\u00e4imille Niemi: Universaali ihmisarvo ja erilaisten yksil\u00f6iden ihmisarvon loukkaamattomuus Sali AU210 Sosiaalioikeus [&hellip;]<\/p>\n","protected":false},"author":939,"featured_media":0,"parent":1453,"menu_order":2,"comment_status":"closed","ping_status":"closed","template":"","meta":{"_acf_changed":false,"footnotes":""},"class_list":["post-2233","page","type-page","status-publish","hentry"],"acf":[],"yoast_head":"<!-- This site is optimized with the Yoast SEO plugin v27.3 - https:\/\/yoast.com\/product\/yoast-seo-wordpress\/ -->\n<title>Ty\u00f6ryhmien aikataulu - Hyvinvointioikeuden keskus<\/title>\n<meta name=\"robots\" content=\"index, follow, max-snippet:-1, max-image-preview:large, max-video-preview:-1\" \/>\n<link rel=\"canonical\" href=\"https:\/\/sites.uef.fi\/hyvinvointioikeus\/hyvinvointioikeuden-paivat-2023\/tyoryhmien-aikataulu\/\" \/>\n<meta property=\"og:locale\" content=\"fi_FI\" \/>\n<meta property=\"og:type\" content=\"article\" \/>\n<meta property=\"og:title\" content=\"Ty\u00f6ryhmien aikataulu - Hyvinvointioikeuden keskus\" \/>\n<meta property=\"og:description\" content=\"TY\u00d6RYHMIEN AIKATAULU Keskiviikko 19.4.2023 klo 12.45-14.15\u00a0\u00a0 Sali AU102 Vammaisuus \u2013 pj. Pauli Rautiainen Rautiainen:\u00a0Rakennetun ymp\u00e4rist\u00f6n esteett\u00f6myys Kurki: Lapset ja vammaiset aktiivisina oikeussubjekteina Aalto-Heinil\u00e4: Vammaisuuden ja ei-vammaisuuden rajan h\u00e4ilyvyys Sali AU111 Ihmisten suhde muunlajisiin \u2013 pj. Anna M\u00e4ki-Pet\u00e4j\u00e4-Leinonen Kivinen: Hyvinvointioikeus ja el\u00e4inoikeus Koponen: Hyvinvointilaki el\u00e4imille Niemi: Universaali ihmisarvo ja erilaisten yksil\u00f6iden ihmisarvon loukkaamattomuus Sali AU210 Sosiaalioikeus [&hellip;]\" \/>\n<meta property=\"og:url\" content=\"https:\/\/sites.uef.fi\/hyvinvointioikeus\/hyvinvointioikeuden-paivat-2023\/tyoryhmien-aikataulu\/\" \/>\n<meta property=\"og:site_name\" content=\"Hyvinvointioikeuden keskus\" \/>\n<meta property=\"article:modified_time\" content=\"2023-04-17T13:58:29+00:00\" \/>\n<meta name=\"twitter:card\" content=\"summary_large_image\" \/>\n<meta name=\"twitter:label1\" content=\"Arvioitu lukuaika\" \/>\n\t<meta name=\"twitter:data1\" content=\"2 minuuttia\" \/>\n<script type=\"application\/ld+json\" class=\"yoast-schema-graph\">{\"@context\":\"https:\\\/\\\/schema.org\",\"@graph\":[{\"@type\":\"WebPage\",\"@id\":\"https:\\\/\\\/sites.uef.fi\\\/hyvinvointioikeus\\\/hyvinvointioikeuden-paivat-2023\\\/tyoryhmien-aikataulu\\\/\",\"url\":\"https:\\\/\\\/sites.uef.fi\\\/hyvinvointioikeus\\\/hyvinvointioikeuden-paivat-2023\\\/tyoryhmien-aikataulu\\\/\",\"name\":\"Ty\u00f6ryhmien aikataulu - Hyvinvointioikeuden keskus\",\"isPartOf\":{\"@id\":\"https:\\\/\\\/sites.uef.fi\\\/hyvinvointioikeus\\\/#website\"},\"datePublished\":\"2023-04-03T20:15:14+00:00\",\"dateModified\":\"2023-04-17T13:58:29+00:00\",\"breadcrumb\":{\"@id\":\"https:\\\/\\\/sites.uef.fi\\\/hyvinvointioikeus\\\/hyvinvointioikeuden-paivat-2023\\\/tyoryhmien-aikataulu\\\/#breadcrumb\"},\"inLanguage\":\"fi\",\"potentialAction\":[{\"@type\":\"ReadAction\",\"target\":[\"https:\\\/\\\/sites.uef.fi\\\/hyvinvointioikeus\\\/hyvinvointioikeuden-paivat-2023\\\/tyoryhmien-aikataulu\\\/\"]}]},{\"@type\":\"BreadcrumbList\",\"@id\":\"https:\\\/\\\/sites.uef.fi\\\/hyvinvointioikeus\\\/hyvinvointioikeuden-paivat-2023\\\/tyoryhmien-aikataulu\\\/#breadcrumb\",\"itemListElement\":[{\"@type\":\"ListItem\",\"position\":1,\"name\":\"Home\",\"item\":\"https:\\\/\\\/sites.uef.fi\\\/hyvinvointioikeus\\\/\"},{\"@type\":\"ListItem\",\"position\":2,\"name\":\"Hyvinvointioikeuden p\u00e4iv\u00e4t\",\"item\":\"https:\\\/\\\/sites.uef.fi\\\/hyvinvointioikeus\\\/hyvinvointioikeuden-paivat-2023\\\/\"},{\"@type\":\"ListItem\",\"position\":3,\"name\":\"Ty\u00f6ryhmien aikataulu\"}]},{\"@type\":\"WebSite\",\"@id\":\"https:\\\/\\\/sites.uef.fi\\\/hyvinvointioikeus\\\/#website\",\"url\":\"https:\\\/\\\/sites.uef.fi\\\/hyvinvointioikeus\\\/\",\"name\":\"Hyvinvointioikeuden keskus\",\"description\":\"\",\"potentialAction\":[{\"@type\":\"SearchAction\",\"target\":{\"@type\":\"EntryPoint\",\"urlTemplate\":\"https:\\\/\\\/sites.uef.fi\\\/hyvinvointioikeus\\\/?s={search_term_string}\"},\"query-input\":{\"@type\":\"PropertyValueSpecification\",\"valueRequired\":true,\"valueName\":\"search_term_string\"}}],\"inLanguage\":\"fi\"}]}<\/script>\n<!-- \/ Yoast SEO plugin. -->","yoast_head_json":{"title":"Ty\u00f6ryhmien aikataulu - Hyvinvointioikeuden keskus","robots":{"index":"index","follow":"follow","max-snippet":"max-snippet:-1","max-image-preview":"max-image-preview:large","max-video-preview":"max-video-preview:-1"},"canonical":"https:\/\/sites.uef.fi\/hyvinvointioikeus\/hyvinvointioikeuden-paivat-2023\/tyoryhmien-aikataulu\/","og_locale":"fi_FI","og_type":"article","og_title":"Ty\u00f6ryhmien aikataulu - Hyvinvointioikeuden keskus","og_description":"TY\u00d6RYHMIEN AIKATAULU Keskiviikko 19.4.2023 klo 12.45-14.15\u00a0\u00a0 Sali AU102 Vammaisuus \u2013 pj. Pauli Rautiainen Rautiainen:\u00a0Rakennetun ymp\u00e4rist\u00f6n esteett\u00f6myys Kurki: Lapset ja vammaiset aktiivisina oikeussubjekteina Aalto-Heinil\u00e4: Vammaisuuden ja ei-vammaisuuden rajan h\u00e4ilyvyys Sali AU111 Ihmisten suhde muunlajisiin \u2013 pj. Anna M\u00e4ki-Pet\u00e4j\u00e4-Leinonen Kivinen: Hyvinvointioikeus ja el\u00e4inoikeus Koponen: Hyvinvointilaki el\u00e4imille Niemi: Universaali ihmisarvo ja erilaisten yksil\u00f6iden ihmisarvon loukkaamattomuus Sali AU210 Sosiaalioikeus [&hellip;]","og_url":"https:\/\/sites.uef.fi\/hyvinvointioikeus\/hyvinvointioikeuden-paivat-2023\/tyoryhmien-aikataulu\/","og_site_name":"Hyvinvointioikeuden keskus","article_modified_time":"2023-04-17T13:58:29+00:00","twitter_card":"summary_large_image","twitter_misc":{"Arvioitu lukuaika":"2 minuuttia"},"schema":{"@context":"https:\/\/schema.org","@graph":[{"@type":"WebPage","@id":"https:\/\/sites.uef.fi\/hyvinvointioikeus\/hyvinvointioikeuden-paivat-2023\/tyoryhmien-aikataulu\/","url":"https:\/\/sites.uef.fi\/hyvinvointioikeus\/hyvinvointioikeuden-paivat-2023\/tyoryhmien-aikataulu\/","name":"Ty\u00f6ryhmien aikataulu - Hyvinvointioikeuden keskus","isPartOf":{"@id":"https:\/\/sites.uef.fi\/hyvinvointioikeus\/#website"},"datePublished":"2023-04-03T20:15:14+00:00","dateModified":"2023-04-17T13:58:29+00:00","breadcrumb":{"@id":"https:\/\/sites.uef.fi\/hyvinvointioikeus\/hyvinvointioikeuden-paivat-2023\/tyoryhmien-aikataulu\/#breadcrumb"},"inLanguage":"fi","potentialAction":[{"@type":"ReadAction","target":["https:\/\/sites.uef.fi\/hyvinvointioikeus\/hyvinvointioikeuden-paivat-2023\/tyoryhmien-aikataulu\/"]}]},{"@type":"BreadcrumbList","@id":"https:\/\/sites.uef.fi\/hyvinvointioikeus\/hyvinvointioikeuden-paivat-2023\/tyoryhmien-aikataulu\/#breadcrumb","itemListElement":[{"@type":"ListItem","position":1,"name":"Home","item":"https:\/\/sites.uef.fi\/hyvinvointioikeus\/"},{"@type":"ListItem","position":2,"name":"Hyvinvointioikeuden p\u00e4iv\u00e4t","item":"https:\/\/sites.uef.fi\/hyvinvointioikeus\/hyvinvointioikeuden-paivat-2023\/"},{"@type":"ListItem","position":3,"name":"Ty\u00f6ryhmien aikataulu"}]},{"@type":"WebSite","@id":"https:\/\/sites.uef.fi\/hyvinvointioikeus\/#website","url":"https:\/\/sites.uef.fi\/hyvinvointioikeus\/","name":"Hyvinvointioikeuden keskus","description":"","potentialAction":[{"@type":"SearchAction","target":{"@type":"EntryPoint","urlTemplate":"https:\/\/sites.uef.fi\/hyvinvointioikeus\/?s={search_term_string}"},"query-input":{"@type":"PropertyValueSpecification","valueRequired":true,"valueName":"search_term_string"}}],"inLanguage":"fi"}]}},"_links":{"self":[{"href":"https:\/\/sites.uef.fi\/hyvinvointioikeus\/wp-json\/wp\/v2\/pages\/2233","targetHints":{"allow":["GET"]}}],"collection":[{"href":"https:\/\/sites.uef.fi\/hyvinvointioikeus\/wp-json\/wp\/v2\/pages"}],"about":[{"href":"https:\/\/sites.uef.fi\/hyvinvointioikeus\/wp-json\/wp\/v2\/types\/page"}],"author":[{"embeddable":true,"href":"https:\/\/sites.uef.fi\/hyvinvointioikeus\/wp-json\/wp\/v2\/users\/939"}],"replies":[{"embeddable":true,"href":"https:\/\/sites.uef.fi\/hyvinvointioikeus\/wp-json\/wp\/v2\/comments?post=2233"}],"version-history":[{"count":2,"href":"https:\/\/sites.uef.fi\/hyvinvointioikeus\/wp-json\/wp\/v2\/pages\/2233\/revisions"}],"predecessor-version":[{"id":2316,"href":"https:\/\/sites.uef.fi\/hyvinvointioikeus\/wp-json\/wp\/v2\/pages\/2233\/revisions\/2316"}],"up":[{"embeddable":true,"href":"https:\/\/sites.uef.fi\/hyvinvointioikeus\/wp-json\/wp\/v2\/pages\/1453"}],"wp:attachment":[{"href":"https:\/\/sites.uef.fi\/hyvinvointioikeus\/wp-json\/wp\/v2\/media?parent=2233"}],"curies":[{"name":"wp","href":"https:\/\/api.w.org\/{rel}","templated":true}]}}