{"id":2674,"date":"2024-01-16T14:11:21","date_gmt":"2024-01-16T12:11:21","guid":{"rendered":"https:\/\/sites.uef.fi\/hyvinvointioikeus\/?page_id=2674"},"modified":"2025-01-20T15:46:28","modified_gmt":"2025-01-20T13:46:28","slug":"tapahtumia-3","status":"publish","type":"page","link":"https:\/\/sites.uef.fi\/hyvinvointioikeus\/tapahtumia-3\/","title":{"rendered":"Tapahtumia"},"content":{"rendered":"\n<p><strong>Vuonna 2023 juhlittiin Hyvinvointioikeuden keskuksen viisivuotisjuhlavuotta. Kiitos kaikille juhlavuoteen osallistuneille! Tervetuloa uusi viisivuotiskausi!<\/strong> <strong>Lue juhlavuodesta<\/strong> <a href=\"https:\/\/blogs.uef.fi\/oikeuttakohtuudella\/2023\/12\/21\/hyvinvointioikeuden-keskuksen-ensimmaiset-viisi-vuotta\/\">T\u00c4ST\u00c4<\/a><\/p>\n\n\n\n<p><a href=\"https:\/\/sites.uef.fi\/hyvinvointioikeus\/wp-content\/uploads\/sites\/156\/2025\/01\/Hyvinvointivaltion_varjoissa_julkistustilaisuus-2.pdf\">Hyvinvointivaltion varjoissa -kirjan julkistustilaisuus 6.3.2025<\/a><\/p>\n\n\n\n<p><a href=\"https:\/\/blogs.uef.fi\/oikeuttakohtuudella\/\"><em>Juhlavuoden 2023 blogikirjoitusten sarja Oikeutta kohtuudella -blogissa<\/em><\/a><\/p>\n\n\n\n<p><a href=\"https:\/\/sites.uef.fi\/hyvinvointioikeus\/wp-content\/uploads\/sites\/156\/2023\/01\/Hakuilmoitus-projektitutkija-2023-VAPA.pdf\"><em>Hyvinvointioikeuden keskus hakee projektitutkijaa<\/em><\/a><\/p>\n\n\n\n<p><em><a href=\"https:\/\/sites.uef.fi\/hyvinvointioikeus\/wp-content\/uploads\/sites\/156\/2023\/01\/Workshop-JNS-HKI-2023-FIN-paivitetty-23.1.2023.pdf\">Seminaarisarja: Tuettu, saavutettava ja yhdenvertainen oikeudellinen p\u00e4\u00e4t\u00f6ksenteko 13.-14.2.2023 ja 8.6.2023<\/a><\/em><strong><\/strong><\/p>\n\n\n\n<p><a href=\"https:\/\/sites.uef.fi\/hyvinvointioikeus\/hyvinvointioikeuden-paivat-2023\/\"><em>VI Hyvinvointioikeuden p\u00e4iv\u00e4t Joensuussa 19.-20.4.2023<\/em><\/a><\/p>\n\n\n\n<p><a href=\"https:\/\/link.webropolsurveys.com\/S\/C600CCBA5B59B46E\"><em>Kysely muistisairaiden oikeuksien toteutumisesta muistisairaille ja l\u00e4heisille 30.11.2022 \u2013 31.1.2023<\/em><\/a><\/p>\n\n\n\n<p><a href=\"https:\/\/sites.uef.fi\/hyvinvointioikeus\/wp-content\/uploads\/sites\/156\/2022\/10\/Vanhuusoikeuden-seminaari-I-OHJELMA.pdf\"><em>Vanhuusoikeuden ajankohtaisseminaari 29.11.2022<\/em><\/a><\/p>\n\n\n\n<p><em><a href=\"https:\/\/sites.uef.fi\/hyvinvointioikeus\/wp-content\/uploads\/sites\/156\/2022\/06\/Hakuilmoitus_osa-aikainen-tutkimusavustaja.pdf\">Hyvinvointioikeuden keskus hakee osa-aikaista tutkimusavustajaa<\/a><\/em><\/p>\n\n\n\n<p><a href=\"https:\/\/sites.uef.fi\/hyvinvointioikeus\/wp-content\/uploads\/sites\/156\/2022\/05\/Invitation_Vasiliki-Petousi-10-June-2022.pdf\"><em>Developments and implications of the legal framework of assisted reproduction in Greece, Helsinki sek\u00e4 Zoom 10.6.2022<\/em><\/a><\/p>\n\n\n\n<p><a href=\"https:\/\/www.uef.fi\/fi\/artikkeli\/muistisairaiden-oikeuksien-toteutuminen-uuden-professuurin-ytimessa\"><em>Yhteiskunnallisen oikeustutkimuksen<\/em><\/a>&nbsp;<em>ja&nbsp;<a href=\"https:\/\/www.uef.fi\/fi\/artikkeli\/anna-maki-petaja-leinonen-ensimmaiseksi-vanhuusoikeuden-professoriksi-suomessa\">vanhuusoikeuden professuurit<\/a>&nbsp;1.6.2021 alkaen<\/em><\/p>\n\n\n\n<p><a href=\"https:\/\/www.kauppakamarikauppa.fi\/products\/hyvinvointioikeus-kirjoituksia-oikeudesta-ja-hyvinvoinnista?variant=41766157516949\"><em>Hyvinvointioikeus \u2013 kirjoituksia oikeudesta ja hyvinvoinnista, kirja julkaistaan 29.4.2022<\/em><\/a><\/p>\n\n\n\n<p><a href=\"https:\/\/sites.uef.fi\/hyvinvointioikeus\/wp-content\/uploads\/sites\/156\/2022\/03\/Public-Seminar-UEF_MCI_Work_Invitation.pdf\"><em>Dementia or MCI@work Public seminar, Helsinki 26.4.2022<\/em><\/a><br>Tallenne tilaisuudesta l\u00f6ytyy&nbsp;<a href=\"https:\/\/youtu.be\/TKb2T_CpIjM\">t\u00e4\u00e4lt\u00e4<\/a>.<\/p>\n\n\n\n<p><a href=\"https:\/\/sites.uef.fi\/hyvinvointioikeus\/2022\/02\/09\/nnlls2\/?lang=en\">NNLLS2 \u2013&nbsp;<em>The new age of control and surveillance in labour law,<\/em>&nbsp;Helsinki 31.3.-1.4.2022<\/a><\/p>\n\n\n\n<p><a href=\"https:\/\/www.uef.fi\/fi\/artikkeli\/hyvinvointioikeuden-keskus-jatkaa-kasvuaan-nimi-muuttuu\"><em>Hyvinvointioikeuden keskus jatkaa kasvuaan \u2013 nimi muuttuu 1.2.2022<\/em><\/a><\/p>\n\n\n\n<p><a href=\"https:\/\/sites.uef.fi\/hyvinvointioikeus\/wp-content\/uploads\/sites\/156\/2021\/12\/Rekryilmoitus-projektitutkijat-VAPA-Kaijus-2021.pdf\"><em>Hyvinvointioikeuden instituutti hakee projektitutkijoita<\/em><\/a><\/p>\n\n\n\n<p><a href=\"https:\/\/www.uef.fi\/fi\/artikkeli\/vuoden-muistiteko-tunnustus-muistisairaiden-oikeuksien-edistamisesta-henna-nikumaalle\"><em>Vuoden Muistiteko -tunnustuspalkinto Hyvinvointioikeuden instituutin koordinaattorille 1.10.2021<\/em><\/a><\/p>\n\n\n\n<p><a href=\"https:\/\/www.uef.fi\/fi\/artikkeli\/muistisairaiden-oikeuksien-toteutuminen-uuden-professuurin-ytimessa\"><em>Yhteiskunnallisen oikeustutkimuksen<\/em><\/a>&nbsp;<em>ja&nbsp;<a href=\"https:\/\/www.uef.fi\/fi\/artikkeli\/anna-maki-petaja-leinonen-ensimmaiseksi-vanhuusoikeuden-professoriksi-suomessa\">vanhuusoikeuden professuurit<\/a>&nbsp;1.6.2021 alkaen<\/em><\/p>\n\n\n\n<p><a href=\"https:\/\/www.uef.fi\/fi\/artikkeli\/hyvinvointioikeus-paaaineeksi-ita-suomen-yliopiston-julkisoikeuden-tutkintoihin\"><em>Hyvinvointioikeudesta p\u00e4\u00e4aine julkisoikeuden tutkintoihin<\/em><\/a><\/p>\n\n\n\n<p><em>Lapsioikeuden tutkimusp\u00e4iv\u00e4t 10.-11.2.2020<\/em><\/p>\n\n\n\n<p><em>Lapsen oikeuksien viikon tempaus&nbsp;18.-22.11.2019&nbsp;<\/em><\/p>\n\n\n\n<p><em>Ostopalvelujen laatu ja valvonta 28.11.2019<\/em><\/p>\n\n\n\n<p><a href=\"https:\/\/www.helsinki.fi\/en\/conferences\/conference-on-meaningful-relations-in-aging-and-dying\"><em>Conference on Meaningful Relations in Aging and Dying 28.-30.8.2019<\/em><\/a><\/p>\n\n\n\n<p><em>Jatkokoulutusp\u00e4iv\u00e4 28.11.2018<\/em><\/p>\n\n\n\n<p><a href=\"http:\/\/www.sofy.fi\/2018\/10\/03\/itsemaaraamisoikeus-seminaari-26-11-27-11-joensuussa\/\"><em>Itsem\u00e4\u00e4r\u00e4\u00e4misoikeus filosofisena ja juridisena k\u00e4sitteen\u00e4 -seminaari 26.11.-27.11.2018<\/em><\/a><\/p>\n\n\n\n<p><em>Kuka p\u00e4\u00e4tt\u00e4\u00e4, mik\u00e4 on lapsen etu? semi<\/em><em>naari 24.10.2018<\/em><\/p>\n\n\n\n<p><em>Sosiaalioikeuden opettajien valtakunnallinen tapaaminen 20.-21.8.2018<\/em><\/p>\n\n\n\n<p><em>Hyvinvointioikeuden instituutti avattiin 7.5.2018<\/em><\/p>\n","protected":false},"excerpt":{"rendered":"<p>Vuonna 2023 juhlittiin Hyvinvointioikeuden keskuksen viisivuotisjuhlavuotta. Kiitos kaikille juhlavuoteen osallistuneille! Tervetuloa uusi viisivuotiskausi! Lue juhlavuodesta T\u00c4ST\u00c4 Hyvinvointivaltion varjoissa -kirjan julkistustilaisuus 6.3.2025 Juhlavuoden 2023 blogikirjoitusten sarja Oikeutta kohtuudella -blogissa Hyvinvointioikeuden keskus hakee projektitutkijaa Seminaarisarja: Tuettu, saavutettava ja yhdenvertainen oikeudellinen p\u00e4\u00e4t\u00f6ksenteko 13.-14.2.2023 ja 8.6.2023 VI Hyvinvointioikeuden p\u00e4iv\u00e4t Joensuussa 19.-20.4.2023 Kysely muistisairaiden oikeuksien toteutumisesta muistisairaille ja l\u00e4heisille 30.11.2022 [&hellip;]<\/p>\n","protected":false},"author":1066,"featured_media":0,"parent":0,"menu_order":0,"comment_status":"closed","ping_status":"closed","template":"","meta":{"_acf_changed":false,"footnotes":""},"class_list":["post-2674","page","type-page","status-publish","hentry"],"acf":[],"yoast_head":"<!-- This site is optimized with the Yoast SEO plugin v27.3 - https:\/\/yoast.com\/product\/yoast-seo-wordpress\/ -->\n<title>Tapahtumia - Hyvinvointioikeuden keskus<\/title>\n<meta name=\"robots\" content=\"index, follow, max-snippet:-1, max-image-preview:large, max-video-preview:-1\" \/>\n<link rel=\"canonical\" href=\"https:\/\/sites.uef.fi\/hyvinvointioikeus\/tapahtumia-3\/\" \/>\n<meta property=\"og:locale\" content=\"fi_FI\" \/>\n<meta property=\"og:type\" content=\"article\" \/>\n<meta property=\"og:title\" content=\"Tapahtumia - Hyvinvointioikeuden keskus\" \/>\n<meta property=\"og:description\" content=\"Vuonna 2023 juhlittiin Hyvinvointioikeuden keskuksen viisivuotisjuhlavuotta. Kiitos kaikille juhlavuoteen osallistuneille! Tervetuloa uusi viisivuotiskausi! Lue juhlavuodesta T\u00c4ST\u00c4 Hyvinvointivaltion varjoissa -kirjan julkistustilaisuus 6.3.2025 Juhlavuoden 2023 blogikirjoitusten sarja Oikeutta kohtuudella -blogissa Hyvinvointioikeuden keskus hakee projektitutkijaa Seminaarisarja: Tuettu, saavutettava ja yhdenvertainen oikeudellinen p\u00e4\u00e4t\u00f6ksenteko 13.-14.2.2023 ja 8.6.2023 VI Hyvinvointioikeuden p\u00e4iv\u00e4t Joensuussa 19.-20.4.2023 Kysely muistisairaiden oikeuksien toteutumisesta muistisairaille ja l\u00e4heisille 30.11.2022 [&hellip;]\" \/>\n<meta property=\"og:url\" content=\"https:\/\/sites.uef.fi\/hyvinvointioikeus\/tapahtumia-3\/\" \/>\n<meta property=\"og:site_name\" content=\"Hyvinvointioikeuden keskus\" \/>\n<meta property=\"article:modified_time\" content=\"2025-01-20T13:46:28+00:00\" \/>\n<meta name=\"twitter:card\" content=\"summary_large_image\" \/>\n<meta name=\"twitter:label1\" content=\"Arvioitu lukuaika\" \/>\n\t<meta name=\"twitter:data1\" content=\"2 minuuttia\" \/>\n<script type=\"application\/ld+json\" class=\"yoast-schema-graph\">{\"@context\":\"https:\\\/\\\/schema.org\",\"@graph\":[{\"@type\":\"WebPage\",\"@id\":\"https:\\\/\\\/sites.uef.fi\\\/hyvinvointioikeus\\\/tapahtumia-3\\\/\",\"url\":\"https:\\\/\\\/sites.uef.fi\\\/hyvinvointioikeus\\\/tapahtumia-3\\\/\",\"name\":\"Tapahtumia - Hyvinvointioikeuden keskus\",\"isPartOf\":{\"@id\":\"https:\\\/\\\/sites.uef.fi\\\/hyvinvointioikeus\\\/#website\"},\"datePublished\":\"2024-01-16T12:11:21+00:00\",\"dateModified\":\"2025-01-20T13:46:28+00:00\",\"breadcrumb\":{\"@id\":\"https:\\\/\\\/sites.uef.fi\\\/hyvinvointioikeus\\\/tapahtumia-3\\\/#breadcrumb\"},\"inLanguage\":\"fi\",\"potentialAction\":[{\"@type\":\"ReadAction\",\"target\":[\"https:\\\/\\\/sites.uef.fi\\\/hyvinvointioikeus\\\/tapahtumia-3\\\/\"]}]},{\"@type\":\"BreadcrumbList\",\"@id\":\"https:\\\/\\\/sites.uef.fi\\\/hyvinvointioikeus\\\/tapahtumia-3\\\/#breadcrumb\",\"itemListElement\":[{\"@type\":\"ListItem\",\"position\":1,\"name\":\"Home\",\"item\":\"https:\\\/\\\/sites.uef.fi\\\/hyvinvointioikeus\\\/\"},{\"@type\":\"ListItem\",\"position\":2,\"name\":\"Tapahtumia\"}]},{\"@type\":\"WebSite\",\"@id\":\"https:\\\/\\\/sites.uef.fi\\\/hyvinvointioikeus\\\/#website\",\"url\":\"https:\\\/\\\/sites.uef.fi\\\/hyvinvointioikeus\\\/\",\"name\":\"Hyvinvointioikeuden keskus\",\"description\":\"\",\"potentialAction\":[{\"@type\":\"SearchAction\",\"target\":{\"@type\":\"EntryPoint\",\"urlTemplate\":\"https:\\\/\\\/sites.uef.fi\\\/hyvinvointioikeus\\\/?s={search_term_string}\"},\"query-input\":{\"@type\":\"PropertyValueSpecification\",\"valueRequired\":true,\"valueName\":\"search_term_string\"}}],\"inLanguage\":\"fi\"}]}<\/script>\n<!-- \/ Yoast SEO plugin. -->","yoast_head_json":{"title":"Tapahtumia - Hyvinvointioikeuden keskus","robots":{"index":"index","follow":"follow","max-snippet":"max-snippet:-1","max-image-preview":"max-image-preview:large","max-video-preview":"max-video-preview:-1"},"canonical":"https:\/\/sites.uef.fi\/hyvinvointioikeus\/tapahtumia-3\/","og_locale":"fi_FI","og_type":"article","og_title":"Tapahtumia - Hyvinvointioikeuden keskus","og_description":"Vuonna 2023 juhlittiin Hyvinvointioikeuden keskuksen viisivuotisjuhlavuotta. Kiitos kaikille juhlavuoteen osallistuneille! Tervetuloa uusi viisivuotiskausi! Lue juhlavuodesta T\u00c4ST\u00c4 Hyvinvointivaltion varjoissa -kirjan julkistustilaisuus 6.3.2025 Juhlavuoden 2023 blogikirjoitusten sarja Oikeutta kohtuudella -blogissa Hyvinvointioikeuden keskus hakee projektitutkijaa Seminaarisarja: Tuettu, saavutettava ja yhdenvertainen oikeudellinen p\u00e4\u00e4t\u00f6ksenteko 13.-14.2.2023 ja 8.6.2023 VI Hyvinvointioikeuden p\u00e4iv\u00e4t Joensuussa 19.-20.4.2023 Kysely muistisairaiden oikeuksien toteutumisesta muistisairaille ja l\u00e4heisille 30.11.2022 [&hellip;]","og_url":"https:\/\/sites.uef.fi\/hyvinvointioikeus\/tapahtumia-3\/","og_site_name":"Hyvinvointioikeuden keskus","article_modified_time":"2025-01-20T13:46:28+00:00","twitter_card":"summary_large_image","twitter_misc":{"Arvioitu lukuaika":"2 minuuttia"},"schema":{"@context":"https:\/\/schema.org","@graph":[{"@type":"WebPage","@id":"https:\/\/sites.uef.fi\/hyvinvointioikeus\/tapahtumia-3\/","url":"https:\/\/sites.uef.fi\/hyvinvointioikeus\/tapahtumia-3\/","name":"Tapahtumia - Hyvinvointioikeuden keskus","isPartOf":{"@id":"https:\/\/sites.uef.fi\/hyvinvointioikeus\/#website"},"datePublished":"2024-01-16T12:11:21+00:00","dateModified":"2025-01-20T13:46:28+00:00","breadcrumb":{"@id":"https:\/\/sites.uef.fi\/hyvinvointioikeus\/tapahtumia-3\/#breadcrumb"},"inLanguage":"fi","potentialAction":[{"@type":"ReadAction","target":["https:\/\/sites.uef.fi\/hyvinvointioikeus\/tapahtumia-3\/"]}]},{"@type":"BreadcrumbList","@id":"https:\/\/sites.uef.fi\/hyvinvointioikeus\/tapahtumia-3\/#breadcrumb","itemListElement":[{"@type":"ListItem","position":1,"name":"Home","item":"https:\/\/sites.uef.fi\/hyvinvointioikeus\/"},{"@type":"ListItem","position":2,"name":"Tapahtumia"}]},{"@type":"WebSite","@id":"https:\/\/sites.uef.fi\/hyvinvointioikeus\/#website","url":"https:\/\/sites.uef.fi\/hyvinvointioikeus\/","name":"Hyvinvointioikeuden keskus","description":"","potentialAction":[{"@type":"SearchAction","target":{"@type":"EntryPoint","urlTemplate":"https:\/\/sites.uef.fi\/hyvinvointioikeus\/?s={search_term_string}"},"query-input":{"@type":"PropertyValueSpecification","valueRequired":true,"valueName":"search_term_string"}}],"inLanguage":"fi"}]}},"_links":{"self":[{"href":"https:\/\/sites.uef.fi\/hyvinvointioikeus\/wp-json\/wp\/v2\/pages\/2674","targetHints":{"allow":["GET"]}}],"collection":[{"href":"https:\/\/sites.uef.fi\/hyvinvointioikeus\/wp-json\/wp\/v2\/pages"}],"about":[{"href":"https:\/\/sites.uef.fi\/hyvinvointioikeus\/wp-json\/wp\/v2\/types\/page"}],"author":[{"embeddable":true,"href":"https:\/\/sites.uef.fi\/hyvinvointioikeus\/wp-json\/wp\/v2\/users\/1066"}],"replies":[{"embeddable":true,"href":"https:\/\/sites.uef.fi\/hyvinvointioikeus\/wp-json\/wp\/v2\/comments?post=2674"}],"version-history":[{"count":1,"href":"https:\/\/sites.uef.fi\/hyvinvointioikeus\/wp-json\/wp\/v2\/pages\/2674\/revisions"}],"predecessor-version":[{"id":3373,"href":"https:\/\/sites.uef.fi\/hyvinvointioikeus\/wp-json\/wp\/v2\/pages\/2674\/revisions\/3373"}],"wp:attachment":[{"href":"https:\/\/sites.uef.fi\/hyvinvointioikeus\/wp-json\/wp\/v2\/media?parent=2674"}],"curies":[{"name":"wp","href":"https:\/\/api.w.org\/{rel}","templated":true}]}}