{"id":33,"date":"2020-08-28T06:41:15","date_gmt":"2020-08-28T06:41:15","guid":{"rendered":"https:\/\/sites.uef.fi\/hyvinvointioikeus\/?page_id=33"},"modified":"2024-01-16T13:32:03","modified_gmt":"2024-01-16T11:32:03","slug":"etusivu","status":"publish","type":"page","link":"https:\/\/sites.uef.fi\/hyvinvointioikeus\/","title":{"rendered":"Etusivu"},"content":{"rendered":"<p>Hyvinvointioikeuden keskus kokoaa yhteen yksil\u00f6iden hyvinvointiin liittyv\u00e4n oikeustieteellisen tutkimuksen, asiantuntijuuden ja koulutuksen It\u00e4-Suomen yliopistossa. L\u00e4hes kolmenkymmenen <a href=\"https:\/\/sites.uef.fi\/hyvinvointioikeus\/tutkijat\/\">tutkijan<\/a> keskus on merkitt\u00e4vin alan tutkimus- ja opetuskeskittym\u00e4 Suomessa. Monitieteisesti verkottunut keskus tekee tiivist\u00e4 yhteisty\u00f6t\u00e4 hyvinvointia edist\u00e4vien ja tutkivien toimijoiden kanssa niin kansallisesti kuin kansainv\u00e4lisestikin. Se reagoi ketter\u00e4sti hyvinvointiin liittyviin ajankohtaisiin tutkimus- ja koulutustarpeisiin, joita muuttuva toimintaymp\u00e4rist\u00f6 tuottaa.<\/p>\n<p>Keskuksen tutkimustoiminnan ytimess\u00e4 ovat yksil\u00f6n hyvinvointiin liittyv\u00e4t perustavanlaatuiset oikeudet ihmisen el\u00e4m\u00e4nkaaren eri vaiheissa, kuten lapsuudessa ja vanhuudessa. Keskuksessa tutkitaan my\u00f6s muun muassa toimeentuloturva- ja hyvinvointipalveluj\u00e4rjestelm\u00e4n eri lohkoja sek\u00e4 hyvinvointipalveluiden j\u00e4rjest\u00e4miseen ja tuottamiseen osallistuvia\u00a0 viranomaisia ja muita toimijoita.<\/p>\n<p>Hyvinvointioikeus ei viittaa k\u00e4sitteen\u00e4 itsen\u00e4iseen oikeudenalaan vaan pikemminkin oikeustieteellisen tutkimuksen kokonaisuuteen, jonka kohteena ovat taloudelliseen toimeentuloon, sosiaaliseen hyvinvointiin sek\u00e4 fyysiseen ja psyykkiseen terveyteen liittyv\u00e4 oikeudellinen s\u00e4\u00e4ntely. Hyvinvointioikeuden voi siten n\u00e4hd\u00e4 kytkeytyv\u00e4n useisiin oikeudenaloihin esimerkiksi seuraavasti:<\/p>\n<p><img loading=\"lazy\" decoding=\"async\" class=\"wp-image-96 size-full\" src=\"https:\/\/sites.uef.fi\/hyvinvointioikeus\/wp-content\/uploads\/sites\/156\/2020\/09\/hvoi-kukkanen-1.png\" alt=\"Kuvaaja, jossa keskell\u00e4 hyvinvointioikeus, ja sen ymp\u00e4rill\u00e4 seuraavat oikeudenalat: valtios\u00e4\u00e4nt\u00f6oikeus, oikeusfilosofia, sosiaalioikeus, terveydenhuolto-oikeus, l\u00e4\u00e4kint\u00e4- ja bio-oikeus, lapsioikeus, vanhuusoikeus, koulutusoikeus, ty\u00f6oikeus, ty\u00f6oikeus ja perheoikeus.\" width=\"3200\" height=\"1800\" srcset=\"https:\/\/sites.uef.fi\/hyvinvointioikeus\/wp-content\/uploads\/sites\/156\/2020\/09\/hvoi-kukkanen-1.png 3200w, https:\/\/sites.uef.fi\/hyvinvointioikeus\/wp-content\/uploads\/sites\/156\/2020\/09\/hvoi-kukkanen-1-300x169.png 300w, https:\/\/sites.uef.fi\/hyvinvointioikeus\/wp-content\/uploads\/sites\/156\/2020\/09\/hvoi-kukkanen-1-1024x576.png 1024w, https:\/\/sites.uef.fi\/hyvinvointioikeus\/wp-content\/uploads\/sites\/156\/2020\/09\/hvoi-kukkanen-1-768x432.png 768w, https:\/\/sites.uef.fi\/hyvinvointioikeus\/wp-content\/uploads\/sites\/156\/2020\/09\/hvoi-kukkanen-1-1536x864.png 1536w, https:\/\/sites.uef.fi\/hyvinvointioikeus\/wp-content\/uploads\/sites\/156\/2020\/09\/hvoi-kukkanen-1-2048x1152.png 2048w\" sizes=\"auto, (max-width: 3200px) 100vw, 3200px\" \/><\/p>\n<p>It\u00e4-Suomen yliopisto on ainoa yliopisto Suomessa, jossa voi valita hyvinvointioikeuden p\u00e4\u00e4aineeksi. Hyvinvointioikeuden voi valita hallintotieteiden kandidaatin (HTK) ja maisterin (HTM) julkisoikeuden tutkintojen p\u00e4\u00e4aineeksi. Hyvinvointioikeuden opinnot koostuvat perusopinnoista (25 op) ja aineopinnoista (35 op).<\/p>\n<p>It\u00e4-Suomen yliopiston vapaan sivuaineoikeuden vuoksi hyvinvointioikeuden voi my\u00f6s valita vapaasti eri kandidaatin ja maisterin tutkintojen sivuaineeksi.<\/p>\n<p>Katso tarkemmin hyvinvointioikeuden opinnoista <a href=\"https:\/\/sites.uef.fi\/hyvinvointioikeus\/koulutus\/\">t\u00e4\u00e4lt\u00e4<\/a>.<\/p>\n<p>Keskuksen tutkijoiden esittelyt yhteystietoineeen l\u00f6yd\u00e4t <a href=\"https:\/\/sites.uef.fi\/hyvinvointioikeus\/tutkijat\/\">t\u00e4\u00e4lt\u00e4<\/a>. Voit my\u00f6s laittaa meille s\u00e4hk\u00f6postia osoitteeseen hvokeskus@uef.fi.<\/p>\n","protected":false},"excerpt":{"rendered":"<p>Hyvinvointioikeuden keskus kokoaa yhteen yksil\u00f6iden hyvinvointiin liittyv\u00e4n oikeustieteellisen tutkimuksen, asiantuntijuuden ja koulutuksen It\u00e4-Suomen yliopistossa. L\u00e4hes kolmenkymmenen tutkijan keskus on merkitt\u00e4vin alan tutkimus- ja opetuskeskittym\u00e4 Suomessa. Monitieteisesti verkottunut keskus tekee tiivist\u00e4 yhteisty\u00f6t\u00e4 hyvinvointia edist\u00e4vien ja tutkivien toimijoiden kanssa niin kansallisesti kuin kansainv\u00e4lisestikin. Se reagoi ketter\u00e4sti hyvinvointiin liittyviin ajankohtaisiin tutkimus- ja koulutustarpeisiin, joita muuttuva toimintaymp\u00e4rist\u00f6 tuottaa. Keskuksen [&hellip;]<\/p>\n","protected":false},"author":2,"featured_media":0,"parent":0,"menu_order":0,"comment_status":"closed","ping_status":"closed","template":"","meta":{"_acf_changed":false,"footnotes":""},"class_list":["post-33","page","type-page","status-publish","hentry"],"acf":[],"yoast_head":"<!-- This site is optimized with the Yoast SEO plugin v27.3 - https:\/\/yoast.com\/product\/yoast-seo-wordpress\/ -->\n<title>Etusivu - Hyvinvointioikeuden keskus<\/title>\n<meta name=\"robots\" content=\"index, follow, max-snippet:-1, max-image-preview:large, max-video-preview:-1\" \/>\n<link rel=\"canonical\" href=\"https:\/\/sites.uef.fi\/hyvinvointioikeus\/\" \/>\n<meta property=\"og:locale\" content=\"fi_FI\" \/>\n<meta property=\"og:type\" content=\"article\" \/>\n<meta property=\"og:title\" content=\"Etusivu - Hyvinvointioikeuden keskus\" \/>\n<meta property=\"og:description\" content=\"Hyvinvointioikeuden keskus kokoaa yhteen yksil\u00f6iden hyvinvointiin liittyv\u00e4n oikeustieteellisen tutkimuksen, asiantuntijuuden ja koulutuksen It\u00e4-Suomen yliopistossa. L\u00e4hes kolmenkymmenen tutkijan keskus on merkitt\u00e4vin alan tutkimus- ja opetuskeskittym\u00e4 Suomessa. Monitieteisesti verkottunut keskus tekee tiivist\u00e4 yhteisty\u00f6t\u00e4 hyvinvointia edist\u00e4vien ja tutkivien toimijoiden kanssa niin kansallisesti kuin kansainv\u00e4lisestikin. Se reagoi ketter\u00e4sti hyvinvointiin liittyviin ajankohtaisiin tutkimus- ja koulutustarpeisiin, joita muuttuva toimintaymp\u00e4rist\u00f6 tuottaa. Keskuksen [&hellip;]\" \/>\n<meta property=\"og:url\" content=\"https:\/\/sites.uef.fi\/hyvinvointioikeus\/\" \/>\n<meta property=\"og:site_name\" content=\"Hyvinvointioikeuden keskus\" \/>\n<meta property=\"article:modified_time\" content=\"2024-01-16T11:32:03+00:00\" \/>\n<meta property=\"og:image\" content=\"https:\/\/sites.uef.fi\/hyvinvointioikeus\/wp-content\/uploads\/sites\/156\/2020\/09\/hvoi-kukkanen-1.png\" \/>\n<meta name=\"twitter:card\" content=\"summary_large_image\" \/>\n<meta name=\"twitter:label1\" content=\"Arvioitu lukuaika\" \/>\n\t<meta name=\"twitter:data1\" content=\"2 minuuttia\" \/>\n<script type=\"application\/ld+json\" class=\"yoast-schema-graph\">{\"@context\":\"https:\\\/\\\/schema.org\",\"@graph\":[{\"@type\":\"WebPage\",\"@id\":\"https:\\\/\\\/sites.uef.fi\\\/hyvinvointioikeus\\\/\",\"url\":\"https:\\\/\\\/sites.uef.fi\\\/hyvinvointioikeus\\\/\",\"name\":\"Etusivu - Hyvinvointioikeuden keskus\",\"isPartOf\":{\"@id\":\"https:\\\/\\\/sites.uef.fi\\\/hyvinvointioikeus\\\/#website\"},\"primaryImageOfPage\":{\"@id\":\"https:\\\/\\\/sites.uef.fi\\\/hyvinvointioikeus\\\/#primaryimage\"},\"image\":{\"@id\":\"https:\\\/\\\/sites.uef.fi\\\/hyvinvointioikeus\\\/#primaryimage\"},\"thumbnailUrl\":\"https:\\\/\\\/sites.uef.fi\\\/hyvinvointioikeus\\\/wp-content\\\/uploads\\\/sites\\\/156\\\/2020\\\/09\\\/hvoi-kukkanen-1.png\",\"datePublished\":\"2020-08-28T06:41:15+00:00\",\"dateModified\":\"2024-01-16T11:32:03+00:00\",\"breadcrumb\":{\"@id\":\"https:\\\/\\\/sites.uef.fi\\\/hyvinvointioikeus\\\/#breadcrumb\"},\"inLanguage\":\"fi\",\"potentialAction\":[{\"@type\":\"ReadAction\",\"target\":[\"https:\\\/\\\/sites.uef.fi\\\/hyvinvointioikeus\\\/\"]}]},{\"@type\":\"ImageObject\",\"inLanguage\":\"fi\",\"@id\":\"https:\\\/\\\/sites.uef.fi\\\/hyvinvointioikeus\\\/#primaryimage\",\"url\":\"https:\\\/\\\/sites.uef.fi\\\/hyvinvointioikeus\\\/wp-content\\\/uploads\\\/sites\\\/156\\\/2020\\\/09\\\/hvoi-kukkanen-1.png\",\"contentUrl\":\"https:\\\/\\\/sites.uef.fi\\\/hyvinvointioikeus\\\/wp-content\\\/uploads\\\/sites\\\/156\\\/2020\\\/09\\\/hvoi-kukkanen-1.png\",\"width\":3200,\"height\":1800},{\"@type\":\"BreadcrumbList\",\"@id\":\"https:\\\/\\\/sites.uef.fi\\\/hyvinvointioikeus\\\/#breadcrumb\",\"itemListElement\":[{\"@type\":\"ListItem\",\"position\":1,\"name\":\"Home\",\"item\":\"https:\\\/\\\/sites.uef.fi\\\/hyvinvointioikeus\\\/\"},{\"@type\":\"ListItem\",\"position\":2,\"name\":\"Etusivu\"}]},{\"@type\":\"WebSite\",\"@id\":\"https:\\\/\\\/sites.uef.fi\\\/hyvinvointioikeus\\\/#website\",\"url\":\"https:\\\/\\\/sites.uef.fi\\\/hyvinvointioikeus\\\/\",\"name\":\"Hyvinvointioikeuden keskus\",\"description\":\"\",\"potentialAction\":[{\"@type\":\"SearchAction\",\"target\":{\"@type\":\"EntryPoint\",\"urlTemplate\":\"https:\\\/\\\/sites.uef.fi\\\/hyvinvointioikeus\\\/?s={search_term_string}\"},\"query-input\":{\"@type\":\"PropertyValueSpecification\",\"valueRequired\":true,\"valueName\":\"search_term_string\"}}],\"inLanguage\":\"fi\"}]}<\/script>\n<!-- \/ Yoast SEO plugin. -->","yoast_head_json":{"title":"Etusivu - Hyvinvointioikeuden keskus","robots":{"index":"index","follow":"follow","max-snippet":"max-snippet:-1","max-image-preview":"max-image-preview:large","max-video-preview":"max-video-preview:-1"},"canonical":"https:\/\/sites.uef.fi\/hyvinvointioikeus\/","og_locale":"fi_FI","og_type":"article","og_title":"Etusivu - Hyvinvointioikeuden keskus","og_description":"Hyvinvointioikeuden keskus kokoaa yhteen yksil\u00f6iden hyvinvointiin liittyv\u00e4n oikeustieteellisen tutkimuksen, asiantuntijuuden ja koulutuksen It\u00e4-Suomen yliopistossa. L\u00e4hes kolmenkymmenen tutkijan keskus on merkitt\u00e4vin alan tutkimus- ja opetuskeskittym\u00e4 Suomessa. Monitieteisesti verkottunut keskus tekee tiivist\u00e4 yhteisty\u00f6t\u00e4 hyvinvointia edist\u00e4vien ja tutkivien toimijoiden kanssa niin kansallisesti kuin kansainv\u00e4lisestikin. Se reagoi ketter\u00e4sti hyvinvointiin liittyviin ajankohtaisiin tutkimus- ja koulutustarpeisiin, joita muuttuva toimintaymp\u00e4rist\u00f6 tuottaa. Keskuksen [&hellip;]","og_url":"https:\/\/sites.uef.fi\/hyvinvointioikeus\/","og_site_name":"Hyvinvointioikeuden keskus","article_modified_time":"2024-01-16T11:32:03+00:00","og_image":[{"url":"https:\/\/sites.uef.fi\/hyvinvointioikeus\/wp-content\/uploads\/sites\/156\/2020\/09\/hvoi-kukkanen-1.png","type":"","width":"","height":""}],"twitter_card":"summary_large_image","twitter_misc":{"Arvioitu lukuaika":"2 minuuttia"},"schema":{"@context":"https:\/\/schema.org","@graph":[{"@type":"WebPage","@id":"https:\/\/sites.uef.fi\/hyvinvointioikeus\/","url":"https:\/\/sites.uef.fi\/hyvinvointioikeus\/","name":"Etusivu - Hyvinvointioikeuden keskus","isPartOf":{"@id":"https:\/\/sites.uef.fi\/hyvinvointioikeus\/#website"},"primaryImageOfPage":{"@id":"https:\/\/sites.uef.fi\/hyvinvointioikeus\/#primaryimage"},"image":{"@id":"https:\/\/sites.uef.fi\/hyvinvointioikeus\/#primaryimage"},"thumbnailUrl":"https:\/\/sites.uef.fi\/hyvinvointioikeus\/wp-content\/uploads\/sites\/156\/2020\/09\/hvoi-kukkanen-1.png","datePublished":"2020-08-28T06:41:15+00:00","dateModified":"2024-01-16T11:32:03+00:00","breadcrumb":{"@id":"https:\/\/sites.uef.fi\/hyvinvointioikeus\/#breadcrumb"},"inLanguage":"fi","potentialAction":[{"@type":"ReadAction","target":["https:\/\/sites.uef.fi\/hyvinvointioikeus\/"]}]},{"@type":"ImageObject","inLanguage":"fi","@id":"https:\/\/sites.uef.fi\/hyvinvointioikeus\/#primaryimage","url":"https:\/\/sites.uef.fi\/hyvinvointioikeus\/wp-content\/uploads\/sites\/156\/2020\/09\/hvoi-kukkanen-1.png","contentUrl":"https:\/\/sites.uef.fi\/hyvinvointioikeus\/wp-content\/uploads\/sites\/156\/2020\/09\/hvoi-kukkanen-1.png","width":3200,"height":1800},{"@type":"BreadcrumbList","@id":"https:\/\/sites.uef.fi\/hyvinvointioikeus\/#breadcrumb","itemListElement":[{"@type":"ListItem","position":1,"name":"Home","item":"https:\/\/sites.uef.fi\/hyvinvointioikeus\/"},{"@type":"ListItem","position":2,"name":"Etusivu"}]},{"@type":"WebSite","@id":"https:\/\/sites.uef.fi\/hyvinvointioikeus\/#website","url":"https:\/\/sites.uef.fi\/hyvinvointioikeus\/","name":"Hyvinvointioikeuden keskus","description":"","potentialAction":[{"@type":"SearchAction","target":{"@type":"EntryPoint","urlTemplate":"https:\/\/sites.uef.fi\/hyvinvointioikeus\/?s={search_term_string}"},"query-input":{"@type":"PropertyValueSpecification","valueRequired":true,"valueName":"search_term_string"}}],"inLanguage":"fi"}]}},"_links":{"self":[{"href":"https:\/\/sites.uef.fi\/hyvinvointioikeus\/wp-json\/wp\/v2\/pages\/33","targetHints":{"allow":["GET"]}}],"collection":[{"href":"https:\/\/sites.uef.fi\/hyvinvointioikeus\/wp-json\/wp\/v2\/pages"}],"about":[{"href":"https:\/\/sites.uef.fi\/hyvinvointioikeus\/wp-json\/wp\/v2\/types\/page"}],"author":[{"embeddable":true,"href":"https:\/\/sites.uef.fi\/hyvinvointioikeus\/wp-json\/wp\/v2\/users\/2"}],"replies":[{"embeddable":true,"href":"https:\/\/sites.uef.fi\/hyvinvointioikeus\/wp-json\/wp\/v2\/comments?post=33"}],"version-history":[{"count":1,"href":"https:\/\/sites.uef.fi\/hyvinvointioikeus\/wp-json\/wp\/v2\/pages\/33\/revisions"}],"predecessor-version":[{"id":2650,"href":"https:\/\/sites.uef.fi\/hyvinvointioikeus\/wp-json\/wp\/v2\/pages\/33\/revisions\/2650"}],"wp:attachment":[{"href":"https:\/\/sites.uef.fi\/hyvinvointioikeus\/wp-json\/wp\/v2\/media?parent=33"}],"curies":[{"name":"wp","href":"https:\/\/api.w.org\/{rel}","templated":true}]}}