{"id":339,"date":"2020-09-08T10:10:47","date_gmt":"2020-09-08T07:10:47","guid":{"rendered":"https:\/\/sites.uef.fi\/hyvinvointioikeus\/?page_id=339"},"modified":"2023-10-02T13:49:17","modified_gmt":"2023-10-02T10:49:17","slug":"blogiteksteja-ja-lausuntoja","status":"publish","type":"page","link":"https:\/\/sites.uef.fi\/hyvinvointioikeus\/blogiteksteja-ja-lausuntoja\/","title":{"rendered":"Blogitekstej\u00e4 ja lausuntoja"},"content":{"rendered":"<p><strong><em>Juhlavuoden 2023 blogikirjoitusten sarja Oikeutta kohtuudella -blogissa:<\/em><\/strong><\/p>\n<p><a href=\"https:\/\/blogs.uef.fi\/oikeuttakohtuudella\/2023\/09\/19\/holmolaisen-peiton-jatkamista-ovat-vanhustenhuollon-saastotoimet\/\" target=\"_blank\" rel=\"noopener\">H\u00f6lm\u00f6l\u00e4isen peiton jatkamista ovat vanhustenhuollon s\u00e4\u00e4st\u00f6toimet<\/a><\/p>\n<p><a href=\"https:\/\/blogs.uef.fi\/oikeuttakohtuudella\/2023\/08\/29\/vammaisten-henkiloiden-oikeudet-hyvinvointioikeuden-tutkimuksessa\/\" target=\"_blank\" rel=\"noopener\">Vammaisten henkil\u00f6iden oikeudet hyvinvointioikeuden tutkimuksessa<\/a><\/p>\n<p><a href=\"https:\/\/blogs.uef.fi\/oikeuttakohtuudella\/2023\/06\/12\/varjoja-paratiisissa-muistisairaan-ihmisen-oikeuksien-toteutuminen-hyvinvointivaltiossa-hankkeen-menetelmallinen-moninaisuus\/\" target=\"_blank\" rel=\"noopener\">\u201dVarjoja Paratiisissa? Muistisairaan ihmisen oikeuksien toteutuminen hyvinvointivaltiossa\u201d -hankkeen menetelm\u00e4llinen moninaisuus<\/a><\/p>\n<p><a href=\"https:\/\/blogs.uef.fi\/oikeuttakohtuudella\/2023\/05\/29\/hyvinvointioikeuden-paivat-opetus-ja-tutkimusavustajan-nakokulmasta\/\" target=\"_blank\" rel=\"noopener\">Hyvinvointioikeuden p\u00e4iv\u00e4t opetus- ja tutkimusavustajan n\u00e4k\u00f6kulmasta<\/a><\/p>\n<p><a href=\"https:\/\/blogs.uef.fi\/oikeuttakohtuudella\/2023\/02\/16\/hyvinvointioikeutta-opiskelemassa\/\">Hyvinvointioikeutta opiskelemassa<\/a><\/p>\n<p><a href=\"https:\/\/blogs.uef.fi\/oikeuttakohtuudella\/2023\/01\/19\/2186\/\">Viisi vuotta eik\u00e4 suotta! Hyvinvointioikeuden keskus on yhdess\u00e4 tekemisen voimaa<\/a><\/p>\n<p><a href=\"https:\/\/blogs.uef.fi\/oikeuttakohtuudella\/2023\/03\/31\/reflections-on-skiing-caring-and-exercising\/\" target=\"_blank\" rel=\"noopener\">Reflections on Skiing, Caring and Exercising<\/a><\/p>\n<p>***<\/p>\n<p><a href=\"https:\/\/blogs.uef.fi\/oikeuttakohtuudella\/2022\/10\/27\/tieteidenvalista-vuoropuhelua-ja-prinsessapuuroa\/\">Tieteidenv\u00e4list\u00e4 vuoropuhelua ja prinsessapuuroa<\/a><\/p>\n<p><a href=\"https:\/\/sites.uef.fi\/hyvinvointioikeus\/wp-content\/uploads\/sites\/156\/2022\/04\/UEF-lausunto-VPL-HE-luonnos-4.4.2022.pdf\">Lausunto hallituksen esitysluonnoksesta uudeksi vammaispalvelulaiksi<\/a><\/p>\n<p><a href=\"https:\/\/blogs.uef.fi\/oikeuttakohtuudella\/2020\/06\/09\/perustuslain-19-%C2%A7n-oikeus-riittaviin-terveyspalveluihin-ja-milloin-palveluja-on-riittavasti\/\">Perustuslain 19 \u00a7:n oikeus riitt\u00e4viin terveyspalveluihin \u2013 ja milloin palveluja on riitt\u00e4v\u00e4sti?<\/a><\/p>\n<p><a href=\"https:\/\/blogs.uef.fi\/oikeuttakohtuudella\/2019\/06\/14\/sosiaalihuoltolain-paivitystarpeesta-kunnan-hallinnon-jarjestamisen-nakokulmasta\/\">Sosiaalihuoltolain p\u00e4ivitystarpeesta kunnan hallinnon j\u00e4rjest\u00e4misen n\u00e4k\u00f6kulmasta<\/a><\/p>\n<p><a href=\"https:\/\/blogs.uef.fi\/oikeuttakohtuudella\/2019\/02\/01\/asiakkaiden-tarpeiden-tulisi-ohjata-sosiaali-ja-terveyspalvelujen-kilpailuttamista\/\">Asiakkaiden tarpeiden tulisi ohjata sosiaali- ja terveyspalvelujen kilpailuttamista<\/a><\/p>\n<p><a href=\"https:\/\/blogs.uef.fi\/oikeuttakohtuudella\/2018\/11\/06\/tohtori-harjoittelemassa-maailmalla-haagin-kansainvalisen-yksityisoikeuden-konferenssi\/\">Tohtori harjoittelemassa maailmalla: Haagin kansainv\u00e4lisen yksityisoikeuden konferenssi<\/a><\/p>\n<p><a href=\"https:\/\/sites.uef.fi\/hyvinvointioikeus\/wp-content\/uploads\/sites\/156\/2022\/09\/HVO-instituutin-lausunto-HE-as.-ja-pot.-L.pdf\">Hyvinvointioikeuden instituutin lausunto hallituksen esitysluonnoksesta uudeksi asiakas- ja potilaslaiksi<\/a><\/p>\n<p><a href=\"https:\/\/blogs.uef.fi\/oikeuttakohtuudella\/2018\/04\/30\/asiakas-ja-potilaslaki-yhdistyvat-miten-muuttuu-muistisairaan-ihmisen-itsemaaraamisoikeus\/\">Asiakas- ja potilaslaki yhdistyv\u00e4t \u2013 miten muuttuu muistisairaan ihmisen itsem\u00e4\u00e4r\u00e4\u00e4misoikeus?<\/a><\/p>\n<p><a href=\"https:\/\/blogs.uef.fi\/oikeuttakohtuudella\/2017\/11\/15\/sointu-klinikalla-oikeustieteiden-ja-sosiaalityon-opiskelijat-paasevat-kohtaamaan-asiakkaita-ja-naiden-arjen-haasteita\/\">Sointu-klinikalla oikeustieteiden ja sosiaality\u00f6n opiskelijat p\u00e4\u00e4sev\u00e4t kohtaamaan asiakkaita ja n\u00e4iden arjen haasteita<\/a><\/p>\n<p><a href=\"https:\/\/blogs.uef.fi\/oikeuttakohtuudella\/2017\/06\/21\/erityislait-puolustavat-paikkaansa-sosiaali-ja-terveydenhuollossa\/\">Erityislait puoltavat paikkaansa sosiaali- ja terveydenhuollossa<\/a><\/p>\n","protected":false},"excerpt":{"rendered":"<p>Juhlavuoden 2023 blogikirjoitusten sarja Oikeutta kohtuudella -blogissa: H\u00f6lm\u00f6l\u00e4isen peiton jatkamista ovat vanhustenhuollon s\u00e4\u00e4st\u00f6toimet Vammaisten henkil\u00f6iden oikeudet hyvinvointioikeuden tutkimuksessa \u201dVarjoja Paratiisissa? Muistisairaan ihmisen oikeuksien toteutuminen hyvinvointivaltiossa\u201d -hankkeen menetelm\u00e4llinen moninaisuus Hyvinvointioikeuden p\u00e4iv\u00e4t opetus- ja tutkimusavustajan n\u00e4k\u00f6kulmasta Hyvinvointioikeutta opiskelemassa Viisi vuotta eik\u00e4 suotta! Hyvinvointioikeuden keskus on yhdess\u00e4 tekemisen voimaa Reflections on Skiing, Caring and Exercising *** Tieteidenv\u00e4list\u00e4 vuoropuhelua [&hellip;]<\/p>\n","protected":false},"author":253,"featured_media":0,"parent":0,"menu_order":0,"comment_status":"closed","ping_status":"closed","template":"","meta":{"_acf_changed":false,"footnotes":""},"class_list":["post-339","page","type-page","status-publish","hentry"],"acf":[],"yoast_head":"<!-- This site is optimized with the Yoast SEO plugin v27.1.1 - https:\/\/yoast.com\/product\/yoast-seo-wordpress\/ -->\n<title>Blogitekstej\u00e4 ja lausuntoja - Hyvinvointioikeuden keskus<\/title>\n<meta name=\"robots\" content=\"index, follow, max-snippet:-1, max-image-preview:large, max-video-preview:-1\" \/>\n<link rel=\"canonical\" href=\"https:\/\/sites.uef.fi\/hyvinvointioikeus\/blogiteksteja-ja-lausuntoja\/\" \/>\n<meta property=\"og:locale\" content=\"fi_FI\" \/>\n<meta property=\"og:type\" content=\"article\" \/>\n<meta property=\"og:title\" content=\"Blogitekstej\u00e4 ja lausuntoja - Hyvinvointioikeuden keskus\" \/>\n<meta property=\"og:description\" content=\"Juhlavuoden 2023 blogikirjoitusten sarja Oikeutta kohtuudella -blogissa: H\u00f6lm\u00f6l\u00e4isen peiton jatkamista ovat vanhustenhuollon s\u00e4\u00e4st\u00f6toimet Vammaisten henkil\u00f6iden oikeudet hyvinvointioikeuden tutkimuksessa \u201dVarjoja Paratiisissa? Muistisairaan ihmisen oikeuksien toteutuminen hyvinvointivaltiossa\u201d -hankkeen menetelm\u00e4llinen moninaisuus Hyvinvointioikeuden p\u00e4iv\u00e4t opetus- ja tutkimusavustajan n\u00e4k\u00f6kulmasta Hyvinvointioikeutta opiskelemassa Viisi vuotta eik\u00e4 suotta! Hyvinvointioikeuden keskus on yhdess\u00e4 tekemisen voimaa Reflections on Skiing, Caring and Exercising *** Tieteidenv\u00e4list\u00e4 vuoropuhelua [&hellip;]\" \/>\n<meta property=\"og:url\" content=\"https:\/\/sites.uef.fi\/hyvinvointioikeus\/blogiteksteja-ja-lausuntoja\/\" \/>\n<meta property=\"og:site_name\" content=\"Hyvinvointioikeuden keskus\" \/>\n<meta property=\"article:modified_time\" content=\"2023-10-02T10:49:17+00:00\" \/>\n<meta name=\"twitter:card\" content=\"summary_large_image\" \/>\n<meta name=\"twitter:label1\" content=\"Arvioitu lukuaika\" \/>\n\t<meta name=\"twitter:data1\" content=\"1 minuutti\" \/>\n<script type=\"application\/ld+json\" class=\"yoast-schema-graph\">{\"@context\":\"https:\/\/schema.org\",\"@graph\":[{\"@type\":\"WebPage\",\"@id\":\"https:\/\/sites.uef.fi\/hyvinvointioikeus\/blogiteksteja-ja-lausuntoja\/\",\"url\":\"https:\/\/sites.uef.fi\/hyvinvointioikeus\/blogiteksteja-ja-lausuntoja\/\",\"name\":\"Blogitekstej\u00e4 ja lausuntoja - Hyvinvointioikeuden keskus\",\"isPartOf\":{\"@id\":\"https:\/\/sites.uef.fi\/hyvinvointioikeus\/#website\"},\"datePublished\":\"2020-09-08T07:10:47+00:00\",\"dateModified\":\"2023-10-02T10:49:17+00:00\",\"breadcrumb\":{\"@id\":\"https:\/\/sites.uef.fi\/hyvinvointioikeus\/blogiteksteja-ja-lausuntoja\/#breadcrumb\"},\"inLanguage\":\"fi\",\"potentialAction\":[{\"@type\":\"ReadAction\",\"target\":[\"https:\/\/sites.uef.fi\/hyvinvointioikeus\/blogiteksteja-ja-lausuntoja\/\"]}]},{\"@type\":\"BreadcrumbList\",\"@id\":\"https:\/\/sites.uef.fi\/hyvinvointioikeus\/blogiteksteja-ja-lausuntoja\/#breadcrumb\",\"itemListElement\":[{\"@type\":\"ListItem\",\"position\":1,\"name\":\"Home\",\"item\":\"https:\/\/sites.uef.fi\/hyvinvointioikeus\/\"},{\"@type\":\"ListItem\",\"position\":2,\"name\":\"Blogitekstej\u00e4 ja lausuntoja\"}]},{\"@type\":\"WebSite\",\"@id\":\"https:\/\/sites.uef.fi\/hyvinvointioikeus\/#website\",\"url\":\"https:\/\/sites.uef.fi\/hyvinvointioikeus\/\",\"name\":\"Hyvinvointioikeuden keskus\",\"description\":\"\",\"potentialAction\":[{\"@type\":\"SearchAction\",\"target\":{\"@type\":\"EntryPoint\",\"urlTemplate\":\"https:\/\/sites.uef.fi\/hyvinvointioikeus\/?s={search_term_string}\"},\"query-input\":{\"@type\":\"PropertyValueSpecification\",\"valueRequired\":true,\"valueName\":\"search_term_string\"}}],\"inLanguage\":\"fi\"}]}<\/script>\n<!-- \/ Yoast SEO plugin. -->","yoast_head_json":{"title":"Blogitekstej\u00e4 ja lausuntoja - Hyvinvointioikeuden keskus","robots":{"index":"index","follow":"follow","max-snippet":"max-snippet:-1","max-image-preview":"max-image-preview:large","max-video-preview":"max-video-preview:-1"},"canonical":"https:\/\/sites.uef.fi\/hyvinvointioikeus\/blogiteksteja-ja-lausuntoja\/","og_locale":"fi_FI","og_type":"article","og_title":"Blogitekstej\u00e4 ja lausuntoja - Hyvinvointioikeuden keskus","og_description":"Juhlavuoden 2023 blogikirjoitusten sarja Oikeutta kohtuudella -blogissa: H\u00f6lm\u00f6l\u00e4isen peiton jatkamista ovat vanhustenhuollon s\u00e4\u00e4st\u00f6toimet Vammaisten henkil\u00f6iden oikeudet hyvinvointioikeuden tutkimuksessa \u201dVarjoja Paratiisissa? Muistisairaan ihmisen oikeuksien toteutuminen hyvinvointivaltiossa\u201d -hankkeen menetelm\u00e4llinen moninaisuus Hyvinvointioikeuden p\u00e4iv\u00e4t opetus- ja tutkimusavustajan n\u00e4k\u00f6kulmasta Hyvinvointioikeutta opiskelemassa Viisi vuotta eik\u00e4 suotta! Hyvinvointioikeuden keskus on yhdess\u00e4 tekemisen voimaa Reflections on Skiing, Caring and Exercising *** Tieteidenv\u00e4list\u00e4 vuoropuhelua [&hellip;]","og_url":"https:\/\/sites.uef.fi\/hyvinvointioikeus\/blogiteksteja-ja-lausuntoja\/","og_site_name":"Hyvinvointioikeuden keskus","article_modified_time":"2023-10-02T10:49:17+00:00","twitter_card":"summary_large_image","twitter_misc":{"Arvioitu lukuaika":"1 minuutti"},"schema":{"@context":"https:\/\/schema.org","@graph":[{"@type":"WebPage","@id":"https:\/\/sites.uef.fi\/hyvinvointioikeus\/blogiteksteja-ja-lausuntoja\/","url":"https:\/\/sites.uef.fi\/hyvinvointioikeus\/blogiteksteja-ja-lausuntoja\/","name":"Blogitekstej\u00e4 ja lausuntoja - Hyvinvointioikeuden keskus","isPartOf":{"@id":"https:\/\/sites.uef.fi\/hyvinvointioikeus\/#website"},"datePublished":"2020-09-08T07:10:47+00:00","dateModified":"2023-10-02T10:49:17+00:00","breadcrumb":{"@id":"https:\/\/sites.uef.fi\/hyvinvointioikeus\/blogiteksteja-ja-lausuntoja\/#breadcrumb"},"inLanguage":"fi","potentialAction":[{"@type":"ReadAction","target":["https:\/\/sites.uef.fi\/hyvinvointioikeus\/blogiteksteja-ja-lausuntoja\/"]}]},{"@type":"BreadcrumbList","@id":"https:\/\/sites.uef.fi\/hyvinvointioikeus\/blogiteksteja-ja-lausuntoja\/#breadcrumb","itemListElement":[{"@type":"ListItem","position":1,"name":"Home","item":"https:\/\/sites.uef.fi\/hyvinvointioikeus\/"},{"@type":"ListItem","position":2,"name":"Blogitekstej\u00e4 ja lausuntoja"}]},{"@type":"WebSite","@id":"https:\/\/sites.uef.fi\/hyvinvointioikeus\/#website","url":"https:\/\/sites.uef.fi\/hyvinvointioikeus\/","name":"Hyvinvointioikeuden keskus","description":"","potentialAction":[{"@type":"SearchAction","target":{"@type":"EntryPoint","urlTemplate":"https:\/\/sites.uef.fi\/hyvinvointioikeus\/?s={search_term_string}"},"query-input":{"@type":"PropertyValueSpecification","valueRequired":true,"valueName":"search_term_string"}}],"inLanguage":"fi"}]}},"_links":{"self":[{"href":"https:\/\/sites.uef.fi\/hyvinvointioikeus\/wp-json\/wp\/v2\/pages\/339","targetHints":{"allow":["GET"]}}],"collection":[{"href":"https:\/\/sites.uef.fi\/hyvinvointioikeus\/wp-json\/wp\/v2\/pages"}],"about":[{"href":"https:\/\/sites.uef.fi\/hyvinvointioikeus\/wp-json\/wp\/v2\/types\/page"}],"author":[{"embeddable":true,"href":"https:\/\/sites.uef.fi\/hyvinvointioikeus\/wp-json\/wp\/v2\/users\/253"}],"replies":[{"embeddable":true,"href":"https:\/\/sites.uef.fi\/hyvinvointioikeus\/wp-json\/wp\/v2\/comments?post=339"}],"version-history":[{"count":3,"href":"https:\/\/sites.uef.fi\/hyvinvointioikeus\/wp-json\/wp\/v2\/pages\/339\/revisions"}],"predecessor-version":[{"id":2405,"href":"https:\/\/sites.uef.fi\/hyvinvointioikeus\/wp-json\/wp\/v2\/pages\/339\/revisions\/2405"}],"wp:attachment":[{"href":"https:\/\/sites.uef.fi\/hyvinvointioikeus\/wp-json\/wp\/v2\/media?parent=339"}],"curies":[{"name":"wp","href":"https:\/\/api.w.org\/{rel}","templated":true}]}}