{"id":587,"date":"2021-04-07T08:11:47","date_gmt":"2021-04-07T05:11:47","guid":{"rendered":"https:\/\/sites.uef.fi\/hyvinvointioikeus\/?page_id=587"},"modified":"2024-04-11T10:11:08","modified_gmt":"2024-04-11T07:11:08","slug":"koulutus","status":"publish","type":"page","link":"https:\/\/sites.uef.fi\/hyvinvointioikeus\/koulutus\/","title":{"rendered":"HYVINVOINTIOIKEUDEN KOULUTUS"},"content":{"rendered":"<h2>HYVINVOINTIOIKEUDEN OPINNOT<strong><br \/>\n<\/strong><\/h2>\n<p>It\u00e4-Suomen yliopisto on ainoa yliopisto Suomessa, jossa voi valita hyvinvointioikeuden p\u00e4\u00e4aineeksi. Hyvinvointioikeuden voi valita hallintotieteiden kandidaatin (HTK) ja maisterin (HTM) <a href=\"https:\/\/www.uef.fi\/fi\/koulutus\/julkisoikeus\">julkisoikeuden tutkintojen<\/a> p\u00e4\u00e4aineeksi. Hyvinvointioikeuden opinnot koostuvat perusopinnoista (25 op) ja aineopinnoista (35 op).<\/p>\n<p>It\u00e4-Suomen yliopiston vapaan sivuaineoikeuden vuoksi hyvinvointioikeuden voi my\u00f6s valita vapaasti eri kandidaatin ja maisterin tutkintojen sivuaineeksi.<\/p>\n<p><strong>Millaista on hyvinvointioikeuden opiskelu?<\/strong><\/p>\n<p>Hyvinvointioikeus vastaa ajankohtaisiin yhteiskunnallisiin, lains\u00e4\u00e4d\u00e4nn\u00f6llisiin ja yksil\u00f6n hyvinvointiin liittyviin monialaisiin oikeudellisiin kysymyksiin. Hyvinvointioikeus oppiaineena yhdist\u00e4\u00e4 erilaisia yksil\u00f6n hyvinvointiin el\u00e4m\u00e4nkaaren eri vaiheissa liittyvi\u00e4 oikeudellisia kysymyksi\u00e4. Se kiinnittyy useampaan oikeudenalaan ja hyvinvointioikeudelliset kysymykset usein my\u00f6s leikkaavat julkis- ja yksityisoikeuden rajapinnan.<\/p>\n<p>Hyvinvointioikeudessa korostuu monitieteisyys ja -menetelm\u00e4isyys ja oppiaineessa panostetaan monitieteiseen verkottumiseen. Hyvinvointioikeudessa hy\u00f6dynnet\u00e4\u00e4n lainopin lis\u00e4ksi vahvasti my\u00f6s muita metodeja \u2013 kuten m\u00e4\u00e4r\u00e4llisen ja laadullisen empiirisen tutkimuksen menetelmi\u00e4. Oppiaineessa luodaan kattava kuva erilaisista s\u00e4\u00e4ntelymekanismeista ja niiden taustalla vaikuttavista periaatteista, joilla pyrit\u00e4\u00e4n edist\u00e4m\u00e4\u00e4n yksil\u00f6iden hyvinvointia ja oikeuksien toteutumista yhteiskunnassa. Opintojen my\u00f6t\u00e4 opiskelija saa valmiudet ymm\u00e4rt\u00e4\u00e4 sosiaalisten, taloudellisten ja sivistyksellisten oikeuksien turvaamismekanismeja ja toisaalta arvioida hyvinvointij\u00e4rjestelm\u00e4mme mahdollisia kehitt\u00e4mistarpeita.<\/p>\n<p>Hyvinvointioikeuden p\u00e4\u00e4aineopiskelijan on mahdollista tehd\u00e4 pro gradu -tutkielmansa useammassa eri graduryhm\u00e4ss\u00e4 aihevalintansa mukaisesti (sosiaali- ja vanhuusoikeus, lapsi- ja koulutusoikeus, ty\u00f6oikeus).<\/p>\n<p><strong>Mit\u00e4 valmiuksia hyvinvointioikeuden opinnoista saa?<\/strong><\/p>\n<p>Hyvinvointioikeuden valitseminen p\u00e4\u00e4aineeksi ei sulje pois perinteisi\u00e4 ty\u00f6llistymisvaihtoehtoja, vaan avaa niiden lis\u00e4ksi uusia mahdollisuuksia tarjotessaan laaja-alaista ymm\u00e4rryst\u00e4 hyvinvointiin liittyvist\u00e4 yhteiskunnallisista kysymyksist\u00e4. Koska hyvinvointioikeus keskittyy yksil\u00f6n ja ryhmien hyvinvointiin kohdistuvaan oikeuteen ja tarkastelee hyvinvointivaltion mekanismeja, joilla vahvistetaan heikommassa asemassa olevien oikeuksia, antaa oppiaine valmiuksia hyvin erilaisiin asiantuntijateht\u00e4viin. Hyvinvointioikeuteen suuntautunut juridiikan osaaja voi toimia esimerkiksi valtion, kuntien, yritysten, oppilaitosten ja j\u00e4rjest\u00f6jen asiantuntijateht\u00e4viss\u00e4 esimerkiksi tutkijoina, suunnittelijoina, johtajina, kouluttajina ja muina asiantuntijoina.<\/p>\n<p>Monialaisuus ja monimenetelm\u00e4isyys lis\u00e4\u00e4 opiskelijan valmiuksia toimia erilaisissa kokonaisuuksien hallintaa ja verkottumista vaativissa teht\u00e4viss\u00e4. Opetuksen tiivis yhteys Hyvinvointioikeuden keskuksessa teht\u00e4v\u00e4\u00e4n tutkimukseen tarjoaa opiskelijalle mahdollisuuksia jo opintojen aikana ymm\u00e4rt\u00e4\u00e4 tieteellisen tarkastelun merkityst\u00e4 tietoon perustuvassa toiminnassa ja p\u00e4\u00e4t\u00f6ksenteossa ty\u00f6el\u00e4m\u00e4ss\u00e4.<\/p>\n<p><strong>Tohtoriksi hyvinvointioikeudesta?<\/strong><\/p>\n<p>Hyvinvointioikeudessa voi tehd\u00e4 moninaista tutkimusta yli tieteenalarajojen ja erilaisilla tutkimusmetodeilla. Perustutkinnon suorittamisen j\u00e4lkeen on mahdollista tehd\u00e4 hyvinvointioikeuden jatko-opintoja\u00a0 osana Hyvinvointioikeuden keskusta. Hyvinvointioikeuden v\u00e4it\u00f6skirjatutkijoille tarjotaan aktiivista tukea integroimalla heid\u00e4t mukaan hyvinvointioikeuden keskuksen toimintaan sek\u00e4 mm. s\u00e4\u00e4nn\u00f6llisesti kokoontuvan hyvinvointioikeuden jatko-opintoseminaarin muodossa.<\/p>\n<p>Hyvinvointioikeuden voi valita <a href=\"https:\/\/www.uef.fi\/fi\/koulutus\/oikeustieteiden-tohtoriohjelma\">oikeustieteiden tohtoriohjelmassa<\/a> p\u00e4\u00e4aineeksi.<\/p>\n<p><strong>Lis\u00e4tietoja hyvinvointioikeuden opetuksesta:<\/strong> yliopisto-opettaja Heidi Vanjusov, heidi.vanjusov@uef.fi<\/p>\n","protected":false},"excerpt":{"rendered":"<p>HYVINVOINTIOIKEUDEN OPINNOT It\u00e4-Suomen yliopisto on ainoa yliopisto Suomessa, jossa voi valita hyvinvointioikeuden p\u00e4\u00e4aineeksi. Hyvinvointioikeuden voi valita hallintotieteiden kandidaatin (HTK) ja maisterin (HTM) julkisoikeuden tutkintojen p\u00e4\u00e4aineeksi. Hyvinvointioikeuden opinnot koostuvat perusopinnoista (25 op) ja aineopinnoista (35 op). It\u00e4-Suomen yliopiston vapaan sivuaineoikeuden vuoksi hyvinvointioikeuden voi my\u00f6s valita vapaasti eri kandidaatin ja maisterin tutkintojen sivuaineeksi. Millaista on hyvinvointioikeuden opiskelu? [&hellip;]<\/p>\n","protected":false},"author":253,"featured_media":0,"parent":0,"menu_order":0,"comment_status":"closed","ping_status":"closed","template":"","meta":{"_acf_changed":false,"footnotes":""},"class_list":["post-587","page","type-page","status-publish","hentry"],"acf":[],"yoast_head":"<!-- This site is optimized with the Yoast SEO plugin v27.3 - https:\/\/yoast.com\/product\/yoast-seo-wordpress\/ -->\n<title>HYVINVOINTIOIKEUDEN KOULUTUS - Hyvinvointioikeuden keskus<\/title>\n<meta name=\"robots\" content=\"index, follow, max-snippet:-1, max-image-preview:large, max-video-preview:-1\" \/>\n<link rel=\"canonical\" href=\"https:\/\/sites.uef.fi\/hyvinvointioikeus\/koulutus\/\" \/>\n<meta property=\"og:locale\" content=\"fi_FI\" \/>\n<meta property=\"og:type\" content=\"article\" \/>\n<meta property=\"og:title\" content=\"HYVINVOINTIOIKEUDEN KOULUTUS - Hyvinvointioikeuden keskus\" \/>\n<meta property=\"og:description\" content=\"HYVINVOINTIOIKEUDEN OPINNOT It\u00e4-Suomen yliopisto on ainoa yliopisto Suomessa, jossa voi valita hyvinvointioikeuden p\u00e4\u00e4aineeksi. Hyvinvointioikeuden voi valita hallintotieteiden kandidaatin (HTK) ja maisterin (HTM) julkisoikeuden tutkintojen p\u00e4\u00e4aineeksi. Hyvinvointioikeuden opinnot koostuvat perusopinnoista (25 op) ja aineopinnoista (35 op). It\u00e4-Suomen yliopiston vapaan sivuaineoikeuden vuoksi hyvinvointioikeuden voi my\u00f6s valita vapaasti eri kandidaatin ja maisterin tutkintojen sivuaineeksi. Millaista on hyvinvointioikeuden opiskelu? [&hellip;]\" \/>\n<meta property=\"og:url\" content=\"https:\/\/sites.uef.fi\/hyvinvointioikeus\/koulutus\/\" \/>\n<meta property=\"og:site_name\" content=\"Hyvinvointioikeuden keskus\" \/>\n<meta property=\"article:modified_time\" content=\"2024-04-11T07:11:08+00:00\" \/>\n<meta name=\"twitter:card\" content=\"summary_large_image\" \/>\n<meta name=\"twitter:label1\" content=\"Arvioitu lukuaika\" \/>\n\t<meta name=\"twitter:data1\" content=\"2 minuuttia\" \/>\n<script type=\"application\/ld+json\" class=\"yoast-schema-graph\">{\"@context\":\"https:\\\/\\\/schema.org\",\"@graph\":[{\"@type\":\"WebPage\",\"@id\":\"https:\\\/\\\/sites.uef.fi\\\/hyvinvointioikeus\\\/koulutus\\\/\",\"url\":\"https:\\\/\\\/sites.uef.fi\\\/hyvinvointioikeus\\\/koulutus\\\/\",\"name\":\"HYVINVOINTIOIKEUDEN KOULUTUS - Hyvinvointioikeuden keskus\",\"isPartOf\":{\"@id\":\"https:\\\/\\\/sites.uef.fi\\\/hyvinvointioikeus\\\/#website\"},\"datePublished\":\"2021-04-07T05:11:47+00:00\",\"dateModified\":\"2024-04-11T07:11:08+00:00\",\"breadcrumb\":{\"@id\":\"https:\\\/\\\/sites.uef.fi\\\/hyvinvointioikeus\\\/koulutus\\\/#breadcrumb\"},\"inLanguage\":\"fi\",\"potentialAction\":[{\"@type\":\"ReadAction\",\"target\":[\"https:\\\/\\\/sites.uef.fi\\\/hyvinvointioikeus\\\/koulutus\\\/\"]}]},{\"@type\":\"BreadcrumbList\",\"@id\":\"https:\\\/\\\/sites.uef.fi\\\/hyvinvointioikeus\\\/koulutus\\\/#breadcrumb\",\"itemListElement\":[{\"@type\":\"ListItem\",\"position\":1,\"name\":\"Home\",\"item\":\"https:\\\/\\\/sites.uef.fi\\\/hyvinvointioikeus\\\/\"},{\"@type\":\"ListItem\",\"position\":2,\"name\":\"HYVINVOINTIOIKEUDEN KOULUTUS\"}]},{\"@type\":\"WebSite\",\"@id\":\"https:\\\/\\\/sites.uef.fi\\\/hyvinvointioikeus\\\/#website\",\"url\":\"https:\\\/\\\/sites.uef.fi\\\/hyvinvointioikeus\\\/\",\"name\":\"Hyvinvointioikeuden keskus\",\"description\":\"\",\"potentialAction\":[{\"@type\":\"SearchAction\",\"target\":{\"@type\":\"EntryPoint\",\"urlTemplate\":\"https:\\\/\\\/sites.uef.fi\\\/hyvinvointioikeus\\\/?s={search_term_string}\"},\"query-input\":{\"@type\":\"PropertyValueSpecification\",\"valueRequired\":true,\"valueName\":\"search_term_string\"}}],\"inLanguage\":\"fi\"}]}<\/script>\n<!-- \/ Yoast SEO plugin. -->","yoast_head_json":{"title":"HYVINVOINTIOIKEUDEN KOULUTUS - Hyvinvointioikeuden keskus","robots":{"index":"index","follow":"follow","max-snippet":"max-snippet:-1","max-image-preview":"max-image-preview:large","max-video-preview":"max-video-preview:-1"},"canonical":"https:\/\/sites.uef.fi\/hyvinvointioikeus\/koulutus\/","og_locale":"fi_FI","og_type":"article","og_title":"HYVINVOINTIOIKEUDEN KOULUTUS - Hyvinvointioikeuden keskus","og_description":"HYVINVOINTIOIKEUDEN OPINNOT It\u00e4-Suomen yliopisto on ainoa yliopisto Suomessa, jossa voi valita hyvinvointioikeuden p\u00e4\u00e4aineeksi. Hyvinvointioikeuden voi valita hallintotieteiden kandidaatin (HTK) ja maisterin (HTM) julkisoikeuden tutkintojen p\u00e4\u00e4aineeksi. Hyvinvointioikeuden opinnot koostuvat perusopinnoista (25 op) ja aineopinnoista (35 op). It\u00e4-Suomen yliopiston vapaan sivuaineoikeuden vuoksi hyvinvointioikeuden voi my\u00f6s valita vapaasti eri kandidaatin ja maisterin tutkintojen sivuaineeksi. Millaista on hyvinvointioikeuden opiskelu? [&hellip;]","og_url":"https:\/\/sites.uef.fi\/hyvinvointioikeus\/koulutus\/","og_site_name":"Hyvinvointioikeuden keskus","article_modified_time":"2024-04-11T07:11:08+00:00","twitter_card":"summary_large_image","twitter_misc":{"Arvioitu lukuaika":"2 minuuttia"},"schema":{"@context":"https:\/\/schema.org","@graph":[{"@type":"WebPage","@id":"https:\/\/sites.uef.fi\/hyvinvointioikeus\/koulutus\/","url":"https:\/\/sites.uef.fi\/hyvinvointioikeus\/koulutus\/","name":"HYVINVOINTIOIKEUDEN KOULUTUS - Hyvinvointioikeuden keskus","isPartOf":{"@id":"https:\/\/sites.uef.fi\/hyvinvointioikeus\/#website"},"datePublished":"2021-04-07T05:11:47+00:00","dateModified":"2024-04-11T07:11:08+00:00","breadcrumb":{"@id":"https:\/\/sites.uef.fi\/hyvinvointioikeus\/koulutus\/#breadcrumb"},"inLanguage":"fi","potentialAction":[{"@type":"ReadAction","target":["https:\/\/sites.uef.fi\/hyvinvointioikeus\/koulutus\/"]}]},{"@type":"BreadcrumbList","@id":"https:\/\/sites.uef.fi\/hyvinvointioikeus\/koulutus\/#breadcrumb","itemListElement":[{"@type":"ListItem","position":1,"name":"Home","item":"https:\/\/sites.uef.fi\/hyvinvointioikeus\/"},{"@type":"ListItem","position":2,"name":"HYVINVOINTIOIKEUDEN KOULUTUS"}]},{"@type":"WebSite","@id":"https:\/\/sites.uef.fi\/hyvinvointioikeus\/#website","url":"https:\/\/sites.uef.fi\/hyvinvointioikeus\/","name":"Hyvinvointioikeuden keskus","description":"","potentialAction":[{"@type":"SearchAction","target":{"@type":"EntryPoint","urlTemplate":"https:\/\/sites.uef.fi\/hyvinvointioikeus\/?s={search_term_string}"},"query-input":{"@type":"PropertyValueSpecification","valueRequired":true,"valueName":"search_term_string"}}],"inLanguage":"fi"}]}},"_links":{"self":[{"href":"https:\/\/sites.uef.fi\/hyvinvointioikeus\/wp-json\/wp\/v2\/pages\/587","targetHints":{"allow":["GET"]}}],"collection":[{"href":"https:\/\/sites.uef.fi\/hyvinvointioikeus\/wp-json\/wp\/v2\/pages"}],"about":[{"href":"https:\/\/sites.uef.fi\/hyvinvointioikeus\/wp-json\/wp\/v2\/types\/page"}],"author":[{"embeddable":true,"href":"https:\/\/sites.uef.fi\/hyvinvointioikeus\/wp-json\/wp\/v2\/users\/253"}],"replies":[{"embeddable":true,"href":"https:\/\/sites.uef.fi\/hyvinvointioikeus\/wp-json\/wp\/v2\/comments?post=587"}],"version-history":[{"count":1,"href":"https:\/\/sites.uef.fi\/hyvinvointioikeus\/wp-json\/wp\/v2\/pages\/587\/revisions"}],"predecessor-version":[{"id":3121,"href":"https:\/\/sites.uef.fi\/hyvinvointioikeus\/wp-json\/wp\/v2\/pages\/587\/revisions\/3121"}],"wp:attachment":[{"href":"https:\/\/sites.uef.fi\/hyvinvointioikeus\/wp-json\/wp\/v2\/media?parent=587"}],"curies":[{"name":"wp","href":"https:\/\/api.w.org\/{rel}","templated":true}]}}