{"id":868,"date":"2021-10-06T15:35:01","date_gmt":"2021-10-06T12:35:01","guid":{"rendered":"https:\/\/sites.uef.fi\/hyvinvointioikeus\/?page_id=868"},"modified":"2024-04-11T10:11:47","modified_gmt":"2024-04-11T07:11:47","slug":"tutkimushankkeita","status":"publish","type":"page","link":"https:\/\/sites.uef.fi\/hyvinvointioikeus\/tutkimushankkeita\/","title":{"rendered":"Tutkimushankkeita"},"content":{"rendered":"<h2>Hyvinvointioikeuden keskus on mukana\u00a0 \u00a0useissa tutkimushankkeissa,\u00a0 \u00a0 \u00a0 \u00a0 \u00a0 \u00a0 \u00a0 \u00a0 \u00a0 \u00a0 \u00a0 \u00a0 \u00a0 \u00a0 \u00a0 joita on esitelty alla.<\/h2>\n<p><a href=\"https:\/\/uefconnect.uef.fi\/tutkimusryhma\/marginalisoitujen-ryhmien-oikeudensaantimahdollisuudet-ikaantyvassa-yhteiskunnassa\/\"><strong>Marginalisoitujen ryhmien oikeudensaantimahdollisuudet ik\u00e4\u00e4ntyv\u00e4ss\u00e4 yhteiskunnassa<\/strong><\/a> <strong>(AMIS, 2023-2027). <\/strong>Tutkimushankkeessa tavoitteena on luoda kokonaisvaltainen kuva marginalisoitujen ik\u00e4\u00e4ntyvien ryhmien oikeudellisista tarpeita, ongelmista ja oikeudensaantimahdollisuuksista heid\u00e4n arkiel\u00e4m\u00e4ss\u00e4\u00e4n. Haavoittuvuutta, toimijuutta, toimintakyky\u00e4 ja autonomiaa analysoidaan oikeudensaantimahdollisuuksien n\u00e4k\u00f6kulmasta. Yhteiskunnallisena tavoitteena on kasvattaa ymm\u00e4rryst\u00e4 marginalisoitujen ik\u00e4\u00e4ntyneiden oikeudensaantimahdollisuuksista ja heid\u00e4n oikeuksiensa toteutumisesta hyvinvointivaltiossa. Hankkeessa on viisi ty\u00f6pakettia: WP1 Ik\u00e4\u00e4ntyvien hyv\u00e4ksik\u00e4ytt\u00f6, WP2 P\u00e4ihteit\u00e4 ongelmallisesti k\u00e4ytt\u00e4v\u00e4t tai p\u00e4ihderiippuvaiset ik\u00e4\u00e4ntyneet, WP3 Mielenterveyden haasteita kokevat ik\u00e4\u00e4ntyneet, WP4 Sukupuoli- ja seksuaaliv\u00e4hemmist\u00f6ihin kuuluvat ik\u00e4\u00e4ntyneet ja WP5 Ik\u00e4\u00e4ntyneet maahanmuuttajat. Tutkimushankkeessa k\u00e4ytet\u00e4\u00e4n niin kvantitatiivisia kuin kvalitatiivisiakin aineistoja sek\u00e4 tehd\u00e4\u00e4n teoreettista oikeudellista analyysia ja kirjallisuuskatsauksia. Lis\u00e4tietoja kaijus.ervasti@uef.fi<\/p>\n<p><strong>EDUPA VN TEAS -hanke 2023-2024<\/strong>. Tutkimushankkeen tavoitteena on selvitt\u00e4\u00e4, kuinka edunvalvonnan asiakkaiden oikeudet toteutuvat nykyisess\u00e4 palveluj\u00e4rjestelm\u00e4ss\u00e4, kuinka palvelurakenne on muuttunut viime vuosina ja millaisia eroja edunvalvontapalveluissa on alueellisesti havaittavissa. Tutkimuksessa ker\u00e4t\u00e4\u00e4n tietoa useilta eri toimijoilta, kuten edunvalvonnan p\u00e4\u00e4miehilt\u00e4, p\u00e4\u00e4miesten omaisilta, edunvalvontaj\u00e4rjest\u00f6ilt\u00e4 sek\u00e4 viranomaisilta. Tiedonkeruumenetelmin\u00e4 k\u00e4ytet\u00e4\u00e4n haastattelua, kysely\u00e4, tapaustutkimusta sek\u00e4 n\u00e4iden lis\u00e4ksi hy\u00f6dynnet\u00e4\u00e4n olemassa olevia rekisteri- ja tilastoaineistoja. Tutkimushankkeen rahoittaa valtioneuvoston kanslia ja sen toteuttaa Owal Group Oy yhteisty\u00f6ss\u00e4 It\u00e4-Suomen yliopiston Hyvinvointioikeuden keskuksen kanssa. Lis\u00e4tietoja henna.nikumaa@uef.fi<\/p>\n<p><a href=\"https:\/\/uefconnect.uef.fi\/tutkimusryhma\/vammaisuus-ja-ihmisarvo\/\"><strong>Disability &amp; Dignity<\/strong><\/a><strong> (2021-2025).<\/strong> Tutkimushankkeessa analysoidaan vammaisuuden ja ihmisarvon k\u00e4sitteit\u00e4 filosofisesti, tutkitaan ihmisarvon oikeudellista perustaa sek\u00e4 tarkastellaan empiirisesti vammaisten ihmisten ja heid\u00e4n l\u00e4heistens\u00e4 kokemuksia ihmisarvon toteutumisesta. Vastauksia haetaan kysymykseen, miten vammaisten ihmisten ihmisarvosta s\u00e4\u00e4det\u00e4\u00e4n Suomen lains\u00e4\u00e4d\u00e4nn\u00f6ss\u00e4 ja miten t\u00e4m\u00e4 heijastuu heid\u00e4n el\u00e4m\u00e4\u00e4ns\u00e4. Hanketta rahoittaa Suomen Akatemia. Hanketta johtaa Hyvinvointioikeuden keskuksesta professori Eeva\u00a0 Nyk\u00e4nen. Lis\u00e4tietoja: eeva.nykanen@uef.fi<\/p>\n<p><strong><a href=\"https:\/\/uefconnect.uef.fi\/tutkimusryhma\/hyvinvoinnin-turvaaminen-pandemia-aikoina\/\">Hyvinvoinnin turvaaminen pandemia aikoina<\/a><\/strong> <strong>(WELGO).<\/strong> Hankkeen \u201dHyvinvoinnin turvaaminen pandemia-aikoina: kohti syndemioiden yhteisty\u00f6h\u00f6n perustuvaa hallintaa\u201d tarkoituksena on kehitt\u00e4\u00e4 kest\u00e4vi\u00e4 ratkaisuja hyvinvoinnin turvaamiseksi tulevaisuuden terveyskriiseiss\u00e4 koronapandemian hallinnasta saatujen kokemusten pohjalta. Hankkeen l\u00e4ht\u00f6kohtana ovat syndemiat, joilla viitataan erilaisten ongelmien, kuten terveydellisten, taloudellisten ja sosiaalisten ongelmien yhteen kietoutumiseen pandemian kaltaisissa kriiseiss\u00e4. \u00a0WELGO:n tarkoituksena on kehitt\u00e4\u00e4, levitt\u00e4\u00e4 ja vakiinnuttaa yhteiskunnallisia oppimispolkuja, jotka lis\u00e4\u00e4v\u00e4t ymm\u00e4rryst\u00e4 syndemioiden luonteesta, kykyj\u00e4 kehitt\u00e4\u00e4 terveyskriisien hallintaa tietoisesti sek\u00e4 uutta yhteisty\u00f6osaamista ja toimintakyky\u00e4 ketter\u00e4\u00e4n ja sopeutuvaan kriisienhallintaan. Hanke k\u00e4ynnistyi syksyll\u00e4 2021 Helsingin yliopiston, It\u00e4-Suomen yliopiston, Tampereen yliopiston, Vaasan yliopiston, THL:n ja Demos Helsingin yhteisty\u00f6n\u00e4. Hankkeessa on mukana politiikan tutkijoita, sosiaality\u00f6n tutkijoita, sosiaalipsykologeja, oikeustieteilij\u00f6it\u00e4 ja muita yhteiskuntatieteilij\u00f6it\u00e4.\u00a0 Hanketta rahoittaa Strategisen tutkimuksen neuvosto. It\u00e4-Suomen yliopistosta johdetaan yht\u00e4 hankkeeseen sis\u00e4ltyv\u00e4\u00e4 ty\u00f6pakettia, joka keskittyy luottamukseen, legitimiteettiin ja oikeudenmukaisuuteen. It\u00e4-Suomen yliopiston tutkijaryhm\u00e4 keskittyy ty\u00f6paketissa erityisesti ik\u00e4\u00e4ntyvien ja muistisairaiden ihmisten oikeudensaantimahdollisuuksiin pandemia-aikana.\u00a0 T\u00e4t\u00e4 kysymyst\u00e4 selvitet\u00e4\u00e4n muun muassa haastatteluiden ja kyselyiden avulla.\u00a0 Hankkeessa hy\u00f6dynnet\u00e4\u00e4n my\u00f6s kanssatutkijuus-menetelm\u00e4\u00e4 (co-research, tutkimuskumppanuus). Lis\u00e4tietoja: kaijus.ervasti@uef.fi<\/p>\n<p><a href=\"https:\/\/uefconnect.uef.fi\/tutkimusryhma\/merkitykselliset-relaatiot-koti-ikaantymisen-ja-kuoleman-paikkana-merela\/\"><strong>Merkitykselliset relaatiot \u2013 koti ik\u00e4\u00e4ntymisen ja kuoleman paikkana<\/strong><\/a> <strong>(#MeRela).<\/strong> Tutkimushanke \u201dMeaningful relations \u2013 patient and family carer encountering death at home\u201d (MeRela) tarkastelee ik\u00e4\u00e4ntyv\u00e4n (yli 65-vuotiaan) ja h\u00e4nen omaisensa kokemuksia ik\u00e4\u00e4ntymisest\u00e4, kuoleman kohtaamisesta sek\u00e4 kuoleman ja surun todellisuudesta kotona. Olemme hankkeessa kiinnostuneita erityisesti yksil\u00f6n ihmissuhteiden merkityksest\u00e4 kuoleman ja surun prosesseissa. Monitieteisess\u00e4 hankkeessa l\u00e4hestymme ik\u00e4\u00e4ntymisen ja kuoleman kysymyksi\u00e4 oikeustieteen, teologian, sosiaality\u00f6n, yhteiskuntapolitiikan ja hoitotieteen n\u00e4k\u00f6kulmista. Tutkimushanke toteutetaan Helsingin ja It\u00e4-Suomen yliopistojen v\u00e4lisen\u00e4 konsortiohankkeena. Hanke on saanut rahoitusta Koneen s\u00e4\u00e4ti\u00f6lt\u00e4, Suomen kulttuurirahastolta ja Oskari Huttusen s\u00e4\u00e4ti\u00f6lt\u00e4. Lis\u00e4tietoja: anna.maki-petaja-leinonen@uef.fi<\/p>\n<p><strong>Oikeutta ik\u00e4ihmisille \u2013 tarinoita ik\u00e4\u00e4ntyv\u00e4st\u00e4 Suomesta (#OITIS). <\/strong>It\u00e4-Suomen yliopiston, Helsingin yliopiston, Tampereen yliopiston ja Ihmisoikeuskeskuksen yhteisty\u00f6n\u00e4 k\u00e4ynnistettiin loppuvuodesta 2020 ik\u00e4\u00e4ntyvien (65 +) oikeudensaantimahdollisuuksiin keskittyv\u00e4 tutkimusprojekti. Kyse on yhteiskunnalliseen oikeustutkimuksen (<em>Socio-Legal Studies<\/em>) alaan kuuluvasta empiirisest\u00e4 tutkimushankkeesta, jossa on ik\u00e4\u00e4ntyvilt\u00e4 ker\u00e4tty lehti-ilmoituksilla laaja tarina-aineisto heid\u00e4n oikeusongelmistaan ja niiden ratkaisemisesta. Hankkeessa mukana on oikeustieteen, sosiologian ja gerontologisen sosiaality\u00f6n tutkijoita. Hanketta johtaa Hyvinvointioikeuden keskuksesta professori Kaijus Ervasti.\u00a0 Toisena johtajana toimii professori Anna M\u00e4ki-Pet\u00e4j\u00e4-Leinonen. Lis\u00e4tietoja: kaijus.ervasti@uef.fi<\/p>\n<p><strong>RECPHEALS (2020-2023).<\/strong> THL:n koordinoimassa konsortiohankkeessa hahmotetaan erilaisia terveydenhuoltoj\u00e4rjestelm\u00e4\u00e4n kohdistuvia uhkia sek\u00e4 arvioidaan ja kehitet\u00e4\u00e4n j\u00e4rjestelm\u00e4n kyky\u00e4 varautua niihin, hallita niit\u00e4 ja oppia niist\u00e4. Hyvinvointioikeuden keskuksen tutkijoista Pauli Rautiainen johtaa ty\u00f6pakettia, jossa kurkistetaan tulevaisuudentutkimuksen menetelmin tunnettujen kriisiskenaarioiden tuolle puolen ja analysoidaan terveydenhuoltoj\u00e4rjestelm\u00e4n kyky\u00e4 hallita erilaisia uhkia. Ty\u00f6paketin tutkijat ty\u00f6skentelev\u00e4t THL:ss\u00e4 ja Tampereen yliopistossa. Lis\u00e4tietoja: pauli.rautiainen@uef.fi<\/p>\n<p><strong><a href=\"https:\/\/uefconnect.uef.fi\/tutkimusryhma\/tyoikaisena-muistisairauteen-sairastuneiden-hanke\/\">Ty\u00f6ik\u00e4isen\u00e4 muistisairauteen sairastuneiden hanke<\/a> (#MCI_work). <\/strong>Monitieteinen tutkimushanke \u201dDementia or MCI @ work in progress\u201d (MCI@work) tarkastelee vanhuus- ja ty\u00f6oikeuden, psykologian, toimintaterapian, sosiaalipolitiikan ja teknologian n\u00e4k\u00f6kulmasta, mit\u00e4 tapahtuu, kun ty\u00f6el\u00e4m\u00e4ss\u00e4 oleva ihminen sairastuu varhaisvaiheen dementiaan tai liev\u00e4\u00e4n kognitiiviseen heikentym\u00e4\u00e4n (MCI). Hankkeessa tutkitaan, miten sairastuneet kokevat tilanteessa, hallitsevat sit\u00e4 ja miten heid\u00e4n asemansa huomioidaan lains\u00e4\u00e4d\u00e4nn\u00f6ss\u00e4. Hankkeessa luodaan ohjeita, v\u00e4lineit\u00e4 ja tekniikoita, jotka tukevat varhaisvaiheen muistisairaita ja liev\u00e4sti kognitiivisesti heikentyneit\u00e4 ty\u00f6ntekij\u00f6it\u00e4, heid\u00e4n ty\u00f6nantajiaan ja ty\u00f6yhteis\u00f6j\u00e4 sek\u00e4 koko yhteiskuntaa.\u00a0Tutkimushanke toteutetaan It\u00e4-Suomen yliopiston, Lingk\u00f6pingin yliopiston, Karoliinisen instituutin, Toronton yliopiston ja Waterloon yliopiston v\u00e4lisen\u00e4 konsortiohankkeena. Hanke on saanut rahoitusta Suomen Akatemialta (JPI MYBL, More Years Better Lives). Lis\u00e4tietoja: anna.maki-petaja-leinonen@uef.fi<\/p>\n<p><strong><a href=\"https:\/\/uefconnect.uef.fi\/tutkimusryhma\/varjoja-paratiisissa-muistisairaan-ihmisen-oikeuksien-toteutuminen-hyvinvointivaltiossa\/\">Varjoja paratiisissa \u2013 muistisairaiden ihmisten oikeudet hyvinvointivaltiossa<\/a> (#VAPA). <\/strong>Hankkeen keskeisen\u00e4 tavoitteena on saada esille muistisairaiden ihmisten oikeusongelmia ja niiden korjauskeinoja sek\u00e4 k\u00e4yd\u00e4 yhteiskunnallista keskustelua muistisairaiden ihmisten asemasta. Hanke k\u00e4ynnistyi 2022 ja sit\u00e4 rahoittaa Koneen s\u00e4\u00e4ti\u00f6. Hankkeessa yhdistyv\u00e4t tieteellinen ja taiteellinen toiminta sek\u00e4 yhteiskunnalliseen keskusteluun suuntautuva aktivismi ja ihmisl\u00e4ht\u00f6inen toiminta muistisairaiden ihmisten ja heid\u00e4n l\u00e4heistens\u00e4 kanssa. Mukana hankkeessa on sosiaalipolitiikan, sosiaalipalveluiden, sosiaalipsykologian, johtamisen, vanhusty\u00f6n, sosiologian, ihmismaantieteen, l\u00e4\u00e4ketieteen, juridiikan, journalismin, kuvataiteen ja romaanitaiteen ammattilaisia. Tarinallisuus on koko hankkeen keskeinen, kantava teema. Muistisairailta ihmisilt\u00e4 ja heid\u00e4n l\u00e4heisilt\u00e4\u00e4n pyydet\u00e4\u00e4n vapaamuotoisia tarinoita oikeusongelmista ja ongelmien ratkaisemisesta sek\u00e4 koetusta oikeudenmukaisuudesta. Lis\u00e4ksi ker\u00e4t\u00e4\u00e4n useita haastatteluaineistoja sek\u00e4 tehd\u00e4\u00e4n kysely muistisairaille ja heid\u00e4n l\u00e4heisilleen. Hankkeessa hy\u00f6dynnet\u00e4\u00e4n kanssatutkijuus -menetelm\u00e4\u00e4. Hankkeessa tutkitaan my\u00f6s tuomioistuinasiakirjojen sek\u00e4 l\u00e4\u00e4k\u00e4rien, viranomaisten ja tuomareiden haastatteluiden avulla oikeudellista toimintakyky\u00e4 ja edunvalvontaa. Lis\u00e4ksi hankkeessa k\u00e4ytet\u00e4\u00e4n taidel\u00e4ht\u00f6isi\u00e4 menetelmi\u00e4 (Art-based Research, ABR) tieteellisen tiedon tuottamiseksi. Hanketta johtaa Hyvinvointioikeuden keskuksesta professori Kaijus Ervasti.\u00a0 Toisena johtajana toimii professori Anna M\u00e4ki-Pet\u00e4j\u00e4-Leinonen. Lis\u00e4tietoja: kaijus.ervasti@uef.fi<\/p>\n<p>Tutustu <a href=\"https:\/\/sites.uef.fi\/hyvinvointioikeus\/paattyneet-tutkimushankkeet\/\">t\u00e4\u00e4ll\u00e4<\/a> jo p\u00e4\u00e4ttyneisiin tutkimushankkeisiin, joissa Hyvinvointoikeuden keskus on ollut mukana.<\/p>\n","protected":false},"excerpt":{"rendered":"<p>Hyvinvointioikeuden keskus on mukana\u00a0 \u00a0useissa tutkimushankkeissa,\u00a0 \u00a0 \u00a0 \u00a0 \u00a0 \u00a0 \u00a0 \u00a0 \u00a0 \u00a0 \u00a0 \u00a0 \u00a0 \u00a0 \u00a0 joita on esitelty alla. Marginalisoitujen ryhmien oikeudensaantimahdollisuudet ik\u00e4\u00e4ntyv\u00e4ss\u00e4 yhteiskunnassa (AMIS, 2023-2027). Tutkimushankkeessa tavoitteena on luoda kokonaisvaltainen kuva marginalisoitujen ik\u00e4\u00e4ntyvien ryhmien oikeudellisista tarpeita, ongelmista ja oikeudensaantimahdollisuuksista heid\u00e4n arkiel\u00e4m\u00e4ss\u00e4\u00e4n. Haavoittuvuutta, toimijuutta, toimintakyky\u00e4 ja autonomiaa analysoidaan oikeudensaantimahdollisuuksien n\u00e4k\u00f6kulmasta. [&hellip;]<\/p>\n","protected":false},"author":248,"featured_media":0,"parent":0,"menu_order":0,"comment_status":"closed","ping_status":"closed","template":"","meta":{"_acf_changed":false,"footnotes":""},"class_list":["post-868","page","type-page","status-publish","hentry"],"acf":[],"yoast_head":"<!-- This site is optimized with the Yoast SEO plugin v27.1.1 - https:\/\/yoast.com\/product\/yoast-seo-wordpress\/ -->\n<title>Tutkimushankkeita - Hyvinvointioikeuden keskus<\/title>\n<meta name=\"robots\" content=\"index, follow, max-snippet:-1, max-image-preview:large, max-video-preview:-1\" \/>\n<link rel=\"canonical\" href=\"https:\/\/sites.uef.fi\/hyvinvointioikeus\/tutkimushankkeita\/\" \/>\n<meta property=\"og:locale\" content=\"fi_FI\" \/>\n<meta property=\"og:type\" content=\"article\" \/>\n<meta property=\"og:title\" content=\"Tutkimushankkeita - Hyvinvointioikeuden keskus\" \/>\n<meta property=\"og:description\" content=\"Hyvinvointioikeuden keskus on mukana\u00a0 \u00a0useissa tutkimushankkeissa,\u00a0 \u00a0 \u00a0 \u00a0 \u00a0 \u00a0 \u00a0 \u00a0 \u00a0 \u00a0 \u00a0 \u00a0 \u00a0 \u00a0 \u00a0 joita on esitelty alla. Marginalisoitujen ryhmien oikeudensaantimahdollisuudet ik\u00e4\u00e4ntyv\u00e4ss\u00e4 yhteiskunnassa (AMIS, 2023-2027). Tutkimushankkeessa tavoitteena on luoda kokonaisvaltainen kuva marginalisoitujen ik\u00e4\u00e4ntyvien ryhmien oikeudellisista tarpeita, ongelmista ja oikeudensaantimahdollisuuksista heid\u00e4n arkiel\u00e4m\u00e4ss\u00e4\u00e4n. Haavoittuvuutta, toimijuutta, toimintakyky\u00e4 ja autonomiaa analysoidaan oikeudensaantimahdollisuuksien n\u00e4k\u00f6kulmasta. [&hellip;]\" \/>\n<meta property=\"og:url\" content=\"https:\/\/sites.uef.fi\/hyvinvointioikeus\/tutkimushankkeita\/\" \/>\n<meta property=\"og:site_name\" content=\"Hyvinvointioikeuden keskus\" \/>\n<meta property=\"article:modified_time\" content=\"2024-04-11T07:11:47+00:00\" \/>\n<meta name=\"twitter:card\" content=\"summary_large_image\" \/>\n<meta name=\"twitter:label1\" content=\"Arvioitu lukuaika\" \/>\n\t<meta name=\"twitter:data1\" content=\"4 minuuttia\" \/>\n<script type=\"application\/ld+json\" class=\"yoast-schema-graph\">{\"@context\":\"https:\/\/schema.org\",\"@graph\":[{\"@type\":\"WebPage\",\"@id\":\"https:\/\/sites.uef.fi\/hyvinvointioikeus\/tutkimushankkeita\/\",\"url\":\"https:\/\/sites.uef.fi\/hyvinvointioikeus\/tutkimushankkeita\/\",\"name\":\"Tutkimushankkeita - Hyvinvointioikeuden keskus\",\"isPartOf\":{\"@id\":\"https:\/\/sites.uef.fi\/hyvinvointioikeus\/#website\"},\"datePublished\":\"2021-10-06T12:35:01+00:00\",\"dateModified\":\"2024-04-11T07:11:47+00:00\",\"breadcrumb\":{\"@id\":\"https:\/\/sites.uef.fi\/hyvinvointioikeus\/tutkimushankkeita\/#breadcrumb\"},\"inLanguage\":\"fi\",\"potentialAction\":[{\"@type\":\"ReadAction\",\"target\":[\"https:\/\/sites.uef.fi\/hyvinvointioikeus\/tutkimushankkeita\/\"]}]},{\"@type\":\"BreadcrumbList\",\"@id\":\"https:\/\/sites.uef.fi\/hyvinvointioikeus\/tutkimushankkeita\/#breadcrumb\",\"itemListElement\":[{\"@type\":\"ListItem\",\"position\":1,\"name\":\"Home\",\"item\":\"https:\/\/sites.uef.fi\/hyvinvointioikeus\/\"},{\"@type\":\"ListItem\",\"position\":2,\"name\":\"Tutkimushankkeita\"}]},{\"@type\":\"WebSite\",\"@id\":\"https:\/\/sites.uef.fi\/hyvinvointioikeus\/#website\",\"url\":\"https:\/\/sites.uef.fi\/hyvinvointioikeus\/\",\"name\":\"Hyvinvointioikeuden keskus\",\"description\":\"\",\"potentialAction\":[{\"@type\":\"SearchAction\",\"target\":{\"@type\":\"EntryPoint\",\"urlTemplate\":\"https:\/\/sites.uef.fi\/hyvinvointioikeus\/?s={search_term_string}\"},\"query-input\":{\"@type\":\"PropertyValueSpecification\",\"valueRequired\":true,\"valueName\":\"search_term_string\"}}],\"inLanguage\":\"fi\"}]}<\/script>\n<!-- \/ Yoast SEO plugin. -->","yoast_head_json":{"title":"Tutkimushankkeita - Hyvinvointioikeuden keskus","robots":{"index":"index","follow":"follow","max-snippet":"max-snippet:-1","max-image-preview":"max-image-preview:large","max-video-preview":"max-video-preview:-1"},"canonical":"https:\/\/sites.uef.fi\/hyvinvointioikeus\/tutkimushankkeita\/","og_locale":"fi_FI","og_type":"article","og_title":"Tutkimushankkeita - Hyvinvointioikeuden keskus","og_description":"Hyvinvointioikeuden keskus on mukana\u00a0 \u00a0useissa tutkimushankkeissa,\u00a0 \u00a0 \u00a0 \u00a0 \u00a0 \u00a0 \u00a0 \u00a0 \u00a0 \u00a0 \u00a0 \u00a0 \u00a0 \u00a0 \u00a0 joita on esitelty alla. Marginalisoitujen ryhmien oikeudensaantimahdollisuudet ik\u00e4\u00e4ntyv\u00e4ss\u00e4 yhteiskunnassa (AMIS, 2023-2027). Tutkimushankkeessa tavoitteena on luoda kokonaisvaltainen kuva marginalisoitujen ik\u00e4\u00e4ntyvien ryhmien oikeudellisista tarpeita, ongelmista ja oikeudensaantimahdollisuuksista heid\u00e4n arkiel\u00e4m\u00e4ss\u00e4\u00e4n. Haavoittuvuutta, toimijuutta, toimintakyky\u00e4 ja autonomiaa analysoidaan oikeudensaantimahdollisuuksien n\u00e4k\u00f6kulmasta. [&hellip;]","og_url":"https:\/\/sites.uef.fi\/hyvinvointioikeus\/tutkimushankkeita\/","og_site_name":"Hyvinvointioikeuden keskus","article_modified_time":"2024-04-11T07:11:47+00:00","twitter_card":"summary_large_image","twitter_misc":{"Arvioitu lukuaika":"4 minuuttia"},"schema":{"@context":"https:\/\/schema.org","@graph":[{"@type":"WebPage","@id":"https:\/\/sites.uef.fi\/hyvinvointioikeus\/tutkimushankkeita\/","url":"https:\/\/sites.uef.fi\/hyvinvointioikeus\/tutkimushankkeita\/","name":"Tutkimushankkeita - Hyvinvointioikeuden keskus","isPartOf":{"@id":"https:\/\/sites.uef.fi\/hyvinvointioikeus\/#website"},"datePublished":"2021-10-06T12:35:01+00:00","dateModified":"2024-04-11T07:11:47+00:00","breadcrumb":{"@id":"https:\/\/sites.uef.fi\/hyvinvointioikeus\/tutkimushankkeita\/#breadcrumb"},"inLanguage":"fi","potentialAction":[{"@type":"ReadAction","target":["https:\/\/sites.uef.fi\/hyvinvointioikeus\/tutkimushankkeita\/"]}]},{"@type":"BreadcrumbList","@id":"https:\/\/sites.uef.fi\/hyvinvointioikeus\/tutkimushankkeita\/#breadcrumb","itemListElement":[{"@type":"ListItem","position":1,"name":"Home","item":"https:\/\/sites.uef.fi\/hyvinvointioikeus\/"},{"@type":"ListItem","position":2,"name":"Tutkimushankkeita"}]},{"@type":"WebSite","@id":"https:\/\/sites.uef.fi\/hyvinvointioikeus\/#website","url":"https:\/\/sites.uef.fi\/hyvinvointioikeus\/","name":"Hyvinvointioikeuden keskus","description":"","potentialAction":[{"@type":"SearchAction","target":{"@type":"EntryPoint","urlTemplate":"https:\/\/sites.uef.fi\/hyvinvointioikeus\/?s={search_term_string}"},"query-input":{"@type":"PropertyValueSpecification","valueRequired":true,"valueName":"search_term_string"}}],"inLanguage":"fi"}]}},"_links":{"self":[{"href":"https:\/\/sites.uef.fi\/hyvinvointioikeus\/wp-json\/wp\/v2\/pages\/868","targetHints":{"allow":["GET"]}}],"collection":[{"href":"https:\/\/sites.uef.fi\/hyvinvointioikeus\/wp-json\/wp\/v2\/pages"}],"about":[{"href":"https:\/\/sites.uef.fi\/hyvinvointioikeus\/wp-json\/wp\/v2\/types\/page"}],"author":[{"embeddable":true,"href":"https:\/\/sites.uef.fi\/hyvinvointioikeus\/wp-json\/wp\/v2\/users\/248"}],"replies":[{"embeddable":true,"href":"https:\/\/sites.uef.fi\/hyvinvointioikeus\/wp-json\/wp\/v2\/comments?post=868"}],"version-history":[{"count":2,"href":"https:\/\/sites.uef.fi\/hyvinvointioikeus\/wp-json\/wp\/v2\/pages\/868\/revisions"}],"predecessor-version":[{"id":3017,"href":"https:\/\/sites.uef.fi\/hyvinvointioikeus\/wp-json\/wp\/v2\/pages\/868\/revisions\/3017"}],"wp:attachment":[{"href":"https:\/\/sites.uef.fi\/hyvinvointioikeus\/wp-json\/wp\/v2\/media?parent=868"}],"curies":[{"name":"wp","href":"https:\/\/api.w.org\/{rel}","templated":true}]}}