{"id":378,"date":"2024-11-13T11:10:56","date_gmt":"2024-11-13T09:10:56","guid":{"rendered":"https:\/\/sites.uef.fi\/ica-ccr-europe-research-conference-finland-2025\/?page_id=378"},"modified":"2025-06-12T16:11:04","modified_gmt":"2025-06-12T14:11:04","slug":"logistics","status":"publish","type":"page","link":"https:\/\/sites.uef.fi\/ica-ccr-europe-research-conference-finland-2025\/logistics\/","title":{"rendered":"Logistics, Accommodation, and the Conference Venue"},"content":{"rendered":"\n<figure class=\"wp-block-image aligncenter size-large is-resized\"><img loading=\"lazy\" decoding=\"async\" width=\"1024\" height=\"683\" src=\"https:\/\/sites.uef.fi\/ica-ccr-europe-research-conference-finland-2025\/wp-content\/uploads\/sites\/479\/2025\/04\/mp65789543-helsingfors-domkyrka-1024x683.jpg\" alt=\"\" class=\"wp-image-902\" style=\"width:654px;height:auto\" srcset=\"https:\/\/sites.uef.fi\/ica-ccr-europe-research-conference-finland-2025\/wp-content\/uploads\/sites\/479\/2025\/04\/mp65789543-helsingfors-domkyrka-1024x683.jpg 1024w, https:\/\/sites.uef.fi\/ica-ccr-europe-research-conference-finland-2025\/wp-content\/uploads\/sites\/479\/2025\/04\/mp65789543-helsingfors-domkyrka-300x200.jpg 300w, https:\/\/sites.uef.fi\/ica-ccr-europe-research-conference-finland-2025\/wp-content\/uploads\/sites\/479\/2025\/04\/mp65789543-helsingfors-domkyrka-768x512.jpg 768w, https:\/\/sites.uef.fi\/ica-ccr-europe-research-conference-finland-2025\/wp-content\/uploads\/sites\/479\/2025\/04\/mp65789543-helsingfors-domkyrka-1536x1024.jpg 1536w, https:\/\/sites.uef.fi\/ica-ccr-europe-research-conference-finland-2025\/wp-content\/uploads\/sites\/479\/2025\/04\/mp65789543-helsingfors-domkyrka.jpg 1800w\" sizes=\"auto, (max-width: 1024px) 100vw, 1024px\" \/><\/figure>\n\n\n\n<p>Listed below is essential information about transportation, accommodation and the conference venue.<\/p>\n\n\n\n<h3 class=\"wp-block-heading\">How to get to the Conference Dinner?<\/h3>\n\n\n\n<p>The conference dinner is at Bistro O mat Hakaniemi (<a href=\"https:\/\/maps.app.goo.gl\/WfNyxwferWCVHWwp8\">Toinen linja 7, 9th floor<\/a>). You can find the restaurant from the conference venue by walking straight along Kaisaniemenkatu and Siltasaarenkatu towards Kallio church (the stone large church on the hill). The restaurant is right after the circle formed house. You can also reach the restaurant by taking a metro to Hakaniemi station. From there, the restaurant is just a small walk away.<\/p>\n\n\n\n<h3 class=\"wp-block-heading\">The conference venue: Mets\u00e4talo, Unioninkatu 40<\/h3>\n\n\n\n<p>Completed in 1939 for the University of Helsinki&#8217;s forestry department, Mets\u00e4talo merges classicism and functionalism. Located in the very heart of Helsinki, Mest\u00e4talo is a mere six minute walk away from the Helsinki Central railway station. In addition Mets\u00e4talo is easily accessible by either bus, tram, or metro.<\/p>\n\n\n\n<p>Please consult the links below for further information: <\/p>\n\n\n\n<div class=\"links-block\">\n\n    \n    <ul class=\"link-list\">\n        \n            \n            <li class=\"link-list-item\">\n                <a href=\"https:\/\/maps.app.goo.gl\/TSsMQproE2iuqa1L9\" class=\"link-reset link hover-scale-down\">\n                    <svg\n        width=\"43\" height=\"25\"\n        viewBox=\"0 0 43 25\"\n        xmlns=\"http:\/\/www.w3.org\/2000\/svg\">\n    <path\n        d=\"M30.027 0 43 12.5 30.027 25 27 22.083 34.351 15H0v-5h34.351L27 2.917z\"\n        fill=\"currentColor\"\n        fill-rule=\"evenodd\"\/>\n<\/svg>                    <div>Google Maps link:<\/div>\n                <\/a>\n                <div class=\"link-info\">\n                                    <\/div>\n            <\/li>\n\n        \n            <li class=\"link-list-item\">\n                <a href=\"https:\/\/tilavaraus.helsinki.fi\/en\/city-centre\/metsatalo-unioninkatu-40\" class=\"link-reset link hover-scale-down\">\n                    <svg\n        width=\"43\" height=\"25\"\n        viewBox=\"0 0 43 25\"\n        xmlns=\"http:\/\/www.w3.org\/2000\/svg\">\n    <path\n        d=\"M30.027 0 43 12.5 30.027 25 27 22.083 34.351 15H0v-5h34.351L27 2.917z\"\n        fill=\"currentColor\"\n        fill-rule=\"evenodd\"\/>\n<\/svg>                    <div>Further information on Mets\u00e4talo: <\/div>\n                <\/a>\n                <div class=\"link-info\">\n                                    <\/div>\n            <\/li>\n\n        \n            <li class=\"link-list-item\">\n                <a href=\"https:\/\/www.hsl.fi\/en\" class=\"link-reset link hover-scale-down\">\n                    <svg\n        width=\"43\" height=\"25\"\n        viewBox=\"0 0 43 25\"\n        xmlns=\"http:\/\/www.w3.org\/2000\/svg\">\n    <path\n        d=\"M30.027 0 43 12.5 30.027 25 27 22.083 34.351 15H0v-5h34.351L27 2.917z\"\n        fill=\"currentColor\"\n        fill-rule=\"evenodd\"\/>\n<\/svg>                    <div>Helsinki public transportation: <\/div>\n                <\/a>\n                <div class=\"link-info\">\n                                    <\/div>\n            <\/li>\n\n                <\/ul>\n<\/div>\n\n\n<h3 class=\"wp-block-heading\">Accommodation <\/h3>\n\n\n\n<p>The conference venue, Mets\u00e4talo, is located in a very heart of Helsinki. We urge you to make your bookings as soon as possible. Below is a list of hotel options that are closest to the conference venue. Thanks to Helsinki\u2019s robust public transportation, cheaper options may be available further away.&nbsp;<br><\/p>\n\n\n\n<p>Original Sokos Hotel Vaakuna (by Helsinki Railway Station): https:\/\/www.sokoshotels.fi\/en\/hotels\/helsinki\/original-sokos-hotel-vaakuna <\/p>\n\n\n\n<p>Sokos Hotel Presidentti:  https:\/\/www.sokoshotels.fi\/en\/hotels\/helsinki\/original-sokos-hotel-presidentti <\/p>\n\n\n\n<p>Radisson Blu Plaza Hotel, Helsinki: https:\/\/www.radissonhotels.com\/fi-fi\/hotellit\/radisson-blu-helsinki\/ravintola-baari  <\/p>\n\n\n\n<p>Hilton Helsinki Strand: https:\/\/www.hilton.com\/en\/hotels\/helhihi-hilton-helsinki-strand\/ <\/p>\n\n\n\n<p>Radisson Red Helsinki: https:\/\/www.radissonhotels.com\/en-us\/hotels\/radisson-red-helsinki\/rooms<\/p>\n\n\n\n<p>Scandic Kaisaniemi: https:\/\/www.scandichotels.com\/hotels\/finland\/helsinki\/scandic-kaisaniemi <\/p>\n\n\n\n<h3 class=\"wp-block-heading\">Transportation to Helsinki City Center <\/h3>\n\n\n\t<div id=\"accordion-block_56381f2ffa4241f2287332b9c62ab099\" class=\"accordions\">\n\t\t\t\t\t<div class=\"accordion accordion-js\">\n\t\t\t\t<button class=\"accordion__button\" aria-controls=\"content-9834\" aria-expanded=\"false\" id=\"accordion-control-9834\">\n\t\t\t\t\t<h3 class=\"accordion__heading\" >\n\t\t\t\t\t\tTrains from Helsinki-Vantaa Airport to Helsinki city center\t\t\t\t\t<\/h3>\n\t\t\t\t<\/button>\n\t\t\t\t<div class=\"accordion__content\" role=\"region\" aria-labelledby=\"accordion-control-9834\" aria-hidden=\"true\" id=\"content-9834\">\n\t\t\t\t\t<p>Helsinki-Vantaa Airport is served by the <strong>I<\/strong> and <strong>P\u00a0<\/strong>trains, which run between the airport and Helsinki city center every 10 minutes Monday to Saturday. Trains run every 15 minutes on Sundays. The airport train station is located directly below the airport terminal and is accessible by lift or escalator.<\/p>\n<ul>\n<li><strong>I\u00a0<\/strong>trains take about 27 minutes to get to the city center<\/li>\n<li><strong>P<\/strong> trains take about 32 minutes to get to the city center<\/li>\n<li><strong>You need an ABC-zone ticket to travel from the airport to Helsinki City Center \u00a0<\/strong>(tickets can be purchased from ticket machines at the airport or the HSL app)<\/li>\n<li>Further information about tickets and fares can be found at:\u00a0<a href=\"https:\/\/www.hsl.fi\/en\/tickets-and-fares\">https:\/\/www.hsl.fi\/en\/tickets-and-fares<\/a><\/li>\n<\/ul>\n<p>&nbsp;<\/p>\n\t\t\t\t<\/div>\n\t\t\t<\/div>\n\t\t\t\t\t<div class=\"accordion accordion-js\">\n\t\t\t\t<button class=\"accordion__button\" aria-controls=\"content-7702\" aria-expanded=\"false\" id=\"accordion-control-7702\">\n\t\t\t\t\t<h3 class=\"accordion__heading\" >\n\t\t\t\t\t\tBuses, taxis and alternative forms of transportation from Helsinki-Vantaa Airport to Helsinki city center \t\t\t\t\t<\/h3>\n\t\t\t\t<\/button>\n\t\t\t\t<div class=\"accordion__content\" role=\"region\" aria-labelledby=\"accordion-control-7702\" aria-hidden=\"true\" id=\"content-7702\">\n\t\t\t\t\t<p>Bus route 600 operates between Helsinki-Vantaa Airport and Helsinki city center. Further information about tickets and fares can be found at: <a href=\"https:\/\/www.hsl.fi\/en\/tickets-and-fares\">https:\/\/www.hsl.fi\/en\/tickets-and-fares<\/a><\/p>\n<p>Further information about taxis, car rentals and other forms of transportation can be found at\u00a0<a href=\"https:\/\/www.finavia.fi\/en\/airports\/helsinki-airport\/access?id=\">https:\/\/www.finavia.fi\/en\/airports\/helsinki-airport\/access?id=<\/a><\/p>\n\t\t\t\t<\/div>\n\t\t\t<\/div>\n\t\t\t<\/div>\n\t\n\n\n<h3 class=\"wp-block-heading\">Transportation to and from Joensuu <\/h3>\n\n\n\n<p>Joensuu can be accessed conveniently by either train or airplane. <\/p>\n\n\n\n<p>Joensuu railway station is located about a 15-minute walk away from Joensuu City Center and a 30-minute walk away from the University campus. Both destinations are easily accessible by public transportation, taxi and rental car.<\/p>\n\n\n\n<ul class=\"wp-block-list\">\n<li>Information about train schedules and fares to Joensuu can be found at <a href=\"https:\/\/www.vr.fi\/en\">https:\/\/www.vr.fi\/en<\/a><\/li>\n\n\n\n<li>Information about flight schedules and fares to Joensuu can be found at <a href=\"https:\/\/www.finnair.com\/fi-en\">https:\/\/www.finnair.com\/fi-en<\/a><\/li>\n<\/ul>\n\n\n\n<h3 class=\"wp-block-heading\">Visa information <\/h3>\n\n\n\n<p>Further information concerning country-specific visa requirements can be found at the Ministry of Foreign Affairs&#8217; website.<\/p>\n\n\n\n<div class=\"links-block\">\n\n    \n    <ul class=\"link-list\">\n        \n            \n            <li class=\"link-list-item\">\n                <a href=\"https:\/\/um.fi\/visa-to-visit-finland\" class=\"link-reset link hover-scale-down\">\n                    <svg\n        width=\"43\" height=\"25\"\n        viewBox=\"0 0 43 25\"\n        xmlns=\"http:\/\/www.w3.org\/2000\/svg\">\n    <path\n        d=\"M30.027 0 43 12.5 30.027 25 27 22.083 34.351 15H0v-5h34.351L27 2.917z\"\n        fill=\"currentColor\"\n        fill-rule=\"evenodd\"\/>\n<\/svg>                    <div>A visa to visit Finland<\/div>\n                <\/a>\n                <div class=\"link-info\">\n                                    <\/div>\n            <\/li>\n\n                <\/ul>\n<\/div>\n\n\n<figure class=\"wp-block-image aligncenter size-large is-resized\"><img loading=\"lazy\" decoding=\"async\" width=\"1024\" height=\"565\" src=\"https:\/\/sites.uef.fi\/ica-ccr-europe-research-conference-finland-2025\/wp-content\/uploads\/sites\/479\/2025\/04\/Screenshot-2025-04-22-at-14.40.28-1024x565.png\" alt=\"\" class=\"wp-image-938\" style=\"width:529px;height:auto\" srcset=\"https:\/\/sites.uef.fi\/ica-ccr-europe-research-conference-finland-2025\/wp-content\/uploads\/sites\/479\/2025\/04\/Screenshot-2025-04-22-at-14.40.28-1024x565.png 1024w, https:\/\/sites.uef.fi\/ica-ccr-europe-research-conference-finland-2025\/wp-content\/uploads\/sites\/479\/2025\/04\/Screenshot-2025-04-22-at-14.40.28-300x166.png 300w, https:\/\/sites.uef.fi\/ica-ccr-europe-research-conference-finland-2025\/wp-content\/uploads\/sites\/479\/2025\/04\/Screenshot-2025-04-22-at-14.40.28-768x424.png 768w, https:\/\/sites.uef.fi\/ica-ccr-europe-research-conference-finland-2025\/wp-content\/uploads\/sites\/479\/2025\/04\/Screenshot-2025-04-22-at-14.40.28.png 1460w\" sizes=\"auto, (max-width: 1024px) 100vw, 1024px\" \/><\/figure>\n\n\n\n<figure class=\"wp-block-image aligncenter size-full is-resized\"><img loading=\"lazy\" decoding=\"async\" width=\"800\" height=\"341\" src=\"https:\/\/sites.uef.fi\/ica-ccr-europe-research-conference-finland-2025\/wp-content\/uploads\/sites\/479\/2025\/03\/iyc_2025_logo_horizontal_e-w-tagline.png\" alt=\"\" class=\"wp-image-889\" style=\"width:347px;height:auto\" srcset=\"https:\/\/sites.uef.fi\/ica-ccr-europe-research-conference-finland-2025\/wp-content\/uploads\/sites\/479\/2025\/03\/iyc_2025_logo_horizontal_e-w-tagline.png 800w, https:\/\/sites.uef.fi\/ica-ccr-europe-research-conference-finland-2025\/wp-content\/uploads\/sites\/479\/2025\/03\/iyc_2025_logo_horizontal_e-w-tagline-300x128.png 300w, https:\/\/sites.uef.fi\/ica-ccr-europe-research-conference-finland-2025\/wp-content\/uploads\/sites\/479\/2025\/03\/iyc_2025_logo_horizontal_e-w-tagline-768x327.png 768w\" sizes=\"auto, (max-width: 800px) 100vw, 800px\" \/><\/figure>\n\n\n\n<figure class=\"wp-block-image aligncenter size-full\"><img loading=\"lazy\" decoding=\"async\" width=\"407\" height=\"181\" src=\"https:\/\/sites.uef.fi\/ica-ccr-europe-research-conference-finland-2025\/wp-content\/uploads\/sites\/479\/2025\/06\/Helsingfors_kehystunnus_musta_pdf.jpg\" alt=\"\" class=\"wp-image-1063\" srcset=\"https:\/\/sites.uef.fi\/ica-ccr-europe-research-conference-finland-2025\/wp-content\/uploads\/sites\/479\/2025\/06\/Helsingfors_kehystunnus_musta_pdf.jpg 407w, https:\/\/sites.uef.fi\/ica-ccr-europe-research-conference-finland-2025\/wp-content\/uploads\/sites\/479\/2025\/06\/Helsingfors_kehystunnus_musta_pdf-300x133.jpg 300w\" sizes=\"auto, (max-width: 407px) 100vw, 407px\" \/><\/figure>\n","protected":false},"excerpt":{"rendered":"<p>Listed below is essential information about transportation, accommodation and the conference venue. How to get to the Conference Dinner? The conference dinner is at Bistro O mat Hakaniemi (Toinen linja 7, 9th floor). You can find the restaurant from the conference venue by walking straight along Kaisaniemenkatu and Siltasaarenkatu towards Kallio church (the stone large [&hellip;]<\/p>\n","protected":false},"author":1249,"featured_media":0,"parent":0,"menu_order":0,"comment_status":"closed","ping_status":"closed","template":"","meta":{"_acf_changed":false,"footnotes":""},"class_list":["post-378","page","type-page","status-publish","hentry"],"acf":[],"yoast_head":"<!-- This site is optimized with the Yoast SEO plugin v27.1.1 - https:\/\/yoast.com\/product\/yoast-seo-wordpress\/ -->\n<title>Logistics, Accommodation, and the Conference Venue - ICA CCR Research Conference 2025<\/title>\n<meta name=\"robots\" content=\"index, follow, max-snippet:-1, max-image-preview:large, max-video-preview:-1\" \/>\n<link rel=\"canonical\" href=\"https:\/\/sites.uef.fi\/ica-ccr-europe-research-conference-finland-2025\/logistics\/\" \/>\n<meta property=\"og:locale\" content=\"en_US\" \/>\n<meta property=\"og:type\" content=\"article\" \/>\n<meta property=\"og:title\" content=\"Logistics, Accommodation, and the Conference Venue - ICA CCR Research Conference 2025\" \/>\n<meta property=\"og:description\" content=\"Listed below is essential information about transportation, accommodation and the conference venue. How to get to the Conference Dinner? The conference dinner is at Bistro O mat Hakaniemi (Toinen linja 7, 9th floor). You can find the restaurant from the conference venue by walking straight along Kaisaniemenkatu and Siltasaarenkatu towards Kallio church (the stone large [&hellip;]\" \/>\n<meta property=\"og:url\" content=\"https:\/\/sites.uef.fi\/ica-ccr-europe-research-conference-finland-2025\/logistics\/\" \/>\n<meta property=\"og:site_name\" content=\"ICA CCR Research Conference 2025\" \/>\n<meta property=\"article:modified_time\" content=\"2025-06-12T14:11:04+00:00\" \/>\n<meta property=\"og:image\" content=\"https:\/\/sites.uef.fi\/ica-ccr-europe-research-conference-finland-2025\/wp-content\/uploads\/sites\/479\/2025\/04\/mp65789543-helsingfors-domkyrka-1024x683.jpg\" \/>\n<meta name=\"twitter:card\" content=\"summary_large_image\" \/>\n<meta name=\"twitter:label1\" content=\"Est. reading time\" \/>\n\t<meta name=\"twitter:data1\" content=\"3 minutes\" \/>\n<script type=\"application\/ld+json\" class=\"yoast-schema-graph\">{\"@context\":\"https:\/\/schema.org\",\"@graph\":[{\"@type\":\"WebPage\",\"@id\":\"https:\/\/sites.uef.fi\/ica-ccr-europe-research-conference-finland-2025\/logistics\/\",\"url\":\"https:\/\/sites.uef.fi\/ica-ccr-europe-research-conference-finland-2025\/logistics\/\",\"name\":\"Logistics, Accommodation, and the Conference Venue - ICA CCR Research Conference 2025\",\"isPartOf\":{\"@id\":\"https:\/\/sites.uef.fi\/ica-ccr-europe-research-conference-finland-2025\/#website\"},\"primaryImageOfPage\":{\"@id\":\"https:\/\/sites.uef.fi\/ica-ccr-europe-research-conference-finland-2025\/logistics\/#primaryimage\"},\"image\":{\"@id\":\"https:\/\/sites.uef.fi\/ica-ccr-europe-research-conference-finland-2025\/logistics\/#primaryimage\"},\"thumbnailUrl\":\"https:\/\/sites.uef.fi\/ica-ccr-europe-research-conference-finland-2025\/wp-content\/uploads\/sites\/479\/2025\/04\/mp65789543-helsingfors-domkyrka-1024x683.jpg\",\"datePublished\":\"2024-11-13T09:10:56+00:00\",\"dateModified\":\"2025-06-12T14:11:04+00:00\",\"breadcrumb\":{\"@id\":\"https:\/\/sites.uef.fi\/ica-ccr-europe-research-conference-finland-2025\/logistics\/#breadcrumb\"},\"inLanguage\":\"en-US\",\"potentialAction\":[{\"@type\":\"ReadAction\",\"target\":[\"https:\/\/sites.uef.fi\/ica-ccr-europe-research-conference-finland-2025\/logistics\/\"]}]},{\"@type\":\"ImageObject\",\"inLanguage\":\"en-US\",\"@id\":\"https:\/\/sites.uef.fi\/ica-ccr-europe-research-conference-finland-2025\/logistics\/#primaryimage\",\"url\":\"https:\/\/sites.uef.fi\/ica-ccr-europe-research-conference-finland-2025\/wp-content\/uploads\/sites\/479\/2025\/04\/mp65789543-helsingfors-domkyrka.jpg\",\"contentUrl\":\"https:\/\/sites.uef.fi\/ica-ccr-europe-research-conference-finland-2025\/wp-content\/uploads\/sites\/479\/2025\/04\/mp65789543-helsingfors-domkyrka.jpg\",\"width\":1800,\"height\":1200},{\"@type\":\"BreadcrumbList\",\"@id\":\"https:\/\/sites.uef.fi\/ica-ccr-europe-research-conference-finland-2025\/logistics\/#breadcrumb\",\"itemListElement\":[{\"@type\":\"ListItem\",\"position\":1,\"name\":\"Home\",\"item\":\"https:\/\/sites.uef.fi\/ica-ccr-europe-research-conference-finland-2025\/\"},{\"@type\":\"ListItem\",\"position\":2,\"name\":\"Logistics, Accommodation, and the Conference Venue\"}]},{\"@type\":\"WebSite\",\"@id\":\"https:\/\/sites.uef.fi\/ica-ccr-europe-research-conference-finland-2025\/#website\",\"url\":\"https:\/\/sites.uef.fi\/ica-ccr-europe-research-conference-finland-2025\/\",\"name\":\"ICA CCR Research Conference 2025\",\"description\":\"\",\"potentialAction\":[{\"@type\":\"SearchAction\",\"target\":{\"@type\":\"EntryPoint\",\"urlTemplate\":\"https:\/\/sites.uef.fi\/ica-ccr-europe-research-conference-finland-2025\/?s={search_term_string}\"},\"query-input\":{\"@type\":\"PropertyValueSpecification\",\"valueRequired\":true,\"valueName\":\"search_term_string\"}}],\"inLanguage\":\"en-US\"}]}<\/script>\n<!-- \/ Yoast SEO plugin. -->","yoast_head_json":{"title":"Logistics, Accommodation, and the Conference Venue - ICA CCR Research Conference 2025","robots":{"index":"index","follow":"follow","max-snippet":"max-snippet:-1","max-image-preview":"max-image-preview:large","max-video-preview":"max-video-preview:-1"},"canonical":"https:\/\/sites.uef.fi\/ica-ccr-europe-research-conference-finland-2025\/logistics\/","og_locale":"en_US","og_type":"article","og_title":"Logistics, Accommodation, and the Conference Venue - ICA CCR Research Conference 2025","og_description":"Listed below is essential information about transportation, accommodation and the conference venue. How to get to the Conference Dinner? The conference dinner is at Bistro O mat Hakaniemi (Toinen linja 7, 9th floor). You can find the restaurant from the conference venue by walking straight along Kaisaniemenkatu and Siltasaarenkatu towards Kallio church (the stone large [&hellip;]","og_url":"https:\/\/sites.uef.fi\/ica-ccr-europe-research-conference-finland-2025\/logistics\/","og_site_name":"ICA CCR Research Conference 2025","article_modified_time":"2025-06-12T14:11:04+00:00","og_image":[{"url":"https:\/\/sites.uef.fi\/ica-ccr-europe-research-conference-finland-2025\/wp-content\/uploads\/sites\/479\/2025\/04\/mp65789543-helsingfors-domkyrka-1024x683.jpg","type":"","width":"","height":""}],"twitter_card":"summary_large_image","twitter_misc":{"Est. reading time":"3 minutes"},"schema":{"@context":"https:\/\/schema.org","@graph":[{"@type":"WebPage","@id":"https:\/\/sites.uef.fi\/ica-ccr-europe-research-conference-finland-2025\/logistics\/","url":"https:\/\/sites.uef.fi\/ica-ccr-europe-research-conference-finland-2025\/logistics\/","name":"Logistics, Accommodation, and the Conference Venue - ICA CCR Research Conference 2025","isPartOf":{"@id":"https:\/\/sites.uef.fi\/ica-ccr-europe-research-conference-finland-2025\/#website"},"primaryImageOfPage":{"@id":"https:\/\/sites.uef.fi\/ica-ccr-europe-research-conference-finland-2025\/logistics\/#primaryimage"},"image":{"@id":"https:\/\/sites.uef.fi\/ica-ccr-europe-research-conference-finland-2025\/logistics\/#primaryimage"},"thumbnailUrl":"https:\/\/sites.uef.fi\/ica-ccr-europe-research-conference-finland-2025\/wp-content\/uploads\/sites\/479\/2025\/04\/mp65789543-helsingfors-domkyrka-1024x683.jpg","datePublished":"2024-11-13T09:10:56+00:00","dateModified":"2025-06-12T14:11:04+00:00","breadcrumb":{"@id":"https:\/\/sites.uef.fi\/ica-ccr-europe-research-conference-finland-2025\/logistics\/#breadcrumb"},"inLanguage":"en-US","potentialAction":[{"@type":"ReadAction","target":["https:\/\/sites.uef.fi\/ica-ccr-europe-research-conference-finland-2025\/logistics\/"]}]},{"@type":"ImageObject","inLanguage":"en-US","@id":"https:\/\/sites.uef.fi\/ica-ccr-europe-research-conference-finland-2025\/logistics\/#primaryimage","url":"https:\/\/sites.uef.fi\/ica-ccr-europe-research-conference-finland-2025\/wp-content\/uploads\/sites\/479\/2025\/04\/mp65789543-helsingfors-domkyrka.jpg","contentUrl":"https:\/\/sites.uef.fi\/ica-ccr-europe-research-conference-finland-2025\/wp-content\/uploads\/sites\/479\/2025\/04\/mp65789543-helsingfors-domkyrka.jpg","width":1800,"height":1200},{"@type":"BreadcrumbList","@id":"https:\/\/sites.uef.fi\/ica-ccr-europe-research-conference-finland-2025\/logistics\/#breadcrumb","itemListElement":[{"@type":"ListItem","position":1,"name":"Home","item":"https:\/\/sites.uef.fi\/ica-ccr-europe-research-conference-finland-2025\/"},{"@type":"ListItem","position":2,"name":"Logistics, Accommodation, and the Conference Venue"}]},{"@type":"WebSite","@id":"https:\/\/sites.uef.fi\/ica-ccr-europe-research-conference-finland-2025\/#website","url":"https:\/\/sites.uef.fi\/ica-ccr-europe-research-conference-finland-2025\/","name":"ICA CCR Research Conference 2025","description":"","potentialAction":[{"@type":"SearchAction","target":{"@type":"EntryPoint","urlTemplate":"https:\/\/sites.uef.fi\/ica-ccr-europe-research-conference-finland-2025\/?s={search_term_string}"},"query-input":{"@type":"PropertyValueSpecification","valueRequired":true,"valueName":"search_term_string"}}],"inLanguage":"en-US"}]}},"_links":{"self":[{"href":"https:\/\/sites.uef.fi\/ica-ccr-europe-research-conference-finland-2025\/wp-json\/wp\/v2\/pages\/378","targetHints":{"allow":["GET"]}}],"collection":[{"href":"https:\/\/sites.uef.fi\/ica-ccr-europe-research-conference-finland-2025\/wp-json\/wp\/v2\/pages"}],"about":[{"href":"https:\/\/sites.uef.fi\/ica-ccr-europe-research-conference-finland-2025\/wp-json\/wp\/v2\/types\/page"}],"author":[{"embeddable":true,"href":"https:\/\/sites.uef.fi\/ica-ccr-europe-research-conference-finland-2025\/wp-json\/wp\/v2\/users\/1249"}],"replies":[{"embeddable":true,"href":"https:\/\/sites.uef.fi\/ica-ccr-europe-research-conference-finland-2025\/wp-json\/wp\/v2\/comments?post=378"}],"version-history":[{"count":1,"href":"https:\/\/sites.uef.fi\/ica-ccr-europe-research-conference-finland-2025\/wp-json\/wp\/v2\/pages\/378\/revisions"}],"predecessor-version":[{"id":1072,"href":"https:\/\/sites.uef.fi\/ica-ccr-europe-research-conference-finland-2025\/wp-json\/wp\/v2\/pages\/378\/revisions\/1072"}],"wp:attachment":[{"href":"https:\/\/sites.uef.fi\/ica-ccr-europe-research-conference-finland-2025\/wp-json\/wp\/v2\/media?parent=378"}],"curies":[{"name":"wp","href":"https:\/\/api.w.org\/{rel}","templated":true}]}}