{"id":294,"date":"2024-04-19T10:38:33","date_gmt":"2024-04-19T08:38:33","guid":{"rendered":"https:\/\/sites.uef.fi\/icce21\/etusivu\/"},"modified":"2025-02-06T08:49:41","modified_gmt":"2025-02-06T06:49:41","slug":"etusivu","status":"publish","type":"page","link":"https:\/\/sites.uef.fi\/icce21\/etusivu\/?lang=fi","title":{"rendered":"Etusivu"},"content":{"rendered":"\n<p><strong>Kansainv\u00e4linen kirkollisen kasvatuksen konferenssi Joensuussa syksyll\u00e4 2025<\/strong><\/p>\n\n\n\n<p>Protestanttisen kirkollisen kasvatuksen kansainv\u00e4linen tieteellinen <strong>International Conference on Congregational Education in the 21st Century<\/strong> \u2013konferenssi j\u00e4rjestet\u00e4\u00e4n <strong>29.9.-1.10.2025 It\u00e4-Suomen yliopistossa Joensuussa<\/strong>. Konferenssin teema on: Reflection, Relevance, and Resilience in a Changing World from a Protestant Perspective. Konferenssi on tarkoitettu tutkijoille, p\u00e4\u00e4t\u00f6ksentekij\u00f6ille ja kent\u00e4ll\u00e4 toimiville kasvattajille sek\u00e4 opiskelijoille, jotka ovat kiinnostuneita kirkolliseen kasvatukseen liittyvist\u00e4 kysymyksist\u00e4. Konferenssiin odotetaan 50 osallistujaa eri maista.<\/p>\n\n\n\n<p>Konferenssin puheenjohtajana toimii uskonnonpedagogiikan professori Martin Ubani. Konferenssin j\u00e4rjest\u00e4v\u00e4t yhteisty\u00f6ss\u00e4 It\u00e4-Suomen yliopiston teologian osasto, DIAK sek\u00e4 Evankelis-luterilaisen kirkon kirkkohallitus.<\/p>\n\n\n\n<p><strong>Konferenssin j\u00e4rjestelytoimikunta:<\/strong><\/p>\n\n\n\n<p>Dr. Stefan van de Hoek, Friedrich Schiller University Jena, Germany<\/p>\n\n\n\n<p>Martin Ubani, Uskonnonpedagogiikan professori, It\u00e4-Suomen yliopisto<\/p>\n\n\n\n<p>Heidi Toivanen, v\u00e4it\u00f6skirjatutkija, It\u00e4-Suomen yliopisto<\/p>\n\n\n\n<p>Sini Niemel\u00e4, v\u00e4it\u00f6skirjatutkija, It\u00e4-Suomen yliopisto<\/p>\n\n\n\n<p>Eveliina Hellas, Diakonia ammattikorkeakoulu<\/p>\n\n\n\n<p>Jarmo Kokkonen, johtaja, Jumalanpalvelus ja kasvatus -yksikk\u00f6, Kirkkohallitus<\/p>\n\n\n\n<p>Mikko Wirtanen, asiantuntija, Rippikoulu ja kirkon kasvatus, Kirkkohallitus<\/p>\n\n\n\n<p><strong>Yhteystiedot:<\/strong><\/p>\n\n\n\n<p>icce21@uef.fi<\/p>\n","protected":false},"excerpt":{"rendered":"<p>Kansainv\u00e4linen kirkollisen kasvatuksen konferenssi Joensuussa syksyll\u00e4 2025 Protestanttisen kirkollisen kasvatuksen kansainv\u00e4linen tieteellinen International Conference on Congregational Education in the 21st Century \u2013konferenssi j\u00e4rjestet\u00e4\u00e4n 29.9.-1.10.2025 It\u00e4-Suomen yliopistossa Joensuussa. Konferenssin teema on: Reflection, Relevance, and Resilience in a Changing World from a Protestant Perspective. Konferenssi on tarkoitettu tutkijoille, p\u00e4\u00e4t\u00f6ksentekij\u00f6ille ja kent\u00e4ll\u00e4 toimiville kasvattajille sek\u00e4 opiskelijoille, jotka ovat [&hellip;]<\/p>\n","protected":false},"author":2,"featured_media":0,"parent":0,"menu_order":0,"comment_status":"closed","ping_status":"closed","template":"","meta":{"_acf_changed":false,"footnotes":""},"class_list":["post-294","page","type-page","status-publish","hentry"],"acf":[],"yoast_head":"<!-- This site is optimized with the Yoast SEO plugin v27.3 - https:\/\/yoast.com\/product\/yoast-seo-wordpress\/ -->\n<title>Etusivu - 1st International Conference on Congregational Education in the 21st Century<\/title>\n<meta name=\"robots\" content=\"index, follow, max-snippet:-1, max-image-preview:large, max-video-preview:-1\" \/>\n<link rel=\"canonical\" href=\"https:\/\/sites.uef.fi\/icce21\/etusivu\/\" \/>\n<meta property=\"og:locale\" content=\"en_US\" \/>\n<meta property=\"og:type\" content=\"article\" \/>\n<meta property=\"og:title\" content=\"Etusivu - 1st International Conference on Congregational Education in the 21st Century\" \/>\n<meta property=\"og:description\" content=\"Kansainv\u00e4linen kirkollisen kasvatuksen konferenssi Joensuussa syksyll\u00e4 2025 Protestanttisen kirkollisen kasvatuksen kansainv\u00e4linen tieteellinen International Conference on Congregational Education in the 21st Century \u2013konferenssi j\u00e4rjestet\u00e4\u00e4n 29.9.-1.10.2025 It\u00e4-Suomen yliopistossa Joensuussa. Konferenssin teema on: Reflection, Relevance, and Resilience in a Changing World from a Protestant Perspective. Konferenssi on tarkoitettu tutkijoille, p\u00e4\u00e4t\u00f6ksentekij\u00f6ille ja kent\u00e4ll\u00e4 toimiville kasvattajille sek\u00e4 opiskelijoille, jotka ovat [&hellip;]\" \/>\n<meta property=\"og:url\" content=\"https:\/\/sites.uef.fi\/icce21\/etusivu\/?lang=fi\" \/>\n<meta property=\"og:site_name\" content=\"1st International Conference on Congregational Education in the 21st Century\" \/>\n<meta property=\"article:modified_time\" content=\"2025-02-06T06:49:41+00:00\" \/>\n<meta name=\"twitter:card\" content=\"summary_large_image\" \/>\n<meta name=\"twitter:label1\" content=\"Est. reading time\" \/>\n\t<meta name=\"twitter:data1\" content=\"1 minute\" \/>\n<script type=\"application\/ld+json\" class=\"yoast-schema-graph\">{\"@context\":\"https:\\\/\\\/schema.org\",\"@graph\":[{\"@type\":\"WebPage\",\"@id\":\"https:\\\/\\\/sites.uef.fi\\\/icce21\\\/etusivu\\\/?lang=fi\",\"url\":\"https:\\\/\\\/sites.uef.fi\\\/icce21\\\/etusivu\\\/?lang=fi\",\"name\":\"Etusivu - 1st International Conference on Congregational Education in the 21st Century\",\"isPartOf\":{\"@id\":\"https:\\\/\\\/sites.uef.fi\\\/icce21\\\/#website\"},\"datePublished\":\"2024-04-19T08:38:33+00:00\",\"dateModified\":\"2025-02-06T06:49:41+00:00\",\"breadcrumb\":{\"@id\":\"https:\\\/\\\/sites.uef.fi\\\/icce21\\\/etusivu\\\/?lang=fi#breadcrumb\"},\"inLanguage\":\"en-US\",\"potentialAction\":[{\"@type\":\"ReadAction\",\"target\":[\"https:\\\/\\\/sites.uef.fi\\\/icce21\\\/etusivu\\\/?lang=fi\"]}]},{\"@type\":\"BreadcrumbList\",\"@id\":\"https:\\\/\\\/sites.uef.fi\\\/icce21\\\/etusivu\\\/?lang=fi#breadcrumb\",\"itemListElement\":[{\"@type\":\"ListItem\",\"position\":1,\"name\":\"Home\",\"item\":\"https:\\\/\\\/sites.uef.fi\\\/icce21\\\/\"},{\"@type\":\"ListItem\",\"position\":2,\"name\":\"Etusivu\"}]},{\"@type\":\"WebSite\",\"@id\":\"https:\\\/\\\/sites.uef.fi\\\/icce21\\\/#website\",\"url\":\"https:\\\/\\\/sites.uef.fi\\\/icce21\\\/\",\"name\":\"1st International Conference on Congregational Education in the 21st Century\",\"description\":\"\",\"potentialAction\":[{\"@type\":\"SearchAction\",\"target\":{\"@type\":\"EntryPoint\",\"urlTemplate\":\"https:\\\/\\\/sites.uef.fi\\\/icce21\\\/?s={search_term_string}\"},\"query-input\":{\"@type\":\"PropertyValueSpecification\",\"valueRequired\":true,\"valueName\":\"search_term_string\"}}],\"inLanguage\":\"en-US\"}]}<\/script>\n<!-- \/ Yoast SEO plugin. -->","yoast_head_json":{"title":"Etusivu - 1st International Conference on Congregational Education in the 21st Century","robots":{"index":"index","follow":"follow","max-snippet":"max-snippet:-1","max-image-preview":"max-image-preview:large","max-video-preview":"max-video-preview:-1"},"canonical":"https:\/\/sites.uef.fi\/icce21\/etusivu\/","og_locale":"en_US","og_type":"article","og_title":"Etusivu - 1st International Conference on Congregational Education in the 21st Century","og_description":"Kansainv\u00e4linen kirkollisen kasvatuksen konferenssi Joensuussa syksyll\u00e4 2025 Protestanttisen kirkollisen kasvatuksen kansainv\u00e4linen tieteellinen International Conference on Congregational Education in the 21st Century \u2013konferenssi j\u00e4rjestet\u00e4\u00e4n 29.9.-1.10.2025 It\u00e4-Suomen yliopistossa Joensuussa. Konferenssin teema on: Reflection, Relevance, and Resilience in a Changing World from a Protestant Perspective. Konferenssi on tarkoitettu tutkijoille, p\u00e4\u00e4t\u00f6ksentekij\u00f6ille ja kent\u00e4ll\u00e4 toimiville kasvattajille sek\u00e4 opiskelijoille, jotka ovat [&hellip;]","og_url":"https:\/\/sites.uef.fi\/icce21\/etusivu\/?lang=fi","og_site_name":"1st International Conference on Congregational Education in the 21st Century","article_modified_time":"2025-02-06T06:49:41+00:00","twitter_card":"summary_large_image","twitter_misc":{"Est. reading time":"1 minute"},"schema":{"@context":"https:\/\/schema.org","@graph":[{"@type":"WebPage","@id":"https:\/\/sites.uef.fi\/icce21\/etusivu\/?lang=fi","url":"https:\/\/sites.uef.fi\/icce21\/etusivu\/?lang=fi","name":"Etusivu - 1st International Conference on Congregational Education in the 21st Century","isPartOf":{"@id":"https:\/\/sites.uef.fi\/icce21\/#website"},"datePublished":"2024-04-19T08:38:33+00:00","dateModified":"2025-02-06T06:49:41+00:00","breadcrumb":{"@id":"https:\/\/sites.uef.fi\/icce21\/etusivu\/?lang=fi#breadcrumb"},"inLanguage":"en-US","potentialAction":[{"@type":"ReadAction","target":["https:\/\/sites.uef.fi\/icce21\/etusivu\/?lang=fi"]}]},{"@type":"BreadcrumbList","@id":"https:\/\/sites.uef.fi\/icce21\/etusivu\/?lang=fi#breadcrumb","itemListElement":[{"@type":"ListItem","position":1,"name":"Home","item":"https:\/\/sites.uef.fi\/icce21\/"},{"@type":"ListItem","position":2,"name":"Etusivu"}]},{"@type":"WebSite","@id":"https:\/\/sites.uef.fi\/icce21\/#website","url":"https:\/\/sites.uef.fi\/icce21\/","name":"1st International Conference on Congregational Education in the 21st Century","description":"","potentialAction":[{"@type":"SearchAction","target":{"@type":"EntryPoint","urlTemplate":"https:\/\/sites.uef.fi\/icce21\/?s={search_term_string}"},"query-input":{"@type":"PropertyValueSpecification","valueRequired":true,"valueName":"search_term_string"}}],"inLanguage":"en-US"}]}},"_links":{"self":[{"href":"https:\/\/sites.uef.fi\/icce21\/wp-json\/wp\/v2\/pages\/294","targetHints":{"allow":["GET"]}}],"collection":[{"href":"https:\/\/sites.uef.fi\/icce21\/wp-json\/wp\/v2\/pages"}],"about":[{"href":"https:\/\/sites.uef.fi\/icce21\/wp-json\/wp\/v2\/types\/page"}],"author":[{"embeddable":true,"href":"https:\/\/sites.uef.fi\/icce21\/wp-json\/wp\/v2\/users\/2"}],"replies":[{"embeddable":true,"href":"https:\/\/sites.uef.fi\/icce21\/wp-json\/wp\/v2\/comments?post=294"}],"version-history":[{"count":2,"href":"https:\/\/sites.uef.fi\/icce21\/wp-json\/wp\/v2\/pages\/294\/revisions"}],"predecessor-version":[{"id":584,"href":"https:\/\/sites.uef.fi\/icce21\/wp-json\/wp\/v2\/pages\/294\/revisions\/584"}],"wp:attachment":[{"href":"https:\/\/sites.uef.fi\/icce21\/wp-json\/wp\/v2\/media?parent=294"}],"curies":[{"name":"wp","href":"https:\/\/api.w.org\/{rel}","templated":true}]}}