{"id":133,"date":"2025-10-01T15:11:42","date_gmt":"2025-10-01T13:11:42","guid":{"rendered":"https:\/\/sites.uef.fi\/ifhe-europe2026\/?page_id=133"},"modified":"2026-03-23T10:39:42","modified_gmt":"2026-03-23T08:39:42","slug":"call-for-abstracts","status":"publish","type":"page","link":"https:\/\/sites.uef.fi\/ifhe-europe2026\/call-for-abstracts\/","title":{"rendered":"Call for Abstracts\/ Abstraktihaku"},"content":{"rendered":"\n<p><strong>IFHE European Annual Meeting &amp; Thematic Conference 2026 Finland, Joensuu<\/strong><br><strong>October 5\u20136, 2026<\/strong><\/p>\n\n\n\n<p>The International Federation for Home Economics (IFHE) is pleased to announce the <strong>European Annual Meeting and Thematic Conference 2026<\/strong>, to be held on <strong>October 5\u20136, 2026<\/strong> in <strong>Joensuu, Finland<\/strong>. We warmly invite researchers, educators, and practitioners in the field of Home Economics to submit abstracts for papers, works in progress, and workshops.<\/p>\n\n\n\n<p>You can send your abstract call here: <a href=\"http:\/\/link to call for abstract\" target=\"_blank\" rel=\"noreferrer noopener\"><\/a><a href=\"https:\/\/registration.contio.fi\/uef\/Registration\/Login?id=10023-T_10023-11546&amp;lang=en\" target=\"_blank\" rel=\"noreferrer noopener\">Call for Abstracts<\/a>&nbsp;<\/p>\n\n\n\n<h3 class=\"wp-block-heading\">Theme<\/h3>\n\n\n\n<p><strong>Rethink and Re-organise \u2013 Home Economics bringing preparedness and resilience to everyday life<\/strong><\/p>\n\n\n\n<p>The thematic conference\u2019s focus is on the <strong>vital role of Home Economics in fostering preparedness and resilience in daily life<\/strong>. The conference aims to highlight innovative solutions, sustainable practices and educational strategies that equip individuals, households, and communities to thrive in changing circumstances.<\/p>\n\n\n\n<p>We invite contributions exploring:<\/p>\n\n\n\n<ul class=\"wp-block-list\">\n<li><strong>Innovative approaches<\/strong> to managing household resources, implementing sustainability practices, and enhancing quality of life through effective home management.<\/li>\n\n\n\n<li><strong>The intersection of traditional crafts and modern techniques<\/strong>, promoting sustainable craftsmanship, and preserving cultural heritage.<\/li>\n\n\n\n<li><strong>Educational strategies and methodologies<\/strong> for teaching Home Economics, including curriculum development, experiential learning, and community engagement.<\/li>\n<\/ul>\n\n\n\n<h3 class=\"wp-block-heading\">Presentation Themes<\/h3>\n\n\n\n<p>Within the theme <strong>Rethink and Re-organise \u2013 Home Economics bringing preparedness and resilience to everyday life<\/strong>, the conference invites presentations in the following thematic areas. Authors should select and indicate the most relevant theme when submitting their abstract(s):<\/p>\n\n\n\n<ol class=\"wp-block-list\">\n<li><strong>Repair<\/strong> \u2013 Techniques, skills and practices for repairing and maintaining household items, clothing, textiles and crafts to extend their lifespan, reduce consumption, and promote sustainable living.<\/li>\n\n\n\n<li><strong>Rethink<\/strong> \u2013 Innovative ideas for reimagining home management, resource use and craft practices to align with preparedness, resilience, and environmental responsibility.<\/li>\n\n\n\n<li><strong>Re-organise<\/strong> \u2013 Strategies for reorganising home, craft and living spaces to enhance functionality, efficiency, and preparedness. Methods for reducing waste (e.g., textiles, food, energy, water) and optimising resource use.<\/li>\n\n\n\n<li><strong>Clothing, textiles, and new technologies<\/strong> \u2013 Innovations in design, materials, and manufacturing to support sustainability and resilience in everyday life.<\/li>\n\n\n\n<li><strong>Food and nutrition<\/strong> \u2013 Addressing resilience through nutrition, food security, sustainable diets, and innovative food practices.<\/li>\n\n\n\n<li><strong>Consumer education<\/strong> \u2013 Empowering individuals and communities with knowledge and skills for sustainable and resilient living.<\/li>\n\n\n\n<li><strong>Sustainability and globalisation<\/strong> \u2013 Exploring the impact of global trends, supply chains, and policies on household resilience and resource management.<\/li>\n\n\n\n<li><strong>Education, teaching and learning in Home Economics \/ Family and Consumer Sciences<\/strong> \u2013 Pedagogical innovation, experiential learning, and community-focused methods for preparedness and resilience.<\/li>\n\n\n\n<li><strong>Curriculum development<\/strong> \u2013 Designing and implementing curricula that integrate sustainability, resilience, and preparedness into Home Economics and related disciplines.<\/li>\n\n\n\n<li><strong>Family and related social issues<\/strong> \u2013 Understanding and addressing the social, cultural, and economic factors influencing household resilience.<\/li>\n\n\n\n<li><strong>Community engagement and outreach<\/strong> \u2013 Building partnerships and collaborative initiatives to strengthen community preparedness and sustainable living.<\/li>\n\n\n\n<li><strong>Housing and interior<\/strong> \u2013 Design and organisation of living spaces to promote efficiency, safety, and adaptability in changing circumstances.<\/li>\n<\/ol>\n\n\n\n<h3 class=\"wp-block-heading\">Submission Guidelines<\/h3>\n\n\n\n<h4 class=\"wp-block-heading\">Presentation Types<\/h4>\n\n\n\n<ul class=\"wp-block-list\">\n<li><strong>Oral Presentations:<\/strong>&nbsp;(Presentations of original research, theoretical discussions, or case studies) <\/li>\n\n\n\n<li><strong>Poster Presentations (<\/strong>Presentations of original research, theoretical discussions, or case studies)<\/li>\n\n\n\n<li><strong>Thematic workshops (<\/strong>Presentations of original research, theoretical discussions, or best practices)<\/li>\n<\/ul>\n\n\n\n<h2 class=\"wp-block-heading\">Important Dates<\/h2>\n\n\n\n<ul class=\"wp-block-list\">\n<li><strong>Save the Date Announcement:<\/strong> June 16, 2025<\/li>\n\n\n\n<li><strong>Call for Abstracts Opens:<\/strong> October 1, 2025<\/li>\n\n\n\n<li><strong>First wave of Abstract Submission Opens:<\/strong> November 1, 2025<\/li>\n\n\n\n<li><strong>Registration Opens:<\/strong> February 1, 2026<\/li>\n\n\n\n<li><strong>Abstract Submission (First wave) Deadline:<\/strong> March 1, 2026<\/li>\n\n\n\n<li><strong>Second wave of Abstract Submissions Opens<\/strong>: March 10, 2026<\/li>\n\n\n\n<li><strong>Notification of Abstract Acceptance (First wave): &nbsp;<\/strong> April 1, 2026<\/li>\n\n\n\n<li><strong>Second wave of Abstract Submission Deadline:<\/strong> April 1, 2026<\/li>\n\n\n\n<li><strong>Second wave of Notification of Abstract Acceptance<\/strong>: May 1, 2026<\/li>\n<\/ul>\n\n\n\n<p><strong>Conference Website:<\/strong> <a href=\"https:\/\/sites.uef.fi\/ifhe-europe2026\/\">https:\/\/sites.uef.fi\/ifhe-europe2026\/<br><\/a><strong>Contact:<\/strong> <a href=\"mailto:ifhe-joensuu-26@uef.fi\">ifhe-joensuu-26@uef.fi<\/a><\/p>\n\n\n\n<p>Follow updates on: <a href=\"https:\/\/sites.uef.fi\/ifhe-europe2026\/\">https:\/\/sites.uef.fi\/ifhe-europe2026\/<\/a><\/p>\n\n\n\n<p><strong>Abstraktihaku<\/strong><br><strong>IFHE Euroopan vuosikokous ja teemakonferenssi 2026<\/strong><br><strong>Joensuu, Suomi 5.\u20136. lokakuuta 2026<\/strong><br>Kansainv\u00e4linen kotitaloustieteiden liitto (IFHE) kutsuu teid\u00e4t osallistumaan IFHE Euroopan vuosikokoukseen ja teemakonferenssiin 5.-6. lokakuuta 2026 Joensuuhun.<br>Toivotamme l\u00e4mpim\u00e4sti tervetulleiksi kaikki tutkijat, opettajat ja ammattilaiset j\u00e4tt\u00e4m\u00e4\u00e4n abstrakteja <strong>artikkeleista, aihioista ja ty\u00f6pajoista<\/strong> konferenssia koskevista aiheista.<\/p>\n\n\n\n<p>Linkki abstraktihakuun: <a href=\"https:\/\/registration.contio.fi\/uef\/Registration\/Login?id=10023-T_10023-11546&amp;lang=en\" target=\"_blank\" rel=\"noreferrer noopener\">Call for Abstracts<\/a>&nbsp;<br><br><strong>Teema<\/strong><br><strong>Uudelleenajattelu ja uudelleenorganisointi \u2013 Kotitaloustiede vahvistamassa arjen valmiuksia ja resilienssi\u00e4<\/strong><br>Konferenssi nostaa esiin kotitaloustieteen keskeisen roolin arjen valmiuksien ja resilienssin vahvistamisessa. Tavoitteena on tuoda esille innovatiivisia ratkaisuja, kest\u00e4vi\u00e4 k\u00e4yt\u00e4nt\u00f6j\u00e4 ja opetuksellisia strategioita, jotka tukevat yksil\u00f6it\u00e4, kotitalouksia ja yhteis\u00f6j\u00e4 selviytym\u00e4\u00e4n ja menestym\u00e4\u00e4n muuttuvissa olosuhteissa.<br>Kutsumme mukaan esityksi\u00e4, jotka k\u00e4sittelev\u00e4t mm.:<br>Innovatiivisia l\u00e4hestymistapoja kotitalouksien resurssien hallintaan, kest\u00e4vien k\u00e4yt\u00e4nt\u00f6jen toteuttamiseen ja el\u00e4m\u00e4nlaadun parantamiseen.<br>Perinteisten k\u00e4sity\u00f6tekniikoiden ja nykyaikaisten menetelmien yhdist\u00e4mist\u00e4 kest\u00e4v\u00e4n k\u00e4sity\u00f6osaamisen edist\u00e4miseksi ja kulttuuriperinn\u00f6n s\u00e4ilytt\u00e4miseksi.<br>Opetuksellisia strategioita ja menetelmi\u00e4 kotitaloustieteen opetukseen, mukaan lukien opetussuunnitelmien kehitt\u00e4miseen kokemukselliseen oppimiseen ja yhteis\u00f6l\u00e4ht\u00f6iseen toimintaan.<\/p>\n\n\n\n<p><br><strong>Esitysteemat<\/strong><\/p>\n\n\n\n<p><br>Konferenssin p\u00e4\u00e4teeman mukaisesti: <strong>Uudelleenajattelu ja uudelleenorganisointi: Kotitaloustiede vahvistamassa arjen valmiuksia ja resilienssi\u00e4, <\/strong>konferenssi kutsuu mukaan esitelmi\u00e4 t\u00e4h\u00e4n teemaan liittyen. Kirjoittajan tulee valita ja ilmoittaa esitykseen sopivin seuraavista alateemoista:<\/p>\n\n\n\n<p><br>1. <strong>Korjaaminen<\/strong> \u2013 Tekniikat ja taidot kodin esineiden, tekstiilien ja k\u00e4sit\u00f6iden korjaamiseen ja yll\u00e4pitoon kest\u00e4v\u00e4n kulutuksen tukemiseksi.<br>2. <strong>Uudelleenarviointi<\/strong> \u2013 Uudet ideat kodin hallinnan, resurssien k\u00e4yt\u00f6n ja k\u00e4sity\u00f6perinteiden uudelleenajatteluun resilienssin ja ymp\u00e4rist\u00f6vastuun n\u00e4k\u00f6kulmasta.<br>3. <strong>Uudelleenorganisointi<\/strong> \u2013 Strategiat kotien, k\u00e4sity\u00f6tilojen ja elinymp\u00e4rist\u00f6jen uudelleenorganisoimiseksi toiminnallisuuden, tehokkuuden ja valmiuksien lis\u00e4\u00e4miseksi. Menetelm\u00e4t j\u00e4tteen (tekstiilit, ruoka, energia, vesi) v\u00e4hent\u00e4miseksi.<br>4. <strong>Vaatetus, tekstiilit ja uudet teknologiat<\/strong> \u2013 Suunnittelun, materiaalien ja valmistuksen innovaatiot kest\u00e4vyyden ja resilienssin tukemiseksi.<br>5. <strong>Ruoka ja ravitsemus<\/strong> \u2013 Resilienssi ravitsemuksen, ruokaturvan, kest\u00e4vien ruokavalioiden ja innovatiivisten ruokak\u00e4yt\u00e4nt\u00f6jen kautta.<br>6. <strong>Kuluttajakasvatus<\/strong> \u2013 Yksil\u00f6iden ja yhteis\u00f6jen voimaannuttaminen kest\u00e4v\u00e4n ja resilienssi\u00e4 tukevilla arjen tiedoilla ja taidoilla.<br>7. <strong>Kest\u00e4vyys ja globalisaatio<\/strong> \u2013 Globaalien trendien, toimitusketjujen ja politiikan vaikutukset kotitalouksien resilienssiin.<br>8. <strong>Opetus, oppiminen ja kotitaloustiede<\/strong> \u2013 Pedagogiset innovaatiot, kokemuksellinen oppiminen ja yhteis\u00f6l\u00e4ht\u00f6iset l\u00e4hestymistavat.<br>9. <strong>Opetussuunnitelmien kehitt\u00e4minen<\/strong> \u2013 Kest\u00e4vyytt\u00e4, resilienssi\u00e4 ja valmiuksia integroivien opetussuunnitelmien suunnittelu ja toteutus.<br>10. <strong>Perhe ja perheeseen liittyv\u00e4t sosiaaliset kysymykset<\/strong> \u2013 Sosiaalisten, kulttuuristen ja taloudellisten tekij\u00f6iden vaikutus kotitalouksien resilienssiin.<br>11. <strong>Yhteis\u00f6jen osallistaminen ja yhteisty\u00f6 \u2013 <\/strong>Yhteisty\u00f6hankkeiden ja kumppanuuksien vahvistaminen kest\u00e4v\u00e4n arjen rakentamiseksi<br>12. <strong>Asuminen ja sisustus<\/strong> \u2013 Asuintilojen suunnittelu ja organisointi tehokkuuden, turvallisuuden ja muuntautumiskyvyn edist\u00e4miseksi.<br><br><strong>Esitystyypit<\/strong><\/p>\n\n\n\n<p><br><strong>Suulliset esitykset<\/strong>: Alkuper\u00e4inen tutkimus, teoreettinen keskustelu tai tapaustutkimus<br><strong>Posterit<\/strong>: Visuaaliset esitykset alkuper\u00e4isest\u00e4 tutkimuksesta, teoreettisista keskusteluista tai tapaustutkimuksista.<br><strong>Teemalliset ty\u00f6pajat<\/strong>: Vuorovaikutteiset sessiot tutkimuksesta, k\u00e4yt\u00e4nn\u00f6ist\u00e4 tai parhaista toimintatavoista.<\/p>\n\n\n\n<p><\/p>\n","protected":false},"excerpt":{"rendered":"<p>IFHE European Annual Meeting &amp; Thematic Conference 2026 Finland, JoensuuOctober 5\u20136, 2026 The International Federation for Home Economics (IFHE) is pleased to announce the European Annual Meeting and Thematic Conference 2026, to be held on October 5\u20136, 2026 in Joensuu, Finland. We warmly invite researchers, educators, and practitioners in the field of Home Economics to [&hellip;]<\/p>\n","protected":false},"author":1333,"featured_media":0,"parent":0,"menu_order":0,"comment_status":"closed","ping_status":"closed","template":"","meta":{"_acf_changed":false,"footnotes":""},"class_list":["post-133","page","type-page","status-publish","hentry"],"acf":[],"yoast_head":"<!-- This site is optimized with the Yoast SEO plugin v27.1.1 - https:\/\/yoast.com\/product\/yoast-seo-wordpress\/ -->\n<title>Call for Abstracts\/ Abstraktihaku - IFHE European Thematic Conference 2026<\/title>\n<meta name=\"robots\" content=\"index, follow, max-snippet:-1, max-image-preview:large, max-video-preview:-1\" \/>\n<link rel=\"canonical\" href=\"https:\/\/sites.uef.fi\/ifhe-europe2026\/call-for-abstracts\/\" \/>\n<meta property=\"og:locale\" content=\"en_US\" \/>\n<meta property=\"og:type\" content=\"article\" \/>\n<meta property=\"og:title\" content=\"Call for Abstracts\/ Abstraktihaku - IFHE European Thematic Conference 2026\" \/>\n<meta property=\"og:description\" content=\"IFHE European Annual Meeting &amp; Thematic Conference 2026 Finland, JoensuuOctober 5\u20136, 2026 The International Federation for Home Economics (IFHE) is pleased to announce the European Annual Meeting and Thematic Conference 2026, to be held on October 5\u20136, 2026 in Joensuu, Finland. We warmly invite researchers, educators, and practitioners in the field of Home Economics to [&hellip;]\" \/>\n<meta property=\"og:url\" content=\"https:\/\/sites.uef.fi\/ifhe-europe2026\/call-for-abstracts\/\" \/>\n<meta property=\"og:site_name\" content=\"IFHE European Thematic Conference 2026\" \/>\n<meta property=\"article:modified_time\" content=\"2026-03-23T08:39:42+00:00\" \/>\n<meta name=\"twitter:card\" content=\"summary_large_image\" \/>\n<meta name=\"twitter:label1\" content=\"Est. reading time\" \/>\n\t<meta name=\"twitter:data1\" content=\"5 minutes\" \/>\n<script type=\"application\/ld+json\" class=\"yoast-schema-graph\">{\"@context\":\"https:\/\/schema.org\",\"@graph\":[{\"@type\":\"WebPage\",\"@id\":\"https:\/\/sites.uef.fi\/ifhe-europe2026\/call-for-abstracts\/\",\"url\":\"https:\/\/sites.uef.fi\/ifhe-europe2026\/call-for-abstracts\/\",\"name\":\"Call for Abstracts\/ Abstraktihaku - IFHE European Thematic Conference 2026\",\"isPartOf\":{\"@id\":\"https:\/\/sites.uef.fi\/ifhe-europe2026\/#website\"},\"datePublished\":\"2025-10-01T13:11:42+00:00\",\"dateModified\":\"2026-03-23T08:39:42+00:00\",\"breadcrumb\":{\"@id\":\"https:\/\/sites.uef.fi\/ifhe-europe2026\/call-for-abstracts\/#breadcrumb\"},\"inLanguage\":\"en-US\",\"potentialAction\":[{\"@type\":\"ReadAction\",\"target\":[\"https:\/\/sites.uef.fi\/ifhe-europe2026\/call-for-abstracts\/\"]}]},{\"@type\":\"BreadcrumbList\",\"@id\":\"https:\/\/sites.uef.fi\/ifhe-europe2026\/call-for-abstracts\/#breadcrumb\",\"itemListElement\":[{\"@type\":\"ListItem\",\"position\":1,\"name\":\"Home\",\"item\":\"https:\/\/sites.uef.fi\/ifhe-europe2026\/\"},{\"@type\":\"ListItem\",\"position\":2,\"name\":\"Call for Abstracts\/ Abstraktihaku\"}]},{\"@type\":\"WebSite\",\"@id\":\"https:\/\/sites.uef.fi\/ifhe-europe2026\/#website\",\"url\":\"https:\/\/sites.uef.fi\/ifhe-europe2026\/\",\"name\":\"IFHE European Thematic Conference 2026\",\"description\":\"\",\"potentialAction\":[{\"@type\":\"SearchAction\",\"target\":{\"@type\":\"EntryPoint\",\"urlTemplate\":\"https:\/\/sites.uef.fi\/ifhe-europe2026\/?s={search_term_string}\"},\"query-input\":{\"@type\":\"PropertyValueSpecification\",\"valueRequired\":true,\"valueName\":\"search_term_string\"}}],\"inLanguage\":\"en-US\"}]}<\/script>\n<!-- \/ Yoast SEO plugin. -->","yoast_head_json":{"title":"Call for Abstracts\/ Abstraktihaku - IFHE European Thematic Conference 2026","robots":{"index":"index","follow":"follow","max-snippet":"max-snippet:-1","max-image-preview":"max-image-preview:large","max-video-preview":"max-video-preview:-1"},"canonical":"https:\/\/sites.uef.fi\/ifhe-europe2026\/call-for-abstracts\/","og_locale":"en_US","og_type":"article","og_title":"Call for Abstracts\/ Abstraktihaku - IFHE European Thematic Conference 2026","og_description":"IFHE European Annual Meeting &amp; Thematic Conference 2026 Finland, JoensuuOctober 5\u20136, 2026 The International Federation for Home Economics (IFHE) is pleased to announce the European Annual Meeting and Thematic Conference 2026, to be held on October 5\u20136, 2026 in Joensuu, Finland. We warmly invite researchers, educators, and practitioners in the field of Home Economics to [&hellip;]","og_url":"https:\/\/sites.uef.fi\/ifhe-europe2026\/call-for-abstracts\/","og_site_name":"IFHE European Thematic Conference 2026","article_modified_time":"2026-03-23T08:39:42+00:00","twitter_card":"summary_large_image","twitter_misc":{"Est. reading time":"5 minutes"},"schema":{"@context":"https:\/\/schema.org","@graph":[{"@type":"WebPage","@id":"https:\/\/sites.uef.fi\/ifhe-europe2026\/call-for-abstracts\/","url":"https:\/\/sites.uef.fi\/ifhe-europe2026\/call-for-abstracts\/","name":"Call for Abstracts\/ Abstraktihaku - IFHE European Thematic Conference 2026","isPartOf":{"@id":"https:\/\/sites.uef.fi\/ifhe-europe2026\/#website"},"datePublished":"2025-10-01T13:11:42+00:00","dateModified":"2026-03-23T08:39:42+00:00","breadcrumb":{"@id":"https:\/\/sites.uef.fi\/ifhe-europe2026\/call-for-abstracts\/#breadcrumb"},"inLanguage":"en-US","potentialAction":[{"@type":"ReadAction","target":["https:\/\/sites.uef.fi\/ifhe-europe2026\/call-for-abstracts\/"]}]},{"@type":"BreadcrumbList","@id":"https:\/\/sites.uef.fi\/ifhe-europe2026\/call-for-abstracts\/#breadcrumb","itemListElement":[{"@type":"ListItem","position":1,"name":"Home","item":"https:\/\/sites.uef.fi\/ifhe-europe2026\/"},{"@type":"ListItem","position":2,"name":"Call for Abstracts\/ Abstraktihaku"}]},{"@type":"WebSite","@id":"https:\/\/sites.uef.fi\/ifhe-europe2026\/#website","url":"https:\/\/sites.uef.fi\/ifhe-europe2026\/","name":"IFHE European Thematic Conference 2026","description":"","potentialAction":[{"@type":"SearchAction","target":{"@type":"EntryPoint","urlTemplate":"https:\/\/sites.uef.fi\/ifhe-europe2026\/?s={search_term_string}"},"query-input":{"@type":"PropertyValueSpecification","valueRequired":true,"valueName":"search_term_string"}}],"inLanguage":"en-US"}]}},"_links":{"self":[{"href":"https:\/\/sites.uef.fi\/ifhe-europe2026\/wp-json\/wp\/v2\/pages\/133","targetHints":{"allow":["GET"]}}],"collection":[{"href":"https:\/\/sites.uef.fi\/ifhe-europe2026\/wp-json\/wp\/v2\/pages"}],"about":[{"href":"https:\/\/sites.uef.fi\/ifhe-europe2026\/wp-json\/wp\/v2\/types\/page"}],"author":[{"embeddable":true,"href":"https:\/\/sites.uef.fi\/ifhe-europe2026\/wp-json\/wp\/v2\/users\/1333"}],"replies":[{"embeddable":true,"href":"https:\/\/sites.uef.fi\/ifhe-europe2026\/wp-json\/wp\/v2\/comments?post=133"}],"version-history":[{"count":2,"href":"https:\/\/sites.uef.fi\/ifhe-europe2026\/wp-json\/wp\/v2\/pages\/133\/revisions"}],"predecessor-version":[{"id":284,"href":"https:\/\/sites.uef.fi\/ifhe-europe2026\/wp-json\/wp\/v2\/pages\/133\/revisions\/284"}],"wp:attachment":[{"href":"https:\/\/sites.uef.fi\/ifhe-europe2026\/wp-json\/wp\/v2\/media?parent=133"}],"curies":[{"name":"wp","href":"https:\/\/api.w.org\/{rel}","templated":true}]}}