{"id":76,"date":"2025-05-14T12:38:55","date_gmt":"2025-05-14T12:38:55","guid":{"rendered":"https:\/\/sites.uef.fi\/ifhe-europe2026\/?page_id=76"},"modified":"2026-02-27T07:59:54","modified_gmt":"2026-02-27T05:59:54","slug":"frontpage","status":"publish","type":"page","link":"https:\/\/sites.uef.fi\/ifhe-europe2026\/","title":{"rendered":"Front Page"},"content":{"rendered":"\n<figure class=\"wp-block-image size-full\"><img loading=\"lazy\" decoding=\"async\" width=\"708\" height=\"246\" src=\"https:\/\/sites.uef.fi\/ifhe-europe2026\/wp-content\/uploads\/sites\/554\/2025\/06\/IFHE_Logo_seite_Text.jpg\" alt=\"\" class=\"wp-image-87\" srcset=\"https:\/\/sites.uef.fi\/ifhe-europe2026\/wp-content\/uploads\/sites\/554\/2025\/06\/IFHE_Logo_seite_Text.jpg 708w, https:\/\/sites.uef.fi\/ifhe-europe2026\/wp-content\/uploads\/sites\/554\/2025\/06\/IFHE_Logo_seite_Text-300x104.jpg 300w\" sizes=\"auto, (max-width: 708px) 100vw, 708px\" \/><\/figure>\n\n\n\n<p>IFHE European Conference will be held at Joensuu 5.-6.10.2026. Theme of the conference is <strong>Rethink and Re-organise \u2013 Home Economics bringing preparedness and resilience to everyday life<\/strong><\/p>\n\n\n\n<p>The thematic conference\u2019s focus is on the&nbsp;<strong>vital role of Home Economics in fostering preparedness and resilience in daily life<\/strong>. The conference aims to highlight innovative solutions, sustainable practices and educational strategies that equip individuals, households, and communities to thrive in changing circumstances!<\/p>\n\n\n\n<p>IFHE Euroopan konferenssi j\u00e4rjestet\u00e4\u00e4n Joensuussa 5.-6.10.2026. Konferenssin teemana on <strong>Uudelleenajattelu ja uudelleenorganisointi \u2013 Kotitaloustiede vahvistamassa arjen valmiuksia ja resilienssi\u00e4<\/strong><\/p>\n\n\n\n<p><br>Konferenssi nostaa esiin kotitaloustieteen keskeisen roolin arjen valmiuksien ja resilienssin vahvistamisessa. Tavoitteena on tuoda esille innovatiivisia ratkaisuja, kest\u00e4vi\u00e4 k\u00e4yt\u00e4nt\u00f6j\u00e4 ja opetuksellisia strategioita, jotka tukevat yksil\u00f6it\u00e4, kotitalouksia ja yhteis\u00f6j\u00e4 selviytym\u00e4\u00e4n ja menestym\u00e4\u00e4n muuttuvissa olosuhteissa.<\/p>\n\n\n\n<p><strong>The conference language is English. Presentations can be delivered also in Finnish and Swedish if it is justified and relevant for the presentation content.&#8221;<\/strong><\/p>\n\n\n\n<p>For more information you can ask via email\/Lis\u00e4tietoja ifhe-joensuu-26@uef.fi<\/p>\n\n\n\n<p><\/p>\n","protected":false},"excerpt":{"rendered":"<p>IFHE European Conference will be held at Joensuu 5.-6.10.2026. Theme of the conference is Rethink and Re-organise \u2013 Home Economics bringing preparedness and resilience to everyday life The thematic conference\u2019s focus is on the&nbsp;vital role of Home Economics in fostering preparedness and resilience in daily life. The conference aims to highlight innovative solutions, sustainable practices [&hellip;]<\/p>\n","protected":false},"author":2,"featured_media":0,"parent":0,"menu_order":0,"comment_status":"closed","ping_status":"closed","template":"","meta":{"_acf_changed":false,"footnotes":""},"class_list":["post-76","page","type-page","status-publish","hentry"],"acf":[],"yoast_head":"<!-- This site is optimized with the Yoast SEO plugin v27.1.1 - https:\/\/yoast.com\/product\/yoast-seo-wordpress\/ -->\n<title>Front Page - IFHE European Thematic Conference 2026<\/title>\n<meta name=\"robots\" content=\"index, follow, max-snippet:-1, max-image-preview:large, max-video-preview:-1\" \/>\n<link rel=\"canonical\" href=\"https:\/\/sites.uef.fi\/ifhe-europe2026\/\" \/>\n<meta property=\"og:locale\" content=\"en_US\" \/>\n<meta property=\"og:type\" content=\"article\" \/>\n<meta property=\"og:title\" content=\"Front Page - IFHE European Thematic Conference 2026\" \/>\n<meta property=\"og:description\" content=\"IFHE European Conference will be held at Joensuu 5.-6.10.2026. Theme of the conference is Rethink and Re-organise \u2013 Home Economics bringing preparedness and resilience to everyday life The thematic conference\u2019s focus is on the&nbsp;vital role of Home Economics in fostering preparedness and resilience in daily life. The conference aims to highlight innovative solutions, sustainable practices [&hellip;]\" \/>\n<meta property=\"og:url\" content=\"https:\/\/sites.uef.fi\/ifhe-europe2026\/\" \/>\n<meta property=\"og:site_name\" content=\"IFHE European Thematic Conference 2026\" \/>\n<meta property=\"article:modified_time\" content=\"2026-02-27T05:59:54+00:00\" \/>\n<meta property=\"og:image\" content=\"https:\/\/sites.uef.fi\/ifhe-europe2026\/wp-content\/uploads\/sites\/554\/2025\/06\/IFHE_Logo_seite_Text.jpg\" \/>\n\t<meta property=\"og:image:width\" content=\"708\" \/>\n\t<meta property=\"og:image:height\" content=\"246\" \/>\n\t<meta property=\"og:image:type\" content=\"image\/jpeg\" \/>\n<meta name=\"twitter:card\" content=\"summary_large_image\" \/>\n<meta name=\"twitter:label1\" content=\"Est. reading time\" \/>\n\t<meta name=\"twitter:data1\" content=\"1 minute\" \/>\n<script type=\"application\/ld+json\" class=\"yoast-schema-graph\">{\"@context\":\"https:\/\/schema.org\",\"@graph\":[{\"@type\":\"WebPage\",\"@id\":\"https:\/\/sites.uef.fi\/ifhe-europe2026\/\",\"url\":\"https:\/\/sites.uef.fi\/ifhe-europe2026\/\",\"name\":\"Front Page - IFHE European Thematic Conference 2026\",\"isPartOf\":{\"@id\":\"https:\/\/sites.uef.fi\/ifhe-europe2026\/#website\"},\"primaryImageOfPage\":{\"@id\":\"https:\/\/sites.uef.fi\/ifhe-europe2026\/#primaryimage\"},\"image\":{\"@id\":\"https:\/\/sites.uef.fi\/ifhe-europe2026\/#primaryimage\"},\"thumbnailUrl\":\"https:\/\/sites.uef.fi\/ifhe-europe2026\/wp-content\/uploads\/sites\/554\/2025\/06\/IFHE_Logo_seite_Text.jpg\",\"datePublished\":\"2025-05-14T12:38:55+00:00\",\"dateModified\":\"2026-02-27T05:59:54+00:00\",\"breadcrumb\":{\"@id\":\"https:\/\/sites.uef.fi\/ifhe-europe2026\/#breadcrumb\"},\"inLanguage\":\"en-US\",\"potentialAction\":[{\"@type\":\"ReadAction\",\"target\":[\"https:\/\/sites.uef.fi\/ifhe-europe2026\/\"]}]},{\"@type\":\"ImageObject\",\"inLanguage\":\"en-US\",\"@id\":\"https:\/\/sites.uef.fi\/ifhe-europe2026\/#primaryimage\",\"url\":\"https:\/\/sites.uef.fi\/ifhe-europe2026\/wp-content\/uploads\/sites\/554\/2025\/06\/IFHE_Logo_seite_Text.jpg\",\"contentUrl\":\"https:\/\/sites.uef.fi\/ifhe-europe2026\/wp-content\/uploads\/sites\/554\/2025\/06\/IFHE_Logo_seite_Text.jpg\",\"width\":708,\"height\":246},{\"@type\":\"BreadcrumbList\",\"@id\":\"https:\/\/sites.uef.fi\/ifhe-europe2026\/#breadcrumb\",\"itemListElement\":[{\"@type\":\"ListItem\",\"position\":1,\"name\":\"Home\",\"item\":\"https:\/\/sites.uef.fi\/ifhe-europe2026\/\"},{\"@type\":\"ListItem\",\"position\":2,\"name\":\"Front Page\"}]},{\"@type\":\"WebSite\",\"@id\":\"https:\/\/sites.uef.fi\/ifhe-europe2026\/#website\",\"url\":\"https:\/\/sites.uef.fi\/ifhe-europe2026\/\",\"name\":\"IFHE European Thematic Conference 2026\",\"description\":\"\",\"potentialAction\":[{\"@type\":\"SearchAction\",\"target\":{\"@type\":\"EntryPoint\",\"urlTemplate\":\"https:\/\/sites.uef.fi\/ifhe-europe2026\/?s={search_term_string}\"},\"query-input\":{\"@type\":\"PropertyValueSpecification\",\"valueRequired\":true,\"valueName\":\"search_term_string\"}}],\"inLanguage\":\"en-US\"}]}<\/script>\n<!-- \/ Yoast SEO plugin. -->","yoast_head_json":{"title":"Front Page - IFHE European Thematic Conference 2026","robots":{"index":"index","follow":"follow","max-snippet":"max-snippet:-1","max-image-preview":"max-image-preview:large","max-video-preview":"max-video-preview:-1"},"canonical":"https:\/\/sites.uef.fi\/ifhe-europe2026\/","og_locale":"en_US","og_type":"article","og_title":"Front Page - IFHE European Thematic Conference 2026","og_description":"IFHE European Conference will be held at Joensuu 5.-6.10.2026. Theme of the conference is Rethink and Re-organise \u2013 Home Economics bringing preparedness and resilience to everyday life The thematic conference\u2019s focus is on the&nbsp;vital role of Home Economics in fostering preparedness and resilience in daily life. The conference aims to highlight innovative solutions, sustainable practices [&hellip;]","og_url":"https:\/\/sites.uef.fi\/ifhe-europe2026\/","og_site_name":"IFHE European Thematic Conference 2026","article_modified_time":"2026-02-27T05:59:54+00:00","og_image":[{"width":708,"height":246,"url":"https:\/\/sites.uef.fi\/ifhe-europe2026\/wp-content\/uploads\/sites\/554\/2025\/06\/IFHE_Logo_seite_Text.jpg","type":"image\/jpeg"}],"twitter_card":"summary_large_image","twitter_misc":{"Est. reading time":"1 minute"},"schema":{"@context":"https:\/\/schema.org","@graph":[{"@type":"WebPage","@id":"https:\/\/sites.uef.fi\/ifhe-europe2026\/","url":"https:\/\/sites.uef.fi\/ifhe-europe2026\/","name":"Front Page - IFHE European Thematic Conference 2026","isPartOf":{"@id":"https:\/\/sites.uef.fi\/ifhe-europe2026\/#website"},"primaryImageOfPage":{"@id":"https:\/\/sites.uef.fi\/ifhe-europe2026\/#primaryimage"},"image":{"@id":"https:\/\/sites.uef.fi\/ifhe-europe2026\/#primaryimage"},"thumbnailUrl":"https:\/\/sites.uef.fi\/ifhe-europe2026\/wp-content\/uploads\/sites\/554\/2025\/06\/IFHE_Logo_seite_Text.jpg","datePublished":"2025-05-14T12:38:55+00:00","dateModified":"2026-02-27T05:59:54+00:00","breadcrumb":{"@id":"https:\/\/sites.uef.fi\/ifhe-europe2026\/#breadcrumb"},"inLanguage":"en-US","potentialAction":[{"@type":"ReadAction","target":["https:\/\/sites.uef.fi\/ifhe-europe2026\/"]}]},{"@type":"ImageObject","inLanguage":"en-US","@id":"https:\/\/sites.uef.fi\/ifhe-europe2026\/#primaryimage","url":"https:\/\/sites.uef.fi\/ifhe-europe2026\/wp-content\/uploads\/sites\/554\/2025\/06\/IFHE_Logo_seite_Text.jpg","contentUrl":"https:\/\/sites.uef.fi\/ifhe-europe2026\/wp-content\/uploads\/sites\/554\/2025\/06\/IFHE_Logo_seite_Text.jpg","width":708,"height":246},{"@type":"BreadcrumbList","@id":"https:\/\/sites.uef.fi\/ifhe-europe2026\/#breadcrumb","itemListElement":[{"@type":"ListItem","position":1,"name":"Home","item":"https:\/\/sites.uef.fi\/ifhe-europe2026\/"},{"@type":"ListItem","position":2,"name":"Front Page"}]},{"@type":"WebSite","@id":"https:\/\/sites.uef.fi\/ifhe-europe2026\/#website","url":"https:\/\/sites.uef.fi\/ifhe-europe2026\/","name":"IFHE European Thematic Conference 2026","description":"","potentialAction":[{"@type":"SearchAction","target":{"@type":"EntryPoint","urlTemplate":"https:\/\/sites.uef.fi\/ifhe-europe2026\/?s={search_term_string}"},"query-input":{"@type":"PropertyValueSpecification","valueRequired":true,"valueName":"search_term_string"}}],"inLanguage":"en-US"}]}},"_links":{"self":[{"href":"https:\/\/sites.uef.fi\/ifhe-europe2026\/wp-json\/wp\/v2\/pages\/76","targetHints":{"allow":["GET"]}}],"collection":[{"href":"https:\/\/sites.uef.fi\/ifhe-europe2026\/wp-json\/wp\/v2\/pages"}],"about":[{"href":"https:\/\/sites.uef.fi\/ifhe-europe2026\/wp-json\/wp\/v2\/types\/page"}],"author":[{"embeddable":true,"href":"https:\/\/sites.uef.fi\/ifhe-europe2026\/wp-json\/wp\/v2\/users\/2"}],"replies":[{"embeddable":true,"href":"https:\/\/sites.uef.fi\/ifhe-europe2026\/wp-json\/wp\/v2\/comments?post=76"}],"version-history":[{"count":2,"href":"https:\/\/sites.uef.fi\/ifhe-europe2026\/wp-json\/wp\/v2\/pages\/76\/revisions"}],"predecessor-version":[{"id":267,"href":"https:\/\/sites.uef.fi\/ifhe-europe2026\/wp-json\/wp\/v2\/pages\/76\/revisions\/267"}],"wp:attachment":[{"href":"https:\/\/sites.uef.fi\/ifhe-europe2026\/wp-json\/wp\/v2\/media?parent=76"}],"curies":[{"name":"wp","href":"https:\/\/api.w.org\/{rel}","templated":true}]}}