{"id":95,"date":"2025-06-11T12:18:20","date_gmt":"2025-06-11T10:18:20","guid":{"rendered":"https:\/\/sites.uef.fi\/ifhe-europe2026\/?page_id=95"},"modified":"2026-03-23T10:43:19","modified_gmt":"2026-03-23T08:43:19","slug":"organisers","status":"publish","type":"page","link":"https:\/\/sites.uef.fi\/ifhe-europe2026\/organisers\/","title":{"rendered":"Organisers &#8211; J\u00e4rjest\u00e4j\u00e4t"},"content":{"rendered":"\n<figure class=\"wp-block-image size-full is-resized\"><img loading=\"lazy\" decoding=\"async\" width=\"500\" height=\"500\" src=\"https:\/\/sites.uef.fi\/ifhe-europe2026\/wp-content\/uploads\/sites\/554\/2026\/01\/UEF-KOTITALOUSKUVA.jpg\" alt=\"\" class=\"wp-image-221\" style=\"width:372px;height:auto\" srcset=\"https:\/\/sites.uef.fi\/ifhe-europe2026\/wp-content\/uploads\/sites\/554\/2026\/01\/UEF-KOTITALOUSKUVA.jpg 500w, https:\/\/sites.uef.fi\/ifhe-europe2026\/wp-content\/uploads\/sites\/554\/2026\/01\/UEF-KOTITALOUSKUVA-300x300.jpg 300w, https:\/\/sites.uef.fi\/ifhe-europe2026\/wp-content\/uploads\/sites\/554\/2026\/01\/UEF-KOTITALOUSKUVA-150x150.jpg 150w\" sizes=\"auto, (max-width: 500px) 100vw, 500px\" \/><\/figure>\n\n\n\n<p><strong>Organizing\u00a0Committee\u00a0&#8211; J\u00e4rjestelytoimikunta<\/strong>\u00a0<\/p>\n\n\n\n<ul class=\"wp-block-list\">\n<li>Hille Janhonen-Abruquah, PhD (FT), Professor of Home Economics&nbsp;(kotitaloustieteen&nbsp;professori) \u2013&nbsp;<\/li>\n<\/ul>\n\n\n\n<ul class=\"wp-block-list\">\n<li>Hanna&nbsp;Kuusisaari, EdD (KT), &nbsp;University&nbsp;Lecturer (yliopistonlehtori)&nbsp;&nbsp;<\/li>\n<\/ul>\n\n\n\n<ul class=\"wp-block-list\">\n<li>Johanna Hokkanen, EdD (KT), \u00a0University\u00a0Lecturer\u00a0(yliopistonlehtori)\u00a0\u00a0<\/li>\n<\/ul>\n\n\n\n<ul class=\"wp-block-list\">\n<li>Marilla Kortesalmi, PhD (FT), &nbsp;University Lecturer (yliopistonlehtori)&nbsp;&nbsp;<\/li>\n<\/ul>\n\n\n\n<ul class=\"wp-block-list\">\n<li>Mari\u00a0Ponkilainen,\u00a0MEd\u00a0(KM),\u00a0University\u00a0Teacher\u00a0(yliopisto-opettaja), Doctoral researcher (v\u00e4it\u00f6skirjatutkija)<\/li>\n<\/ul>\n\n\n\n<ul class=\"wp-block-list\">\n<li>Pinja Suomela,&nbsp;MEd&nbsp;(KM),&nbsp;Doctoral&nbsp;Researcher&nbsp;(v\u00e4it\u00f6skirjatutkija)&nbsp;&nbsp;<\/li>\n\n\n\n<li><\/li>\n<\/ul>\n\n\n\n<p><\/p>\n\n\n\n<p><strong>Conference&nbsp;Assistants&nbsp;&#8211; Konferenssiavustajat&nbsp;<\/strong><\/p>\n\n\n\n<ul class=\"wp-block-list\">\n<li>Elias Pusa,&nbsp;Bachelor of Home Economics (kotitalouden&nbsp;kandidaatti)&nbsp;&nbsp;<\/li>\n<\/ul>\n\n\n\n<ul class=\"wp-block-list\">\n<li>Krister Kuusisto,&nbsp;Bachelor of Home Economics (kotitalouden&nbsp;kandidaatti)&nbsp;&nbsp;<\/li>\n<\/ul>\n\n\n\n<ul class=\"wp-block-list\">\n<li>Henna&nbsp;Saarivuori, Bachelor student of Home Economics (kotitaloustieteen&nbsp;kandidaattiopiskelija)&nbsp;&nbsp;<\/li>\n<\/ul>\n\n\n\n<p><\/p>\n\n\n\n<div class=\"links-block\">\n\n            <h3>For more information contact &#8211; J\u00e4rjest\u00e4jien yhteystietoihin<\/h3>\n    \n    <ul class=\"link-list\">\n        \n            \n            <li class=\"link-list-item\">\n                <a href=\"https:\/\/uefconnect.uef.fi\/en\/uef-home-economics\/#people\" class=\"link-reset link hover-scale-down\">\n                    <svg\n        width=\"43\" height=\"25\"\n        viewBox=\"0 0 43 25\"\n        xmlns=\"http:\/\/www.w3.org\/2000\/svg\">\n    <path\n        d=\"M30.027 0 43 12.5 30.027 25 27 22.083 34.351 15H0v-5h34.351L27 2.917z\"\n        fill=\"currentColor\"\n        fill-rule=\"evenodd\"\/>\n<\/svg>                    <div> UEF Home Economics Research Group <\/div>\n                <\/a>\n                <div class=\"link-info\">\n                                    <\/div>\n            <\/li>\n\n                <\/ul>\n<\/div>\n\n\n<figure class=\"wp-block-image size-large is-resized\"><img loading=\"lazy\" decoding=\"async\" width=\"1024\" height=\"544\" src=\"https:\/\/sites.uef.fi\/ifhe-europe2026\/wp-content\/uploads\/sites\/554\/2025\/06\/Joensuun-kampus_Natura_3381-1024x544.jpg\" alt=\"\" class=\"wp-image-111\" style=\"width:550px;height:auto\" srcset=\"https:\/\/sites.uef.fi\/ifhe-europe2026\/wp-content\/uploads\/sites\/554\/2025\/06\/Joensuun-kampus_Natura_3381-1024x544.jpg 1024w, https:\/\/sites.uef.fi\/ifhe-europe2026\/wp-content\/uploads\/sites\/554\/2025\/06\/Joensuun-kampus_Natura_3381-300x159.jpg 300w, https:\/\/sites.uef.fi\/ifhe-europe2026\/wp-content\/uploads\/sites\/554\/2025\/06\/Joensuun-kampus_Natura_3381-768x408.jpg 768w, https:\/\/sites.uef.fi\/ifhe-europe2026\/wp-content\/uploads\/sites\/554\/2025\/06\/Joensuun-kampus_Natura_3381-1536x816.jpg 1536w, https:\/\/sites.uef.fi\/ifhe-europe2026\/wp-content\/uploads\/sites\/554\/2025\/06\/Joensuun-kampus_Natura_3381.jpg 2000w\" sizes=\"auto, (max-width: 1024px) 100vw, 1024px\" \/><\/figure>\n\n\n\n<h2 class=\"wp-block-heading\">Collaborators<\/h2>\n\n\n\n<div class=\"links-block\">\n\n            <h3>The Finnish Home Economics Federation<\/h3>\n    \n    <ul class=\"link-list\">\n        \n            \n            <li class=\"link-list-item\">\n                <a href=\"https:\/\/www.kotitalousopettajat.fi\/\" class=\"link-reset link hover-scale-down\">\n                    <svg\n        width=\"43\" height=\"25\"\n        viewBox=\"0 0 43 25\"\n        xmlns=\"http:\/\/www.w3.org\/2000\/svg\">\n    <path\n        d=\"M30.027 0 43 12.5 30.027 25 27 22.083 34.351 15H0v-5h34.351L27 2.917z\"\n        fill=\"currentColor\"\n        fill-rule=\"evenodd\"\/>\n<\/svg>                    <div>The Finnish Home Economics Federation<\/div>\n                <\/a>\n                <div class=\"link-info\">\n                                    <\/div>\n            <\/li>\n\n                <\/ul>\n<\/div>\n\n\n<div class=\"links-block\">\n\n    \n    <ul class=\"link-list\">\n            <\/ul>\n<\/div>\n\n\n<figure class=\"wp-block-image size-large is-resized\"><img loading=\"lazy\" decoding=\"async\" width=\"1024\" height=\"724\" src=\"https:\/\/sites.uef.fi\/ifhe-europe2026\/wp-content\/uploads\/sites\/554\/2025\/10\/Kotitalousopettajien-liitto-logo-pdf-1024x724.jpg\" alt=\"\" class=\"wp-image-158\" style=\"aspect-ratio:1.4143839353923389;width:663px;height:auto\" \/><\/figure>\n\n\n\n<h2 class=\"wp-block-heading\">Joensuun yliopiston tukis\u00e4\u00e4ti\u00f6<\/h2>\n\n\n\n<div class=\"links-block\">\n\n            <h3>Joensuu University Foundation <\/h3>\n    \n    <ul class=\"link-list\">\n        \n            \n            <li class=\"link-list-item\">\n                <a href=\"https:\/\/www.uef.fi\/en\/university-foundations\" class=\"link-reset link hover-scale-down\">\n                    <svg\n        width=\"43\" height=\"25\"\n        viewBox=\"0 0 43 25\"\n        xmlns=\"http:\/\/www.w3.org\/2000\/svg\">\n    <path\n        d=\"M30.027 0 43 12.5 30.027 25 27 22.083 34.351 15H0v-5h34.351L27 2.917z\"\n        fill=\"currentColor\"\n        fill-rule=\"evenodd\"\/>\n<\/svg>                    <div>University foundations<\/div>\n                <\/a>\n                <div class=\"link-info\">\n                                    <\/div>\n            <\/li>\n\n                <\/ul>\n<\/div>\n\n\n<figure class=\"wp-block-image size-large is-resized\"><img loading=\"lazy\" decoding=\"async\" width=\"1024\" height=\"640\" src=\"https:\/\/sites.uef.fi\/ifhe-europe2026\/wp-content\/uploads\/sites\/554\/2026\/02\/Joensuun_Yliopiston_Tukisaatio-10-1024x640.jpg\" alt=\"\" class=\"wp-image-241\" style=\"width:656px;height:auto\" srcset=\"https:\/\/sites.uef.fi\/ifhe-europe2026\/wp-content\/uploads\/sites\/554\/2026\/02\/Joensuun_Yliopiston_Tukisaatio-10-1024x640.jpg 1024w, https:\/\/sites.uef.fi\/ifhe-europe2026\/wp-content\/uploads\/sites\/554\/2026\/02\/Joensuun_Yliopiston_Tukisaatio-10-300x187.jpg 300w, https:\/\/sites.uef.fi\/ifhe-europe2026\/wp-content\/uploads\/sites\/554\/2026\/02\/Joensuun_Yliopiston_Tukisaatio-10-768x480.jpg 768w, https:\/\/sites.uef.fi\/ifhe-europe2026\/wp-content\/uploads\/sites\/554\/2026\/02\/Joensuun_Yliopiston_Tukisaatio-10-1536x960.jpg 1536w, https:\/\/sites.uef.fi\/ifhe-europe2026\/wp-content\/uploads\/sites\/554\/2026\/02\/Joensuun_Yliopiston_Tukisaatio-10-2048x1280.jpg 2048w\" sizes=\"auto, (max-width: 1024px) 100vw, 1024px\" \/><\/figure>\n\n\n\n<h2 class=\"wp-block-heading\">Tampereen Talouskoulun s\u00e4\u00e4ti\u00f6<\/h2>\n\n\n\n<figure class=\"wp-block-image size-large is-resized\"><img loading=\"lazy\" decoding=\"async\" width=\"1024\" height=\"441\" src=\"https:\/\/sites.uef.fi\/ifhe-europe2026\/wp-content\/uploads\/sites\/554\/2026\/02\/kuva-1024x441.png\" alt=\"\" class=\"wp-image-246\" style=\"aspect-ratio:2.322060470324748;width:657px;height:auto\" srcset=\"https:\/\/sites.uef.fi\/ifhe-europe2026\/wp-content\/uploads\/sites\/554\/2026\/02\/kuva-1024x441.png 1024w, https:\/\/sites.uef.fi\/ifhe-europe2026\/wp-content\/uploads\/sites\/554\/2026\/02\/kuva-300x129.png 300w, https:\/\/sites.uef.fi\/ifhe-europe2026\/wp-content\/uploads\/sites\/554\/2026\/02\/kuva-768x331.png 768w, https:\/\/sites.uef.fi\/ifhe-europe2026\/wp-content\/uploads\/sites\/554\/2026\/02\/kuva.png 1347w\" sizes=\"auto, (max-width: 1024px) 100vw, 1024px\" \/><\/figure>\n\n\n\n<h2 class=\"wp-block-heading\">Tieteellisten seurain valtuuskunta<\/h2>\n\n\n\n<div class=\"links-block\">\n\n    \n    <ul class=\"link-list\">\n            <\/ul>\n<\/div>\n\n\n<div class=\"links-block\">\n\n            <h3>Federation of Finnish Learned Societies<\/h3>\n    \n    <ul class=\"link-list\">\n        \n            \n            <li class=\"link-list-item\">\n                <a href=\"https:\/\/tsv.fi\/en\" class=\"link-reset link hover-scale-down\">\n                    <svg\n        width=\"43\" height=\"25\"\n        viewBox=\"0 0 43 25\"\n        xmlns=\"http:\/\/www.w3.org\/2000\/svg\">\n    <path\n        d=\"M30.027 0 43 12.5 30.027 25 27 22.083 34.351 15H0v-5h34.351L27 2.917z\"\n        fill=\"currentColor\"\n        fill-rule=\"evenodd\"\/>\n<\/svg>                    <div>The Federation of Finnish Learned Societies<\/div>\n                <\/a>\n                <div class=\"link-info\">\n                                    <\/div>\n            <\/li>\n\n                <\/ul>\n<\/div>\n\n\n<figure class=\"wp-block-image size-large is-resized\"><img loading=\"lazy\" decoding=\"async\" width=\"1024\" height=\"404\" src=\"https:\/\/sites.uef.fi\/ifhe-europe2026\/wp-content\/uploads\/sites\/554\/2026\/02\/logo-tsv-1024x404.png\" alt=\"\" class=\"wp-image-249\" style=\"aspect-ratio:2.5347154312536673;width:640px;height:auto\" srcset=\"https:\/\/sites.uef.fi\/ifhe-europe2026\/wp-content\/uploads\/sites\/554\/2026\/02\/logo-tsv-1024x404.png 1024w, https:\/\/sites.uef.fi\/ifhe-europe2026\/wp-content\/uploads\/sites\/554\/2026\/02\/logo-tsv-300x118.png 300w, https:\/\/sites.uef.fi\/ifhe-europe2026\/wp-content\/uploads\/sites\/554\/2026\/02\/logo-tsv-768x303.png 768w, https:\/\/sites.uef.fi\/ifhe-europe2026\/wp-content\/uploads\/sites\/554\/2026\/02\/logo-tsv-1536x607.png 1536w, https:\/\/sites.uef.fi\/ifhe-europe2026\/wp-content\/uploads\/sites\/554\/2026\/02\/logo-tsv-1440x568.png 1440w, https:\/\/sites.uef.fi\/ifhe-europe2026\/wp-content\/uploads\/sites\/554\/2026\/02\/logo-tsv.png 2036w\" sizes=\"auto, (max-width: 1024px) 100vw, 1024px\" \/><\/figure>\n","protected":false},"excerpt":{"rendered":"<p>Organizing\u00a0Committee\u00a0&#8211; J\u00e4rjestelytoimikunta\u00a0 Conference&nbsp;Assistants&nbsp;&#8211; Konferenssiavustajat&nbsp; Collaborators Joensuun yliopiston tukis\u00e4\u00e4ti\u00f6 Tampereen Talouskoulun s\u00e4\u00e4ti\u00f6 Tieteellisten seurain valtuuskunta<\/p>\n","protected":false},"author":1180,"featured_media":0,"parent":0,"menu_order":0,"comment_status":"closed","ping_status":"closed","template":"","meta":{"_acf_changed":false,"footnotes":""},"class_list":["post-95","page","type-page","status-publish","hentry"],"acf":[],"yoast_head":"<!-- This site is optimized with the Yoast SEO plugin v27.1.1 - https:\/\/yoast.com\/product\/yoast-seo-wordpress\/ -->\n<title>Organisers - J\u00e4rjest\u00e4j\u00e4t - IFHE European Thematic Conference 2026<\/title>\n<meta name=\"robots\" content=\"index, follow, max-snippet:-1, max-image-preview:large, max-video-preview:-1\" \/>\n<link rel=\"canonical\" href=\"https:\/\/sites.uef.fi\/ifhe-europe2026\/organisers\/\" \/>\n<meta property=\"og:locale\" content=\"en_US\" \/>\n<meta property=\"og:type\" content=\"article\" \/>\n<meta property=\"og:title\" content=\"Organisers - J\u00e4rjest\u00e4j\u00e4t - IFHE European Thematic Conference 2026\" \/>\n<meta property=\"og:description\" content=\"Organizing\u00a0Committee\u00a0&#8211; J\u00e4rjestelytoimikunta\u00a0 Conference&nbsp;Assistants&nbsp;&#8211; Konferenssiavustajat&nbsp; Collaborators Joensuun yliopiston tukis\u00e4\u00e4ti\u00f6 Tampereen Talouskoulun s\u00e4\u00e4ti\u00f6 Tieteellisten seurain valtuuskunta\" \/>\n<meta property=\"og:url\" content=\"https:\/\/sites.uef.fi\/ifhe-europe2026\/organisers\/\" \/>\n<meta property=\"og:site_name\" content=\"IFHE European Thematic Conference 2026\" \/>\n<meta property=\"article:modified_time\" content=\"2026-03-23T08:43:19+00:00\" \/>\n<meta property=\"og:image\" content=\"https:\/\/sites.uef.fi\/ifhe-europe2026\/wp-content\/uploads\/sites\/554\/2026\/01\/UEF-KOTITALOUSKUVA.jpg\" \/>\n\t<meta property=\"og:image:width\" content=\"500\" \/>\n\t<meta property=\"og:image:height\" content=\"500\" \/>\n\t<meta property=\"og:image:type\" content=\"image\/jpeg\" \/>\n<meta name=\"twitter:card\" content=\"summary_large_image\" \/>\n<meta name=\"twitter:label1\" content=\"Est. reading time\" \/>\n\t<meta name=\"twitter:data1\" content=\"2 minutes\" \/>\n<script type=\"application\/ld+json\" class=\"yoast-schema-graph\">{\"@context\":\"https:\/\/schema.org\",\"@graph\":[{\"@type\":\"WebPage\",\"@id\":\"https:\/\/sites.uef.fi\/ifhe-europe2026\/organisers\/\",\"url\":\"https:\/\/sites.uef.fi\/ifhe-europe2026\/organisers\/\",\"name\":\"Organisers - J\u00e4rjest\u00e4j\u00e4t - IFHE European Thematic Conference 2026\",\"isPartOf\":{\"@id\":\"https:\/\/sites.uef.fi\/ifhe-europe2026\/#website\"},\"primaryImageOfPage\":{\"@id\":\"https:\/\/sites.uef.fi\/ifhe-europe2026\/organisers\/#primaryimage\"},\"image\":{\"@id\":\"https:\/\/sites.uef.fi\/ifhe-europe2026\/organisers\/#primaryimage\"},\"thumbnailUrl\":\"https:\/\/sites.uef.fi\/ifhe-europe2026\/wp-content\/uploads\/sites\/554\/2026\/01\/UEF-KOTITALOUSKUVA.jpg\",\"datePublished\":\"2025-06-11T10:18:20+00:00\",\"dateModified\":\"2026-03-23T08:43:19+00:00\",\"breadcrumb\":{\"@id\":\"https:\/\/sites.uef.fi\/ifhe-europe2026\/organisers\/#breadcrumb\"},\"inLanguage\":\"en-US\",\"potentialAction\":[{\"@type\":\"ReadAction\",\"target\":[\"https:\/\/sites.uef.fi\/ifhe-europe2026\/organisers\/\"]}]},{\"@type\":\"ImageObject\",\"inLanguage\":\"en-US\",\"@id\":\"https:\/\/sites.uef.fi\/ifhe-europe2026\/organisers\/#primaryimage\",\"url\":\"https:\/\/sites.uef.fi\/ifhe-europe2026\/wp-content\/uploads\/sites\/554\/2026\/01\/UEF-KOTITALOUSKUVA.jpg\",\"contentUrl\":\"https:\/\/sites.uef.fi\/ifhe-europe2026\/wp-content\/uploads\/sites\/554\/2026\/01\/UEF-KOTITALOUSKUVA.jpg\",\"width\":500,\"height\":500},{\"@type\":\"BreadcrumbList\",\"@id\":\"https:\/\/sites.uef.fi\/ifhe-europe2026\/organisers\/#breadcrumb\",\"itemListElement\":[{\"@type\":\"ListItem\",\"position\":1,\"name\":\"Home\",\"item\":\"https:\/\/sites.uef.fi\/ifhe-europe2026\/\"},{\"@type\":\"ListItem\",\"position\":2,\"name\":\"Organisers &#8211; J\u00e4rjest\u00e4j\u00e4t\"}]},{\"@type\":\"WebSite\",\"@id\":\"https:\/\/sites.uef.fi\/ifhe-europe2026\/#website\",\"url\":\"https:\/\/sites.uef.fi\/ifhe-europe2026\/\",\"name\":\"IFHE European Thematic Conference 2026\",\"description\":\"\",\"potentialAction\":[{\"@type\":\"SearchAction\",\"target\":{\"@type\":\"EntryPoint\",\"urlTemplate\":\"https:\/\/sites.uef.fi\/ifhe-europe2026\/?s={search_term_string}\"},\"query-input\":{\"@type\":\"PropertyValueSpecification\",\"valueRequired\":true,\"valueName\":\"search_term_string\"}}],\"inLanguage\":\"en-US\"}]}<\/script>\n<!-- \/ Yoast SEO plugin. -->","yoast_head_json":{"title":"Organisers - J\u00e4rjest\u00e4j\u00e4t - IFHE European Thematic Conference 2026","robots":{"index":"index","follow":"follow","max-snippet":"max-snippet:-1","max-image-preview":"max-image-preview:large","max-video-preview":"max-video-preview:-1"},"canonical":"https:\/\/sites.uef.fi\/ifhe-europe2026\/organisers\/","og_locale":"en_US","og_type":"article","og_title":"Organisers - J\u00e4rjest\u00e4j\u00e4t - IFHE European Thematic Conference 2026","og_description":"Organizing\u00a0Committee\u00a0&#8211; J\u00e4rjestelytoimikunta\u00a0 Conference&nbsp;Assistants&nbsp;&#8211; Konferenssiavustajat&nbsp; Collaborators Joensuun yliopiston tukis\u00e4\u00e4ti\u00f6 Tampereen Talouskoulun s\u00e4\u00e4ti\u00f6 Tieteellisten seurain valtuuskunta","og_url":"https:\/\/sites.uef.fi\/ifhe-europe2026\/organisers\/","og_site_name":"IFHE European Thematic Conference 2026","article_modified_time":"2026-03-23T08:43:19+00:00","og_image":[{"width":500,"height":500,"url":"https:\/\/sites.uef.fi\/ifhe-europe2026\/wp-content\/uploads\/sites\/554\/2026\/01\/UEF-KOTITALOUSKUVA.jpg","type":"image\/jpeg"}],"twitter_card":"summary_large_image","twitter_misc":{"Est. reading time":"2 minutes"},"schema":{"@context":"https:\/\/schema.org","@graph":[{"@type":"WebPage","@id":"https:\/\/sites.uef.fi\/ifhe-europe2026\/organisers\/","url":"https:\/\/sites.uef.fi\/ifhe-europe2026\/organisers\/","name":"Organisers - J\u00e4rjest\u00e4j\u00e4t - IFHE European Thematic Conference 2026","isPartOf":{"@id":"https:\/\/sites.uef.fi\/ifhe-europe2026\/#website"},"primaryImageOfPage":{"@id":"https:\/\/sites.uef.fi\/ifhe-europe2026\/organisers\/#primaryimage"},"image":{"@id":"https:\/\/sites.uef.fi\/ifhe-europe2026\/organisers\/#primaryimage"},"thumbnailUrl":"https:\/\/sites.uef.fi\/ifhe-europe2026\/wp-content\/uploads\/sites\/554\/2026\/01\/UEF-KOTITALOUSKUVA.jpg","datePublished":"2025-06-11T10:18:20+00:00","dateModified":"2026-03-23T08:43:19+00:00","breadcrumb":{"@id":"https:\/\/sites.uef.fi\/ifhe-europe2026\/organisers\/#breadcrumb"},"inLanguage":"en-US","potentialAction":[{"@type":"ReadAction","target":["https:\/\/sites.uef.fi\/ifhe-europe2026\/organisers\/"]}]},{"@type":"ImageObject","inLanguage":"en-US","@id":"https:\/\/sites.uef.fi\/ifhe-europe2026\/organisers\/#primaryimage","url":"https:\/\/sites.uef.fi\/ifhe-europe2026\/wp-content\/uploads\/sites\/554\/2026\/01\/UEF-KOTITALOUSKUVA.jpg","contentUrl":"https:\/\/sites.uef.fi\/ifhe-europe2026\/wp-content\/uploads\/sites\/554\/2026\/01\/UEF-KOTITALOUSKUVA.jpg","width":500,"height":500},{"@type":"BreadcrumbList","@id":"https:\/\/sites.uef.fi\/ifhe-europe2026\/organisers\/#breadcrumb","itemListElement":[{"@type":"ListItem","position":1,"name":"Home","item":"https:\/\/sites.uef.fi\/ifhe-europe2026\/"},{"@type":"ListItem","position":2,"name":"Organisers &#8211; J\u00e4rjest\u00e4j\u00e4t"}]},{"@type":"WebSite","@id":"https:\/\/sites.uef.fi\/ifhe-europe2026\/#website","url":"https:\/\/sites.uef.fi\/ifhe-europe2026\/","name":"IFHE European Thematic Conference 2026","description":"","potentialAction":[{"@type":"SearchAction","target":{"@type":"EntryPoint","urlTemplate":"https:\/\/sites.uef.fi\/ifhe-europe2026\/?s={search_term_string}"},"query-input":{"@type":"PropertyValueSpecification","valueRequired":true,"valueName":"search_term_string"}}],"inLanguage":"en-US"}]}},"_links":{"self":[{"href":"https:\/\/sites.uef.fi\/ifhe-europe2026\/wp-json\/wp\/v2\/pages\/95","targetHints":{"allow":["GET"]}}],"collection":[{"href":"https:\/\/sites.uef.fi\/ifhe-europe2026\/wp-json\/wp\/v2\/pages"}],"about":[{"href":"https:\/\/sites.uef.fi\/ifhe-europe2026\/wp-json\/wp\/v2\/types\/page"}],"author":[{"embeddable":true,"href":"https:\/\/sites.uef.fi\/ifhe-europe2026\/wp-json\/wp\/v2\/users\/1180"}],"replies":[{"embeddable":true,"href":"https:\/\/sites.uef.fi\/ifhe-europe2026\/wp-json\/wp\/v2\/comments?post=95"}],"version-history":[{"count":1,"href":"https:\/\/sites.uef.fi\/ifhe-europe2026\/wp-json\/wp\/v2\/pages\/95\/revisions"}],"predecessor-version":[{"id":287,"href":"https:\/\/sites.uef.fi\/ifhe-europe2026\/wp-json\/wp\/v2\/pages\/95\/revisions\/287"}],"wp:attachment":[{"href":"https:\/\/sites.uef.fi\/ifhe-europe2026\/wp-json\/wp\/v2\/media?parent=95"}],"curies":[{"name":"wp","href":"https:\/\/api.w.org\/{rel}","templated":true}]}}