{"id":72,"date":"2020-06-25T16:05:47","date_gmt":"2020-06-25T13:05:47","guid":{"rendered":"https:\/\/sites.uef.fi\/int\/?page_id=72"},"modified":"2025-05-27T14:58:01","modified_gmt":"2025-05-27T11:58:01","slug":"people","status":"publish","type":"page","link":"https:\/\/sites.uef.fi\/int\/people\/","title":{"rendered":"People"},"content":{"rendered":"<div class=\"container\">\n<div class=\"row-fluid\">\n<div class=\"span10 phonebook-text\">\n<div class=\"row\">\n<div class=\"span12\">\n<table style=\"height: 1015px\" border=\"0\" width=\"576\">\n<tbody>\n<tr>\n<td><img loading=\"lazy\" decoding=\"async\" class=\"alignnone size-full wp-image-284\" src=\"https:\/\/sites.uef.fi\/int\/wp-content\/uploads\/sites\/136\/2020\/08\/Roman_Bednarik.jpg\" alt=\"\" width=\"100\" height=\"130\" \/><\/td>\n<td><\/td>\n<td valign=\"top\">\n<div class=\"span10 phonebook-text\">\n<div class=\"row\">\n<div><\/div>\n<div class=\"span12 phonebook-text-bold\"><a href=\"https:\/\/uefconnect.uef.fi\/henkilo\/roman.bednarik\/\"><strong>Roman Bednarik<\/strong><\/a>, Professor<\/div>\n<\/div>\n<div class=\"row\">\n<div class=\"span12\">roman.bednarik [at] uef.fi, +358 41 430 6116<\/div>\n<\/div>\n<div class=\"row\">\n<div class=\"span12\">Human-computer interaction, eye-tracking, medical computing, intelligent user interfaces, educational technology, computing education<\/div>\n<div class=\"span12\"><a href=\"https:\/\/scholar.google.fi\/citations?user=5N7qd3AAAAAJ&amp;hl=fi\">Google Scholar, <\/a><a href=\"https:\/\/wiivi.uef.fi\/crisyp\/disp\/_\/fi\/cr_redir_all\/fet\/fet\/sea?direction=3&amp;id=2701691\">SoleCRIS publication database, <\/a><a href=\"http:\/\/cs.uef.fi\/~rbednari\/\">Webpage<\/a><\/div>\n<\/div>\n<\/div>\n<div class=\"row\">\n<div class=\"span12\"><\/div>\n<\/div>\n<\/td>\n<\/tr>\n<tr>\n<td><img loading=\"lazy\" decoding=\"async\" class=\"alignnone wp-image-852\" src=\"https:\/\/sites.uef.fi\/int\/wp-content\/uploads\/sites\/136\/2022\/05\/Matti_crop-300x275.jpeg\" alt=\"\" width=\"100\" height=\"92\" srcset=\"https:\/\/sites.uef.fi\/int\/wp-content\/uploads\/sites\/136\/2022\/05\/Matti_crop-300x275.jpeg 300w, https:\/\/sites.uef.fi\/int\/wp-content\/uploads\/sites\/136\/2022\/05\/Matti_crop-1024x938.jpeg 1024w, https:\/\/sites.uef.fi\/int\/wp-content\/uploads\/sites\/136\/2022\/05\/Matti_crop-768x704.jpeg 768w, https:\/\/sites.uef.fi\/int\/wp-content\/uploads\/sites\/136\/2022\/05\/Matti_crop-1536x1407.jpeg 1536w, https:\/\/sites.uef.fi\/int\/wp-content\/uploads\/sites\/136\/2022\/05\/Matti_crop-2048x1876.jpeg 2048w\" sizes=\"auto, (max-width: 100px) 100vw, 100px\" \/><\/td>\n<td><\/td>\n<td valign=\"top\">\n<div class=\"span10 phonebook-text\">\n<div class=\"row\">\n<div><\/div>\n<div class=\"span12 phonebook-text-bold\"><a href=\"https:\/\/uefconnect.uef.fi\/henkilo\/matti.itkonen\/\"><strong>Matti Itkonen<\/strong><\/a>, Ph.D., Postdoctoral Researcher<\/div>\n<\/div>\n<div class=\"row\">\n<div class=\"span12\">matti.itkonen [at] uef.fi<\/div>\n<\/div>\n<div class=\"row\">\n<div class=\"span12\">Human-machine interaction, behavior modeling, cybernetics, intelligent systems, system architectures, healthcare informatics, bio-signals<\/div>\n<div class=\"span12\"><a href=\"https:\/\/www.linkedin.com\/in\/matti-itkonen-2a151317\/\">LinkedIn<\/a><\/div>\n<\/div>\n<\/div>\n<div class=\"row\">\n<div class=\"span12\"><\/div>\n<\/div>\n<\/td>\n<\/tr>\n<tr>\n<td><img loading=\"lazy\" decoding=\"async\" class=\"alignnone size-full wp-image-281\" src=\"https:\/\/sites.uef.fi\/int\/wp-content\/uploads\/sites\/136\/2020\/08\/Hana_Vrzakova.jpg\" alt=\"\" width=\"100\" height=\"130\" \/><\/td>\n<td><\/td>\n<td valign=\"top\">\n<div class=\"span10 phonebook-text\">\n<div class=\"row\">\n<div><\/div>\n<div class=\"span12 phonebook-text-bold\"><a href=\"https:\/\/uefconnect.uef.fi\/henkilo\/hana.vrzakova\/\"><strong>Hana Vrzakova<\/strong><\/a>, Ph.D., Doc.,Postdoctoral Researcher<\/div>\n<\/div>\n<div class=\"row\">\n<div class=\"span12\">hana.vrzakova [at] uef.fi<\/div>\n<\/div>\n<div class=\"row\">\n<div class=\"span12\">Interpersonal Synchrony and Coordination, CSCW, Multimodal Modeling, Expertise<\/div>\n<div class=\"span12\"><a href=\"https:\/\/scholar.google.com\/citations?user=hbnCHi4AAAAJ&amp;hl=en\">GoogleScholar<\/a>, <a href=\"https:\/\/orcid.org\/0000-0002-5624-8588\">ORCID<\/a>, <a href=\"https:\/\/www.linkedin.com\/in\/hana-vrzakova-2b079566\/\">LinkedIn<\/a><\/div>\n<\/div>\n<\/div>\n<div class=\"row\">\n<div class=\"span12\"><\/div>\n<\/div>\n<\/td>\n<\/tr>\n<p><!-- --><\/p>\n<tr>\n<td><img loading=\"lazy\" decoding=\"async\" class=\"alignnone wp-image-494\" src=\"https:\/\/sites.uef.fi\/int\/wp-content\/uploads\/sites\/136\/2021\/04\/SkySami-287x300.jpg\" alt=\"\" width=\"100\" height=\"110\" \/><\/td>\n<td><\/td>\n<td valign=\"top\">\n<div class=\"span10 phonebook-text\">\n<div class=\"row\">\n<div><\/div>\n<div class=\"span12 phonebook-text-bold\"><strong><a href=\"https:\/\/uefconnect.uef.fi\/henkilo\/sami.andberg\/\">Sami Andberg<\/a><\/strong>, MSc., Doctoral Researcher<\/div>\n<\/div>\n<div class=\"row\">\n<div class=\"span12\">sami.andberg [at] uef.fi<\/div>\n<\/div>\n<div class=\"row\">\n<div class=\"span12\">Eye-Tracking, Educational Technology, Dementia Diagnosis, Health Informatics<\/div>\n<div class=\"span12\"><a href=\"https:\/\/scholar.google.com\/citations?user=H0_ThGIAAAAJ\">Google Scholar,<\/a> <a href=\"https:\/\/www.researchgate.net\/profile\/Sami-Andberg\">ResearchGate<\/a>, <a href=\"https:\/\/orcid.org\/0000-0002-5650-3964\">ORCID<\/a>, <a href=\"https:\/\/www.linkedin.com\/in\/samiandberg\">LinkedIn<\/a><\/div>\n<\/div>\n<\/div>\n<div class=\"row\">\n<div class=\"span12\"><\/div>\n<\/div>\n<\/td>\n<\/tr>\n<tr>\n<td><img loading=\"lazy\" decoding=\"async\" class=\"alignnone wp-image-855\" src=\"https:\/\/sites.uef.fi\/int\/wp-content\/uploads\/sites\/136\/2022\/05\/Niko_crop-294x300.jpg\" alt=\"\" width=\"100\" height=\"102\" srcset=\"https:\/\/sites.uef.fi\/int\/wp-content\/uploads\/sites\/136\/2022\/05\/Niko_crop-294x300.jpg 294w, https:\/\/sites.uef.fi\/int\/wp-content\/uploads\/sites\/136\/2022\/05\/Niko_crop-1004x1024.jpg 1004w, https:\/\/sites.uef.fi\/int\/wp-content\/uploads\/sites\/136\/2022\/05\/Niko_crop-768x783.jpg 768w, https:\/\/sites.uef.fi\/int\/wp-content\/uploads\/sites\/136\/2022\/05\/Niko_crop-1506x1536.jpg 1506w, https:\/\/sites.uef.fi\/int\/wp-content\/uploads\/sites\/136\/2022\/05\/Niko_crop-2009x2048.jpg 2009w\" sizes=\"auto, (max-width: 100px) 100vw, 100px\" \/><\/td>\n<td><\/td>\n<td valign=\"top\">\n<div class=\"span10 phonebook-text\">\n<div class=\"row\">\n<div><\/div>\n<div class=\"span12 phonebook-text-bold\"><a href=\"https:\/\/uefconnect.uef.fi\/henkilo\/niko.lappalainen\/\"><strong>Niko Lappalainen<\/strong><\/a>, MSc., Lab Technician<\/div>\n<\/div>\n<div class=\"row\">\n<div class=\"span12\">niko.lappalainen [at] uef.fi<\/div>\n<\/div>\n<div class=\"row\">\n<div class=\"span12\">Machine Learning, Deep Learning, Digital Signal Processing, Human-Computer Interaction, Surgical Tool Tracking<\/div>\n<div class=\"span12\"><a href=\"https:\/\/www.linkedin.com\/in\/lappalainen-niko\/\">LinkedIn<\/a><\/div>\n<\/div>\n<\/div>\n<div class=\"row\">\n<div class=\"span12\"><\/div>\n<\/div>\n<\/td>\n<\/tr>\n<tr>\n<td><img loading=\"lazy\" decoding=\"async\" class=\"alignnone  wp-image-1467\" src=\"https:\/\/sites.uef.fi\/int\/wp-content\/uploads\/sites\/136\/2025\/04\/1-255x300.png\" alt=\"\" width=\"74\" height=\"87\" srcset=\"https:\/\/sites.uef.fi\/int\/wp-content\/uploads\/sites\/136\/2025\/04\/1-255x300.png 255w, https:\/\/sites.uef.fi\/int\/wp-content\/uploads\/sites\/136\/2025\/04\/1-768x903.png 768w, https:\/\/sites.uef.fi\/int\/wp-content\/uploads\/sites\/136\/2025\/04\/1.png 774w\" sizes=\"auto, (max-width: 74px) 100vw, 74px\" \/><\/td>\n<td><\/td>\n<td valign=\"top\">\n<div class=\"span10 phonebook-text\">\n<div><\/div>\n<div class=\"row\"><strong><a style=\"font-family: inherit;font-size: inherit;font-weight: inherit\" href=\"https:\/\/uefconnect.uef.fi\/en\/hasnain.shah\/\">Hasnain Ali Shah<\/a><\/strong><span style=\"color: initial;font-family: inherit;font-size: inherit;font-weight: inherit\">, Doctoral Researcher<\/span><\/div>\n<\/div>\n<div class=\"row\">\n<div class=\"span12\">\n<div class=\"row\">\n<div class=\"span12\">ali.shah [at] uef.fi<\/div>\n<\/div>\n<div class=\"row\">\n<div class=\"span12\">Computer Vision, Machine Learning, Deep Learning, Health Informatics, Generative AI<\/div>\n<div class=\"span12\"><a href=\"https:\/\/scholar.google.com\/citations?user=_9AYnVYAAAAJ&amp;hl=en\">Google Scholar<\/a>, <a href=\"https:\/\/www.linkedin.com\/in\/hasnainalishah\/\">LinkedIn<\/a>, <a href=\"https:\/\/www.researchgate.net\/profile\/Hasnain-Shah-3?ev=hdr_xprf\">ResearchGate<\/a><\/div>\n<div><\/div>\n<\/div>\n<\/div>\n<\/div>\n<\/td>\n<\/tr>\n<tr>\n<td><img class=\"alignnone wp-image-855\" alt=\"\" width=\"100\" height=\"102\" \/><\/td>\n<td><\/td>\n<td valign=\"top\">\n<div class=\"span10 phonebook-text\">\n<div><\/div>\n<div class=\"row\"><a style=\"font-family: inherit;font-size: inherit;font-weight: inherit\" href=\"https:\/\/uefconnect.uef.fi\/henkilo\/salman.khalil\/\"><strong>Salman Khalil<\/strong><\/a><span style=\"font-family: inherit;font-size: inherit;font-weight: inherit;color: initial\">, Doctoral Researcher<\/span><\/div>\n<\/div>\n<div class=\"row\">\n<div class=\"span12\">\n<div class=\"span10 phonebook-text\">\n<div class=\"row\">\n<div class=\"span12\">salman.khalil [at] uef.fi<\/div>\n<div class=\"span12\"><span style=\"font-family: inherit;font-size: inherit;font-weight: inherit;color: initial\">DL &amp; ML, AI for Healthcare, Image Guided Surgeries, Eye Tracking<\/span><\/div>\n<\/div>\n<div class=\"row\">\n<div class=\"span12\"><a href=\"https:\/\/www.linkedin.com\/in\/salmankhalil908\/\">LinkedIn<\/a><\/div>\n<\/div>\n<\/div>\n<div class=\"row\">\n<div class=\"span12\"><\/div>\n<\/div>\n<\/div>\n<\/div>\n<\/td>\n<\/tr>\n<tr>\n<td><img class=\"alignnone wp-image-855\" alt=\"\" width=\"100\" height=\"102\" \/><\/td>\n<td><\/td>\n<td valign=\"top\">\n<div class=\"span10 phonebook-text\">\n<div><\/div>\n<div class=\"row\"><span style=\"color: initial;font-family: inherit;font-size: inherit;font-weight: inherit\">Moahmmad Hossein Salari, MSc.,Doctoral Researcher<\/span><\/div>\n<\/div>\n<div class=\"row\">\n<div class=\"span12\">\n<div class=\"row\">\n<div class=\"span12\">EMAIL<\/div>\n<\/div>\n<div class=\"row\">\n<div class=\"span12\">TBD<\/div>\n<div class=\"span12\">LinkedIn<\/div>\n<div><\/div>\n<\/div>\n<\/div>\n<\/div>\n<\/td>\n<\/tr>\n<tr>\n<td><img class=\"alignnone wp-image-855\" alt=\"\" width=\"100\" height=\"102\" \/><\/td>\n<td><\/td>\n<td valign=\"top\">\n<div class=\"span10 phonebook-text\">\n<div><\/div>\n<div class=\"row\"><span style=\"font-family: inherit;font-size: inherit;font-weight: inherit;color: initial\">Rasha S. Moustafa, MD, Doctoral Researcher<\/span><\/div>\n<div class=\"row\">\n<div class=\"span12\">\n<div class=\"row\">\n<div class=\"span12 phonebook-text-bold\">\n<div class=\"row\">\n<div class=\"span12\">EMAIL<\/div>\n<\/div>\n<div class=\"row\">\n<div class=\"span12\">TBD<\/div>\n<div class=\"span12\">LinkedIn<\/div>\n<\/div>\n<\/div>\n<\/div>\n<\/div>\n<\/div>\n<\/div>\n<div class=\"row\">\n<div class=\"span12\"><\/div>\n<\/div>\n<\/td>\n<\/tr>\n<tr>\n<td width=\"14%\"><img loading=\"lazy\" decoding=\"async\" class=\"alignnone wp-image-278 size-full\" src=\"https:\/\/sites.uef.fi\/int\/wp-content\/uploads\/sites\/136\/2020\/08\/Markku_Tukiainen.jpg\" alt=\"\" width=\"100\" height=\"130\" \/><\/td>\n<td width=\"1%\"><\/td>\n<td valign=\"top\">\n<div class=\"span10 phonebook-text\">\n<div class=\"row\">\n<div><\/div>\n<div class=\"span12 phonebook-text-bold\"><a href=\"https:\/\/uefconnect.uef.fi\/henkilo\/markku.tukiainen\/\"><strong>Markku Tukiainen<\/strong><\/a>, Professor, co-founder of Interactive Technologies research group<\/div>\n<\/div>\n<div class=\"row\">\n<div class=\"span12\">markku.tukiainen [at] uef.fi, +358 504411 508, Joensuu Tiedepuisto B333<\/div>\n<\/div>\n<div class=\"row\">\n<div class=\"span12\">Interactive technologies, ICT4D, computing education<\/div>\n<div class=\"span12\"><a href=\"https:\/\/scholar.google.fi\/citations?user=U1qDp1IAAAAJ&amp;hl=fi\">Google Scholar, <\/a><a href=\"https:\/\/wiivi.uef.fi\/crisyp\/disp\/_\/en\/cr_redir_all\/fet\/fet\/sea?direction=3&amp;id=2699821\">SoleCRIS publication database, <\/a><a href=\"http:\/\/www.cs.uef.fi\/~mtuki\/\">Webpage<\/a><\/div>\n<\/div>\n<\/div>\n<\/td>\n<\/tr>\n<\/tbody>\n<\/table>\n<h2><\/h2>\n<h2>Associates<\/h2>\n<table border=\"0\" cellspacing=\"1\" cellpadding=\"1\">\n<tbody>\n<tr>\n<td>Can Buldu<\/td>\n<td>MSc. Thesis: Listening effort (ENT Department, Kuopio University Hospital)<\/td>\n<\/tr>\n<tr>\n<td>Artemis Georgopoulou (IMLEX)<\/td>\n<td>MSc. Thesis: Eye tracking and object recognition in indoor climbing<\/td>\n<\/tr>\n<\/tbody>\n<\/table>\n<h2><\/h2>\n<h2>Alumni<\/h2>\n<table border=\"0\" cellspacing=\"1\" cellpadding=\"1\">\n<tbody>\n<tr>\n<td>Jani Koskinen<\/td>\n<td>PhD, graduated 2022<\/td>\n<\/tr>\n<tr>\n<td>Yu-Chun Liu<\/td>\n<td>Intern<\/td>\n<\/tr>\n<tr>\n<td>Ahreum Lee<\/td>\n<td>Postdoctoral researcher<\/td>\n<\/tr>\n<tr>\n<td>Mastaneh Torkamani-Azar<\/td>\n<td>Postdoctoral researcher<\/td>\n<\/tr>\n<tr>\n<td>Feng Feng<\/td>\n<td>Post-doctoral researcher<\/td>\n<\/tr>\n<tr>\n<td>Cumhur Erkut<\/td>\n<td>Senior researcher<\/td>\n<\/tr>\n<tr>\n<td>Susanne M\u00e4kel\u00e4<\/td>\n<td>Senior researcher<\/td>\n<\/tr>\n<tr>\n<td>Pavel Orlov<\/td>\n<td>PhD, graduated 2016<\/td>\n<\/tr>\n<tr>\n<td>Shahram Eivazi<\/td>\n<td>PhD, graduated 2016<\/td>\n<\/tr>\n<tr>\n<td>Duc Nguyen<\/td>\n<td>MSc, graduated 2017<\/td>\n<\/tr>\n<tr>\n<td>Ehsan Khakifirooz<\/td>\n<td><\/td>\n<\/tr>\n<tr>\n<td>Toni Sanio<\/td>\n<td><\/td>\n<\/tr>\n<tr>\n<td>S\u00e4de Lind<\/td>\n<td><\/td>\n<\/tr>\n<tr>\n<td>Alexandru Gegiuc<\/td>\n<td><\/td>\n<\/tr>\n<tr>\n<td>Viet Nguyen Tuan<\/td>\n<td><\/td>\n<\/tr>\n<tr>\n<td>Chung Dao Thanh<\/td>\n<td><\/td>\n<\/tr>\n<tr>\n<td>Andrey Shipilov<\/td>\n<td><\/td>\n<\/tr>\n<tr>\n<td>Petr Viktorin<\/td>\n<td><\/td>\n<\/tr>\n<tr>\n<td>Aapi H\u00e4m\u00e4l\u00e4inen<\/td>\n<td><\/td>\n<\/tr>\n<tr>\n<td>Tomi Fredrikson<\/td>\n<td><\/td>\n<\/tr>\n<tr>\n<td>Janne Krohns<\/td>\n<td><\/td>\n<\/tr>\n<tr>\n<td>Jyri Ker\u00e4nen<\/td>\n<td><\/td>\n<\/tr>\n<tr>\n<td>Marko Kauppinen<\/td>\n<td><\/td>\n<\/tr>\n<tr>\n<td>Matthew Bond<\/td>\n<td><\/td>\n<\/tr>\n<tr>\n<td>Minnamari Naumanen<\/td>\n<td><\/td>\n<\/tr>\n<tr>\n<td>Mitwa Kaemba<\/td>\n<td><\/td>\n<\/tr>\n<tr>\n<td>Monika Zych-Laine<\/td>\n<td><\/td>\n<\/tr>\n<tr>\n<td>Muhammad Salman Ali Khan<\/td>\n<td><\/td>\n<\/tr>\n<tr>\n<td>Pekka Korhonen<\/td>\n<td><\/td>\n<\/tr>\n<tr>\n<td>Tero Heiskanen<\/td>\n<td><\/td>\n<\/tr>\n<tr>\n<td>Victor Gonzalo<\/td>\n<td><\/td>\n<\/tr>\n<tr>\n<td>Juan Manuel Guilon<\/td>\n<td><\/td>\n<\/tr>\n<\/tbody>\n<\/table>\n<\/div>\n<\/div>\n<\/div>\n<\/div>\n<\/div>\n","protected":false},"excerpt":{"rendered":"<p>Roman Bednarik, Professor roman.bednarik [at] uef.fi, +358 41 430 6116 Human-computer interaction, eye-tracking, medical computing, intelligent user interfaces, educational technology, computing education Google Scholar, SoleCRIS publication database, Webpage Matti Itkonen, Ph.D., Postdoctoral Researcher matti.itkonen [at] uef.fi Human-machine interaction, behavior modeling, cybernetics, intelligent systems, system architectures, healthcare informatics, bio-signals LinkedIn Hana Vrzakova, Ph.D., Doc.,Postdoctoral Researcher hana.vrzakova [&hellip;]<\/p>\n","protected":false},"author":24,"featured_media":0,"parent":0,"menu_order":0,"comment_status":"closed","ping_status":"closed","template":"","meta":{"_acf_changed":false,"_monsterinsights_skip_tracking":false,"_monsterinsights_sitenote_active":false,"_monsterinsights_sitenote_note":"","_monsterinsights_sitenote_category":0,"footnotes":""},"class_list":["post-72","page","type-page","status-publish","hentry"],"acf":[],"yoast_head":"<!-- This site is optimized with the Yoast SEO plugin v27.1.1 - https:\/\/yoast.com\/product\/yoast-seo-wordpress\/ -->\n<title>People - Interactive Technologies<\/title>\n<meta name=\"robots\" content=\"index, follow, max-snippet:-1, max-image-preview:large, max-video-preview:-1\" \/>\n<link rel=\"canonical\" href=\"https:\/\/sites.uef.fi\/int\/people\/\" \/>\n<meta property=\"og:locale\" content=\"en_US\" \/>\n<meta property=\"og:type\" content=\"article\" \/>\n<meta property=\"og:title\" content=\"People - Interactive Technologies\" \/>\n<meta property=\"og:description\" content=\"Roman Bednarik, Professor roman.bednarik [at] uef.fi, +358 41 430 6116 Human-computer interaction, eye-tracking, medical computing, intelligent user interfaces, educational technology, computing education Google Scholar, SoleCRIS publication database, Webpage Matti Itkonen, Ph.D., Postdoctoral Researcher matti.itkonen [at] uef.fi Human-machine interaction, behavior modeling, cybernetics, intelligent systems, system architectures, healthcare informatics, bio-signals LinkedIn Hana Vrzakova, Ph.D., Doc.,Postdoctoral Researcher hana.vrzakova [&hellip;]\" \/>\n<meta property=\"og:url\" content=\"https:\/\/sites.uef.fi\/int\/people\/\" \/>\n<meta property=\"og:site_name\" content=\"Interactive Technologies\" \/>\n<meta property=\"article:modified_time\" content=\"2025-05-27T11:58:01+00:00\" \/>\n<meta property=\"og:image\" content=\"https:\/\/sites.uef.fi\/int\/wp-content\/uploads\/sites\/136\/2020\/08\/Roman_Bednarik.jpg\" \/>\n\t<meta property=\"og:image:width\" content=\"100\" \/>\n\t<meta property=\"og:image:height\" content=\"130\" \/>\n\t<meta property=\"og:image:type\" content=\"image\/jpeg\" \/>\n<meta name=\"twitter:card\" content=\"summary_large_image\" \/>\n<meta name=\"twitter:label1\" content=\"Est. reading time\" \/>\n\t<meta name=\"twitter:data1\" content=\"4 minutes\" \/>\n<script type=\"application\/ld+json\" class=\"yoast-schema-graph\">{\"@context\":\"https:\/\/schema.org\",\"@graph\":[{\"@type\":\"WebPage\",\"@id\":\"https:\/\/sites.uef.fi\/int\/people\/\",\"url\":\"https:\/\/sites.uef.fi\/int\/people\/\",\"name\":\"People - Interactive Technologies\",\"isPartOf\":{\"@id\":\"https:\/\/sites.uef.fi\/int\/#website\"},\"primaryImageOfPage\":{\"@id\":\"https:\/\/sites.uef.fi\/int\/people\/#primaryimage\"},\"image\":{\"@id\":\"https:\/\/sites.uef.fi\/int\/people\/#primaryimage\"},\"thumbnailUrl\":\"https:\/\/sites.uef.fi\/int\/wp-content\/uploads\/sites\/136\/2020\/08\/Roman_Bednarik.jpg\",\"datePublished\":\"2020-06-25T13:05:47+00:00\",\"dateModified\":\"2025-05-27T11:58:01+00:00\",\"breadcrumb\":{\"@id\":\"https:\/\/sites.uef.fi\/int\/people\/#breadcrumb\"},\"inLanguage\":\"en-US\",\"potentialAction\":[{\"@type\":\"ReadAction\",\"target\":[\"https:\/\/sites.uef.fi\/int\/people\/\"]}]},{\"@type\":\"ImageObject\",\"inLanguage\":\"en-US\",\"@id\":\"https:\/\/sites.uef.fi\/int\/people\/#primaryimage\",\"url\":\"https:\/\/sites.uef.fi\/int\/wp-content\/uploads\/sites\/136\/2020\/08\/Roman_Bednarik.jpg\",\"contentUrl\":\"https:\/\/sites.uef.fi\/int\/wp-content\/uploads\/sites\/136\/2020\/08\/Roman_Bednarik.jpg\",\"width\":100,\"height\":130},{\"@type\":\"BreadcrumbList\",\"@id\":\"https:\/\/sites.uef.fi\/int\/people\/#breadcrumb\",\"itemListElement\":[{\"@type\":\"ListItem\",\"position\":1,\"name\":\"Home\",\"item\":\"https:\/\/sites.uef.fi\/int\/\"},{\"@type\":\"ListItem\",\"position\":2,\"name\":\"People\"}]},{\"@type\":\"WebSite\",\"@id\":\"https:\/\/sites.uef.fi\/int\/#website\",\"url\":\"https:\/\/sites.uef.fi\/int\/\",\"name\":\"Interactive Technologies\",\"description\":\"\",\"potentialAction\":[{\"@type\":\"SearchAction\",\"target\":{\"@type\":\"EntryPoint\",\"urlTemplate\":\"https:\/\/sites.uef.fi\/int\/?s={search_term_string}\"},\"query-input\":{\"@type\":\"PropertyValueSpecification\",\"valueRequired\":true,\"valueName\":\"search_term_string\"}}],\"inLanguage\":\"en-US\"}]}<\/script>\n<!-- \/ Yoast SEO plugin. -->","yoast_head_json":{"title":"People - Interactive Technologies","robots":{"index":"index","follow":"follow","max-snippet":"max-snippet:-1","max-image-preview":"max-image-preview:large","max-video-preview":"max-video-preview:-1"},"canonical":"https:\/\/sites.uef.fi\/int\/people\/","og_locale":"en_US","og_type":"article","og_title":"People - Interactive Technologies","og_description":"Roman Bednarik, Professor roman.bednarik [at] uef.fi, +358 41 430 6116 Human-computer interaction, eye-tracking, medical computing, intelligent user interfaces, educational technology, computing education Google Scholar, SoleCRIS publication database, Webpage Matti Itkonen, Ph.D., Postdoctoral Researcher matti.itkonen [at] uef.fi Human-machine interaction, behavior modeling, cybernetics, intelligent systems, system architectures, healthcare informatics, bio-signals LinkedIn Hana Vrzakova, Ph.D., Doc.,Postdoctoral Researcher hana.vrzakova [&hellip;]","og_url":"https:\/\/sites.uef.fi\/int\/people\/","og_site_name":"Interactive Technologies","article_modified_time":"2025-05-27T11:58:01+00:00","og_image":[{"width":100,"height":130,"url":"https:\/\/sites.uef.fi\/int\/wp-content\/uploads\/sites\/136\/2020\/08\/Roman_Bednarik.jpg","type":"image\/jpeg"}],"twitter_card":"summary_large_image","twitter_misc":{"Est. reading time":"4 minutes"},"schema":{"@context":"https:\/\/schema.org","@graph":[{"@type":"WebPage","@id":"https:\/\/sites.uef.fi\/int\/people\/","url":"https:\/\/sites.uef.fi\/int\/people\/","name":"People - Interactive Technologies","isPartOf":{"@id":"https:\/\/sites.uef.fi\/int\/#website"},"primaryImageOfPage":{"@id":"https:\/\/sites.uef.fi\/int\/people\/#primaryimage"},"image":{"@id":"https:\/\/sites.uef.fi\/int\/people\/#primaryimage"},"thumbnailUrl":"https:\/\/sites.uef.fi\/int\/wp-content\/uploads\/sites\/136\/2020\/08\/Roman_Bednarik.jpg","datePublished":"2020-06-25T13:05:47+00:00","dateModified":"2025-05-27T11:58:01+00:00","breadcrumb":{"@id":"https:\/\/sites.uef.fi\/int\/people\/#breadcrumb"},"inLanguage":"en-US","potentialAction":[{"@type":"ReadAction","target":["https:\/\/sites.uef.fi\/int\/people\/"]}]},{"@type":"ImageObject","inLanguage":"en-US","@id":"https:\/\/sites.uef.fi\/int\/people\/#primaryimage","url":"https:\/\/sites.uef.fi\/int\/wp-content\/uploads\/sites\/136\/2020\/08\/Roman_Bednarik.jpg","contentUrl":"https:\/\/sites.uef.fi\/int\/wp-content\/uploads\/sites\/136\/2020\/08\/Roman_Bednarik.jpg","width":100,"height":130},{"@type":"BreadcrumbList","@id":"https:\/\/sites.uef.fi\/int\/people\/#breadcrumb","itemListElement":[{"@type":"ListItem","position":1,"name":"Home","item":"https:\/\/sites.uef.fi\/int\/"},{"@type":"ListItem","position":2,"name":"People"}]},{"@type":"WebSite","@id":"https:\/\/sites.uef.fi\/int\/#website","url":"https:\/\/sites.uef.fi\/int\/","name":"Interactive Technologies","description":"","potentialAction":[{"@type":"SearchAction","target":{"@type":"EntryPoint","urlTemplate":"https:\/\/sites.uef.fi\/int\/?s={search_term_string}"},"query-input":{"@type":"PropertyValueSpecification","valueRequired":true,"valueName":"search_term_string"}}],"inLanguage":"en-US"}]}},"_links":{"self":[{"href":"https:\/\/sites.uef.fi\/int\/wp-json\/wp\/v2\/pages\/72","targetHints":{"allow":["GET"]}}],"collection":[{"href":"https:\/\/sites.uef.fi\/int\/wp-json\/wp\/v2\/pages"}],"about":[{"href":"https:\/\/sites.uef.fi\/int\/wp-json\/wp\/v2\/types\/page"}],"author":[{"embeddable":true,"href":"https:\/\/sites.uef.fi\/int\/wp-json\/wp\/v2\/users\/24"}],"replies":[{"embeddable":true,"href":"https:\/\/sites.uef.fi\/int\/wp-json\/wp\/v2\/comments?post=72"}],"version-history":[{"count":2,"href":"https:\/\/sites.uef.fi\/int\/wp-json\/wp\/v2\/pages\/72\/revisions"}],"predecessor-version":[{"id":1478,"href":"https:\/\/sites.uef.fi\/int\/wp-json\/wp\/v2\/pages\/72\/revisions\/1478"}],"wp:attachment":[{"href":"https:\/\/sites.uef.fi\/int\/wp-json\/wp\/v2\/media?parent=72"}],"curies":[{"name":"wp","href":"https:\/\/api.w.org\/{rel}","templated":true}]}}